{"id":9975,"date":"2018-12-14T12:29:20","date_gmt":"2018-12-14T11:29:20","guid":{"rendered":"https:\/\/www.sonnenklar.tv\/blog\/?page_id=9975"},"modified":"2025-12-12T16:00:20","modified_gmt":"2025-12-12T15:00:20","slug":"vital-hotel-bedeutung","status":"publish","type":"page","link":"https:\/\/www.sonnenklar.tv\/blog\/reiselexikon\/vital-hotel-bedeutung\/","title":{"rendered":"Was ist ein Vital Hotel?"},"content":{"rendered":"\n<p><strong>Hinter der Bezeichnung Vital Hotel verbirgt sich in der Regel ein Hotel, welches G\u00e4sten einen gro\u00dfz\u00fcgigen Wellnessbereich oder eine hauseigene <a href=\"https:\/\/www.sonnenklar.tv\/blog\/reiselexikon\/was-bedeutet-spa\/\" target=\"_blank\" rel=\"noopener\">SPA<\/a>-Anlage bietet und ein fein abgestimmtes Designkonzept im gesamten Haus umgesetzt hat. In vielen F\u00e4llen steht diese Bezeichnung au\u00dferdem in Verbindung mit einem Hotelkonzept, welches sich an so genannte Best Ager richtet. Die Bezeichnung Best Ager beschreibt eine Personengruppe im Alter von 55 Jahren und mehr, die aktiv am Leben teilnehmen und durch ihre gesammelten Erfahrungen konkrete Anspr\u00fcche an Hotels als \u00dcbernachtungsbetrieb haben.<\/strong><\/p>\n\n\n\n<hr class=\"wp-block-separator has-css-opacity\"\/>\n\n\n\n<p><strong>Inhaltsverzeichnis<\/strong><\/p>\n\n\n\n<ul class=\"wp-block-list\">\n<li><a href=\"#typisch-vital-hotel\">Was ist typisch f\u00fcr ein Vital Hotel?<\/a><\/li>\n\n\n\n<li><a href=\"#vital-hotel-vorteile\">Welche Vorteile hat ein Vital Hotel?<\/a><\/li>\n\n\n\n<li><a href=\"#vital-hotel-fuer-wen-geeignet\">F\u00fcr wen ist ein Vital Hotel geeignet?<\/a><\/li>\n\n\n\n<li><a href=\"#vital-hotel-tipps\">Tipps f\u00fcr die Buchung eines Vital Hotels<\/a><\/li>\n<\/ul>\n\n\n\n<hr class=\"wp-block-separator has-css-opacity\"\/>\n\n\n\n<h2 class=\"wp-block-heading\"><a name=\"typisch-vital-hotel\"><\/a>Was ist typisch f\u00fcr ein Vital Hotel?<\/h2>\n\n\n\n<p>Wenn ihr euren Urlaub in einem Vital Hotel verbringen m\u00f6chtet, findet ihr vor Ort in der Regel einen <strong>eigenen Wellnessbereich<\/strong> oder erhaltet als Hotelg\u00e4ste Zugang zu einer nahegelegenen Wellness-Einrichtung. Wie gro\u00df und umfangreich dieser Wellnessbereich ist, unterscheidet sich von Haus zu Haus. Meistens k\u00f6nnt ihr vor Ort jedoch einen Pool oder ein Schwimmbecken nutzen, in der Sauna entspannen und in einigen F\u00e4llen kosmetische Anwendungen in Anspruch nehmen.<\/p>\n\n\n\n<p>Neben diesem <strong>Ort zum Entspannen und Erholen<\/strong> bieten viele Vital Hotels im hauseigenen Restaurant ebenfalls besondere Speisen f\u00fcr den gehobenen Anspruch und das Streben nach einem genussvollen und trotzdem gesunden Lebensstil. Vital Hotels befinden sich meistens mitten in der Natur und sind besonders bei <strong>Aktivurlaubern<\/strong> beliebt. Hier haben die Besucher oft eine gro\u00dfe Auswahl an Sportangeboten, wie Wandern, Nordic Walking, Wassersport, Yoga und vieles mehr.<\/p>\n\n\n\n<h2 class=\"wp-block-heading\"><a name=\"vital-hotel-vorteile\"><\/a>Welche Vorteile hat ein Vital Hotel?<\/h2>\n\n\n\n<p>Zu den wichtigen Vorteilen eines Vital Hotels geh\u00f6rt die Ausrichtung auf ein Konzept, welches die hohen Anspr\u00fcche der Reisenden erf\u00fcllt und dabei sowohl <strong>Komfort<\/strong> als auch <strong>Barrierefreiheit<\/strong> bietet. Die Einrichtung der Hotelzimmer soll einerseits ein stimmiges und ansprechendes Design haben, andererseits jedoch bei der Nutzung <strong>maximalen Komfort<\/strong> und keine Einschr\u00e4nkungen f\u00fcr die Hotelg\u00e4ste bieten.&nbsp;Der Vorteil dieses Hotelkonzepts f\u00fcr euch als Reisende liegt klar auf der Hand: Ihr habt auf vielf\u00e4ltige Weise Gelegenheit, in eurem Urlaubs zu entspannen und etwas f\u00fcr das eigene <strong>Wohlbefinden und Fitness<\/strong> zu tun.<\/p>\n\n\n\n<figure class=\"wp-block-image size-full\"><a href=\"https:\/\/www.sonnenklar.tv\/blog\/wp-content\/uploads\/2025\/03\/GettyImages-1310663844.jpg\"><img fetchpriority=\"high\" decoding=\"async\" width=\"880\" height=\"450\" src=\"https:\/\/www.sonnenklar.tv\/blog\/wp-content\/uploads\/2025\/03\/GettyImages-1310663844.jpg\" alt=\"Vital Hotel Bedeutung: Frau liegt im Pool in Vogelperspektive\" class=\"wp-image-34769\" srcset=\"https:\/\/www.sonnenklar.tv\/blog\/wp-content\/uploads\/2025\/03\/GettyImages-1310663844.jpg 880w, https:\/\/www.sonnenklar.tv\/blog\/wp-content\/uploads\/2025\/03\/GettyImages-1310663844-800x409.jpg 800w, https:\/\/www.sonnenklar.tv\/blog\/wp-content\/uploads\/2025\/03\/GettyImages-1310663844-18x9.jpg 18w, https:\/\/www.sonnenklar.tv\/blog\/wp-content\/uploads\/2025\/03\/GettyImages-1310663844-120x61.jpg 120w, https:\/\/www.sonnenklar.tv\/blog\/wp-content\/uploads\/2025\/03\/GettyImages-1310663844-90x46.jpg 90w, https:\/\/www.sonnenklar.tv\/blog\/wp-content\/uploads\/2025\/03\/GettyImages-1310663844-320x164.jpg 320w, https:\/\/www.sonnenklar.tv\/blog\/wp-content\/uploads\/2025\/03\/GettyImages-1310663844-560x286.jpg 560w\" sizes=\"(max-width: 880px) 100vw, 880px\" \/><\/a><figcaption class=\"wp-element-caption\">Was ist ein Vital Hotel?<\/figcaption><\/figure>\n\n\n\n<h2 class=\"wp-block-heading\"><a name=\"vital-hotel-fuer-wen-geeignet\"><\/a>F\u00fcr wen ist ein Vital Hotel geeignet?<\/h2>\n\n\n\n<p>Die speziellen Angebote in einem Vital Hotel sprechen ein breites Publikum an, weshalb sich hier sehr unterschiedliche Urlauber aufhalten. Bei einer barrierefreien Ausrichtung des Hauses bieten sich diese Hotels selbstverst\u00e4ndlich besonders f\u00fcr Personen mit einem Handicap oder einer eingeschr\u00e4nkten Mobilit\u00e4t und ihre Angeh\u00f6rigen an. Durch den meistens vorhandenen Wellnessbereich richtet sich das Hotelkonzept jedoch auch an <strong>Reisende, die Ruhe und Entspannung w\u00e4hrend des Hotelaufenthalts suchen<\/strong>. In einem Vital Hotel treffen Urlauber verschiedenen Alters und mit ganz unterschiedlichen Urlaubsinteressen aufeinander.<\/p>\n\n\n\n<div class=\"wp-block-buttons is-horizontal is-content-justification-center is-layout-flex wp-container-core-buttons-is-layout-499968f5 wp-block-buttons-is-layout-flex\">\n<div class=\"wp-block-button\"><a class=\"wp-block-button__link wp-element-button\" href=\"https:\/\/www.sonnenklar.tv\/promo\/vital-hotels.html\" target=\"_blank\" rel=\"noreferrer noopener\">Vital Hotels &#8211; zu den angeboten<\/a><\/div>\n<\/div>\n\n\n\n<h2 class=\"wp-block-heading\"><a name=\"vital-hotel-tipps\"><\/a>Tipps f\u00fcr die Buchung eines Vital Hotels<\/h2>\n\n\n\n<p>Informiert euch am besten vor der Buchung genau \u00fcber die Angebote der in Frage kommenden Vital Hotels. Da diese Bezeichnung noch <strong>keiner einheitlichen Definition<\/strong> folgt und daher keine Standards definiert sind, k\u00f6nnen sich die konkreten Angebote von Haus zu Haus stark voneinander unterscheiden. Weil viele Reisende ein Wochenende oder ein verl\u00e4ngertes Wochenende in einem Vital Hotel verbringen, ist die Nachfrage zwischen donnerstags und montags besonders stark. <strong>Attraktive Angebote<\/strong> erhaltet ihr hingegen bei einigen Hotels an den <strong>Werktagen<\/strong>, wenn die Nachfrage geringer ist.<\/p>\n\n\n\n<h3 class=\"wp-block-heading\">Mehr zum Thema Unterkunft:<\/h3>\n\n\n\n<p><a href=\"https:\/\/www.sonnenklar.tv\/blog\/reiselexikon\/was-bedeuten-hotelsterne\/\">Hotelsterne<\/a>\u00a0 \u00a0 <a href=\"https:\/\/www.sonnenklar.tv\/blog\/reiselexikon\/hotel-abkuerzungen-bedeutung\/\">Hotelabk\u00fcrzungen<\/a>\u00a0\u00a0\u00a0\u00a0<a href=\"https:\/\/www.sonnenklar.tv\/blog\/reiselexikon\/bed-and-breakfast-bedeutung\/\">Bed &amp; Breakfast<\/a>\u00a0 \u00a0 <a href=\"https:\/\/www.sonnenklar.tv\/blog\/reiselexikon\/bungalow-bedeutung\/\">Bungalow<\/a>\u00a0 \u00a0 <a href=\"https:\/\/www.sonnenklar.tv\/blog\/reiselexikon\/finca-bedeutung\/\">Finca<\/a>\u00a0 \u00a0 <a href=\"https:\/\/www.sonnenklar.tv\/blog\/reiselexikon\/chalet-bedeutung\/\">Chalet<\/a>\u00a0 \u00a0\u00a0<a href=\"https:\/\/www.sonnenklar.tv\/blog\/reiselexikon\/riad-bedeutung\/\">Riad<\/a>\u00a0 \u00a0 <a href=\"https:\/\/www.sonnenklar.tv\/blog\/reiselexikon\/hostel-bedeutung\/\">Hostel<\/a>\u00a0 \u00a0 <a href=\"https:\/\/www.sonnenklar.tv\/blog\/reiselexikon\/erwachsenenhotel-bedeutung\/\">Erwachsenenhotel<\/a>\u00a0 \u00a0 <a href=\"https:\/\/www.sonnenklar.tv\/blog\/reiselexikon\/aparthotel-bedeutung\/\">Aparthotel<\/a>\u00a0 \u00a0 <a href=\"https:\/\/www.sonnenklar.tv\/blog\/reiselexikon\/biohotel-bedeutung\/\">Biohotel<\/a>\u00a0 \u00a0\u00a0<a href=\"https:\/\/www.sonnenklar.tv\/blog\/reiselexikon\/glueckshotel-bedeutung\/\">Gl\u00fcckshotel<\/a>\u00a0 \u00a0 <a href=\"https:\/\/www.sonnenklar.tv\/blog\/reiselexikon\/resort-bedeutung\/\">Resort<\/a>\u00a0 \u00a0 <a href=\"https:\/\/www.sonnenklar.tv\/blog\/reiselexikon\/mobilheim-bedeutung\/\">Mobilheim<\/a>\u00a0 \u00a0 <a href=\"https:\/\/www.sonnenklar.tv\/blog\/reiselexikon\/pension-hotel-bedeutung\/\">Pension<\/a>\u00a0 \u00a0 <a href=\"https:\/\/www.sonnenklar.tv\/blog\/reiselexikon\/hotel-garni-bedeutung\/\">Hotel Garni<\/a>\u00a0 \u00a0\u00a0<a href=\"https:\/\/www.sonnenklar.tv\/blog\/reiselexikon\/doppelzimmer-bedeutung\/\">Doppelzimmer<\/a>\u00a0 \u00a0\u00a0<a href=\"https:\/\/www.sonnenklar.tv\/blog\/reiselexikon\/familienzimmer-bedeutung\/\">Familienzimmer<\/a>\u00a0 \u00a0 <a href=\"https:\/\/www.sonnenklar.tv\/blog\/reiselexikon\/sparzimmer-bedeutung\/\">Sparzimmer<\/a>\u00a0 \u00a0 <a href=\"https:\/\/www.sonnenklar.tv\/blog\/reiselexikon\/boutique-hotel-bedeutung\/\">Boutique Hotel<\/a>\u00a0\u00a0\u00a0 <a href=\"https:\/\/www.sonnenklar.tv\/blog\/reiselexikon\/suite-bedeutung\/\">Suite<\/a>\u00a0 \u00a0 <a href=\"https:\/\/www.sonnenklar.tv\/blog\/reiselexikon\/studio-apartment-bedeutung\/\">Studio Apartment<\/a> \u00a0 \u00a0 <a href=\"https:\/\/www.sonnenklar.tv\/blog\/reiselexikon\/kabine-bedeutung\/\">Kabine<\/a>\u00a0 \u00a0 <a href=\"https:\/\/www.sonnenklar.tv\/blog\/reiselexikon\/superiorzimmer-bedeutung\/\">Superiorzimmer<\/a>\u00a0 \u00a0 <a href=\"https:\/\/www.sonnenklar.tv\/blog\/boardinghouse-bedeutung\/\">Boardinghouse<\/a>\u00a0 \u00a0 <a href=\"https:\/\/www.sonnenklar.tv\/blog\/reiselexikon\/ryokan-bedeutung\/\">Ryokan<\/a><\/p>\n\n\n\n<p><a href=\"https:\/\/www.sonnenklar.tv\/blog\/reiselexikon\/\">&lt;&lt; Zur\u00fcck zum Reiselexikon<\/a><\/p>\n","protected":false},"excerpt":{"rendered":"<p>Hinter der Bezeichnung Vital Hotel verbirgt sich in der Regel ein Hotel, welches G\u00e4sten einen gro\u00dfz\u00fcgigen Wellnessbereich oder eine hauseigene SPA-Anlage bietet und ein fein abgestimmtes Designkonzept im gesamten Haus umgesetzt hat. In vielen F\u00e4llen steht diese Bezeichnung au\u00dferdem in Verbindung mit einem Hotelkonzept, welches sich an so genannte Best Ager richtet. Die Bezeichnung Best<\/p>\n","protected":false},"author":3,"featured_media":0,"parent":6051,"menu_order":0,"comment_status":"closed","ping_status":"closed","template":"","meta":{"footnotes":""},"class_list":["post-9975","page","type-page","status-publish"],"_links":{"self":[{"href":"https:\/\/www.sonnenklar.tv\/blog\/wp-json\/wp\/v2\/pages\/9975","targetHints":{"allow":["GET"]}}],"collection":[{"href":"https:\/\/www.sonnenklar.tv\/blog\/wp-json\/wp\/v2\/pages"}],"about":[{"href":"https:\/\/www.sonnenklar.tv\/blog\/wp-json\/wp\/v2\/types\/page"}],"author":[{"embeddable":true,"href":"https:\/\/www.sonnenklar.tv\/blog\/wp-json\/wp\/v2\/users\/3"}],"replies":[{"embeddable":true,"href":"https:\/\/www.sonnenklar.tv\/blog\/wp-json\/wp\/v2\/comments?post=9975"}],"version-history":[{"count":10,"href":"https:\/\/www.sonnenklar.tv\/blog\/wp-json\/wp\/v2\/pages\/9975\/revisions"}],"predecessor-version":[{"id":37608,"href":"https:\/\/www.sonnenklar.tv\/blog\/wp-json\/wp\/v2\/pages\/9975\/revisions\/37608"}],"up":[{"embeddable":true,"href":"https:\/\/www.sonnenklar.tv\/blog\/wp-json\/wp\/v2\/pages\/6051"}],"wp:attachment":[{"href":"https:\/\/www.sonnenklar.tv\/blog\/wp-json\/wp\/v2\/media?parent=9975"}],"curies":[{"name":"wp","href":"https:\/\/api.w.org\/{rel}","templated":true}]}}