{"id":9063,"date":"2018-10-26T16:29:42","date_gmt":"2018-10-26T14:29:42","guid":{"rendered":"https:\/\/www.sonnenklar.tv\/blog\/?page_id=9063"},"modified":"2025-12-12T15:29:53","modified_gmt":"2025-12-12T14:29:53","slug":"buchungsklassen-bedeutung","status":"publish","type":"page","link":"https:\/\/www.sonnenklar.tv\/blog\/reiselexikon\/buchungsklassen-bedeutung\/","title":{"rendered":"Was bedeuten Buchungsklassen bei einem Flug?"},"content":{"rendered":"\n<p><strong>Vor der Buchung eines Fluges gilt es sich \u00fcber die Buchungsklassen zu informieren. Diese unterscheiden sich nach dem Preis des Tickets, den Vertragsbedingungen, der H\u00f6he der R\u00fcckerstattung bei einer Stornierung und vielem mehr. Vor allem f\u00fcr all jene, die flei\u00dfig Meilen sammeln, haben mit Sicherheit etwas \u00fcber Buchungsklassen geh\u00f6rt. Im Folgenden werden diese &#8211; oftmals wichtigen &#8211; Unterschiede zwischen ihnen genau beleuchtet und alle Mythen rund um die Buchungsklassen gekl\u00e4rt.<\/strong><\/p>\n\n\n\n<hr class=\"wp-block-separator has-css-opacity\"\/>\n\n\n\n<p><strong>Inhaltsverzeichnis<\/strong><\/p>\n\n\n\n<ul class=\"wp-block-list\">\n<li><a href=\"#buchungsklassen-bedeutung\">Was sind Buchungsklassen?<\/a><\/li>\n\n\n\n<li><a href=\"#buchungsklassen-unterschiede\">Welche Buchungsklassen k\u00f6nnen unterschieden werden?<\/a><\/li>\n\n\n\n<li><a href=\"#buchungsklassen-befoerderungsklassen\">Was ist der Unterschied zwischen Bef\u00f6rderungsklassen und Buchungsklassen?<\/a><\/li>\n\n\n\n<li><a href=\"#buchungsklassen-beispiele\">Welche Buchungsklassen sind bei den bekanntesten Fluglinien zu finden?<\/a><\/li>\n\n\n\n<li><a href=\"#buchungsklassen-erkennen\">Wo sind Buchungsklassen zu finden bzw. woran erkennt man diese?<\/a><\/li>\n\n\n\n<li><a href=\"#buchungsklasse-waehlen\">K\u00f6nnt ihr die Buchungsklasse selbstst\u00e4ndig w\u00e4hlen?<\/a><\/li>\n\n\n\n<li><a href=\"#buchungsklassen-upgraden\">In welchen Buchungsklassen k\u00f6nnt ihr euch \u00fcber ein Upgrade freuen?<\/a><\/li>\n\n\n\n<li><a href=\"#buchungsklassen-flugmeilen\">In welcher Buchungsklasse k\u00f6nnt ihr Flugmeilen sammeln?<\/a><\/li>\n<\/ul>\n\n\n\n<hr class=\"wp-block-separator has-css-opacity\"\/>\n\n\n\n<h2 class=\"wp-block-heading\"><a name=\"buchungsklassen-bedeutung\"><\/a>Was sind Buchungsklassen?<\/h2>\n\n\n\n<p>Buchungsklassen stellen virtuelle Segmente der Bef\u00f6rderungsklassen dar, die in dem Verkaufssystem der Fluggesellschaften zu finden sind. Sie dienen der Preissegmentierung im Reservierungssystem und repr\u00e4sentieren keinen realen Wert. Das bedeutet, dass ihr von au\u00dfen keinen Unterschied zwischen den einzelnen Buchungsklassen erkennen k\u00f6nnt.<\/p>\n\n\n\n<p>F\u00fcr die Fluggesellschaften dienen die Buchungsklassen der Steuerung von Preisen und Tarifen, die wiederum direkte Auswirkungen auf die Auslastung der Fl\u00fcge und die Revenue-Kennzahlen haben.<\/p>\n\n\n\n<h2 class=\"wp-block-heading\"><a name=\"buchungsklassen-unterschiede\"><\/a>Welche Buchungsklassen k\u00f6nnen unterschieden werden?<\/h2>\n\n\n\n<p>Insgesamt k\u00f6nnen <strong>26 unterschiedliche Buchungsklassen<\/strong> unterschieden werden. Diesen wird jeweils ein bestimmter Preis und ein bestimmter Tarif zugeordnet. Die Tarife umfassen dabei die konkreten Bedingungen die an das Ticket gebunden sind \u2013 Dazu geh\u00f6rt die M\u00f6glichkeit des kostenlosen Stornierens, die Umbuchung und vieles mehr. An dieser Stelle gilt es sich vor Augen zu halten, dass je niedriger die Buchungsklasse ist, desto strenger sind die mit ihr verbundenen Tarifauflagen.<\/p>\n\n\n\n<h2 class=\"wp-block-heading\"><a name=\"buchungsklassen-befoerderungsklassen\"><\/a>Was ist der Unterschied zwischen Bef\u00f6rderungsklassen und Buchungsklassen?<\/h2>\n\n\n\n<p>Die Bef\u00f6rderungsklassen, die auch Sitz- oder Serviceklassen genannt werden, bestimmen, wie viel Komfort und Service ein Passagier w\u00e4hrend seines Fluges an Bord genie\u00dft.<\/p>\n\n\n\n<p><strong>Die Bef\u00f6rderungsklassen teilen sich bei den meisten Fluglinien in die folgenden drei Klassen ein:<\/strong><\/p>\n\n\n\n<ul class=\"wp-block-list\">\n<li>Economy Class<\/li>\n\n\n\n<li>Business Class<\/li>\n\n\n\n<li>First Class<\/li>\n<\/ul>\n\n\n\n<p>Diese Bef\u00f6rderungsklassen, die einen physischen Wert repr\u00e4sentieren, werden wiederum in einzelne Buchungsklassen unterteilt, die blo\u00df einen virtuellen Wert aufweisen.<\/p>\n\n\n\n<figure class=\"wp-block-image alignnone wp-image-9069 size-full\"><img fetchpriority=\"high\" decoding=\"async\" width=\"880\" height=\"261\" src=\"https:\/\/www.sonnenklar.tv\/blog\/wp-content\/uploads\/2018\/10\/flugticket-buchungsklassen-1.jpg\" alt=\"Bedeutung der Buchungsklassen\" class=\"wp-image-9069\" srcset=\"https:\/\/www.sonnenklar.tv\/blog\/wp-content\/uploads\/2018\/10\/flugticket-buchungsklassen-1.jpg 880w, https:\/\/www.sonnenklar.tv\/blog\/wp-content\/uploads\/2018\/10\/flugticket-buchungsklassen-1-300x89.jpg 300w, https:\/\/www.sonnenklar.tv\/blog\/wp-content\/uploads\/2018\/10\/flugticket-buchungsklassen-1-768x228.jpg 768w\" sizes=\"(max-width: 880px) 100vw, 880px\" \/><figcaption class=\"wp-element-caption\">Buchungsklasse F<\/figcaption><\/figure>\n\n\n\n<h3 class=\"wp-block-heading\"><a name=\"buchungsklassen-beispiele\"><\/a>Welche Buchungsklassen sind bei den bekanntesten Fluglinien zu finden?<\/h3>\n\n\n\n<p>Bei der gr\u00f6\u00dften Fluggesellschaft Deutschlands, der <strong>Lufthansa<\/strong>, k\u00f6nnt ihr die folgenden Buchungsklassen finden:<\/p>\n\n\n\n<ul class=\"wp-block-list\">\n<li>Economy Class: B, H, K, L, M, Q, S, T, U, V, W, X, Y<\/li>\n\n\n\n<li>Premium Economy Class: E, G, N, R<\/li>\n\n\n\n<li>Business Class: C, D, I, J, P, Z<\/li>\n\n\n\n<li>First Class: A, F, O<\/li>\n<\/ul>\n\n\n\n<p>Die Fluggesellschaft <strong>Condor<\/strong> hingegen hat die folgenden Buchungsklassen im Programm, die ebenso die Serviceklassen untergliedern:<\/p>\n\n\n\n<ul class=\"wp-block-list\">\n<li>Economy Class: A, B, C, D, E, G, H, I, J, K, L, M, O, P, Q, R, T, U, V, W, Z<\/li>\n\n\n\n<li>Premium Class: A, O, X, Y<\/li>\n\n\n\n<li>Business Class: C, D, I, J<\/li>\n<\/ul>\n\n\n\n<p>Die Codierungen der Buchungsklassen sehen bei den <strong>Emirates<\/strong> ebenso \u00e4hnlich aus:<\/p>\n\n\n\n<ul class=\"wp-block-list\">\n<li>Economy Class: B, E, H, K, L, M, Q, R, T, U, V, W, X, Y<\/li>\n\n\n\n<li>Business Class: C, I, J, O<\/li>\n\n\n\n<li>First Class: A, F<\/li>\n<\/ul>\n\n\n\n<h2 class=\"wp-block-heading\"><a name=\"buchungsklassen-erkennen\"><\/a>Wo sind Buchungsklassen zu finden bzw. woran erkennt man diese?<\/h2>\n\n\n\n<p>Die Buchungsklassen werden mit einem Gro\u00dfbuchstaben von A bis Z gekennzeichnet. Wie diese genau unterteilt werden, ist von Fluggesellschaft zu Fluggesellschaft unterschiedlich. Jedoch k\u00f6nnt ihr davon ausgehen, dass die einzelnen Bedeutungen der Buchungsklassen innerhalb einer Flugallianz, wie beispielsweise der Star Alliance zu der die Lufthansa und die United Airlines geh\u00f6ren, einheitlich geregelt sind. Die Buchungsklasse ist auf dem Flugticket bzw. der <strong>Buchungsbest\u00e4tigung<\/strong> ersichtlich, wo sie als erster Buchstabe des angezeigten Tarifs vermerkt ist. Auch auf dem Boardingpass ist die jeweilige Buchungsklasse leicht abzulesen.<\/p>\n\n\n\n<h2 class=\"wp-block-heading\"><a name=\"buchungsklasse-waehlen\"><\/a>K\u00f6nnt ihr die Buchungsklasse selbstst\u00e4ndig w\u00e4hlen?<\/h2>\n\n\n\n<p>Grunds\u00e4tzlich nicht. Die Buchungsklasse kann nicht vom Passagier bestimmt werden. Da die Anzahl der verf\u00fcgbaren Buchungsklassen auch von er Auslastung des Fluges und anderen Faktoren abh\u00e4ngt, erfahren Reisende erst nach dem Kauf ihres Tickets, in welche Buchungsklasse sie fallen.<\/p>\n\n\n\n<figure class=\"wp-block-image alignnone wp-image-7695 size-full\"><img decoding=\"async\" width=\"720\" height=\"321\" src=\"https:\/\/www.sonnenklar.tv\/blog\/wp-content\/uploads\/2018\/07\/rueckflug-urlaub.jpg\" alt=\"Flug in den Urlaub\" class=\"wp-image-7695\" srcset=\"https:\/\/www.sonnenklar.tv\/blog\/wp-content\/uploads\/2018\/07\/rueckflug-urlaub.jpg 720w, https:\/\/www.sonnenklar.tv\/blog\/wp-content\/uploads\/2018\/07\/rueckflug-urlaub-18x8.jpg 18w, https:\/\/www.sonnenklar.tv\/blog\/wp-content\/uploads\/2018\/07\/rueckflug-urlaub-150x67.jpg 150w, https:\/\/www.sonnenklar.tv\/blog\/wp-content\/uploads\/2018\/07\/rueckflug-urlaub-450x201.jpg 450w, https:\/\/www.sonnenklar.tv\/blog\/wp-content\/uploads\/2018\/07\/rueckflug-urlaub-300x134.jpg 300w\" sizes=\"(max-width: 720px) 100vw, 720px\" \/><figcaption class=\"wp-element-caption\">Flug in den Urlaub<\/figcaption><\/figure>\n\n\n\n<h2 class=\"wp-block-heading\"><a name=\"buchungsklassen-upgraden\"><\/a>In welchen Buchungsklassen k\u00f6nnt ihr euch \u00fcber ein Upgrade freuen?<\/h2>\n\n\n\n<p>Grunds\u00e4tzlich k\u00f6nnt ihr bei den meisten Fluggesellschaften<strong> nur Economy und Business Class Ticket<\/strong>s upgraden lassen. Dies ist entweder \u00fcber den Einsatz der gesammelten Meilen oder die Buchungsklasse m\u00f6glich. So ist es m\u00f6glich bei der Lufthansa mit der Buchungsklasse B, E, G, H, M, S, U, V, W oder Y ein Upgrade auf einem innerdeutschen oder einem innereurop\u00e4ischen Flug zu erhaschen. N\u00e4here Ausk\u00fcnfte sind beispielsweise durch einen eigenen Rechner der Fluggesellschaften bzw. -allianzen einzuholen.<\/p>\n\n\n\n<h2 class=\"wp-block-heading\"><a name=\"buchungsklassen-flugmeilen\"><\/a>In welcher Buchungsklasse k\u00f6nnt ihr Flugmeilen sammeln?<\/h2>\n\n\n\n<p>Grunds\u00e4tzlich k\u00f6nnt ihr in allen Buchungsklassen Meilen sammeln. Jedoch ist die Anzahl der gutgeschriebenen Flugmeilen von Buchungsklasse zu Buchungsklasse unterschiedlich. Als Faustregel gilt dabei: Je h\u00f6her die gew\u00e4hlte Buchungsklasse ist, desto h\u00f6her ist der Preis des Tickets und desto \u00fcber mehr Meilen k\u00f6nnt ihr euch auf eurem Konto freuen.<\/p>\n\n\n\n<p>Bei manchen Fluggesellschaften berechtigen nur bestimmte Buchungsklassen Meilen zu sammeln. So k\u00f6nnen nur die Tickets der Buchungsklassen I, O, R und X der Lufthansa mit Meilen auf eurem Miles &amp; More Konto gutgeschrieben werden. Auch bei der Fluglinie Condor erh\u00f6hen nur Tickets der Buchungsklassen F, N, S und X das Miles &amp; More Konto.<\/p>\n\n\n\n<h3 class=\"wp-block-heading\">Mehr zum Thema Fl\u00fcge:<\/h3>\n\n\n\n<p><a href=\"https:\/\/www.sonnenklar.tv\/blog\/reiselexikon\/gabelflug-bedeutung\/\">Gabelflug<\/a>\u00a0 \u00a0\u00a0<a href=\"https:\/\/www.sonnenklar.tv\/blog\/reiselexikon\/charterflug-bedeutung\/\">Charterflug<\/a>\u00a0 \u00a0\u00a0<a href=\"https:\/\/www.sonnenklar.tv\/blog\/reiselexikon\/linienflug-bedeutung\/\">Linienflug<\/a>\u00a0 \u00a0\u00a0<a href=\"https:\/\/www.sonnenklar.tv\/blog\/reiselexikon\/stopover-flug-bedeutung\/\">Stopover Flug<\/a>\u00a0 \u00a0\u00a0<a href=\"https:\/\/www.sonnenklar.tv\/blog\/reiselexikon\/multistopp-flug-bedeutung\/\">Multistopp Flug<\/a>\u00a0 \u00a0\u00a0<a href=\"https:\/\/www.sonnenklar.tv\/blog\/reiselexikon\/schwanzflug-bedeutung\/\">Schwanzflug<\/a> <a href=\"https:\/\/www.sonnenklar.tv\/blog\/reiselexikon\/codeshare-flug-bedeutung\/\">Codeshare Flug<\/a>\u00a0 \u00a0\u00a0<a href=\"https:\/\/www.sonnenklar.tv\/blog\/reiselexikon\/was-ist-ein-vielfliegerprogramm\/\">Vielfliegerprogramm<\/a><\/p>\n\n\n\n<p><a href=\"https:\/\/www.sonnenklar.tv\/blog\/reiselexikon\/\">&lt;&lt; Zur\u00fcck zum Reiselexikon<\/a><\/p>\n","protected":false},"excerpt":{"rendered":"<p>Vor der Buchung eines Fluges gilt es sich \u00fcber die Buchungsklassen zu informieren. Diese unterscheiden sich nach dem Preis des Tickets, den Vertragsbedingungen, der H\u00f6he der R\u00fcckerstattung bei einer Stornierung und vielem mehr. Vor allem f\u00fcr all jene, die flei\u00dfig Meilen sammeln, haben mit Sicherheit etwas \u00fcber Buchungsklassen geh\u00f6rt. Im Folgenden werden diese &#8211; oftmals<\/p>\n","protected":false},"author":3,"featured_media":0,"parent":6051,"menu_order":0,"comment_status":"closed","ping_status":"closed","template":"","meta":{"footnotes":""},"class_list":["post-9063","page","type-page","status-publish"],"_links":{"self":[{"href":"https:\/\/www.sonnenklar.tv\/blog\/wp-json\/wp\/v2\/pages\/9063","targetHints":{"allow":["GET"]}}],"collection":[{"href":"https:\/\/www.sonnenklar.tv\/blog\/wp-json\/wp\/v2\/pages"}],"about":[{"href":"https:\/\/www.sonnenklar.tv\/blog\/wp-json\/wp\/v2\/types\/page"}],"author":[{"embeddable":true,"href":"https:\/\/www.sonnenklar.tv\/blog\/wp-json\/wp\/v2\/users\/3"}],"replies":[{"embeddable":true,"href":"https:\/\/www.sonnenklar.tv\/blog\/wp-json\/wp\/v2\/comments?post=9063"}],"version-history":[{"count":9,"href":"https:\/\/www.sonnenklar.tv\/blog\/wp-json\/wp\/v2\/pages\/9063\/revisions"}],"predecessor-version":[{"id":37561,"href":"https:\/\/www.sonnenklar.tv\/blog\/wp-json\/wp\/v2\/pages\/9063\/revisions\/37561"}],"up":[{"embeddable":true,"href":"https:\/\/www.sonnenklar.tv\/blog\/wp-json\/wp\/v2\/pages\/6051"}],"wp:attachment":[{"href":"https:\/\/www.sonnenklar.tv\/blog\/wp-json\/wp\/v2\/media?parent=9063"}],"curies":[{"name":"wp","href":"https:\/\/api.w.org\/{rel}","templated":true}]}}