{"id":8702,"date":"2018-10-01T15:14:44","date_gmt":"2018-10-01T13:14:44","guid":{"rendered":"https:\/\/www.sonnenklar.tv\/blog\/?page_id=8702"},"modified":"2025-12-12T15:53:25","modified_gmt":"2025-12-12T14:53:25","slug":"riad-bedeutung","status":"publish","type":"page","link":"https:\/\/www.sonnenklar.tv\/blog\/reiselexikon\/riad-bedeutung\/","title":{"rendered":"Was ist ein Riad?"},"content":{"rendered":"\n<p><strong>Wenn ihr eine Reise nach Marokko plant, werdet ihr immer wieder auf den Begriff Riad sto\u00dfen. Riads sind traditionelle Stadth\u00e4user, die sich in den Altst\u00e4dten (Medinas) finden und \u00fcber einen Garten im Innenhof verf\u00fcgen. Der Begriff Riad bedeutet \u201eGarten mit B\u00e4umen\u201c und dies spiegelt sich in der Architektur der Riads auch wider.<\/strong><\/p>\n\n\n\n<hr class=\"wp-block-separator has-css-opacity\"\/>\n\n\n\n<p><strong>Inhaltsverzeichnis<\/strong><\/p>\n\n\n\n<ul class=\"wp-block-list\">\n<li><a href=\"#riad-bedeutung\">Marokkanische Riads: Luxuri\u00f6se Oasen hinter schlichten Mauern<\/a><\/li>\n\n\n\n<li><a href=\"#riad-architektur\">Die typische Architektur der Riads?<\/a><\/li>\n\n\n\n<li><a href=\"#unterschied-riad-hotel\">Was ist der Unterschied zwischen Riad und Hotel?<\/a><\/li>\n\n\n\n<li><a href=\"#riad-vorteile-nachteile\">Passt ein Riad zu eurem pers\u00f6nlichen Traumurlaub?<\/a><\/li>\n<\/ul>\n\n\n\n<hr class=\"wp-block-separator has-css-opacity\"\/>\n\n\n\n<h2 class=\"wp-block-heading\"><a name=\"riad-bedeutung\"><\/a>Marokkanische Riads: Luxuri\u00f6se Oasen hinter schlichten Mauern<\/h2>\n\n\n\n<p>In allen <strong>Medinas Marokkos<\/strong> werdet ihr auf Riads sto\u00dfen. Jedoch werdet ihr diese bei einem Bummel durch die engen Altstadtgassen nicht unbedingt auf den ersten Blick entdecken. Hinter alten sehr unscheinbaren Mauern verstecken sich jedoch h\u00e4ufig <strong>luxuri\u00f6se Riads<\/strong> mit wundervollen gr\u00fcnen Oasen, in denen von dem turbulenten Treiben in den Gassen der Stadt nichts zu vernehmen ist. Viele der Riads wurden unter Beibehaltung ihres traditionellen Stils saniert und wurden luxuri\u00f6s von ihren Besitzern ausgestattet, ohne das urspr\u00fcngliche Ambiente zu zerst\u00f6ren. Entsprechend bietet euch ein Aufenthalt in einem Riad die M\u00f6glichkeit, authentisch zu wohnen und so das Leben in Marokko hautnah kennenzulernen.<\/p>\n\n\n\n<div class=\"wp-block-buttons is-horizontal is-content-justification-center is-layout-flex wp-container-core-buttons-is-layout-499968f5 wp-block-buttons-is-layout-flex\">\n<div class=\"wp-block-button\"><a class=\"wp-block-button__link wp-element-button\" href=\"https:\/\/www.sonnenklar.tv\/promo\/marokko-riads.html\" target=\"_blank\" rel=\"noreferrer noopener\">Riad urlaub &#8211; zu den angeboten<\/a><\/div>\n<\/div>\n\n\n\n<h2 class=\"wp-block-heading\"><a name=\"riad-architektur\"><\/a>Die typische Architektur der Riads<\/h2>\n\n\n\n<p>Meter dicke Mauern sorgen f\u00fcr ein angenehmes Wohnklima und so wird in den meist zwei bis drei Stockwerke umfassenden Stadth\u00e4usern kaum eine Klimaanlage ben\u00f6tigt. Selbst im Hochsommer warten die <strong>Lehmziegelgeb\u00e4ude<\/strong> mit angenehmen Temperaturen auf. Dank detailgetreuer Sanierungen blieben in den meisten Riads die Vorz\u00fcge der alten Stadth\u00e4user erhalten. Typischwerwiese verf\u00fcgen die H\u00e4user \u00fcber eine gro\u00dfe <strong>Dachterrasse<\/strong>, die einst haupts\u00e4chlich von den Frauen genutzt wurden. Diese bieten einen wundervollen Blick \u00fcber die jeweilige Medina. Doch das Herz jeden Riads ist und bleibt der begr\u00fcnte <strong>Innenhof<\/strong>, der zum Verweilen einl\u00e4dt. So mancher Riad verf\u00fcgt heute \u00fcber eine <strong>Luxusausstattung<\/strong>, die mit jedem 5-Sterne-Hotel mithalten kann.<\/p>\n\n\n\n<figure class=\"wp-block-image size-large\"><a href=\"https:\/\/www.sonnenklar.tv\/blog\/wp-content\/uploads\/2025\/02\/riad-marokko-bedeutung-1.jpg\"><img fetchpriority=\"high\" decoding=\"async\" width=\"880\" height=\"450\" src=\"https:\/\/www.sonnenklar.tv\/blog\/wp-content\/uploads\/2025\/02\/riad-marokko-bedeutung-1.jpg\" alt=\"Riad Bedeutung\" class=\"wp-image-34555\" srcset=\"https:\/\/www.sonnenklar.tv\/blog\/wp-content\/uploads\/2025\/02\/riad-marokko-bedeutung-1.jpg 880w, https:\/\/www.sonnenklar.tv\/blog\/wp-content\/uploads\/2025\/02\/riad-marokko-bedeutung-1-800x409.jpg 800w, https:\/\/www.sonnenklar.tv\/blog\/wp-content\/uploads\/2025\/02\/riad-marokko-bedeutung-1-120x61.jpg 120w, https:\/\/www.sonnenklar.tv\/blog\/wp-content\/uploads\/2025\/02\/riad-marokko-bedeutung-1-90x46.jpg 90w, https:\/\/www.sonnenklar.tv\/blog\/wp-content\/uploads\/2025\/02\/riad-marokko-bedeutung-1-320x164.jpg 320w, https:\/\/www.sonnenklar.tv\/blog\/wp-content\/uploads\/2025\/02\/riad-marokko-bedeutung-1-560x286.jpg 560w\" sizes=\"(max-width: 880px) 100vw, 880px\" \/><\/a><figcaption class=\"wp-element-caption\">Was ist ein Riad?<\/figcaption><\/figure>\n\n\n\n<h2 class=\"wp-block-heading\"><a name=\"unterschied-riad-hotel\"><\/a>Was ist der Unterschied zwischen Riad und Hotel?<\/h2>\n\n\n\n<p>Der Unterschied zwischen einem Hotel und einem Riad ist nat\u00fcrlich die <strong>Individualit\u00e4t<\/strong>. Wenn euch die eher anonyme Atmosph\u00e4re eines Hotels nicht am Herzen liegt und ihr einen wirklichen R\u00fcckzugsort favorisiert, dann solltet ihr euch f\u00fcr die Anmietung eines Riads entscheiden. Je nach Angebot bekommt ihr entweder ein Stadthaus im Sinne eines Ferienhauses oder aber ein Stadthaus inklusive Personal. Gerade Riads die mit Personal vermietet werden, setzen hohe Standards und ihr erhaltet eine individuelle Betreuung und einen wirklich individuell auf eure Bed\u00fcrfnisse zugeschnittenen Service. Auch bei der Anmietung eines Stadthauses in Marokko habt ihr die Wahl zwischen einem nach westlichen Standards ausgestatteten Riad, der euch viel Raum bietet und alles was ihr f\u00fcr euren Aufenthalt ben\u00f6tigt oder einem Stadthaus mit luxuri\u00f6ser Ausstattung oder sogar eigenem Personal.<\/p>\n\n\n\n<h2 class=\"wp-block-heading\"><a name=\"riad-vorteile-nachteile\"><\/a>Passt ein Riad zu eurem pers\u00f6nlichen Traumurlaub?<\/h2>\n\n\n\n<p>Diese Frage k\u00f6nnt ihr nur selbst beantworten. Wenn ihr als Familie oder in der Gruppe reist, bietet euch ein Riad mehr Entfaltungsm\u00f6glichkeiten als ein Hotel. Auch P\u00e4rchen, die eher ihre Zeit zu zweit genie\u00dfen m\u00f6chten, sind mit einem Riad gut beraten. Wer jedoch Wert auf Gesellschaft legt und sich vielleicht sogar ein Animationsprogramm w\u00fcnscht, der sollte auf einen klassischen Hotelaufenthalt setzen.<\/p>\n\n\n\n<p>Auch in Sachen Service sind Riads und Hotels recht unterschiedlich, aber auch von Riad zu Riad unterscheiden sich die Angebote. Ihr k\u00f6nnt ein Stadthaus ohne Serviceleistungen w\u00e4hlen oder ein Stadthaus mit eigenem Personal, dazwischen gibt es reichlich Variationen. Ebenso vielf\u00e4ltig sind die Hotelangebote Marokkos und so gilt es im Vorfeld eure ganz pers\u00f6nlichen W\u00fcnsche zu fixieren. Sind eure Anspr\u00fcche klar, dann werdet ihr problemlos entscheiden k\u00f6nnen welche Angebote f\u00fcr euch in Frage kommen. F\u00fcr ein wirklich authentisches Wohngef\u00fchl empfiehlt sich jedoch grunds\u00e4tzlich ein Aufenthalt in einem Riad, denn hier lebt ihr mitten in der Altstadt und k\u00f6nnt \u00fcber Terrasse, Haus und Garten frei verf\u00fcgen und den marokkanischen Lebensstil in vollen Z\u00fcgen genie\u00dfen.<\/p>\n\n\n\n<div class=\"wp-block-buttons is-horizontal is-content-justification-center is-layout-flex wp-container-core-buttons-is-layout-499968f5 wp-block-buttons-is-layout-flex\">\n<div class=\"wp-block-button\"><a class=\"wp-block-button__link wp-element-button\" href=\"https:\/\/www.sonnenklar.tv\/promo\/marokko-riads.html\" target=\"_blank\" rel=\"noreferrer noopener\">riad urlaub &#8211; zu den angeboten<\/a><\/div>\n<\/div>\n\n\n\n<h3 class=\"wp-block-heading\">Mehr zum Thema Unterkunft:<\/h3>\n\n\n\n<p><a href=\"https:\/\/www.sonnenklar.tv\/blog\/reiselexikon\/was-bedeuten-hotelsterne\/\">Hotelsterne<\/a>\u00a0 \u00a0 <a href=\"https:\/\/www.sonnenklar.tv\/blog\/reiselexikon\/hotel-abkuerzungen-bedeutung\/\">Hotelabk\u00fcrzungen<\/a>\u00a0\u00a0\u00a0\u00a0<a href=\"https:\/\/www.sonnenklar.tv\/blog\/reiselexikon\/bed-and-breakfast-bedeutung\/\">Bed &amp; Breakfast<\/a>\u00a0 \u00a0 <a href=\"https:\/\/www.sonnenklar.tv\/blog\/reiselexikon\/bungalow-bedeutung\/\">Bungalow<\/a>\u00a0 \u00a0 <a href=\"https:\/\/www.sonnenklar.tv\/blog\/reiselexikon\/finca-bedeutung\/\">Finca<\/a>\u00a0 \u00a0 <a href=\"https:\/\/www.sonnenklar.tv\/blog\/reiselexikon\/chalet-bedeutung\/\">Chalet<\/a>\u00a0 \u00a0\u00a0<a href=\"https:\/\/www.sonnenklar.tv\/blog\/reiselexikon\/biohotel-bedeutung\/\">Biohotel<\/a>\u00a0 \u00a0 <a href=\"https:\/\/www.sonnenklar.tv\/blog\/reiselexikon\/hostel-bedeutung\/\">Hostel<\/a>\u00a0 \u00a0 <a href=\"https:\/\/www.sonnenklar.tv\/blog\/reiselexikon\/erwachsenenhotel-bedeutung\/\">Erwachsenenhotel<\/a>\u00a0 \u00a0 <a href=\"https:\/\/www.sonnenklar.tv\/blog\/reiselexikon\/aparthotel-bedeutung\/\">Aparthotel<\/a>\u00a0 \u00a0 <a href=\"https:\/\/www.sonnenklar.tv\/blog\/reiselexikon\/vital-hotel-bedeutung\/\">Vital Hotel<\/a>\u00a0 \u00a0\u00a0<a href=\"https:\/\/www.sonnenklar.tv\/blog\/reiselexikon\/glueckshotel-bedeutung\/\">Gl\u00fcckshotel<\/a>\u00a0 \u00a0 <a href=\"https:\/\/www.sonnenklar.tv\/blog\/reiselexikon\/resort-bedeutung\/\">Resort<\/a>\u00a0 \u00a0 <a href=\"https:\/\/www.sonnenklar.tv\/blog\/reiselexikon\/mobilheim-bedeutung\/\">Mobilheim<\/a>\u00a0 \u00a0 <a href=\"https:\/\/www.sonnenklar.tv\/blog\/reiselexikon\/pension-hotel-bedeutung\/\">Pension<\/a>\u00a0 \u00a0 <a href=\"https:\/\/www.sonnenklar.tv\/blog\/reiselexikon\/hotel-garni-bedeutung\/\">Hotel Garni<\/a>\u00a0 \u00a0\u00a0<a href=\"https:\/\/www.sonnenklar.tv\/blog\/reiselexikon\/doppelzimmer-bedeutung\/\">Doppelzimmer<\/a>\u00a0 \u00a0\u00a0<a href=\"https:\/\/www.sonnenklar.tv\/blog\/reiselexikon\/familienzimmer-bedeutung\/\">Familienzimmer<\/a>\u00a0 \u00a0 <a href=\"https:\/\/www.sonnenklar.tv\/blog\/reiselexikon\/sparzimmer-bedeutung\/\">Sparzimmer<\/a>\u00a0 \u00a0 <a href=\"https:\/\/www.sonnenklar.tv\/blog\/reiselexikon\/boutique-hotel-bedeutung\/\">Boutique Hotel<\/a>\u00a0\u00a0\u00a0 <a href=\"https:\/\/www.sonnenklar.tv\/blog\/reiselexikon\/suite-bedeutung\/\">Suite<\/a>\u00a0 \u00a0 <a href=\"https:\/\/www.sonnenklar.tv\/blog\/reiselexikon\/studio-apartment-bedeutung\/\">Studio Apartment<\/a> \u00a0 \u00a0 <a href=\"https:\/\/www.sonnenklar.tv\/blog\/reiselexikon\/kabine-bedeutung\/\">Kabine<\/a>\u00a0 \u00a0 <a href=\"https:\/\/www.sonnenklar.tv\/blog\/reiselexikon\/superiorzimmer-bedeutung\/\">Superiorzimmer<\/a>\u00a0 \u00a0 <a href=\"https:\/\/www.sonnenklar.tv\/blog\/boardinghouse-bedeutung\/\">Boardinghouse<\/a>\u00a0 \u00a0 <a href=\"https:\/\/www.sonnenklar.tv\/blog\/reiselexikon\/ryokan-bedeutung\/\">Ryokan<\/a><\/p>\n\n\n\n<p><a href=\"https:\/\/www.sonnenklar.tv\/blog\/reiselexikon\/\">&lt;&lt; Zur\u00fcck zum Reiselexikon<\/a><\/p>\n","protected":false},"excerpt":{"rendered":"<p>Wenn ihr eine Reise nach Marokko plant, werdet ihr immer wieder auf den Begriff Riad sto\u00dfen. Riads sind traditionelle Stadth\u00e4user, die sich in den Altst\u00e4dten (Medinas) finden und \u00fcber einen Garten im Innenhof verf\u00fcgen. Der Begriff Riad bedeutet \u201eGarten mit B\u00e4umen\u201c und dies spiegelt sich in der Architektur der Riads auch wider. Inhaltsverzeichnis Marokkanische Riads:<\/p>\n","protected":false},"author":3,"featured_media":0,"parent":6051,"menu_order":0,"comment_status":"closed","ping_status":"closed","template":"","meta":{"footnotes":""},"class_list":["post-8702","page","type-page","status-publish"],"_links":{"self":[{"href":"https:\/\/www.sonnenklar.tv\/blog\/wp-json\/wp\/v2\/pages\/8702","targetHints":{"allow":["GET"]}}],"collection":[{"href":"https:\/\/www.sonnenklar.tv\/blog\/wp-json\/wp\/v2\/pages"}],"about":[{"href":"https:\/\/www.sonnenklar.tv\/blog\/wp-json\/wp\/v2\/types\/page"}],"author":[{"embeddable":true,"href":"https:\/\/www.sonnenklar.tv\/blog\/wp-json\/wp\/v2\/users\/3"}],"replies":[{"embeddable":true,"href":"https:\/\/www.sonnenklar.tv\/blog\/wp-json\/wp\/v2\/comments?post=8702"}],"version-history":[{"count":15,"href":"https:\/\/www.sonnenklar.tv\/blog\/wp-json\/wp\/v2\/pages\/8702\/revisions"}],"predecessor-version":[{"id":37597,"href":"https:\/\/www.sonnenklar.tv\/blog\/wp-json\/wp\/v2\/pages\/8702\/revisions\/37597"}],"up":[{"embeddable":true,"href":"https:\/\/www.sonnenklar.tv\/blog\/wp-json\/wp\/v2\/pages\/6051"}],"wp:attachment":[{"href":"https:\/\/www.sonnenklar.tv\/blog\/wp-json\/wp\/v2\/media?parent=8702"}],"curies":[{"name":"wp","href":"https:\/\/api.w.org\/{rel}","templated":true}]}}