{"id":8642,"date":"2018-09-26T16:09:01","date_gmt":"2018-09-26T14:09:01","guid":{"rendered":"https:\/\/www.sonnenklar.tv\/blog\/?page_id=8642"},"modified":"2025-12-12T15:33:16","modified_gmt":"2025-12-12T14:33:16","slug":"cluburlaub-bedeutung","status":"publish","type":"page","link":"https:\/\/www.sonnenklar.tv\/blog\/reiselexikon\/cluburlaub-bedeutung\/","title":{"rendered":"Was ist ein Cluburlaub?"},"content":{"rendered":"\n<p><strong>Was im Jahr 1973 mit der Er\u00f6ffnung eines Clubhotels im Senegal begann, hat sich in den letzten Jahren zu einer sehr erfolgreichen Reisesparte entwickelt. Heutzutage f\u00fchren alle gro\u00dfen Reiseveranstalter eine oder sogar mehrere Clubhotel-Ketten in ihrem Programm. Die einzelnen Clubs unterscheiden sich sowohl im Preis als auch in ihren Leistungen sehr stark voneinander und sprechen somit auch jeweils unterschiedliche Zielgruppen an.<\/strong><\/p>\n\n\n\n<hr class=\"wp-block-separator has-css-opacity\"\/>\n\n\n\n<p><strong>Inhaltsverzeichnis<\/strong><\/p>\n\n\n\n<ul class=\"wp-block-list\">\n<li><a href=\"#cluburlaub-bedeutung\">Was bedeutet Cluburlaub genau?<\/a><\/li>\n\n\n\n<li><a href=\"#cluburlaub-programm\">Was beinhaltet ein Cluburlaub?<\/a><\/li>\n\n\n\n<li><a href=\"#unterschied-cluburlaub-all-inclusive\">Unterschied zwischen \u201eall inclusive\u201c und Cluburlaub<\/a><\/li>\n\n\n\n<li><a href=\"#cluburlaub-vorteile-nachteile\">Vor- und Nachteile von Cluburlaub?<\/a><\/li>\n\n\n\n<li><a href=\"#cluburlaub-fuer-wen-geeignet\">F\u00fcr wen ist Cluburlaub geeignet?<\/a><\/li>\n<\/ul>\n\n\n\n<hr class=\"wp-block-separator has-css-opacity\"\/>\n\n\n\n<h2 class=\"wp-block-heading\"><a name=\"cluburlaub-bedeutung\"><\/a>Was bedeutet Cluburlaub genau?<\/h2>\n\n\n\n<p>Cluburlaub ist eine Urlaubsform, die sich in den letzten 20 Jahren steigender Beliebtheit erfreut. In Clubhotels wird dem Gast ein ganzt\u00e4giges <strong>Unterhaltungsprogramm<\/strong> angeboten, welches Sport, Spiel, verschiedene Hobbykurse, Kinderbetreuung und Abendentertainment beinhaltet. Der Urlauber h\u00e4lt sich w\u00e4hrend der Clubferien fast ausschlie\u00dflich in der Hotelanlage auf, da diese meistens als \u201eall inclusive\u201c-Paket, also mit Verpflegung gebucht wird. Besonders in Hotels, die sich auf <strong>Familien spezialisiert<\/strong> haben, wird diese Leistung am h\u00e4ufigsten gew\u00fcnscht.<\/p>\n\n\n\n<h2 class=\"wp-block-heading\"><a name=\"cluburlaub-programm\"><\/a>Was beinhaltet ein Cluburlaub?<\/h2>\n\n\n\n<p>Clubg\u00e4ste mit Kindern wissen die \u201eRundum-Versorgung\u201c sehr zu sch\u00e4tzen \u2013 jeder kann zu jeder Tageszeit irgendwo auf dem Areal einen Snack, ein Getr\u00e4nk oder eine richtige Mahlzeit erhalten ohne daf\u00fcr extra zu zahlen. Das Veranstaltungsprogramm wird von Animateuren organisiert und durchgef\u00fchrt, die auch die beliebten Abendshows gestalten. Bei den <strong>Sportm\u00f6glichkeiten<\/strong> variiert das Angebot zwischen den einzelnen Hotels sehr stark. In manchen hochpreisigen Clubhotels sind sogar Surf- oder Segelkurse bereits im Preis enthalten, bei anderen muss f\u00fcr solche Extras gezahlt werden. Es empfiehlt sich, vorab die Beschreibungen der Veranstalter sorgf\u00e4ltig zu pr\u00fcfen und zu vergleichen, damit vor Ort keine negativen \u00dcberraschungen erlebt werden. Da altersgem\u00e4\u00dfe <strong>Kinderbetreuung<\/strong> in s\u00e4mtlichen Clubhotels zum Standard geh\u00f6rt, ist Cluburlaub mit der Familie f\u00fcr viele die perfekte Urlaubsform.<\/p>\n\n\n\n<h2 class=\"wp-block-heading\"><a name=\"unterschied-cluburlaub-all-inclusive\"><\/a>Unterschied zwischen All Inclusive und Cluburlaub<\/h2>\n\n\n\n<p>Wie bereits erw\u00e4hnt, arbeiten die meisten Clubhotels mit der Verpflegungsform <a href=\"https:\/\/www.sonnenklar.tv\/blog\/reiselexikon\/all-inclusive-bedeutung\/\">All Inclusive<\/a>. Au\u00dfer den Hauptmahlzeiten werden an Poolbars und anderen Stationen w\u00e4hrend des gesamten Tages s\u00fc\u00dfe oder herzhafte Kleinigkeiten und Getr\u00e4nke angeboten. Trotzdem ist nat\u00fcrlich nicht jedes \u201eall inclusive\u201c Hotel ein Club. Diese zeichnen sich au\u00dfer durch Rundum-Verpflegung besonders durch ein vielf\u00e4ltiges Sport- und Unterhaltungsprogramm und eine professionelle Kinderanimation aus. Oft handelt es sich um weitl\u00e4ufige Anlagen in den sch\u00f6nsten Gegenden der Zielgebiete.<\/p>\n\n\n\n<figure class=\"wp-block-image size-large\"><a href=\"https:\/\/www.sonnenklar.tv\/blog\/wp-content\/uploads\/2025\/02\/cluburlaub-1.jpg\"><img fetchpriority=\"high\" decoding=\"async\" width=\"880\" height=\"450\" src=\"https:\/\/www.sonnenklar.tv\/blog\/wp-content\/uploads\/2025\/02\/cluburlaub-1.jpg\" alt=\"Cluburlaub\" class=\"wp-image-34566\" srcset=\"https:\/\/www.sonnenklar.tv\/blog\/wp-content\/uploads\/2025\/02\/cluburlaub-1.jpg 880w, https:\/\/www.sonnenklar.tv\/blog\/wp-content\/uploads\/2025\/02\/cluburlaub-1-800x409.jpg 800w, https:\/\/www.sonnenklar.tv\/blog\/wp-content\/uploads\/2025\/02\/cluburlaub-1-120x61.jpg 120w, https:\/\/www.sonnenklar.tv\/blog\/wp-content\/uploads\/2025\/02\/cluburlaub-1-90x46.jpg 90w, https:\/\/www.sonnenklar.tv\/blog\/wp-content\/uploads\/2025\/02\/cluburlaub-1-320x164.jpg 320w, https:\/\/www.sonnenklar.tv\/blog\/wp-content\/uploads\/2025\/02\/cluburlaub-1-560x286.jpg 560w\" sizes=\"(max-width: 880px) 100vw, 880px\" \/><\/a><figcaption class=\"wp-element-caption\">Was ist Cluburlaub?<\/figcaption><\/figure>\n\n\n\n<h2 class=\"wp-block-heading\"><a name=\"cluburlaub-vorteile-nachteile\"><\/a>Vor- und Nachteile von Cluburlaub?<\/h2>\n\n\n\n<p>Clubanlagen haben im Allgemeinen einen hohen Standard und verf\u00fcgen \u00fcber s\u00e4mtliche Einrichtungen, die den Urlaub komfortabel, angenehm und unterhaltsam machen. Sie liegen an den herrlichsten Strandabschnitten, haben gepflegte G\u00e4rten und eindrucksvolle Pool-Landschaften. Der Gast wird verw\u00f6hnt und muss sich um nichts k\u00fcmmern. Der Nachteil von Cluburlaub liegt vor allem in den Konsequenzen f\u00fcr die Umgebung. Da die Touristen sich fast ausschlie\u00dflich in der Anlage aufhalten, lohnen sich einheimische Gastronomiebetriebe im Ort oft nicht mehr und m\u00fcssen schlie\u00dfen. Au\u00dferdem lernt der Cluburlauber selbst sein Urlaubsland kaum kennen, wenn er sich nur innerhalb eines geschlossenen Areals aufh\u00e4lt. Er kommt weder in Kontakt mit den Einheimischen noch nutzt er die M\u00f6glichkeit, authentische lokale Speisen zu probieren. Das f\u00fchrt manchmal so weit, dass Cluburlaub in den unterschiedlichsten Orten nahezu identisch ist: gutes Wetter, passende Unterhaltungsangebote und komfortable Zimmer spielen die Hauptrolle bei der Entscheidung f\u00fcr einen bestimmten Club.<\/p>\n\n\n\n<h2 class=\"wp-block-heading\"><a name=\"cluburlaub-fuer-wen-geeignet\"><\/a>F\u00fcr wen ist Cluburlaub geeignet?<\/h2>\n\n\n\n<p>Cluburlaub eignet sich besonders f\u00fcr Menschen, die sportlich aktiv sind, gerne an organisierten Unterhaltungsprogrammen teilnehmen und sich w\u00e4hrend der Ferien am liebsten um nichts selbst k\u00fcmmern m\u00f6chten. Auch Singles kann ein Cluburlaub empfohlen werden, denn bei den angebotenen Aktionen kommt jeder leicht in Kontakt mit den Mitreisenden und niemand muss sich einsam f\u00fchlen. In vielen <strong>Clubhotels<\/strong> wird das Essen in den Restaurants an gro\u00dfen Tischen eingenommen, so dass man w\u00e4hrend des Essens problemlos mit anderen Leuten ins Gespr\u00e4ch kommt. Cluburlaub mit Kindern ist eine optimale Urlaubsform, bei der sowohl die Eltern als auch die Kids Spa\u00df und Erholung finden, denn das abwechslungsreiche Freizeitangebot bietet f\u00fcr jeden etwas. Reisende, die w\u00e4hrend des Urlaubs auch Land und Leute kennenlernen und ihre Zeit selbst gestalten m\u00f6chten, sollten lieber eine normale Pauschalreise buchen.<\/p>\n\n\n\n<p>Vor der Reisebuchung ist es wichtig, sich sorgf\u00e4ltig \u00fcber die <strong>Leistungen der Clubs zu informieren<\/strong> und dann zu entscheiden, welche davon einem wichtig sind und welche im Preis enthalten sein sollten. Wer zum Beispiel keinen Wert auf exklusive Sportarten legt, die in bestimmten Clubs bereits im Reisepreis inkludiert sind, sollte sich lieber nach einer anderen Anlage umsehen, die besser zu seinen Anspr\u00fcchen passt.<\/p>\n\n\n\n<div class=\"wp-block-buttons is-horizontal is-content-justification-center is-layout-flex wp-container-core-buttons-is-layout-499968f5 wp-block-buttons-is-layout-flex\">\n<div class=\"wp-block-button\"><a class=\"wp-block-button__link wp-element-button\" href=\"https:\/\/www.sonnenklar.tv\/promo\/cluburlaub.html\" target=\"_blank\" rel=\"noreferrer noopener\">Cluburlaub &#8211; zu den angeboten<\/a><\/div>\n<\/div>\n\n\n\n<h3 class=\"wp-block-heading\">Mehr zum Thema Reiseart:<\/h3>\n\n\n\n<p><a href=\"https:\/\/www.sonnenklar.tv\/blog\/reiselexikon\/backpacking-bedeutung\/\">Backpacking<\/a>\u00a0 \u00a0\u00a0<a href=\"https:\/\/www.sonnenklar.tv\/blog\/reiselexikon\/glamping-bedeutung\/\">Glamping<\/a>\u00a0 \u00a0 <a href=\"https:\/\/www.sonnenklar.tv\/blog\/reiselexikon\/individualreise-bedeutung\/\">Individualreise<\/a>\u00a0 \u00a0 <a href=\"https:\/\/www.sonnenklar.tv\/blog\/reiselexikon\/inselhopping-bedeutung\/\">Inselhopping<\/a>\u00a0 \u00a0 <a href=\"https:\/\/www.sonnenklar.tv\/blog\/reiselexikon\/kreuzfahrt-bedeutung\/\">Kreuzfahrt<\/a>\u00a0 \u00a0 <a href=\"https:\/\/www.sonnenklar.tv\/blog\/reiselexikon\/langzeiturlaub-bedeutung\/\">Langzeiturlaub<\/a>\u00a0 \u00a0 <a href=\"https:\/\/www.sonnenklar.tv\/blog\/reiselexikon\/last-minute-bedeutung\/\">Last Minute<\/a>\u00a0 \u00a0 <a href=\"https:\/\/www.sonnenklar.tv\/blog\/reiselexikon\/pauschalreise-bedeutung\/\">Pauschalreise<\/a>\u00a0 \u00a0 <a href=\"https:\/\/www.sonnenklar.tv\/blog\/reiselexikon\/was-ist-ein-roadtrip\/\">Roadtrip<\/a><\/p>\n\n\n\n<p><a href=\"https:\/\/www.sonnenklar.tv\/blog\/reiselexikon\/\">&lt;&lt; Zur\u00fcck zum Reiselexikon<\/a><\/p>\n","protected":false},"excerpt":{"rendered":"<p>Was im Jahr 1973 mit der Er\u00f6ffnung eines Clubhotels im Senegal begann, hat sich in den letzten Jahren zu einer sehr erfolgreichen Reisesparte entwickelt. Heutzutage f\u00fchren alle gro\u00dfen Reiseveranstalter eine oder sogar mehrere Clubhotel-Ketten in ihrem Programm. Die einzelnen Clubs unterscheiden sich sowohl im Preis als auch in ihren Leistungen sehr stark voneinander und sprechen<\/p>\n","protected":false},"author":3,"featured_media":0,"parent":6051,"menu_order":0,"comment_status":"closed","ping_status":"closed","template":"","meta":{"footnotes":""},"class_list":["post-8642","page","type-page","status-publish"],"_links":{"self":[{"href":"https:\/\/www.sonnenklar.tv\/blog\/wp-json\/wp\/v2\/pages\/8642","targetHints":{"allow":["GET"]}}],"collection":[{"href":"https:\/\/www.sonnenklar.tv\/blog\/wp-json\/wp\/v2\/pages"}],"about":[{"href":"https:\/\/www.sonnenklar.tv\/blog\/wp-json\/wp\/v2\/types\/page"}],"author":[{"embeddable":true,"href":"https:\/\/www.sonnenklar.tv\/blog\/wp-json\/wp\/v2\/users\/3"}],"replies":[{"embeddable":true,"href":"https:\/\/www.sonnenklar.tv\/blog\/wp-json\/wp\/v2\/comments?post=8642"}],"version-history":[{"count":12,"href":"https:\/\/www.sonnenklar.tv\/blog\/wp-json\/wp\/v2\/pages\/8642\/revisions"}],"predecessor-version":[{"id":37566,"href":"https:\/\/www.sonnenklar.tv\/blog\/wp-json\/wp\/v2\/pages\/8642\/revisions\/37566"}],"up":[{"embeddable":true,"href":"https:\/\/www.sonnenklar.tv\/blog\/wp-json\/wp\/v2\/pages\/6051"}],"wp:attachment":[{"href":"https:\/\/www.sonnenklar.tv\/blog\/wp-json\/wp\/v2\/media?parent=8642"}],"curies":[{"name":"wp","href":"https:\/\/api.w.org\/{rel}","templated":true}]}}