{"id":8371,"date":"2018-08-29T10:09:28","date_gmt":"2018-08-29T08:09:28","guid":{"rendered":"https:\/\/www.sonnenklar.tv\/blog\/?page_id=8371"},"modified":"2025-12-12T16:04:40","modified_gmt":"2025-12-12T15:04:40","slug":"was-ist-ein-vielfliegerprogramm","status":"publish","type":"page","link":"https:\/\/www.sonnenklar.tv\/blog\/reiselexikon\/was-ist-ein-vielfliegerprogramm\/","title":{"rendered":"Was ist ein Vielfliegerprogramm?"},"content":{"rendered":"\n<p><strong>Fast alle Fluggesellschaften bieten Vielfliegerprogramme an. Was verbirgt sich dahinter und wie k\u00f6nnt ihr an einem solchen Programm teilnehmen? Dieser kleine Ratgeber informiert euch dar\u00fcber, welche Vielfliegerprogramme sich wirklich lohnen, welche Vorteile sie bieten und wie ihr am besten davon profitiert.<\/strong><\/p>\n\n\n\n<hr class=\"wp-block-separator has-css-opacity\"\/>\n\n\n\n<p><strong>Inhaltsverzeichnis<\/strong><\/p>\n\n\n\n<ul class=\"wp-block-list\">\n<li><a href=\"#vielfliegerprogramm-bedeutung\">Was ist ein Vielfliegerprogramm?<\/a><\/li>\n\n\n\n<li><a href=\"#vielfliegerprogramm-vorteile\">Was beinhaltet ein Vielfliegerprogramm genau und welche Vorteile bietet es?<\/a><\/li>\n\n\n\n<li><a href=\"#vielfliegerprogramm-nutzen\">Worauf m\u00fcsst ihr beim Vielfliegerprogramm achten?<\/a><\/li>\n<\/ul>\n\n\n\n<hr class=\"wp-block-separator has-css-opacity\"\/>\n\n\n\n<h2 class=\"wp-block-heading\"><a name=\"vielfliegerprogramm-bedeutung\"><\/a>Was ist ein Vielfliegerprogramm?<\/h2>\n\n\n\n<p>Mit einem Vielfliegerprogramm wollen Fluggesellschaften Flugreisende an das eigene Unternehmen binden. Daf\u00fcr bieten sie verschiedene Vorteile und Pr\u00e4mien f\u00fcr die Teilnehmer des entsprechenden Programms an. Teilnehmer k\u00f6nnen in der Regel alle Personen sein, die mit einer Fluggesellschaft fliegen, die ein Vielfliegerprogramm anbietet.<\/p>\n\n\n\n<p>Vielflieger, auch Frequent Traveller genannt, m\u00fcsst ihr dazu gar nicht unbedingt sein, denn Bonusmeilen k\u00f6nnt ihr auch sammeln, wenn ihr nur ab und zu fliegt. Au\u00dferdem gibt es bei vielen Programmen noch andere M\u00f6glichkeiten des Meilensammelns. Nat\u00fcrlich profitiert am meisten, wer tats\u00e4chlich viel fliegt. Die Teilnahme kann sich aber durchaus auch schon bei wenigen Fl\u00fcgen im Jahr lohnen.<\/p>\n\n\n\n<h2 class=\"wp-block-heading\"><a name=\"vielfliegerprogramm-vorteile\"><\/a>Was beinhaltet ein Vielfliegerprogramm genau und welche Vorteile bietet es?<\/h2>\n\n\n\n<p>Als Teilnehmer eines Vielfliegerprogramms k\u00f6nnt ihr mit Fl\u00fcgen <strong>Bonusmeilen<\/strong> sammeln. Wie viele Bonusmeilen f\u00fcr einen Flug gut geschrieben werden, ist in der Regel abh\u00e4ngig von der Airline, der geflogenen Distanz, der Buchungsklasse (Economy, Business, First) und teilweise auch vom Status, den ihr innerhalb eines Vielfliegerprogramms erreicht habt. Klar, dass es bei einem Business-Flug oder gar einem Flug in der First-Class mehr Flugmeilen gibt als in der Economy-Class. Da viele Fluggesellschaften auch die Economy-Class noch einmal in Buchungskategorien unterteilt haben, kann es hier auch noch Unterschiede geben. Je mehr Meilen ihr sammelt, desto h\u00f6her wird euer Status, was wiederum zu mehr Verg\u00fcnstigungen f\u00fchrt.<\/p>\n\n\n\n<p>Die gesammelten <strong>Flugmeilenmeilen<\/strong> k\u00f6nnt ihr dann f\u00fcr sogenannte Meilenfl\u00fcge einsetzen, d.h. dass ihr den Flug mit Meilen bezahlt. Oder ihr g\u00f6nnt euch ein Upgrade in die Business-Class. Bei einer ganzen Reihe von Vielfliegerprogrammen k\u00f6nnt ihr die Meilen auch gegen Sachwerte eintauschen, beispielsweise gegen eine schicke Reisetasche, Schmuck, Uhren oder Klamotten. Auch in kooperierenden Hotels lassen sich Meilen f\u00fcr die Bezahlung von \u00dcbernachtungen oder f\u00fcr Upgrades einsetzen.<\/p>\n\n\n\n<figure class=\"wp-block-image size-large\"><a href=\"https:\/\/www.sonnenklar.tv\/blog\/wp-content\/uploads\/2025\/02\/vielfliegerprogramm-1.jpg\"><img fetchpriority=\"high\" decoding=\"async\" width=\"880\" height=\"450\" src=\"https:\/\/www.sonnenklar.tv\/blog\/wp-content\/uploads\/2025\/02\/vielfliegerprogramm-1.jpg\" alt=\"Vielfliegerprogramm\" class=\"wp-image-34506\" srcset=\"https:\/\/www.sonnenklar.tv\/blog\/wp-content\/uploads\/2025\/02\/vielfliegerprogramm-1.jpg 880w, https:\/\/www.sonnenklar.tv\/blog\/wp-content\/uploads\/2025\/02\/vielfliegerprogramm-1-800x409.jpg 800w, https:\/\/www.sonnenklar.tv\/blog\/wp-content\/uploads\/2025\/02\/vielfliegerprogramm-1-120x61.jpg 120w, https:\/\/www.sonnenklar.tv\/blog\/wp-content\/uploads\/2025\/02\/vielfliegerprogramm-1-90x46.jpg 90w, https:\/\/www.sonnenklar.tv\/blog\/wp-content\/uploads\/2025\/02\/vielfliegerprogramm-1-320x164.jpg 320w, https:\/\/www.sonnenklar.tv\/blog\/wp-content\/uploads\/2025\/02\/vielfliegerprogramm-1-560x286.jpg 560w\" sizes=\"(max-width: 880px) 100vw, 880px\" \/><\/a><figcaption class=\"wp-element-caption\">Was bedeutet Vielfliegerprogramm?<\/figcaption><\/figure>\n\n\n\n<p><strong>Je nach Fluggesellschaft und Status werden unter anderem folgende Vorteile im Rahmen von Vielfliegerprogrammen angeboten:<\/strong><\/p>\n\n\n\n<ul class=\"wp-block-list\">\n<li>Priority Check in und Fast Lane (bevorzugte Sicherheitskontrolle)<\/li>\n\n\n\n<li>Zugang zur Airport Lounge<\/li>\n\n\n\n<li>mehr Freigep\u00e4ck<\/li>\n\n\n\n<li>Upgrade in eine h\u00f6here Buchungsklasse<\/li>\n\n\n\n<li>Priorit\u00e4t auf der Warteliste<\/li>\n\n\n\n<li>Welche Vielfliegerprogramme gibt es?<\/li>\n\n\n\n<li>Die gr\u00f6\u00dften Anbieter von Vielfliegerprogrammen sind:<\/li>\n\n\n\n<li>Star Alliance (Miles &amp; More)<\/li>\n\n\n\n<li>SkyTeam-Alliance<\/li>\n\n\n\n<li>Oneword Alliance<\/li>\n\n\n\n<li>Etihad Guest<\/li>\n<\/ul>\n\n\n\n<p>Einer der weltweit gr\u00f6\u00dften Anbieter ist die <strong>Star Alliance<\/strong>, unter der sich 28 Fluglinien zusammengeschlossen haben und gemeinsam das Vielfliegerprogramm <strong>Miles &amp; More<\/strong> anbieten. Zu den Mitgliedern z\u00e4hlen unter anderem Lufthansa, Swiss, Austrian Airlines, Scandinavian Airlines, Singapore Airlines und United. Dar\u00fcber hinaus gibt es noch weitere Partner wie beispielsweise die Lufthansatochter Eurowings sowie zahlreiche Kooperationspartner (Hotels, Restaurants, Autovermietungen, Zeitschriftenverlage, etc.).<\/p>\n\n\n\n<p>Zu den 20 Mitgliedern der <strong>SkyTeam-Alliance<\/strong> geh\u00f6ren unter anderem die Fluggesellschaften Airfrance, Alitalia, KLM und Delta Airlines. Etwas mehr als zehn Fluggesellschaften kooperieren in der Oneword Alliance, darunter British Airways, Iberia, American Airlines und Finnair.<\/p>\n\n\n\n<p>Das Vielfliegerprogramm von Etihad Airways (Vereinigte Arabische Emirate) mit der Bezeichnung<strong> Etihad Guest<\/strong> hat sich mittlerweile ebenfalls zu einer gro\u00dfen Allianz ausgeweitet, an der \u00fcber 150 Partner beteiligt sind. Neben der Airline Etihad Airways selbst geh\u00f6ren z.B. Alitalia, SAS, Bangkok Airways und zahlreiche andere Fluggesellschaften, Hotels und Restaurants zu den teilnehmenden Partnern.<\/p>\n\n\n\n<h2 class=\"wp-block-heading\"><a name=\"vielfliegerprogramm-nutzen\"><\/a>Worauf m\u00fcsst ihr bei einem Vielfliegerprogramm achten?<\/h2>\n\n\n\n<p>In jedem Fall m\u00fcsst ihr die Vertragsbedingungen genau durchlesen. Beispielsweise sind gesammelte Meilen nicht endlos g\u00fcltig und verfallen nach einem bestimmten Zeitraum, wenn sie nicht eingesetzt werden. Au\u00dferdem muss euch klar sein, dass ihr auch bei einem Meilenflug die Flughafengeb\u00fchren und Steuern bezahlen m\u00fcsst. Ganz kostenlos ist ein Meilenflug also nicht.<\/p>\n\n\n\n<p>Ob es sich lohnt, Meilen gegen einen bestimmten Flug, eine Hotel\u00fcbernachtung oder ein Produkt eines Kooperationspartners einzutauschen, sollte ebenfalls gut gepr\u00fcft werden. Bei besonders g\u00fcnstigen Flugangeboten rechnet es sich oft mehr, mit Geld zu bezahlen anstatt mit Meilen. Andererseits werden h\u00e4ufig besondere \u201eMeilenschn\u00e4ppchen\u201c angeboten. Das sind Fl\u00fcge, f\u00fcr die nur eine reduzierte Anzahl von Meilen eingesetzt werden muss.<\/p>\n\n\n\n<p>Absolut lohnenswert ist es hingegen, sich \u00fcber die Kooperationspartner des jeweiligen Vielfliegerprogramms zu informieren. Hier k\u00f6nnt ihr jede Menge Meilen sammeln, beispielsweise wenn ihr ein Auto mietet, in Kooperationshotels \u00fcbernachtet, Handyvertr\u00e4ge abschlie\u00dft oder Zeitungsabonnements bestellt. Miles &amp; More bietet beispielsweise auch eine Kreditkarte an, mit der ihr bei jeder Bezahlung Meilen sammelt.<\/p>\n\n\n\n<div class=\"wp-block-buttons is-horizontal is-content-justification-center is-layout-flex wp-container-core-buttons-is-layout-499968f5 wp-block-buttons-is-layout-flex\">\n<div class=\"wp-block-button\"><a class=\"wp-block-button__link wp-element-button\" href=\"https:\/\/www.sonnenklar.tv\/tv-specials\/fluege.html\" target=\"_blank\" rel=\"noreferrer noopener\">Fl\u00fcge finden und vergleichen<\/a><\/div>\n<\/div>\n\n\n\n<h3 class=\"wp-block-heading\">Mehr zum Thema Fl\u00fcge:<\/h3>\n\n\n\n<p><a href=\"https:\/\/www.sonnenklar.tv\/blog\/reiselexikon\/gabelflug-bedeutung\/\">Gabelflug<\/a>\u00a0 \u00a0\u00a0<a href=\"https:\/\/www.sonnenklar.tv\/blog\/reiselexikon\/charterflug-bedeutung\/\">Charterflug<\/a>\u00a0 \u00a0 <a href=\"https:\/\/www.sonnenklar.tv\/blog\/reiselexikon\/linienflug-bedeutung\/\">Linienflug<\/a>\u00a0 \u00a0\u00a0<a href=\"https:\/\/www.sonnenklar.tv\/blog\/reiselexikon\/stopover-flug-bedeutung\/\">Stopover Flug<\/a>\u00a0 \u00a0\u00a0<a href=\"https:\/\/www.sonnenklar.tv\/blog\/reiselexikon\/multistopp-flug-bedeutung\/\">Multistopp Flug<\/a>\u00a0 \u00a0\u00a0<a href=\"https:\/\/www.sonnenklar.tv\/blog\/reiselexikon\/schwanzflug-bedeutung\/\">Schwanzflug<\/a>\u00a0 \u00a0\u00a0<a href=\"https:\/\/www.sonnenklar.tv\/blog\/reiselexikon\/codeshare-flug-bedeutung\/\">Codeshare Flug<\/a><\/p>\n\n\n\n<p><a href=\"https:\/\/www.sonnenklar.tv\/blog\/reiselexikon\/\">&lt;&lt; Zur\u00fcck zum Reiselexikon<\/a><\/p>\n","protected":false},"excerpt":{"rendered":"<p>Fast alle Fluggesellschaften bieten Vielfliegerprogramme an. Was verbirgt sich dahinter und wie k\u00f6nnt ihr an einem solchen Programm teilnehmen? Dieser kleine Ratgeber informiert euch dar\u00fcber, welche Vielfliegerprogramme sich wirklich lohnen, welche Vorteile sie bieten und wie ihr am besten davon profitiert. Inhaltsverzeichnis Was ist ein Vielfliegerprogramm? Mit einem Vielfliegerprogramm wollen Fluggesellschaften Flugreisende an das eigene<\/p>\n","protected":false},"author":3,"featured_media":0,"parent":6051,"menu_order":0,"comment_status":"closed","ping_status":"closed","template":"","meta":{"footnotes":""},"class_list":["post-8371","page","type-page","status-publish"],"_links":{"self":[{"href":"https:\/\/www.sonnenklar.tv\/blog\/wp-json\/wp\/v2\/pages\/8371","targetHints":{"allow":["GET"]}}],"collection":[{"href":"https:\/\/www.sonnenklar.tv\/blog\/wp-json\/wp\/v2\/pages"}],"about":[{"href":"https:\/\/www.sonnenklar.tv\/blog\/wp-json\/wp\/v2\/types\/page"}],"author":[{"embeddable":true,"href":"https:\/\/www.sonnenklar.tv\/blog\/wp-json\/wp\/v2\/users\/3"}],"replies":[{"embeddable":true,"href":"https:\/\/www.sonnenklar.tv\/blog\/wp-json\/wp\/v2\/comments?post=8371"}],"version-history":[{"count":8,"href":"https:\/\/www.sonnenklar.tv\/blog\/wp-json\/wp\/v2\/pages\/8371\/revisions"}],"predecessor-version":[{"id":37615,"href":"https:\/\/www.sonnenklar.tv\/blog\/wp-json\/wp\/v2\/pages\/8371\/revisions\/37615"}],"up":[{"embeddable":true,"href":"https:\/\/www.sonnenklar.tv\/blog\/wp-json\/wp\/v2\/pages\/6051"}],"wp:attachment":[{"href":"https:\/\/www.sonnenklar.tv\/blog\/wp-json\/wp\/v2\/media?parent=8371"}],"curies":[{"name":"wp","href":"https:\/\/api.w.org\/{rel}","templated":true}]}}