{"id":8232,"date":"2018-08-21T14:36:40","date_gmt":"2018-08-21T12:36:40","guid":{"rendered":"https:\/\/www.sonnenklar.tv\/blog\/?page_id=8232"},"modified":"2025-12-12T15:44:32","modified_gmt":"2025-12-12T14:44:32","slug":"hotel-garni-bedeutung","status":"publish","type":"page","link":"https:\/\/www.sonnenklar.tv\/blog\/reiselexikon\/hotel-garni-bedeutung\/","title":{"rendered":"Was ist ein Hotel Garni?"},"content":{"rendered":"\n<p><strong>Bestimmt ist euch bei einer Internet-Recherche nach preisg\u00fcnstigen \u00dcbernachtungsm\u00f6glichkeiten schon einmal der Ausdruck \u201eHotel Garni\u201c aufgefallen. Wusstet ihr damals schon, worum es sich bei so einem Hotel handelt? Kaum jemand kennt die exakte Bedeutung von Hotel Garni. Hier erfahrt ihr, was hinter dieser Hotelbezeichnung steckt.<\/strong><\/p>\n\n\n\n<hr class=\"wp-block-separator has-css-opacity\"\/>\n\n\n\n<p><strong>Inhaltsverzeichnis<\/strong><\/p>\n\n\n\n<ul class=\"wp-block-list\">\n<li><a href=\"#hotel-garni-bedeutung\">Was bedeutet Hotel Garni?<\/a><\/li>\n\n\n\n<li><a href=\"#hotel-garni-vorteile\">Was sind die Vorteile beim Hotel Garni?<\/a><\/li>\n\n\n\n<li><a href=\"#hotel-garni-nachteile\">Was sind die Nachteile beim Hotel Garni?<\/a><\/li>\n\n\n\n<li><a href=\"#hotel-garni-geeignet\">F\u00fcr wen eignet sich ein Hotel Garni?<\/a><\/li>\n<\/ul>\n\n\n\n<hr class=\"wp-block-separator has-css-opacity\"\/>\n\n\n\n<h2 class=\"wp-block-heading\"><a name=\"hotel-garni-bedeutung\"><\/a>Was bedeutet Hotel Garni?<\/h2>\n\n\n\n<p>Der Ausdruck \u201eHotel Garni\u201c kommt aus dem Franz\u00f6sischen und bedeutet w\u00f6rtlich \u201em\u00f6blierte Herberge\u201c. Heute ist diese Bezeichnung nicht mehr w\u00f6rtlich gemeint sondern steht einfach f\u00fcr Hotels ohne Restaurant. Vielleicht habt ihr irgendwann einmal den Ausdruck \u201e<em>Fr\u00fchst\u00fcckshotel<\/em>\u201c geh\u00f6rt? Genau darum geht es bei einem Hotel Garni: Es bietet seinen G\u00e4sten eine \u00dcbernachtung mit Fr\u00fchst\u00fcck \u2013 ohne weitere Serviceangebote.<\/p>\n\n\n\n<p>Besonders Gesch\u00e4ftsreisende und Urlauber auf St\u00e4dtereise buchen gern diese Unterkunftsart. Wer ohnehin den Gro\u00dfteil des Tages unterwegs ist, freut sich \u00fcber die M\u00f6glichkeit zur flexiblen Tageseinteilung. Ganz wie bei gr\u00f6\u00dferen Hotels mit Restaurant gibt es auch f\u00fcr Hotels Garnis Sterne-Klassifizierungen. Allerdings reicht sie nur bis zum 4-Sterne-Hotel Garni (laut Landeskategorie). Was die Kosten angeht: F\u00fcr eine \u00dcbernachtung im Hotel Garni zahlt ihr in jedem Fall weniger als in einem normalen Hotel der selben Sterne-Klasse laut Landeskategorie.<\/p>\n\n\n\n<h2 class=\"wp-block-heading\"><a name=\"hotel-garni-vorteile\"><\/a>Was sind die Vorteile beim Hotel Garni?<\/h2>\n\n\n\n<p>Trotz des eingeschr\u00e4nkten Hotel-Services bietet diese Unterkunftsart vielen Reisenden eindeutige Vorteile. Nicht nur die \u00dcbernachtung ist preisg\u00fcnstiger \u2013 mit einem guten Fr\u00fchst\u00fcck im Bauch lassen manche Sparf\u00fcchse unterwegs sogar das Mittagessen ausfallen. Bis zum Abendessen im Restaurant mit lokalen Spezialit\u00e4ten knabbern sie einfach nur etwas Obst oder einen Snack. So steht der ganze Tag f\u00fcr Unternehmungen zur Verf\u00fcgung. Noch dazu ist es m\u00f6glich, dass ihr ein Hotel Garni recht kurzfristig reserviert. Diese Unterkunftsart zieht h\u00e4ufig Tagesg\u00e4ste an, die spontan buchen \u2013 und die Hotels sind darauf eingestellt.<\/p>\n\n\n\n<p>Im Gegensatz zur gro\u00dfen Hotelanlage hat ein Hotel Garni zumeist relativ wenige Wohneinheiten. Das Resort ist wesentlich \u00fcberschaubarer \u2013 was besonders praktisch f\u00fcr Reisende ist, die nur eine \u00dcbernachtung buchen. Auch wenn euch bei einer Unterbringung im Hotel Garni in etwa der selben Service wie in einer Pension erwartet, ist das Ambiente eher wie in anderen Hotels. Eine gewisse Anonymit\u00e4t garantiert euch ausreichend Privatsph\u00e4re: besonders praktisch, wenn ihr gerade auf einer Rundreise seid und eigentlich nur noch ins Hotel kommt, um dort zu duschen und zu schlafen.<\/p>\n\n\n\n<figure class=\"wp-block-image size-large\"><a href=\"https:\/\/www.sonnenklar.tv\/blog\/wp-content\/uploads\/2025\/02\/hotel-garni-1.jpg\"><img fetchpriority=\"high\" decoding=\"async\" width=\"880\" height=\"450\" src=\"https:\/\/www.sonnenklar.tv\/blog\/wp-content\/uploads\/2025\/02\/hotel-garni-1.jpg\" alt=\"Hotel Garni\" class=\"wp-image-34551\" srcset=\"https:\/\/www.sonnenklar.tv\/blog\/wp-content\/uploads\/2025\/02\/hotel-garni-1.jpg 880w, https:\/\/www.sonnenklar.tv\/blog\/wp-content\/uploads\/2025\/02\/hotel-garni-1-800x409.jpg 800w, https:\/\/www.sonnenklar.tv\/blog\/wp-content\/uploads\/2025\/02\/hotel-garni-1-120x61.jpg 120w, https:\/\/www.sonnenklar.tv\/blog\/wp-content\/uploads\/2025\/02\/hotel-garni-1-90x46.jpg 90w, https:\/\/www.sonnenklar.tv\/blog\/wp-content\/uploads\/2025\/02\/hotel-garni-1-320x164.jpg 320w, https:\/\/www.sonnenklar.tv\/blog\/wp-content\/uploads\/2025\/02\/hotel-garni-1-560x286.jpg 560w\" sizes=\"(max-width: 880px) 100vw, 880px\" \/><\/a><figcaption class=\"wp-element-caption\">Was ist ein Hotel Garni?<\/figcaption><\/figure>\n\n\n\n<p><strong>Vorteile Hotel Garni:<\/strong><\/p>\n\n\n\n<ul class=\"wp-block-list\">\n<li>G\u00fcnstige \u00dcbernachtungs-Preise<\/li>\n\n\n\n<li>Sterne-Klassifizierung (laut Landeskategorie)<\/li>\n\n\n\n<li>Relativ kurzfristige Reservierung m\u00f6glich<\/li>\n\n\n\n<li>Flexibilit\u00e4t in der Tagesplanung<\/li>\n\n\n\n<li>\u00dcberschaubare Hotelanlagen<\/li>\n\n\n\n<li>Privatsph\u00e4re<\/li>\n<\/ul>\n\n\n\n<h2 class=\"wp-block-heading\"><a name=\"hotel-garni-nachteile\"><\/a>Was sind die Nachteile beim Hotel Garni?<\/h2>\n\n\n\n<p>Elegante Foyers, Bars und Wellness-Bereiche sucht ihr in einem Hotel Garni vergebens. Bei einer \u00dcbernachtung im Hotel Garni steht euch nur ein rudiment\u00e4rer Service zur Verf\u00fcgung: eine Rezeption, ein Zimmer mit Bad und ein Fr\u00fchst\u00fcck, das im \u00dcbernachtungs-Preis inbegriffen ist. Je nach Sterne-Landeskategorie kommen kleine Extras in der Ausstattung wie eine Klimaanlage oder eine Badewanne hinzu. Sauna, Whirlpool oder Hotel-eigenes Fitnesscenter geh\u00f6ren nicht zur Ausstattung eines Hotels Garni.<\/p>\n\n\n\n<p><strong>Nachteile Hotel Garni:<\/strong><\/p>\n\n\n\n<ul class=\"wp-block-list\">\n<li>Nur rudiment\u00e4rer Service<\/li>\n\n\n\n<li>Keine Wellness-Anlagen<\/li>\n\n\n\n<li>Keine Fitness-Bereiche<\/li>\n\n\n\n<li>Kein Hotel-eigenes Restaurant<\/li>\n\n\n\n<li>Zumeist keine Hotel-Bar<\/li>\n<\/ul>\n\n\n\n<h2 class=\"wp-block-heading\"><a name=\"hotel-garni-geeignet\"><\/a>F\u00fcr wen eignet sich ein Hotel Garni?<\/h2>\n\n\n\n<p>Diese Unterkunftsart wird besonders gern von Gesch\u00e4ftsreisenden besucht, weil sie ohnehin den ganzen Tag \u00fcber zu tun haben und abends nur noch ein gem\u00fctliches Zimmer mit einem bequemen Bett brauchen. Ganz \u00e4hnlich ergeht es euch, wenn ihr euch f\u00fcr eine Rundreise oder einen St\u00e4dtetrip entschieden habt: Einfach nur noch ab in die Koje und am n\u00e4chsten Tag nach einem reichhaltigen Fr\u00fchst\u00fcck auf zu neuen Abenteuern.<\/p>\n\n\n\n<p>Es gibt aber auch Urlauber, die gern l\u00e4ngere Zeit in einem Hotel Garni verbringen. Wer einen Badeurlaub plant sollte \u00fcberlegen, ob er bei mehr als 30\u00ba Grad im Schatten wirklich noch Lust auf ein richtiges Mittagessen im Hotel hat. Vielleicht passt ihr eure Tagesroutine ja dem Klima an und esst mittags lieber einen leichten Snack am Strand? F\u00fcr Aktivurlauber ist ein Hotel Garni genau das Richtige: Sie sind ja sowieso fast den ganzen Tag lang auf Achse. Wer allerdings nach einem Rundum-sorglos-Paket Ausschau h\u00e4lt, ist beim Hotel Garni an der falschen Adresse.<\/p>\n\n\n\n<div class=\"wp-block-buttons is-horizontal is-content-justification-center is-layout-flex wp-container-core-buttons-is-layout-499968f5 wp-block-buttons-is-layout-flex\">\n<div class=\"wp-block-button\"><a class=\"wp-block-button__link wp-element-button\" href=\"https:\/\/www.sonnenklar.tv\/promo\/hotel-garni.html\" target=\"_blank\" rel=\"noreferrer noopener\">Garni hotels &#8211; zu den angeboten<\/a><\/div>\n<\/div>\n\n\n\n<h3 class=\"wp-block-heading\">Mehr zum Thema Unterkunft:<\/h3>\n\n\n\n<p><a href=\"https:\/\/www.sonnenklar.tv\/blog\/reiselexikon\/was-bedeuten-hotelsterne\/\">Hotelsterne<\/a>\u00a0 \u00a0 <a href=\"https:\/\/www.sonnenklar.tv\/blog\/reiselexikon\/hotel-abkuerzungen-bedeutung\/\">Hotelabk\u00fcrzungen<\/a>\u00a0\u00a0\u00a0\u00a0<a href=\"https:\/\/www.sonnenklar.tv\/blog\/reiselexikon\/bed-and-breakfast-bedeutung\/\">Bed &amp; Breakfast<\/a>\u00a0 \u00a0 <a href=\"https:\/\/www.sonnenklar.tv\/blog\/reiselexikon\/bungalow-bedeutung\/\">Bungalow<\/a>\u00a0 \u00a0 <a href=\"https:\/\/www.sonnenklar.tv\/blog\/reiselexikon\/finca-bedeutung\/\">Finca<\/a>\u00a0 \u00a0 <a href=\"https:\/\/www.sonnenklar.tv\/blog\/reiselexikon\/chalet-bedeutung\/\">Chalet<\/a>\u00a0 \u00a0\u00a0<a href=\"https:\/\/www.sonnenklar.tv\/blog\/reiselexikon\/riad-bedeutung\/\">Riad<\/a>\u00a0 \u00a0 <a href=\"https:\/\/www.sonnenklar.tv\/blog\/reiselexikon\/hostel-bedeutung\/\">Hostel<\/a>\u00a0 \u00a0 <a href=\"https:\/\/www.sonnenklar.tv\/blog\/reiselexikon\/erwachsenenhotel-bedeutung\/\">Erwachsenenhotel<\/a>\u00a0 \u00a0 <a href=\"https:\/\/www.sonnenklar.tv\/blog\/reiselexikon\/aparthotel-bedeutung\/\">Aparthotel<\/a>\u00a0 \u00a0 <a href=\"https:\/\/www.sonnenklar.tv\/blog\/reiselexikon\/vital-hotel-bedeutung\/\">Vital Hotel<\/a>\u00a0 \u00a0\u00a0<a href=\"https:\/\/www.sonnenklar.tv\/blog\/reiselexikon\/glueckshotel-bedeutung\/\">Gl\u00fcckshotel<\/a>\u00a0 \u00a0 <a href=\"https:\/\/www.sonnenklar.tv\/blog\/reiselexikon\/resort-bedeutung\/\">Resort<\/a>\u00a0 \u00a0 <a href=\"https:\/\/www.sonnenklar.tv\/blog\/reiselexikon\/mobilheim-bedeutung\/\">Mobilheim<\/a>\u00a0 \u00a0 <a href=\"https:\/\/www.sonnenklar.tv\/blog\/reiselexikon\/pension-hotel-bedeutung\/\">Pension<\/a>\u00a0 \u00a0 <a href=\"https:\/\/www.sonnenklar.tv\/blog\/reiselexikon\/biohotel-bedeutung\/\">Biohotel<\/a>\u00a0 \u00a0\u00a0<a href=\"https:\/\/www.sonnenklar.tv\/blog\/reiselexikon\/doppelzimmer-bedeutung\/\">Doppelzimmer<\/a>\u00a0 \u00a0\u00a0<a href=\"https:\/\/www.sonnenklar.tv\/blog\/reiselexikon\/familienzimmer-bedeutung\/\">Familienzimmer<\/a>\u00a0 \u00a0 <a href=\"https:\/\/www.sonnenklar.tv\/blog\/reiselexikon\/sparzimmer-bedeutung\/\">Sparzimmer<\/a>\u00a0 \u00a0 <a href=\"https:\/\/www.sonnenklar.tv\/blog\/reiselexikon\/boutique-hotel-bedeutung\/\">Boutique Hotel<\/a>\u00a0\u00a0\u00a0 <a href=\"https:\/\/www.sonnenklar.tv\/blog\/reiselexikon\/suite-bedeutung\/\">Suite<\/a>\u00a0 \u00a0 <a href=\"https:\/\/www.sonnenklar.tv\/blog\/reiselexikon\/studio-apartment-bedeutung\/\">Studio Apartment<\/a> \u00a0 \u00a0 <a href=\"https:\/\/www.sonnenklar.tv\/blog\/reiselexikon\/kabine-bedeutung\/\">Kabine<\/a>\u00a0 \u00a0 <a href=\"https:\/\/www.sonnenklar.tv\/blog\/reiselexikon\/superiorzimmer-bedeutung\/\">Superiorzimmer<\/a>\u00a0 \u00a0 <a href=\"https:\/\/www.sonnenklar.tv\/blog\/boardinghouse-bedeutung\/\">Boardinghouse<\/a>\u00a0 \u00a0 <a href=\"https:\/\/www.sonnenklar.tv\/blog\/reiselexikon\/ryokan-bedeutung\/\">Ryokan<\/a><\/p>\n\n\n\n<p><a href=\"https:\/\/www.sonnenklar.tv\/blog\/reiselexikon\/\">&lt;&lt; Zur\u00fcck zum Reiselexikon<\/a><\/p>\n","protected":false},"excerpt":{"rendered":"<p>Bestimmt ist euch bei einer Internet-Recherche nach preisg\u00fcnstigen \u00dcbernachtungsm\u00f6glichkeiten schon einmal der Ausdruck \u201eHotel Garni\u201c aufgefallen. Wusstet ihr damals schon, worum es sich bei so einem Hotel handelt? Kaum jemand kennt die exakte Bedeutung von Hotel Garni. Hier erfahrt ihr, was hinter dieser Hotelbezeichnung steckt. Inhaltsverzeichnis Was bedeutet Hotel Garni? Der Ausdruck \u201eHotel Garni\u201c kommt<\/p>\n","protected":false},"author":3,"featured_media":0,"parent":6051,"menu_order":0,"comment_status":"closed","ping_status":"closed","template":"","meta":{"footnotes":""},"class_list":["post-8232","page","type-page","status-publish"],"_links":{"self":[{"href":"https:\/\/www.sonnenklar.tv\/blog\/wp-json\/wp\/v2\/pages\/8232","targetHints":{"allow":["GET"]}}],"collection":[{"href":"https:\/\/www.sonnenklar.tv\/blog\/wp-json\/wp\/v2\/pages"}],"about":[{"href":"https:\/\/www.sonnenklar.tv\/blog\/wp-json\/wp\/v2\/types\/page"}],"author":[{"embeddable":true,"href":"https:\/\/www.sonnenklar.tv\/blog\/wp-json\/wp\/v2\/users\/3"}],"replies":[{"embeddable":true,"href":"https:\/\/www.sonnenklar.tv\/blog\/wp-json\/wp\/v2\/comments?post=8232"}],"version-history":[{"count":15,"href":"https:\/\/www.sonnenklar.tv\/blog\/wp-json\/wp\/v2\/pages\/8232\/revisions"}],"predecessor-version":[{"id":37583,"href":"https:\/\/www.sonnenklar.tv\/blog\/wp-json\/wp\/v2\/pages\/8232\/revisions\/37583"}],"up":[{"embeddable":true,"href":"https:\/\/www.sonnenklar.tv\/blog\/wp-json\/wp\/v2\/pages\/6051"}],"wp:attachment":[{"href":"https:\/\/www.sonnenklar.tv\/blog\/wp-json\/wp\/v2\/media?parent=8232"}],"curies":[{"name":"wp","href":"https:\/\/api.w.org\/{rel}","templated":true}]}}