{"id":8205,"date":"2018-08-21T12:40:30","date_gmt":"2018-08-21T10:40:30","guid":{"rendered":"https:\/\/www.sonnenklar.tv\/blog\/?page_id=8205"},"modified":"2025-12-12T15:52:25","modified_gmt":"2025-12-12T14:52:25","slug":"pension-hotel-bedeutung","status":"publish","type":"page","link":"https:\/\/www.sonnenklar.tv\/blog\/reiselexikon\/pension-hotel-bedeutung\/","title":{"rendered":"Was ist eine Pension?"},"content":{"rendered":"\n<p><strong>Bei eurer Internet-Recherche nach g\u00fcnstigen Unterk\u00fcnften seid ihr bestimmt schon oft auf Angebote von Hotels Pensionen gesto\u00dfen. Rein gef\u00fchlsm\u00e4\u00dfig ordnen die meisten Leute Pensionen irgendwo zwischen Fremdenzimmer und Hotel ein. Aber was ist eine Pension eigentlich genau und welche Leistungen erwarten euch dort?<\/strong><\/p>\n\n\n\n<hr class=\"wp-block-separator has-css-opacity\"\/>\n\n\n\n<p><strong>Inhaltsverzeichnis<\/strong><\/p>\n\n\n\n<ul class=\"wp-block-list\">\n<li><a href=\"#pension-bedeutung\">Definition: Pension als Unterkunftsart<\/a><\/li>\n\n\n\n<li><a href=\"#pension-hotel\">Welche Vorteile hat eine Pension gegen\u00fcber einem Hotel?<\/a><\/li>\n\n\n\n<li><a href=\"#pension-vorteile\">Welche Nachteile hat eine Pension gegen\u00fcber einem Hotel?<\/a><\/li>\n\n\n\n<li><a href=\"#pension-nachteile\">Ist eine \u00dcbernachtung in einer Pension f\u00fcr euch geeignet?<\/a><\/li>\n\n\n\n<li><a href=\"#pension-buchen\">Worauf ihr bei der Buchung einer Pension achten solltet<\/a><\/li>\n<\/ul>\n\n\n\n<hr class=\"wp-block-separator has-css-opacity\"\/>\n\n\n\n<h2 class=\"wp-block-heading\"><a name=\"pension-bedeutung\"><\/a>Definition: Pension als Unterkunftsart<\/h2>\n\n\n\n<p>Jeder wei\u00df, was ein Hotel ist. Wenn es um den Begriff \u201e<em>Pension<\/em>\u201c geht, wird es schon komplizierter. <a href=\"https:\/\/www.sonnenklar.tv\/promo\/pensionen.html\">Pensionen<\/a> geh\u00f6ren zur sogenannten \u201e<em>Parahotellerie<\/em>\u201c \u2013 also zu Unterk\u00fcnften, die euch die M\u00f6glichkeit zu einer einfachen \u00dcbernachtung bieten. Dazu z\u00e4hlen beispielsweise private Fremdenzimmer, Campingplatz, Jugendherberge oder eben eine Pension \u2013 Bedeutung hat dabei der im Vergleich zum Hotel eingeschr\u00e4nkte Service.<\/p>\n\n\n\n<p>Der Deutsche Tourismus Verband hat in Zusammenarbeit mit dem Deutschen Hotel- und Gastst\u00e4ttenverband Regeln f\u00fcr die Klassifizierung einer Unterkunft als Pension festgelegt. Dabei wurde festgelegt, dass in einer Pension m\u00f6blierte Zimmer mit Bad vorhanden sein m\u00fcssen. Der Service ist auf Bettenmachen und Endreinigung beschr\u00e4nkt. Au\u00dferdem d\u00fcrfen Speisen und Getr\u00e4nke nur an Hausg\u00e4ste abgegeben werden. Viele Pensionen sind allerdings in privater Hand. Manche Gastgeber gew\u00e4hren euch nach Absprache trotz aller Service-Regelungen private Verg\u00fcnstigungen wie W\u00e4sche-Service, Beistellbetten f\u00fcr Kleinkinder oder Fahrrad-Verleih.<\/p>\n\n\n\n<div class=\"wp-block-buttons is-horizontal is-content-justification-center is-layout-flex wp-container-core-buttons-is-layout-499968f5 wp-block-buttons-is-layout-flex\">\n<div class=\"wp-block-button\"><a class=\"wp-block-button__link wp-element-button\" href=\"https:\/\/www.sonnenklar.tv\/promo\/pensionen.html\" target=\"_blank\" rel=\"noreferrer noopener\">Pensionen &#8211; zu den angeboten<\/a><\/div>\n<\/div>\n\n\n\n<h2 class=\"wp-block-heading\"><a name=\"pension-hotel\"><\/a>Welche Vorteile hat eine Pension gegen\u00fcber einem Hotel?<\/h2>\n\n\n\n<p>Wie sieht es in der Praxis aus: Eignen sich Pensionen f\u00fcr euch oder solltet ihr doch eher nach einem Hotel suchen? Hier erfasst ihr gleich auf den ersten Blick, welche Vorteile die jeweilige Unterkunftsart hat und worin sich ein Hotel von einer Pension unterscheidet.<\/p>\n\n\n\n<p><strong>Vorteile Pension:<\/strong><\/p>\n\n\n\n<ul class=\"wp-block-list\">\n<li>Preisg\u00fcnstig<\/li>\n\n\n\n<li>Nur wenige G\u00e4stezimmer<\/li>\n\n\n\n<li>Zumeist von Privat gef\u00fchrt<\/li>\n\n\n\n<li>Pers\u00f6nliches Ambiente<\/li>\n\n\n\n<li>Gelegenheit zum Kontakt mit Einheimischen<\/li>\n\n\n\n<li>Insidertipps aus kompetenter Hand<\/li>\n\n\n\n<li>H\u00e4ufig abseits des Massentourismus<\/li>\n<\/ul>\n\n\n\n<p><strong>Vorteile Hotel:<\/strong><\/p>\n\n\n\n<ul class=\"wp-block-list\">\n<li>Preise entsprechend der Sterne-Landeskategorie<\/li>\n\n\n\n<li>Umfassender Service<\/li>\n\n\n\n<li>Rezeption fast immer besetzt<\/li>\n\n\n\n<li>Anonymit\u00e4t f\u00fcr diejenigen, die unter sich bleiben m\u00f6chten<\/li>\n\n\n\n<li>In besseren Hotels Wellness- und Fitnessbereiche<\/li>\n\n\n\n<li>H\u00e4ufig hoteleigene Restaurants<\/li>\n\n\n\n<li>Teilweise <a href=\"https:\/\/www.sonnenklar.tv\/blog\/reiselexikon\/vollpension-bedeutung\/\" target=\"_blank\" rel=\"noopener\">Vollpension<\/a> oder <a href=\"https:\/\/www.sonnenklar.tv\/blog\/reiselexikon\/all-inclusive-bedeutung\/\" target=\"_blank\" rel=\"noopener\">All Inclusive<\/a> m\u00f6glich<\/li>\n\n\n\n<li>Lage mit guten Verkehrsanbindungen oder Lage am Strand<\/li>\n<\/ul>\n\n\n\n<figure class=\"wp-block-image size-large\"><a href=\"https:\/\/www.sonnenklar.tv\/blog\/wp-content\/uploads\/2025\/02\/pension-1.jpg\"><img fetchpriority=\"high\" decoding=\"async\" width=\"880\" height=\"450\" src=\"https:\/\/www.sonnenklar.tv\/blog\/wp-content\/uploads\/2025\/02\/pension-1.jpg\" alt=\"Wohnzimmer in Pension\" class=\"wp-image-34489\" srcset=\"https:\/\/www.sonnenklar.tv\/blog\/wp-content\/uploads\/2025\/02\/pension-1.jpg 880w, https:\/\/www.sonnenklar.tv\/blog\/wp-content\/uploads\/2025\/02\/pension-1-800x409.jpg 800w, https:\/\/www.sonnenklar.tv\/blog\/wp-content\/uploads\/2025\/02\/pension-1-120x61.jpg 120w, https:\/\/www.sonnenklar.tv\/blog\/wp-content\/uploads\/2025\/02\/pension-1-90x46.jpg 90w, https:\/\/www.sonnenklar.tv\/blog\/wp-content\/uploads\/2025\/02\/pension-1-320x164.jpg 320w, https:\/\/www.sonnenklar.tv\/blog\/wp-content\/uploads\/2025\/02\/pension-1-560x286.jpg 560w\" sizes=\"(max-width: 880px) 100vw, 880px\" \/><\/a><figcaption class=\"wp-element-caption\">Was ist eine Pension?<\/figcaption><\/figure>\n\n\n\n<h2 class=\"wp-block-heading\"><a name=\"pension-vorteile\"><\/a>Welche Nachteile hat eine Pension gegen\u00fcber einem Hotel?<\/h2>\n\n\n\n<p>Wenn ihr keinen zu hohen Anspruch an Komfort stellt, ist die \u00dcbernachtung in einer Pension eine interessante und kosteng\u00fcnstige Alternative zum Hotelzimmer. Manche private Pensions-Betreiber haben viel Engagement und Fantasie in die Ausstattung ihrer R\u00e4umlichkeiten gesteckt. Ihr habt die Auswahl zwischen stylischen Raum-Kreationen, Zimmern mit besonderen Features f\u00fcr Kinder, moderner M\u00f6blierung bis hin zu folkloristischen Zimmern mit Bauernmalerei und sichtbaren Deckenbalken. Es gibt also Pensionszimmer f\u00fcr jeden Geschmack \u2013 aber sie haben auch ihre Nachteile.<\/p>\n\n\n\n<p><strong>Nachteile Pension:<\/strong><\/p>\n\n\n\n<ul class=\"wp-block-list\">\n<li>Einchecken nur um bestimmte Uhrzeiten<\/li>\n\n\n\n<li>H\u00e4ufig nur rudiment\u00e4re Service-Angebote<\/li>\n\n\n\n<li>Nur selten Wellness- oder Fitness-Features<\/li>\n\n\n\n<li>Nicht immer in privilegierter Lage<\/li>\n<\/ul>\n\n\n\n<p><strong>Nachteile Hotel:<\/strong><\/p>\n\n\n\n<ul class=\"wp-block-list\">\n<li>H\u00f6here Preiskategorie<\/li>\n\n\n\n<li>Wenig Kontakt zu Einheimischen<\/li>\n\n\n\n<li>Kein unmittelbarer Kontakt mit der Kultur des Landes\/der Region<\/li>\n\n\n\n<li>Unpers\u00f6nlich<\/li>\n\n\n\n<li>Oft in touristisch \u00fcberlaufenen Regionen<\/li>\n<\/ul>\n\n\n\n<h2 class=\"wp-block-heading\"><a name=\"pension-nachteile\"><\/a>Ist eine \u00dcbernachtung in einer Pension f\u00fcr euch geeignet?<\/h2>\n\n\n\n<p>Wenn f\u00fcr euch ein letzter Drink in der Skyline-Bar eines Hotels nicht die Kr\u00f6nung des Abends darstellt, habt ihr schon einige Punkte als Pensionsg\u00e4ste gewonnen. Ihr m\u00f6chtet eure Umgebung auf eigene Faust entdecken? Noch mehr Punkte. Ihr investiert euer Urlaubsbudget lieber in Erlebnisse und Erfahrungen als in ein komfortables Ambiente? Wieder ein Plus.<\/p>\n\n\n\n<p>Entdeckt ihr lieber einige einheimische Restaurants als jeden Abend im Hotel zu dinieren? Langsam ist es ziemlich eindeutig: Ihr geh\u00f6rt zu den Reisenden, die sich ziemlich bestimmt in einer Pension wohl f\u00fchlen. Wenn ihr nicht unbedingt am Puls des Geschehens \u00fcbernachten m\u00f6chtet und auch nichts dagegen habt, ab und zu ein paar Schritte zu laufen, solltet ihr diese Unterkunftsart unbedingt ins Auge fassen.<\/p>\n\n\n\n<h2 class=\"wp-block-heading\"><a name=\"pension-buchen\"><\/a>Worauf ihr bei der Buchung einer Pension achten solltet<\/h2>\n\n\n\n<p>Pensionen sind kleine Beherbergungsbetriebe und haben oft Stammg\u00e4ste, die jedes Jahr wiederkommen. Besonders kinderfreundliche Pensionen sind w\u00e4hrend der Schulferien schnell ausgebucht. Bei Pensionen am Meer wird es in der Hauptreisezeit eng mit den Buchungen. In den Bergen gibt es w\u00e4hrend der Skisaison so gut wie nie freie Zimmer. Entscheidet euch also fr\u00fchzeitig f\u00fcr die Buchung einer passenden Pension in eurer Urlaubsregion \u2013 oder bucht kurzfristig ein Hotel.<\/p>\n\n\n\n<div class=\"wp-block-buttons is-horizontal is-content-justification-center is-layout-flex wp-container-core-buttons-is-layout-499968f5 wp-block-buttons-is-layout-flex\">\n<div class=\"wp-block-button\"><a class=\"wp-block-button__link wp-element-button\" href=\"https:\/\/www.sonnenklar.tv\/promo\/pensionen.html\" target=\"_blank\" rel=\"noreferrer noopener\">Pensionen &#8211; zu den angeboten<\/a><\/div>\n<\/div>\n\n\n\n<h3 class=\"wp-block-heading\">Mehr zum Thema Unterkunft:<\/h3>\n\n\n\n<p><a href=\"https:\/\/www.sonnenklar.tv\/blog\/reiselexikon\/was-bedeuten-hotelsterne\/\">Hotelsterne<\/a>\u00a0 \u00a0 <a href=\"https:\/\/www.sonnenklar.tv\/blog\/reiselexikon\/hotel-abkuerzungen-bedeutung\/\">Hotelabk\u00fcrzungen<\/a>\u00a0\u00a0\u00a0\u00a0<a href=\"https:\/\/www.sonnenklar.tv\/blog\/reiselexikon\/bed-and-breakfast-bedeutung\/\">Bed &amp; Breakfast<\/a>\u00a0 \u00a0 <a href=\"https:\/\/www.sonnenklar.tv\/blog\/reiselexikon\/bungalow-bedeutung\/\">Bungalow<\/a>\u00a0 \u00a0 <a href=\"https:\/\/www.sonnenklar.tv\/blog\/reiselexikon\/finca-bedeutung\/\">Finca<\/a>\u00a0 \u00a0 <a href=\"https:\/\/www.sonnenklar.tv\/blog\/reiselexikon\/chalet-bedeutung\/\">Chalet<\/a>\u00a0 \u00a0\u00a0<a href=\"https:\/\/www.sonnenklar.tv\/blog\/reiselexikon\/riad-bedeutung\/\">Riad<\/a>\u00a0 \u00a0 <a href=\"https:\/\/www.sonnenklar.tv\/blog\/reiselexikon\/hostel-bedeutung\/\">Hostel<\/a>\u00a0 \u00a0 <a href=\"https:\/\/www.sonnenklar.tv\/blog\/reiselexikon\/erwachsenenhotel-bedeutung\/\">Erwachsenenhotel<\/a>\u00a0 \u00a0 <a href=\"https:\/\/www.sonnenklar.tv\/blog\/reiselexikon\/aparthotel-bedeutung\/\">Aparthotel<\/a>\u00a0 \u00a0 <a href=\"https:\/\/www.sonnenklar.tv\/blog\/reiselexikon\/vital-hotel-bedeutung\/\">Vital Hotel<\/a>\u00a0 \u00a0\u00a0<a href=\"https:\/\/www.sonnenklar.tv\/blog\/reiselexikon\/glueckshotel-bedeutung\/\">Gl\u00fcckshotel<\/a>\u00a0 \u00a0 <a href=\"https:\/\/www.sonnenklar.tv\/blog\/reiselexikon\/resort-bedeutung\/\">Resort<\/a>\u00a0 \u00a0 <a href=\"https:\/\/www.sonnenklar.tv\/blog\/reiselexikon\/mobilheim-bedeutung\/\">Mobilheim<\/a>\u00a0 \u00a0 <a href=\"https:\/\/www.sonnenklar.tv\/blog\/reiselexikon\/biohotel-bedeutung\/\">Biohotel<\/a>\u00a0 \u00a0 <a href=\"https:\/\/www.sonnenklar.tv\/blog\/reiselexikon\/hotel-garni-bedeutung\/\">Hotel Garni<\/a>\u00a0 \u00a0\u00a0<a href=\"https:\/\/www.sonnenklar.tv\/blog\/reiselexikon\/doppelzimmer-bedeutung\/\">Doppelzimmer<\/a>\u00a0 \u00a0\u00a0<a href=\"https:\/\/www.sonnenklar.tv\/blog\/reiselexikon\/familienzimmer-bedeutung\/\">Familienzimmer<\/a>\u00a0 \u00a0 <a href=\"https:\/\/www.sonnenklar.tv\/blog\/reiselexikon\/sparzimmer-bedeutung\/\">Sparzimmer<\/a>\u00a0 \u00a0 <a href=\"https:\/\/www.sonnenklar.tv\/blog\/reiselexikon\/boutique-hotel-bedeutung\/\">Boutique Hotel<\/a>\u00a0\u00a0\u00a0 <a href=\"https:\/\/www.sonnenklar.tv\/blog\/reiselexikon\/suite-bedeutung\/\">Suite<\/a>\u00a0 \u00a0 <a href=\"https:\/\/www.sonnenklar.tv\/blog\/reiselexikon\/studio-apartment-bedeutung\/\">Studio Apartment<\/a> \u00a0 \u00a0 <a href=\"https:\/\/www.sonnenklar.tv\/blog\/reiselexikon\/kabine-bedeutung\/\">Kabine<\/a>\u00a0 \u00a0 <a href=\"https:\/\/www.sonnenklar.tv\/blog\/reiselexikon\/superiorzimmer-bedeutung\/\">Superiorzimmer<\/a>\u00a0 \u00a0 <a href=\"https:\/\/www.sonnenklar.tv\/blog\/boardinghouse-bedeutung\/\">Boardinghouse<\/a>\u00a0 \u00a0 <a href=\"https:\/\/www.sonnenklar.tv\/blog\/reiselexikon\/ryokan-bedeutung\/\">Ryokan<\/a><\/p>\n\n\n\n<p><a href=\"https:\/\/www.sonnenklar.tv\/blog\/reiselexikon\/\">&lt;&lt; Zur\u00fcck zum Reiselexikon<\/a><\/p>\n","protected":false},"excerpt":{"rendered":"<p>Bei eurer Internet-Recherche nach g\u00fcnstigen Unterk\u00fcnften seid ihr bestimmt schon oft auf Angebote von Hotels Pensionen gesto\u00dfen. Rein gef\u00fchlsm\u00e4\u00dfig ordnen die meisten Leute Pensionen irgendwo zwischen Fremdenzimmer und Hotel ein. Aber was ist eine Pension eigentlich genau und welche Leistungen erwarten euch dort? Inhaltsverzeichnis Definition: Pension als Unterkunftsart Jeder wei\u00df, was ein Hotel ist. Wenn<\/p>\n","protected":false},"author":3,"featured_media":0,"parent":6051,"menu_order":0,"comment_status":"closed","ping_status":"closed","template":"","meta":{"footnotes":""},"class_list":["post-8205","page","type-page","status-publish"],"_links":{"self":[{"href":"https:\/\/www.sonnenklar.tv\/blog\/wp-json\/wp\/v2\/pages\/8205","targetHints":{"allow":["GET"]}}],"collection":[{"href":"https:\/\/www.sonnenklar.tv\/blog\/wp-json\/wp\/v2\/pages"}],"about":[{"href":"https:\/\/www.sonnenklar.tv\/blog\/wp-json\/wp\/v2\/types\/page"}],"author":[{"embeddable":true,"href":"https:\/\/www.sonnenklar.tv\/blog\/wp-json\/wp\/v2\/users\/3"}],"replies":[{"embeddable":true,"href":"https:\/\/www.sonnenklar.tv\/blog\/wp-json\/wp\/v2\/comments?post=8205"}],"version-history":[{"count":15,"href":"https:\/\/www.sonnenklar.tv\/blog\/wp-json\/wp\/v2\/pages\/8205\/revisions"}],"predecessor-version":[{"id":37595,"href":"https:\/\/www.sonnenklar.tv\/blog\/wp-json\/wp\/v2\/pages\/8205\/revisions\/37595"}],"up":[{"embeddable":true,"href":"https:\/\/www.sonnenklar.tv\/blog\/wp-json\/wp\/v2\/pages\/6051"}],"wp:attachment":[{"href":"https:\/\/www.sonnenklar.tv\/blog\/wp-json\/wp\/v2\/media?parent=8205"}],"curies":[{"name":"wp","href":"https:\/\/api.w.org\/{rel}","templated":true}]}}