{"id":8168,"date":"2018-08-21T10:39:30","date_gmt":"2018-08-21T08:39:30","guid":{"rendered":"https:\/\/www.sonnenklar.tv\/blog\/?page_id=8168"},"modified":"2025-12-12T15:50:07","modified_gmt":"2025-12-12T14:50:07","slug":"monsun-bedeutung","status":"publish","type":"page","link":"https:\/\/www.sonnenklar.tv\/blog\/reiselexikon\/monsun-bedeutung\/","title":{"rendered":"Was bedeutet Monsun?"},"content":{"rendered":"\n<p><strong>Monsun stammt vom arabischen Wort \u201emausim\u201c und bedeutet \u201ef\u00fcr die Seefahrt g\u00fcnstige Jahreszeit\u201c. Indien, China und Indonesien sind am st\u00e4rksten vom Monsun betroffen, er tritt aber auch in Afrika in K\u00fcstenn\u00e4he auf. Monsun beschreibt eine weitr\u00e4umige Luftzirkulation, bei der sich die Hauptwindrichtung zweimal j\u00e4hrlich drastisch dreht und das Klima ver\u00e4ndert. Im Sommerhalbjahr weht der Wind vom Meer Richtung Landesinnere. \u00dcber dem Ozean nimmt er verdunstetes Wasser auf. Trifft der feuchte Wind auf ein Gebirge, beginnt es heftig zu regnen. Ab Oktober \u00e4ndert der Monsunwind wieder seine Richtung und weht vom Land aufs Meer hinaus.<\/strong><\/p>\n\n\n\n<hr class=\"wp-block-separator has-css-opacity\"\/>\n\n\n\n<p><strong>Inhaltsverzeichnis<\/strong><\/p>\n\n\n\n<ul class=\"wp-block-list\">\n<li><a href=\"#urlaub-monsun\">Ist Urlaub w\u00e4hrend der Regenzeit eine gute Wahl?<\/a>\n<ul class=\"wp-block-list\">\n<li><a href=\"#monsunzeit-indien\">Indien<\/a><\/li>\n\n\n\n<li><a href=\"#monsunzeit-sri-lanka\">Sri Lanka<\/a><\/li>\n\n\n\n<li><a href=\"#monsunzeit-vietnam\">Vietnam<\/a><\/li>\n\n\n\n<li><a href=\"#monsunzeit-bali\">Bali<\/a><\/li>\n\n\n\n<li><a href=\"#monsunzeit-laos\">Laos<\/a><\/li>\n\n\n\n<li><a href=\"#monsunzeit-seychellen\">Seychellen<\/a><\/li>\n\n\n\n<li><a href=\"#monsunzeit-sansibar\">Sansibar<\/a><\/li>\n\n\n\n<li><a href=\"#monsunzeit-karibik\">Karibik<\/a><\/li>\n\n\n\n<li><a href=\"#monsunzeit-thailand\">Thailand<\/a><\/li>\n<\/ul>\n<\/li>\n\n\n\n<li><a href=\"#monsunzeiten-uebersicht\">Monsunzeiten \u00dcbersicht<\/a><\/li>\n<\/ul>\n\n\n\n<hr class=\"wp-block-separator has-css-opacity\"\/>\n\n\n\n<h2 class=\"wp-block-heading\"><a name=\"urlaub-monsun\"><\/a>Ist Urlaub w\u00e4hrend der Regenzeit eine gute Wahl?<\/h2>\n\n\n\n<p>Antizyklisch, also w\u00e4hrend der Regenzeit zu verreisen, kann sehr sch\u00f6n sein und hat mehrere Vorteile. Die Natur gedeiht jetzt besonders pr\u00e4chtig, das Gr\u00fcn ist satt und \u00fcberall werden Fr\u00fcchte angeboten. Nun sind auch die Reisfelder S\u00fcdostasiens eine Offenbarung f\u00fcr die Sinne. H\u00e4ufig reist ihr in der Regenzeit g\u00fcnstiger, au\u00dferdem halten sich weniger Touristen im Land auf. Zwar ist Monsunregen f\u00fcr seine St\u00e4rke und Dauer bekannt, doch oft halten die t\u00e4glichen Schauer nicht l\u00e4nger als eine Stunde an. In der Regenzeit ist es k\u00fchler als in der Trockenzeit. F\u00fcr den Badeurlaub eignet sich die Regenzeit jedoch nur in wenigen Ausnahmen.<\/p>\n\n\n\n<h3 class=\"wp-block-heading\"><a name=\"monsunzeit-indien\"><\/a>Indien \u2013 w\u00e4hrend der Monsunzeit im Gebirge am angenehmsten<\/h3>\n\n\n\n<p>Auf dem indischen Subkontinent beginnt die Monsunregenzeit Ende Mai und dauert bis Ende September. Bevor der Monsun einsetzt, gibt es hier immer stake Hitzewellen mit darauf folgenden gro\u00dfen \u00dcberschwemmungen. Auch Megast\u00e4dte wie Kalkutta oder Mumbai sind davon betroffen. Die Rekordwerte am s\u00fcdlichen Rand des Himalajas betrugen mehr als 12.000 l\/m\u00b2 (zwischen April und Oktober). Trotzdem k\u00f6nnt ihr Indien auch in der Monsunzeit bereisen. F\u00fcr Ayurvedakuren im Himalaja ist dies sogar die beste Reisezeit. Darjeeling im \u00f6stlichen Himalaja geh\u00f6rt zu den regenreichsten Gebieten die Welt und ist in der Regenzeit grunds\u00e4tzlich nicht empfehlenswert.<br>\n<em><a href=\"https:\/\/www.sonnenklar.tv\/promo\/beste-reisezeit-indien.html\" target=\"_blank\" rel=\"noopener\">&gt;&gt; Beste Reisezeit f\u00fcr Indien<\/a><\/em><\/p>\n\n\n\n<h3 class=\"wp-block-heading\"><a name=\"monsunzeit-sri-lanka\"><\/a>Sri Lanka mit extremen Regenf\u00e4llen in der Monsunzeit<\/h3>\n\n\n\n<p>In Sri Lanka ist w\u00e4hrend der Regenzeit Vorsicht geboten. Der Yala Monsun bringt jedes Jahr sintflutartige Regenf\u00e4lle mit sich, die zu massiven \u00dcberschwemmungen mit Erdrutschen f\u00fchren. Viele Stra\u00dfen sind dann nicht passierbar. Regelm\u00e4\u00dfig betroffen sind die Distrikte Galle, Kegalle, Kalutara, Ratapura, Hambanthota und Matara. Haltet euch dann lieber im Norden und Osten Sri Lankas auf. F\u00fcr den Norden liegt die beste Reisezeit liegt zwischen November und M\u00e4rz, f\u00fcr den S\u00fcden und Westen ist es der Zeitraum von M\u00e4rz bis November.<br>\n<em><a href=\"https:\/\/www.sonnenklar.tv\/promo\/beste-reisezeit-sri-lanka.html\" target=\"_blank\" rel=\"noopener\">&gt;&gt; Beste Reisezeit f\u00fcr Sri Lanka<\/a><\/em><\/p>\n\n\n\n<figure class=\"wp-block-image size-large\"><a href=\"https:\/\/www.sonnenklar.tv\/blog\/wp-content\/uploads\/2025\/02\/monsun-1.jpg\"><img fetchpriority=\"high\" decoding=\"async\" width=\"880\" height=\"450\" src=\"https:\/\/www.sonnenklar.tv\/blog\/wp-content\/uploads\/2025\/02\/monsun-1.jpg\" alt=\"Monsun\" class=\"wp-image-34583\" srcset=\"https:\/\/www.sonnenklar.tv\/blog\/wp-content\/uploads\/2025\/02\/monsun-1.jpg 880w, https:\/\/www.sonnenklar.tv\/blog\/wp-content\/uploads\/2025\/02\/monsun-1-800x409.jpg 800w, https:\/\/www.sonnenklar.tv\/blog\/wp-content\/uploads\/2025\/02\/monsun-1-120x61.jpg 120w, https:\/\/www.sonnenklar.tv\/blog\/wp-content\/uploads\/2025\/02\/monsun-1-90x46.jpg 90w, https:\/\/www.sonnenklar.tv\/blog\/wp-content\/uploads\/2025\/02\/monsun-1-320x164.jpg 320w, https:\/\/www.sonnenklar.tv\/blog\/wp-content\/uploads\/2025\/02\/monsun-1-560x286.jpg 560w\" sizes=\"(max-width: 880px) 100vw, 880px\" \/><\/a><figcaption class=\"wp-element-caption\">Monsun Bedeutung<\/figcaption><\/figure>\n\n\n\n<h3 class=\"wp-block-heading\"><a name=\"monsunzeit-vietnam\"><\/a>Vietnam \u2013 drei gro\u00dfe Klimazonen unterteilen das Land<\/h3>\n\n\n\n<p>Auch in Vietnam ist das Klima regional sehr unterschiedlich. So findet sich immer ein Landesteil, den ihr zu eurer favorisierten Zeit bereisen k\u00f6nnt. In Nord-, S\u00fcd- und Zentralvietnam herrschen drei Klimazonen. Zum Kiten bereist ihr Vietnam am besten zwischen Oktober und Mai. Die Halong Bucht im Norden geh\u00f6rt zu den beliebtesten Reisezielen. Gute Zeiten sind M\u00e4rz und April sowie Oktober und November. Hier wie in Hanoi gibt es hei\u00dfe Sommer und von November bis April k\u00fchle, trockene Winter. In Zentralvietnam ist es von Januar bis in den August warm und trocken. In den Wintermonaten bilden sich h\u00e4ufig Taifune. Im tropischen S\u00fcdvietnam regnet es in der Monsunzeit oft nur nachmittags einmal kurz und heftig. Die besten Reisemonate hier sind Dezember und Januar.<br>\n<em><a href=\"https:\/\/www.sonnenklar.tv\/promo\/beste-reisezeit-vietnam.html\" target=\"_blank\" rel=\"noopener\">&gt;&gt; Beste Reisezeit f\u00fcr Vietnam<\/a><\/em><\/p>\n\n\n\n<h3 class=\"wp-block-heading\"><a name=\"monsunzeit-bali\"><\/a>Bali \u2013 Trauminsel mit ganzj\u00e4hrig tropisch-feuchtem Klima<\/h3>\n\n\n\n<p>August und September (Trockenzeit) sind zwar die Hauptreisemonate f\u00fcr Bali, doch die Insel ist auch w\u00e4hrend der Regenzeit von November bis M\u00e4rz wundersch\u00f6n. Im Januar erzeugen die Monsunwinde die st\u00e4rksten Niederschl\u00e4ge. In der Regenzeit m\u00fcsst ihr kurze, aber heftige Schauer mit einkalkulieren. Im S\u00fcden und an den Gebirgsketten regnet es am meisten. Hier ist ein ganzer Tag regen v\u00f6llig normal. Dennoch eignet sich die Nordk\u00fcste nur in der Regenzeit f\u00fcr einen Badeurlaub.<br>\n<em><a href=\"https:\/\/www.sonnenklar.tv\/promo\/beste-reisezeit-bali.html\" target=\"_blank\" rel=\"noopener\">&gt;&gt; Beste Reisezeit f\u00fcr Bali<\/a><\/em><\/p>\n\n\n\n<h3 class=\"wp-block-heading\"><a name=\"monsunzeit-laos\"><\/a>Laos \u2013 das Elefantenland am Mekong<\/h3>\n\n\n\n<p>Laos im Herzen S\u00fcdostasiens ist ebenfalls vom Monsun betroffen. Da die Sommer sehr hei\u00df sind, fallen die Niederschl\u00e4ge in der Regenzeit entsprechend heftig aus. Der \u00fcppige Urwald und die malerischen Reisfelder w\u00e4ren ohne die tropischen Regenf\u00e4lle nicht m\u00f6glich. Die beste Reisezeit f\u00fcr Laos liegt zwischen November und M\u00e4rz, also direkt nach dem Monsun. Dann umgeht ihr die extrem hei\u00dfen Sommer. Ihr erlebt den Alltag in den D\u00f6rfern am Mekong, seht hunderte Gark\u00fcchen am Stra\u00dfenrand und Kinder, die das Bad im Fluss genie\u00dfen. Schaut euch auch die aus der franz\u00f6sischen Besatzungszeit stammenden Kolonialbauten in der Hauptstadt Vientain und ihre buddhistischen Tempel an.<\/p>\n\n\n\n<p>Lust auf Urlaub? <a href=\"https:\/\/www.sonnenklar.tv\/promo\/reiseschnaeppchen.html?utm_source=monsun-bedeutung&amp;utm_medium=textlink&amp;utm_campaign=lexikon\" target=\"_blank\" rel=\"noreferrer noopener\">Die besten Urlaubsschn\u00e4ppchen findet ihr bei sonnenklar.TV<\/a>.<\/p>\n\n\n\n<h3 class=\"wp-block-heading\"><a name=\"monsunzeit-seychellen\"><\/a>Seychellen \u2013 Sehnsuchtsort mit zwei bestimmenden Winden<\/h3>\n\n\n\n<p>Das Klima der Inselgruppe wird von Monsun- und Passatwinden beeinflusst, trotzdem gibt es weder eine echte Trockenzeit noch eine echte Regenzeit. Auf den Seychellen kann es zu jeder Jahreszeit regnen, meist aber kurz. Der S\u00fcdostmonsun weht rund um die Uhr und h\u00e4lt die Temperaturen ertr\u00e4glich. An einigen Str\u00e4nden ist die Brandung jetzt zum Schwimmen zu stark. Zwischen Mai und September weht der Wind aus s\u00fcd\u00f6stlicher, zwischen Dezember und M\u00e4rz aus nordwestlicher Richtung. Im M\u00e4rz ist optimales Badewetter.<br>\n<em><a href=\"https:\/\/www.sonnenklar.tv\/promo\/beste-reisezeit-seychellen.html\" target=\"_blank\" rel=\"noopener\">&gt;&gt; Beste Reisezeit f\u00fcr Seychellen<\/a><\/em><\/p>\n\n\n\n<h3 class=\"wp-block-heading\"><a name=\"monsunzeit-sansibar\"><\/a>Monsun auf Sansibar \u2013 zwei Regenzeiten beherrschen das Klima<\/h3>\n\n\n\n<p>Die tropische Inselgruppe vor der ostafrikanischen K\u00fcste hat, bedingt durch S\u00fcdost- und Nordostmonsun, zwei Regenzeiten und zwei Trockenzeiten. Die kleine Regenzeit liegt zwischen November und Dezember, die gro\u00dfe Regenzeit f\u00e4llt auf M\u00e4rz, April und Mai. Die Temperaturen betragen durchschnittlich 30\u00b0, die Luftfeuchtigkeit ist hoch. Im Januar und Februar herrscht die kleine Trockenzeit, die gro\u00dfe von Juni bis Oktober. Die Durchschnittstemperaturen sind mit 25 \u00b0C angenehm. Als beste Reisezeit haben sich die Januar und Februar, Juni, Juli, August sowie September und Oktober herauskristallisiert. F\u00fcr Badeurlaub auf Sansibar eignen sich die Monate Januar und Februar sowie der Zeitraum Juni bis Oktober. Die k\u00fchlsten Monate sind mit 25 \u00b0C Juli und August.<br>\n<em><a href=\"https:\/\/www.sonnenklar.tv\/promo\/beste-reisezeit-sansibar.html\" target=\"_blank\" rel=\"noopener\">&gt;&gt; Beste Reisezeit f\u00fcr Sansibal<\/a><\/em><\/p>\n\n\n\n<h3 class=\"wp-block-heading\"><a name=\"monsunzeit-karibik\"><\/a>Monsunzeit in der Karibik \u2013 die Hurrikanzeit h\u00e4lt mehrere Monate an<\/h3>\n\n\n\n<p>Die Zeit der karibischen Wirbelst\u00fcrme kann von Juni bis November dauern, Schwerpunkte sind September und Oktober. H\u00e4ufig betroffen sind Trinidad, Curacao und Tobago. Die beste Reisezeit liegt zwischen Dezember und Mai. Zwar ist es dann mittags hei\u00df, doch in den N\u00e4chten k\u00fchlt es ab. Im Urlaubsparadies Dominikanische Republik gibt es das ganze Jahr kaum Temperaturunterschiede. Auf den Gro\u00dfen Antillen s\u00fcdlich von Florida treten Tropenst\u00fcrmen von Juli bis Oktober auf. Die n\u00f6rdlichen Kleinen Antillen sind den Passatwinden zugeneigt, so dass es hier feucht und hei\u00df ist. Die s\u00fcdlichen Kleinen Antillen stehen mehr unter Einfluss des Nordostpassates. Hier ist es relativ trocken und manchmal windstill.<br>\n<em><a href=\"https:\/\/www.sonnenklar.tv\/promo\/beste-reisezeit-karibik.html\" target=\"_blank\" rel=\"noopener\">&gt;&gt; Beste Reisezeit f\u00fcr Karibik<\/a><\/em><\/p>\n\n\n\n<h3 class=\"wp-block-heading\"><a name=\"monsunzeit-thailand\"><\/a>Monsun auf Thailand \u2013 Anfang Mai beginnen die st\u00e4rksten Regenf\u00e4lle<\/h3>\n\n\n\n<p>Von Mai bis Oktober herrscht auf Thailand Regenzeit. Dann kommt es zu heftigen St\u00fcrmen und anhaltenden Regenf\u00e4llen. Nur im Golf von Thailand liegt in Regenzeit zwischen September und Dezember. Hier befinden sich Ferieninsel Koh Samui, Koh Tao und Koh Phangan. Die beste Reisezeit liegt zwischen November und Februar, dann wird es nicht hei\u00dfer als 33 \u00b0C. Mit den durchschnittlich 40 \u00b0C und hoher Luftfeuchtigkeit zwischen M\u00e4rz und Mai kommen Europ\u00e4er weniger gut zurecht. 60 km s\u00fcdlich von Phuket liegt Khao Lak mit seinen Traumstr\u00e4nden. Mit dem Monsunwechsel im April steigt die Luftfeuchtigkeit extrem an. Es beginnt eine lange Regenzeit bis November. Die Trockenzeit dazwischen ist f\u00fcr Urlaub ideal.<br>\n<em><a href=\"https:\/\/www.sonnenklar.tv\/promo\/beste-reisezeit-thailand.html\" target=\"_blank\" rel=\"noopener\">&gt;&gt; Beste Reisezeit f\u00fcr Thailand<\/a><\/em><\/p>\n\n\n\n<p>Tipp: <a href=\"https:\/\/www.sonnenklar.tv\/promo\/fruehbucher\/fruehbucher-thailand.html?utm_source=monsun-bedeutung&amp;utm_medium=textlink-2&amp;utm_campaign=lexikon\" target=\"_blank\" rel=\"noreferrer noopener\">besonders g\u00fcnstige Fr\u00fchbucherrabatte f\u00fcr Thailand.<\/a><\/p>\n\n\n\n<h3 class=\"wp-block-heading\"><a name=\"monsunzeiten-uebersicht\"><\/a>Monsunzeiten \u00dcbersicht:<\/h3>\n\n\n\n<table id=\"tablepress-475\" class=\"tablepress tablepress-id-475\">\n<thead>\n<tr class=\"row-1\">\n\t<th class=\"column-1\">Reiseziel<\/th><th class=\"column-2\">Monsunzeiten<\/th>\n<\/tr>\n<\/thead>\n<tbody class=\"row-striping row-hover\">\n<tr class=\"row-2\">\n\t<td class=\"column-1\">Indien<\/td><td class=\"column-2\">Die Hauptregenzeit liegt zwischen <strong>Mai und September<\/strong>. Der trockene Wintermonsun (Nordostpassat) beginnt im <strong>September und h\u00e4lt bis Juni an<\/strong>.<\/td>\n<\/tr>\n<tr class=\"row-3\">\n\t<td class=\"column-1\">Sri Lanka<\/td><td class=\"column-2\">Der Yala Monsun (S\u00fcdwestmonsun) weht von <strong>Mai bis August<\/strong>, der Nordostmonsun von <strong>Oktober bis Januar<\/strong>.<\/td>\n<\/tr>\n<tr class=\"row-4\">\n\t<td class=\"column-1\">Vietnam<\/td><td class=\"column-2\">Monsunzeit ist von <strong>April bis September<\/strong>, am k\u00fchlsten sind Dezember und Januar.<\/td>\n<\/tr>\n<tr class=\"row-5\">\n\t<td class=\"column-1\">Bali<\/td><td class=\"column-2\">Monsunzeit besteht von <strong>November bis M\u00e4rz<\/strong>.<\/td>\n<\/tr>\n<tr class=\"row-6\">\n\t<td class=\"column-1\">Laos<\/td><td class=\"column-2\">Im Norden und Osten weht von <strong>Oktober bis April<\/strong> der Maha-Monsun. Der S\u00fcdwestmonsun (Yale-Monsun) bringt von <strong>Mai bis September<\/strong> starken Regen.<\/td>\n<\/tr>\n<tr class=\"row-7\">\n\t<td class=\"column-1\">Seychellen<\/td><td class=\"column-2\">Nordwestmonsun von <strong>Oktober bis M\u00e4rz<\/strong>, der S\u00fcdostmonsun von Mai bis September sorgt f\u00fcr gutes Segelwetter. Beste Reisezeit ist zwischen <strong>Mai und Oktober<\/strong>.<\/td>\n<\/tr>\n<tr class=\"row-8\">\n\t<td class=\"column-1\">Sansibar<\/td><td class=\"column-2\">S\u00fcdwestmonsun von <strong>M\u00e4rz bis Mai<\/strong> mit starken Niederschl\u00e4gen. Nordostmonsun von <strong>November bis Dezember<\/strong> mit schw\u00e4cheren Regenf\u00e4llen.<\/td>\n<\/tr>\n<tr class=\"row-9\">\n\t<td class=\"column-1\">Karibik<\/td><td class=\"column-2\">Von <strong>Mai bis Oktober<\/strong> unter Einfluss der Monsunwinde. Mitte August gr\u00f6\u00dfte Hurrikan-Gefahr. Nur die Kleinen Antillen liegen au\u00dferhalb der Gefahrenzone.<\/td>\n<\/tr>\n<tr class=\"row-10\">\n\t<td class=\"column-1\">Thailand<\/td><td class=\"column-2\">Im Golf von Thailand herrscht von <strong>September bis Dezember<\/strong> Monsunzeit, im \u00fcbrigen Land von <strong>Juni bis Oktober<\/strong>.<\/td>\n<\/tr>\n<\/tbody>\n<\/table>\n<!-- #tablepress-475 from cache -->\n\n\n\n<h3 class=\"wp-block-heading\">Weitere Reisebegriffe:<\/h3>\n\n\n\n<p><a href=\"https:\/\/www.sonnenklar.tv\/blog\/reiselexikon\/all-inclusive-bedeutung\/\">All Inclusive<\/a>\u00a0 \u00a0\u00a0<a href=\"https:\/\/www.sonnenklar.tv\/blog\/reiselexikon\/halbpension-bedeutung\/\">Halbpension<\/a>\u00a0 \u00a0\u00a0<a href=\"https:\/\/www.sonnenklar.tv\/blog\/reiselexikon\/vollpension-bedeutung\/\">Vollpension<\/a>\u00a0 \u00a0 <a href=\"https:\/\/www.sonnenklar.tv\/blog\/reiselexikon\/monsun-bedeutung\/\">Monsun<\/a>\u00a0 \u00a0\u00a0<a href=\"https:\/\/www.sonnenklar.tv\/blog\/reiselexikon\/schwanzflug-bedeutung\/\">Schwanzflug<\/a>\u00a0 \u00a0\u00a0<a href=\"https:\/\/www.sonnenklar.tv\/blog\/reiselexikon\/gabelflug-bedeutung\/\">Gabelflug<\/a>\u00a0 \u00a0\u00a0<a href=\"https:\/\/www.sonnenklar.tv\/blog\/reiselexikon\/glamping-bedeutung\/\">Glamping<\/a>\u00a0 \u00a0 <a href=\"https:\/\/www.sonnenklar.tv\/blog\/reiselexikon\/biohotel-bedeutung\/\">Bio Hotel<\/a>\u00a0 \u00a0\u00a0<a href=\"https:\/\/www.sonnenklar.tv\/blog\/reiselexikon\/hostel-bedeutung\/\">Hostel<\/a>\u00a0 \u00a0\u00a0<a href=\"https:\/\/www.sonnenklar.tv\/blog\/reiselexikon\/suite-bedeutung\/\">Suite<\/a>\u00a0 \u00a0 <a href=\"https:\/\/www.sonnenklar.tv\/blog\/reiselexikon\/superiorzimmer-bedeutung\/\">Superiorzimmer<\/a>\u00a0 \u00a0 \u00a0<a href=\"https:\/\/www.sonnenklar.tv\/blog\/reiselexikon\/hotel-garni-bedeutung\/\">Hotel Garni<\/a>\u00a0 \u00a0 <a href=\"https:\/\/www.sonnenklar.tv\/blog\/reiselexikon\/last-minute-bedeutung\/\">Last Minute<\/a>\u00a0 \u00a0\u00a0<a href=\"https:\/\/www.sonnenklar.tv\/blog\/reiselexikon\/pauschalreise-bedeutung\/\">Pauschalreise<\/a>\u00a0 \u00a0 <a href=\"https:\/\/www.sonnenklar.tv\/blog\/reiselexikon\/individualreise-bedeutung\/\">Individualreise<\/a> \u00a0 \u00a0 <a href=\"https:\/\/www.sonnenklar.tv\/blog\/reiselexikon\/langzeiturlaub-bedeutung\/\">Langzeiturlaub<\/a>\u00a0 \u00a0 <a href=\"https:\/\/www.sonnenklar.tv\/blog\/reiselexikon\/kreuzfahrt-bedeutung\/\">Kreuzfahrt<\/a> \u00a0\u00a0 <a href=\"https:\/\/www.sonnenklar.tv\/blog\/reiselexikon\/was-ist-ein-kurort\/\">Kurort<\/a>\u00a0 \u00a0\u00a0<a href=\"https:\/\/www.sonnenklar.tv\/blog\/reiselexikon\/einzelzimmerzuschlag-bedeutung\/\">Einzelzimmerzuschlag<\/a>\u00a0 \u00a0 <a href=\"https:\/\/www.sonnenklar.tv\/blog\/reiselexikon\/fremdwaehrungsgebuehren-bedeutung\/\">Fremdw\u00e4hrungsgeb\u00fchren<\/a>\u00a0 \u00a0 <a href=\"https:\/\/www.sonnenklar.tv\/blog\/reiselexikon\/fruehbucherrabatt-bedeutung\/\">Fr\u00fchbucherrabatt<\/a>\u00a0 \u00a0\u00a0<a href=\"https:\/\/www.sonnenklar.tv\/blog\/reiselexikon\/duty-free-bedeutung\/\">Duty-free<\/a>\u00a0 \u00a0\u00a0<a href=\"https:\/\/www.sonnenklar.tv\/blog\/reiselexikon\/kinderfestpreis-bedeutung\/\">Kinderfestpreis<\/a>\u00a0 \u00a0\u00a0<a href=\"https:\/\/www.sonnenklar.tv\/blog\/reiselexikon\/was-ist-ein-kurort\/\">Kurort<\/a>\u00a0 \u00a0\u00a0<a href=\"https:\/\/www.sonnenklar.tv\/blog\/reiselexikon\/was-bedeutet-spa\/\">Spa<\/a>\u00a0 \u00a0\u00a0<a href=\"https:\/\/www.sonnenklar.tv\/blog\/reiselexikon\/sanarium-bedeutung\/\">Sanarium<\/a>\u00a0 \u00a0\u00a0<a href=\"https:\/\/www.sonnenklar.tv\/blog\/reiselexikon\/was-bedeutet-hamam\/\">Hamam<\/a>\u00a0 \u00a0 <a href=\"https:\/\/www.sonnenklar.tv\/blog\/reiselexikon\/rail-and-fly-bedeutung\/\">Rail and Fly<\/a>\u00a0 \u00a0 <a href=\"https:\/\/www.sonnenklar.tv\/blog\/reiselexikon\/transit-bedeutung\/\">Transit<\/a>\u00a0 \u00a0 <a href=\"https:\/\/www.sonnenklar.tv\/blog\/reiselexikon\/esta-bedeutung\/\">ESTA<\/a>\u00a0 \u00a0 <a href=\"https:\/\/www.sonnenklar.tv\/blog\/reiselexikon\/e-ticket-bedeutung\/\">E-Ticket<\/a>\u00a0 \u00a0 <a href=\"https:\/\/www.sonnenklar.tv\/blog\/reiselexikon\/was-ist-ein-visum\/\">Visum<\/a>\u00a0 \u00a0 <a href=\"https:\/\/www.sonnenklar.tv\/blog\/reiselexikon\/einschiffung-ausschiffung-bedeutung\/\">Einschiffung<\/a>\u00a0 \u00a0 <a href=\"https:\/\/www.sonnenklar.tv\/blog\/reiselexikon\/tendern-bedeutung\/\">Tendern<\/a><\/p>\n","protected":false},"excerpt":{"rendered":"<p>Monsun stammt vom arabischen Wort \u201emausim\u201c und bedeutet \u201ef\u00fcr die Seefahrt g\u00fcnstige Jahreszeit\u201c. Indien, China und Indonesien sind am st\u00e4rksten vom Monsun betroffen, er tritt aber auch in Afrika in K\u00fcstenn\u00e4he auf. Monsun beschreibt eine weitr\u00e4umige Luftzirkulation, bei der sich die Hauptwindrichtung zweimal j\u00e4hrlich drastisch dreht und das Klima ver\u00e4ndert. Im Sommerhalbjahr weht der Wind<\/p>\n","protected":false},"author":3,"featured_media":0,"parent":6051,"menu_order":0,"comment_status":"closed","ping_status":"closed","template":"","meta":{"footnotes":""},"class_list":["post-8168","page","type-page","status-publish"],"_links":{"self":[{"href":"https:\/\/www.sonnenklar.tv\/blog\/wp-json\/wp\/v2\/pages\/8168","targetHints":{"allow":["GET"]}}],"collection":[{"href":"https:\/\/www.sonnenklar.tv\/blog\/wp-json\/wp\/v2\/pages"}],"about":[{"href":"https:\/\/www.sonnenklar.tv\/blog\/wp-json\/wp\/v2\/types\/page"}],"author":[{"embeddable":true,"href":"https:\/\/www.sonnenklar.tv\/blog\/wp-json\/wp\/v2\/users\/3"}],"replies":[{"embeddable":true,"href":"https:\/\/www.sonnenklar.tv\/blog\/wp-json\/wp\/v2\/comments?post=8168"}],"version-history":[{"count":19,"href":"https:\/\/www.sonnenklar.tv\/blog\/wp-json\/wp\/v2\/pages\/8168\/revisions"}],"predecessor-version":[{"id":37591,"href":"https:\/\/www.sonnenklar.tv\/blog\/wp-json\/wp\/v2\/pages\/8168\/revisions\/37591"}],"up":[{"embeddable":true,"href":"https:\/\/www.sonnenklar.tv\/blog\/wp-json\/wp\/v2\/pages\/6051"}],"wp:attachment":[{"href":"https:\/\/www.sonnenklar.tv\/blog\/wp-json\/wp\/v2\/media?parent=8168"}],"curies":[{"name":"wp","href":"https:\/\/api.w.org\/{rel}","templated":true}]}}