{"id":8136,"date":"2018-08-20T15:14:13","date_gmt":"2018-08-20T13:14:13","guid":{"rendered":"https:\/\/www.sonnenklar.tv\/blog\/?page_id=8136"},"modified":"2025-12-12T15:42:16","modified_gmt":"2025-12-12T14:42:16","slug":"glamping-bedeutung","status":"publish","type":"page","link":"https:\/\/www.sonnenklar.tv\/blog\/reiselexikon\/glamping-bedeutung\/","title":{"rendered":"Was bedeutet Glamping?"},"content":{"rendered":"\n<p><strong>Glamping ist ein Urlaubstrend, der immer mehr Anh\u00e4nger findet. Urspr\u00fcnglich kommt das Ph\u00e4nomen aus den USA. Das Wort setzt sich aus den Begriffen Camping und Glamour zusammen, was den Charakter dieser Urlaubsm\u00f6glichkeit treffend beschreibt. Glamping verbindet zwei Ferientypen ab und kombiniert mehrere Urlaubsformen. Beim glamour\u00f6sen Campingurlaub vereinen sich Urspr\u00fcnglichkeit, Naturn\u00e4he und stilvolles Ambiente zu einem angenehmen Ganzen.<\/strong><\/p>\n\n\n\n<hr class=\"wp-block-separator has-css-opacity\"\/>\n\n\n\n<p><strong>Inhaltsverzeichnis<\/strong><\/p>\n\n\n\n<ul class=\"wp-block-list\">\n<li><a href=\"#glamping-bedeutung\">Was genau ist Glamping?<\/a><\/li>\n\n\n\n<li><a href=\"#wo-glampen\">Wo \u00fcberall k\u00f6nnt ihr glamour\u00f6s campen?<\/a><\/li>\n\n\n\n<li><a href=\"#glamping-laender\">In diesen L\u00e4ndern ist Luxus Camping m\u00f6glich<\/a><\/li>\n\n\n\n<li><a href=\"#glamping-geeignet\">F\u00fcr wen eignet sich Glamping?<\/a><\/li>\n\n\n\n<li><a href=\"#glamping-was-beachten\">Was m\u00fcsst ihr beim Glamping noch beachten?<\/a><\/li>\n<\/ul>\n\n\n\n<hr class=\"wp-block-separator has-css-opacity\"\/>\n\n\n\n<h2 class=\"wp-block-heading\"><a name=\"glamping-bedeutung\"><\/a>Was genau ist Glamping?<\/h2>\n\n\n\n<p>Glamping ist eine luxuri\u00f6se Variante des Campingurlaubs und bietet trotz Komfort das angenehme Gef\u00fchl von Freiheit und Abenteuer. Meist befinden sich die Luxusunterk\u00fcnfte in einem separaten Teil eines \u201enormalen\u201c Campingplatzes, sodass Glamper unter sich sind und ein wenig elit\u00e4res Feeling genie\u00dfen k\u00f6nnen. Die Campingpl\u00e4tze liegen am Meer oder haben eigene Schwimmb\u00e4der.<\/p>\n\n\n\n<p>Wer Glamping betreibt, mietet hier ein entsprechendes Objekt, braucht also weder Zelt noch Wohnwagen mitbringen. Die gebuchte Unterkunft h\u00e4lt alles bereit, was im Komforturlaub ben\u00f6tigt wird. Auch wenn der Campingcharakter erkennbar ist, unterscheiden sich Glampingunterk\u00fcnfte deutlich vom klassischen 4-Personen-Zelt oder Wohnwagen mit Vordach. Ihr m\u00fcsst auch nicht mit Gemeinschaftswaschr\u00e4umen vorlieb nehmen.<\/p>\n\n\n\n<p>Ein besonderes Highlight stellt die \u00dcbernachtung im Baumhaus dar. Diese Baumh\u00e4user haben nichts mit den Holzh\u00fctten zu tun, die wir als Kinder gebaut haben. Einige Glampingunterk\u00fcnfte sind so ger\u00e4umig, dass auch eine freistehende Badewanne darin Platz findet. Ob <a href=\"https:\/\/www.sonnenklar.tv\/promo\/safari.html\">Safarilodge<\/a> mit Himmelbett oder Luxus-Mobilheim, auch beim Glamping k\u00f6nnt ihr vor Ort Angebote wie zum Beispiel Wellness wahrnehmen.<\/p>\n\n\n\n<h2 class=\"wp-block-heading\"><a name=\"wo-glampen\"><\/a>Wo \u00fcberall k\u00f6nnt ihr glamour\u00f6s campen?<\/h2>\n\n\n\n<p>Glamping ist auf der ganzen Welt m\u00f6glich. Frankreich bietet besonders viel Auswahl, denn Glamping korrespondiert hervorragend mit der franz\u00f6sischen Lebensart. Romantische Blockh\u00fctten und der eigene Whirlpool sorgen hier f\u00fcr die richtige Stimmung. Einige Luxus Campingpl\u00e4tze sind so atemberaubend sch\u00f6n, dass Ihr euch in eine v\u00f6llig neue Welt hineinversetzt f\u00fchlt. In der N\u00e4he des spanischen Stadt Sevilla campt ihr mit eigener Dusche und kleiner K\u00fcche inmitten eines Naturreservates.<\/p>\n\n\n\n<p>Bei Malaga stehen echte Nomadenzelte f\u00fcr den Luxus Campingurlaub bereit. Auch in Deutschland gibt es mittlerweile gen\u00fcgend M\u00f6glichkeiten, so dass ihr keine lange Anreise habt. Italien z\u00e4hlt ebenfalls zu den L\u00e4ndern, in denen Glamping immer beliebter wird. Hier findet ihr teils sehr ungew\u00f6hnliche Locations, k\u00f6nnt zum Beispiel Camping in einer echten Grotte campen.<\/p>\n\n\n\n<p>Das H\u00f6hlencamping steht bei frisch Verliebten hoch im Kurs, denn hier erlebt ihr Romantik pur. Anspruchsvolle Urlauber finden auch auf Bali, in Indien oder Thailand faszinierende Glampingunterk\u00fcnfte. Ob unter freiem Himmel in der W\u00fcste oder inmitten tropischer W\u00e4lder, wer seinen Urlaub in solch edlen Lodge-Zelt verbringt, sehnt sich sicher nicht mehr nach einem traditionellen Hotel.<\/p>\n\n\n\n<figure class=\"wp-block-image size-large\"><a href=\"https:\/\/www.sonnenklar.tv\/blog\/wp-content\/uploads\/2025\/02\/glamping-1.jpg\"><img fetchpriority=\"high\" decoding=\"async\" width=\"880\" height=\"450\" src=\"https:\/\/www.sonnenklar.tv\/blog\/wp-content\/uploads\/2025\/02\/glamping-1.jpg\" alt=\"Glamping\" class=\"wp-image-34574\" srcset=\"https:\/\/www.sonnenklar.tv\/blog\/wp-content\/uploads\/2025\/02\/glamping-1.jpg 880w, https:\/\/www.sonnenklar.tv\/blog\/wp-content\/uploads\/2025\/02\/glamping-1-800x409.jpg 800w, https:\/\/www.sonnenklar.tv\/blog\/wp-content\/uploads\/2025\/02\/glamping-1-120x61.jpg 120w, https:\/\/www.sonnenklar.tv\/blog\/wp-content\/uploads\/2025\/02\/glamping-1-90x46.jpg 90w, https:\/\/www.sonnenklar.tv\/blog\/wp-content\/uploads\/2025\/02\/glamping-1-320x164.jpg 320w, https:\/\/www.sonnenklar.tv\/blog\/wp-content\/uploads\/2025\/02\/glamping-1-560x286.jpg 560w\" sizes=\"(max-width: 880px) 100vw, 880px\" \/><\/a><figcaption class=\"wp-element-caption\">Was ist Glamping?<\/figcaption><\/figure>\n\n\n\n<h3 class=\"wp-block-heading\"><a name=\"glamping-laender\"><\/a>In diesen L\u00e4ndern ist Luxus Camping m\u00f6glich<\/h3>\n\n\n\n<ul class=\"wp-block-list\">\n<li><a href=\"https:\/\/www.sonnenklar.tv\/promo\/camping-deutschland.html\">Deutschland<\/a><\/li>\n\n\n\n<li><a href=\"https:\/\/www.sonnenklar.tv\/promo\/camping-italien.html\">Italien<\/a><\/li>\n\n\n\n<li><a href=\"https:\/\/www.sonnenklar.tv\/promo\/camping-kroatien.html\">Kroatien<\/a><\/li>\n\n\n\n<li><a href=\"https:\/\/www.sonnenklar.tv\/promo\/camping-frankreich.html\">Frankreich<\/a><\/li>\n\n\n\n<li><a href=\"https:\/\/www.sonnenklar.tv\/promo\/reisen-slowenien-inland.html\">Slowenien<\/a><\/li>\n\n\n\n<li><a href=\"https:\/\/www.sonnenklar.tv\/promo\/urlaub-usa.html\">USA<\/a> und <a href=\"https:\/\/www.sonnenklar.tv\/promo\/urlaub-kanada.html\">Kanada<\/a><\/li>\n\n\n\n<li><a href=\"https:\/\/www.sonnenklar.tv\/promo\/urlaub-indonesien-bali.html\">Bali<\/a><\/li>\n\n\n\n<li><a href=\"https:\/\/www.sonnenklar.tv\/promo\/urlaub-malediven.html\">Malediven<\/a><\/li>\n\n\n\n<li><a href=\"https:\/\/www.sonnenklar.tv\/promo\/urlaub-thailand.html\">Thailand<\/a><\/li>\n\n\n\n<li><a href=\"https:\/\/www.sonnenklar.tv\/promo\/urlaub-indien.html\">Indien<\/a><\/li>\n<\/ul>\n\n\n\n<h2 class=\"wp-block-heading\"><a name=\"glamping-geeignet\"><\/a>F\u00fcr wen eignet sich Glamping?<\/h2>\n\n\n\n<p>Glamping bietet erheblich mehr Komfort als klassisches Camping, h\u00e4ufig sogar au\u00dfergew\u00f6hnliche Wohnerlebnisse. Auf typisches Campingflair braucht trotzdem niemand verzichten. Glamping eignet sich daher f\u00fcr alle, die es im Urlaub etwas bequemer haben m\u00f6chten. Das Konzept spricht Paare und Familien an, insbesondere Senioren. F\u00fcr sie ist Glamping reizvoll, weil sie weder Zelt noch Schlafs\u00e4cke, Bettw\u00e4sche oder Lebensmittel mitnehmen m\u00fcssen. Auch ein Wohnmobil brauchen sie nicht mieten oder kaufen. Auf dem Campingplatz warten bequeme Betten und gute Sanit\u00e4ranlagen. Damit auch Eltern den Komfort richtig genie\u00dfen k\u00f6nnen, sollten sie Campingpl\u00e4tze mit Betreuungsangeboten w\u00e4hlen.<\/p>\n\n\n\n<h2 class=\"wp-block-heading\"><a name=\"glamping-was-beachten\"><\/a>Was m\u00fcsst ihr beim Glamping noch beachten?<\/h2>\n\n\n\n<p>Glamping ist die ger\u00e4umige und bequeme Alternative zum beengten Zelten in der Natur. Auch wenn eine typische Campingausstattung mit Klappst\u00fchlen &amp; Tisch \u00fcberfl\u00fcssig ist, solltet ihr neben Kleidung Hygieneartikel, Sonnenschutz, Insektenspray, Taschenlampe, Medikamente und den Erste-Hilfe-Kasten mitnehmen. Achtet auch auf getrennte Schlafbereiche f\u00fcr Eltern und Kinder, eine gut ausgestattet K\u00fcche und eine eigene Terrasse\/Veranda. In Lodge-Zelten campt ihr \u00fcblicherweise ohne Eigenleistungen, was den Urlaub etwas kostspieliger macht.<\/p>\n\n\n\n<h3 class=\"wp-block-heading\">Mehr zum Thema Reiseart:<\/h3>\n\n\n\n<p><a href=\"https:\/\/www.sonnenklar.tv\/blog\/reiselexikon\/backpacking-bedeutung\/\">Backpacking<\/a> \u00a0\u00a0 <a href=\"https:\/\/www.sonnenklar.tv\/blog\/reiselexikon\/cluburlaub-bedeutung\/\" target=\"_blank\" rel=\"noreferrer noopener\">Cluburlaub<\/a>\u00a0\u00a0\u00a0 <a href=\"https:\/\/www.sonnenklar.tv\/blog\/reiselexikon\/individualreise-bedeutung\/\">Individualreise<\/a>\u00a0 \u00a0 <a href=\"https:\/\/www.sonnenklar.tv\/blog\/reiselexikon\/inselhopping-bedeutung\/\">Inselhopping<\/a>\u00a0 \u00a0 <a href=\"https:\/\/www.sonnenklar.tv\/blog\/reiselexikon\/kreuzfahrt-bedeutung\/\">Kreuzfahrt<\/a>\u00a0 \u00a0 <a href=\"https:\/\/www.sonnenklar.tv\/blog\/reiselexikon\/langzeiturlaub-bedeutung\/\">Langzeiturlaub<\/a>\u00a0 \u00a0 <a href=\"https:\/\/www.sonnenklar.tv\/blog\/reiselexikon\/last-minute-bedeutung\/\">Last Minute<\/a>\u00a0 \u00a0 <a href=\"https:\/\/www.sonnenklar.tv\/blog\/reiselexikon\/pauschalreise-bedeutung\/\">Pauschalreise<\/a>\u00a0 \u00a0 <a href=\"https:\/\/www.sonnenklar.tv\/blog\/reiselexikon\/was-ist-ein-roadtrip\/\">Roadtrip<\/a><\/p>\n\n\n\n<p><a href=\"https:\/\/www.sonnenklar.tv\/blog\/reiselexikon\/\">&lt;&lt; Zur\u00fcck zum Reiselexikon<\/a><\/p>\n","protected":false},"excerpt":{"rendered":"<p>Glamping ist ein Urlaubstrend, der immer mehr Anh\u00e4nger findet. Urspr\u00fcnglich kommt das Ph\u00e4nomen aus den USA. Das Wort setzt sich aus den Begriffen Camping und Glamour zusammen, was den Charakter dieser Urlaubsm\u00f6glichkeit treffend beschreibt. Glamping verbindet zwei Ferientypen ab und kombiniert mehrere Urlaubsformen. Beim glamour\u00f6sen Campingurlaub vereinen sich Urspr\u00fcnglichkeit, Naturn\u00e4he und stilvolles Ambiente zu einem<\/p>\n","protected":false},"author":3,"featured_media":0,"parent":6051,"menu_order":0,"comment_status":"closed","ping_status":"closed","template":"","meta":{"footnotes":""},"class_list":["post-8136","page","type-page","status-publish"],"_links":{"self":[{"href":"https:\/\/www.sonnenklar.tv\/blog\/wp-json\/wp\/v2\/pages\/8136","targetHints":{"allow":["GET"]}}],"collection":[{"href":"https:\/\/www.sonnenklar.tv\/blog\/wp-json\/wp\/v2\/pages"}],"about":[{"href":"https:\/\/www.sonnenklar.tv\/blog\/wp-json\/wp\/v2\/types\/page"}],"author":[{"embeddable":true,"href":"https:\/\/www.sonnenklar.tv\/blog\/wp-json\/wp\/v2\/users\/3"}],"replies":[{"embeddable":true,"href":"https:\/\/www.sonnenklar.tv\/blog\/wp-json\/wp\/v2\/comments?post=8136"}],"version-history":[{"count":12,"href":"https:\/\/www.sonnenklar.tv\/blog\/wp-json\/wp\/v2\/pages\/8136\/revisions"}],"predecessor-version":[{"id":37579,"href":"https:\/\/www.sonnenklar.tv\/blog\/wp-json\/wp\/v2\/pages\/8136\/revisions\/37579"}],"up":[{"embeddable":true,"href":"https:\/\/www.sonnenklar.tv\/blog\/wp-json\/wp\/v2\/pages\/6051"}],"wp:attachment":[{"href":"https:\/\/www.sonnenklar.tv\/blog\/wp-json\/wp\/v2\/media?parent=8136"}],"curies":[{"name":"wp","href":"https:\/\/api.w.org\/{rel}","templated":true}]}}