{"id":7889,"date":"2018-07-26T10:48:24","date_gmt":"2018-07-26T08:48:24","guid":{"rendered":"https:\/\/www.sonnenklar.tv\/blog\/?page_id=7889"},"modified":"2025-12-12T16:07:51","modified_gmt":"2025-12-12T15:07:51","slug":"was-sind-stornogebuehren","status":"publish","type":"page","link":"https:\/\/www.sonnenklar.tv\/blog\/reiselexikon\/was-sind-stornogebuehren\/","title":{"rendered":"Was sind Stornogeb\u00fchren?"},"content":{"rendered":"\n<p><strong>Es gibt verschiedene Gr\u00fcnde, von einer Reise zur\u00fcckzutreten und eine Buchung zu stornieren. Seien es ein Trauerfall in der Familie, eine pl\u00f6tzlich einsetzende Erkrankung oder eine andere pers\u00f6nliche oder berufliche Ver\u00e4nderung. \u00c4rgerlich ist das nicht nur f\u00fcr den Reiseveranstalter, sondern auch f\u00fcr euch selbst, denn in den meisten F\u00e4llen bekommt ihr nur einen Teil der Reisekosten erstattet.<\/strong><\/p>\n\n\n\n<hr class=\"wp-block-separator has-css-opacity\"\/>\n\n\n\n<p><strong>Inhaltsverzeichnis<\/strong><\/p>\n\n\n\n<ul class=\"wp-block-list\">\n<li><a href=\"#stornogebuehren-bedeutung\">Was sind Stornogeb\u00fchren und wann fallen sie an?<\/a><\/li>\n\n\n\n<li><a href=\"#stornogebuehren-hoehe\">Wie hoch kann die Stornogeb\u00fchr ausfallen?<\/a><\/li>\n\n\n\n<li><a href=\"#stornogebuehren-arten\">Gibt es unterschiedliche Stornogeb\u00fchren?<\/a>\n<ul class=\"wp-block-list\">\n<li><a href=\"#hotel-stornogebuehren\">Stornogeb\u00fchren im Hotel<\/a><\/li>\n\n\n\n<li><a href=\"#flug-stornogebuehren\">Stornogeb\u00fchren bei einem Flug<\/a><\/li>\n<\/ul>\n<\/li>\n\n\n\n<li><a href=\"#reiseruecktrittsversicherung\">Ist eine Reiser\u00fccktrittsversicherung sinnvoll?<\/a><\/li>\n<\/ul>\n\n\n\n<hr class=\"wp-block-separator has-css-opacity\"\/>\n\n\n\n<h2 class=\"wp-block-heading\"><a name=\"stornogebuehren-bedeutung\"><\/a>Was sind Stornogeb\u00fchren und wann fallen sie an?<\/h2>\n\n\n\n<p>M\u00fcsst ihr von einer Reise zur\u00fccktreten, denn fallen hierf\u00fcr situationsbedingt Stornogeb\u00fchren an. Dabei handelt es sich um eine finanzielle Entsch\u00e4digung f\u00fcr den Reiseveranstalter. \u00dcblich ist ein bestimmter Prozentsatz, der h\u00e4ufig parallel mit dem N\u00e4herr\u00fccken des Reisedatums steigt. Das hei\u00dft, je sp\u00e4ter ihr storniert, desto mehr Geb\u00fchren fallen an. Vom Gesetz her m\u00fcssen die Ausfallkosten auf jeden Fall in einem angemessenen Verh\u00e4ltnis stehen. Schlie\u00dflich spart der Reiseveranstalter durch euren R\u00fccktritt auch Geld. Das betrifft zum Beispiel die Verpflegung, aber auch bestimmte Serviceleistungen und die Unterbringung.<\/p>\n\n\n\n<p>F\u00fcr euren Reiser\u00fccktritt m\u00fcsst ihr \u00fcbrigens keine konkreten Gr\u00fcnde nennen. Ihr habt jederzeit das Recht zur K\u00fcndigung. Es ist aber sinnvoll, den Reiseveranstalter \u00fcber die genauen Gr\u00fcnde in Kenntnis zu setzen, denn auch das wirkt sich mitunter auf die H\u00f6he der Stornogeb\u00fchren aus. Generell m\u00fcsst ihr bei pers\u00f6nlichen Gr\u00fcnden fast immer zahlen.<\/p>\n\n\n\n<p><strong>Zu den pers\u00f6nlichen Reiser\u00fccktrittsgr\u00fcnden geh\u00f6ren unter anderem:<\/strong><\/p>\n\n\n\n<ul class=\"wp-block-list\">\n<li>Todesf\u00e4lle innerhalb der Familie<\/li>\n\n\n\n<li>eine pl\u00f6tzliche Trennung der Reisepartner<\/li>\n\n\n\n<li>Unf\u00e4lle<\/li>\n\n\n\n<li>Krankheiten.<\/li>\n<\/ul>\n\n\n\n<p>Selbstverst\u00e4ndlich steht euch die M\u00f6glichkeit offen, die Reise auf eine andere Person umbuchen zu lassen und selbst nach einem Ersatzreisenden zu suchen. Liegt ein offizieller Grund vor, dann ist der R\u00fccktritt sogar kostenlos. Dazu geh\u00f6ren Reisewarnungen, beispielsweise bei Terrorgefahr, Klimakatastrophen und h\u00f6herer Gewalt, also Risiken, die direkt das Reiseziel betreffen.<\/p>\n\n\n\n<h2 class=\"wp-block-heading\"><a name=\"stornogebuehren-hoehe\"><\/a>Wie hoch kann die Stornogeb\u00fchr ausfallen?<\/h2>\n\n\n\n<p>Die H\u00f6he der Geb\u00fchr richtet sich nach den Vorgaben der Reiseveranstalter. Sie werden euch vor der Buchung bekanntgegeben. Allgemein richtet sich die H\u00f6he auch nach der Art des Reisens. Wer eine <a href=\"https:\/\/www.sonnenklar.tv\/blog\/reiselexikon\/pauschalreise-bedeutung\/\" target=\"_blank\" rel=\"noopener noreferrer\">Pauschalreise<\/a> in ein viel besuchtes Urlaubsland bucht, profitiert von geringeren Stornogeb\u00fchren. Die Stornierung einer exklusiven Kreuzfahrt ist normalerweise h\u00f6her.<\/p>\n\n\n\n<p><strong>Die Stornogeb\u00fchren staffeln sich in der Regel nach dem Zeitraum, in dem ihr k\u00fcndigt:<\/strong><\/p>\n\n\n\n<ul class=\"wp-block-list\">\n<li>viele Kunden zahlen etwa<strong>&nbsp;4 Monate <\/strong>vor einem R\u00fccktritt ungef\u00e4hr 20% des Reisepreises<\/li>\n\n\n\n<li>bei einer K\u00fcndigung <strong>3-2 Wochen <\/strong>vor dem Abreisedatum kann die Geb\u00fchr bereits etwa 50% betragen<\/li>\n\n\n\n<li><strong>kurz vor Reiseantritt<\/strong> drohen sogar Verluste von rund 75 %<\/li>\n<\/ul>\n\n\n\n<p>Deshalb ist es immer g\u00fcnstig, zum fr\u00fchm\u00f6glichsten Zeitpunkt zu stornieren.<\/p>\n\n\n\n<figure class=\"wp-block-image size-full\"><a href=\"https:\/\/www.sonnenklar.tv\/blog\/wp-content\/uploads\/2025\/03\/stornogebuehren-bei-reiseruecktritt.jpg\"><img fetchpriority=\"high\" decoding=\"async\" width=\"880\" height=\"450\" src=\"https:\/\/www.sonnenklar.tv\/blog\/wp-content\/uploads\/2025\/03\/stornogebuehren-bei-reiseruecktritt.jpg\" alt=\"Stornogeb\u00fchren Bedeutung: Nahaufnahme Laptop und H\u00e4nde mit Kreditkarte\" class=\"wp-image-34772\" srcset=\"https:\/\/www.sonnenklar.tv\/blog\/wp-content\/uploads\/2025\/03\/stornogebuehren-bei-reiseruecktritt.jpg 880w, https:\/\/www.sonnenklar.tv\/blog\/wp-content\/uploads\/2025\/03\/stornogebuehren-bei-reiseruecktritt-800x409.jpg 800w, https:\/\/www.sonnenklar.tv\/blog\/wp-content\/uploads\/2025\/03\/stornogebuehren-bei-reiseruecktritt-18x9.jpg 18w, https:\/\/www.sonnenklar.tv\/blog\/wp-content\/uploads\/2025\/03\/stornogebuehren-bei-reiseruecktritt-120x61.jpg 120w, https:\/\/www.sonnenklar.tv\/blog\/wp-content\/uploads\/2025\/03\/stornogebuehren-bei-reiseruecktritt-90x46.jpg 90w, https:\/\/www.sonnenklar.tv\/blog\/wp-content\/uploads\/2025\/03\/stornogebuehren-bei-reiseruecktritt-320x164.jpg 320w, https:\/\/www.sonnenklar.tv\/blog\/wp-content\/uploads\/2025\/03\/stornogebuehren-bei-reiseruecktritt-560x286.jpg 560w\" sizes=\"(max-width: 880px) 100vw, 880px\" \/><\/a><figcaption class=\"wp-element-caption\">Was sind Stornogeb\u00fchren bei Reiser\u00fccktritt<\/figcaption><\/figure>\n\n\n\n<h2 class=\"wp-block-heading\"><a name=\"stornogebuehren-arten\"><\/a>Gibt es unterschiedliche Stornogeb\u00fchren?<\/h2>\n\n\n\n<p>Die Stornogeb\u00fchren unterscheiden sich je nachdem, bei wem ihr eure Reise gebucht habt. Urlaubsanbieter von Pauschalreisen staffeln die Abz\u00fcge in der Regel nach dem Zeitraum, in dem ihr euren R\u00fccktritt bekanntgebt.<\/p>\n\n\n\n<h3 class=\"wp-block-heading\"><a name=\"hotel-stornogebuehren\"><\/a>Stornogeb\u00fchren im Hotel<\/h3>\n\n\n\n<p>\u00c4hnlich wie bei den Pauschalreisen verh\u00e4lt es sich bei der Stornierung im Hotel. Auch hier spielt der <strong>Zeitpunkt des R\u00fccktritts<\/strong> eine gro\u00dfe Rolle. Bei rechtzeitiger Bekanntgabe verzichtet die Hotelleitung oft sogar auf den kompletten Preis, insofern sie in der Lage ist, das Zimmer anderweitig zu vergeben. Viele Hotelbetreiber setzen eine Frist, bis wann ihr kostenfrei k\u00fcndigen d\u00fcrft. Die meisten Hotels orientieren sich an den Richtlinien der DEHOGA, des Deutschen Hotel- und Gastst\u00e4ttenverbands.<\/p>\n\n\n\n<p><strong>Ihr m\u00fcsst demnach mit folgenden Abz\u00fcgen rechnen:<\/strong><\/p>\n\n\n\n<ul class=\"wp-block-list\">\n<li>von 60% bei einer \u00dcbernachtung inklusive <a href=\"https:\/\/www.sonnenklar.tv\/blog\/reiselexikon\/vollpension-bedeutung\/\" target=\"_blank\" rel=\"noopener noreferrer\">Vollpension<\/a><\/li>\n\n\n\n<li>mit 70 Prozent bei einer <a href=\"https:\/\/www.sonnenklar.tv\/blog\/reiselexikon\/halbpension-bedeutung\/\" target=\"_blank\" rel=\"noopener noreferrer\">Halbpensionsbuchung<\/a><\/li>\n\n\n\n<li>mit 80% bei einer reinen \u00dcbernachtung<\/li>\n<\/ul>\n\n\n\n<p>Das Stornieren einer Vollpensionsbuchung ist deshalb billiger, weil das Hotel f\u00fcr die Versorgung nicht mehr aufkommen muss.<\/p>\n\n\n\n<h3 class=\"wp-block-heading\"><a name=\"flug-stornogebuehren\"><\/a>Stornogeb\u00fchren bei einem Flug<\/h3>\n\n\n\n<p>Bei einem Flug richtet sich die Stornogeb\u00fchr hingegen nach dem Tarif und der Art des Tickets. H\u00e4ufig sind in die h\u00f6hertarifigen Tickets Sonderleistungen inkludiert. Dazu geh\u00f6ren auch geringere oder gar keine Stornogeb\u00fchren. Generell ist es der Fluggesellschaft nicht m\u00f6glich, den gesamten Ticketpreis einzubehalten. Auf jeden Fall bekommt ihr die Steuern zur\u00fcck.<\/p>\n\n\n\n<p><a href=\"https:\/\/www.sonnenklar.tv\/beliebte-reiseziele.html?utm_source=stornogebuehren&amp;utm_medium=banner&amp;utm_campaign=lexikon\" target=\"_blank\" rel=\"noreferrer noopener\">Top Angebote f\u00fcr die beliebtesten Reiseziele bei sonnenklar.TV<\/a>.<\/p>\n\n\n\n<h2 class=\"wp-block-heading\"><a name=\"reiseruecktrittsversicherung\"><\/a>Ist eine Reiser\u00fccktrittsversicherung sinnvoll?<\/h2>\n\n\n\n<p>Wollt ihr Stornogeb\u00fchren vermeiden, dann hilft euch eine Reiser\u00fccktrittsversicherung. Diese garantiert den <strong>kostenfreien R\u00fccktritt<\/strong> auch bei pers\u00f6nlichen Gr\u00fcnden wie Trennung, Todesfall, Krankheit, Schwangerschaft, gestrichenem Urlaub oder finanzieller Notlage. Aber auch hier ist ratsam, die AGB sorgf\u00e4ltig zu studieren, denn die Konditionen sind unterschiedlich geregelt. Je nach Abschluss wird mitunter eine Selbstbeteiligung f\u00e4llig, es gibt zudem Teil- und Vollschutzreiser\u00fccktrittsversicherungen und solche, die an bestimmte Gegebenheiten gekn\u00fcpft sind.<\/p>\n\n\n\n<p>Die Reiser\u00fccktrittsversicherung wird h\u00e4ufig von den Reiseveranstaltern und Fluglinien bei der Buchung als Einmalversicherung mitangeboten. Auch die Vermieter von Leihautos offerieren diese Option. Die meisten Versicherungen greifen bei Unfall, pl\u00f6tzlicher Krankheit oder Todesfall in der Familie. Manchmal sind auch pl\u00f6tzliche Arbeitslosigkeit und die Aufnahme einer Berufst\u00e4tigkeit nach l\u00e4ngerer Arbeitslosigkeit mitversichert. Alternativ oder erg\u00e4nzend zur R\u00fccktrittsversicherung gibt es au\u00dferdem eine Reiseabbruchversicherung, wenn ihr aus einem wichtigen Grund vorzeitig aus dem Urlaub heimreisen m\u00fcsst.<\/p>\n\n\n\n<p>Wer gerne und oft verreist, profitiert \u00fcbrigens von einer <strong>Reiser\u00fccktrittsversicherung mit Jahresschutz<\/strong>. Diese Versicherung schlie\u00dft ihr unabh\u00e4ngig von einer bestimmten Reisebuchung ab. S\u00e4mtliche im Jahr gebuchten Reisen sind dann automatisch mitversichert. Auch hier ist es wichtig, schnell zu handeln und wenig Zeit nach der Buchung verstreichen zu lassen. Es gibt nur wenige Versicherer, die ihre Leistung noch 30 Tage vor dem Abreisetermin anbieten.<\/p>\n\n\n\n<h3 class=\"wp-block-heading\">Mehr zum Thema Geb\u00fchren:<\/h3>\n\n\n\n<p><a href=\"https:\/\/www.sonnenklar.tv\/blog\/reiselexikon\/einzelzimmerzuschlag-bedeutung\/\">Einzelzimmerzuschlag<\/a> <a href=\"https:\/\/www.sonnenklar.tv\/blog\/reiselexikon\/fremdwaehrungsgebuehren-bedeutung\/\">Fremdw\u00e4hrungsgeb\u00fchren<\/a> <a href=\"https:\/\/www.sonnenklar.tv\/blog\/reiselexikon\/was-ist-eine-kurtaxe\/\">Kurtaxe<\/a> <a href=\"https:\/\/www.sonnenklar.tv\/blog\/reiselexikon\/was-ist-eine-mautgebuehr\/\">Mautgeb\u00fchr<\/a> <a href=\"https:\/\/www.sonnenklar.tv\/blog\/reiselexikon\/was-sind-stornogebuehren\/\">Stornogeb\u00fchren<\/a> <a href=\"https:\/\/www.sonnenklar.tv\/blog\/reiselexikon\/treibstoffzuschlag-bedeutung\/\">Treibstoffzuschlag<\/a><\/p>\n\n\n\n<p><a href=\"https:\/\/www.sonnenklar.tv\/blog\/reiselexikon\/\">&lt;&lt; Zur\u00fcck zum Reiselexikon<\/a><\/p>\n","protected":false},"excerpt":{"rendered":"<p>Es gibt verschiedene Gr\u00fcnde, von einer Reise zur\u00fcckzutreten und eine Buchung zu stornieren. Seien es ein Trauerfall in der Familie, eine pl\u00f6tzlich einsetzende Erkrankung oder eine andere pers\u00f6nliche oder berufliche Ver\u00e4nderung. \u00c4rgerlich ist das nicht nur f\u00fcr den Reiseveranstalter, sondern auch f\u00fcr euch selbst, denn in den meisten F\u00e4llen bekommt ihr nur einen Teil der<\/p>\n","protected":false},"author":3,"featured_media":0,"parent":6051,"menu_order":0,"comment_status":"closed","ping_status":"closed","template":"","meta":{"footnotes":""},"class_list":["post-7889","page","type-page","status-publish"],"_links":{"self":[{"href":"https:\/\/www.sonnenklar.tv\/blog\/wp-json\/wp\/v2\/pages\/7889","targetHints":{"allow":["GET"]}}],"collection":[{"href":"https:\/\/www.sonnenklar.tv\/blog\/wp-json\/wp\/v2\/pages"}],"about":[{"href":"https:\/\/www.sonnenklar.tv\/blog\/wp-json\/wp\/v2\/types\/page"}],"author":[{"embeddable":true,"href":"https:\/\/www.sonnenklar.tv\/blog\/wp-json\/wp\/v2\/users\/3"}],"replies":[{"embeddable":true,"href":"https:\/\/www.sonnenklar.tv\/blog\/wp-json\/wp\/v2\/comments?post=7889"}],"version-history":[{"count":30,"href":"https:\/\/www.sonnenklar.tv\/blog\/wp-json\/wp\/v2\/pages\/7889\/revisions"}],"predecessor-version":[{"id":37620,"href":"https:\/\/www.sonnenklar.tv\/blog\/wp-json\/wp\/v2\/pages\/7889\/revisions\/37620"}],"up":[{"embeddable":true,"href":"https:\/\/www.sonnenklar.tv\/blog\/wp-json\/wp\/v2\/pages\/6051"}],"wp:attachment":[{"href":"https:\/\/www.sonnenklar.tv\/blog\/wp-json\/wp\/v2\/media?parent=7889"}],"curies":[{"name":"wp","href":"https:\/\/api.w.org\/{rel}","templated":true}]}}