{"id":7823,"date":"2018-07-24T12:38:23","date_gmt":"2018-07-24T10:38:23","guid":{"rendered":"https:\/\/www.sonnenklar.tv\/blog\/?page_id=7823"},"modified":"2025-12-12T15:31:59","modified_gmt":"2025-12-12T14:31:59","slug":"chalet-bedeutung","status":"publish","type":"page","link":"https:\/\/www.sonnenklar.tv\/blog\/reiselexikon\/chalet-bedeutung\/","title":{"rendered":"Was ist ein Chalet?"},"content":{"rendered":"\n<p><strong>Ihr tretet vor die T\u00fcr, die Sonne geht gerade \u00fcber den Berggipfeln auf und irgendwo in der Ferne kr\u00e4ht ein Hahn. Entschleunigung pur. Habt ihr auch schon einmal von einer Auszeit in einem Chalet in den Bergen getr\u00e4umt? Wobei: Was ist eigentlich die genaue Bedeutung von Chalet?<\/strong><\/p>\n\n\n\n<hr class=\"wp-block-separator has-css-opacity\"\/>\n\n\n\n<p><strong>Inhaltsverzeichnis<\/strong><\/p>\n\n\n\n<ul class=\"wp-block-list\">\n<li><a href=\"#chalet-bedeutung\">Was bedeutet Chalet?<\/a><\/li>\n\n\n\n<li><a href=\"#chalet-typen\">Welche Typen von Chalets gibt es?<\/a><\/li>\n\n\n\n<li><a href=\"#luxus-chalet\">Was ist ein Luxus-Chalet?<\/a><\/li>\n\n\n\n<li><a href=\"#vorteile-nachteile-chalet\">Vorteile und Nachteile bei einem Urlaub im Chalet<\/a><\/li>\n\n\n\n<li><a href=\"#chalet-buchen\">Tipps zur Buchung eines Chalets<\/a><\/li>\n<\/ul>\n\n\n\n<hr class=\"wp-block-separator has-css-opacity\"\/>\n\n\n\n<h2 class=\"wp-block-heading\"><a name=\"chalet-bedeutung\"><\/a>Was bedeutet Chalet?<\/h2>\n\n\n\n<p>Das Wort Chalet kommt aus der franz\u00f6sischen Schweiz und hat seine Wurzeln im Lateinischen. Es bedeutet \u201egesch\u00fctzter Ort\u201c. Und genau das waren die ersten Chalets: urige Bergh\u00fctten von Viehz\u00fcchtern \u2013 ein R\u00fcckzugsort in der Natur, der Schutz vor den Elementen bot. Ein typisches Chalet war einst\u00f6ckig, in Holzbauweise errichtet, hatte ein flaches Satteldach und lag in einiger Entfernung vom n\u00e4chsten Dorf.<\/p>\n\n\n\n<p>Mittlerweile wird die Bezeichnung \u201eChalet\u201c auch f\u00fcr andere Unterk\u00fcnfte in Holzbauweise oder mit Holzverschalung verwendet. Dabei handelt es sich oft um gut ausgestattete H\u00e4user unterschiedlicher Gr\u00f6\u00dfe, die nicht mehr viel mit einer Almh\u00fctte zu tun haben. In Ferienanlagen stehen sie h\u00e4ufig als H\u00fcttendorf zusammen. Zumeist liegen sie in den Bergen \u2013 es gibt aber auch Chalets am Meer.<\/p>\n\n\n\n<h2 class=\"wp-block-heading\"><a name=\"chalet-bedeutung\"><\/a>Welche Typen von Chalets gibt es?<\/h2>\n\n\n\n<p>Im touristischen Fachjargon werden vor allem folgende Unterk\u00fcnfte als Chalets bezeichnet:<\/p>\n\n\n\n<ul class=\"wp-block-list\">\n<li>Holzbauten mit K\u00fcche und Bad in Feriend\u00f6rfern<\/li>\n\n\n\n<li>Mehrst\u00f6ckige rustikale H\u00e4user in Holzbauweise mit einzelnen Appartements<\/li>\n\n\n\n<li>Einfamilien-Chalets in Holzbauweise<\/li>\n\n\n\n<li>Luxus-Chalets mit gehobener bis extravaganter Ausstattung<\/li>\n<\/ul>\n\n\n\n<p>Im Gegensatz zu herk\u00f6mmlichen Ferienh\u00e4usern liegen Chalets fast immer in einer interessanten Landschaft. Sie bezaubern durch ihren charaktervollen Landhausstil \u2013 besonders, wenn der rustikale Charme im Kontrast zu luxuri\u00f6sen Extras steht.<\/p>\n\n\n\n<h2 class=\"wp-block-heading\"><a name=\"luxus-chalet\"><\/a>Was ist ein Luxus-Chalet?<\/h2>\n\n\n\n<p>Stellt euch ein solides Holzgeb\u00e4ude in einer landschaftlich reizvollen Gegend vor \u2013 mit einem gro\u00dfen Dach\u00fcberhang, Balkons und Terrassen. Edel gemaserte Holzelemente, Naturstein und M\u00f6bel im Landhausstil. In der komplett ausgestatteten Designk\u00fcche bereitet ihr einen kleinen Imbiss, mit dem ihr euch sp\u00e4ter an den Kamin setzen werdet. An der Bar mixt jemand Drinks und bringt sie zum \u201eK\u00fcchenpersonal\u201c.<\/p>\n\n\n\n<figure class=\"wp-block-image size-large\"><a href=\"https:\/\/www.sonnenklar.tv\/blog\/wp-content\/uploads\/2025\/02\/chalet-bedeutung-1.jpg\"><img fetchpriority=\"high\" decoding=\"async\" width=\"880\" height=\"450\" src=\"https:\/\/www.sonnenklar.tv\/blog\/wp-content\/uploads\/2025\/02\/chalet-bedeutung-1.jpg\" alt=\"Chalet Bedeutung\" class=\"wp-image-34596\" srcset=\"https:\/\/www.sonnenklar.tv\/blog\/wp-content\/uploads\/2025\/02\/chalet-bedeutung-1.jpg 880w, https:\/\/www.sonnenklar.tv\/blog\/wp-content\/uploads\/2025\/02\/chalet-bedeutung-1-800x409.jpg 800w, https:\/\/www.sonnenklar.tv\/blog\/wp-content\/uploads\/2025\/02\/chalet-bedeutung-1-120x61.jpg 120w, https:\/\/www.sonnenklar.tv\/blog\/wp-content\/uploads\/2025\/02\/chalet-bedeutung-1-90x46.jpg 90w, https:\/\/www.sonnenklar.tv\/blog\/wp-content\/uploads\/2025\/02\/chalet-bedeutung-1-320x164.jpg 320w, https:\/\/www.sonnenklar.tv\/blog\/wp-content\/uploads\/2025\/02\/chalet-bedeutung-1-560x286.jpg 560w\" sizes=\"(max-width: 880px) 100vw, 880px\" \/><\/a><figcaption class=\"wp-element-caption\">Was ist ein Chalet?<\/figcaption><\/figure>\n\n\n\n<p>Am n\u00e4chsten Morgen gibt es ein sonniges Fr\u00fchst\u00fcck auf der Terrasse mit Panoramablick. Dann macht ihr einen kleinen Einkaufsbummel durch das n\u00e4chstgelegene St\u00e4dtchen und kehrt nach einem Mittagessen in einem urigen Gasthof in euer Luxus-Chalet zur\u00fcck. Mittagspause \u2013 schlie\u00dflich habt ihr Urlaub \u2013 und danach ein Abstecher in die Sauna oder in den Whirlpool im Untergeschoss. Dort gibt es auch einen Fitnessraum. Aber ihr verbrennt eure Kalorien lieber in der freien Natur.<\/p>\n\n\n\n<p>Deshalb erkundet ihr anschlie\u00dfend einen der umliegenden Wanderwege oder versucht, die Forellen im Bach zu fangen. Oder ihr geht Pilze suchen. Nach einem gepflegten Abendessen neben dem Kamin \u2013 vielleicht inklusive frischem Pilzomelett? \u2013 beschlie\u00dft ihr den Tag unter dem Sternenhimmel: im Outdoor-Jacuzzi. K\u00f6nnt ihr euch jetzt in etwa vorstellen, was ein Luxus-Chalet ist? Es ist einfach ein kleines privates 5-Sterne-Hotel (laut Landeskategorie) im Landhausstil, ohne Personal und mit viel Charme.<\/p>\n\n\n\n<div class=\"wp-block-buttons is-horizontal is-content-justification-center is-layout-flex wp-container-core-buttons-is-layout-499968f5 wp-block-buttons-is-layout-flex\">\n<div class=\"wp-block-button\"><a class=\"wp-block-button__link wp-element-button\" href=\"https:\/\/www.sonnenklar.tv\/promo\/chalets.html\" target=\"_blank\" rel=\"noreferrer noopener\">zu den Chalet &#8211; ANGEBOTEN<\/a><\/div>\n<\/div>\n\n\n\n<h2 class=\"wp-block-heading\"><a name=\"vorteile-nachteile-chalet\"><\/a>Vorteile und Nachteile bei einem Urlaub im Chalet<\/h2>\n\n\n\n<p>Bevor ihr euch f\u00fcr einen Urlaub im Chalet entscheidet, solltet ihr euch dar\u00fcber im Klaren sein, welche Lage zu euch passt. Seid ihr eher abenteuerlustig und traut euch, ein Chalet in Alleinlage zu mieten? Ihr bekommt keine Angst, wenn nachts die Dielenbretter knarren oder das K\u00e4uzchen schreit? Dann findet ihr bestimmt wundersch\u00f6n gelegene Chalets, die genau zu eurem Budget und euren Anspr\u00fcchen passen.<\/p>\n\n\n\n<p>Normalverbraucher f\u00fchlen sich wohler, wenn ihr Chalet zwar seinen typischen Charme besitzt aber doch nicht am Ende der Welt liegt. Wenn ihr euch f\u00fcr ein Chalet in der N\u00e4he der Zivilisation entscheidet, braucht ihr zumindest keinen Allrader zu mieten, um bei jedem Wetter bis zu eurer Haust\u00fcr zu kommen. Und abgesehen von eventuell n\u00f6tiger \u00e4rztlicher Versorgung \u2013 vielleicht freundet ihr euch ja sogar mit jemandem aus eurer Nachbarschaft an?<\/p>\n\n\n\n<div class=\"wp-block-buttons is-horizontal is-content-justification-center is-layout-flex wp-container-core-buttons-is-layout-499968f5 wp-block-buttons-is-layout-flex\">\n<div class=\"wp-block-button\"><a class=\"wp-block-button__link wp-element-button\" href=\"https:\/\/www.sonnenklar.tv\/promo\/chalets-oesterreich.html\" target=\"_blank\" rel=\"noreferrer noopener\">Chalets in \u00f6sterreich &#8211; angebote<\/a><\/div>\n<\/div>\n\n\n\n<h2 class=\"wp-block-heading\"><a name=\"chalet-buchen\"><\/a>Tipps zur Buchung eines Chalets<\/h2>\n\n\n\n<p>Wer ein Chalet buchen m\u00f6chte, sollte sich dar\u00fcber informieren welche Kosten vom Preis des Anbieters abgedeckt sind. Zus\u00e4tzlich zum Endpreis k\u00f6nnen je nach Reiseveranstalter folgende Kosten entstehen:<\/p>\n\n\n\n<ul class=\"wp-block-list\">\n<li>Bereitstellung von Bettw\u00e4sche<\/li>\n\n\n\n<li>Bereitstellung von Handt\u00fcchern<\/li>\n\n\n\n<li>Endreinigung<\/li>\n\n\n\n<li>Stromverbrauch<\/li>\n<\/ul>\n\n\n\n<p>Wenn ihr an Silvester oder an Ostern ein Chalet buchen m\u00f6chtet, solltet ihr fr\u00fchzeitig reservieren. Dann stehen die urigen Retreats besonders hoch im Kurs und sind schnell ausgebucht.<\/p>\n\n\n\n<h3 class=\"wp-block-heading\">Mehr zum Thema Unterkunft:<\/h3>\n\n\n\n<p><a href=\"https:\/\/www.sonnenklar.tv\/blog\/reiselexikon\/was-bedeuten-hotelsterne\/\">Hotelsterne<\/a>\u00a0 \u00a0 <a href=\"https:\/\/www.sonnenklar.tv\/blog\/reiselexikon\/hotel-abkuerzungen-bedeutung\/\">Hotelabk\u00fcrzungen<\/a>\u00a0\u00a0\u00a0\u00a0<a href=\"https:\/\/www.sonnenklar.tv\/blog\/reiselexikon\/bed-and-breakfast-bedeutung\/\">Bed &amp; Breakfast<\/a>\u00a0 \u00a0 <a href=\"https:\/\/www.sonnenklar.tv\/blog\/reiselexikon\/bungalow-bedeutung\/\">Bungalow<\/a>\u00a0 \u00a0 <a href=\"https:\/\/www.sonnenklar.tv\/blog\/reiselexikon\/finca-bedeutung\/\">Finca<\/a>\u00a0 \u00a0 <a href=\"https:\/\/www.sonnenklar.tv\/blog\/reiselexikon\/biohotel-bedeutung\/\">Biohotel<\/a>\u00a0 \u00a0\u00a0<a href=\"https:\/\/www.sonnenklar.tv\/blog\/reiselexikon\/riad-bedeutung\/\">Riad<\/a>\u00a0 \u00a0 <a href=\"https:\/\/www.sonnenklar.tv\/blog\/reiselexikon\/hostel-bedeutung\/\">Hostel<\/a>\u00a0 \u00a0 <a href=\"https:\/\/www.sonnenklar.tv\/blog\/reiselexikon\/erwachsenenhotel-bedeutung\/\">Erwachsenenhotel<\/a>\u00a0 \u00a0 <a href=\"https:\/\/www.sonnenklar.tv\/blog\/reiselexikon\/aparthotel-bedeutung\/\">Aparthotel<\/a>\u00a0 \u00a0 <a href=\"https:\/\/www.sonnenklar.tv\/blog\/reiselexikon\/vital-hotel-bedeutung\/\">Vital Hotel<\/a>\u00a0 \u00a0\u00a0<a href=\"https:\/\/www.sonnenklar.tv\/blog\/reiselexikon\/glueckshotel-bedeutung\/\">Gl\u00fcckshotel<\/a>\u00a0 \u00a0 <a href=\"https:\/\/www.sonnenklar.tv\/blog\/reiselexikon\/resort-bedeutung\/\">Resort<\/a>\u00a0 \u00a0 <a href=\"https:\/\/www.sonnenklar.tv\/blog\/reiselexikon\/mobilheim-bedeutung\/\">Mobilheim<\/a>\u00a0 \u00a0 <a href=\"https:\/\/www.sonnenklar.tv\/blog\/reiselexikon\/pension-hotel-bedeutung\/\">Pension<\/a>\u00a0 \u00a0 <a href=\"https:\/\/www.sonnenklar.tv\/blog\/reiselexikon\/hotel-garni-bedeutung\/\">Hotel Garni<\/a>\u00a0 \u00a0\u00a0<a href=\"https:\/\/www.sonnenklar.tv\/blog\/reiselexikon\/doppelzimmer-bedeutung\/\">Doppelzimmer<\/a>\u00a0 \u00a0\u00a0<a href=\"https:\/\/www.sonnenklar.tv\/blog\/reiselexikon\/familienzimmer-bedeutung\/\">Familienzimmer<\/a>\u00a0 \u00a0 <a href=\"https:\/\/www.sonnenklar.tv\/blog\/reiselexikon\/sparzimmer-bedeutung\/\">Sparzimmer<\/a>\u00a0 \u00a0 <a href=\"https:\/\/www.sonnenklar.tv\/blog\/reiselexikon\/boutique-hotel-bedeutung\/\">Boutique Hotel<\/a>\u00a0\u00a0\u00a0 <a href=\"https:\/\/www.sonnenklar.tv\/blog\/reiselexikon\/suite-bedeutung\/\">Suite<\/a>\u00a0 \u00a0 <a href=\"https:\/\/www.sonnenklar.tv\/blog\/reiselexikon\/studio-apartment-bedeutung\/\">Studio Apartment<\/a> \u00a0 \u00a0 <a href=\"https:\/\/www.sonnenklar.tv\/blog\/reiselexikon\/kabine-bedeutung\/\">Kabine<\/a>\u00a0 \u00a0 <a href=\"https:\/\/www.sonnenklar.tv\/blog\/reiselexikon\/superiorzimmer-bedeutung\/\">Superiorzimmer<\/a>\u00a0 \u00a0 <a href=\"https:\/\/www.sonnenklar.tv\/blog\/boardinghouse-bedeutung\/\">Boardinghouse<\/a>\u00a0 \u00a0 <a href=\"https:\/\/www.sonnenklar.tv\/blog\/reiselexikon\/ryokan-bedeutung\/\">Ryokan<\/a><\/p>\n\n\n\n<p><a href=\"https:\/\/www.sonnenklar.tv\/blog\/reiselexikon\/\">&lt;&lt; Zur\u00fcck zum Reiselexikon<\/a><\/p>\n","protected":false},"excerpt":{"rendered":"<p>Ihr tretet vor die T\u00fcr, die Sonne geht gerade \u00fcber den Berggipfeln auf und irgendwo in der Ferne kr\u00e4ht ein Hahn. Entschleunigung pur. Habt ihr auch schon einmal von einer Auszeit in einem Chalet in den Bergen getr\u00e4umt? Wobei: Was ist eigentlich die genaue Bedeutung von Chalet? Inhaltsverzeichnis Was bedeutet Chalet? Das Wort Chalet kommt<\/p>\n","protected":false},"author":3,"featured_media":0,"parent":6051,"menu_order":0,"comment_status":"closed","ping_status":"closed","template":"","meta":{"footnotes":""},"class_list":["post-7823","page","type-page","status-publish"],"_links":{"self":[{"href":"https:\/\/www.sonnenklar.tv\/blog\/wp-json\/wp\/v2\/pages\/7823","targetHints":{"allow":["GET"]}}],"collection":[{"href":"https:\/\/www.sonnenklar.tv\/blog\/wp-json\/wp\/v2\/pages"}],"about":[{"href":"https:\/\/www.sonnenklar.tv\/blog\/wp-json\/wp\/v2\/types\/page"}],"author":[{"embeddable":true,"href":"https:\/\/www.sonnenklar.tv\/blog\/wp-json\/wp\/v2\/users\/3"}],"replies":[{"embeddable":true,"href":"https:\/\/www.sonnenklar.tv\/blog\/wp-json\/wp\/v2\/comments?post=7823"}],"version-history":[{"count":20,"href":"https:\/\/www.sonnenklar.tv\/blog\/wp-json\/wp\/v2\/pages\/7823\/revisions"}],"predecessor-version":[{"id":37564,"href":"https:\/\/www.sonnenklar.tv\/blog\/wp-json\/wp\/v2\/pages\/7823\/revisions\/37564"}],"up":[{"embeddable":true,"href":"https:\/\/www.sonnenklar.tv\/blog\/wp-json\/wp\/v2\/pages\/6051"}],"wp:attachment":[{"href":"https:\/\/www.sonnenklar.tv\/blog\/wp-json\/wp\/v2\/media?parent=7823"}],"curies":[{"name":"wp","href":"https:\/\/api.w.org\/{rel}","templated":true}]}}