{"id":7804,"date":"2018-07-20T13:00:37","date_gmt":"2018-07-20T11:00:37","guid":{"rendered":"https:\/\/www.sonnenklar.tv\/blog\/?page_id=7804"},"modified":"2025-12-12T15:28:29","modified_gmt":"2025-12-12T14:28:29","slug":"blaue-flagge-bedeutung","status":"publish","type":"page","link":"https:\/\/www.sonnenklar.tv\/blog\/reiselexikon\/blaue-flagge-bedeutung\/","title":{"rendered":"Was bedeutet Blaue Flagge?"},"content":{"rendered":"\n<p><strong>Die Blaue Flagge gilt als eines der ersten G\u00fctesiegel f\u00fcr einen nachhaltigen Tourismus. An einem mit der Blauen Flagge ausgezeichneten Strand werden nicht nur die Wasserqualit\u00e4t hochgehalten, sondern den G\u00e4sten zus\u00e4tzlich Informationen in Bezug auf die Umwelt angeboten.<\/strong><\/p>\n\n\n\n<hr class=\"wp-block-separator has-css-opacity\"\/>\n\n\n\n<p><strong>Inhaltsverzeichnis<\/strong><\/p>\n\n\n\n<ul class=\"wp-block-list\">\n<li><a href=\"#blaue-flagge-fee\">Wer vergibt das Umweltzeichen Blaue Flagge?<\/a><\/li>\n\n\n\n<li><a href=\"#blaue-flagge-kriterien\">Was sind die Kriterien f\u00fcr die Vergabe der Blauen Flagge?<\/a><\/li>\n\n\n\n<li><a href=\"#blaue-flagge-vergabe\">Wie erfolgt die Vergabe der Blauen Flagge?<\/a><\/li>\n\n\n\n<li><a href=\"#blaue-flagge-pruefung-der-kriterien\">Wie wird der Einhalt der Kriterien \u00fcberpr\u00fcft?<\/a><\/li>\n\n\n\n<li><a href=\"#blaue-flagge-straende\">Wo findet ihr Str\u00e4nde mit einer Blauen Flagge?<\/a><\/li>\n<\/ul>\n\n\n\n<hr class=\"wp-block-separator has-css-opacity\"\/>\n\n\n\n<h2 class=\"wp-block-heading\"><a name=\"blaue-flagge-fee\"><\/a>Wer vergibt das Umweltzeichen Blaue Flagge?<\/h2>\n\n\n\n<p><strong>Das Umweltzeichen wird von der Foundation for Environmental Education (FEE) an:<\/strong><\/p>\n\n\n\n<ul class=\"wp-block-list\">\n<li>Str\u00e4nde<\/li>\n\n\n\n<li>Sportbooth\u00e4fen<\/li>\n\n\n\n<li>Bootsbetreibern<\/li>\n<\/ul>\n\n\n\n<p>vergeben, die den Anforderungen in Bezug auf Information, Wasserqualit\u00e4t, Management und Sicherheit entsprechen.<\/p>\n\n\n\n<p>Die <strong>Foundation for Environmental Education (FEE)<\/strong> ist eine 1981 gegr\u00fcndete NGO mit Sitz in Kopenhagen. Ihr Ziel ist es, durch Umweltbildung den Schutz der Umwelt zu st\u00e4rken. Die FEE fungiert dabei als Dachorganisation und unterst\u00fctzt in dieser Eigenschaft die nationalen Organisationen in den jeweiligen Mitgliedsl\u00e4ndern.<\/p>\n\n\n\n<p>Seit 1987 koordiniert die Deutsche Gesellschaft f\u00fcr Umwelterziehung (DGU) die Projekte der FEE in Deutschland. Gemeinsam mit der FEE entwickelt sie Schulungsprojekte, Zertifizierungsprogramme und Umweltzeichen. Eines dieser Projekte ist die Blaue Flagge. In Deutschland z\u00e4hlen Sportbooth\u00e4fen und Str\u00e4nde sowie Badestellen an den Binnenseen zu den ausgezeichneten St\u00e4tten. In anderen L\u00e4ndern kommen noch Bootsbetreiber hinzu.<\/p>\n\n\n\n<h2 class=\"wp-block-heading\"><a name=\"blaue-flagge-kriterien\"><\/a>Was sind die Kriterien f\u00fcr die Vergabe der Blauen Flagge?<\/h2>\n\n\n\n<p>Die Kriterien lassen sich mit den untenstehend angef\u00fchrten Schlagw\u00f6rtern beschreiben:<\/p>\n\n\n\n<ul class=\"wp-block-list\">\n<li><strong>Umweltbildung:<\/strong> Die ausgezeichneten Betreiber informieren ihre G\u00e4ste \u00fcber Verhaltensregeln zur Erhaltung der Badewasserqualit\u00e4t und der Umwelt. Dar\u00fcber hinaus bieten sie Umweltaktivit\u00e4ten an.<\/li>\n\n\n\n<li><strong>Qualit\u00e4t:<\/strong> Die Betreiber pr\u00fcfen regelm\u00e4\u00dfig die Qualit\u00e4t des Wassers und sorgen durch eine geregelte Entsorgung der Abw\u00e4sser f\u00fcr saubere Str\u00e4nde.<\/li>\n\n\n\n<li><strong>Management:<\/strong> Die Betreiber etablieren ein Management an den Str\u00e4nden, dass neben anderem eine umweltgerechte Abfallentsorgung umsetzt.<\/li>\n\n\n\n<li><strong>Sicherheit:<\/strong> Die Anwesenheit von Rettungsschwimmern und das Vorhandensein von Erste-Hilfe-Material und Notfallpl\u00e4nen sorgt f\u00fcr die Sicherheit der G\u00e4ste.<\/li>\n\n\n\n<li><strong>Monitoring:<\/strong> Die Betreiber pr\u00fcfen und dokumentieren laufend die Ma\u00dfnahmen zur Einhaltung der Kriterien.<\/li>\n<\/ul>\n\n\n\n<figure class=\"wp-block-image size-full\"><a href=\"https:\/\/www.sonnenklar.tv\/blog\/wp-content\/uploads\/2025\/03\/GettyImages-blaue-flagge-tuerkei877312908.jpg\"><img fetchpriority=\"high\" decoding=\"async\" width=\"880\" height=\"450\" src=\"https:\/\/www.sonnenklar.tv\/blog\/wp-content\/uploads\/2025\/03\/GettyImages-blaue-flagge-tuerkei877312908.jpg\" alt=\"Blaue Flagge Bedeutung: Flagge der T\u00fcrkei und die blaue Flagge am Strand\" class=\"wp-image-34766\" srcset=\"https:\/\/www.sonnenklar.tv\/blog\/wp-content\/uploads\/2025\/03\/GettyImages-blaue-flagge-tuerkei877312908.jpg 880w, https:\/\/www.sonnenklar.tv\/blog\/wp-content\/uploads\/2025\/03\/GettyImages-blaue-flagge-tuerkei877312908-800x409.jpg 800w, https:\/\/www.sonnenklar.tv\/blog\/wp-content\/uploads\/2025\/03\/GettyImages-blaue-flagge-tuerkei877312908-18x9.jpg 18w, https:\/\/www.sonnenklar.tv\/blog\/wp-content\/uploads\/2025\/03\/GettyImages-blaue-flagge-tuerkei877312908-120x61.jpg 120w, https:\/\/www.sonnenklar.tv\/blog\/wp-content\/uploads\/2025\/03\/GettyImages-blaue-flagge-tuerkei877312908-90x46.jpg 90w, https:\/\/www.sonnenklar.tv\/blog\/wp-content\/uploads\/2025\/03\/GettyImages-blaue-flagge-tuerkei877312908-320x164.jpg 320w, https:\/\/www.sonnenklar.tv\/blog\/wp-content\/uploads\/2025\/03\/GettyImages-blaue-flagge-tuerkei877312908-560x286.jpg 560w\" sizes=\"(max-width: 880px) 100vw, 880px\" \/><\/a><figcaption class=\"wp-element-caption\">Was bedeutet die Blaue Flagge<\/figcaption><\/figure>\n\n\n\n<h2 class=\"wp-block-heading\"><a name=\"blaue-flagge-vergabe\"><\/a>Wie erfolgt die Vergabe der Blauen Flagge?<\/h2>\n\n\n\n<p>Der Vergabeprozess wird durch die folgenden Parteien angesto\u00dfen:<\/p>\n\n\n\n<ul class=\"wp-block-list\">\n<li>durch die jeweilige Gemeinde bei Str\u00e4nden und Badestellen<\/li>\n\n\n\n<li>durch den Hafenbetreiber bei Sportbooth\u00e4fen<\/li>\n\n\n\n<li>durch den Eigent\u00fcmer bei Bootsbetreibern<\/li>\n<\/ul>\n\n\n\n<p>Der Antrag durchl\u00e4uft einen Pr\u00fcfungsprozess zuerst bei den nationalen und anschlie\u00dfend bei den internationalen Vertretern der FEE.<\/p>\n\n\n\n<h2 class=\"wp-block-heading\"><a name=\"blaue-flagge-pruefung-der-kriterien\"><\/a>Wie wird der Einhalt der Kriterien \u00fcberpr\u00fcft?<\/h2>\n\n\n\n<p>Die Pr\u00fcfung der Kriterien teilen sich verschiedene Organisationen. Eine Basisleistung erbringen die nationalen Umweltbeh\u00f6rden, die die Einhaltung der gesetzlichen Vorschriften kontrollieren. Zus\u00e4tzlich f\u00fchren nationale und internationale Vertreter der FFE angemeldete und unangemeldete Audits durch. Da die Blaue Flagge immer nur f\u00fcr eine Saison vergeben wird, werden die ausgezeichneten St\u00e4tten mindestens einmal j\u00e4hrlich gepr\u00fcft.<\/p>\n\n\n\n<p><a href=\"https:\/\/www.sonnenklar.tv\/promo\/reise-badeurlaub.html?utm_source=blaue-flagge&amp;utm_medium=textlink&amp;utm_campaign=lexikon\" target=\"_blank\" rel=\"noreferrer noopener\">Jetzt die sch\u00f6nsten Badeorte bei sonnenklar.TV entdecken!<\/a><\/p>\n\n\n\n<h2 class=\"wp-block-heading\"><a name=\"blaue-flagge-straende\"><\/a>Wo findet ihr Str\u00e4nde mit einer Blauen Flagge?<\/h2>\n\n\n\n<p>Der \u00fcberwiegende Teil der Blauen Flaggen ist an den europ\u00e4ischen K\u00fcstenabschnitten zu finden. In absoluten Zahlen f\u00fchren hier die L\u00e4nder <strong>Spanien<\/strong>, <strong>T\u00fcrkei<\/strong>, <strong>Griechenland<\/strong> und <strong>Frankreich<\/strong>. Durch die deutlich k\u00fcrzere K\u00fcstenlinie liegt die Anzahl der deutschen Str\u00e4nde im Vergleich zu den genannten Top-L\u00e4nder bei weniger als 10%.<\/p>\n\n\n\n<p>In Deutschland sind die meisten ausgezeichneten Str\u00e4nde an der <strong>Ostsee<\/strong> zu finden. Im Landesinneren f\u00fchren einige Badestellen an Seen die Blaue Flagge als Auszeichnung. Beispielgebend seien hier der <strong>Bodensee<\/strong> und kleinere Seen in Franken und in Mecklenburg-Vorpommern erw\u00e4hnt. Einen hohen Anteil an Blauen Flaggen f\u00fchren Sportbooth\u00e4fen, zum Beispiel entlang des Rheins.<\/p>\n\n\n\n<p>Auf den anderen Kontinenten sind die Blauen Flaggen nur vereinzelt vorzufinden. F\u00fchrend sind hier wieder bekannte Urlaubsl\u00e4nder wie <strong>Marokko<\/strong>, <strong>Dominikanische Inseln<\/strong> und <strong>Mexiko<\/strong>. Die konkrete Verteilung dieser Umweltzeichen schwankt mit der Anzahl der Neuaufnahmen und den erfolgreichen Reviews nach jeder Saison.<\/p>\n\n\n\n<h3 class=\"wp-block-heading\">Weitere Reisebegriffe:<\/h3>\n\n\n\n<p><a href=\"https:\/\/www.sonnenklar.tv\/blog\/reiselexikon\/all-inclusive-bedeutung\/\">All Inclusive<\/a>\u00a0 \u00a0\u00a0<a href=\"https:\/\/www.sonnenklar.tv\/blog\/reiselexikon\/halbpension-bedeutung\/\">Halbpension<\/a>\u00a0 \u00a0\u00a0<a href=\"https:\/\/www.sonnenklar.tv\/blog\/reiselexikon\/vollpension-bedeutung\/\">Vollpension<\/a>\u00a0 \u00a0 <a href=\"https:\/\/www.sonnenklar.tv\/blog\/reiselexikon\/monsun-bedeutung\/\">Monsun<\/a>\u00a0 \u00a0\u00a0<a href=\"https:\/\/www.sonnenklar.tv\/blog\/reiselexikon\/schwanzflug-bedeutung\/\">Schwanzflug<\/a>\u00a0 \u00a0\u00a0<a href=\"https:\/\/www.sonnenklar.tv\/blog\/reiselexikon\/gabelflug-bedeutung\/\">Gabelflug<\/a>\u00a0 \u00a0\u00a0<a href=\"https:\/\/www.sonnenklar.tv\/blog\/reiselexikon\/glamping-bedeutung\/\">Glamping<\/a>\u00a0 \u00a0 <a href=\"https:\/\/www.sonnenklar.tv\/blog\/reiselexikon\/biohotel-bedeutung\/\">Bio Hotel<\/a>\u00a0 \u00a0\u00a0<a href=\"https:\/\/www.sonnenklar.tv\/blog\/reiselexikon\/hostel-bedeutung\/\">Hostel<\/a>\u00a0 \u00a0\u00a0<a href=\"https:\/\/www.sonnenklar.tv\/blog\/reiselexikon\/suite-bedeutung\/\">Suite<\/a>\u00a0 \u00a0 <a href=\"https:\/\/www.sonnenklar.tv\/blog\/reiselexikon\/superiorzimmer-bedeutung\/\">Superiorzimmer<\/a>\u00a0 \u00a0 \u00a0<a href=\"https:\/\/www.sonnenklar.tv\/blog\/reiselexikon\/hotel-garni-bedeutung\/\">Hotel Garni<\/a>\u00a0 \u00a0 <a href=\"https:\/\/www.sonnenklar.tv\/blog\/reiselexikon\/last-minute-bedeutung\/\">Last Minute<\/a>\u00a0 \u00a0\u00a0<a href=\"https:\/\/www.sonnenklar.tv\/blog\/reiselexikon\/pauschalreise-bedeutung\/\">Pauschalreise<\/a>\u00a0 \u00a0 <a href=\"https:\/\/www.sonnenklar.tv\/blog\/reiselexikon\/individualreise-bedeutung\/\">Individualreise<\/a> \u00a0 \u00a0 <a href=\"https:\/\/www.sonnenklar.tv\/blog\/reiselexikon\/langzeiturlaub-bedeutung\/\">Langzeiturlaub<\/a>\u00a0 \u00a0 <a href=\"https:\/\/www.sonnenklar.tv\/blog\/reiselexikon\/kreuzfahrt-bedeutung\/\">Kreuzfahrt<\/a> \u00a0\u00a0 <a href=\"https:\/\/www.sonnenklar.tv\/blog\/reiselexikon\/was-ist-ein-kurort\/\">Kurort<\/a>\u00a0 \u00a0\u00a0<a href=\"https:\/\/www.sonnenklar.tv\/blog\/reiselexikon\/einzelzimmerzuschlag-bedeutung\/\">Einzelzimmerzuschlag<\/a>\u00a0 \u00a0 <a href=\"https:\/\/www.sonnenklar.tv\/blog\/reiselexikon\/fremdwaehrungsgebuehren-bedeutung\/\">Fremdw\u00e4hrungsgeb\u00fchren<\/a>\u00a0 \u00a0 <a href=\"https:\/\/www.sonnenklar.tv\/blog\/reiselexikon\/fruehbucherrabatt-bedeutung\/\">Fr\u00fchbucherrabatt<\/a>\u00a0 \u00a0\u00a0<a href=\"https:\/\/www.sonnenklar.tv\/blog\/reiselexikon\/duty-free-bedeutung\/\">Duty-free<\/a>\u00a0 \u00a0\u00a0<a href=\"https:\/\/www.sonnenklar.tv\/blog\/reiselexikon\/kinderfestpreis-bedeutung\/\">Kinderfestpreis<\/a>\u00a0 \u00a0\u00a0<a href=\"https:\/\/www.sonnenklar.tv\/blog\/reiselexikon\/was-ist-ein-kurort\/\">Kurort<\/a>\u00a0 \u00a0\u00a0<a href=\"https:\/\/www.sonnenklar.tv\/blog\/reiselexikon\/was-bedeutet-spa\/\">Spa<\/a>\u00a0 \u00a0\u00a0<a href=\"https:\/\/www.sonnenklar.tv\/blog\/reiselexikon\/sanarium-bedeutung\/\">Sanarium<\/a>\u00a0 \u00a0\u00a0<a href=\"https:\/\/www.sonnenklar.tv\/blog\/reiselexikon\/was-bedeutet-hamam\/\">Hamam<\/a>\u00a0 \u00a0 <a href=\"https:\/\/www.sonnenklar.tv\/blog\/reiselexikon\/rail-and-fly-bedeutung\/\">Rail and Fly<\/a>\u00a0 \u00a0 <a href=\"https:\/\/www.sonnenklar.tv\/blog\/reiselexikon\/transit-bedeutung\/\">Transit<\/a>\u00a0 \u00a0 <a href=\"https:\/\/www.sonnenklar.tv\/blog\/reiselexikon\/esta-bedeutung\/\">ESTA<\/a>\u00a0 \u00a0 <a href=\"https:\/\/www.sonnenklar.tv\/blog\/reiselexikon\/e-ticket-bedeutung\/\">E-Ticket<\/a>\u00a0 \u00a0 <a href=\"https:\/\/www.sonnenklar.tv\/blog\/reiselexikon\/was-ist-ein-visum\/\">Visum<\/a>\u00a0 \u00a0 <a href=\"https:\/\/www.sonnenklar.tv\/blog\/reiselexikon\/einschiffung-ausschiffung-bedeutung\/\">Einschiffung<\/a>\u00a0 \u00a0 <a href=\"https:\/\/www.sonnenklar.tv\/blog\/reiselexikon\/tendern-bedeutung\/\">Tendern<\/a><\/p>\n","protected":false},"excerpt":{"rendered":"<p>Die Blaue Flagge gilt als eines der ersten G\u00fctesiegel f\u00fcr einen nachhaltigen Tourismus. An einem mit der Blauen Flagge ausgezeichneten Strand werden nicht nur die Wasserqualit\u00e4t hochgehalten, sondern den G\u00e4sten zus\u00e4tzlich Informationen in Bezug auf die Umwelt angeboten. Inhaltsverzeichnis Wer vergibt das Umweltzeichen Blaue Flagge? Das Umweltzeichen wird von der Foundation for Environmental Education (FEE)<\/p>\n","protected":false},"author":3,"featured_media":0,"parent":6051,"menu_order":0,"comment_status":"closed","ping_status":"closed","template":"","meta":{"footnotes":""},"class_list":["post-7804","page","type-page","status-publish"],"_links":{"self":[{"href":"https:\/\/www.sonnenklar.tv\/blog\/wp-json\/wp\/v2\/pages\/7804","targetHints":{"allow":["GET"]}}],"collection":[{"href":"https:\/\/www.sonnenklar.tv\/blog\/wp-json\/wp\/v2\/pages"}],"about":[{"href":"https:\/\/www.sonnenklar.tv\/blog\/wp-json\/wp\/v2\/types\/page"}],"author":[{"embeddable":true,"href":"https:\/\/www.sonnenklar.tv\/blog\/wp-json\/wp\/v2\/users\/3"}],"replies":[{"embeddable":true,"href":"https:\/\/www.sonnenklar.tv\/blog\/wp-json\/wp\/v2\/comments?post=7804"}],"version-history":[{"count":15,"href":"https:\/\/www.sonnenklar.tv\/blog\/wp-json\/wp\/v2\/pages\/7804\/revisions"}],"predecessor-version":[{"id":37559,"href":"https:\/\/www.sonnenklar.tv\/blog\/wp-json\/wp\/v2\/pages\/7804\/revisions\/37559"}],"up":[{"embeddable":true,"href":"https:\/\/www.sonnenklar.tv\/blog\/wp-json\/wp\/v2\/pages\/6051"}],"wp:attachment":[{"href":"https:\/\/www.sonnenklar.tv\/blog\/wp-json\/wp\/v2\/media?parent=7804"}],"curies":[{"name":"wp","href":"https:\/\/api.w.org\/{rel}","templated":true}]}}