{"id":7786,"date":"2018-07-20T09:51:08","date_gmt":"2018-07-20T07:51:08","guid":{"rendered":"https:\/\/www.sonnenklar.tv\/blog\/?page_id=7786"},"modified":"2025-12-12T15:35:13","modified_gmt":"2025-12-12T14:35:13","slug":"duty-free-bedeutung","status":"publish","type":"page","link":"https:\/\/www.sonnenklar.tv\/blog\/reiselexikon\/duty-free-bedeutung\/","title":{"rendered":"Was bedeutet Duty-free?"},"content":{"rendered":"\n<p><strong>F\u00fcr viele Reisende geh\u00f6rt der Besuch eines Duty-free Shops w\u00e4hrend ihrer Flugreise einfach dazu, denn sie hoffen hier auf g\u00fcnstigere Preise f\u00fcr Kosmetikartikel, Spirituosen, Tabak oder S\u00fc\u00dfigkeiten.<\/strong><\/p>\n\n\n\n<hr class=\"wp-block-separator has-css-opacity\"\/>\n\n\n\n<p><strong>Inhaltsverzeichnis<\/strong><\/p>\n\n\n\n<ul class=\"wp-block-list\">\n<li><a href=\"#duty-free-bedeutung\">Was bedeutet Duty-free genau?<\/a><\/li>\n\n\n\n<li><a href=\"#duty-free-preise\">Sind die Preise in allen Duty-Free Shops gleich?<\/a><\/li>\n\n\n\n<li><a href=\"#duty-free-begrenzung\">Duty-free &#8211; ein unbegrenzter Einkaufsspa\u00df?<\/a><\/li>\n\n\n\n<li><a href=\"#freimengen-bei-einreise\">Folgende Freimengen gelten (auszugsweise) bei der Einreise aus Nicht-EU-L\u00e4ndern:<\/a><\/li>\n\n\n\n<li><a href=\"#duty-free-vorteile\">F\u00fcr wen lohnt sich ein Kauf im Duty-free Shop?<\/a><\/li>\n<\/ul>\n\n\n\n<hr class=\"wp-block-separator has-css-opacity\"\/>\n\n\n\n<h2 class=\"wp-block-heading\"><a name=\"duty-free-bedeutung\"><\/a>Was bedeutet Duty-free genau?<\/h2>\n\n\n\n<p>\u00dcbersetzt bedeutet Duty-free &#8222;zollfrei&#8220;. Innerhalb und au\u00dferhalb Europas konnten bis zum 30.06.1999 die Waren an den Flugh\u00e4fen ohne Aufschlag von Mehrwertsteuer, Verbrauchersteuer und ohne Zollgeb\u00fchren gekauft werden. Seit dem 01.07.1999 haben sich die Vorschriften jedoch ge\u00e4ndert und ein steuerfreier Einkauf ist innerhalb der EU nicht mehr m\u00f6glich. Viele Duty-free Shops haben sich daher in Travel Value umbenannt, was soviel wie &#8222;Reiseschn\u00e4ppchen&#8220; bedeuten soll und bieten f\u00fcr viele Artikel auch weiterhin verg\u00fcnstigte Preise an. Die g\u00fcnstigeren und zollfreien Duty-free Angebote findet ihr aber oft nur noch bei Reisen au\u00dferhalb der EU.<\/p>\n\n\n\n<h2 class=\"wp-block-heading\"><a name=\"duty-free-preise\"><\/a>Sind die Preise in allen Duty-Free Shops gleich?<\/h2>\n\n\n\n<p>Jeder Shop kann seine eigenen Preise festlegen. Zudem gibt es noch Unterschiede je nach Region oder Land. Es h\u00e4ngt auch oft davon ab, von welchem Flughafen aus ihr fliegt. So sind zum Beispiel die kosmetischen Artikel in Gro\u00dfbritannien oft g\u00fcnstiger als in Italien. Es lohnt sich also auf jeden Fall, sich zu Hause die Preise der Produkte zu notieren, die ihr auf euren Reisen kaufen wollt. Nur so k\u00f6nnt ihr die Preise wirklich vergleichen, denn nicht jeder Kauf im Duty-free oder Travel Value Shop ist g\u00fcnstiger als zu Hause!<\/p>\n\n\n\n<h2 class=\"wp-block-heading\"><a name=\"duty-free-begrenzung\"><\/a>Duty-free &#8211; ein unbegrenzter Einkaufsspa\u00df?<\/h2>\n\n\n\n<p>Nat\u00fcrlich d\u00fcrft ihr nicht unbegrenzt Waren einf\u00fchren. Denn werden die Freigrenzen f\u00fcr die Einfuhr \u00fcberschritten, drohen bei einer Zollkontrolle am Flughafen saftige Nachzahlungen oder sogar eine Anzeige.<\/p>\n\n\n\n<h3 class=\"wp-block-heading\"><a name=\"freimengen-bei-einreise\"><\/a>Folgende Freimengen gelten (auszugsweise) bei der Einreise aus Nicht-EU-L\u00e4ndern:<\/h3>\n\n\n\n<p><strong>Tabakwaren (Mindestalter 17 Jahre):<\/strong><\/p>\n\n\n\n<ul class=\"wp-block-list\">\n<li>200 Zigaretten oder<\/li>\n\n\n\n<li>100 Zigarillos oder<\/li>\n\n\n\n<li>50 Zigarren oder<\/li>\n\n\n\n<li>250 Gramm Rauchtabak<\/li>\n\n\n\n<li>oder eine anteilige Zusammenstellung<\/li>\n<\/ul>\n\n\n\n<p><strong>Alkohol (Mindestalter 17 Jahre):<\/strong><\/p>\n\n\n\n<ul class=\"wp-block-list\">\n<li>1 Liter Spirituosen (Alkoholgehalt von mehr als 22 Vol.-%) oder<\/li>\n\n\n\n<li>2 Liter Alkohol (Alkoholgehalt h\u00f6chstens 22 Vol.-%) oder<\/li>\n\n\n\n<li>4 Liter Wein oder<\/li>\n\n\n\n<li>16 Liter Bier<\/li>\n<\/ul>\n\n\n\n<p>Wenn ihr aus einem EU-Mitgliedsstaat nach Deutschland einreist, gelten andere Freimengen.<\/p>\n\n\n\n<figure class=\"wp-block-image size-large\"><a href=\"https:\/\/www.sonnenklar.tv\/blog\/wp-content\/uploads\/2025\/02\/was-ist-duty-free-1.jpg\"><img fetchpriority=\"high\" decoding=\"async\" width=\"880\" height=\"450\" src=\"https:\/\/www.sonnenklar.tv\/blog\/wp-content\/uploads\/2025\/02\/was-ist-duty-free-1.jpg\" alt=\"Duty Free Leuchtschrift am Flughafen\" class=\"wp-image-34529\" srcset=\"https:\/\/www.sonnenklar.tv\/blog\/wp-content\/uploads\/2025\/02\/was-ist-duty-free-1.jpg 880w, https:\/\/www.sonnenklar.tv\/blog\/wp-content\/uploads\/2025\/02\/was-ist-duty-free-1-800x409.jpg 800w, https:\/\/www.sonnenklar.tv\/blog\/wp-content\/uploads\/2025\/02\/was-ist-duty-free-1-120x61.jpg 120w, https:\/\/www.sonnenklar.tv\/blog\/wp-content\/uploads\/2025\/02\/was-ist-duty-free-1-90x46.jpg 90w, https:\/\/www.sonnenklar.tv\/blog\/wp-content\/uploads\/2025\/02\/was-ist-duty-free-1-320x164.jpg 320w, https:\/\/www.sonnenklar.tv\/blog\/wp-content\/uploads\/2025\/02\/was-ist-duty-free-1-560x286.jpg 560w\" sizes=\"(max-width: 880px) 100vw, 880px\" \/><\/a><figcaption class=\"wp-element-caption\">Was ist Duty Free?<\/figcaption><\/figure>\n\n\n\n<p><strong>Richtmengen innerhalb der EU:<\/strong><\/p>\n\n\n\n<ul class=\"wp-block-list\">\n<li>800 St\u00fcck Zigaretten oder<\/li>\n\n\n\n<li>400 St\u00fcck Zigarillos oder<\/li>\n\n\n\n<li>200 St\u00fcck Zigarre oder<\/li>\n\n\n\n<li>1 Kilogramm Rauchtabak<\/li>\n\n\n\n<li>10 Liter Spirituosen oder<\/li>\n\n\n\n<li>10 Liter Alkopops oder<\/li>\n\n\n\n<li>20 Liter z. B. Sherry, Portwein und Marsala oder<\/li>\n\n\n\n<li>60 Liter Schaumwein oder<\/li>\n\n\n\n<li>110 Liter Bier<\/li>\n<\/ul>\n\n\n\n<p><strong>Wichtig!<\/strong><\/p>\n\n\n\n<p>Wenn bei einer Reise innerhalb der EU ein Nicht-EU-Land durchquert wird, k\u00f6nnen im Nicht-EU-Land ggf. andere Freimengen gelten. Zudem gibt es Sonderregelungen, zum Beispiel f\u00fcr Helgoland, Gr\u00f6nland, die Kanaren u. a. Aufpassen m\u00fcsst ihr auch bei Fl\u00fcssigkeiten. Soll der leckere Lik\u00f6r oder Whisky mit nach Hause, so darf die Flasche auf keinen Fall ins Handgep\u00e4ck! Denn Fl\u00fcssigkeiten \u00fcber 100 ml d\u00fcrfen nicht mit in die Kabine genommen werden.<\/p>\n\n\n\n<p>Um bei einer Zollkontrolle keine unangenehmen \u00dcberraschungen zu erleben, solltet ihr also am besten vor Urlaubsantritt die genauen Bestimmungen nachlesen. Gute Informationen hierzu bietet die Seite<em> <a href=\"http:\/\/www.zoll.de\/DE\/Home\/home_node.html\" target=\"_blank\" rel=\"noopener\">www.zoll.de<\/a><\/em>.<\/p>\n\n\n\n<h2 class=\"wp-block-heading\"><a name=\"duty-free-vorteile\"><\/a>F\u00fcr wen lohnt sich ein Kauf im Duty-free Shop?<\/h2>\n\n\n\n<p>Wer schon zu Hause die Preise der Produkte notiert und sich zus\u00e4tzlich informiert, welche Flugh\u00e4fen besonders g\u00fcnstig sind, kann sicher noch ein gutes Angebot mit nach Hause nehmen. Oft bekommt man in den Beautyregalen auch Sondergr\u00f6\u00dfen seines Lieblingsparfums oder interessante limitierte Artikel. Duty-free Shops gibt es auch auf einigen F\u00e4hrrouten und auf Kreuzfahrtschiffen.<\/p>\n\n\n\n<h3 class=\"wp-block-heading\">Mehr zum Thema Rabatte:<\/h3>\n\n\n\n<p><a href=\"https:\/\/www.sonnenklar.tv\/blog\/reiselexikon\/fruehbucherrabatt-bedeutung\/\">Fr\u00fchbucherrabatt<\/a>\u00a0 \u00a0 <a href=\"https:\/\/www.sonnenklar.tv\/blog\/reiselexikon\/kinderfestpreis-bedeutung\/\">Kinderfestpreis<\/a><\/p>\n\n\n\n<p><a href=\"https:\/\/www.sonnenklar.tv\/blog\/reiselexikon\/\">&lt;&lt; Zur\u00fcck zum Reiselexikon<\/a><\/p>\n","protected":false},"excerpt":{"rendered":"<p>F\u00fcr viele Reisende geh\u00f6rt der Besuch eines Duty-free Shops w\u00e4hrend ihrer Flugreise einfach dazu, denn sie hoffen hier auf g\u00fcnstigere Preise f\u00fcr Kosmetikartikel, Spirituosen, Tabak oder S\u00fc\u00dfigkeiten. Inhaltsverzeichnis Was bedeutet Duty-free genau? \u00dcbersetzt bedeutet Duty-free &#8222;zollfrei&#8220;. Innerhalb und au\u00dferhalb Europas konnten bis zum 30.06.1999 die Waren an den Flugh\u00e4fen ohne Aufschlag von Mehrwertsteuer, Verbrauchersteuer und<\/p>\n","protected":false},"author":3,"featured_media":0,"parent":6051,"menu_order":0,"comment_status":"closed","ping_status":"closed","template":"","meta":{"footnotes":""},"class_list":["post-7786","page","type-page","status-publish"],"_links":{"self":[{"href":"https:\/\/www.sonnenklar.tv\/blog\/wp-json\/wp\/v2\/pages\/7786","targetHints":{"allow":["GET"]}}],"collection":[{"href":"https:\/\/www.sonnenklar.tv\/blog\/wp-json\/wp\/v2\/pages"}],"about":[{"href":"https:\/\/www.sonnenklar.tv\/blog\/wp-json\/wp\/v2\/types\/page"}],"author":[{"embeddable":true,"href":"https:\/\/www.sonnenklar.tv\/blog\/wp-json\/wp\/v2\/users\/3"}],"replies":[{"embeddable":true,"href":"https:\/\/www.sonnenklar.tv\/blog\/wp-json\/wp\/v2\/comments?post=7786"}],"version-history":[{"count":9,"href":"https:\/\/www.sonnenklar.tv\/blog\/wp-json\/wp\/v2\/pages\/7786\/revisions"}],"predecessor-version":[{"id":37569,"href":"https:\/\/www.sonnenklar.tv\/blog\/wp-json\/wp\/v2\/pages\/7786\/revisions\/37569"}],"up":[{"embeddable":true,"href":"https:\/\/www.sonnenklar.tv\/blog\/wp-json\/wp\/v2\/pages\/6051"}],"wp:attachment":[{"href":"https:\/\/www.sonnenklar.tv\/blog\/wp-json\/wp\/v2\/media?parent=7786"}],"curies":[{"name":"wp","href":"https:\/\/api.w.org\/{rel}","templated":true}]}}