{"id":7667,"date":"2023-01-20T09:40:38","date_gmt":"2023-01-20T08:40:38","guid":{"rendered":"https:\/\/www.sonnenklar.tv\/blog\/?page_id=7667"},"modified":"2025-12-12T16:05:55","modified_gmt":"2025-12-12T15:05:55","slug":"was-ist-ein-visum","status":"publish","type":"page","link":"https:\/\/www.sonnenklar.tv\/blog\/reiselexikon\/was-ist-ein-visum\/","title":{"rendered":"Was ist ein Visum und wo gilt Visapflicht?"},"content":{"rendered":"\n<p><strong>In andere L\u00e4nder zu reisen und dort Urlaub zu machen, ist heute spielend leicht: Aufw\u00e4ndige Formalit\u00e4ten geh\u00f6ren in der Regel der Vergangenheit an und die Einreise in viele L\u00e4nder ist meist ohne gro\u00dfe Passkontrollen und im europ\u00e4ischen Raum sogar nur mit einem Personalausweis m\u00f6glich.&nbsp;F\u00fcr Reisen in L\u00e4nder au\u00dferhalb der EU ist oft die Beantragung eines Touristenvisums erforderlich. <\/strong><\/p>\n\n\n\n<p>Wir erkl\u00e4ren euch, was ein Visum ist und f\u00fcr welche beliebten Urlaubsziele ihr als deutscher Staatsangeh\u00f6riger ein Visum ben\u00f6tigt (alle Angaben ohne Gew\u00e4hr, Stand 01\/2023. Bitte informiert euch rechtzeitig vor der Reise zu den aktuellen und ausf\u00fchrlichen Einreisebestimmungen des jeweiligen Landes).<\/p>\n\n\n\n<hr class=\"wp-block-separator has-css-opacity\"\/>\n\n\n\n<p><strong>Inhaltsverzeichnis<\/strong><\/p>\n\n\n\n<ul class=\"wp-block-list\">\n<li><a href=\"#visum-bedeutung\">Was genau ist ein Visum?<\/a><\/li>\n\n\n\n<li><a href=\"#visa-arten\">Welche Arten von Visa gibt es?<\/a><\/li>\n\n\n\n<li><a href=\"#visum-ausstellung\">Wie erfolgt die Ausstellung eines Visums?<\/a><\/li>\n\n\n\n<li><a href=\"#visum-voraussetzung\">Welche grunds\u00e4tzlichen Voraussetzungen m\u00fcssen f\u00fcr Visa vorliegen?<\/a><\/li>\n\n\n\n<li><a href=\"#visapflicht\">L\u00e4nder mit Visapflicht f\u00fcr deutsche Urlauber<\/a>\n<ul class=\"wp-block-list\">\n<li><a href=\"#visum-usa\">Vereinigte Staaten von Amerika<\/a><\/li>\n\n\n\n<li><a href=\"#visum-aegypten\">\u00c4gypten<\/a><\/li>\n\n\n\n<li><a href=\"#visum-dom-rep\">Dominikanische Republik<\/a><\/li>\n\n\n\n<li><a href=\"#visum-kuba\">Kuba<\/a><\/li>\n\n\n\n<li><a href=\"#visum-malediven\">Malediven<\/a><\/li>\n\n\n\n<li><a href=\"#visum-marokko\">Marokko<\/a><\/li>\n\n\n\n<li><a href=\"#visum-tunesien\">Tunesien<\/a><\/li>\n\n\n\n<li><a href=\"#visum-thailand\">Thailand<\/a><\/li>\n\n\n\n<li><a href=\"#visum-philippinen\">Philippinen<\/a><\/li>\n\n\n\n<li><a href=\"#visum-vietnam\">Vietnam<\/a><\/li>\n\n\n\n<li><a href=\"#visum-australien\">Australien<\/a><\/li>\n\n\n\n<li><a href=\"#visum-seychellen\">Seychellen<\/a><\/li>\n\n\n\n<li><a href=\"#visum-indien\">Indien<\/a><\/li>\n\n\n\n<li><a href=\"#visum-china\">China<\/a><\/li>\n<\/ul>\n<\/li>\n<\/ul>\n\n\n\n<hr class=\"wp-block-separator has-css-opacity\"\/>\n\n\n\n<h2 class=\"wp-block-heading\"><a name=\"visum-bedeutung\"><\/a>Was genau ist ein Visum?<\/h2>\n\n\n\n<p>Die Bezeichnung \u201eVisum\u201c leitet sich vom lateinischen Begriff \u201e<em>charta visa<\/em>\u201c ab, der \u201e<em>das gesehene Papier<\/em>\u201c bedeutet. Die Mehrzahl lautet \u201eVisa\u201c oder seltener \u201eVisen\u201c. Durch diesen \u201eSichtvermerk\u201c in einem Reisepass weist der Inhaber des Passes nach, dass ihm Einreise, Aufenthalt und\/oder Durchreise in einem bestimmten Land erlaubt wurden.<\/p>\n\n\n\n<h2 class=\"wp-block-heading\"><a name=\"visa-arten\"><\/a>Welche Arten von Visa gibt es?<\/h2>\n\n\n\n<p>Es gibt verschiedene Visaformen. Am h\u00e4ufigsten werden Einreisevisa ausgestellt, die in einigen F\u00e4llen auch mit Ausreisevisa verbunden sind. Daneben gibt es auch Transitvisa, mit denen ein Land oder dessen Flughafen lediglich zur direkten Durchreise betreten wird. Visa f\u00fcr l\u00e4ngerfristige Aufenthalte k\u00f6nnen etwa als Gesch\u00e4ftsvisa, zum Studium oder zur Arbeitsaufnahme ausgestellt werden.<\/p>\n\n\n\n<h2 class=\"wp-block-heading\"><a name=\"visum-ausstellung\"><\/a>Wie erfolgt die Ausstellung eines Visums?<\/h2>\n\n\n\n<p>Die Ausstellung von Visa erfolgt durch die Auslandsvertretung des Landes, in das die Reise durchgef\u00fchrt werden soll. Urlauber erhalten ihre Visa in der Regel vorab bei der Auslandsvertretung ihres Urlaubslandes oder bei Einreise an der Grenze beziehungsweise direkt am Flughafen (als Visum bei Einreise, dem sogenannten \u201eVisa on arrival\u201c). Die Erteilung des Visums erfolgt als Sichtvermerk, der in Form eines Einreisestempels in den Pass des Reisenden gestempelt wird. In vielen F\u00e4llen wird auch ein zus\u00e4tzliches Blatt in den Pass eingeheftet oder geklebt.<\/p>\n\n\n\n<p>Die rechtlichen Vorschriften f\u00fcr Visa sind weltweit nicht einheitlich und unterscheiden sich von Land zu Land erheblich. Hinzu kommt, dass sich Ein- und Ausreisemodalit\u00e4ten kurzfristig \u00e4ndern k\u00f6nnen. Deshalb empfiehlt sich in jedem Fall, rechtzeitig die aktuellen Einreisebestimmungen eures Reiseziels zu recherchieren.<\/p>\n\n\n\n<p>Besteht eine Visumpflicht, werden die Voraussetzungen f\u00fcr die Einreise und einen Aufenthalt \u00fcberpr\u00fcft. Der Reisezweck muss immer klar sein. Urlauber erfahren im Gegensatz zu Gesch\u00e4ftsreisenden oder Personen, die einen l\u00e4ngeren Aufenthalt in einem visumpflichtigen Land anstreben, in der Regel keine Probleme. Sie m\u00fcssen beispielsweise meist nicht nachweisen, wie ihr Aufenthalt finanziert werden soll oder ob eine R\u00fcckkehrbereitschaft besteht.<\/p>\n\n\n\n<figure class=\"wp-block-image size-large\"><a href=\"https:\/\/www.sonnenklar.tv\/blog\/wp-content\/uploads\/2025\/02\/was-ist-ein-visum-1.jpg\"><img fetchpriority=\"high\" decoding=\"async\" width=\"880\" height=\"450\" src=\"https:\/\/www.sonnenklar.tv\/blog\/wp-content\/uploads\/2025\/02\/was-ist-ein-visum-1.jpg\" alt=\"Visum Passport\" class=\"wp-image-34496\" srcset=\"https:\/\/www.sonnenklar.tv\/blog\/wp-content\/uploads\/2025\/02\/was-ist-ein-visum-1.jpg 880w, https:\/\/www.sonnenklar.tv\/blog\/wp-content\/uploads\/2025\/02\/was-ist-ein-visum-1-800x409.jpg 800w, https:\/\/www.sonnenklar.tv\/blog\/wp-content\/uploads\/2025\/02\/was-ist-ein-visum-1-120x61.jpg 120w, https:\/\/www.sonnenklar.tv\/blog\/wp-content\/uploads\/2025\/02\/was-ist-ein-visum-1-90x46.jpg 90w, https:\/\/www.sonnenklar.tv\/blog\/wp-content\/uploads\/2025\/02\/was-ist-ein-visum-1-320x164.jpg 320w, https:\/\/www.sonnenklar.tv\/blog\/wp-content\/uploads\/2025\/02\/was-ist-ein-visum-1-560x286.jpg 560w\" sizes=\"(max-width: 880px) 100vw, 880px\" \/><\/a><figcaption class=\"wp-element-caption\">Was ist ein Visum?<\/figcaption><\/figure>\n\n\n\n<h2 class=\"wp-block-heading\"><a name=\"visum-voraussetzung\"><\/a>Welche grunds\u00e4tzlichen Voraussetzungen m\u00fcssen f\u00fcr Visa vorliegen?<\/h2>\n\n\n\n<p>Es gibt verschiedene grunds\u00e4tzliche Voraussetzungen, die f\u00fcr die Erteilung eines Touristenvisums vorliegen m\u00fcssen. Hierzu z\u00e4hlen in den meisten Staaten folgende Kriterien:<\/p>\n\n\n\n<ul class=\"wp-block-list\">\n<li>Der Reisepass muss zum Zeitpunkt der Einreise noch mindestens sechs Monate g\u00fcltig sein.<\/li>\n\n\n\n<li>Ein Visum muss f\u00fcr alle Reisenden, einschlie\u00dflich Kinder und Babys, beantragt werden.<\/li>\n\n\n\n<li>Eine Staffelung der Geb\u00fchren nach Alter oder eine Befreiung von den Kosten gibt es nicht.<\/li>\n\n\n\n<li>F\u00fcr bestimmte L\u00e4nder muss gen\u00fcgend Zeit im Voraus eingeplant werden, bis das Visum ausgestellt wird.<\/li>\n<\/ul>\n\n\n\n<p><a href=\"https:\/\/www.sonnenklar.tv\/?utm_source=visum-bedeutung&amp;utm_medium=textlink&amp;utm_campaign=lexikon\" target=\"_blank\" rel=\"noreferrer noopener\">Die besten Reiseangebote mit oder ohne Visum auf sonnenklar.TV<\/a>.<\/p>\n\n\n\n<h2 class=\"wp-block-heading\"><a name=\"visapflicht\"><\/a>L\u00e4nder mit Visapflicht f\u00fcr deutsche Urlauber<\/h2>\n\n\n\n<h3 class=\"wp-block-heading\"><a name=\"visum-usa\"><\/a>Vereinigte Staaten von Amerika<\/h3>\n\n\n\n<p>Wer Urlaub in den USA machen m\u00f6chte, muss bis maximal 72 Stunden vor Reiseantritt die <strong>elektronische&nbsp;Reisegenehmigung (ESTA)<\/strong>&nbsp;beantragen. Diese ist f\u00fcr jedes einzelne Familienmitglied erforderlich und kostet ca. 21 US-Dollar pro Reisendem. Zum Check-in am Flughafen wird ein g\u00fcltiges Ein- und R\u00fcckreiseticket ben\u00f6tigt. Jeder Reisende ben\u00f6tigt zudem einen elektronisch lesbaren Reisepass. Dies gilt auch f\u00fcr Kinder unter zw\u00f6lf Jahren.<em><br>\n<a href=\"https:\/\/www.sonnenklar.tv\/promo\/reisen-usa.html?utm_source=visum-bedeutung&amp;utm_medium=textlink-usa&amp;utm_campaign=lexikon\" target=\"_blank\" rel=\"noopener\">\u00bb Top Angebote f\u00fcr USA<\/a><\/em><\/p>\n\n\n\n<h3 class=\"wp-block-heading\"><a name=\"visum-aegypten\"><\/a>\u00c4gypten<\/h3>\n\n\n\n<p>\u00c4gypten-Urlauber k\u00f6nnen bei der Einreise am Flughafen \u00e4gyptischer Touristenorte wie Hurghada, Sharm el Sheikh, Luxor oder Kairo ein&nbsp;\u201e<strong>Visa on arrival\u201c<\/strong> erwerben. Das Visa on arrival kostet f\u00fcr eine einfache Einreise ca. 25 US-Dollar pro Person. Bei Einreise mit Personalausweis wird eine spezielle Einreisekarte ausgestellt. Hierzu sind zwei biometrische Passfotos erforderlich. Ein vorl\u00e4ufiger Personalausweis reicht nicht aus.<br>\n<em><a href=\"https:\/\/www.sonnenklar.tv\/pauschalreisen-reiseziele\/aegypten.html?utm_source=visum-bedeutung&amp;utm_medium=textlink-aegypten&amp;utm_campaign=lexikon\" target=\"_blank\" rel=\"noopener\">\u00bb Angebote f\u00fcr \u00c4gypten<\/a><\/em><\/p>\n\n\n\n<figure class=\"wp-block-image size-full\"><a href=\"https:\/\/www.sonnenklar.tv\/blog\/wp-content\/uploads\/2025\/03\/visapflicht.jpg\"><img decoding=\"async\" width=\"880\" height=\"450\" src=\"https:\/\/www.sonnenklar.tv\/blog\/wp-content\/uploads\/2025\/03\/visapflicht.jpg\" alt=\"Visum und Visapflicht Bedeutung: Pass mit Stempeln in Nahaufnahme\" class=\"wp-image-34780\" srcset=\"https:\/\/www.sonnenklar.tv\/blog\/wp-content\/uploads\/2025\/03\/visapflicht.jpg 880w, https:\/\/www.sonnenklar.tv\/blog\/wp-content\/uploads\/2025\/03\/visapflicht-800x409.jpg 800w, https:\/\/www.sonnenklar.tv\/blog\/wp-content\/uploads\/2025\/03\/visapflicht-18x9.jpg 18w, https:\/\/www.sonnenklar.tv\/blog\/wp-content\/uploads\/2025\/03\/visapflicht-120x61.jpg 120w, https:\/\/www.sonnenklar.tv\/blog\/wp-content\/uploads\/2025\/03\/visapflicht-90x46.jpg 90w, https:\/\/www.sonnenklar.tv\/blog\/wp-content\/uploads\/2025\/03\/visapflicht-320x164.jpg 320w, https:\/\/www.sonnenklar.tv\/blog\/wp-content\/uploads\/2025\/03\/visapflicht-560x286.jpg 560w\" sizes=\"(max-width: 880px) 100vw, 880px\" \/><\/a><figcaption class=\"wp-element-caption\">Was ist ein Visum und wo gilt Visapflicht<\/figcaption><\/figure>\n\n\n\n<h3 class=\"wp-block-heading\"><a name=\"pauschalreise-inhalt\"><\/a>Dominikanische Republik<\/h3>\n\n\n\n<p>Deutsche Urlauber ben\u00f6tigen f\u00fcr die einmalige Einreise und einen Aufenthalt bis zu 30 Tagen kein Visum. Fr\u00fchestens ab 72 Stunden vor der Ankunft bis sp\u00e4testens zur Grenzkontrolle muss in einem Online-Portal ein <strong>elektronisches Ticket<\/strong>, das E-Ticket, ausgef\u00fcllt und digital \u00fcbermittelt werden. Bei einem Aufenthalt von mehr als 30 Tagen ist eine Verl\u00e4ngerung beim \u201eDepartamento de Extranjer\u00eda\u201c zu beantragen, ansonsten ist bei Ausreise eine Geldbu\u00dfe zu zahlen.<em><br>\n<\/em><em><a href=\"https:\/\/www.sonnenklar.tv\/promo\/urlaub-domrepublik.html?utm_source=visum-bedeutung&amp;utm_medium=textlink-dem-rep&amp;utm_campaign=lexikon\" target=\"_blank\" rel=\"noopener\">\u00bb Top Angebote f\u00fcr Dominikanische Republik<\/a><\/em><\/p>\n\n\n\n<h3 class=\"wp-block-heading\"><a name=\"visum-kuba\"><\/a>Kuba<\/h3>\n\n\n\n<p>Deutsche Staatsangeh\u00f6rige erhalten f\u00fcr einen Urlaub in Kuba von bis zu maximal 90 Tagen ein Visum in Form einer&nbsp;\u201e<strong>Touristenkarte\u201c<\/strong>. Diese muss vor Reiseantritt bei der kubanischen Botschaft, einem Reiseveranstalter oder einer Fluggesellschaft beantragt werden und kostet je nach Dienstleister etwa 25 bis 35 Euro pro Person. Eine einmalige Verl\u00e4ngerung um weitere 90 Tage ist m\u00f6glich. Der <strong>Nachweis eines f\u00fcr Kuba g\u00fcltigen Krankenversicherungsschutzes<\/strong> f\u00fcr die vorgesehene Aufenthaltsdauer ist f\u00fcr alle Reisenden Pflicht.<em><br>\n<a href=\"https:\/\/www.sonnenklar.tv\/kuba.html?utm_source=visum-bedeutung&amp;utm_medium=textlink-kuba&amp;utm_campaign=lexikon\" target=\"_blank\" rel=\"noopener\">\u00bb Top Angebote f\u00fcr Kuba<\/a><\/em><\/p>\n\n\n\n<h3 class=\"wp-block-heading\"><a name=\"visum-maldediven\"><\/a>Malediven<\/h3>\n\n\n\n<p>Urlauber erhalten bei Einreise ein <strong>kostenfreies Touristenvisum<\/strong>. Dieses gilt bis zu 30 Tage. Bei einer l\u00e4ngeren Urlaubsreise kann beim \u201eDepartment of Immigration and Emigration\u201c in Mal\u00e9 ein Antrag auf Verl\u00e4ngerung auf maximal 90 Tage gestellt werden. Ab 96 Stunden vor Einreise ist die Abgabe einer <strong>elektronischen Einreiseerkl\u00e4rung<\/strong>, die vor Abflug auf der Internetseite der maledivischen Grenzbeh\u00f6rden ausgef\u00fcllt werden muss, verpflichtend.<\/p>\n\n\n\n<p><em><a href=\"https:\/\/www.sonnenklar.tv\/promo\/reisen-malediven.html?utm_source=visum-bedeutung&amp;utm_medium=textlink-malediven&amp;utm_campaign=lexikon\" target=\"_blank\" rel=\"noopener\">\u00bb Top Angebote f\u00fcr Malediven<\/a><\/em><\/p>\n\n\n\n<h3 class=\"wp-block-heading\"><a name=\"visum-marokko\"><\/a>Marokko<\/h3>\n\n\n\n<p>Ein Urlaubsaufenthalt in Marokko ist f\u00fcr deutsche Staatsangeh\u00f6rige&nbsp;<strong>visumfrei<\/strong>. Der Aufenthalt ist auf maximal 90 Tage beschr\u00e4nkt. Ist ein l\u00e4ngerer Aufenthalt in Marokko geplant, muss eine Genehmigung bei der \u201e<em>Direction G\u00e9n\u00e9rale de la S\u00fbret\u00e9 Nationale<\/em>\u201c beantragt werden. F\u00fcr die Einreise ist ein <strong>g\u00fcltiger Reisepass<\/strong> erforderlich, die Einreise mit Personalausweis ist nicht m\u00f6glich.<br>\n<em><a href=\"https:\/\/www.sonnenklar.tv\/promo\/urlaub-marokko.html?utm_source=visum-bedeutung&amp;utm_medium=textlink-marokko&amp;utm_campaign=lexikon\" target=\"_blank\" rel=\"noopener\">\u00bb Top Angebote f\u00fcr Marokko<\/a><\/em><\/p>\n\n\n\n<h3 class=\"wp-block-heading\"><a name=\"visum-tunesien\"><\/a>Tunesien<\/h3>\n\n\n\n<p>Deutsche Staatsangeh\u00f6rige ben\u00f6tigen f\u00fcr die Einreise zu touristischen und gesch\u00e4ftlichen Zwecken f\u00fcr einen Aufenthalt von bis zu drei Monaten kein Visum. Bei Einreise ist ein noch mindestens sechs Monate g\u00fcltiger Reisepass erforderlich. Bei <strong>Pauschalreisenden<\/strong> mit Ein- und Ausreise auf dem Luftweg wird auch ein <strong>Personalausweis<\/strong> akzeptiert, der ebenfalls noch mindestens sechs Monate g\u00fcltig sein muss.<br>\n<em><a href=\"https:\/\/www.sonnenklar.tv\/promo\/urlaub-tunesien.html?utm_source=visum-bedeutung&amp;utm_medium=textlink-tunesien&amp;utm_campaign=lexikon\" target=\"_blank\" rel=\"noopener\">\u00bb Top Angebote f\u00fcr Tunesien<\/a><\/em><\/p>\n\n\n\n<h3 class=\"wp-block-heading\"><a name=\"visum-thailand\"><\/a>Thailand<\/h3>\n\n\n\n<p>Reisende nach Thailand ben\u00f6tigen&nbsp;<strong>kein Visum<\/strong>&nbsp;f\u00fcr einen touristischen Aufenthalt von bis zu 30 Tagen. Die einmalige Verl\u00e4ngerung des visafreien Aufenthalts um bis zu weitere 30 Tage f\u00fcr touristische Zwecke kann beantragt werden. Reisedokumente m\u00fcssen zum Zeitpunkt der Einreise noch mindestens sechs Monate g\u00fcltig sein.<br>\n<em><a href=\"https:\/\/www.sonnenklar.tv\/thailand.html?utm_source=visum-bedeutung&amp;utm_medium=textlink-thailand&amp;utm_campaign=lexikon\" target=\"_blank\" rel=\"noopener\">\u00bb Top Angebote f\u00fcr Thailand<\/a><\/em><\/p>\n\n\n\n<h3 class=\"wp-block-heading\"><a name=\"visum-philippinen\"><\/a>Philippinen<\/h3>\n\n\n\n<p>Urlauber auf den Philippinen erhalten unter Vorlage eines g\u00fcltigen R\u00fcck- bzw. Weiterflugtickets bei Einreise ein geb\u00fchrenfreies, bis zu <strong>30 Tage g\u00fcltiges Visa on arrival<\/strong>. Vor Einreise ist eine Registrierung \u00fcber das Portal des Gesundheitsministeriums erforderlich. Der Reisepass muss bei Einreise noch mindestens sechs Monate g\u00fcltig sein.<br>\n<em><a href=\"https:\/\/www.sonnenklar.tv\/promo\/urlaub-philippinen.html?utm_source=visum-bedeutung&amp;utm_medium=textlink-philippinen&amp;utm_campaign=lexikon\" target=\"_blank\" rel=\"noopener\">\u00bb Top Angebote f\u00fcr Philippinen<\/a><\/em><\/p>\n\n\n\n<h3 class=\"wp-block-heading\"><a name=\"visum-vietnam\"><\/a>Vietnam<\/h3>\n\n\n\n<p>Deutsche Urlauber ben\u00f6tigen f\u00fcr einen Aufenthalt <strong>bis zu maximal 15 Tagen kein Visum<\/strong>. F\u00fcr die visafreie Einreise sollte ein Ausdruck des R\u00fcckflugtickets mitgef\u00fchrt und bei Einreise vorgelegt werden. Bei einem Aufenthalt von mehr als 15 Tagen ist ein Visum n\u00f6tig, das online als e-Visum beantragt werden kann. Das Reisedokument muss ab dem Tag der Einreise sechs Monate \u00fcber die G\u00fcltigkeit des Visums hinaus g\u00fcltig sein.<br>\n<em><a href=\"https:\/\/www.sonnenklar.tv\/promo\/urlaub-vietnam.html?utm_source=visum-bedeutung&amp;utm_medium=textlink-vietnam&amp;utm_campaign=lexikon\" target=\"_blank\" rel=\"noopener\">\u00bb Top Angebote f\u00fcr Vietnam<\/a><\/em><\/p>\n\n\n\n<h3 class=\"wp-block-heading\"><a name=\"visum-australien\"><\/a>Australien<\/h3>\n\n\n\n<p>F\u00fcr die Einreise nach Australien ben\u00f6tigen deutsche Urlauber vor Reiseantritt ein Visum, das als <strong>eVisitor Visum<\/strong> im Internet beantragt werden kann. Ein Visa on arrival ist nicht m\u00f6glich. Der Online-Antrag ist geb\u00fchrenfrei. Das Visum ist 12 Monate g\u00fcltig und berechtigt innerhalb dieser zu beliebig vielen Aufenthalten in Australien von jeweils maximal drei Monaten.<br>\n<em><a href=\"https:\/\/www.sonnenklar.tv\/promo\/reisen-australien.html?utm_source=visum-bedeutung&amp;utm_medium=textlink-australien&amp;utm_campaign=lexikon\" target=\"_blank\" rel=\"noopener\">\u00bb Top Angebote f\u00fcr Australien<\/a><\/em><\/p>\n\n\n\n<h3 class=\"wp-block-heading\"><a name=\"visum-seychellen\"><\/a>Seychellen<\/h3>\n\n\n\n<p>Deutsche Urlauber ben\u00f6tigen f\u00fcr die Einreise <strong>kein Visum<\/strong>. Bei Einreise wird eine <strong>Aufenthaltserlaubnis f\u00fcr die Reisedauer<\/strong> ausgestellt. Dazu sind die Vorlage eines g\u00fcltigen Reisepasses, einer Hotelbuchung, eines R\u00fcckflugtickets und ausreichende Finanzen erforderlich.<br>\n<em><a href=\"https:\/\/www.sonnenklar.tv\/promo\/reisen-seychellen.html?utm_source=visum-bedeutung&amp;utm_medium=textlink-seychellen&amp;utm_campaign=lexikon\" target=\"_blank\" rel=\"noopener\">\u00bb Top Angebote f\u00fcr Seychellen<\/a><\/em><\/p>\n\n\n\n<h3 class=\"wp-block-heading\"><a name=\"visum-indien\"><\/a>Indien<\/h3>\n\n\n\n<p>Reisende nach Indien ben\u00f6tigen ein Visum. Es kann bis sp\u00e4testens vier Tage vor geplantem Einreisedatum gegen Geb\u00fchr von ca. 10 oder 25 US-Dollar (abh\u00e4ngig von der Reisesaison) elektronisch als <strong>One Month e-Tourist<\/strong> <strong>Visa <\/strong>beantragt werden. Es gilt f\u00fcr einen Aufenthalt von bis zu 30 Tagen. Es gibt auch Visa f\u00fcr mehrere Einreisen \u00fcber ein oder sogar f\u00fcnf Jahre. Visa on arrival&nbsp;sind nicht m\u00f6glich.<br>\n<em><a href=\"https:\/\/www.sonnenklar.tv\/promo\/urlaub-indien.html?utm_source=visum-bedeutung&amp;utm_medium=textlink-indien&amp;utm_campaign=lexikon\" target=\"_blank\" rel=\"noopener\">\u00bb Top Angebote f\u00fcr Indien<\/a><\/em><a name=\"visum-russland\"><\/a><\/p>\n\n\n\n<h3 class=\"wp-block-heading\"><a name=\"visum-china\"><\/a>China<\/h3>\n\n\n\n<p>Wer in die Volksrepublik China einreisen m\u00f6chte,&nbsp;ben\u00f6tigt ein<strong> Visum<\/strong>, das bei einer chinesischen Auslandsvertretung oder einem \u201e<em>Visa Application Service Center<\/em>\u201c pers\u00f6nlich beantragt werden muss. Die Geb\u00fchren sind unterschiedlich und richten sich nach Art des Visums. An Flugh\u00e4fen werden grunds\u00e4tzlich keine Visa ausgestellt. Reisenden, die kein Visum besitzen, wird die Einreise verweigert.<br>\n<em><a href=\"https:\/\/www.sonnenklar.tv\/promo\/urlaub-china.html?utm_source=visum-bedeutung&amp;utm_medium=textlink-china&amp;utm_campaign=lexikon\" target=\"_blank\" rel=\"noopener\">\u00bb Top Angebote f\u00fcr China<\/a><\/em><\/p>\n\n\n\n<h3 class=\"wp-block-heading\">Mehr zum Thema Dokumente:<\/h3>\n\n\n\n<p><a href=\"https:\/\/www.sonnenklar.tv\/blog\/reiselexikon\/esta-bedeutung\/\">ESTA<\/a> \u00a0\u00a0 <a href=\"https:\/\/www.sonnenklar.tv\/blog\/reiselexikon\/e-ticket-bedeutung\/\">E-Ticket<\/a>\u00a0 \u00a0\u00a0<a href=\"https:\/\/www.sonnenklar.tv\/blog\/reiselexikon\/voucher-bedeutung\/\">Voucher<\/a><\/p>\n\n\n\n<p><a href=\"https:\/\/www.sonnenklar.tv\/blog\/reiselexikon\/\">&lt;&lt; Zur\u00fcck zum Reiselexikon<\/a><\/p>\n","protected":false},"excerpt":{"rendered":"<p>In andere L\u00e4nder zu reisen und dort Urlaub zu machen, ist heute spielend leicht: Aufw\u00e4ndige Formalit\u00e4ten geh\u00f6ren in der Regel der Vergangenheit an und die Einreise in viele L\u00e4nder ist meist ohne gro\u00dfe Passkontrollen und im europ\u00e4ischen Raum sogar nur mit einem Personalausweis m\u00f6glich.&nbsp;F\u00fcr Reisen in L\u00e4nder au\u00dferhalb der EU ist oft die Beantragung eines<\/p>\n","protected":false},"author":3,"featured_media":0,"parent":6051,"menu_order":0,"comment_status":"closed","ping_status":"closed","template":"","meta":{"footnotes":""},"class_list":["post-7667","page","type-page","status-publish"],"_links":{"self":[{"href":"https:\/\/www.sonnenklar.tv\/blog\/wp-json\/wp\/v2\/pages\/7667","targetHints":{"allow":["GET"]}}],"collection":[{"href":"https:\/\/www.sonnenklar.tv\/blog\/wp-json\/wp\/v2\/pages"}],"about":[{"href":"https:\/\/www.sonnenklar.tv\/blog\/wp-json\/wp\/v2\/types\/page"}],"author":[{"embeddable":true,"href":"https:\/\/www.sonnenklar.tv\/blog\/wp-json\/wp\/v2\/users\/3"}],"replies":[{"embeddable":true,"href":"https:\/\/www.sonnenklar.tv\/blog\/wp-json\/wp\/v2\/comments?post=7667"}],"version-history":[{"count":18,"href":"https:\/\/www.sonnenklar.tv\/blog\/wp-json\/wp\/v2\/pages\/7667\/revisions"}],"predecessor-version":[{"id":37617,"href":"https:\/\/www.sonnenklar.tv\/blog\/wp-json\/wp\/v2\/pages\/7667\/revisions\/37617"}],"up":[{"embeddable":true,"href":"https:\/\/www.sonnenklar.tv\/blog\/wp-json\/wp\/v2\/pages\/6051"}],"wp:attachment":[{"href":"https:\/\/www.sonnenklar.tv\/blog\/wp-json\/wp\/v2\/media?parent=7667"}],"curies":[{"name":"wp","href":"https:\/\/api.w.org\/{rel}","templated":true}]}}