{"id":7644,"date":"2018-07-06T10:45:14","date_gmt":"2018-07-06T08:45:14","guid":{"rendered":"https:\/\/www.sonnenklar.tv\/blog\/?page_id=7644"},"modified":"2025-12-12T15:40:17","modified_gmt":"2025-12-12T14:40:17","slug":"finca-bedeutung","status":"publish","type":"page","link":"https:\/\/www.sonnenklar.tv\/blog\/reiselexikon\/finca-bedeutung\/","title":{"rendered":"Was ist eine Finca?"},"content":{"rendered":"\n<p><strong>Urlaub im spanischsprachigen Raum wird h\u00e4ufig nicht in einem typischen Ferienhaus verbracht. Der Aufenthalt in einer Finca gilt f\u00fcr viele Reisende als besonderes Highlight. Hierbei handelt es sich um ein meist landwirtschaftliches Grundst\u00fcck mitsamt Haus am Land, sodass der Aufenthalt \u00e4u\u00dferst naturverbunden ist. Dabei bieten Fincas verschiedene Vor- und Nachteile, da es sich nicht um normale Ferienh\u00e4user handelt.<\/strong><\/p>\n\n\n\n<hr class=\"wp-block-separator has-css-opacity\"\/>\n\n\n\n<p><strong>Inhaltsverzeichnis<\/strong><\/p>\n\n\n\n<ul class=\"wp-block-list\">\n<li><a href=\"#finca-bedeutung\">Was ist eine Finca?<\/a><\/li>\n\n\n\n<li><a href=\"#finca-ferienhaus-unterschied\">Unterschied zwischen Finca und Ferienhaus<\/a><\/li>\n\n\n\n<li><a href=\"#finca-vorteile\">Welche Vorteile hat eine Finca?<\/a><\/li>\n\n\n\n<li><a href=\"#finca-nachteile\">Welche Nachteile hat eine Finca?<\/a><\/li>\n\n\n\n<li><a href=\"#finca-mieten\">Hinweise zum Mieten einer Finca<\/a><\/li>\n<\/ul>\n\n\n\n<hr class=\"wp-block-separator has-css-opacity\"\/>\n\n\n\n<h2 class=\"wp-block-heading\"><a name=\"finca-bedeutung\"><\/a>Was ist eine Finca?<\/h2>\n\n\n\n<p>Unter Finca wird standardm\u00e4\u00dfig ein landwirtschaftliches Grundst\u00fcck mitsamt Wohnhaus verstanden, welche vor allem im spanischsprachigen Raum wie etwa Mallorca h\u00e4ufig vorhanden ist. W\u00e4hrend viele <a href=\"https:\/\/www.sonnenklar.tv\/promo\/finca-spanien.html\">Fincas in Spanien<\/a> \u00fcber einen Bauernhof, ein Landgut, einen Kotten oder ein Landhaus verf\u00fcgen, k\u00f6nnen manche von ihnen auch eine angeschlossene Plantage aufweisen.<\/p>\n\n\n\n<p>Im Tourismus nimmt die moderne Finca den Stellenwert eines alleinstehenden Ferienhauses ein, dessen Bauweise den urspr\u00fcnglichen Fincas \u00e4hnelt. Obwohl Fincas \u00fcber ein Grundst\u00fcck verf\u00fcgen, d\u00fcrfen sie nicht mit dem typischen Urlaub auf dem Bauernhof verwechselt werden. Die meisten Fincas besitzen Saunen, einen Pool sowie andere Wellnessm\u00f6glichkeiten, sodass sie auf einen Erholungsurlaub ausgelegt sind.<\/p>\n\n\n\n<h2 class=\"wp-block-heading\"><a name=\"finca-ferienhaus-unterschied\"><\/a>Unterschied zwischen Finca und Ferienhaus<\/h2>\n\n\n\n<p>Zwischen Finca und Ferienhaus besteht ein wesentlicher Unterschied. Die luxuri\u00f6sen Landh\u00e4user mitsamt Wellnessangebot bieten zwar dieselben Unterbringungsm\u00f6glichkeiten wie die Ferienh\u00e4user. Jedoch bezieht sich das Wort Finca auf den Typ des Grundst\u00fccks bzw. des Hauses. Ferienhaus hingegen beschreibt die Funktion und folglich die M\u00f6glichkeit, w\u00e4hrend der Ferien bzw. des Urlaubs im Haus zu verweilen.<\/p>\n\n\n\n<p>Viele Ferienh\u00e4user, welche heute im spanischsprachigen Raum neu gebaut werden, werden jedoch als Finca bezeichnet. Der Name beruht auf der Bauweise der Geb\u00e4ude, welche der alten H\u00e4userform nachempfunden ist. Fincas k\u00f6nnen jedoch vermietet werden, wodurch sie den Status eines Ferienhauses erlangen.<\/p>\n\n\n\n<h2 class=\"wp-block-heading\"><a name=\"finca-vorteile\"><\/a>Welche Vorteile hat eine Finca?<\/h2>\n\n\n\n<p>Der gro\u00dfe Vorteil der Fincas besteht in ihrer Gestaltung. Das Haus mitsamt Landgut bietet verschiedenste Unterhaltungs- und Entspannungsm\u00f6glichkeiten, um einen ruhigen Urlaub zu genie\u00dfen. Der Urlaub l\u00e4sst sich hierbei g\u00e4nzlich individuell gestalten, da das Landgut lediglich durch eine Person zur gleichen Zeit gebucht werden kann. Die Gestaltung der Freizeit beinhaltet beispielsweise Ausfl\u00fcge ans Meer und an den Strand. Zugleich bietet die Finca die Chance, durch die Selbstversorgung vor Ort Geld zu sparen.<\/p>\n\n\n\n<p>Die Urlauber sind nicht auf die Verpflegung im Hotel oder teuren Restaurants angewiesen, da sie das Geb\u00e4ude mitsamt Einrichtung vollst\u00e4ndig nutzen k\u00f6nnen. Ebenfalls sind die Urlauber deutlich unabh\u00e4ngiger als in einem Hotel, sodass sie sich nach keinen fixen Tagesabl\u00e4ufen richten m\u00fcssen. Au\u00dferdem sind Kinder in den Fincas willkommen, wodurch der eigene Familienwunschurlaub leicht umgesetzt werden kann.<\/p>\n\n\n\n<figure class=\"wp-block-image size-large\"><a href=\"https:\/\/www.sonnenklar.tv\/blog\/wp-content\/uploads\/2025\/02\/finca-bedeutung-1.jpg\"><img fetchpriority=\"high\" decoding=\"async\" width=\"880\" height=\"450\" src=\"https:\/\/www.sonnenklar.tv\/blog\/wp-content\/uploads\/2025\/02\/finca-bedeutung-1.jpg\" alt=\"Finca Bedeutung\" class=\"wp-image-34599\" srcset=\"https:\/\/www.sonnenklar.tv\/blog\/wp-content\/uploads\/2025\/02\/finca-bedeutung-1.jpg 880w, https:\/\/www.sonnenklar.tv\/blog\/wp-content\/uploads\/2025\/02\/finca-bedeutung-1-800x409.jpg 800w, https:\/\/www.sonnenklar.tv\/blog\/wp-content\/uploads\/2025\/02\/finca-bedeutung-1-120x61.jpg 120w, https:\/\/www.sonnenklar.tv\/blog\/wp-content\/uploads\/2025\/02\/finca-bedeutung-1-90x46.jpg 90w, https:\/\/www.sonnenklar.tv\/blog\/wp-content\/uploads\/2025\/02\/finca-bedeutung-1-320x164.jpg 320w, https:\/\/www.sonnenklar.tv\/blog\/wp-content\/uploads\/2025\/02\/finca-bedeutung-1-560x286.jpg 560w\" sizes=\"(max-width: 880px) 100vw, 880px\" \/><\/a><figcaption class=\"wp-element-caption\">Was ist eine Finca?<\/figcaption><\/figure>\n\n\n\n<h2 class=\"wp-block-heading\"><a name=\"finca-nachteile\"><\/a>Welche Nachteile hat eine Finca?<\/h2>\n\n\n\n<p>Die Selbstversorgung bei Fincas stellt zugleich einen der wesentlichen Nachteile dar. Die Reisenden m\u00fcssen f\u00fcr Verpflegung w\u00e4hrend ihres Aufenthalts selbst sorgen. Auch die Freizeitgestaltung muss gesondert organisiert werden, da die Fincas keine eigenen Angebote f\u00fchren. Des Weiteren verf\u00fcgen viele Fincas \u00fcber relativ wenig Platz f\u00fcr viele Urlauber. Die meisten H\u00e4user besitzen zwei oder mehr Zimmer, eine K\u00fcche und ein Badezimmer.<\/p>\n\n\n\n<p>Gr\u00f6\u00dfere Reisegruppen m\u00fcssen entsprechende Objekte f\u00fcr ihren Aufenthalt ausw\u00e4hlen, um ausreichend Platz zu besitzen. Anders als Hotelzimmer werden Fincas nicht anhand der Personen bezahlt, welche im Geb\u00e4ude sind. Der Preis wird pro Nacht angesetzt, wobei vor allem in der Nebensaison bei l\u00e4ngeren Aufenthalten eine monatliche Miete f\u00e4llig wird. Vermieter von hochwertigen Objekten k\u00f6nnen dabei nicht nur die H\u00f6chstanzahl an Personen, welche gleichzeitig in der Finca verweilen, festlegen, sondern ebenfalls hohe Mieten verlangen.<\/p>\n\n\n\n<p><a href=\"https:\/\/www.sonnenklar.tv\/blog\/reiselexikon\/biohotel-bedeutung\/\">Jetzt die besten Fincas auf Mallorca vergleichen und unkompliziert online buchen.<\/a><\/p>\n\n\n\n<h2 class=\"wp-block-heading\"><a name=\"finca-mieten\"><\/a>Hinweise zum Mieten einer Finca<\/h2>\n\n\n\n<p>Soll der eigene Urlaub auf einer Finca verbracht werden, m\u00fcssen einige Hinweise beachtet werden. Je fr\u00fcher die Finca gebucht werden, desto gr\u00f6\u00dfer ist die Auswahl an billigen Objekten. Zugleich erm\u00f6glichen Fr\u00fchbuchen eine bessere Planung f\u00fcr den Aufenthalt vor Ort. Aufgrund der gro\u00dfen Objektauswahl bei fr\u00fchen Buchungen besteht ebenso die Chance, Geb\u00e4ude im Landesinneren oder in abgelegeneren Regionen zu mieten.<\/p>\n\n\n\n<p>Da nicht jede Finca \u00fcber dieselbe Ausstattung verf\u00fcgt, sollten zudem immer passende Objekte ausgew\u00e4hlt werden. Je mehr Personen in der Finca verweilen, desto mehr Zimmer werden ben\u00f6tigt. Aus diesem Grund sollten die vorhandenen Informationen und Geb\u00e4udebeschreibungen immer gr\u00fcndlich durchgelesen und gegebenenfalls hinterfragt werden, um schlechten \u00dcberraschungen vor Ort vorzubeugen.<\/p>\n\n\n\n<div class=\"wp-block-buttons is-horizontal is-content-justification-center is-layout-flex wp-container-core-buttons-is-layout-499968f5 wp-block-buttons-is-layout-flex\">\n<div class=\"wp-block-button\"><a class=\"wp-block-button__link wp-element-button\" href=\"https:\/\/www.sonnenklar.tv\/promo\/finca-mallorca.html\" target=\"_blank\" rel=\"noreferrer noopener\">Fincas Mallorca &#8211; angebote<\/a><\/div>\n\n\n\n<div class=\"wp-block-button\"><a class=\"wp-block-button__link wp-element-button\" href=\"https:\/\/www.sonnenklar.tv\/promo\/finca-spanien.html\" target=\"_blank\" rel=\"noreferrer noopener\">Fincas spanien &#8211; angebote<\/a><\/div>\n<\/div>\n\n\n\n<h3 class=\"wp-block-heading\">Mehr zum Thema Unterkunft:<\/h3>\n\n\n\n<p><a href=\"https:\/\/www.sonnenklar.tv\/blog\/reiselexikon\/was-bedeuten-hotelsterne\/\">Hotelsterne<\/a>\u00a0 \u00a0 <a href=\"https:\/\/www.sonnenklar.tv\/blog\/reiselexikon\/hotel-abkuerzungen-bedeutung\/\">Hotelabk\u00fcrzungen<\/a>\u00a0\u00a0\u00a0\u00a0<a href=\"https:\/\/www.sonnenklar.tv\/blog\/reiselexikon\/bed-and-breakfast-bedeutung\/\">Bed &amp; Breakfast<\/a>\u00a0 \u00a0 <a href=\"https:\/\/www.sonnenklar.tv\/blog\/reiselexikon\/bungalow-bedeutung\/\">Bungalow<\/a>\u00a0 \u00a0 <a href=\"https:\/\/www.sonnenklar.tv\/blog\/reiselexikon\/biohotel-bedeutung\/\">Jetzt die besten Fincas auf Mallorca vergleichen und unkompliziert online buchen.<\/a>\u00a0 \u00a0 <a href=\"https:\/\/www.sonnenklar.tv\/blog\/reiselexikon\/chalet-bedeutung\/\">Chalet<\/a>\u00a0 \u00a0\u00a0<a href=\"https:\/\/www.sonnenklar.tv\/blog\/reiselexikon\/riad-bedeutung\/\">Riad<\/a>\u00a0 \u00a0 <a href=\"https:\/\/www.sonnenklar.tv\/blog\/reiselexikon\/hostel-bedeutung\/\">Hostel<\/a>\u00a0 \u00a0 <a href=\"https:\/\/www.sonnenklar.tv\/blog\/reiselexikon\/erwachsenenhotel-bedeutung\/\">Erwachsenenhotel<\/a>\u00a0 \u00a0 <a href=\"https:\/\/www.sonnenklar.tv\/blog\/reiselexikon\/aparthotel-bedeutung\/\">Aparthotel<\/a>\u00a0 \u00a0 <a href=\"https:\/\/www.sonnenklar.tv\/blog\/reiselexikon\/vital-hotel-bedeutung\/\">Vital Hotel<\/a>\u00a0 \u00a0\u00a0<a href=\"https:\/\/www.sonnenklar.tv\/blog\/reiselexikon\/glueckshotel-bedeutung\/\">Gl\u00fcckshotel<\/a>\u00a0 \u00a0 <a href=\"https:\/\/www.sonnenklar.tv\/blog\/reiselexikon\/resort-bedeutung\/\">Resort<\/a>\u00a0 \u00a0 <a href=\"https:\/\/www.sonnenklar.tv\/blog\/reiselexikon\/mobilheim-bedeutung\/\">Mobilheim<\/a>\u00a0 \u00a0 <a href=\"https:\/\/www.sonnenklar.tv\/blog\/reiselexikon\/pension-hotel-bedeutung\/\">Pension<\/a>\u00a0 \u00a0 <a href=\"https:\/\/www.sonnenklar.tv\/blog\/reiselexikon\/hotel-garni-bedeutung\/\">Hotel Garni<\/a>\u00a0 \u00a0\u00a0<a href=\"https:\/\/www.sonnenklar.tv\/blog\/reiselexikon\/doppelzimmer-bedeutung\/\">Doppelzimmer<\/a>\u00a0 \u00a0\u00a0<a href=\"https:\/\/www.sonnenklar.tv\/blog\/reiselexikon\/familienzimmer-bedeutung\/\">Familienzimmer<\/a>\u00a0 \u00a0 <a href=\"https:\/\/www.sonnenklar.tv\/blog\/reiselexikon\/sparzimmer-bedeutung\/\">Sparzimmer<\/a>\u00a0 \u00a0 <a href=\"https:\/\/www.sonnenklar.tv\/blog\/reiselexikon\/boutique-hotel-bedeutung\/\">Boutique Hotel<\/a>\u00a0\u00a0\u00a0 <a href=\"https:\/\/www.sonnenklar.tv\/blog\/reiselexikon\/suite-bedeutung\/\">Suite<\/a>\u00a0 \u00a0 <a href=\"https:\/\/www.sonnenklar.tv\/blog\/reiselexikon\/studio-apartment-bedeutung\/\">Studio Apartment<\/a> \u00a0 \u00a0 <a href=\"https:\/\/www.sonnenklar.tv\/blog\/reiselexikon\/kabine-bedeutung\/\">Kabine<\/a>\u00a0 \u00a0 <a href=\"https:\/\/www.sonnenklar.tv\/blog\/reiselexikon\/superiorzimmer-bedeutung\/\">Superiorzimmer<\/a>\u00a0 \u00a0 <a href=\"https:\/\/www.sonnenklar.tv\/blog\/boardinghouse-bedeutung\/\">Boardinghouse<\/a>\u00a0 \u00a0 <a href=\"https:\/\/www.sonnenklar.tv\/blog\/reiselexikon\/ryokan-bedeutung\/\">Ryokan<\/a><\/p>\n\n\n\n<p><a href=\"https:\/\/www.sonnenklar.tv\/blog\/reiselexikon\/\">&lt;&lt; Zur\u00fcck zum Reiselexikon<\/a><\/p>\n","protected":false},"excerpt":{"rendered":"<p>Urlaub im spanischsprachigen Raum wird h\u00e4ufig nicht in einem typischen Ferienhaus verbracht. Der Aufenthalt in einer Finca gilt f\u00fcr viele Reisende als besonderes Highlight. Hierbei handelt es sich um ein meist landwirtschaftliches Grundst\u00fcck mitsamt Haus am Land, sodass der Aufenthalt \u00e4u\u00dferst naturverbunden ist. Dabei bieten Fincas verschiedene Vor- und Nachteile, da es sich nicht um<\/p>\n","protected":false},"author":3,"featured_media":0,"parent":6051,"menu_order":0,"comment_status":"closed","ping_status":"closed","template":"","meta":{"footnotes":""},"class_list":["post-7644","page","type-page","status-publish"],"_links":{"self":[{"href":"https:\/\/www.sonnenklar.tv\/blog\/wp-json\/wp\/v2\/pages\/7644","targetHints":{"allow":["GET"]}}],"collection":[{"href":"https:\/\/www.sonnenklar.tv\/blog\/wp-json\/wp\/v2\/pages"}],"about":[{"href":"https:\/\/www.sonnenklar.tv\/blog\/wp-json\/wp\/v2\/types\/page"}],"author":[{"embeddable":true,"href":"https:\/\/www.sonnenklar.tv\/blog\/wp-json\/wp\/v2\/users\/3"}],"replies":[{"embeddable":true,"href":"https:\/\/www.sonnenklar.tv\/blog\/wp-json\/wp\/v2\/comments?post=7644"}],"version-history":[{"count":19,"href":"https:\/\/www.sonnenklar.tv\/blog\/wp-json\/wp\/v2\/pages\/7644\/revisions"}],"predecessor-version":[{"id":37576,"href":"https:\/\/www.sonnenklar.tv\/blog\/wp-json\/wp\/v2\/pages\/7644\/revisions\/37576"}],"up":[{"embeddable":true,"href":"https:\/\/www.sonnenklar.tv\/blog\/wp-json\/wp\/v2\/pages\/6051"}],"wp:attachment":[{"href":"https:\/\/www.sonnenklar.tv\/blog\/wp-json\/wp\/v2\/media?parent=7644"}],"curies":[{"name":"wp","href":"https:\/\/api.w.org\/{rel}","templated":true}]}}