{"id":7580,"date":"2018-07-05T11:14:49","date_gmt":"2018-07-05T09:14:49","guid":{"rendered":"https:\/\/www.sonnenklar.tv\/blog\/?page_id=7580"},"modified":"2025-12-12T16:03:54","modified_gmt":"2025-12-12T15:03:54","slug":"was-ist-ein-kurort","status":"publish","type":"page","link":"https:\/\/www.sonnenklar.tv\/blog\/reiselexikon\/was-ist-ein-kurort\/","title":{"rendered":"Was ist ein Kurort?"},"content":{"rendered":"\n<p><strong>Ein gesundheitsst\u00e4rkender Urlaub wird gern mit der Bedeutung von \u201eKur\u201c gleichgesetzt. Ein Aufenthalt in einer der zahlreichen Kureinrichtungen im In- und Ausland ist von den Bem\u00fchungen um eine Revitalisierung oder Rehabilitierung mit geeigneten therapeutischen Mitteln und Methoden gepr\u00e4gt. Doch welche Ortschaft oder Stadt darf sich offiziell \u201eKurort\u201c nennen?&nbsp;<\/strong><\/p>\n\n\n\n<hr class=\"wp-block-separator has-css-opacity\"\/>\n\n\n\n<p><strong>Inhaltsverzeichnis<\/strong><\/p>\n\n\n\n<ul class=\"wp-block-list\">\n<li><a href=\"#kurort-kriterien\">Kurorte und ihre Besonderheiten: Welche Kriterien gelten?<\/a><\/li>\n\n\n\n<li><a href=\"#kurort-kategorien\">Welche Kategorien von Kurorten gibt es?<\/a><\/li>\n\n\n\n<li><a href=\"#kurarten\">Welche Kurarten gibt es?<\/a><\/li>\n\n\n\n<li><a href=\"#kururlaub-planen\">Einen Kururlaub erfolgreich planen<\/a><\/li>\n<\/ul>\n\n\n\n<hr class=\"wp-block-separator has-css-opacity\"\/>\n\n\n\n<h2 class=\"wp-block-heading\"><a name=\"kurort-kriterien\"><\/a>Kurorte und ihre Besonderheiten: Welche Kriterien gelten?<\/h2>\n\n\n\n<p>Staatlich anerkannte Kurorte unterscheiden sich in vielerlei Hinsicht, haben jedoch eines gemeinsam: Sie verf\u00fcgen \u00fcber naturgegebene Quellen der Heilung, wie besonders wirkungsvolle Bodensubstanzen, heilende Gew\u00e4sser und gesundheitsf\u00f6rdernde klimatologische Bedingungen. Ein attraktives und gepflegtes Landschaftsbild sowie ein respektables Angebot an Aktivit\u00e4ten und Unternehmungsm\u00f6glichkeiten erg\u00e4nzen zweckausgerichtete medizinische und therapeutische Behandlungen und Heilpraktiken der jeweiligen Kurortmedizin.<\/p>\n\n\n\n<figure class=\"wp-block-image size-full\"><a href=\"https:\/\/www.sonnenklar.tv\/blog\/wp-content\/uploads\/2025\/03\/was-ist-ein-kurort.jpg\"><img fetchpriority=\"high\" decoding=\"async\" width=\"880\" height=\"450\" src=\"https:\/\/www.sonnenklar.tv\/blog\/wp-content\/uploads\/2025\/03\/was-ist-ein-kurort.jpg\" alt=\"Kurort Bedeutung: Frau entspannt sich im Pool\" class=\"wp-image-34794\" srcset=\"https:\/\/www.sonnenklar.tv\/blog\/wp-content\/uploads\/2025\/03\/was-ist-ein-kurort.jpg 880w, https:\/\/www.sonnenklar.tv\/blog\/wp-content\/uploads\/2025\/03\/was-ist-ein-kurort-800x409.jpg 800w, https:\/\/www.sonnenklar.tv\/blog\/wp-content\/uploads\/2025\/03\/was-ist-ein-kurort-18x9.jpg 18w, https:\/\/www.sonnenklar.tv\/blog\/wp-content\/uploads\/2025\/03\/was-ist-ein-kurort-120x61.jpg 120w, https:\/\/www.sonnenklar.tv\/blog\/wp-content\/uploads\/2025\/03\/was-ist-ein-kurort-90x46.jpg 90w, https:\/\/www.sonnenklar.tv\/blog\/wp-content\/uploads\/2025\/03\/was-ist-ein-kurort-320x164.jpg 320w, https:\/\/www.sonnenklar.tv\/blog\/wp-content\/uploads\/2025\/03\/was-ist-ein-kurort-560x286.jpg 560w\" sizes=\"(max-width: 880px) 100vw, 880px\" \/><\/a><figcaption class=\"wp-element-caption\">Was ist ein Kurort?<\/figcaption><\/figure>\n\n\n\n<p><strong>Zu den grundlegenden Kriterien f\u00fcr die Erteilung des offiziellen Pr\u00e4dikates \u201estaatlich anerkannter Kurort\u201c geh\u00f6ren:&nbsp;<\/strong><\/p>\n\n\n\n<ul class=\"wp-block-list\">\n<li>Die zweckdienliche Eignung des Ortes f\u00fcr gesundheitsf\u00f6rdernde Heilanwendungen durch das nat\u00fcrliche Vorkommen von urspr\u00fcnglichen Heilmitteln.<\/li>\n\n\n\n<li>Der Kurort hat f\u00fcr die wirtschaftliche Entwicklung des Ortes eine herausragende Bedeutung.<\/li>\n\n\n\n<li>Ein perfekt funktionierendes System der Trinkwasserversorgung, der umweltvertr\u00e4glichen Abwasserentsorgung und nachhaltigen Abfallbeseitigung.<\/li>\n\n\n\n<li>Die st\u00e4ndige Kontrolle der Wasserqualit\u00e4t und Hygiene in Bade- und Wellnesseinrichtungen.<\/li>\n\n\n\n<li>Die artgem\u00e4\u00dfe Gestaltung und Beibehaltung des spezifischen Charakters eines&nbsp;Kurortes mit der nat\u00fcrlichen Bepflanzung von P\u00e4rken und Gr\u00fcnanlagen sowie der artgem\u00e4\u00dfen Inneneinrichtung von Kurgeb\u00e4uden.<\/li>\n\n\n\n<li>Die zentrale Lage von Kureinrichtungen, die zu Fu\u00df leicht erreichbar sind.<\/li>\n\n\n\n<li>Der Kurortcharakter muss auch durch zuk\u00fcnftige Bauvorhaben sein urspr\u00fcngliches Gepr\u00e4ge beibehalten.<\/li>\n\n\n\n<li>Die barrierefreie Gestaltung des Kurortes.<\/li>\n\n\n\n<li>Minimalisierung des Verkehrs im Kurort und die \u00fcberwiegende Nutzung von schadstoffarmen Verkehrsmitteln.<\/li>\n\n\n\n<li>Die Abwendung von Schadstoffemissionen und die Gew\u00e4hrleistung von L\u00e4rmschutz.<\/li>\n\n\n\n<li>Der gezielte Schutz aller naturgegebenen Heilmittelquellen und die Absicherung einer optimalen Umweltqualit\u00e4t.<\/li>\n\n\n\n<li>Die konsequente landschaftliche und g\u00e4rtnerische Bewirtschaftung des Kurparks und&nbsp;seiner Anlagen.<\/li>\n\n\n\n<li>Kurortgem\u00e4\u00dfe Unterk\u00fcnfte in komfortablen Kurhotels, gastronomische Einrichtungen sowie eine kurortmedizinische Infrastruktur.<\/li>\n\n\n\n<li>Die Einrichtung eines zentralen Informationsb\u00fcros f\u00fcr Kurortg\u00e4ste.<\/li>\n\n\n\n<li>Die Besch\u00e4ftigung staatlich anerkannter Physiotherapeuten und anderer medizinischer Fachkr\u00e4fte.<\/li>\n\n\n\n<li>Ein facettenreiches Kultur- und Freizeitangebot.<\/li>\n<\/ul>\n\n\n\n<p>Um die stetige Qualit\u00e4t des Kurortes abzusichern, findet aller zehn Jahre eine Pr\u00e4dikats\u00fcberpr\u00fcfung statt. Die Vorteile pr\u00e4dikatisierter Kurorte liegen auf der Hand. Au\u00dfer dem offensichtlichen finanziellen Nutzen aus dem ununterbrochenen Zustrom von Kurortg\u00e4sten und der auferlegten <a href=\"https:\/\/www.sonnenklar.tv\/blog\/reiselexikon\/was-ist-eine-kurtaxe\/\" target=\"_blank\" rel=\"noopener\">Kurtaxe<\/a> verf\u00fcgen Kurorte \u00fcber eine oftmals weitaus bessere Lebensqualit\u00e4t und k\u00f6nnen dank der Optimierung des Kurortprofils eine weitreiche Anerkennung ihrer Gemeinde auch \u00fcber die regionalen Grenzen hinweg erhoffen.<\/p>\n\n\n\n<h2 class=\"wp-block-heading\"><a name=\"kurort-kategorien\"><\/a>Welche Kategorien von Kurorten gibt es?<\/h2>\n\n\n\n<p><strong>F\u00fcr folgende Kurortkategorien werden offizielle Pr\u00e4dikate erteilt:&nbsp;<\/strong><\/p>\n\n\n\n<ul class=\"wp-block-list\">\n<li><strong>Heilbad:<\/strong> Mineral- und Moorheilb\u00e4der werden zur Pr\u00e4vention und Heilung angewandt.<\/li>\n\n\n\n<li><strong>Luftkurort:<\/strong> positive Luft- und klimaspezifische Bedingungen f\u00fcr den Gesundheitstourismus.<\/li>\n\n\n\n<li><strong>Seebad:<\/strong> Nutzung von Seeklima und K\u00fcstenn\u00e4he f\u00fcr therapeutische Zwecke.<\/li>\n\n\n\n<li><strong>Kneippkurort:<\/strong> Wasserkurmethoden gem\u00e4\u00df dem Prinzip des Pfarrers Sebastian Kneipp.<\/li>\n\n\n\n<li><strong>Heilklimatischer Kurort:<\/strong> mit besonders g\u00fcnstiger Luftqualit\u00e4t und Bioklima.<\/li>\n\n\n\n<li><strong>Heilquellen Kurort:<\/strong> verf\u00fcgt \u00fcber gesundheitsf\u00f6rdernde mineralhaltige Heilquellen.<\/li>\n<\/ul>\n\n\n\n<p><a href=\"https:\/\/www.sonnenklar.tv\/promo\/thermenhotel.html?utm_source=kurort-bedeutung&amp;utm_medium=textlink&amp;utm_campaign=lexikon\">Lasst es euch gut gehen! sonnenklar.TV bietet eine gro\u00dfe Auswahl an Thermenhotels.<\/a><\/p>\n\n\n\n<h3 class=\"wp-block-heading\"><a name=\"kurarten\"><\/a>Welche Kurarten gibt es?<\/h3>\n\n\n\n<p>Je nach Kategorie bieten Kurorte unterschiedliche Kurbehandlungen.<\/p>\n\n\n\n<ol class=\"wp-block-list\">\n<li><strong>Kurb\u00e4der<\/strong>, insbesondere&nbsp;Thermalkuren, sind die h\u00e4ufigste Kurform, welche die therapeutischen Komponenten von Mineral- und Moorb\u00e4dern zur Krankheitsheilung und f\u00fcr gesundheitsf\u00f6rdernde Zwecke nutzen. Menschen, die unter rheumatischen Beschwerden und Arthrose leiden, finden in Kurb\u00e4dern und Thermaleinrichtungen substantielle Linderung der das Knochen- und Muskelsystem betreffenden Symptome. Auch bei einer allgemeinen Ersch\u00f6pfung k\u00f6nnen Kurb\u00e4der Wunder bewirken.<\/li>\n\n\n\n<li>Die&nbsp;<strong>Kneippkur&nbsp;<\/strong>als eine holistische therapeutische Methode setzt auf das effektive Zusammenwirken von Teiltherapien wie Hydrotherapie (Wassertreten, Kneippg\u00fcsse), Phytotherapie (Heilpflanzen), Ern\u00e4hrungstherapie (vollwertige Nahrungsmittel), Bewegungstherapie (Barfusslaufen) sowie die Ordnungstherapie (wissentliche Einhaltung von gesundheitsf\u00f6rdernden Lebensregeln). Besonders empfohlen werden Kneippkuren zur Linderung von orthop\u00e4dischen Problemen, f\u00fcr eine Herz-Kreislauf St\u00e4rkung und zur Unterst\u00fctzung des Immunsystemes.<\/li>\n\n\n\n<li><strong>Thalassokuren&nbsp;<\/strong>werden als eine gesundheitsst\u00e4rkende Meerestherapie immer beliebter. Probleme wie Rheuma, Durchblutungsst\u00f6rungen, Hauterkrankungen und Stress werden effektiv mit einer Thalassotherapie angegangen. Das gesunde Meeresklima, Meerwassergymnastik sowie Algen- und Schlammb\u00e4der f\u00fchren zur Anregung des Stoffwechsels und des Immunsystems.<\/li>\n\n\n\n<li>Zur Befreiung von Entz\u00fcndungsbeschwerden und zur F\u00f6rderung der Durchblutung gelten&nbsp;<strong>Fangokuren&nbsp;<\/strong>mit Schlammpackungsanwendungen aus einer ausgewogenen Tonerde-Humus Kombination als eine besonders wirksame alternative therepeutische Massnahme. Gesundheitliche Probleme wie Rheuma, Osteoporose, Neuralgien und Gicht k\u00f6nnen mit Fangotherapien gelindert werden.<\/li>\n\n\n\n<li><strong>Klimakuren&nbsp;<\/strong>sind vor allem f\u00fcr Kurbesucher mit Atemwegbeschwerden, Herz-Kreislaufst\u00f6rungen und Hautproblemen konzipiert. Das milde Klima, die klare, staubfreie Atmosph\u00e4re sowie die sonnengetr\u00e4nkte nat\u00fcrliche Umgebung in heilklimatischen Kurorten tragen essentiell zur Entspannung und Entlastung bei.<\/li>\n\n\n\n<li>Zahlreiche Kurorte bieten ausgezeichnete Entspannungs- und Erholungsprogramme f\u00fcr gesundheitsorientierte Touristen.&nbsp;<strong>Wellness Kuren<\/strong>&nbsp;werden in modernen Spa- und Wellnessanlagen hochwertiger Kurhotels durchgef\u00fchrt. Der frequente Besuch von Thermalb\u00e4dern und Heilwasserquellen in fasziniernder Umgebung f\u00fchrt definitiv zur Steigerung des rundum Wohlbefindens und der Gesundheit.<\/li>\n<\/ol>\n\n\n\n<p><a href=\"https:\/\/www.sonnenklar.tv\/promo\/kururlaub.html?utm_source=kurort-bedeutung&amp;utm_medium=textlink-2&amp;utm_campaign=lexikon\">Wie w\u00e4re es mit einer Auszeit zum Entspannen? Hier findet ihr die besten Angebote f\u00fcr Kururlaub.<\/a><\/p>\n\n\n\n<h2 class=\"wp-block-heading\"><a name=\"kururlaub-planen\"><\/a>Einen Kururlaub erfolgreich planen<\/h2>\n\n\n\n<p>Die Wahl des Kurortes sollte nicht dem Zufall \u00fcberlassen werden. Um den gew\u00fcnschten Rehabilitationseffekt einer Kur zu erzielen, sollte der Ratschlag eines Arztes befolgt werden, der auch \u00fcber die Kurart entscheidet und einen passenden Kurort vorschl\u00e4gt. Soll der Kurbesuch vom gesetzlichen Kostentr\u00e4ger finanziert werden, muss vorher ein Kurantrag gestellt werden. Der gesundheitliche Zustand bestimmt, ob der Kuraufenthalt station\u00e4r oder ambulant erfolgt.<\/p>\n\n\n\n<p>Eine Kurreise ist f\u00fcr viele Menschen die ausgewogene Verbindung von Urlaub und gezielter Nutzung therapeutischer Heilmittel und vorteilhafter klimatologischer Bedingungen zu Heilungszwecken am jeweiligen Kurort. Es besteht die M\u00f6glichkeit, dass ein solcher Kururlaub von der gesetzlichen Krankenkasse zu einem kleinen Teil finanziell unterst\u00fctzt wird.<\/p>\n\n\n\n<h3 class=\"wp-block-heading\">Mehr zum Thema Wellness:<\/h3>\n\n\n\n<p><a href=\"https:\/\/www.sonnenklar.tv\/blog\/reiselexikon\/was-bedeutet-hamam\/\">Hamam<\/a>\u00a0 \u00a0 <a href=\"https:\/\/www.sonnenklar.tv\/blog\/reiselexikon\/sanarium-bedeutung\/\">Sanarium<\/a>\u00a0 \u00a0\u00a0<a href=\"https:\/\/www.sonnenklar.tv\/blog\/reiselexikon\/was-bedeutet-spa\/\">Spa<\/a>\u00a0 \u00a0 <a href=\"https:\/\/www.sonnenklar.tv\/blog\/reiselexikon\/was-ist-eine-therme\/\">Therme<\/a><\/p>\n\n\n\n<p><a href=\"https:\/\/www.sonnenklar.tv\/blog\/reiselexikon\/\">&lt;&lt; Zur\u00fcck zum Reiselexikon<\/a><\/p>\n","protected":false},"excerpt":{"rendered":"<p>Ein gesundheitsst\u00e4rkender Urlaub wird gern mit der Bedeutung von \u201eKur\u201c gleichgesetzt. Ein Aufenthalt in einer der zahlreichen Kureinrichtungen im In- und Ausland ist von den Bem\u00fchungen um eine Revitalisierung oder Rehabilitierung mit geeigneten therapeutischen Mitteln und Methoden gepr\u00e4gt. Doch welche Ortschaft oder Stadt darf sich offiziell \u201eKurort\u201c nennen?&nbsp; Inhaltsverzeichnis Kurorte und ihre Besonderheiten: Welche Kriterien<\/p>\n","protected":false},"author":3,"featured_media":0,"parent":6051,"menu_order":0,"comment_status":"closed","ping_status":"closed","template":"","meta":{"footnotes":""},"class_list":["post-7580","page","type-page","status-publish"],"_links":{"self":[{"href":"https:\/\/www.sonnenklar.tv\/blog\/wp-json\/wp\/v2\/pages\/7580","targetHints":{"allow":["GET"]}}],"collection":[{"href":"https:\/\/www.sonnenklar.tv\/blog\/wp-json\/wp\/v2\/pages"}],"about":[{"href":"https:\/\/www.sonnenklar.tv\/blog\/wp-json\/wp\/v2\/types\/page"}],"author":[{"embeddable":true,"href":"https:\/\/www.sonnenklar.tv\/blog\/wp-json\/wp\/v2\/users\/3"}],"replies":[{"embeddable":true,"href":"https:\/\/www.sonnenklar.tv\/blog\/wp-json\/wp\/v2\/comments?post=7580"}],"version-history":[{"count":14,"href":"https:\/\/www.sonnenklar.tv\/blog\/wp-json\/wp\/v2\/pages\/7580\/revisions"}],"predecessor-version":[{"id":37613,"href":"https:\/\/www.sonnenklar.tv\/blog\/wp-json\/wp\/v2\/pages\/7580\/revisions\/37613"}],"up":[{"embeddable":true,"href":"https:\/\/www.sonnenklar.tv\/blog\/wp-json\/wp\/v2\/pages\/6051"}],"wp:attachment":[{"href":"https:\/\/www.sonnenklar.tv\/blog\/wp-json\/wp\/v2\/media?parent=7580"}],"curies":[{"name":"wp","href":"https:\/\/api.w.org\/{rel}","templated":true}]}}