{"id":7546,"date":"2018-07-04T10:13:15","date_gmt":"2018-07-04T08:13:15","guid":{"rendered":"https:\/\/www.sonnenklar.tv\/blog\/?page_id=7546"},"modified":"2025-12-12T15:34:04","modified_gmt":"2025-12-12T14:34:04","slug":"codeshare-flug-bedeutung","status":"publish","type":"page","link":"https:\/\/www.sonnenklar.tv\/blog\/reiselexikon\/codeshare-flug-bedeutung\/","title":{"rendered":"Was ist eigentlich ein Codeshare Flug?"},"content":{"rendered":"\n<p><strong>Kennt ihr das auch? Ihr habt bei einer bestimmten Airline gebucht und seid verunsichert oder entt\u00e4uscht, wenn ihr schlie\u00dflich von einer ganz anderen bef\u00f6rdert werdet. Tats\u00e4chlich teilen sich oft verschiedene Airlines einen Linienflug, um so ihr Streckennetz zu erweitern und eine bessere Auslastung ihrer Fl\u00fcge zu erreichen. Das Ph\u00e4nomen hei\u00dft Codesharing und soll hier etwas n\u00e4her beleuchtet werden.<\/strong><\/p>\n\n\n\n<hr class=\"wp-block-separator has-css-opacity\"\/>\n\n\n\n<p><strong>Inhaltsverzeichnis<\/strong><\/p>\n\n\n\n<ul class=\"wp-block-list\">\n<li><a href=\"#codeshare-flug-funktion\">Wie genau funktioniert ein Codeshare Flug?<\/a><\/li>\n\n\n\n<li><a href=\"#codeshare-flug-erkennen\">Woran erkenne ich einen Codeshare Flug?<\/a><\/li>\n\n\n\n<li><a href=\"#codeshare-flug-vorteile-nachteile\">Welche Vor- und Nachteile hat ein Codeshare Flug f\u00fcr mich als Passagier?<\/a><\/li>\n\n\n\n<li><a href=\"#codeshare-flug-hinweise\">Wo checke ich f\u00fcr meinen Codeshare Flug ein und was muss ich beachten?<\/a><\/li>\n<\/ul>\n\n\n\n<hr class=\"wp-block-separator has-css-opacity\"\/>\n\n\n\n<h2 class=\"wp-block-heading\"><a name=\"codeshare-flug-funktion\"><\/a>Wie genau funktioniert ein Codeshare Flug?<\/h2>\n\n\n\n<p>Wenn zwei oder mehrere Airlines ein entsprechendes Abkommen getroffen haben, d\u00fcrfen sie Fl\u00fcge gemeinsam durchf\u00fchren. Konkret bedeutet das, dass jeder der Kooperationspartner den betreffenden Flug unter einer eigenen Flugnummer (Code) anbietet. So werden durch das Codesharing Flugg\u00e4ste verschiedener Airlines auf einen gemeinsamen Flug gebucht. Nehmen wir als Beispiel einen Flug von Frankfurt nach Miami. Ihr bucht wie gewohnt bei eurer deutschen Fluggesellschaft, fliegt aber mit deren amerikanischem Kooperationspartner.<\/p>\n\n\n\n<p>Mit euch in der Maschine sitzen auch Passagiere, die direkt bei der amerikanischen Airline (oder noch bei einem weiteren Kooperationspartner) gebucht haben. Offiziell gilt die Airline, die den Flug tats\u00e4chlich durchf\u00fchrt, als &#8222;<em>Operating Carrier<\/em>&#8222;. Alle anderen sind dagegen nur als &#8222;Marketing Carrier&#8220; beteiligt. Gebr\u00e4uchlich ist dieses Verfahren vor allem unter Partner-Airlines, die einer Allianz angeh\u00f6ren. Kaum eine gro\u00dfe Fluggesellschaft kommt heute noch ohne Codesharing-Abkommen aus.<\/p>\n\n\n\n<h2 class=\"wp-block-heading\"><a name=\"codeshare-flug-erkennen\"><\/a>Woran erkenne ich einen Codeshare Flug?<\/h2>\n\n\n\n<p>Nicht selten erschlie\u00dft sich erst auf den zweiten Blick, ob ein Codeshare Flug vorliegt, denn auf dem Ticket steht nur die Flugnummer der Airline, bei der ihr gebucht habt. Ihr solltet daher nach Sternchen und Fu\u00dfnoten Ausschau halten, in denen unter &#8222;<em>operated by<\/em>&#8220; die tats\u00e4chlich ausf\u00fchrende Fluggesellschaft vermerkt ist. Diese Angabe findet sich \u00fcblicherweise auch auf den Flugpl\u00e4nen.<\/p>\n\n\n\n<p>Auf der Anzeigetafel am Flughafen dagegen erkennt ihr einen Codeshare Flug daran, dass beide Flugnummern in Erscheinung treten (meist in abwechselnder Reihenfolge).<br>\nReiseb\u00fcros weisen ihre Kunden heute in der Regel schon vor der Buchung darauf hin, welche Airline den Flug ausf\u00fchren wird. Wer ganz sicher gehen m\u00f6chte, fragt am besten nach. Gerade bei langen Fl\u00fcgen ist es auch sinnvoll, sich nach Zwischenlandungen und Flugzeugtypen zu erkundigen.<\/p>\n\n\n\n<figure class=\"wp-block-image size-large\"><a href=\"https:\/\/www.sonnenklar.tv\/blog\/wp-content\/uploads\/2025\/02\/codeshare-flug-1.jpg\"><img fetchpriority=\"high\" decoding=\"async\" width=\"880\" height=\"450\" src=\"https:\/\/www.sonnenklar.tv\/blog\/wp-content\/uploads\/2025\/02\/codeshare-flug-1.jpg\" alt=\"Codeshare Flug Bedeutung\" class=\"wp-image-34515\" srcset=\"https:\/\/www.sonnenklar.tv\/blog\/wp-content\/uploads\/2025\/02\/codeshare-flug-1.jpg 880w, https:\/\/www.sonnenklar.tv\/blog\/wp-content\/uploads\/2025\/02\/codeshare-flug-1-800x409.jpg 800w, https:\/\/www.sonnenklar.tv\/blog\/wp-content\/uploads\/2025\/02\/codeshare-flug-1-120x61.jpg 120w, https:\/\/www.sonnenklar.tv\/blog\/wp-content\/uploads\/2025\/02\/codeshare-flug-1-90x46.jpg 90w, https:\/\/www.sonnenklar.tv\/blog\/wp-content\/uploads\/2025\/02\/codeshare-flug-1-320x164.jpg 320w, https:\/\/www.sonnenklar.tv\/blog\/wp-content\/uploads\/2025\/02\/codeshare-flug-1-560x286.jpg 560w\" sizes=\"(max-width: 880px) 100vw, 880px\" \/><\/a><\/figure>\n\n\n\n<h2 class=\"wp-block-heading\"><a name=\"codeshare-flug-vorteile-nachteile\"><\/a>Welche Vor- und Nachteile hat ein Codeshare Flug f\u00fcr mich als Passagier?<\/h2>\n\n\n\n<p>Neben den Airlines selbst profitieren auch die Passagiere von der Praxis des Codesharing. Die Fl\u00fcge sind meist besser aufeinander abgestimmt, sodass Anschlussfl\u00fcge reibungsloser funktionieren. Es besteht eine gr\u00f6\u00dfere Auswahl an Abflugzeiten und Destinationen und Euer Gep\u00e4ck wird direkt bis zum Reiseziel durchgecheckt. Manche Reisende empfinden es auch als angenehm, bei ihrer heimischen Fluggesellschaft in der Landessprache buchen und in ihrer eigenen Landesw\u00e4hrung bezahlen zu k\u00f6nnen.<\/p>\n\n\n\n<p><a href=\"https:\/\/www.sonnenklar.tv\/tv-specials\/fluege.html\">Jetzt Flugangebote auf sonnenklar.TV vergleichen und sparen<\/a>.<\/p>\n\n\n\n<p>Wer allerdings bei einer bestimmten Airline bucht, weil er von deren Service-Qualit\u00e4t \u00fcberzeugt ist, wird bei Codeshare Fl\u00fcgen unter Umst\u00e4nden entt\u00e4uscht. Unterschiede zwischen den Kooperationspartnern gibt es m\u00f6glicherweise auch in Bezug auf die Gep\u00e4ckrichtlinien und Freigep\u00e4ckmengen. Je nach Flugziel wird ein Codeshare Flug auch dann relevant, wenn es um Entsch\u00e4digungsanspr\u00fcche bei Versp\u00e4tungen geht. So gilt beispielsweise die Fluggastrechteverordnung der EU nicht f\u00fcr Fl\u00fcge aus Drittl\u00e4ndern mit Airlines, die nicht in der EU registriert sind.<\/p>\n\n\n\n<h2 class=\"wp-block-heading\"><a name=\"codeshare-flug-hinweise\"><\/a>Wo checke ich f\u00fcr meinen Codeshare Flug ein und was muss ich beachten?<\/h2>\n\n\n\n<p>Einchecken m\u00fcsst ihr in der Regel beim &#8222;Operating Carrier&#8220;, also bei der Airline, die den Flug durchf\u00fchrt. Das gilt f\u00fcr den Check-in-Schalter am Flughafen ebenso wie f\u00fcr den Online-Check-in. Ihr solltet also darauf achten, euch am richtigen Schalter anzustellen bzw. euch auf der Internetseite der richtigen Airline einzuloggen. Online ist es oft auch so geregelt, dass euch die Fluggesellschaft, bei der ihr gebucht habt, f\u00fcr den Check-in automatisch zur durchf\u00fchrenden Airline weiterleitet.<\/p>\n\n\n\n<div class=\"wp-block-buttons is-horizontal is-content-justification-center is-layout-flex wp-container-core-buttons-is-layout-499968f5 wp-block-buttons-is-layout-flex\">\n<div class=\"wp-block-button\"><a class=\"wp-block-button__link wp-element-button\" href=\"https:\/\/www.sonnenklar.tv\/tv-specials\/fluege.html\" target=\"_blank\" rel=\"noreferrer noopener\">Fl\u00fcge vergleichen und buchen<\/a><\/div>\n<\/div>\n\n\n\n<h3 class=\"wp-block-heading\">Mehr zum Thema Fl\u00fcge:<\/h3>\n\n\n\n<p><a href=\"https:\/\/www.sonnenklar.tv\/blog\/reiselexikon\/gabelflug-bedeutung\/\">Gabelflug<\/a>\u00a0 \u00a0\u00a0<a href=\"https:\/\/www.sonnenklar.tv\/blog\/reiselexikon\/charterflug-bedeutung\/\">Charterflug<\/a>\u00a0 \u00a0\u00a0<a href=\"https:\/\/www.sonnenklar.tv\/blog\/reiselexikon\/linienflug-bedeutung\/\">Linienflug<\/a>\u00a0 \u00a0 <a href=\"https:\/\/www.sonnenklar.tv\/blog\/reiselexikon\/stopover-flug-bedeutung\/\">Stopover Flug<\/a>\u00a0 \u00a0 <a href=\"https:\/\/www.sonnenklar.tv\/blog\/reiselexikon\/multistopp-flug-bedeutung\/\">Multistopp Flug<\/a>\u00a0 \u00a0 <a href=\"https:\/\/www.sonnenklar.tv\/blog\/reiselexikon\/schwanzflug-bedeutung\/\">Schwanzflug<\/a>\u00a0 \u00a0 <a href=\"https:\/\/www.sonnenklar.tv\/blog\/reiselexikon\/was-ist-ein-vielfliegerprogramm\/\">Vielfliegerprogramm<\/a>\u00a0 \u00a0 <a href=\"https:\/\/www.sonnenklar.tv\/blog\/reiselexikon\/buchungsklassen-bedeutung\/\">Buchungsklassen<\/a><\/p>\n\n\n\n<p><a href=\"https:\/\/www.sonnenklar.tv\/blog\/reiselexikon\/\">&lt;&lt; Zur\u00fcck zum Reiselexikon<\/a><\/p>\n","protected":false},"excerpt":{"rendered":"<p>Kennt ihr das auch? Ihr habt bei einer bestimmten Airline gebucht und seid verunsichert oder entt\u00e4uscht, wenn ihr schlie\u00dflich von einer ganz anderen bef\u00f6rdert werdet. Tats\u00e4chlich teilen sich oft verschiedene Airlines einen Linienflug, um so ihr Streckennetz zu erweitern und eine bessere Auslastung ihrer Fl\u00fcge zu erreichen. Das Ph\u00e4nomen hei\u00dft Codesharing und soll hier etwas<\/p>\n","protected":false},"author":3,"featured_media":0,"parent":6051,"menu_order":0,"comment_status":"closed","ping_status":"closed","template":"","meta":{"footnotes":""},"class_list":["post-7546","page","type-page","status-publish"],"_links":{"self":[{"href":"https:\/\/www.sonnenklar.tv\/blog\/wp-json\/wp\/v2\/pages\/7546","targetHints":{"allow":["GET"]}}],"collection":[{"href":"https:\/\/www.sonnenklar.tv\/blog\/wp-json\/wp\/v2\/pages"}],"about":[{"href":"https:\/\/www.sonnenklar.tv\/blog\/wp-json\/wp\/v2\/types\/page"}],"author":[{"embeddable":true,"href":"https:\/\/www.sonnenklar.tv\/blog\/wp-json\/wp\/v2\/users\/3"}],"replies":[{"embeddable":true,"href":"https:\/\/www.sonnenklar.tv\/blog\/wp-json\/wp\/v2\/comments?post=7546"}],"version-history":[{"count":13,"href":"https:\/\/www.sonnenklar.tv\/blog\/wp-json\/wp\/v2\/pages\/7546\/revisions"}],"predecessor-version":[{"id":37567,"href":"https:\/\/www.sonnenklar.tv\/blog\/wp-json\/wp\/v2\/pages\/7546\/revisions\/37567"}],"up":[{"embeddable":true,"href":"https:\/\/www.sonnenklar.tv\/blog\/wp-json\/wp\/v2\/pages\/6051"}],"wp:attachment":[{"href":"https:\/\/www.sonnenklar.tv\/blog\/wp-json\/wp\/v2\/media?parent=7546"}],"curies":[{"name":"wp","href":"https:\/\/api.w.org\/{rel}","templated":true}]}}