{"id":7469,"date":"2018-06-29T14:48:51","date_gmt":"2018-06-29T12:48:51","guid":{"rendered":"https:\/\/www.sonnenklar.tv\/blog\/?page_id=7469"},"modified":"2025-12-12T15:27:36","modified_gmt":"2025-12-12T14:27:36","slug":"biohotel-bedeutung","status":"publish","type":"page","link":"https:\/\/www.sonnenklar.tv\/blog\/reiselexikon\/biohotel-bedeutung\/","title":{"rendered":"Was ist ein Biohotel?"},"content":{"rendered":"\n<p><strong>Es war eine Frage der Zeit, bis der Grundgedanke zur Etablierung einer vollst\u00e4ndig \u00f6kologischen Hotelstruktur umgesetzt werden konnte. Seit einigen Jahren existieren zahlreiche Biohotels in Europa, die zur gr\u00fcnen Hotelbranche geh\u00f6ren und \u00f6kologisch ausgerichtete Ferien in einer von Nachhaltigkeit gepr\u00e4gten Unterkunft offerieren. Hotels verschiedener Kategorien und Preissegmente haben bereits mit Erfolg die anerkannte Biohotel Zertifizierung erhalten und sind bestrebt, die strengen Anforderungen auch weiterhin konsequent zu erf\u00fcllen.<\/strong><\/p>\n\n\n\n<hr class=\"wp-block-separator has-css-opacity\"\/>\n\n\n\n<p><strong>Inhaltsverzeichnis<\/strong><\/p>\n\n\n\n<ul class=\"wp-block-list\">\n<li><a href=\"#biohotel-bedeutung\">Biohotel &#8211; das umweltfreundliche Hotelkonzept<\/a><\/li>\n\n\n\n<li><a href=\"#biohotel-anforderungen\">Nachhaltig ausgerichtete Biohotels: Welchen Anforderungen m\u00fcssen sie gen\u00fcgen?<\/a><\/li>\n\n\n\n<li><a href=\"#biohotel-vorteile\">Nachhaltige Hotels und ihr Nutzen: Doch gibt es auch Nachteile?<\/a><\/li>\n\n\n\n<li><a href=\"#biohotel-konzept\">Die smarte, zukunftsweisende Strategie der Biohotels<\/a><\/li>\n<\/ul>\n\n\n\n<hr class=\"wp-block-separator has-css-opacity\"\/>\n\n\n\n<h2 class=\"wp-block-heading\"><a name=\"biohotel-bedeutung\"><\/a>Biohotel &#8211; das umweltfreundliche Hotelkonzept<\/h2>\n\n\n\n<p>Biohotels sind seit einigen Jahren zu einer begehrten Urlaubsform geworden, die an das Prinzip des nachhaltigen Tourismus anlehnt und das gr\u00fcne Hotelkonzept durch eigene umweltfreundliche L\u00f6sungen und verbesserte \u00f6konomische Dimensionen kompetent weiterf\u00fchrt. Dazu geh\u00f6ren vor allem effiziente Energiegwinnungs- und Wiederverwertungesysteme, ein perfekt funktionierendes Netz mit regionalen Bio Landwirten und \u00f6kologisch orientierten, zertifizierten Anbietern. Genau das Richtige also f\u00fcr umweltbewusst denkende Urlauber, deren natursch\u00fctzende Einstellung und \u00f6kologische Gesinnung auch den Aspekt des Reisens einbezieht.<\/p>\n\n\n\n<h2 class=\"wp-block-heading\"><a name=\"biohotel-anforderungen\"><\/a>Nachhaltig ausgerichtete Biohotels: Welchen Anforderungen m\u00fcssen sie gen\u00fcgen?<\/h2>\n\n\n\n<p>Um sicherzustellen, dass Bio Hotelg\u00e4ste sich tats\u00e4chlich in einer Unterkunft mit h\u00f6chster Energieeffizienz und absolut organisch fokussierter Umgebung mit eigenem Bio Garten aufhalten, m\u00fcssen angehende Biohotels bestimmte Kriterien erf\u00fcllen, um die begehrte Biohotel Zertifizierung zu erhalten. Ein umweltbewusstes Hotel Management ist Grundvoraussetzung, um den strengen Anforderungen nachzukommen.<\/p>\n\n\n\n<h3 class=\"wp-block-heading\">Folgende Kriterien muss ein Biohotel erf\u00fcllen:<\/h3>\n\n\n\n<ul class=\"wp-block-list\">\n<li>Die Anwendung energiesparender Technologien in der gesamten Hotelanlage.<\/li>\n\n\n\n<li>\u00d6kologisch generierter Strom aus erneuerbaren Solar- und Windenergiequellen.<\/li>\n\n\n\n<li>100%ige biologisch erzeugte Kost f\u00fcr alle im Hotel gebotenen Speisen und Getr\u00e4nke.<\/li>\n\n\n\n<li>Obst- und Gem\u00fcseprodukte stammen vorzugsweise aus dem regionalen biologischen Anbau.<\/li>\n\n\n\n<li>Alleinige Nutzung von 100%ige Bio K\u00f6rperpflegeartikeln und Bio Kosmetikprodukten.<\/li>\n\n\n\n<li>Ein integriertes Wassersparprogramm zur Wiederverwertung von Grauwasser in G\u00e4rten.<\/li>\n\n\n\n<li>Recycling Abfallbeh\u00e4lter f\u00fcr G\u00e4stezimmer und Hotelvorhallen.<\/li>\n\n\n\n<li>Aus hochwertiger \u00d6ko-Baumwolle hergestellte Handt\u00fccher, Bettw\u00e4sche und Matratzen.<\/li>\n\n\n\n<li>Die 100%ige Nutzung von schadstofffreien und biologisch neutralen Reinigungsmitteln.<\/li>\n\n\n\n<li>Der 100%ige vor Ort Einsatz von umweltfreundlichen Fahrzeugen.<\/li>\n\n\n\n<li>Papierprodukte stammen ausschlie\u00dflich aus Recycling oder \u00f6kologischer Waldnutzung.<\/li>\n\n\n\n<li>100% umweltfreundliche Baumaterialien, Farben sowie naturbelassene M\u00f6bel.<\/li>\n<\/ul>\n\n\n\n<p><a href=\"https:\/\/www.sonnenklar.tv\/promo\/biohotels.html\">Jetzt die besten Biohotels finden und unkompliziert buchen.<\/a><\/p>\n\n\n\n<h2 class=\"wp-block-heading\"><a name=\"biohotel-vorteile\"><\/a>Nachhaltige Hotels und ihr Nutzen: Doch gibt es auch Nachteile?<\/h2>\n\n\n\n<p>Biohotels sind definitiv eine hervorragende Alternative f\u00fcr den umweltbewussten Reisenden. Viele Menschen sind von der Wichtigkeit \u00fcberzeugt, ihren Urlaub in einem vollst\u00e4ndig nachhaltigen Hotel zu verbringen, eine vern\u00fcnftige Ern\u00e4hrung aus nachhaltigem regionalen Anbau zu genie\u00dfen und somit sich selber und der Natur viel Gutes zu tun. Doch auch f\u00fcr die lokale Bev\u00f6lkerung ergeben sich zahlreiche Vorteile aus einem \u00f6kologischen und weitsichtigen Hotel Management.<\/p>\n\n\n\n<p>Durch die enge Kooperation werden regionale Bio Landwirte und Zulieferer unterst\u00fctzt und gef\u00f6rdert. Weitere Biohotel Vorteile liegen in der Nutzung von Bio Kosmetik und Bio K\u00f6rperpflegeprodukten, die g\u00e4nzlich antiallergisch und tierversuchsfrei sind und \u00fcber antibakterielle Eigenschaften verf\u00fcgen.<\/p>\n\n\n\n<figure class=\"wp-block-image size-large\"><a href=\"https:\/\/www.sonnenklar.tv\/blog\/wp-content\/uploads\/2025\/02\/bio-hotel-bedeutung-1.jpg\"><img fetchpriority=\"high\" decoding=\"async\" width=\"880\" height=\"450\" src=\"https:\/\/www.sonnenklar.tv\/blog\/wp-content\/uploads\/2025\/02\/bio-hotel-bedeutung-1.jpg\" alt=\"Bio Hotel Bedeutung: blau-weiss gestreifte H\u00e4ngematte\" class=\"wp-image-34511\" srcset=\"https:\/\/www.sonnenklar.tv\/blog\/wp-content\/uploads\/2025\/02\/bio-hotel-bedeutung-1.jpg 880w, https:\/\/www.sonnenklar.tv\/blog\/wp-content\/uploads\/2025\/02\/bio-hotel-bedeutung-1-800x409.jpg 800w, https:\/\/www.sonnenklar.tv\/blog\/wp-content\/uploads\/2025\/02\/bio-hotel-bedeutung-1-120x61.jpg 120w, https:\/\/www.sonnenklar.tv\/blog\/wp-content\/uploads\/2025\/02\/bio-hotel-bedeutung-1-90x46.jpg 90w, https:\/\/www.sonnenklar.tv\/blog\/wp-content\/uploads\/2025\/02\/bio-hotel-bedeutung-1-320x164.jpg 320w, https:\/\/www.sonnenklar.tv\/blog\/wp-content\/uploads\/2025\/02\/bio-hotel-bedeutung-1-560x286.jpg 560w\" sizes=\"(max-width: 880px) 100vw, 880px\" \/><\/a><figcaption class=\"wp-element-caption\">Was ist ein Bio-Hotel?<\/figcaption><\/figure>\n\n\n\n<p>Biohotels befinden sich \u00fcberwiegend in l\u00e4ndlichen Gegenden und sind dadurch in der Lage, gesundheitsf\u00f6rdernde Aktivit\u00e4ten wie Wanderungen, Radfahren, gef\u00fchrte Angeltouren oder Beeren- und Pilzsammelausfl\u00fcge in einer attraktiven Landschaft zu bieten. Ein solches Ferienkonzept spricht nicht nur Familien mit Kindern, sondern Menschen jeden Alters an.<\/p>\n\n\n\n<p>Bio Wellness- und Saunaeinrichtungen oder naturbelassene Badestellen an Fl\u00fcssen und Seen sind wunderbare Gelegenheiten, optimal zu entspannen und den Alltagsstress an einem ausgeglichenen, friedlichen und gleichzeitig ressourcensparenden Ort hinter sich zu lassen. Andere interessante und unterhaltsame Freizeitangebote umfassen Bio Kochkurse und Meditationsprogramme.<\/p>\n\n\n\n<p>Es f\u00e4llt schwer, direkte Schattenseiten im Konzept Biohotel zu entdecken. Sicherlich ist es wichtig, dass sich Bio Hotelg\u00e4ste schon vor der Hotelbuchung dar\u00fcber im Klaren sind, das sie abseits des turbulenten Stadtlebens in einer naturgebundenen, oftmals internetfreien Zone Erholung und Revitalisierung finden werden. Und f\u00fcr manch einen Gew\u00f6hnungsbed\u00fcrftigen ist der st\u00e4ndige Verzehr von Biokost und vegetarischen Speisen nicht unbedingt eine Selbstverst\u00e4ndlichkeit. Der finanzielle Faktor sollte ebenfalls ber\u00fccksichtigt werden, denn Urlaub in einem Biohotel ist mit einem h\u00f6heren Kostenaufwand verbunden.<\/p>\n\n\n\n<h2 class=\"wp-block-heading\"><a name=\"biohotel-konzept\"><\/a>Die smarte, zukunftsweisende Strategie der Biohotels<\/h2>\n\n\n\n<p>Die Resonanz der Biohotel Urlauber ist best\u00e4rkend. Der umweltbewusste Hoteltrend geht weiterhin eindeutig in Richtung Natur und Nachhaltigkeit und ist definitiv ausbauf\u00e4hig. Unabh\u00e4ngige Pr\u00fcfer kontrollieren regelm\u00e4\u00dfig die Einhaltung der geforderten Richtlinien, die sich nicht nur auf eine 100%ige Bio Naturkost beziehen, sondern vor allem auch die Optimierung der Bereiche \u00d6kostrom und Wiederverwertung in den Mittelpunkt stellen. Zertifizierte Biohotel Mitglieder sind um eine stetige Qualit\u00e4tssicherung bem\u00fcht und suchen nach L\u00f6sungen, um ihre nachhaltigen Managementmethoden stetig zu perfektionieren.<\/p>\n\n\n\n<div class=\"wp-block-buttons is-horizontal is-content-justification-center is-layout-flex wp-container-core-buttons-is-layout-499968f5 wp-block-buttons-is-layout-flex\">\n<div class=\"wp-block-button\"><a class=\"wp-block-button__link wp-element-button\" href=\"https:\/\/www.sonnenklar.tv\/promo\/biohotels.html\" target=\"_blank\" rel=\"noreferrer noopener\">Biohotels &#8211; zu den angeboten<\/a><\/div>\n<\/div>\n\n\n\n<h3 class=\"wp-block-heading\">Mehr zum Thema Unterkunft:<\/h3>\n\n\n\n<p><a href=\"https:\/\/www.sonnenklar.tv\/blog\/reiselexikon\/was-bedeuten-hotelsterne\/\">Hotelsterne<\/a>\u00a0 \u00a0 <a href=\"https:\/\/www.sonnenklar.tv\/blog\/reiselexikon\/hotel-abkuerzungen-bedeutung\/\">Hotelabk\u00fcrzungen<\/a>\u00a0\u00a0\u00a0\u00a0<a href=\"https:\/\/www.sonnenklar.tv\/blog\/reiselexikon\/bed-and-breakfast-bedeutung\/\">Bed &amp; Breakfast<\/a>\u00a0 \u00a0 <a href=\"https:\/\/www.sonnenklar.tv\/blog\/reiselexikon\/bungalow-bedeutung\/\">Bungalow<\/a>\u00a0 \u00a0 <a href=\"https:\/\/www.sonnenklar.tv\/blog\/reiselexikon\/finca-bedeutung\/\">Finca<\/a>\u00a0 \u00a0 <a href=\"https:\/\/www.sonnenklar.tv\/blog\/reiselexikon\/chalet-bedeutung\/\">Chalet<\/a>\u00a0 \u00a0\u00a0<a href=\"https:\/\/www.sonnenklar.tv\/blog\/reiselexikon\/riad-bedeutung\/\">Riad<\/a>\u00a0 \u00a0 <a href=\"https:\/\/www.sonnenklar.tv\/blog\/reiselexikon\/hostel-bedeutung\/\">Hostel<\/a>\u00a0 \u00a0 <a href=\"https:\/\/www.sonnenklar.tv\/blog\/reiselexikon\/erwachsenenhotel-bedeutung\/\">Erwachsenenhotel<\/a>\u00a0 \u00a0 <a href=\"https:\/\/www.sonnenklar.tv\/blog\/reiselexikon\/aparthotel-bedeutung\/\">Aparthotel<\/a>\u00a0 \u00a0 <a href=\"https:\/\/www.sonnenklar.tv\/blog\/reiselexikon\/vital-hotel-bedeutung\/\">Vital Hotel<\/a>\u00a0 \u00a0\u00a0<a href=\"https:\/\/www.sonnenklar.tv\/blog\/reiselexikon\/glueckshotel-bedeutung\/\">Gl\u00fcckshotel<\/a>\u00a0 \u00a0 <a href=\"https:\/\/www.sonnenklar.tv\/blog\/reiselexikon\/resort-bedeutung\/\">Resort<\/a>\u00a0 \u00a0 <a href=\"https:\/\/www.sonnenklar.tv\/blog\/reiselexikon\/mobilheim-bedeutung\/\">Mobilheim<\/a>\u00a0 \u00a0 <a href=\"https:\/\/www.sonnenklar.tv\/blog\/reiselexikon\/pension-hotel-bedeutung\/\">Pension<\/a>\u00a0 \u00a0 <a href=\"https:\/\/www.sonnenklar.tv\/blog\/reiselexikon\/hotel-garni-bedeutung\/\">Hotel Garni<\/a>\u00a0 \u00a0\u00a0<a href=\"https:\/\/www.sonnenklar.tv\/blog\/reiselexikon\/doppelzimmer-bedeutung\/\">Doppelzimmer<\/a>\u00a0 \u00a0\u00a0<a href=\"https:\/\/www.sonnenklar.tv\/blog\/reiselexikon\/familienzimmer-bedeutung\/\">Familienzimmer<\/a>\u00a0 \u00a0 <a href=\"https:\/\/www.sonnenklar.tv\/blog\/reiselexikon\/sparzimmer-bedeutung\/\">Sparzimmer<\/a>\u00a0 \u00a0 <a href=\"https:\/\/www.sonnenklar.tv\/blog\/reiselexikon\/boutique-hotel-bedeutung\/\">Boutique Hotel<\/a>\u00a0\u00a0\u00a0 <a href=\"https:\/\/www.sonnenklar.tv\/blog\/reiselexikon\/suite-bedeutung\/\">Suite<\/a>\u00a0 \u00a0 <a href=\"https:\/\/www.sonnenklar.tv\/blog\/reiselexikon\/studio-apartment-bedeutung\/\">Studio Apartment<\/a> \u00a0 \u00a0 <a href=\"https:\/\/www.sonnenklar.tv\/blog\/reiselexikon\/kabine-bedeutung\/\">Kabine<\/a>\u00a0 \u00a0 <a href=\"https:\/\/www.sonnenklar.tv\/blog\/reiselexikon\/superiorzimmer-bedeutung\/\">Superiorzimmer<\/a>\u00a0 \u00a0 <a href=\"https:\/\/www.sonnenklar.tv\/blog\/boardinghouse-bedeutung\/\">Boardinghouse<\/a>\u00a0 \u00a0 <a href=\"https:\/\/www.sonnenklar.tv\/blog\/reiselexikon\/ryokan-bedeutung\/\">Ryokan<\/a><\/p>\n\n\n\n<p><a href=\"https:\/\/www.sonnenklar.tv\/blog\/reiselexikon\/\">&lt;&lt; Zur\u00fcck zum Reiselexikon<\/a><\/p>\n","protected":false},"excerpt":{"rendered":"<p>Es war eine Frage der Zeit, bis der Grundgedanke zur Etablierung einer vollst\u00e4ndig \u00f6kologischen Hotelstruktur umgesetzt werden konnte. Seit einigen Jahren existieren zahlreiche Biohotels in Europa, die zur gr\u00fcnen Hotelbranche geh\u00f6ren und \u00f6kologisch ausgerichtete Ferien in einer von Nachhaltigkeit gepr\u00e4gten Unterkunft offerieren. Hotels verschiedener Kategorien und Preissegmente haben bereits mit Erfolg die anerkannte Biohotel Zertifizierung<\/p>\n","protected":false},"author":3,"featured_media":0,"parent":6051,"menu_order":0,"comment_status":"closed","ping_status":"closed","template":"","meta":{"footnotes":""},"class_list":["post-7469","page","type-page","status-publish"],"_links":{"self":[{"href":"https:\/\/www.sonnenklar.tv\/blog\/wp-json\/wp\/v2\/pages\/7469","targetHints":{"allow":["GET"]}}],"collection":[{"href":"https:\/\/www.sonnenklar.tv\/blog\/wp-json\/wp\/v2\/pages"}],"about":[{"href":"https:\/\/www.sonnenklar.tv\/blog\/wp-json\/wp\/v2\/types\/page"}],"author":[{"embeddable":true,"href":"https:\/\/www.sonnenklar.tv\/blog\/wp-json\/wp\/v2\/users\/3"}],"replies":[{"embeddable":true,"href":"https:\/\/www.sonnenklar.tv\/blog\/wp-json\/wp\/v2\/comments?post=7469"}],"version-history":[{"count":23,"href":"https:\/\/www.sonnenklar.tv\/blog\/wp-json\/wp\/v2\/pages\/7469\/revisions"}],"predecessor-version":[{"id":37558,"href":"https:\/\/www.sonnenklar.tv\/blog\/wp-json\/wp\/v2\/pages\/7469\/revisions\/37558"}],"up":[{"embeddable":true,"href":"https:\/\/www.sonnenklar.tv\/blog\/wp-json\/wp\/v2\/pages\/6051"}],"wp:attachment":[{"href":"https:\/\/www.sonnenklar.tv\/blog\/wp-json\/wp\/v2\/media?parent=7469"}],"curies":[{"name":"wp","href":"https:\/\/api.w.org\/{rel}","templated":true}]}}