{"id":7396,"date":"2018-06-26T17:12:09","date_gmt":"2018-06-26T15:12:09","guid":{"rendered":"https:\/\/www.sonnenklar.tv\/blog\/?page_id=7396"},"modified":"2025-12-12T15:37:17","modified_gmt":"2025-12-12T14:37:17","slug":"einzelzimmerzuschlag-bedeutung","status":"publish","type":"page","link":"https:\/\/www.sonnenklar.tv\/blog\/reiselexikon\/einzelzimmerzuschlag-bedeutung\/","title":{"rendered":"Was bedeutet Einzelzimmerzuschlag?"},"content":{"rendered":"\n<p><strong>Auf den ersten Blick erscheint der sogenannte Einzelzimmerzuschlag vielen Alleinreisenden als unverst\u00e4ndliche oder ungerechte Benachteiligung. Bei detaillierter Betrachtung wird jedoch schnell deutlich, dass die in vielen Hotels und Pensionen \u00fcbliche Extrageb\u00fchr durchaus ihre Berechtigung hat bzw. haben kann. Im Folgenden werden die diesbez\u00fcglichen Regeln sowie die einschl\u00e4gige Handhabung des Einzelzimmerzuschlags genauer beleuchtet.<\/strong><\/p>\n\n\n\n<hr class=\"wp-block-separator has-css-opacity\"\/>\n\n\n\n<p><strong>Inhaltsverzeichnis<\/strong><\/p>\n\n\n\n<ul class=\"wp-block-list\">\n<li><a href=\"#einzelzimmerzuschlag-bedeutung\">Was bedeutet Einzelzimmerzuschlag genau?<\/a><\/li>\n\n\n\n<li><a href=\"#einzelzimmerzuschlag-zahlen\">Warum m\u00fcsst ihr Einzelzimmerzuschlag zahlen?<\/a><\/li>\n\n\n\n<li><a href=\"#wie-hoch-darf-einzelzimmerzuschlag-sein\">Wie hoch darf oder kann ein Einzelzimmerzuschlag sein?<\/a><\/li>\n\n\n\n<li><a href=\"#wer-bestimmt-einzelzimmerzuschlag\">Wer bestimmt den Einzelzimmerzuschlag?<\/a><\/li>\n\n\n\n<li><a href=\"#doppelzimmer-buchen\">Worauf m\u00fcsst ihr bei der Buchung eines Doppelzimmers achten?<\/a><\/li>\n\n\n\n<li><a href=\"#einzelzimmerzuschlag-erknennen\">Woran erkennt ihr, dass ihr einen Einzelzimmerzuschlag zahlen m\u00fcsst?<\/a><\/li>\n\n\n\n<li><a href=\"#einzelzimmerzuschlag-umgehen\">Gibt es M\u00f6glichkeiten, den Einzelzimmerzuschlag als Alleinreisender nicht zu zahlen?<\/a><\/li>\n\n\n\n<li><a href=\"#doppelzimmer-alternative\">Welche Alternativen haben die Alleinreisende?<\/a><\/li>\n<\/ul>\n\n\n\n<hr class=\"wp-block-separator has-css-opacity\"\/>\n\n\n\n<h2 class=\"wp-block-heading\"><a name=\"einzelzimmerzuschlag-bedeutung\"><\/a>Was bedeutet Einzelzimmerzuschlag genau?<\/h2>\n\n\n\n<p>Der Einzelzimmerzuschlag wird von Hotelbetreibern in der Regel erhoben, wenn ein <a href=\"https:\/\/www.sonnenklar.tv\/blog\/reiselexikon\/doppelzimmer-bedeutung\/\" target=\"_blank\" rel=\"noopener\">Doppelzimmer<\/a> statt von zwei G\u00e4sten nur von einer Person bewohnt wird. Es handelt sich also um einen Aufpreis oder Ausgleich f\u00fcr den nicht vorhandenen zweiten Gast. F\u00fcr den Hotelbetreiber ist es letztlich eine finanzielle Entsch\u00e4digung. Der Alleinreisende kommt daf\u00fcr allerdings auch in den Genuss eines gro\u00dfen Bettes und Zimmers.<\/p>\n\n\n\n<h2 class=\"wp-block-heading\"><a name=\"einzelzimmerzuschlag-zahlen\"><\/a>Warum m\u00fcsst ihr Einzelzimmerzuschlag zahlen?<\/h2>\n\n\n\n<p>Der Gewinn, den ein Hotelbetreiber mit der kompletten Belegung des Doppelzimmers erzielen w\u00fcrde, liegt nat\u00fcrlich \u00fcber dem eines Einzelzimmerzuschlags. Besonders w\u00e4hrend der meist stark nachgefragten Hauptsaison im Sommer, in sonstigen Ferienzeiten sowie an Feiertagen dient die Erhebung des Einzelzimmerzuschlages somit der besseren Kalkulation und der Vermeidung von Verlusten. F\u00fcr den Hotelier besteht bei einer Einzelbelegung eines Doppelzimmers der gleiche Arbeitsaufwand f\u00fcr:<\/p>\n\n\n\n<ul class=\"wp-block-list\">\n<li>Buchung<\/li>\n\n\n\n<li>Reinigung<\/li>\n\n\n\n<li>Strom<\/li>\n\n\n\n<li>Licht<\/li>\n<\/ul>\n\n\n\n<h2 class=\"wp-block-heading\"><a name=\"wie-hoch-darf-einzelzimmerzuschlag-sein\"><\/a>Wie hoch darf oder kann ein Einzelzimmerzuschlag sein?<\/h2>\n\n\n\n<p>Konkrete Beispiele f\u00fcr den Einzelzimmerzuschlag variieren international meist recht stark. W\u00e4hrend in Deutschland sowie Mittel- und S\u00fcdeuropa je nach Reisezeitraum ein Aufpreis zwischen 15 und 30 Prozent erhoben wird, werden zum Beispiel in Asien, den USA oder S\u00fcdamerika oftmals stolze 100 Prozent verlangt. Im Grunde genommen handhabt jedes Hotel bzw. jede Hotelkette die konkrete Preisgestaltung nach eigenem Gutd\u00fcnken.<\/p>\n\n\n\n<p>Rechtlich verbindliche Regelungen f\u00fcr die genaue H\u00f6he des Einzelzimmerzuschlags gibt es bislang weder hierzulande noch sonst irgendwo auf der Welt. Hotelbetreiber richten sich aber meist nach den regionalen oder lokalen Gepflogenheiten, weil sie in Konkurrenz zu anderen Anbietern stehen und nat\u00fcrlich potenzielle Kunden nicht durch \u00fcbertrieben hohe Einzelzimmerzuschl\u00e4ge abschrecken m\u00f6chten. Dementsprechend ist die Geb\u00fchr im hohen Ma\u00dfe abh\u00e4ngig von der jeweiligen Situation im Ferienort oder in der Ferienregion.<\/p>\n\n\n\n<figure class=\"wp-block-image alignnone wp-image-7399 size-full\"><img fetchpriority=\"high\" decoding=\"async\" width=\"880\" height=\"450\" src=\"https:\/\/www.sonnenklar.tv\/blog\/wp-content\/uploads\/2018\/06\/einzelzimmerzuschlag-bedeutung.jpg\" alt=\"Einzelzimmerzuschlag\" class=\"wp-image-7399\" srcset=\"https:\/\/www.sonnenklar.tv\/blog\/wp-content\/uploads\/2018\/06\/einzelzimmerzuschlag-bedeutung.jpg 880w, https:\/\/www.sonnenklar.tv\/blog\/wp-content\/uploads\/2018\/06\/einzelzimmerzuschlag-bedeutung-300x153.jpg 300w, https:\/\/www.sonnenklar.tv\/blog\/wp-content\/uploads\/2018\/06\/einzelzimmerzuschlag-bedeutung-768x393.jpg 768w\" sizes=\"(max-width: 880px) 100vw, 880px\" \/><figcaption class=\"wp-element-caption\">Warum m\u00fcssen Alleinreisende Einzelzimmerzuschlag zahlen?<\/figcaption><\/figure>\n\n\n\n<h2 class=\"wp-block-heading\"><a name=\"wer-bestimmt-einzelzimmerzuschlag\"><\/a>Wer bestimmt den Einzelzimmerzuschlag?<\/h2>\n\n\n\n<p>Der Einzelzimmerzuschlag wird immer vom Hotelbetreiber bzw. der hierf\u00fcr zust\u00e4ndigen Abteilung der Hotelkette bestimmt. Dabei beachten der oder die Entscheider verschiedene Faktoren wie etwa die unterschiedlich starke Nachfrage in der Haupt- und Nebensaison sowie die voraussichtliche Auslastung anhand von Vergleichswerten aus den Vorjahren. Auch der Andrang bei popul\u00e4ren einmaligen oder regelm\u00e4\u00dfigen Veranstaltungen in der N\u00e4he oder Umgebung der Unterkunft und die sich hieraus ergebene Nachfrage nach Zimmern werden bei der Festlegung des Einzelzimmerzuschlags ber\u00fccksichtigt.<\/p>\n\n\n\n<h2 class=\"wp-block-heading\"><a name=\"doppelzimmer-buchen\"><\/a>Worauf m\u00fcsst ihr bei der Buchung eines Doppelzimmers achten?<\/h2>\n\n\n\n<p>In der sommerlichen Hauptsaison sowie zu bestimmten Daten wie zum Beispiel an den Weihnachtsfeiertagen und rund um Silvester verlangen vor allem in den bekannten und gut besuchten Ferienregionen nahezu alle Hotels und Pensionen Einzelzimmerzuschl\u00e4ge. Mitunter werden wegen der saisonal starken Nachfrage auch gar keine Einzelbuchungen von Doppelzimmern angenommen, da diese dann auch problemlos mit zwei oder gar drei G\u00e4sten belegt werden k\u00f6nnen.<\/p>\n\n\n\n<h3 class=\"wp-block-heading\"><a name=\"einzelzimmerzuschlag-erknennen\"><\/a>Woran erkennt ihr, dass ihr einen Einzelzimmerzuschlag zahlen m\u00fcsst?<\/h3>\n\n\n\n<p>In Reisekatalogen und auf den Netzseiten der Hotels werden Einzelzimmerzuschl\u00e4ge in der Regel bei den Zimmerpreisen gesondert aufgef\u00fchrt.<\/p>\n\n\n\n<ul class=\"wp-block-list\">\n<li><strong>Im deutschsprachigen Raum<\/strong> ist hierf\u00fcr das <a href=\"https:\/\/www.sonnenklar.tv\/blog\/reiselexikon\/hotel-abkuerzungen-bedeutung\/\" target=\"_blank\" rel=\"noopener\">Hotelk\u00fcrzel<\/a>\u00a0<em>&#8222;EZZ&#8220;<\/em>\u00a0\u00fcblich.<\/li>\n\n\n\n<li><strong>Im Englischen<\/strong> wird h\u00e4ufig der Ausdruck \u201e<em>single room supplement<\/em>\u201c verwendet<\/li>\n\n\n\n<li><strong>Im Spanischen<\/strong> wird oft auf eine \u201e<em>cargo extra<\/em>\u201c verwiesen<\/li>\n\n\n\n<li><strong>Im Franz\u00f6sischen<\/strong> auf die \u201e<em>suppl\u00e9ment chambre individuelle<\/em>\u201c<\/li>\n<\/ul>\n\n\n\n<h2 class=\"wp-block-heading\"><a name=\"einzelzimmerzuschlag-umgehen\"><\/a>Gibt es M\u00f6glichkeiten, den Einzelzimmerzuschlag als Alleinreisender nicht zu zahlen?<\/h2>\n\n\n\n<p>Angesichts des seit Jahrzehnten international kontinuierlich zunehmenden Anteils an Alleinreisenden haben sich zahlreiche Reiseveranstalter auf diese wachsende Zielgruppe spezialisiert. G\u00fcnstige Reiseangebote ohne Einzelzimmerzuschl\u00e4ge k\u00f6nnt ihr in Reiseb\u00fcros nachfragen &#8211; oder ihr schaut einfach gleich bei uns in den aktuellen <a href=\"https:\/\/www.sonnenklar.tv\/online-katalog.html\">Alleinreisen-Katalog<\/a>&nbsp;und bucht direkt online.<\/p>\n\n\n\n<p><em><strong>Unser Tipp:<\/strong> <a href=\"https:\/\/www.facebook.com\/groups\/AlleineReisen\/\" target=\"_blank\" rel=\"noopener\">Schlie\u00dft euch der sonnenklar.TV &#8222;Alleine reisen, gemeinsam erleben&#8220; Gruppe auf facebook an!<\/a><\/em><\/p>\n\n\n\n<h2 class=\"wp-block-heading\"><a name=\"doppelzimmer-alternative\"><\/a>Welche Alternativen haben Alleinreisende?<\/h2>\n\n\n\n<p>Neben den Angeboten von auf Alleinreisende spezialisierten Veranstaltern und Hotels gibt es haupts\u00e4chlich in der Nebensaison h\u00e4ufig vielerorts Sonderangebote f\u00fcr Unterk\u00fcnfte, bei denen kein Einzelzimmerzuschlag verlangt wird. Dar\u00fcber hinaus haben Alleinreisende die M\u00f6glichkeit, sich auf Reiseb\u00f6rsen im Internet nach Reisepartnern zwecks gemeinsamer Kostenersparnis umzusehen.<\/p>\n\n\n\n<div class=\"wp-block-buttons is-horizontal is-content-justification-center is-layout-flex wp-container-core-buttons-is-layout-499968f5 wp-block-buttons-is-layout-flex\">\n<div class=\"wp-block-button\"><a class=\"wp-block-button__link wp-element-button\" href=\"https:\/\/www.sonnenklar.tv\/blog\/reiselexikon\/einzelzimmerzuschlag-bedeutung\/\" target=\"_blank\" rel=\"noreferrer noopener\">singlereisen &#8211; zu den angeboten<\/a><\/div>\n<\/div>\n\n\n\n<h3 class=\"wp-block-heading\">Mehr zum Thema Geb\u00fchren:<\/h3>\n\n\n\n<p><a href=\"https:\/\/www.sonnenklar.tv\/blog\/reiselexikon\/fremdwaehrungsgebuehren-bedeutung\/\">Fremdw\u00e4hrungsgeb\u00fchren<\/a>\u00a0 \u00a0 <a href=\"https:\/\/www.sonnenklar.tv\/blog\/reiselexikon\/was-ist-eine-kurtaxe\/\">Kurtaxe<\/a>\u00a0 \u00a0\u00a0<a href=\"https:\/\/www.sonnenklar.tv\/blog\/reiselexikon\/was-ist-eine-mautgebuehr\/\">Mautgeb\u00fchr<\/a>\u00a0 \u00a0 <a href=\"https:\/\/www.sonnenklar.tv\/blog\/reiselexikon\/was-sind-stornogebuehren\/\">Stornogeb\u00fchren<\/a>\u00a0 \u00a0 <a href=\"https:\/\/www.sonnenklar.tv\/blog\/reiselexikon\/treibstoffzuschlag-bedeutung\/\">Treibstoffzuschlag<\/a><\/p>\n\n\n\n<p><a href=\"https:\/\/www.sonnenklar.tv\/blog\/reiselexikon\/\">&lt;&lt; Zur\u00fcck zum Reiselexikon<\/a><\/p>\n","protected":false},"excerpt":{"rendered":"<p>Auf den ersten Blick erscheint der sogenannte Einzelzimmerzuschlag vielen Alleinreisenden als unverst\u00e4ndliche oder ungerechte Benachteiligung. Bei detaillierter Betrachtung wird jedoch schnell deutlich, dass die in vielen Hotels und Pensionen \u00fcbliche Extrageb\u00fchr durchaus ihre Berechtigung hat bzw. haben kann. Im Folgenden werden die diesbez\u00fcglichen Regeln sowie die einschl\u00e4gige Handhabung des Einzelzimmerzuschlags genauer beleuchtet. Inhaltsverzeichnis Was bedeutet<\/p>\n","protected":false},"author":3,"featured_media":0,"parent":6051,"menu_order":0,"comment_status":"closed","ping_status":"closed","template":"","meta":{"footnotes":""},"class_list":["post-7396","page","type-page","status-publish"],"_links":{"self":[{"href":"https:\/\/www.sonnenklar.tv\/blog\/wp-json\/wp\/v2\/pages\/7396","targetHints":{"allow":["GET"]}}],"collection":[{"href":"https:\/\/www.sonnenklar.tv\/blog\/wp-json\/wp\/v2\/pages"}],"about":[{"href":"https:\/\/www.sonnenklar.tv\/blog\/wp-json\/wp\/v2\/types\/page"}],"author":[{"embeddable":true,"href":"https:\/\/www.sonnenklar.tv\/blog\/wp-json\/wp\/v2\/users\/3"}],"replies":[{"embeddable":true,"href":"https:\/\/www.sonnenklar.tv\/blog\/wp-json\/wp\/v2\/comments?post=7396"}],"version-history":[{"count":20,"href":"https:\/\/www.sonnenklar.tv\/blog\/wp-json\/wp\/v2\/pages\/7396\/revisions"}],"predecessor-version":[{"id":37572,"href":"https:\/\/www.sonnenklar.tv\/blog\/wp-json\/wp\/v2\/pages\/7396\/revisions\/37572"}],"up":[{"embeddable":true,"href":"https:\/\/www.sonnenklar.tv\/blog\/wp-json\/wp\/v2\/pages\/6051"}],"wp:attachment":[{"href":"https:\/\/www.sonnenklar.tv\/blog\/wp-json\/wp\/v2\/media?parent=7396"}],"curies":[{"name":"wp","href":"https:\/\/api.w.org\/{rel}","templated":true}]}}