{"id":7298,"date":"2018-06-21T14:53:00","date_gmt":"2018-06-21T12:53:00","guid":{"rendered":"https:\/\/www.sonnenklar.tv\/blog\/?page_id=7298"},"modified":"2025-12-12T15:43:29","modified_gmt":"2025-12-12T14:43:29","slug":"hotel-abkuerzungen-bedeutung","status":"publish","type":"page","link":"https:\/\/www.sonnenklar.tv\/blog\/reiselexikon\/hotel-abkuerzungen-bedeutung\/","title":{"rendered":"Was bedeuten Hotel Abk\u00fcrzungen?"},"content":{"rendered":"\n<p><strong>Hotelabk\u00fcrzungen sind unglaublich praktisch \u2013 auf einem Blick hat man s\u00e4mtliche Informationen \u00fcber die Unterkunft vor sich ohne erst einen langen Text lesen zu m\u00fcssen. Andererseits wei\u00df man oftmals nicht genau, was sich hinter den K\u00fcrzeln verbirgt. Nach diesem kurzen \u00dcberblick wissen Sie genau, was sich hinter einer JS mit AC, BK und BD verbirgt.<\/strong><\/p>\n\n\n\n<hr class=\"wp-block-separator has-css-opacity\"\/>\n\n\n\n<p><strong>Inhaltsverzeichnis<\/strong><\/p>\n\n\n\n<ul class=\"wp-block-list\">\n<li><a href=\"#hotelabkuerzungen-bedeutung\">Was steckt hinter den Hotelk\u00fcrzeln?<\/a><\/li>\n\n\n\n<li><a href=\"#hotelabkuerzungen-unterkunft\">Abk\u00fcrzungen f\u00fcr Unterkunftsarten<\/a><\/li>\n\n\n\n<li><a href=\"#hotelabkuerzungen-zimmerkategorie\">Abk\u00fcrzungen f\u00fcr Zimmerkategorien<\/a><\/li>\n\n\n\n<li><a href=\"#hotelabkuerzungen-ausstattung\">Abk\u00fcrzungen f\u00fcr Zimmerausstattung im Hotel<\/a><\/li>\n\n\n\n<li><a href=\"#hotelabkuerzungen-verpflegung\">Abk\u00fcrzungen f\u00fcr Verpflegungsarten<\/a><\/li>\n\n\n\n<li><a href=\"#hotelabkuerzungen-lage\">Abk\u00fcrzungen f\u00fcr die Lage des Hotelzimmers<\/a><\/li>\n\n\n\n<li><a href=\"#hotelabkuerzungen-saison\">Abk\u00fcrzungen f\u00fcr die Urlaubssaison<\/a><\/li>\n\n\n\n<li><a href=\"#weitere-hotelabkuerzungen\">Welche anderen Abk\u00fcrzungen sind in vielen Reiseangeboten zu finden?<\/a><\/li>\n<\/ul>\n\n\n\n<hr class=\"wp-block-separator has-css-opacity\"\/>\n\n\n\n<h2 class=\"wp-block-heading\"><a name=\"hotelabkuerzungen-bedeutung\"><\/a>Was steckt hinter den Hotelk\u00fcrzeln?<\/h2>\n\n\n\n<p>Man findet sie in Reisekatalogen, man begegnet ihnen in Hotelbrosch\u00fcren und auf den Homepages der Hotels sind sie ohnehin gang und g\u00e4be. Die Rede ist nat\u00fcrlich von Hotelabk\u00fcrzungen. Diese wurden im Jahr 1999 offiziell eingef\u00fchrt und werden von dem deutschen Institut f\u00fcr Normung in Berlin als \u201eoffizielle Kurzzeichen in Reisekatalogen\u201c unter der DIN 77001 gef\u00fchrt.<\/p>\n\n\n\n<h3 class=\"wp-block-heading\"><a name=\"hotelabkuerzungen-unterkunft\"><\/a>Abk\u00fcrzungen f\u00fcr Unterkunftsarten:<\/h3>\n\n\n\n<ul class=\"wp-block-list\">\n<li>AP &#8211; Apartment<\/li>\n\n\n\n<li>BU &#8211; Bungalow<\/li>\n\n\n\n<li>VI &#8211; Villa<\/li>\n\n\n\n<li>ST &#8211; Studio<\/li>\n\n\n\n<li>FEWO &#8211; Ferienwohnung<\/li>\n<\/ul>\n\n\n<figure id=\"attachment_34637\" aria-describedby=\"caption-attachment-34637\" style=\"width: 800px\" class=\"wp-caption alignnone\"><a href=\"https:\/\/www.sonnenklar.tv\/blog\/wp-content\/uploads\/2025\/02\/hotel-abkuerzungen-bedeutung-1.jpg\"><img fetchpriority=\"high\" decoding=\"async\" class=\"size-medium wp-image-34637\" src=\"https:\/\/www.sonnenklar.tv\/blog\/wp-content\/uploads\/2025\/02\/hotel-abkuerzungen-bedeutung-1-800x409.jpg\" alt=\"Hotel Abk\u00fcrzungen Bedeutung\" width=\"800\" height=\"409\" srcset=\"https:\/\/www.sonnenklar.tv\/blog\/wp-content\/uploads\/2025\/02\/hotel-abkuerzungen-bedeutung-1-800x409.jpg 800w, https:\/\/www.sonnenklar.tv\/blog\/wp-content\/uploads\/2025\/02\/hotel-abkuerzungen-bedeutung-1-120x61.jpg 120w, https:\/\/www.sonnenklar.tv\/blog\/wp-content\/uploads\/2025\/02\/hotel-abkuerzungen-bedeutung-1-90x46.jpg 90w, https:\/\/www.sonnenklar.tv\/blog\/wp-content\/uploads\/2025\/02\/hotel-abkuerzungen-bedeutung-1-320x164.jpg 320w, https:\/\/www.sonnenklar.tv\/blog\/wp-content\/uploads\/2025\/02\/hotel-abkuerzungen-bedeutung-1-560x286.jpg 560w, https:\/\/www.sonnenklar.tv\/blog\/wp-content\/uploads\/2025\/02\/hotel-abkuerzungen-bedeutung-1.jpg 880w\" sizes=\"(max-width: 800px) 100vw, 800px\" \/><\/a><figcaption id=\"caption-attachment-34637\" class=\"wp-caption-text\">Was bedeuten die Hotel-Abk\u00fcrzungen?<\/figcaption><\/figure>\n\n\n<h3 class=\"wp-block-heading\"><a name=\"hotelabkuerzungen-zimmerkategorie\"><\/a>Abk\u00fcrzungen f\u00fcr Zimmerkategorien:<\/h3>\n\n\n\n<ul class=\"wp-block-list\">\n<li>SD &#8211; Standard<\/li>\n\n\n\n<li>DZ &#8211; Doppelzimmer<\/li>\n\n\n\n<li>DA &#8211; Doppelzimmer zur Alleinnutzung<\/li>\n\n\n\n<li>EZ &#8211; Einzelzimmer<\/li>\n\n\n\n<li>TW &#8211; Zweibettzimmer mit zwei getrennten Einzelbetten<\/li>\n\n\n\n<li>DB &#8211;\u00a0 Dreibettzimmer mit einem Doppelbett und einem Einzelbett<\/li>\n\n\n\n<li>FZ &#8211; Familienzimmer<\/li>\n\n\n\n<li>JS &#8211; Junior Suite<\/li>\n\n\n\n<li>SU &#8211; Suite<\/li>\n<\/ul>\n\n\n\n<h3 class=\"wp-block-heading\"><a name=\"hotelabkuerzungen-ausstattung\"><\/a>Abk\u00fcrzungen f\u00fcr Zimmerausstattung im Hotel:<\/h3>\n\n\n\n<ul class=\"wp-block-list\">\n<li>BD &#8211; Badewanne<\/li>\n\n\n\n<li>DU &#8211; Dusche<\/li>\n\n\n\n<li>TV &#8211; Fernseher<\/li>\n\n\n\n<li>WLAN &#8211; Internetzugang<\/li>\n\n\n\n<li>BK &#8211; Balkon<\/li>\n\n\n\n<li>VR &#8211; Veranda<\/li>\n\n\n\n<li>TE &#8211; Terasse<\/li>\n\n\n\n<li>AC &#8211; Klimaanlage<\/li>\n\n\n\n<li>ZB &#8211; Zusatzbett<\/li>\n<\/ul>\n\n\n\n<h3 class=\"wp-block-heading\"><a name=\"hotelabkuerzungen-verpflegung\"><\/a>Abk\u00fcrzungen f\u00fcr Verpflegungsarten:<\/h3>\n\n\n\n<ul class=\"wp-block-list\">\n<li>F &#8211; Fr\u00fchst\u00fcck<\/li>\n\n\n\n<li>M &#8211; Mittagessen<\/li>\n\n\n\n<li>A &#8211; Abendessen<\/li>\n\n\n\n<li>HP &#8211; Halbpension<\/li>\n\n\n\n<li>VP &#8211; Vollpension<\/li>\n\n\n\n<li>AI &#8211; All Inclusive<\/li>\n\n\n\n<li>OV &#8211; Ohne Verpflegung<\/li>\n\n\n\n<li>\u00dcF &#8211; \u00dcbernachtung und Fr\u00fchst\u00fcck<\/li>\n<\/ul>\n\n\n\n<p><a href=\"https:\/\/www.sonnenklar.tv\/hotel.html\">Die besten Hotelangebote weltweit bei sonnenklar.TV<\/a><\/p>\n\n\n\n<h3 class=\"wp-block-heading\"><a name=\"hotelabkuerzungen-lage\"><\/a>Abk\u00fcrzungen f\u00fcr die Lage des Hotelzimmers:<\/h3>\n\n\n\n<ul class=\"wp-block-list\">\n<li>MB &#8211; Meerblick<\/li>\n\n\n\n<li>BB &#8211; Bergblick<\/li>\n\n\n\n<li>SM &#8211; seitlicher Meerblick<\/li>\n\n\n\n<li>GS &#8211; Gartenseite<\/li>\n\n\n\n<li>LB &#8211; Landblick<\/li>\n\n\n\n<li>LS &#8211; Landseite<\/li>\n\n\n\n<li>PB &#8211; Poolblick<\/li>\n\n\n\n<li>SB &#8211; Seeblick<\/li>\n\n\n\n<li>SR &#8211; Stra\u00dfenseite<\/li>\n<\/ul>\n\n\n\n<h3 class=\"wp-block-heading\"><a name=\"hotelabkuerzungen-saison\"><\/a>Abk\u00fcrzungen f\u00fcr die Urlaubssaison:<\/h3>\n\n\n\n<ul class=\"wp-block-list\">\n<li>VS &#8211; Vorsaison<\/li>\n\n\n\n<li>HS &#8211; Hauptsaison \/ Hochsaison<\/li>\n\n\n\n<li>NS &#8211; Nebensaison<\/li>\n\n\n\n<li>ZS &#8211; Zwischensaison<\/li>\n<\/ul>\n\n\n\n<h3 class=\"wp-block-heading\"><a name=\"weitere-hotelabkuerzungen\"><\/a>Welche anderen Abk\u00fcrzungen sind in vielen Reiseangeboten zu finden?<\/h3>\n\n\n\n<ul class=\"wp-block-list\">\n<li>MW &#8211; Mietwagen<\/li>\n\n\n\n<li>SW &#8211; Schwimmbad<\/li>\n\n\n\n<li>MG &#8211; Minigolf<\/li>\n\n\n\n<li>TP &#8211; Tennisplatz<\/li>\n\n\n\n<li>FC &#8211; Fitnessstudio<\/li>\n\n\n\n<li>VW &#8211; Verl\u00e4ngerungswoche<\/li>\n\n\n\n<li>EZZ &#8211; Einzelzimmerzuschlag<\/li>\n<\/ul>\n\n\n\n<div class=\"wp-block-buttons is-horizontal is-content-justification-center is-layout-flex wp-container-core-buttons-is-layout-499968f5 wp-block-buttons-is-layout-flex\">\n<div class=\"wp-block-button\"><a class=\"wp-block-button__link wp-element-button\" href=\"https:\/\/www.sonnenklar.tv\/hotel.html\" target=\"_blank\" rel=\"noreferrer noopener\">zu den hotelangeboten<\/a><\/div>\n<\/div>\n\n\n\n<h3 class=\"wp-block-heading\">Mehr zum Thema Unterkunft:<\/h3>\n\n\n\n<p><a href=\"https:\/\/www.sonnenklar.tv\/blog\/reiselexikon\/was-bedeuten-hotelsterne\/\" target=\"_blank\" rel=\"noreferrer noopener\">Hotelsterne<\/a>\u00a0 \u00a0 <a href=\"https:\/\/www.sonnenklar.tv\/blog\/reiselexikon\/biohotel-bedeutung\/\" target=\"_blank\" rel=\"noreferrer noopener\">Biohotel<\/a>\u00a0\u00a0\u00a0\u00a0<a href=\"https:\/\/www.sonnenklar.tv\/blog\/reiselexikon\/aparthotel-bedeutung\/\" target=\"_blank\" rel=\"noreferrer noopener\">Aparthotel<\/a>\u00a0 \u00a0 <a href=\"https:\/\/www.sonnenklar.tv\/blog\/reiselexikon\/bungalow-bedeutung\/\" target=\"_blank\" rel=\"noreferrer noopener\">Bungalow<\/a>\u00a0 \u00a0 <a href=\"https:\/\/www.sonnenklar.tv\/blog\/reiselexikon\/finca-bedeutung\/\" target=\"_blank\" rel=\"noreferrer noopener\">Finca<\/a>\u00a0 \u00a0 <a href=\"https:\/\/www.sonnenklar.tv\/blog\/reiselexikon\/chalet-bedeutung\/\" target=\"_blank\" rel=\"noreferrer noopener\">Chalet<\/a>\u00a0 \u00a0\u00a0<a href=\"https:\/\/www.sonnenklar.tv\/blog\/reiselexikon\/riad-bedeutung\/\" target=\"_blank\" rel=\"noreferrer noopener\">Riad<\/a>\u00a0 \u00a0\u00a0<a href=\"https:\/\/www.sonnenklar.tv\/blog\/reiselexikon\/bed-and-breakfast-bedeutung\/\" target=\"_blank\" rel=\"noreferrer noopener\">Bed &amp; Breakfast<\/a>\u00a0 \u00a0 <a href=\"https:\/\/www.sonnenklar.tv\/blog\/reiselexikon\/erwachsenenhotel-bedeutung\/\" target=\"_blank\" rel=\"noreferrer noopener\">Erwachsenenhotel<\/a>\u00a0 \u00a0 <a href=\"https:\/\/www.sonnenklar.tv\/blog\/reiselexikon\/biohotel-bedeutung\/\" target=\"_blank\" rel=\"noreferrer noopener\">Biohotel<\/a>\u00a0 \u00a0 <a href=\"https:\/\/www.sonnenklar.tv\/blog\/reiselexikon\/vital-hotel-bedeutung\/\" target=\"_blank\" rel=\"noreferrer noopener\">Vital Hotel<\/a>\u00a0 \u00a0\u00a0<a href=\"https:\/\/www.sonnenklar.tv\/blog\/reiselexikon\/glueckshotel-bedeutung\/\" target=\"_blank\" rel=\"noreferrer noopener\">Gl\u00fcckshotel<\/a>\u00a0 \u00a0 <a href=\"https:\/\/www.sonnenklar.tv\/blog\/reiselexikon\/resort-bedeutung\/\" target=\"_blank\" rel=\"noreferrer noopener\">Resort<\/a>\u00a0 \u00a0 <a href=\"https:\/\/www.sonnenklar.tv\/blog\/reiselexikon\/mobilheim-bedeutung\/\" target=\"_blank\" rel=\"noreferrer noopener\">Mobilheim<\/a>\u00a0 \u00a0 <a href=\"https:\/\/www.sonnenklar.tv\/blog\/reiselexikon\/pension-hotel-bedeutung\/\" target=\"_blank\" rel=\"noreferrer noopener\">Pension<\/a>\u00a0 \u00a0 <a href=\"https:\/\/www.sonnenklar.tv\/blog\/reiselexikon\/hotel-garni-bedeutung\/\" target=\"_blank\" rel=\"noreferrer noopener\">Hotel Garni<\/a>\u00a0 \u00a0\u00a0<a href=\"https:\/\/www.sonnenklar.tv\/blog\/reiselexikon\/doppelzimmer-bedeutung\/\" target=\"_blank\" rel=\"noreferrer noopener\">Doppelzimmer<\/a>\u00a0 \u00a0\u00a0<a href=\"https:\/\/www.sonnenklar.tv\/blog\/reiselexikon\/familienzimmer-bedeutung\/\" target=\"_blank\" rel=\"noreferrer noopener\">Familienzimmer<\/a>\u00a0 \u00a0 <a href=\"https:\/\/www.sonnenklar.tv\/blog\/reiselexikon\/sparzimmer-bedeutung\/\" target=\"_blank\" rel=\"noreferrer noopener\">Sparzimmer<\/a>\u00a0 \u00a0 <a href=\"https:\/\/www.sonnenklar.tv\/blog\/reiselexikon\/boutique-hotel-bedeutung\/\" target=\"_blank\" rel=\"noreferrer noopener\">Boutique Hotel<\/a>\u00a0\u00a0\u00a0 <a href=\"https:\/\/www.sonnenklar.tv\/blog\/reiselexikon\/suite-bedeutung\/\" target=\"_blank\" rel=\"noreferrer noopener\">Suite<\/a>\u00a0 \u00a0 <a href=\"https:\/\/www.sonnenklar.tv\/blog\/reiselexikon\/studio-apartment-bedeutung\/\" target=\"_blank\" rel=\"noreferrer noopener\">Studio Apartment<\/a> \u00a0 \u00a0 <a href=\"https:\/\/www.sonnenklar.tv\/blog\/reiselexikon\/kabine-bedeutung\/\" target=\"_blank\" rel=\"noreferrer noopener\">Kabine<\/a>\u00a0 \u00a0 <a href=\"https:\/\/www.sonnenklar.tv\/blog\/reiselexikon\/superiorzimmer-bedeutung\/\" target=\"_blank\" rel=\"noreferrer noopener\">Superiorzimmer<\/a>\u00a0 \u00a0 <a href=\"https:\/\/www.sonnenklar.tv\/blog\/boardinghouse-bedeutung\/\" target=\"_blank\" rel=\"noreferrer noopener\">Boardinghouse<\/a>\u00a0 \u00a0 <a href=\"https:\/\/www.sonnenklar.tv\/blog\/reiselexikon\/ryokan-bedeutung\/\" target=\"_blank\" rel=\"noreferrer noopener\">Ryokan<\/a><\/p>\n\n\n\n<p><a href=\"https:\/\/www.sonnenklar.tv\/blog\/reiselexikon\/\">&lt;&lt; Zur\u00fcck zum Reiselexikon<\/a><\/p>\n","protected":false},"excerpt":{"rendered":"<p>Hotelabk\u00fcrzungen sind unglaublich praktisch \u2013 auf einem Blick hat man s\u00e4mtliche Informationen \u00fcber die Unterkunft vor sich ohne erst einen langen Text lesen zu m\u00fcssen. Andererseits wei\u00df man oftmals nicht genau, was sich hinter den K\u00fcrzeln verbirgt. Nach diesem kurzen \u00dcberblick wissen Sie genau, was sich hinter einer JS mit AC, BK und BD verbirgt.<\/p>\n","protected":false},"author":3,"featured_media":0,"parent":6051,"menu_order":0,"comment_status":"closed","ping_status":"closed","template":"","meta":{"footnotes":""},"class_list":["post-7298","page","type-page","status-publish"],"_links":{"self":[{"href":"https:\/\/www.sonnenklar.tv\/blog\/wp-json\/wp\/v2\/pages\/7298","targetHints":{"allow":["GET"]}}],"collection":[{"href":"https:\/\/www.sonnenklar.tv\/blog\/wp-json\/wp\/v2\/pages"}],"about":[{"href":"https:\/\/www.sonnenklar.tv\/blog\/wp-json\/wp\/v2\/types\/page"}],"author":[{"embeddable":true,"href":"https:\/\/www.sonnenklar.tv\/blog\/wp-json\/wp\/v2\/users\/3"}],"replies":[{"embeddable":true,"href":"https:\/\/www.sonnenklar.tv\/blog\/wp-json\/wp\/v2\/comments?post=7298"}],"version-history":[{"count":23,"href":"https:\/\/www.sonnenklar.tv\/blog\/wp-json\/wp\/v2\/pages\/7298\/revisions"}],"predecessor-version":[{"id":37581,"href":"https:\/\/www.sonnenklar.tv\/blog\/wp-json\/wp\/v2\/pages\/7298\/revisions\/37581"}],"up":[{"embeddable":true,"href":"https:\/\/www.sonnenklar.tv\/blog\/wp-json\/wp\/v2\/pages\/6051"}],"wp:attachment":[{"href":"https:\/\/www.sonnenklar.tv\/blog\/wp-json\/wp\/v2\/media?parent=7298"}],"curies":[{"name":"wp","href":"https:\/\/api.w.org\/{rel}","templated":true}]}}