{"id":7275,"date":"2018-06-21T12:53:12","date_gmt":"2018-06-21T10:53:12","guid":{"rendered":"https:\/\/www.sonnenklar.tv\/blog\/?page_id=7275"},"modified":"2025-12-12T15:56:05","modified_gmt":"2025-12-12T14:56:05","slug":"schwanzflug-bedeutung","status":"publish","type":"page","link":"https:\/\/www.sonnenklar.tv\/blog\/reiselexikon\/schwanzflug-bedeutung\/","title":{"rendered":"Was ist ein Schwanzflug?"},"content":{"rendered":"\n<p><strong>Das Wort Schwanzflug hat sich l\u00e4ngst im Vokabular von Reiseunternehmen und Touristen etabliert und hat tats\u00e4chlich mit der Absicherung von g\u00fcnstigeren Flugpreisen zu tun. Aber was genau versteckt sich hinter dem Begriff \u201eSchwanzflug\u201c?<\/strong><\/p>\n\n\n\n<hr class=\"wp-block-separator has-css-opacity\"\/>\n\n\n\n<p><strong>Inhaltsverzeichnis<\/strong><\/p>\n\n\n\n<ul class=\"wp-block-list\">\n<li><a href=\"#schwanzflug-reisen\">G\u00fcnstiger reisen mit Schwanzfl\u00fcgen<\/a><\/li>\n\n\n\n<li><a href=\"#schwanzflug-beispiele\">So sehen profitable Schwanzfl\u00fcge aus<\/a><\/li>\n\n\n\n<li><a href=\"#schwanzflug-schwachstelle\">Schwanzfl\u00fcge: Smarte Strategie oder List mit Schwachstellen?<\/a><\/li>\n\n\n\n<li><a href=\"#schwanzflug-hinweise\">Einen Schwanzflug buchen: Diese Hinweise solltet ihr beherzigen<\/a><\/li>\n<\/ul>\n\n\n\n<hr class=\"wp-block-separator has-css-opacity\"\/>\n\n\n\n<h2 class=\"wp-block-heading\"><a name=\"schwanzflug-reisen\"><\/a>G\u00fcnstiger reisen mit Schwanzfl\u00fcgen<\/h2>\n\n\n\n<p>Bei euren vielen Flugreisen sind finanzielle Aspekte ein schwerwiegender Grund daf\u00fcr, st\u00e4ndig auf der Suche nach einem g\u00fcnstigen Angebot zu sein. Hier kommt der Schwanzflug ins Spiel, der entweder als erster, oder als dritter bzw. letzter Flugabschnitt an eure Flugbuchungen angeschlossen wird. Den Schwanzflug braucht ihr nicht anzutreten, deshalb sollte es g\u00fcnstigerweise nur der letzte Flugabschnitt eurer Gesamtbuchung sein, der dann auch einfach ausgelassen werden kann. Denn ein Schwanzflug im ersten Flugabschnitt kann nicht ohne weiteres ignoriert werden und w\u00fcrde in den meisten F\u00e4llen eine automatische Stornierung aller angeschlossenen Flugabschnitte zur Folge haben.<\/p>\n\n\n\n<p>Der angekoppelte Schwanzflug als letzter Flugabschnitt wird als <strong>3X Flug<\/strong> bezeichnet, Schwanzfl\u00fcge als erster Flugabschnitt sind <strong>1X Fl\u00fcge<\/strong>. Schwanzfl\u00fcge (auch Wurmfl\u00fcge genannt) haben tats\u00e4chlich nur den Zweck, einen g\u00fcnstigeren Flugpreis durch ein sogenanntes fuel dumping zu erzielen. Worum geht es beim \u201e<em>fuel dumping<\/em>\u201c, das \u00fcbersetzt soviel wie den \u201e<em>Treibstoffzuschlag senken<\/em>\u201c bedeutet?<\/p>\n\n\n\n<p>Durch die smarte <strong>Hauptflug &#8211; Schwanzflugkombination<\/strong> kommt es zu einem g\u00fcnstigen Ausgleich des zu bezahlenden Treibstoffzuschlags, der in einigen F\u00e4llen sogar ganz gestrichen wird. Besonders vorteilhaft sind Schwanzfl\u00fcge f\u00fcr Langstreckenfl\u00fcge, da f\u00fcr diese der Kostenaufwand hoch ist. Das hei\u00dft, dass ihr f\u00fcr eine <strong>Flugreise mit Zwischenlandun<\/strong>g einfach den letzten Flugabschnitt nicht fliegt und dadurch eine Menge Geld sparen k\u00f6nnt.<\/p>\n\n\n\n<h2 class=\"wp-block-heading\"><a name=\"schwanzflug-beispiele\"><\/a>So sehen profitable Schwanzfl\u00fcge aus<\/h2>\n\n\n\n<p>Schwanzfl\u00fcge werden als Sondertipp Schn\u00e4ppchenpreis von versierten online Reiseunternehmen und Flugreisenveranstalter geboten, doch die Ankoppelung der Fl\u00fcge muss stimmen, denn ohne tiefgr\u00fcndiges Insiderwissen und kompetente Erfahrung k\u00f6nnen Schwanzfl\u00fcge sich im Endeffekt als nachteilig erweisen.<\/p>\n\n\n\n<figure class=\"wp-block-image alignnone wp-image-7287 size-full\"><img fetchpriority=\"high\" decoding=\"async\" width=\"880\" height=\"450\" src=\"https:\/\/www.sonnenklar.tv\/blog\/wp-content\/uploads\/2018\/06\/schwanzflug-bedeutung.jpg\" alt=\"Schwanzflug Bedeutung\" class=\"wp-image-7287\" srcset=\"https:\/\/www.sonnenklar.tv\/blog\/wp-content\/uploads\/2018\/06\/schwanzflug-bedeutung.jpg 880w, https:\/\/www.sonnenklar.tv\/blog\/wp-content\/uploads\/2018\/06\/schwanzflug-bedeutung-300x153.jpg 300w, https:\/\/www.sonnenklar.tv\/blog\/wp-content\/uploads\/2018\/06\/schwanzflug-bedeutung-768x393.jpg 768w\" sizes=\"(max-width: 880px) 100vw, 880px\" \/><figcaption class=\"wp-element-caption\">Was ist ein Schwanzflug?<\/figcaption><\/figure>\n\n\n\n<p>F\u00fcr ein normales Flugticket kann die Analogie f\u00fcr den Treibstoffzuschlag je nach Fluggesellschaft und Destination einen relativ hohen Anteilsatz von etwa <strong>60 % bis 65 % des Ticketgesamtpreises<\/strong> einnehmen. Dies ist allerhand, wenn ihr bedenkt, dass der Ticketpreis f\u00fcr einen Flug zum Beispiel von Amsterdam nach Toronto mit R\u00fcckflug in der Regel bei 530 Euro liegt, dann liegt der Kostenpunkt f\u00fcr den Treibstoffzuschlag bei ungef\u00e4hr 344 Euro. Wird nun bei einem 3X- oder Schwanzflug ein dritter Flugabschnitt an das eigentliche Flugticket angekoppelt, zum Beispiel der Flug von Amsterdam nach Paris oder ein Inlandflug, dann wird mit etwas Gl\u00fcck der Treibstoffzuschlag f\u00fcr den k\u00fcrzesten Flugabschnitt berechnet, was im Falle unseres Beispiels die Route Amsterdam &#8211; Paris w\u00e4re. Dies f\u00fchrt nat\u00fcrlich zu einem weitaus geringeren Treibstoffzuschlag f\u00fcr die gesamte Flugreise Amsterdam &#8211; Toronto &#8211; Amsterdam und zu einem bedeutend geringeren Gesamtflugpreis.<\/p>\n\n\n\n<p><a href=\"https:\/\/www.sonnenklar.tv\/tv-specials\/fluege.html?utm_source=schwanzflug-bedeutung&amp;utm_medium=textlink&amp;utm_campaign=lexikon\">Jetzt Sonderangebote f\u00fcr g\u00fcnstige Fl\u00fcge auf sonnenklar.TV vergleichen und online buchen<\/a>.<\/p>\n\n\n\n<h2 class=\"wp-block-heading\"><a name=\"sschwanzflug-schwachstelle\"><\/a>Schwanzfl\u00fcge: Smarte Strategie oder List mit Schwachstellen?<\/h2>\n\n\n\n<p>Mit etwas Pfiffigkeit und Geschick k\u00f6nnen Schwanzfl\u00fcge richtig tolle Spargelegenheiten bieten. Indem an eurem Wunschflug noch ein Schwanzflug angeh\u00e4ngt wird, den ihr nat\u00fcrlich nicht antreten werdet, kann der Treibstoffkostenanteil eures eigentlichen Fluges betr\u00e4chtlich gesenkt oder im Gl\u00fccksfall ganz gestrichen werden. Dies geschieht vor allem, wenn der gew\u00e4hlte Schwanzflug ein Domesticflug ist. Den angeklemmten Schwanzflug m\u00fcsst ihr nicht antreten, sondern ihr bleibt an eurem anf\u00e4nglichen Zielort.<\/p>\n\n\n\n<p>Selbst das genialste Konzept hat seine Kehrseite, und bei Schwanzfl\u00fcgen h\u00e4ufen sich <strong>begr\u00fcndete Bef\u00fcrchtungen rund um das Reisegep\u00e4ck<\/strong>. Denn hier besteht die Gefahr, dass das Fluggep\u00e4ck bis an den Zielort des letzten Segments, des Schwanzfluges, durchgecheckt wird. Aufmerksamkeit ist also geboten, wenn ihr am Flughafenschalter seid: Bittet das Flughafenpersonal darum, dass sie euer Gep\u00e4ck dann auch wirklich nur bis zu eurem Wunschflughafen durchchecken! Handgep\u00e4ck ist bei Reisen mit angeh\u00e4ngtem Schwanzflug das Schl\u00fcsselwort, so dass die ganze Gep\u00e4ckproblematik entf\u00e4llt.<\/p>\n\n\n\n<p><a href=\"https:\/\/www.sonnenklar.tv\/?utm_source=schwanzflug-bedeutung&amp;utm_medium=textlink-2&amp;utm_campaign=lexikon\">sonnenklar.tv: Die besten Angebote f\u00fcr euren n\u00e4chsten Traumurlaub<\/a>.<\/p>\n\n\n\n<p>Problematisch k\u00f6nnte es ebenfalls werden, wenn einige der Fluggesellschaften f\u00fcr einen \u201eNo Show\u201c Status (Fluggast nicht erschienen) eine <strong>No-Show Rechnung<\/strong> f\u00fcr den Fluggast erstellen. Andere Flugunternehmen beruhen sich auf ihre Allgemeine Gesch\u00e4ftsbedingungen, in denen feste Regeln hinsichtlich eines Nichterscheinens festgelegt sind, die bei Nichtwahrung dieser mehr oder weniger hohe Bu\u00dfgelder mit sich ziehen w\u00fcrden.<\/p>\n\n\n\n<h2 class=\"wp-block-heading\"><a name=\"schwanzflug-hinweise\"><\/a>Einen Schwanzflug buchen: Diese Hinweise solltet ihr beherzigen<\/h2>\n\n\n\n<p>Es versteht sich von selbst, dass ihr euch vor eurer Buchung ausreichend Informationen zu Schwanzfl\u00fcgen einholt. Denn nur die Expertise eines Insiders kann euch zu wahrhaftig lohnenswerten und risikofreien Schwanzfl\u00fcgen verhelfen. Deshalb solltet ihr eure Flugbuchungen mit Schwanzflug nicht bei einer Airline durchf\u00fchren, sondern besser bei einem online Flugreiseanbieter.<\/p>\n\n\n\n<p>Wichtig ist, dass Schwanzfl\u00fcge vor Beginn der Flugreise unter keinen Umst\u00e4nden von euch annulliert werden, um noch mehr davon zu profitieren. Denn dies k\u00f6nnte dazu f\u00fchren, dass die Fluggesellschaften das gesamte Flugreisepacket ohne den Schwanzflug neu kalkulieren und im Endeffekt einen h\u00f6heren Preis berechnen.<\/p>\n\n\n\n<h3 class=\"wp-block-heading\">Mehr zum Thema Fl\u00fcge:<\/h3>\n\n\n\n<p><a href=\"https:\/\/www.sonnenklar.tv\/blog\/reiselexikon\/gabelflug-bedeutung\/\">Gabelflug<\/a>\u00a0 \u00a0\u00a0<a href=\"https:\/\/www.sonnenklar.tv\/blog\/reiselexikon\/charterflug-bedeutung\/\">Charterflug<\/a>\u00a0 \u00a0\u00a0<a href=\"https:\/\/www.sonnenklar.tv\/blog\/reiselexikon\/linienflug-bedeutung\/\">Linienflug<\/a>\u00a0 \u00a0 <a href=\"https:\/\/www.sonnenklar.tv\/blog\/reiselexikon\/stopover-flug-bedeutung\/\">Stopover Flug<\/a>\u00a0 \u00a0 <a href=\"https:\/\/www.sonnenklar.tv\/blog\/reiselexikon\/multistopp-flug-bedeutung\/\">Multistopp Flug<\/a>\u00a0 \u00a0 <a href=\"https:\/\/www.sonnenklar.tv\/blog\/reiselexikon\/codeshare-flug-bedeutung\/\">Codeshare Flug<\/a>\u00a0 \u00a0 <a href=\"https:\/\/www.sonnenklar.tv\/blog\/reiselexikon\/was-ist-ein-vielfliegerprogramm\/\">Vielfliegerprogramm<\/a>\u00a0 \u00a0 <a href=\"https:\/\/www.sonnenklar.tv\/blog\/reiselexikon\/buchungsklassen-bedeutung\/\">Buchungsklassen<\/a><\/p>\n\n\n\n<p><a href=\"https:\/\/www.sonnenklar.tv\/blog\/reiselexikon\/\">&lt;&lt; Zur\u00fcck zum Reiselexikon<\/a><\/p>\n","protected":false},"excerpt":{"rendered":"<p>Das Wort Schwanzflug hat sich l\u00e4ngst im Vokabular von Reiseunternehmen und Touristen etabliert und hat tats\u00e4chlich mit der Absicherung von g\u00fcnstigeren Flugpreisen zu tun. Aber was genau versteckt sich hinter dem Begriff \u201eSchwanzflug\u201c? Inhaltsverzeichnis G\u00fcnstiger reisen mit Schwanzfl\u00fcgen Bei euren vielen Flugreisen sind finanzielle Aspekte ein schwerwiegender Grund daf\u00fcr, st\u00e4ndig auf der Suche nach einem<\/p>\n","protected":false},"author":3,"featured_media":0,"parent":6051,"menu_order":0,"comment_status":"closed","ping_status":"closed","template":"","meta":{"footnotes":""},"class_list":["post-7275","page","type-page","status-publish"],"_links":{"self":[{"href":"https:\/\/www.sonnenklar.tv\/blog\/wp-json\/wp\/v2\/pages\/7275","targetHints":{"allow":["GET"]}}],"collection":[{"href":"https:\/\/www.sonnenklar.tv\/blog\/wp-json\/wp\/v2\/pages"}],"about":[{"href":"https:\/\/www.sonnenklar.tv\/blog\/wp-json\/wp\/v2\/types\/page"}],"author":[{"embeddable":true,"href":"https:\/\/www.sonnenklar.tv\/blog\/wp-json\/wp\/v2\/users\/3"}],"replies":[{"embeddable":true,"href":"https:\/\/www.sonnenklar.tv\/blog\/wp-json\/wp\/v2\/comments?post=7275"}],"version-history":[{"count":14,"href":"https:\/\/www.sonnenklar.tv\/blog\/wp-json\/wp\/v2\/pages\/7275\/revisions"}],"predecessor-version":[{"id":37601,"href":"https:\/\/www.sonnenklar.tv\/blog\/wp-json\/wp\/v2\/pages\/7275\/revisions\/37601"}],"up":[{"embeddable":true,"href":"https:\/\/www.sonnenklar.tv\/blog\/wp-json\/wp\/v2\/pages\/6051"}],"wp:attachment":[{"href":"https:\/\/www.sonnenklar.tv\/blog\/wp-json\/wp\/v2\/media?parent=7275"}],"curies":[{"name":"wp","href":"https:\/\/api.w.org\/{rel}","templated":true}]}}