{"id":7158,"date":"2018-06-15T17:19:57","date_gmt":"2018-06-15T15:19:57","guid":{"rendered":"https:\/\/www.sonnenklar.tv\/blog\/?page_id=7158"},"modified":"2025-12-12T15:57:42","modified_gmt":"2025-12-12T14:57:42","slug":"studio-apartment-bedeutung","status":"publish","type":"page","link":"https:\/\/www.sonnenklar.tv\/blog\/reiselexikon\/studio-apartment-bedeutung\/","title":{"rendered":"Was ist ein Studio Apartment?"},"content":{"rendered":"\n<p><strong>Hotelzimmer, Suite, Apartment oder Studio \u2013 in der Hotellerie findet man viele Begriffe zu den verschiedenen Unterkunftsarten, die man oft nicht so richtig erkl\u00e4ren kann. Was genau ist eigentlich ein Studio-Apartment, worin besteht der Unterschied zum Hotelzimmer oder zur Suite und welche Vor- und Nachtteile hat es? Hier erfahrt ihr alles Wissenswerte.<\/strong><\/p>\n\n\n\n<hr class=\"wp-block-separator has-css-opacity\"\/>\n\n\n\n<p><strong>Inhaltsverzeichnis<\/strong><\/p>\n\n\n\n<ul class=\"wp-block-list\">\n<li><a href=\"#studio-hotel-apartment-unterschied\">Der Unterschied zwischen Studio-Apartment, Hotelzimmer und regul\u00e4rem Apartment<\/a><\/li>\n\n\n\n<li><a href=\"#studio-suite-unterschied\">Der Unterschied zwischen einem Studio-Apartment und einer Suite<\/a><\/li>\n\n\n\n<li><a href=\"#studio-ausstattung\">Was geh\u00f6rt alles zur Ausstattung eines Studio Apartments?<\/a><\/li>\n\n\n\n<li><a href=\"#studio-vorteile\">Welche Vorteile hat ein Studio Apartment?<\/a><\/li>\n\n\n\n<li><a href=\"#studio-nachteile\">Welche Nachteile hat ein Studio Apartment?<\/a><\/li>\n<\/ul>\n\n\n\n<hr class=\"wp-block-separator has-css-opacity\"\/>\n\n\n\n<h2 class=\"wp-block-heading\"><a name=\"studio-hotel-apartment-unterschied\"><\/a>Der Unterschied zwischen Studio-Apartment, Hotelzimmer und regul\u00e4rem Apartment<\/h2>\n\n\n\n<p>Im Gegensatz zum Hotelzimmer, das als Minimum eine Schlafgelegenheit aufweisen muss, beinhaltet das Studio-Apartment au\u00dferdem eine Kochm\u00f6glichkeit, also eine Kochecke oder K\u00fcchenzeile. Im Gegensatz zum regul\u00e4ren Apartment, das aus mehreren voneinander abgetrennten R\u00e4umen besteht, ist beim Studio-Apartment der K\u00fcchenbereich nicht in einem separaten Raum untergebracht und es f\u00e4llt in der Regel fl\u00e4chenm\u00e4\u00dfig deutlich kleiner aus als ein normales Apartment. W\u00e4hrend die K\u00fcche offen im Raum untergebracht ist, befindet sich das Bad aber ein einem weiteren, geschlossenen Zimmer.<\/p>\n\n\n\n<h2 class=\"wp-block-heading\"><a name=\"studio-suite-unterschied\"><\/a>Der Unterschied zwischen einem Studio Apartment und einer Suite<\/h2>\n\n\n\n<p>Eine Suite ist eine gehobene Hotelzimmer-Kategorie, die aus mindestens einem Schlaf- und einem Wohnraum besteht, welche miteinander verbunden sind. Somit hat die Suite mindestens einen Raum mehr als das Studio-Apartment, bei dem sich Wohn- und Schlafplatz im gleichen Raum befinden. Die Suite ben\u00f6tigt aber im Gegensatz zum Studio keine Kochgelegenheit.<\/p>\n\n\n\n<h2 class=\"wp-block-heading\"><a name=\"studio-ausstattung\"><\/a>Was geh\u00f6rt alles zur Ausstattung eines Studio Apartments?<\/h2>\n\n\n\n<p>Zuallererst m\u00fcssen ein Bett, ein Sitzbereich, eine <strong>Kochm\u00f6glichkeit<\/strong> und ein abgetrenntes Bad vorhanden sein. Ansonsten kann die Ausstattung bei den verschiedenen Studio-Apartments stark variieren. Manche Apartments verf\u00fcgen zum Beispiel \u00fcber Einbauschr\u00e4nke, Flachbildfernseher sowie einen Balkon oder Wintergarten, \u00fcber ein Kingsize Bett oder einen Kamin. Der Kochbereich kann sich am Eingang im Flur oder direkt im Raum befinden.<\/p>\n\n\n\n<figure class=\"wp-block-image size-large\"><a href=\"https:\/\/www.sonnenklar.tv\/blog\/wp-content\/uploads\/2025\/02\/studio-apartment.jpg\"><img fetchpriority=\"high\" decoding=\"async\" width=\"880\" height=\"450\" src=\"https:\/\/www.sonnenklar.tv\/blog\/wp-content\/uploads\/2025\/02\/studio-apartment.jpg\" alt=\"Studio Apartment\" class=\"wp-image-34581\" srcset=\"https:\/\/www.sonnenklar.tv\/blog\/wp-content\/uploads\/2025\/02\/studio-apartment.jpg 880w, https:\/\/www.sonnenklar.tv\/blog\/wp-content\/uploads\/2025\/02\/studio-apartment-800x409.jpg 800w, https:\/\/www.sonnenklar.tv\/blog\/wp-content\/uploads\/2025\/02\/studio-apartment-120x61.jpg 120w, https:\/\/www.sonnenklar.tv\/blog\/wp-content\/uploads\/2025\/02\/studio-apartment-90x46.jpg 90w, https:\/\/www.sonnenklar.tv\/blog\/wp-content\/uploads\/2025\/02\/studio-apartment-320x164.jpg 320w, https:\/\/www.sonnenklar.tv\/blog\/wp-content\/uploads\/2025\/02\/studio-apartment-560x286.jpg 560w\" sizes=\"(max-width: 880px) 100vw, 880px\" \/><\/a><figcaption class=\"wp-element-caption\">Was ist ein Studio Apartment?<\/figcaption><\/figure>\n\n\n\n<h2 class=\"wp-block-heading\"><a name=\"studio-vorteile\"><\/a>Welche Vorteile hat ein Studio Apartment?<\/h2>\n\n\n\n<p>Das Studio Apartment bietet mehr Platz als ein Hotelzimmer und au\u00dferdem die M\u00f6glichkeit, zu kochen und sich somit selbst zu verpflegen. Hierdurch kann je nach bereistem Land und den dortigen Restaurant-Preisen einiges an Geld eingespart werden. Und auch Menschen, die eine bestimmte Di\u00e4t einhalten m\u00fcssen, sich vegan, low-carb oder glutenfrei ern\u00e4hren, haben es mit einer eigenen Kochm\u00f6glichkeit leichter.<\/p>\n\n\n\n<p>Au\u00dferdem sind die <strong>Mietkosten<\/strong> f\u00fcr ein Studio-Apartment meist niedriger als f\u00fcr Apartments mit mehreren R\u00e4umen. Befindet sich das Studio in einem Hotel, k\u00f6nnen der Pool und weitere Annehmlichkeiten des Hotels wie Fitnessstudio, Leihfahrr\u00e4der, Tiefgarage, Abendprogramm, Ausflugsangebote usw. genutzt werden, ohne f\u00fcr Verpflegungsleistungen wie Fr\u00fchst\u00fcck oder Halbpension zahlen zu m\u00fcssen. Gerade bei l\u00e4ngeren Aufenthalten kann sich das positiv aufs Budget auswirken.<\/p>\n\n\n\n<h2 class=\"wp-block-heading\"><a name=\"studio-nachteile\"><\/a>Welche Nachteile hat ein Studio Apartment?<\/h2>\n\n\n\n<p>Dadurch, dass das Studio nicht \u00fcber voneinander abgetrennte R\u00e4ume verf\u00fcgt, finden alle Aktivit\u00e4ten in der Wohnung im gleichen Raum statt, also Kochen, Schlafen, Fernsehen, \u2026 Dies kann bei l\u00e4ngeren Aufenthalten auf die Dauer etwas anstrengend werden, gerade bei Familien mit Kindern, wenn der eine lieber toben, der andere aber lieber schlafen oder ein Buch lesen will. Und auch die Essensger\u00fcche vom Kochen oder Braten k\u00f6nnen noch lange in der Luft liegen, wenn man ins Bett gehen und eigentlich nur den Duft der frischen W\u00e4sche riechen m\u00f6chte. Viele Urlauber sch\u00e4tzen es auch, in ihren Ferien nicht selbst kochen zu m\u00fcssen und stattdessen die Leistungen von Hotelk\u00fcche oder Restaurants in Anspruch zu nehmen. In diesem Fall macht ein Hotelzimmer mehr Sinn, da es g\u00fcnstiger ist und man die Kochm\u00f6glichkeit sowieso nicht ben\u00f6tigt.<\/p>\n\n\n\n<div class=\"wp-block-buttons is-horizontal is-content-justification-center is-layout-flex wp-container-core-buttons-is-layout-499968f5 wp-block-buttons-is-layout-flex\">\n<div class=\"wp-block-button\"><a class=\"wp-block-button__link wp-element-button\" href=\"https:\/\/www.sonnenklar.tv\/eigenanreise.html\" target=\"_blank\" rel=\"noreferrer noopener\">Eigenanreise Urlaub &#8211; angebote<\/a><\/div>\n<\/div>\n\n\n\n<h3 class=\"wp-block-heading\">Mehr zum Thema Unterkunft:<\/h3>\n\n\n\n<p><a href=\"https:\/\/www.sonnenklar.tv\/blog\/reiselexikon\/was-bedeuten-hotelsterne\/\" target=\"_blank\" rel=\"noreferrer noopener\">Hotelsterne<\/a>\u00a0 \u00a0 <a href=\"https:\/\/www.sonnenklar.tv\/blog\/reiselexikon\/hotel-abkuerzungen-bedeutung\/\" target=\"_blank\" rel=\"noreferrer noopener\">Hotelabk\u00fcrzungen<\/a>\u00a0\u00a0\u00a0\u00a0<a href=\"https:\/\/www.sonnenklar.tv\/blog\/reiselexikon\/aparthotel-bedeutung\/\" target=\"_blank\" rel=\"noreferrer noopener\">Aparthotel<\/a>\u00a0 \u00a0 <a href=\"https:\/\/www.sonnenklar.tv\/blog\/reiselexikon\/bungalow-bedeutung\/\" target=\"_blank\" rel=\"noreferrer noopener\">Bungalow<\/a>\u00a0 \u00a0 <a href=\"https:\/\/www.sonnenklar.tv\/blog\/reiselexikon\/finca-bedeutung\/\" target=\"_blank\" rel=\"noreferrer noopener\">Finca<\/a>\u00a0 \u00a0 <a href=\"https:\/\/www.sonnenklar.tv\/blog\/reiselexikon\/chalet-bedeutung\/\" target=\"_blank\" rel=\"noreferrer noopener\">Chalet<\/a>\u00a0 \u00a0\u00a0<a href=\"https:\/\/www.sonnenklar.tv\/blog\/reiselexikon\/riad-bedeutung\/\" target=\"_blank\" rel=\"noreferrer noopener\">Riad<\/a>\u00a0 \u00a0\u00a0<a href=\"https:\/\/www.sonnenklar.tv\/blog\/reiselexikon\/bed-and-breakfast-bedeutung\/\" target=\"_blank\" rel=\"noreferrer noopener\">Bed &amp; Breakfast<\/a>\u00a0 \u00a0 <a href=\"https:\/\/www.sonnenklar.tv\/blog\/reiselexikon\/erwachsenenhotel-bedeutung\/\" target=\"_blank\" rel=\"noreferrer noopener\">Erwachsenenhotel<\/a>\u00a0 \u00a0 <a href=\"https:\/\/www.sonnenklar.tv\/blog\/reiselexikon\/biohotel-bedeutung\/\" target=\"_blank\" rel=\"noreferrer noopener\">Biohotel<\/a>\u00a0 \u00a0 <a href=\"https:\/\/www.sonnenklar.tv\/blog\/reiselexikon\/vital-hotel-bedeutung\/\" target=\"_blank\" rel=\"noreferrer noopener\">Vital Hotel<\/a>\u00a0 \u00a0\u00a0<a href=\"https:\/\/www.sonnenklar.tv\/blog\/reiselexikon\/glueckshotel-bedeutung\/\" target=\"_blank\" rel=\"noreferrer noopener\">Gl\u00fcckshotel<\/a>\u00a0 \u00a0 <a href=\"https:\/\/www.sonnenklar.tv\/blog\/reiselexikon\/resort-bedeutung\/\" target=\"_blank\" rel=\"noreferrer noopener\">Resort<\/a>\u00a0 \u00a0 <a href=\"https:\/\/www.sonnenklar.tv\/blog\/reiselexikon\/mobilheim-bedeutung\/\" target=\"_blank\" rel=\"noreferrer noopener\">Mobilheim<\/a>\u00a0 \u00a0 <a href=\"https:\/\/www.sonnenklar.tv\/blog\/reiselexikon\/pension-hotel-bedeutung\/\" target=\"_blank\" rel=\"noreferrer noopener\">Pension<\/a>\u00a0 \u00a0 <a href=\"https:\/\/www.sonnenklar.tv\/blog\/reiselexikon\/hotel-garni-bedeutung\/\" target=\"_blank\" rel=\"noreferrer noopener\">Hotel Garni<\/a>\u00a0 \u00a0\u00a0<a href=\"https:\/\/www.sonnenklar.tv\/blog\/reiselexikon\/doppelzimmer-bedeutung\/\" target=\"_blank\" rel=\"noreferrer noopener\">Doppelzimmer<\/a>\u00a0 \u00a0\u00a0<a href=\"https:\/\/www.sonnenklar.tv\/blog\/reiselexikon\/familienzimmer-bedeutung\/\" target=\"_blank\" rel=\"noreferrer noopener\">Familienzimmer<\/a>\u00a0 \u00a0 <a href=\"https:\/\/www.sonnenklar.tv\/blog\/reiselexikon\/sparzimmer-bedeutung\/\" target=\"_blank\" rel=\"noreferrer noopener\">Sparzimmer<\/a>\u00a0 \u00a0 <a href=\"https:\/\/www.sonnenklar.tv\/blog\/reiselexikon\/boutique-hotel-bedeutung\/\" target=\"_blank\" rel=\"noreferrer noopener\">Boutique Hotel<\/a>\u00a0\u00a0\u00a0 <a href=\"https:\/\/www.sonnenklar.tv\/blog\/reiselexikon\/suite-bedeutung\/\" target=\"_blank\" rel=\"noreferrer noopener\">Suite<\/a>\u00a0 \u00a0 <a href=\"https:\/\/www.sonnenklar.tv\/blog\/reiselexikon\/biohotel-bedeutung\/\" target=\"_blank\" rel=\"noreferrer noopener\">Biohotel<\/a>\u00a0 \u00a0 \u00a0<a href=\"https:\/\/www.sonnenklar.tv\/blog\/reiselexikon\/kabine-bedeutung\/\" target=\"_blank\" rel=\"noreferrer noopener\">Kabine<\/a>\u00a0 \u00a0 <a href=\"https:\/\/www.sonnenklar.tv\/blog\/reiselexikon\/superiorzimmer-bedeutung\/\" target=\"_blank\" rel=\"noreferrer noopener\">Superiorzimmer<\/a>\u00a0 \u00a0 <a href=\"https:\/\/www.sonnenklar.tv\/blog\/boardinghouse-bedeutung\/\" target=\"_blank\" rel=\"noreferrer noopener\">Boardinghouse<\/a>\u00a0 \u00a0 <a href=\"https:\/\/www.sonnenklar.tv\/blog\/reiselexikon\/ryokan-bedeutung\/\" target=\"_blank\" rel=\"noreferrer noopener\">Ryokan<\/a><\/p>\n\n\n\n<p><a href=\"https:\/\/www.sonnenklar.tv\/blog\/reiselexikon\/\">&lt;&lt; Zur\u00fcck zum Reiselexikon<\/a><\/p>\n","protected":false},"excerpt":{"rendered":"<p>Hotelzimmer, Suite, Apartment oder Studio \u2013 in der Hotellerie findet man viele Begriffe zu den verschiedenen Unterkunftsarten, die man oft nicht so richtig erkl\u00e4ren kann. Was genau ist eigentlich ein Studio-Apartment, worin besteht der Unterschied zum Hotelzimmer oder zur Suite und welche Vor- und Nachtteile hat es? Hier erfahrt ihr alles Wissenswerte. Inhaltsverzeichnis Der Unterschied<\/p>\n","protected":false},"author":3,"featured_media":0,"parent":6051,"menu_order":0,"comment_status":"closed","ping_status":"closed","template":"","meta":{"footnotes":""},"class_list":["post-7158","page","type-page","status-publish"],"_links":{"self":[{"href":"https:\/\/www.sonnenklar.tv\/blog\/wp-json\/wp\/v2\/pages\/7158","targetHints":{"allow":["GET"]}}],"collection":[{"href":"https:\/\/www.sonnenklar.tv\/blog\/wp-json\/wp\/v2\/pages"}],"about":[{"href":"https:\/\/www.sonnenklar.tv\/blog\/wp-json\/wp\/v2\/types\/page"}],"author":[{"embeddable":true,"href":"https:\/\/www.sonnenklar.tv\/blog\/wp-json\/wp\/v2\/users\/3"}],"replies":[{"embeddable":true,"href":"https:\/\/www.sonnenklar.tv\/blog\/wp-json\/wp\/v2\/comments?post=7158"}],"version-history":[{"count":12,"href":"https:\/\/www.sonnenklar.tv\/blog\/wp-json\/wp\/v2\/pages\/7158\/revisions"}],"predecessor-version":[{"id":37604,"href":"https:\/\/www.sonnenklar.tv\/blog\/wp-json\/wp\/v2\/pages\/7158\/revisions\/37604"}],"up":[{"embeddable":true,"href":"https:\/\/www.sonnenklar.tv\/blog\/wp-json\/wp\/v2\/pages\/6051"}],"wp:attachment":[{"href":"https:\/\/www.sonnenklar.tv\/blog\/wp-json\/wp\/v2\/media?parent=7158"}],"curies":[{"name":"wp","href":"https:\/\/api.w.org\/{rel}","templated":true}]}}