{"id":7128,"date":"2018-06-15T14:54:04","date_gmt":"2018-06-15T12:54:04","guid":{"rendered":"https:\/\/www.sonnenklar.tv\/blog\/?page_id=7128"},"modified":"2025-12-12T15:29:20","modified_gmt":"2025-12-12T14:29:20","slug":"boutique-hotel-bedeutung","status":"publish","type":"page","link":"https:\/\/www.sonnenklar.tv\/blog\/reiselexikon\/boutique-hotel-bedeutung\/","title":{"rendered":"Was ist ein Boutique Hotel?"},"content":{"rendered":"\n<p><strong>Ihr m\u00f6chtet einen luxuri\u00f6sen Urlaub verleben und es euch so richtig gut gehen lassen? Dann solltet ihr \u00fcber die Unterbringung in einem Boutique Hotel nachdenken. Es handelt sich meist um kleine und teilweise famili\u00e4r gef\u00fchrte Anwesen, in denen ihr ganz in Ruhe entspannen k\u00f6nnt.<\/strong><\/p>\n\n\n\n<hr class=\"wp-block-separator has-css-opacity\"\/>\n\n\n\n<p><strong>Inhaltsverzeichnis<\/strong><\/p>\n\n\n\n<ul class=\"wp-block-list\">\n<li><a href=\"#boutique-hotel-bedeutung\">Was zeichnet ein Boutique Hotel aus?<\/a><\/li>\n\n\n\n<li><a href=\"#boutique-hotel-ausstattung\">Was erwartet euch in einem Boutique Hotel?<\/a><\/li>\n\n\n\n<li><a href=\"#boutique-hotel-vorteile\">Die Vorteile eines Boutique Hotels<\/a><\/li>\n\n\n\n<li><a href=\"#boutique-hotel-designhotel-unterschied\">Boutique Hotel oder Designhotel?<\/a><\/li>\n<\/ul>\n\n\n\n<hr class=\"wp-block-separator has-css-opacity\"\/>\n\n\n\n<h2 class=\"wp-block-heading\"><a name=\"boutique-hotel-bedeutung\"><\/a>Was zeichnet ein Boutique Hotel aus?<\/h2>\n\n\n\n<p>Die Besonderheit eines Boutique Hotels ist die gem\u00fctliche, ja beinahe famili\u00e4re Atmosph\u00e4re. Wenn ihr also keine \u00fcberlaufenen Hotels mit Hunderten anderer Hotelg\u00e4ste m\u00f6gt, seid ihr in einem solchen Boutique Hotel gut aufgehoben. Der Begriff des Boutique Hotels stammt urspr\u00fcnglich aus den USA. Mittlerweile gibt es diese Art von Hotels jedoch \u00fcberall auf der Welt. Nicht nur das intime Ambiente zeichnet das Boutique Hotel aus, auch weisen die Anwesen in punkto Dekoration ein ganz besonderes Ambiente vor.<\/p>\n\n\n\n<div class=\"wp-block-buttons is-horizontal is-content-justification-center is-layout-flex wp-container-core-buttons-is-layout-499968f5 wp-block-buttons-is-layout-flex\">\n<div class=\"wp-block-button\"><a class=\"wp-block-button__link wp-element-button\" href=\"https:\/\/www.sonnenklar.tv\/promo\/boutique-hotels.html\" target=\"_blank\" rel=\"noreferrer noopener\">Boutique Hotels &#8211; zu den angeboten<\/a><\/div>\n<\/div>\n\n\n\n<p><strong>Hier einmal eine kurze \u00dcbersicht, was ihr in einem Boutique Hotel erwarten k\u00f6nnt:<\/strong><\/p>\n\n\n\n<ul class=\"wp-block-list\">\n<li>pers\u00f6nlicher und individueller Service<\/li>\n\n\n\n<li>eher kleines Hotel mit nur wenigen Zimmern<\/li>\n\n\n\n<li>h\u00e4ufig privat gef\u00fchrt<\/li>\n\n\n\n<li>meist ungew\u00f6hnliches Design und Architektur<\/li>\n\n\n\n<li>Boutique Hotels geh\u00f6ren keiner gro\u00dfen Hotelkette an<\/li>\n<\/ul>\n\n\n\n<figure class=\"wp-block-image size-large\"><a href=\"https:\/\/www.sonnenklar.tv\/blog\/wp-content\/uploads\/2019\/08\/traumreiseziele-seasense-boutique-hotel-zimmer.jpg\"><img fetchpriority=\"high\" decoding=\"async\" width=\"880\" height=\"500\" src=\"https:\/\/www.sonnenklar.tv\/blog\/wp-content\/uploads\/2019\/08\/traumreiseziele-seasense-boutique-hotel-zimmer.jpg\" alt=\"Zimmer im Seasense Boutique Hotel &amp; Spa,\" class=\"wp-image-13207\" srcset=\"https:\/\/www.sonnenklar.tv\/blog\/wp-content\/uploads\/2019\/08\/traumreiseziele-seasense-boutique-hotel-zimmer.jpg 880w, https:\/\/www.sonnenklar.tv\/blog\/wp-content\/uploads\/2019\/08\/traumreiseziele-seasense-boutique-hotel-zimmer-300x170.jpg 300w, https:\/\/www.sonnenklar.tv\/blog\/wp-content\/uploads\/2019\/08\/traumreiseziele-seasense-boutique-hotel-zimmer-768x436.jpg 768w\" sizes=\"(max-width: 880px) 100vw, 880px\" \/><\/a><figcaption class=\"wp-element-caption\">So k\u00f6nnte euer Zimmer im Boutique Hotel aussehen<\/figcaption><\/figure>\n\n\n\n<h2 class=\"wp-block-heading\"><a name=\"boutique-hotel-ausstattung\"><\/a>Was erwartet euch in einem Boutique Hotel?<\/h2>\n\n\n\n<p>Mittlerweile gibt es weltweit mehrere tausend Boutique Hotels, so dass f\u00fcr jeden Geschmack das passende Anwesen dabei sein d\u00fcrfte. Neben luxuri\u00f6sen 5-Sterne Boutique Hotels (laut Landeskategorie) gibt es auch Low Budget Hotels f\u00fcr den kleineren Geldbeutel. Selbst Gesch\u00e4ftsreisende k\u00f6nnen in einem Boutique Hotel \u00fcbernachten, denn viele sind mittlerweile mit Tagungs- und Konferenzr\u00e4umen ausgestattet.<\/p>\n\n\n\n<p>Der Begriff Boutique Hotel ist unabh\u00e4ngig von der Sterneklassifizierung. Meist handelt es sich bei dieser Art Hotel jedoch um ein <strong>4- oder gar 5-Sterne-Hotel<\/strong> (laut Landeskategorie). Allen Anwesen gemeinsam ist, dass gr\u00f6\u00dfter Wert auf <strong>Einzigartigkeit<\/strong> gelegt wird. Dies bedeutet jedoch nicht, dass ihr auf zeitgem\u00e4\u00dfen Standard und technische Raffinessen verzichten m\u00fcsst. Nicht selten sind die Boutique Hotels mit einem Wellnessbereich oder Pool ausgestattet.<\/p>\n\n\n\n<p>Nur auf sonnenklar.TV: <a href=\"https:\/\/www.sonnenklar.tv\/promo\/boutique-hotels.html?utm_source=boutique-hotels-bedeutung&amp;utm_medium=textlink&amp;utm_campaign=lexikon\">die besten Boutique Hotels in Deutschland, \u00d6sterreich und der Schweiz<\/a>.<\/p>\n\n\n\n<h2 class=\"wp-block-heading\"><a name=\"boutique-hotel-vorteile\"><\/a>Die Vorteile eines Boutique Hotels<\/h2>\n\n\n\n<p>Boutique Hotels heben sich von der breiten Masse ab; hier ist der Gast definitiv K\u00f6nig. Doch nicht nur die pers\u00f6nliche Betreuung wei\u00df in dieser Art Hotel zu begeistern. Hier k\u00f6nnt ihr etwas mehr Luxus als in einem gew\u00f6hnlichen Hotel erwarten. Viele der Boutique Hotels befinden sich zudem in denkmalgesch\u00fctzten Bauten; h\u00e4ufig sind die Hotels auch <strong>nach einem bestimmten Thema eingerichtet<\/strong>.<\/p>\n\n\n\n<p>M\u00f6chtet ihr in einem Schloss oder einem Fachwerkhaus \u00fcbernachten? Dann solltet ihr euch f\u00fcr ein Boutique Hotel entscheiden. Oft befinden sich solche Boutique Hotels in landschaftlich reizvoller Lage inmitten herrlicher Natur, es gibt jedoch auch immer mehr Boutique Hotels mitten in der City. Diese befinden sich meist in einem angesagten Szeneviertelt. So k\u00f6nnt ihr euren n\u00e4chsten&nbsp;St\u00e4dtetrip exklusiver gestalten und in einem Boutique Hotel \u00fcbernachten.<\/p>\n\n\n\n<figure class=\"wp-block-image size-full\"><a href=\"https:\/\/www.sonnenklar.tv\/blog\/wp-content\/uploads\/2025\/03\/boutique-hotel-bedeutung.jpg\"><img decoding=\"async\" width=\"880\" height=\"450\" src=\"https:\/\/www.sonnenklar.tv\/blog\/wp-content\/uploads\/2025\/03\/boutique-hotel-bedeutung.jpg\" alt=\"Boutique Hotel Bedeutung: Hotelbett\" class=\"wp-image-34843\" srcset=\"https:\/\/www.sonnenklar.tv\/blog\/wp-content\/uploads\/2025\/03\/boutique-hotel-bedeutung.jpg 880w, https:\/\/www.sonnenklar.tv\/blog\/wp-content\/uploads\/2025\/03\/boutique-hotel-bedeutung-800x409.jpg 800w, https:\/\/www.sonnenklar.tv\/blog\/wp-content\/uploads\/2025\/03\/boutique-hotel-bedeutung-18x9.jpg 18w, https:\/\/www.sonnenklar.tv\/blog\/wp-content\/uploads\/2025\/03\/boutique-hotel-bedeutung-120x61.jpg 120w, https:\/\/www.sonnenklar.tv\/blog\/wp-content\/uploads\/2025\/03\/boutique-hotel-bedeutung-90x46.jpg 90w, https:\/\/www.sonnenklar.tv\/blog\/wp-content\/uploads\/2025\/03\/boutique-hotel-bedeutung-320x164.jpg 320w, https:\/\/www.sonnenklar.tv\/blog\/wp-content\/uploads\/2025\/03\/boutique-hotel-bedeutung-560x286.jpg 560w\" sizes=\"(max-width: 880px) 100vw, 880px\" \/><\/a><figcaption class=\"wp-element-caption\">Was ist ein Boutique Hotel?<\/figcaption><\/figure>\n\n\n\n<h2 class=\"wp-block-heading\"><a name=\"boutique-hotel-designhotel-unterschied\"><\/a>Boutique Hotel oder Designhotel?<\/h2>\n\n\n\n<p>\u00c4hnlich wie das Designhotel punktet auch das Boutique Hotel mit einer au\u00dfergew\u00f6hnlichen Ausstattung und einem besonders geschmackvollen Interieur. W\u00e4hrend das Designhotel aber eher gr\u00f6\u00dfer ist, hat ein Boutique Hotel selten mehr als 100 Zimmer. Plant ihr also einen besonderen Urlaub, seid ihr in dieser Art Hotel bestens aufgehoben.<\/p>\n\n\n\n<div class=\"wp-block-buttons is-horizontal is-content-justification-center is-layout-flex wp-container-core-buttons-is-layout-499968f5 wp-block-buttons-is-layout-flex\">\n<div class=\"wp-block-button\"><a class=\"wp-block-button__link wp-element-button\" href=\"https:\/\/www.sonnenklar.tv\/promo\/boutique-hotels.html\" target=\"_blank\" rel=\"noreferrer noopener\">Boutique Hotels &#8211; zu den angeboten<\/a><\/div>\n<\/div>\n\n\n\n<h3 class=\"wp-block-heading\">Mehr zum Thema Unterkunft:<\/h3>\n\n\n\n<p><a href=\"https:\/\/www.sonnenklar.tv\/blog\/reiselexikon\/was-bedeuten-hotelsterne\/\">Hotelsterne<\/a>\u00a0 \u00a0 <a href=\"https:\/\/www.sonnenklar.tv\/blog\/reiselexikon\/hotel-abkuerzungen-bedeutung\/\">Hotelabk\u00fcrzungen<\/a>\u00a0\u00a0\u00a0\u00a0<a href=\"https:\/\/www.sonnenklar.tv\/blog\/reiselexikon\/bed-and-breakfast-bedeutung\/\">Bed &amp; Breakfast<\/a>\u00a0 \u00a0 <a href=\"https:\/\/www.sonnenklar.tv\/blog\/reiselexikon\/bungalow-bedeutung\/\">Bungalow<\/a>\u00a0 \u00a0 <a href=\"https:\/\/www.sonnenklar.tv\/blog\/reiselexikon\/finca-bedeutung\/\">Finca<\/a>\u00a0 \u00a0 <a href=\"https:\/\/www.sonnenklar.tv\/blog\/reiselexikon\/chalet-bedeutung\/\">Chalet<\/a>\u00a0 \u00a0\u00a0<a href=\"https:\/\/www.sonnenklar.tv\/blog\/reiselexikon\/riad-bedeutung\/\">Riad<\/a>\u00a0 \u00a0 <a href=\"https:\/\/www.sonnenklar.tv\/blog\/reiselexikon\/hostel-bedeutung\/\">Hostel<\/a>\u00a0 \u00a0 <a href=\"https:\/\/www.sonnenklar.tv\/blog\/reiselexikon\/erwachsenenhotel-bedeutung\/\">Erwachsenenhotel<\/a>\u00a0 \u00a0 <a href=\"https:\/\/www.sonnenklar.tv\/blog\/reiselexikon\/aparthotel-bedeutung\/\">Aparthotel<\/a>\u00a0 \u00a0 <a href=\"https:\/\/www.sonnenklar.tv\/blog\/reiselexikon\/vital-hotel-bedeutung\/\">Vital Hotel<\/a>\u00a0 \u00a0\u00a0<a href=\"https:\/\/www.sonnenklar.tv\/blog\/reiselexikon\/glueckshotel-bedeutung\/\">Gl\u00fcckshotel<\/a>\u00a0 \u00a0 <a href=\"https:\/\/www.sonnenklar.tv\/blog\/reiselexikon\/resort-bedeutung\/\">Resort<\/a>\u00a0 \u00a0 <a href=\"https:\/\/www.sonnenklar.tv\/blog\/reiselexikon\/mobilheim-bedeutung\/\">Mobilheim<\/a>\u00a0 \u00a0 <a href=\"https:\/\/www.sonnenklar.tv\/blog\/reiselexikon\/pension-hotel-bedeutung\/\">Pension<\/a>\u00a0 \u00a0 <a href=\"https:\/\/www.sonnenklar.tv\/blog\/reiselexikon\/hotel-garni-bedeutung\/\">Hotel Garni<\/a>\u00a0 \u00a0\u00a0<a href=\"https:\/\/www.sonnenklar.tv\/blog\/reiselexikon\/doppelzimmer-bedeutung\/\">Doppelzimmer<\/a>\u00a0 \u00a0\u00a0<a href=\"https:\/\/www.sonnenklar.tv\/blog\/reiselexikon\/familienzimmer-bedeutung\/\">Familienzimmer<\/a>\u00a0 \u00a0 <a href=\"https:\/\/www.sonnenklar.tv\/blog\/reiselexikon\/sparzimmer-bedeutung\/\">Sparzimmer<\/a>\u00a0 \u00a0 <a href=\"https:\/\/www.sonnenklar.tv\/blog\/reiselexikon\/biohotel-bedeutung\/\">Biohotel<\/a>\u00a0 \u00a0\u00a0<a href=\"https:\/\/www.sonnenklar.tv\/blog\/reiselexikon\/suite-bedeutung\/\">Suite<\/a>\u00a0 \u00a0 <a href=\"https:\/\/www.sonnenklar.tv\/blog\/reiselexikon\/studio-apartment-bedeutung\/\">Studio Apartment<\/a> \u00a0 \u00a0 <a href=\"https:\/\/www.sonnenklar.tv\/blog\/reiselexikon\/kabine-bedeutung\/\">Kabine<\/a>\u00a0 \u00a0 <a href=\"https:\/\/www.sonnenklar.tv\/blog\/reiselexikon\/superiorzimmer-bedeutung\/\">Superiorzimmer<\/a>\u00a0 \u00a0 <a href=\"https:\/\/www.sonnenklar.tv\/blog\/boardinghouse-bedeutung\/\">Boardinghouse<\/a>\u00a0 \u00a0 <a href=\"https:\/\/www.sonnenklar.tv\/blog\/reiselexikon\/ryokan-bedeutung\/\">Ryokan<\/a><\/p>\n\n\n\n<p><a href=\"https:\/\/www.sonnenklar.tv\/blog\/reiselexikon\/\">&lt;&lt; Zur\u00fcck zum Reiselexikon<\/a><\/p>\n","protected":false},"excerpt":{"rendered":"<p>Ihr m\u00f6chtet einen luxuri\u00f6sen Urlaub verleben und es euch so richtig gut gehen lassen? Dann solltet ihr \u00fcber die Unterbringung in einem Boutique Hotel nachdenken. Es handelt sich meist um kleine und teilweise famili\u00e4r gef\u00fchrte Anwesen, in denen ihr ganz in Ruhe entspannen k\u00f6nnt. Inhaltsverzeichnis Was zeichnet ein Boutique Hotel aus? Die Besonderheit eines Boutique<\/p>\n","protected":false},"author":3,"featured_media":0,"parent":6051,"menu_order":0,"comment_status":"closed","ping_status":"closed","template":"","meta":{"footnotes":""},"class_list":["post-7128","page","type-page","status-publish"],"_links":{"self":[{"href":"https:\/\/www.sonnenklar.tv\/blog\/wp-json\/wp\/v2\/pages\/7128","targetHints":{"allow":["GET"]}}],"collection":[{"href":"https:\/\/www.sonnenklar.tv\/blog\/wp-json\/wp\/v2\/pages"}],"about":[{"href":"https:\/\/www.sonnenklar.tv\/blog\/wp-json\/wp\/v2\/types\/page"}],"author":[{"embeddable":true,"href":"https:\/\/www.sonnenklar.tv\/blog\/wp-json\/wp\/v2\/users\/3"}],"replies":[{"embeddable":true,"href":"https:\/\/www.sonnenklar.tv\/blog\/wp-json\/wp\/v2\/comments?post=7128"}],"version-history":[{"count":27,"href":"https:\/\/www.sonnenklar.tv\/blog\/wp-json\/wp\/v2\/pages\/7128\/revisions"}],"predecessor-version":[{"id":37560,"href":"https:\/\/www.sonnenklar.tv\/blog\/wp-json\/wp\/v2\/pages\/7128\/revisions\/37560"}],"up":[{"embeddable":true,"href":"https:\/\/www.sonnenklar.tv\/blog\/wp-json\/wp\/v2\/pages\/6051"}],"wp:attachment":[{"href":"https:\/\/www.sonnenklar.tv\/blog\/wp-json\/wp\/v2\/media?parent=7128"}],"curies":[{"name":"wp","href":"https:\/\/api.w.org\/{rel}","templated":true}]}}