{"id":7104,"date":"2018-06-15T13:39:02","date_gmt":"2018-06-15T11:39:02","guid":{"rendered":"https:\/\/www.sonnenklar.tv\/blog\/?page_id=7104"},"modified":"2025-12-12T15:34:45","modified_gmt":"2025-12-12T14:34:45","slug":"doppelzimmer-bedeutung","status":"publish","type":"page","link":"https:\/\/www.sonnenklar.tv\/blog\/reiselexikon\/doppelzimmer-bedeutung\/","title":{"rendered":"Was ist ein Doppelzimmer eigentlich?"},"content":{"rendered":"\n<p><strong>Laut der aktuellen offiziellen Definition des \u201eDeutschen Hotel- und Gastst\u00e4ttenverbandes (DEHOGA)\u201c ist ein Doppelzimmer ein Zimmer in einem Hotel oder einer Pension, in dem sich Schlafgelegenheiten f\u00fcr zwei Personen befinden. Hierbei kann es sich entweder um ein Doppelbett (\u201eKingsize\u201c) oder zwei Einzelbetten (\u201eTwin\u201c) handeln.<\/strong><\/p>\n\n\n\n<hr class=\"wp-block-separator has-css-opacity\"\/>\n\n\n\n<p><strong>Inhaltsverzeichnis<\/strong><\/p>\n\n\n\n<ul class=\"wp-block-list\">\n<li><a href=\"#doppelzimmer-bedeutung\">Was bedeutet Doppelzimmer?<\/a><\/li>\n\n\n\n<li><a href=\"#doppelzimmer-zimmerausstattung\">Welche Zimmerausstattung hat ein Doppelzimmer?<\/a><\/li>\n\n\n\n<li><a href=\"#doppelzimmer-mehrbettzimmer\">Was ist der Unterschied zwischen einem Doppelzimmer und Mehrbettzimmer?<\/a><\/li>\n\n\n\n<li><a href=\"#doppelzimmer-vorteile\">Welche Vorteile hat ein Doppelzimmer?<\/a><\/li>\n\n\n\n<li><a href=\"#doppelzimmer-geeignet\">F\u00fcr wen ist ein Doppelzimmer geeignet?<\/a><\/li>\n\n\n\n<li><a href=\"#doppelzimmer-fuer-alleinreisende\">Eignet sich ein Doppelzimmer f\u00fcr Alleinreisende?<\/a><\/li>\n\n\n\n<li><a href=\"#doppelzimmer-buchen\">Was gilt es zu beachten?<\/a><\/li>\n<\/ul>\n\n\n\n<hr class=\"wp-block-separator has-css-opacity\"\/>\n\n\n\n<h2 class=\"wp-block-heading\"><a name=\"doppelzimmer-bedeutung\"><\/a>Was bedeutet Doppelzimmer?<\/h2>\n\n\n\n<p>In Deutschland lautet die \u00fcbliche Abk\u00fcrzung f\u00fcr Doppelzimmer in Katalogen und\/oder auf Internetseiten \u201eDZ\u201c, international ist auch das K\u00fcrzel \u201eDBL\u201c gebr\u00e4uchlich. In manchen Beherbergungsbetrieben werden zus\u00e4tzlich sog. Doppelzimmer zur Alleinbenutzung als \u201eDZA\u201c angeboten. Hierbei handelt es sich in der Regel um einfacher bzw. weniger luxuri\u00f6s ausgestattete Zimmer. Ebenfalls erh\u00e4ltlich sind gelegentlich \u201ehalbe Doppelzimmer\u201c, in denen sich zwei Alleinreisende ein Zimmer teilen. Je nach genauer Ausstattung und Preisstruktur gibt es Doppelzimmer auch mit den Zus\u00e4tzen:<\/p>\n\n\n\n<ul class=\"wp-block-list\">\n<li>Best Price<\/li>\n\n\n\n<li>Deluxe<\/li>\n\n\n\n<li>Economy<\/li>\n\n\n\n<li>Komfort<\/li>\n\n\n\n<li>Promo<\/li>\n\n\n\n<li>Premium<\/li>\n\n\n\n<li>Spar<\/li>\n\n\n\n<li>Superior<\/li>\n<\/ul>\n\n\n\n<p>Hierf\u00fcr gibt es jedoch keine verbindlichen Regeln, jedes Hotel handhabt diese Bezeichnungen anders.<\/p>\n\n\n\n<h2 class=\"wp-block-heading\"><a name=\"doppelzimmer-zimmerausstattung\"><\/a>Welche Zimmerausstattung hat ein Doppelzimmer?<\/h2>\n\n\n\n<p>Das einzig verbindliche Ausstattungsmerkmal eines Doppelzimmers ist letztlich nur die Schlafm\u00f6glichkeit f\u00fcr zwei Personen. Dar\u00fcber hinaus richtet sich die Ausstattung nach den Kriterien der Sterne-Klassifizierung der jeweiligen Unterkunft. Als Faustregel gilt, dass Doppelzimmer in Pensionen meist einfacher ausgestattet sind als in Hotels. Die Anzahl der Sterne entscheidet auch \u00fcber die genaue Gr\u00f6\u00dfe der Zimmer, Art und Anzahl der Sitzgelegenheiten und die Beschaffenheit des Bades.<\/p>\n\n\n\n<p><strong style=\"font-size: 16px;\">Gem\u00e4\u00df der Richtlinien der DEHOGA betr\u00e4gt die Mindestgr\u00f6\u00dfe von Doppelzimmern in Deutschland:<\/strong><\/p>\n\n\n\n<ul class=\"wp-block-list\">\n<li>bei 1 Stern 12 m\u00b2<\/li>\n\n\n\n<li>bei 2 Sternen 16 m\u00b2<\/li>\n\n\n\n<li>bei 3 Sternen 18 m\u00b2<\/li>\n\n\n\n<li>bei 4 Sternen 22 m\u00b2<\/li>\n\n\n\n<li>bei 5 Sternen 26 m\u00b2<\/li>\n<\/ul>\n\n\n\n<p>(jeweils ohne Fl\u00e4che des Bades).<\/p>\n\n\n\n<figure class=\"wp-block-image size-full\"><a href=\"https:\/\/www.sonnenklar.tv\/blog\/wp-content\/uploads\/2025\/03\/doppelzimmer-bedeutung.jpg\"><img fetchpriority=\"high\" decoding=\"async\" width=\"880\" height=\"450\" src=\"https:\/\/www.sonnenklar.tv\/blog\/wp-content\/uploads\/2025\/03\/doppelzimmer-bedeutung.jpg\" alt=\"Doppelzimmer Bedeutung - Bild von einem Hotelzimmer\" class=\"wp-image-34763\" srcset=\"https:\/\/www.sonnenklar.tv\/blog\/wp-content\/uploads\/2025\/03\/doppelzimmer-bedeutung.jpg 880w, https:\/\/www.sonnenklar.tv\/blog\/wp-content\/uploads\/2025\/03\/doppelzimmer-bedeutung-800x409.jpg 800w, https:\/\/www.sonnenklar.tv\/blog\/wp-content\/uploads\/2025\/03\/doppelzimmer-bedeutung-18x9.jpg 18w, https:\/\/www.sonnenklar.tv\/blog\/wp-content\/uploads\/2025\/03\/doppelzimmer-bedeutung-120x61.jpg 120w, https:\/\/www.sonnenklar.tv\/blog\/wp-content\/uploads\/2025\/03\/doppelzimmer-bedeutung-90x46.jpg 90w, https:\/\/www.sonnenklar.tv\/blog\/wp-content\/uploads\/2025\/03\/doppelzimmer-bedeutung-320x164.jpg 320w, https:\/\/www.sonnenklar.tv\/blog\/wp-content\/uploads\/2025\/03\/doppelzimmer-bedeutung-560x286.jpg 560w\" sizes=\"(max-width: 880px) 100vw, 880px\" \/><\/a><figcaption class=\"wp-element-caption\">Was ist ein Doppelzimmer?<\/figcaption><\/figure>\n\n\n\n<h2 class=\"wp-block-heading\"><a name=\"doppelzimmer-mehrbettzimmer\"><\/a>Was ist der Unterschied zwischen einem Doppelzimmer und Mehrbettzimmer?<\/h2>\n\n\n\n<p>Der \u201eDeutsche Tourismusverband (DTV)\u201c definiert ein Mehrbettzimmer als ein Zimmer mit Schlafgelegenheiten f\u00fcr drei oder mehr Personen. In Abgrenzung zu Doppelzimmern, in denen meist eine maximale Belegung von zwei Erwachsenen und zwei Kindern bis zu einem bestimmten Alter gilt, gibt es auch sog. \u201eFamilienzimmer\u201c mit r\u00e4umlich getrenntem Schlafzimmer f\u00fcr die Kinder. In manchen Hotels werden Familienzimmer allerdings auch als Mehrbettzimmer mit drei oder vier Betten ausgewiesen.<\/p>\n\n\n\n<h2 class=\"wp-block-heading\"><a name=\"doppelzimmer-vorteile\"><\/a>Welche Vorteile hat ein Doppelzimmer?<\/h2>\n\n\n\n<p>Die Preise f\u00fcr ein Doppelzimmer liegen in den meisten Hotels in der Relation oftmals unter denen f\u00fcr ein Einzelzimmer. Somit lohnt es sich mitunter, dass gemeinsam Reisende zusammen ein Doppelzimmer nutzen. Handelt es sich hierbei nicht um Paare oder Familien, sondern zum Beispiel um Freunde, werden hierf\u00fcr meist Doppelzimmer mit getrennten Betten bevorzugt.<\/p>\n\n\n\n<div class=\"wp-block-buttons is-horizontal is-content-justification-center is-layout-flex wp-container-core-buttons-is-layout-499968f5 wp-block-buttons-is-layout-flex\">\n<div class=\"wp-block-button\"><a class=\"wp-block-button__link wp-element-button\" href=\"https:\/\/www.sonnenklar.tv\/hotel.html\" target=\"_blank\" rel=\"noreferrer noopener\">Zu den hotelangeboten<\/a><\/div>\n<\/div>\n\n\n\n<h2 class=\"wp-block-heading\"><a name=\"doppelzimmer-geeignet\"><\/a>F\u00fcr wen ist ein Doppelzimmer geeignet?<\/h2>\n\n\n\n<p>Doppelzimmer eignen sich grunds\u00e4tzlich f\u00fcr fast alle gemeinsam Reisende. Meist sind Doppelzimmer f\u00fcr zwei G\u00e4ste ausgelegt, k\u00f6nnen jedoch gerade bei Nutzung durch Familien mit Kindern mit bis zu vier Personen belegt werden.<\/p>\n\n\n\n<h2 class=\"wp-block-heading\"><a name=\"doppelzimmer-fuer-alleinreisende\"><\/a>Eignet sich ein Doppelzimmer f\u00fcr Alleinreisende?<\/h2>\n\n\n\n<p>In den meisten deutschen Hotels und Pensionen stehen Doppelzimmer auf Wunsch auch Alleinreisenden zur Verf\u00fcgung. Einschr\u00e4nkungen sind jedoch in der stark nachgefragten Hauptsaison sowie zu bestimmten Daten wie etwa Weihnachten und Silvester m\u00f6glich. \u00dcber die exakten diesbez\u00fcglichen hausinternen Regeln und Bestimmungen informieren sich G\u00e4ste m\u00f6glichst rechtzeitig vor Reiseantritt und Ankunft. Es ist auch zu beachten, dass es in diesem Fall extra Geb\u00fchren wie <a href=\"https:\/\/www.sonnenklar.tv\/blog\/reiselexikon\/einzelzimmerzuschlag-bedeutung\/\">Einzelzimmerzuschlag<\/a> anfallen k\u00f6nnen.<\/p>\n\n\n\n<div class=\"wp-block-buttons is-horizontal is-content-justification-center is-layout-flex wp-container-core-buttons-is-layout-499968f5 wp-block-buttons-is-layout-flex\">\n<div class=\"wp-block-button\"><a class=\"wp-block-button__link wp-element-button\" href=\"https:\/\/www.sonnenklar.tv\/neueroeffnungen.html\" target=\"_blank\" rel=\"noreferrer noopener\">Neuer\u00f6ffnungen &#8211; zu den angeboten<\/a><\/div>\n<\/div>\n\n\n\n<p><a name=\"Was gilt es zu beachten?\"><\/a><\/p>\n\n\n\n<h2 class=\"wp-block-heading\">Was gilt es zu beachten?<\/h2>\n\n\n\n<p>Auch wenn einzelne Hotels ihre Doppelzimmer mit identischen Zusatzbezeichnungen anbieten, kann sich deren Ausstattung von Haus zu Haus stark unterscheiden. Sicherheit verspricht hierbei lediglich die pers\u00f6nliche Anfrage, sodass der Gast Gewissheit \u00fcber die jeweiligen Ausstattungsmerkmale hat. Ein gewisses Risiko beinhaltet dagegen das heute in vielen H\u00e4usern m\u00f6gliche sog. \u201eDoppelzimmer-Roulette\u201c. Hierbei bucht der Gast quasi \u201eblind\u201c ein Doppelzimmer, bekommt die genaue Kategorie jedoch erst nach der Ankunft zugewiesen.<\/p>\n\n\n\n<h3 class=\"wp-block-heading\">Mehr zum Thema Unterkunft:<\/h3>\n\n\n\n<p><a href=\"https:\/\/www.sonnenklar.tv\/blog\/reiselexikon\/was-bedeuten-hotelsterne\/\">Hotelsterne<\/a>\u00a0 \u00a0 <a href=\"https:\/\/www.sonnenklar.tv\/blog\/reiselexikon\/hotel-abkuerzungen-bedeutung\/\">Hotelabk\u00fcrzungen<\/a>\u00a0\u00a0\u00a0\u00a0<a href=\"https:\/\/www.sonnenklar.tv\/blog\/reiselexikon\/bed-and-breakfast-bedeutung\/\">Bed &amp; Breakfast<\/a>\u00a0 \u00a0 <a href=\"https:\/\/www.sonnenklar.tv\/blog\/reiselexikon\/bungalow-bedeutung\/\">Bungalow<\/a>\u00a0 \u00a0 <a href=\"https:\/\/www.sonnenklar.tv\/blog\/reiselexikon\/finca-bedeutung\/\">Finca<\/a>\u00a0 \u00a0 <a href=\"https:\/\/www.sonnenklar.tv\/blog\/reiselexikon\/chalet-bedeutung\/\">Chalet<\/a>\u00a0 \u00a0\u00a0<a href=\"https:\/\/www.sonnenklar.tv\/blog\/reiselexikon\/riad-bedeutung\/\">Riad<\/a>\u00a0 \u00a0 <a href=\"https:\/\/www.sonnenklar.tv\/blog\/reiselexikon\/hostel-bedeutung\/\">Hostel<\/a>\u00a0 \u00a0 <a href=\"https:\/\/www.sonnenklar.tv\/blog\/reiselexikon\/erwachsenenhotel-bedeutung\/\">Erwachsenenhotel<\/a>\u00a0 \u00a0 <a href=\"https:\/\/www.sonnenklar.tv\/blog\/reiselexikon\/aparthotel-bedeutung\/\">Aparthotel<\/a>\u00a0 \u00a0 <a href=\"https:\/\/www.sonnenklar.tv\/blog\/reiselexikon\/vital-hotel-bedeutung\/\">Vital Hotel<\/a>\u00a0 \u00a0\u00a0<a href=\"https:\/\/www.sonnenklar.tv\/blog\/reiselexikon\/glueckshotel-bedeutung\/\">Gl\u00fcckshotel<\/a>\u00a0 \u00a0 <a href=\"https:\/\/www.sonnenklar.tv\/blog\/reiselexikon\/resort-bedeutung\/\">Resort<\/a>\u00a0 \u00a0 <a href=\"https:\/\/www.sonnenklar.tv\/blog\/reiselexikon\/mobilheim-bedeutung\/\">Mobilheim<\/a>\u00a0 \u00a0 <a href=\"https:\/\/www.sonnenklar.tv\/blog\/reiselexikon\/pension-hotel-bedeutung\/\">Pension<\/a>\u00a0 \u00a0 <a href=\"https:\/\/www.sonnenklar.tv\/blog\/reiselexikon\/hotel-garni-bedeutung\/\">Hotel Garni<\/a>\u00a0 \u00a0\u00a0<a href=\"https:\/\/www.sonnenklar.tv\/blog\/reiselexikon\/biohotel-bedeutung\/\">Biohotel<\/a>\u00a0 \u00a0\u00a0<a href=\"https:\/\/www.sonnenklar.tv\/blog\/reiselexikon\/familienzimmer-bedeutung\/\">Familienzimmer<\/a>\u00a0 \u00a0 <a href=\"https:\/\/www.sonnenklar.tv\/blog\/reiselexikon\/sparzimmer-bedeutung\/\">Sparzimmer<\/a>\u00a0 \u00a0 <a href=\"https:\/\/www.sonnenklar.tv\/blog\/reiselexikon\/boutique-hotel-bedeutung\/\">Boutique Hotel<\/a>\u00a0\u00a0\u00a0 <a href=\"https:\/\/www.sonnenklar.tv\/blog\/reiselexikon\/suite-bedeutung\/\">Suite<\/a>\u00a0 \u00a0 <a href=\"https:\/\/www.sonnenklar.tv\/blog\/reiselexikon\/studio-apartment-bedeutung\/\">Studio Apartment<\/a> \u00a0 \u00a0 <a href=\"https:\/\/www.sonnenklar.tv\/blog\/reiselexikon\/kabine-bedeutung\/\">Kabine<\/a>\u00a0 \u00a0 <a href=\"https:\/\/www.sonnenklar.tv\/blog\/reiselexikon\/superiorzimmer-bedeutung\/\">Superiorzimmer<\/a>\u00a0 \u00a0 <a href=\"https:\/\/www.sonnenklar.tv\/blog\/boardinghouse-bedeutung\/\">Boardinghouse<\/a>\u00a0 \u00a0 <a href=\"https:\/\/www.sonnenklar.tv\/blog\/reiselexikon\/ryokan-bedeutung\/\">Ryokan<\/a><\/p>\n\n\n\n<p><a href=\"https:\/\/www.sonnenklar.tv\/blog\/reiselexikon\/\">&lt;&lt; Zur\u00fcck zum Reiselexikon<\/a><\/p>\n","protected":false},"excerpt":{"rendered":"<p>Laut der aktuellen offiziellen Definition des \u201eDeutschen Hotel- und Gastst\u00e4ttenverbandes (DEHOGA)\u201c ist ein Doppelzimmer ein Zimmer in einem Hotel oder einer Pension, in dem sich Schlafgelegenheiten f\u00fcr zwei Personen befinden. Hierbei kann es sich entweder um ein Doppelbett (\u201eKingsize\u201c) oder zwei Einzelbetten (\u201eTwin\u201c) handeln. Inhaltsverzeichnis Was bedeutet Doppelzimmer? In Deutschland lautet die \u00fcbliche Abk\u00fcrzung f\u00fcr<\/p>\n","protected":false},"author":3,"featured_media":0,"parent":6051,"menu_order":0,"comment_status":"closed","ping_status":"closed","template":"","meta":{"footnotes":""},"class_list":["post-7104","page","type-page","status-publish"],"_links":{"self":[{"href":"https:\/\/www.sonnenklar.tv\/blog\/wp-json\/wp\/v2\/pages\/7104","targetHints":{"allow":["GET"]}}],"collection":[{"href":"https:\/\/www.sonnenklar.tv\/blog\/wp-json\/wp\/v2\/pages"}],"about":[{"href":"https:\/\/www.sonnenklar.tv\/blog\/wp-json\/wp\/v2\/types\/page"}],"author":[{"embeddable":true,"href":"https:\/\/www.sonnenklar.tv\/blog\/wp-json\/wp\/v2\/users\/3"}],"replies":[{"embeddable":true,"href":"https:\/\/www.sonnenklar.tv\/blog\/wp-json\/wp\/v2\/comments?post=7104"}],"version-history":[{"count":30,"href":"https:\/\/www.sonnenklar.tv\/blog\/wp-json\/wp\/v2\/pages\/7104\/revisions"}],"predecessor-version":[{"id":37568,"href":"https:\/\/www.sonnenklar.tv\/blog\/wp-json\/wp\/v2\/pages\/7104\/revisions\/37568"}],"up":[{"embeddable":true,"href":"https:\/\/www.sonnenklar.tv\/blog\/wp-json\/wp\/v2\/pages\/6051"}],"wp:attachment":[{"href":"https:\/\/www.sonnenklar.tv\/blog\/wp-json\/wp\/v2\/media?parent=7104"}],"curies":[{"name":"wp","href":"https:\/\/api.w.org\/{rel}","templated":true}]}}