{"id":7088,"date":"2018-06-15T12:44:48","date_gmt":"2018-06-15T10:44:48","guid":{"rendered":"https:\/\/www.sonnenklar.tv\/blog\/?page_id=7088"},"modified":"2025-12-12T15:50:47","modified_gmt":"2025-12-12T14:50:47","slug":"multistopp-flug-bedeutung","status":"publish","type":"page","link":"https:\/\/www.sonnenklar.tv\/blog\/reiselexikon\/multistopp-flug-bedeutung\/","title":{"rendered":"Was ist ein Multistopp Flug?"},"content":{"rendered":"\n<p><strong>Wenn ihr eure erste Flugreise plant, seid ihr sicher von der Vielzahl der angebotenen Fl\u00fcge \u00fcberfordert. Ihr habt von Bezeichnungen wie Gabelflug, Nonstopflug, Schwanzflug oder Multistopp Flug noch nie etwas geh\u00f6rt? Kein Problem &#8211; wir kl\u00e4ren euch \u00fcber alles Wichtige auf, was ihr zu diesem Thema wissen m\u00fcsst.<\/strong><\/p>\n\n\n\n<hr class=\"wp-block-separator has-css-opacity\"\/>\n\n\n\n<p><strong>Inhaltsverzeichnis<\/strong><\/p>\n\n\n\n<ul class=\"wp-block-list\">\n<li><a href=\"#multistopp-flug-bedeutung\">Was genau ist ein Multistopp Flug?<\/a><\/li>\n\n\n\n<li><a href=\"#multistopp-flug-vorteile\">Welche Vorteile bietet euch der Multistopp Flug?<\/a><\/li>\n\n\n\n<li><a href=\"#multistopp-flug-direktflug-unterschied\">Was unterscheidet den Multistopp Flug von einem Direktflug?<\/a><\/li>\n\n\n\n<li><a href=\"#multistopp-flug-nachteile\">Hat der Multistopp Flug auch Nachteile?<\/a><\/li>\n\n\n\n<li><a href=\"#multistopp-flug-buchen\">Was m\u00fcsst ihr bei der Buchung beachten?<\/a><\/li>\n\n\n\n<li><a href=\"#flug-arten\">Welche anderen Flugarten gibt es?<\/a><\/li>\n\n\n\n<li><a href=\"#fazit\">Fazit<\/a><\/li>\n<\/ul>\n\n\n\n<hr class=\"wp-block-separator has-css-opacity\"\/>\n\n\n\n<h2 class=\"wp-block-heading\"><a name=\"multistopp-flug-bedeutung\"><\/a>Was genau ist ein Multistopp Flug?<\/h2>\n\n\n\n<p>Bei einem Multistopp Flug handelt es sich um einen Flug, der einen oder gar mehrere Zwischenstopps beinhaltet. Sinnvoll sind solche Fl\u00fcge vor allem dann, wenn ihr eine Fernreise plant. Soll es nach Australien, Neuseeland oder zu einem anderen Ziel am anderen Ende der Welt gehen, solltet ihr einen <strong>Zwischenstopp<\/strong> einplanen. Auch wenn es kein Angebot f\u00fcr einen Direktflug (also einen Flug ohne Zwischenlandung) f\u00fcr euer Reiseziel gibt, kann ein Multistopp Flug die g\u00fcnstige Alternative sein.<\/p>\n\n\n\n<h2 class=\"wp-block-heading\"><a name=\"multistopp-flug-vorteile\"><\/a>Welche Vorteile bietet euch der Multistopp Flug?<\/h2>\n\n\n\n<p>Vor allem bei weit entfernten Reisezielen ist der Multistopp Flug in der Regel <strong>g\u00fcnstiger<\/strong>, als wenn ihr diverse Einzelstrecken bucht. Dies liegt daran, dass ihr bei einem Multistopp Flug meist mit ein und derselben Fluggesellschaft reist. Bei diversen Zwischenstopps w\u00e4hrend eurer Reise, die gerne mehrere Tage oder sogar Wochen dauern k\u00f6nnen, lernt ihr nicht nur viele verschiedene Ziele auf der Welt kennen, sondern erspart euch auch den Stress eines Langstreckenfluges. Fl\u00fcge mit einer Dauer von zehn Stunden und mehr bedeuten f\u00fcr den K\u00f6rper puren Stress, auch wenn die Langstreckenflieger recht komfortabel sind.<\/p>\n\n\n\n<h2 class=\"wp-block-heading\"><a name=\"multistopp-flug-direktflug-unterschied\"><\/a>Was unterscheidet den Multistopp Flug von einem Direktflug?<\/h2>\n\n\n\n<p>Nicht verwechseln solltet ihr den Multistopp Flug mit einem Direktflug mit Zwischenlandung. Sicher kennt ihr es auch: Ihr plant eine Flugreise, das Reiseziel wird aber nicht direkt angesteuert. Bereits innerhalb Deutschlands kann es dann zu einer Zwischenlandung kommen. Kleines Beispiel: Ihr m\u00f6chtet von Berlin aus nach Kreta fliegen. Eine Zwischenlandung in M\u00fcnchen ist dann keine Seltenheit. Allerdings werdet ihr euch dann auf dem M\u00fcnchner Flughafen nur wenige Stunden aufhalten; nicht gen\u00fcgend Zeit also, um die Stadt zu erkunden. Anders bei einem Multistopp Flug: Bei diesem k\u00f6nnt ihr n\u00e4mlich die <strong>Dauer des Aufenthaltes selbst bestimmen<\/strong>.<\/p>\n\n\n\n<figure class=\"wp-block-image size-full alignnone wp-image-7091\"><a href=\"https:\/\/www.sonnenklar.tv\/blog\/wp-content\/uploads\/2025\/03\/multistopp-flug.jpg\"><img fetchpriority=\"high\" decoding=\"async\" width=\"880\" height=\"450\" src=\"https:\/\/www.sonnenklar.tv\/blog\/wp-content\/uploads\/2025\/03\/multistopp-flug.jpg\" alt=\"Multistopp Flug Bedeutung\" class=\"wp-image-34906\" srcset=\"https:\/\/www.sonnenklar.tv\/blog\/wp-content\/uploads\/2025\/03\/multistopp-flug.jpg 880w, https:\/\/www.sonnenklar.tv\/blog\/wp-content\/uploads\/2025\/03\/multistopp-flug-800x409.jpg 800w, https:\/\/www.sonnenklar.tv\/blog\/wp-content\/uploads\/2025\/03\/multistopp-flug-18x9.jpg 18w, https:\/\/www.sonnenklar.tv\/blog\/wp-content\/uploads\/2025\/03\/multistopp-flug-120x61.jpg 120w, https:\/\/www.sonnenklar.tv\/blog\/wp-content\/uploads\/2025\/03\/multistopp-flug-90x46.jpg 90w, https:\/\/www.sonnenklar.tv\/blog\/wp-content\/uploads\/2025\/03\/multistopp-flug-320x164.jpg 320w, https:\/\/www.sonnenklar.tv\/blog\/wp-content\/uploads\/2025\/03\/multistopp-flug-560x286.jpg 560w\" sizes=\"(max-width: 880px) 100vw, 880px\" \/><\/a><figcaption class=\"wp-element-caption\">Was ist ein Multistopp Flug?<\/figcaption><\/figure>\n\n\n\n<h2 class=\"wp-block-heading\"><a name=\"multistopp-flug-nachteile\"><\/a>Hat der Multistopp Flug auch Nachteile?<\/h2>\n\n\n\n<p>Etwas nachteilig bei dieser Art Flug ist, dass ihr euch eigenst\u00e4ndig um euer Gep\u00e4ck k\u00fcmmern m\u00fcsst. Dies bedeutet, dass ihr es bei jeder Landung abholen und beim Weiterflug erneut aufgeben m\u00fcsst. Bei einem Direktflug mit Zwischenlandung hingegen k\u00fcmmert sich das Flughafenpersonal um euer Gep\u00e4ck. Betr\u00e4gt der Aufenthalt bei einem Zwischenstopp w\u00e4hrend eures Multistopp Fluges hingegen maximal zw\u00f6lf Stunden, m\u00fcsst ihr euch meist nicht um die Abholung des Gep\u00e4cks k\u00fcmmern.<\/p>\n\n\n\n<h2 class=\"wp-block-heading\"><a name=\"multistopp-flug-buchen\"><\/a>Was m\u00fcsst ihr bei der Buchung beachten?<\/h2>\n\n\n\n<p>Online k\u00f6nnt ihr einfach und problemlos einen Multistopp oder Gabelflug buchen. Zu diesem Zweck solltet ihr nat\u00fcrlich nicht nur genau wissen, wann und wo ihr starten wollt, sondern auch, welche Zwischenziele ihr wann eingeplant habt. Bei den meisten Anbietern k\u00f6nnt ihr bis zu sechs Einzelfl\u00fcge ausw\u00e4hlen.<\/p>\n\n\n\n<p><a href=\"https:\/\/www.sonnenklar.tv\/tv-specials\/fluege.html?utm_source=multistopp-flug-bedeutung&amp;utm_medium=textlink&amp;utm_campaign=lexikon\">Hier findet ihr die besten Angebote f\u00fcr eure Fl\u00fcge<\/a>.<\/p>\n\n\n\n<h2 class=\"wp-block-heading\"><a name=\"flug-arten\"><\/a>Welche anderen Flugarten gibt es?<\/h2>\n\n\n\n<p>Sich im Wirrwarr der verschiedenen Flugbezeichnungen zurechtzufinden, ist gar nicht so einfach. Hier daher eine kurze \u00dcbersicht \u00fcber die bekanntesten Flugarten:<\/p>\n\n\n\n<ul class=\"wp-block-list\">\n<li>Gabelflug<\/li>\n\n\n\n<li>Schwanzflug<\/li>\n\n\n\n<li>Stopover Flug<\/li>\n\n\n\n<li>Nonstop Flug<\/li>\n\n\n\n<li>Direktflug<\/li>\n\n\n\n<li>Charterflug<\/li>\n\n\n\n<li>Codeshare Flug<\/li>\n<\/ul>\n\n\n\n<p>Der <strong>Gabelflug<\/strong> etwa ist nur eine andere Bezeichnung f\u00fcr den Multistopp Flug. Ganz \u00e4hnlich verh\u00e4lt es sich beim Stopover Flug: Bei diesem ist mindestens eine Zwischenlandung mit einem Aufenthalt von mehr als 24 Stunden vorgesehen. Der Zwischenstopp kann nat\u00fcrlich auch mehrere Tage oder gar Wochen andauern. Auch diese Art des Fluges ist vor allem auf Langstrecken sinnvoll. Leicht verwechseln kann man hingegen den Direktflug mit dem Nonstop Flug. W\u00e4hrend bei einem Nonstop Flug der Flieger vom Start bis zum Ziel durchg\u00e4ngig in der Luft ist, kann es bei einem Direktflug durchaus zu einer Zwischenlandung kommen. Diese kann notwendig sein, weil Treibstoff nachgetankt werden oder sich die Besatzung abwechseln muss.<\/p>\n\n\n\n<h2 class=\"wp-block-heading\"><a name=\"fazit\"><\/a>Fazit<\/h2>\n\n\n\n<p>M\u00f6chtet ihr w\u00e4hrend einer Urlaubsreise besonders viel von der Welt kennenlernen, sind Multistopp Fl\u00fcge die ideale M\u00f6glichkeit. Der gro\u00dfe Vorteil ist, dass ihr selbst bestimmen k\u00f6nnt, wie lange ihr euch in einer bestimmten Urlaubsdestination aufhalten m\u00f6chtet. Im Vergleich zu anderen Flugarten ist der Multistopp Flug noch dazu sehr viel preisg\u00fcnstiger, so dass ihr nebenbei noch Geld sparen k\u00f6nnt.<\/p>\n\n\n\n<h3 class=\"wp-block-heading\">Mehr zum Thema Fl\u00fcge:<\/h3>\n\n\n\n<p><a href=\"https:\/\/www.sonnenklar.tv\/blog\/reiselexikon\/gabelflug-bedeutung\/\">Gabelflug<\/a>\u00a0 \u00a0\u00a0<a href=\"https:\/\/www.sonnenklar.tv\/blog\/reiselexikon\/charterflug-bedeutung\/\">Charterflug<\/a>\u00a0 \u00a0\u00a0<a href=\"https:\/\/www.sonnenklar.tv\/blog\/reiselexikon\/linienflug-bedeutung\/\">Linienflug<\/a>\u00a0 \u00a0 <a href=\"https:\/\/www.sonnenklar.tv\/blog\/reiselexikon\/stopover-flug-bedeutung\/\">Stopover Flug<\/a>\u00a0 \u00a0 <a href=\"https:\/\/www.sonnenklar.tv\/blog\/reiselexikon\/schwanzflug-bedeutung\/\">Schwanzflug<\/a>\u00a0 \u00a0 <a href=\"https:\/\/www.sonnenklar.tv\/blog\/reiselexikon\/codeshare-flug-bedeutung\/\">Codeshare Flug<\/a>\u00a0 \u00a0 <a href=\"https:\/\/www.sonnenklar.tv\/blog\/reiselexikon\/was-ist-ein-vielfliegerprogramm\/\">Vielfliegerprogramm<\/a>\u00a0 \u00a0 <a href=\"https:\/\/www.sonnenklar.tv\/blog\/reiselexikon\/buchungsklassen-bedeutung\/\">Buchungsklassen<\/a><\/p>\n\n\n\n<p><a href=\"https:\/\/www.sonnenklar.tv\/blog\/reiselexikon\/\">&lt;&lt; Zur\u00fcck zum Reiselexikon<\/a><\/p>\n","protected":false},"excerpt":{"rendered":"<p>Wenn ihr eure erste Flugreise plant, seid ihr sicher von der Vielzahl der angebotenen Fl\u00fcge \u00fcberfordert. Ihr habt von Bezeichnungen wie Gabelflug, Nonstopflug, Schwanzflug oder Multistopp Flug noch nie etwas geh\u00f6rt? Kein Problem &#8211; wir kl\u00e4ren euch \u00fcber alles Wichtige auf, was ihr zu diesem Thema wissen m\u00fcsst. Inhaltsverzeichnis Was genau ist ein Multistopp Flug?<\/p>\n","protected":false},"author":3,"featured_media":0,"parent":6051,"menu_order":0,"comment_status":"closed","ping_status":"closed","template":"","meta":{"footnotes":""},"class_list":["post-7088","page","type-page","status-publish"],"_links":{"self":[{"href":"https:\/\/www.sonnenklar.tv\/blog\/wp-json\/wp\/v2\/pages\/7088","targetHints":{"allow":["GET"]}}],"collection":[{"href":"https:\/\/www.sonnenklar.tv\/blog\/wp-json\/wp\/v2\/pages"}],"about":[{"href":"https:\/\/www.sonnenklar.tv\/blog\/wp-json\/wp\/v2\/types\/page"}],"author":[{"embeddable":true,"href":"https:\/\/www.sonnenklar.tv\/blog\/wp-json\/wp\/v2\/users\/3"}],"replies":[{"embeddable":true,"href":"https:\/\/www.sonnenklar.tv\/blog\/wp-json\/wp\/v2\/comments?post=7088"}],"version-history":[{"count":14,"href":"https:\/\/www.sonnenklar.tv\/blog\/wp-json\/wp\/v2\/pages\/7088\/revisions"}],"predecessor-version":[{"id":37592,"href":"https:\/\/www.sonnenklar.tv\/blog\/wp-json\/wp\/v2\/pages\/7088\/revisions\/37592"}],"up":[{"embeddable":true,"href":"https:\/\/www.sonnenklar.tv\/blog\/wp-json\/wp\/v2\/pages\/6051"}],"wp:attachment":[{"href":"https:\/\/www.sonnenklar.tv\/blog\/wp-json\/wp\/v2\/media?parent=7088"}],"curies":[{"name":"wp","href":"https:\/\/api.w.org\/{rel}","templated":true}]}}