{"id":6934,"date":"2018-06-05T18:01:29","date_gmt":"2018-06-05T16:01:29","guid":{"rendered":"https:\/\/www.sonnenklar.tv\/blog\/?page_id=6934"},"modified":"2025-12-12T15:57:12","modified_gmt":"2025-12-12T14:57:12","slug":"stopover-flug-bedeutung","status":"publish","type":"page","link":"https:\/\/www.sonnenklar.tv\/blog\/reiselexikon\/stopover-flug-bedeutung\/","title":{"rendered":"Was ist ein Stopover Flug?"},"content":{"rendered":"\n<p><strong>Neben dem klassischen Linienflug gibt es auch weitere Varianten zu reisen. Dazu geh\u00f6rt beispielsweise der Stopover Flug. Wir wollen kl\u00e4ren was sich dahinter verbirgt, was bei der Buchung zu beachten ist und f\u00fcr wen sich diese Art des Reisens eignet.<\/strong><\/p>\n\n\n\n<hr class=\"wp-block-separator has-css-opacity\"\/>\n\n\n\n<p><strong>Inhaltsverzeichnis<\/strong><\/p>\n\n\n\n<ul class=\"wp-block-list\">\n<li><a href=\"#stopover-flug-bedeutung\">Was ist ein Stopover Flug?<\/a><\/li>\n\n\n\n<li><a href=\"#stopover-flug-geeignet\">F\u00fcr wen ist ein Stopover Flug geeignet?<\/a><\/li>\n\n\n\n<li><a href=\"#stopover-flug-zu-beachten\">Was muss man bei der Buchung eines Stopover Fluges beachten?<\/a><\/li>\n\n\n\n<li><a href=\"#wichtige-information\">Was gibt es sonst noch zu beachten?<\/a><\/li>\n<\/ul>\n\n\n\n<hr class=\"wp-block-separator has-css-opacity\"\/>\n\n\n\n<h2 class=\"wp-block-heading\"><a name=\"stopover-flug-bedeutung\"><\/a>Was ist ein Stopover Flug?<\/h2>\n\n\n\n<p>Bei einem Stopover Flug handelt es sich um einen Flug mit einer Zwischenlandung, die mehr als 24 Stunden andauert. Je nach Reiseplanung kann der Zwischenstopp l\u00e4nger oder k\u00fcrzer andauern. Einige verbringen nur wenige Tage an dem Zwischenziel und wiederum andere reisen erst nach mehreren Wochen weiter. Der Stopover Flug muss jedoch klar von einem klassischen Zwischenstopp und einem Gabelflug abgegrenzt werden. Die Weiterreise ist an einen festen Zeitpunkt gekoppelt.<\/p>\n\n\n\n<p>Von einem Stopover Flug kann dementsprechend gesprochen werden, wenn die Reise beispielsweise von Frankfurt am Main, nach Sydney \u00fcber Bangkok f\u00fchrt. Der Zwischenstopp in Bangkok wird nicht nur genutzt, um in ein anderes Flugzeug zu steigen, sondern um einen kurzen Aufenthalt von beispielsweise zwei Tagen in der Stadt zu verbringen.<\/p>\n\n\n\n<p><strong>Was sind Vorteile eines Stopover Flugs?<\/strong><\/p>\n\n\n\n<ul class=\"wp-block-list\">\n<li>Zwischenziel kann frei geplant werden<\/li>\n\n\n\n<li>Weiterreise ist beliebig planbar<\/li>\n\n\n\n<li>F\u00fcr Rundreisen geeignet<\/li>\n\n\n\n<li>F\u00fcr ferne Reiseziele geeignet<\/li>\n\n\n\n<li>Flugdauer kann verk\u00fcrzt werden<\/li>\n\n\n\n<li>Ist angenehmer f\u00fcr den K\u00f6rper<\/li>\n<\/ul>\n\n\n\n<p><strong>Was sind Nachteile eines Stopover Flugs?<\/strong><\/p>\n\n\n\n<ul class=\"wp-block-list\">\n<li>Fl\u00fcge k\u00f6nnen oft nur separat gebucht werden<\/li>\n\n\n\n<li>Reisezeiten m\u00fcssen genau eingehalten werden<\/li>\n\n\n\n<li>Zwischenstopps sind abh\u00e4ngig von verf\u00fcgbaren Flugh\u00e4fen<\/li>\n<\/ul>\n\n\n\n<figure class=\"wp-block-image size-large\"><a href=\"https:\/\/www.sonnenklar.tv\/blog\/wp-content\/uploads\/2025\/02\/stopover-flug-1.jpg\"><img fetchpriority=\"high\" decoding=\"async\" width=\"880\" height=\"450\" src=\"https:\/\/www.sonnenklar.tv\/blog\/wp-content\/uploads\/2025\/02\/stopover-flug-1.jpg\" alt=\"Stopover Flug Bedeutung\" class=\"wp-image-34605\" srcset=\"https:\/\/www.sonnenklar.tv\/blog\/wp-content\/uploads\/2025\/02\/stopover-flug-1.jpg 880w, https:\/\/www.sonnenklar.tv\/blog\/wp-content\/uploads\/2025\/02\/stopover-flug-1-800x409.jpg 800w, https:\/\/www.sonnenklar.tv\/blog\/wp-content\/uploads\/2025\/02\/stopover-flug-1-120x61.jpg 120w, https:\/\/www.sonnenklar.tv\/blog\/wp-content\/uploads\/2025\/02\/stopover-flug-1-90x46.jpg 90w, https:\/\/www.sonnenklar.tv\/blog\/wp-content\/uploads\/2025\/02\/stopover-flug-1-320x164.jpg 320w, https:\/\/www.sonnenklar.tv\/blog\/wp-content\/uploads\/2025\/02\/stopover-flug-1-560x286.jpg 560w\" sizes=\"(max-width: 880px) 100vw, 880px\" \/><\/a><figcaption class=\"wp-element-caption\">Was ist ein Stopover Flug?<\/figcaption><\/figure>\n\n\n\n<h2 class=\"wp-block-heading\"><a name=\"stopover-flug-geeignet\"><\/a>F\u00fcr wen ist ein Stopover Flug geeignet?<\/h2>\n\n\n\n<p>Ein Stopover Flug eignet sich vor allem f\u00fcr Personen, die an ferne Ziele reisen. Lange Flugzeiten oder mehrere Umstiege k\u00f6nnen so umgangen werden. Stattdessen reisen die Menschen in mehreren Abschnitten. Dadurch kann die Reise individuell in Form einer Rundreise gestaltet werden. Besonders bei Reisezielen wie Australien, Japan, Dubai oder irgendeine Insel bietet es sich an den Stopover Flug. Das Reisen wird dadurch entspannter und es k\u00f6nnen mehrere Wunschreiseziele miteinander kombiniert werden. Stopover Fl\u00fcge eignen sich dementsprechend auch f\u00fcr Personen, die gern individuell reisen und flexibel in der Reiseplanung sind.<\/p>\n\n\n\n<h2 class=\"wp-block-heading\"><a name=\"stopover-flug-zu-beachten\"><\/a>Was muss man bei der Buchung eines Stopover Fluges beachten?<\/h2>\n\n\n\n<p>Bei der Buchung eines Stopover Fluges gibt es in der Regel nichts zu beachten. Die Fl\u00fcge k\u00f6nnen separat f\u00fcr sich gebucht werden. Entweder kann jeder Flug einzeln ausgew\u00e4hlt werden, um besser planen zu k\u00f6nnen. Andererseits besteht auch die M\u00f6glichkeit, dass bereits w\u00e4hrend der Suche angegeben wird, dass mehrere Flugh\u00e4fen angeflogen werden sollen.<\/p>\n\n\n\n<p><a href=\"https:\/\/www.sonnenklar.tv\/tv-specials\/fluege.html?utm_source=stopover-flug-bedeutung&amp;utm_medium=textlink&amp;utm_campaign=lexikon\">Unsere TV-Special Angebote f\u00fcr g\u00fcnstige Fl\u00fcge<\/a>.<\/p>\n\n\n\n<p>Oftmals kann auch direkt &#8222;Zwischenstopp&#8220; ausgew\u00e4hlt werden. Dadurch kann die gesamte Reise am St\u00fcck geplant werden. Bei der Buchung muss jedoch nur beachtet werden, dass die Unterk\u00fcnfte zeitlich mit den Fl\u00fcgen zusammenpassen. Oftmals kann es sich anbieten, wenn besondere Ziele besichtigt werden sollen, dass die Fl\u00fcge von mehreren Airlines kombiniert werden. Dadurch erh\u00e4lt man bei der Reise mehr Flexibilit\u00e4t.<\/p>\n\n\n\n<h2 class=\"wp-block-heading\"><a name=\"wichtige-information\"><\/a>Was gibt es sonst noch zu beachten?<\/h2>\n\n\n\n<p>Bei der Einreise in die L\u00e4nder au\u00dferhalb der EU muss beachtet werden, dass ein Visum ben\u00f6tigt wird. Das Mitf\u00fchren eines g\u00fcltigen Reisepasses ist in jedem Fall Pflicht. Bei Vorlage der Tickets wird dann auch die Aufenthaltsdauer im jeweiligen Land best\u00e4tigt. Alle Informationen dazu k\u00f6nnen auch beim Ausw\u00e4rtigen Amt eingeholt werden.<\/p>\n\n\n\n<h3 class=\"wp-block-heading\">Mehr zum Thema Fl\u00fcge:<\/h3>\n\n\n\n<p><a href=\"https:\/\/www.sonnenklar.tv\/blog\/reiselexikon\/charterflug-bedeutung\/\">Charterflug<\/a>\u00a0 \u00a0\u00a0<a href=\"https:\/\/www.sonnenklar.tv\/blog\/reiselexikon\/gabelflug-bedeutung\/\">Gabelflug<\/a>\u00a0 \u00a0\u00a0<a href=\"https:\/\/www.sonnenklar.tv\/blog\/reiselexikon\/linienflug-bedeutung\/\">Linienflug<\/a>\u00a0 \u00a0\u00a0<a href=\"https:\/\/www.sonnenklar.tv\/blog\/reiselexikon\/multistopp-flug-bedeutung\/\">Multistopp Flug<\/a>\u00a0 \u00a0 <a href=\"https:\/\/www.sonnenklar.tv\/blog\/reiselexikon\/schwanzflug-bedeutung\/\">Schwanzflug<\/a>\u00a0 \u00a0 <a href=\"https:\/\/www.sonnenklar.tv\/blog\/reiselexikon\/codeshare-flug-bedeutung\/\">Codeshare Flug<\/a>\u00a0 \u00a0 <a href=\"https:\/\/www.sonnenklar.tv\/blog\/reiselexikon\/was-ist-ein-vielfliegerprogramm\/\">Vielfliegerprogramm<\/a>\u00a0 \u00a0 <a href=\"https:\/\/www.sonnenklar.tv\/blog\/reiselexikon\/buchungsklassen-bedeutung\/\">Buchungsklassen<\/a><\/p>\n\n\n\n<p><a href=\"https:\/\/www.sonnenklar.tv\/blog\/reiselexikon\/\">&lt;&lt; Zur\u00fcck zum Reiselexikon<\/a><\/p>\n","protected":false},"excerpt":{"rendered":"<p>Neben dem klassischen Linienflug gibt es auch weitere Varianten zu reisen. Dazu geh\u00f6rt beispielsweise der Stopover Flug. Wir wollen kl\u00e4ren was sich dahinter verbirgt, was bei der Buchung zu beachten ist und f\u00fcr wen sich diese Art des Reisens eignet. Inhaltsverzeichnis Was ist ein Stopover Flug? Bei einem Stopover Flug handelt es sich um einen<\/p>\n","protected":false},"author":3,"featured_media":0,"parent":6051,"menu_order":0,"comment_status":"closed","ping_status":"closed","template":"","meta":{"footnotes":""},"class_list":["post-6934","page","type-page","status-publish"],"_links":{"self":[{"href":"https:\/\/www.sonnenklar.tv\/blog\/wp-json\/wp\/v2\/pages\/6934","targetHints":{"allow":["GET"]}}],"collection":[{"href":"https:\/\/www.sonnenklar.tv\/blog\/wp-json\/wp\/v2\/pages"}],"about":[{"href":"https:\/\/www.sonnenklar.tv\/blog\/wp-json\/wp\/v2\/types\/page"}],"author":[{"embeddable":true,"href":"https:\/\/www.sonnenklar.tv\/blog\/wp-json\/wp\/v2\/users\/3"}],"replies":[{"embeddable":true,"href":"https:\/\/www.sonnenklar.tv\/blog\/wp-json\/wp\/v2\/comments?post=6934"}],"version-history":[{"count":17,"href":"https:\/\/www.sonnenklar.tv\/blog\/wp-json\/wp\/v2\/pages\/6934\/revisions"}],"predecessor-version":[{"id":37603,"href":"https:\/\/www.sonnenklar.tv\/blog\/wp-json\/wp\/v2\/pages\/6934\/revisions\/37603"}],"up":[{"embeddable":true,"href":"https:\/\/www.sonnenklar.tv\/blog\/wp-json\/wp\/v2\/pages\/6051"}],"wp:attachment":[{"href":"https:\/\/www.sonnenklar.tv\/blog\/wp-json\/wp\/v2\/media?parent=6934"}],"curies":[{"name":"wp","href":"https:\/\/api.w.org\/{rel}","templated":true}]}}