{"id":6925,"date":"2018-06-05T17:28:36","date_gmt":"2018-06-05T15:28:36","guid":{"rendered":"https:\/\/www.sonnenklar.tv\/blog\/?page_id=6925"},"modified":"2025-12-12T15:49:08","modified_gmt":"2025-12-12T14:49:08","slug":"linienflug-bedeutung","status":"publish","type":"page","link":"https:\/\/www.sonnenklar.tv\/blog\/reiselexikon\/linienflug-bedeutung\/","title":{"rendered":"Was ist ein Linienflug?"},"content":{"rendered":"\n<p><strong>Seit Beginn des regelm\u00e4\u00dfigen Luftverkehrs schon bieten renommierte und erfahrene Fluggesellschaften Linienfl\u00fcge, die von ihnen gem\u00e4\u00df eines langfristig festgelegten Flugprogrammes zuverl\u00e4ssig durchgef\u00fchrt werden. Prinzipiell handelt es sich bei Linienfl\u00fcgen um eine effiziente Transportweise, die mit Hilfe des Flugzeuges als \u00f6ffentliches Verkehrsmittel realisiert wird.<\/strong><\/p>\n\n\n\n<hr class=\"wp-block-separator has-css-opacity\"\/>\n\n\n\n<p><strong>Inhaltsverzeichnis<\/strong><\/p>\n\n\n\n<ul class=\"wp-block-list\">\n<li><a href=\"#linienflug-bedeutung\">Was ist ein Linienflug?<\/a><\/li>\n\n\n\n<li><a href=\"#linienflug-charterflug-unterschiede\">Was ist der Unterschied zwischen Linienflug und Charterflug?<\/a><\/li>\n\n\n\n<li><a href=\"#linienflug-vorteile\">Was sind die Vorteile eines Linienflugs?<\/a><\/li>\n\n\n\n<li><a href=\"#linienflug-nachteile\">Was sind die Nachteile eines Linienflugs?<\/a><\/li>\n\n\n\n<li><a href=\"#linienflug-zu-beachten\">Linienfl\u00fcge: Wichtige Informationen und Hinweise<\/a><\/li>\n<\/ul>\n\n\n\n<hr class=\"wp-block-separator has-css-opacity\"\/>\n\n\n\n<h2 class=\"wp-block-heading\"><a name=\"linienflug-bedeutung\"><\/a>Was ist ein Linienflug?<\/h2>\n\n\n\n<p>Linienfl\u00fcge werden programmgem\u00e4\u00df und unabh\u00e4ngig von einer maximalen Auslastung der Fluggast Kapazit\u00e4t absolviert. Sie fliegen stets die gleiche Flugroute und weichen kaum davon ab. Die jeweilige Fluggesellschaft offeriert au\u00dferdem ein vorhersehbares Dienstleistungsangebot, auf das sich Reisende in jedem Fall verlassen k\u00f6nnen. Die Flugprogramme f\u00fcr Linienfl\u00fcge basieren auf unver\u00e4nderliche Abflug- und Ankunftszeiten, die sich gew\u00f6hnlich auf mehrere Monate oder ein ganzes Jahr beziehen.<\/p>\n\n\n\n<h2 class=\"wp-block-heading\"><a name=\"linienflug-charterflug-unterschiede\"><\/a>Was ist der Unterschied zwischen Linienflug und Charterflug?<\/h2>\n\n\n\n<p>Linienfl\u00fcge k\u00f6nnen ganz individuell gebucht werden, indem sich Kunden direkt an die Fluggesellschaft wenden und bei dieser ihre Flugtickets sichern. Passagiere k\u00f6nnen sich ganz auf die Einhaltung der g\u00fcltigen Abflug- und Landepl\u00e4ne einer Airline verlassen. Desweiteren haben Flugg\u00e4ste die M\u00f6glichkeit, zwischen den Annehmlichkeiten der Business Class und dem preisg\u00fcnstigen Flugtarif der Economy Class zu w\u00e4hlen. Im Falle von Abflugverz\u00f6gerungen k\u00f6nnen Linienfl\u00fcge bedeutend flexibler auf einen anderen Flug umgebucht werden.<\/p>\n\n\n\n<p>Charterfl\u00fcge werden meistens von Reiseveranstaltern gebucht, fliegen eine beliebte Urlaubsdestination an und sind in vielen F\u00e4llen saisonbedingt. Oft handelt es sich dabei auch nur um einmalige Fl\u00fcge, die von einem Tour Operator oder einem anderen Veranstalter f\u00fcr bestimmte Zwecke gechartert werden und f\u00fcr deren Flug- und Servicepersonal alleinig der <a href=\"https:\/\/www.sonnenklar.tv\/promo\/reiseveranstalter.html\">Reiseveranstalter<\/a> aufkommt. Aus diesem Grund befinden sich diese Charterfl\u00fcge auch nicht auf dem regul\u00e4ren Flugprogramm einer Fluggesellschaft.<\/p>\n\n\n\n<p>Gew\u00f6hnlich bieten Charterfl\u00fcge keine Auswahl der Flugklasse, wie es bei Standard Linienfl\u00fcgen der Fall ist, obwohl es auch manchmal vorkommt, dass luxuri\u00f6s ausgestattete Flugzeuge gechartert werden. Sie sind in Hinsicht auf Reisekosten wirtschaftlicher, k\u00f6nnen aber oftmals nicht lange im Vorfeld gebucht werden. Dar\u00fcber hinaus ist es nicht ungew\u00f6hnlich, wenn es bei Charterfl\u00fcgen zu Flugplan\u00e4nderungen kommt. Die beengenden Platzverh\u00e4ltnisse in Charterfliegern scheint eine wichtige Problematik zu sein, die baldm\u00f6glichst gel\u00f6st werden soll. Speisen und Getr\u00e4nke werden auf Charterfl\u00fcgen in der Regel nicht geboten. Das wirtschaftliche Risiko eines Charterfluges liegt immer beim Reiseveranstalter.<\/p>\n\n\n\n<figure class=\"wp-block-image size-large\"><a href=\"https:\/\/www.sonnenklar.tv\/blog\/wp-content\/uploads\/2025\/02\/linienflug-1.jpg\"><img fetchpriority=\"high\" decoding=\"async\" width=\"880\" height=\"450\" src=\"https:\/\/www.sonnenklar.tv\/blog\/wp-content\/uploads\/2025\/02\/linienflug-1.jpg\" alt=\"Linienflug: Abflugtafel\" class=\"wp-image-34486\" srcset=\"https:\/\/www.sonnenklar.tv\/blog\/wp-content\/uploads\/2025\/02\/linienflug-1.jpg 880w, https:\/\/www.sonnenklar.tv\/blog\/wp-content\/uploads\/2025\/02\/linienflug-1-800x409.jpg 800w, https:\/\/www.sonnenklar.tv\/blog\/wp-content\/uploads\/2025\/02\/linienflug-1-120x61.jpg 120w, https:\/\/www.sonnenklar.tv\/blog\/wp-content\/uploads\/2025\/02\/linienflug-1-90x46.jpg 90w, https:\/\/www.sonnenklar.tv\/blog\/wp-content\/uploads\/2025\/02\/linienflug-1-320x164.jpg 320w, https:\/\/www.sonnenklar.tv\/blog\/wp-content\/uploads\/2025\/02\/linienflug-1-560x286.jpg 560w\" sizes=\"(max-width: 880px) 100vw, 880px\" \/><\/a><figcaption class=\"wp-element-caption\">Was ist ein Linienflug?<\/figcaption><\/figure>\n\n\n\n<h2 class=\"wp-block-heading\"><a name=\"linienflug-vorteile\"><\/a>Was sind die Vorteile eines Linienflugs?<\/h2>\n\n\n\n<p>Vor allem f\u00fcr eine langfristige Reiseplanung sind Linienfl\u00fcge g\u00fcnstiger, denn eine <a href=\"https:\/\/www.sonnenklar.tv\/blog\/reiselexikon\/fruehbucherrabatt-bedeutung\/\" target=\"_blank\" rel=\"noopener\">fr\u00fche Buchung<\/a> kann aufgrund des \u00fcber einen langen Zeitraum hinweg g\u00fcltigen Flugplans zuverl\u00e4ssig durchgef\u00fchrt werden. Fluggesellschaften offerieren f\u00fcr Linienfl\u00fcge optimale Preisangebote f\u00fcr Kunden, die lange im Voraus ihre Flugtickets buchen. Linienfl\u00fcge punkten mit einem weiteren wichtigen Plus, das deutlich mehr Komfort und Bequemlichkeit verspricht, wie zum Beispiel ausreichend Beinfreiheit in der Economy Class.<\/p>\n\n\n\n<p>Speisen und Getr\u00e4nke werden in ausreichenden Mengen serviert und oftmals sorgt das Flugpersonal f\u00fcr mitreisende Kinder und bietet spezielle Unterhaltungsm\u00f6glichkeiten f\u00fcr die Kleinen an. Der Flugpreis f\u00fcr einen Linienflug umfasst au\u00dferdem das zu bef\u00f6rdernde Gep\u00e4ck, so dass bei Wahrung des Gewichtslimits f\u00fcr Gep\u00e4ckst\u00fccke keine zus\u00e4tzlichen Kosten anfallen. Ist die nicht komplette Auslastung eines Fluges vorauszusehen, dann werden bis zum letzen Moment f\u00fcr die noch zur Verf\u00fcgung stehenden Flugpl\u00e4tze besonders kosteng\u00fcnstige Angebote gemacht, um die Passagierkapazit\u00e4t zu verbessern.<\/p>\n\n\n\n<p><a href=\"https:\/\/www.sonnenklar.tv\/tv-specials\/fluege.html?utm_source=linienflug-bedeutung&amp;utm_medium=textlink&amp;utm_campaign=lexikon\">Jetzt die besten Flugangebote bei sonnenklar.TV sichern &amp; sparen<\/a>.<\/p>\n\n\n\n<h2 class=\"wp-block-heading\"><a name=\"linienflug-nachteile\"><\/a>Was sind die Nachteile eines Linienflugs?<\/h2>\n\n\n\n<p>Nachteilige Aspekte von Linienfl\u00fcgen ergeben sich haupts\u00e4chlich aus den relativ hohen Flugtarifen, die nur als <a href=\"https:\/\/www.sonnenklar.tv\/blog\/reiselexikon\/last-minute-bedeutung\/\" target=\"_blank\" rel=\"noopener\">Last-Minute Angebot<\/a> zum Schn\u00e4ppchenpreis begrenzt verf\u00fcgbar sind. Hinzu kommt, dass heutzutage zahlreiche Linienfl\u00fcge nicht nur von einer bestimmten Fluggesellschaft durchgef\u00fchrt werden, sondern in Zusammenarbeit mit einem oder mehreren Luftfahrtunternehmen. Diese vereinbarte Flugkooperation genannt \u201eCode Sharing\u201c wurde anf\u00e4nglich zur optimaleren Auslastung der Fluggastkapazit\u00e4t eingef\u00fchrt. Das Code Sharing kann einen negativen Einfluss auf die Qualit\u00e4t der Dienstleistungen aus\u00fcben, muss es aber nicht.<\/p>\n\n\n\n<p>Au\u00dferdem k\u00f6nnen Gef\u00fchle der Verunsicherung bei Passagieren aufkommen, wenn diese ihre Fl\u00fcge zwar mit dem Flugunternehmen ihrer Wahl gebucht haben, dann jedoch von einer f\u00fcr sie unbekannten Airline weitergeflogen werden. Anders als bei Charterfl\u00fcgen liegt das kommerzielle Risiko eines Linienfluges stets beim Flugunternehmen.<\/p>\n\n\n\n<h2 class=\"wp-block-heading\"><a name=\"linienflug-zu-beachten\"><\/a>Linienfl\u00fcge: Wichtige Informationen und Hinweise<\/h2>\n\n\n\n<p>Linienfl\u00fcge werden vor allem von Gesch\u00e4ftsleuten und Reisenden bevorzugt, die oft unterwegs sind und insbesondere w\u00e4hrend Langstreckenfl\u00fcge verst\u00e4ndlicherweise auf Komfort und eine zuverl\u00e4ssige Reisedurchf\u00fchrung setzen. Linienfl\u00fcge m\u00f6gen zwar preislich ung\u00fcnstig erscheinen, bieten aber das nicht zu untersch\u00e4tzende Element der Sicherheit und Zuverl\u00e4ssigkeit. Um bessere finanzielle Konditionen abzusichern, sollten Buchungen f\u00fcr Linienfl\u00fcge so zeitig wie m\u00f6glich durchgef\u00fchrt werden.<\/p>\n\n\n\n<div class=\"wp-block-buttons is-horizontal is-content-justification-center is-layout-flex wp-container-core-buttons-is-layout-499968f5 wp-block-buttons-is-layout-flex\">\n<div class=\"wp-block-button\"><a class=\"wp-block-button__link wp-element-button\" href=\"https:\/\/www.sonnenklar.tv\/tv-specials\/fluege.html\" target=\"_blank\" rel=\"noreferrer noopener\">Fl\u00fcge finden &amp; vergleichen<\/a><\/div>\n<\/div>\n\n\n\n<h3 class=\"wp-block-heading\">Mehr zum Thema Fl\u00fcge:<\/h3>\n\n\n\n<p><a href=\"https:\/\/www.sonnenklar.tv\/blog\/reiselexikon\/charterflug-bedeutung\/\">Charterflug<\/a>\u00a0 \u00a0\u00a0<a href=\"https:\/\/www.sonnenklar.tv\/blog\/reiselexikon\/gabelflug-bedeutung\/\">Gabelflug<\/a>\u00a0 \u00a0 <a href=\"https:\/\/www.sonnenklar.tv\/blog\/reiselexikon\/stopover-flug-bedeutung\/\">Stopover Flug<\/a>\u00a0 \u00a0\u00a0<a href=\"https:\/\/www.sonnenklar.tv\/blog\/reiselexikon\/multistopp-flug-bedeutung\/\">Multistopp Flug<\/a>\u00a0 \u00a0 <a href=\"https:\/\/www.sonnenklar.tv\/blog\/reiselexikon\/schwanzflug-bedeutung\/\">Schwanzflug<\/a>\u00a0 \u00a0 <a href=\"https:\/\/www.sonnenklar.tv\/blog\/reiselexikon\/codeshare-flug-bedeutung\/\">Codeshare Flug<\/a>\u00a0 \u00a0 <a href=\"https:\/\/www.sonnenklar.tv\/blog\/reiselexikon\/was-ist-ein-vielfliegerprogramm\/\">Vielfliegerprogramm<\/a>\u00a0 \u00a0 <a href=\"https:\/\/www.sonnenklar.tv\/blog\/reiselexikon\/buchungsklassen-bedeutung\/\">Buchungsklassen<\/a><\/p>\n\n\n\n<p><a href=\"https:\/\/www.sonnenklar.tv\/blog\/reiselexikon\/\">&lt;&lt; Zur\u00fcck zum Reiselexikon<\/a><\/p>\n","protected":false},"excerpt":{"rendered":"<p>Seit Beginn des regelm\u00e4\u00dfigen Luftverkehrs schon bieten renommierte und erfahrene Fluggesellschaften Linienfl\u00fcge, die von ihnen gem\u00e4\u00df eines langfristig festgelegten Flugprogrammes zuverl\u00e4ssig durchgef\u00fchrt werden. Prinzipiell handelt es sich bei Linienfl\u00fcgen um eine effiziente Transportweise, die mit Hilfe des Flugzeuges als \u00f6ffentliches Verkehrsmittel realisiert wird. Inhaltsverzeichnis Was ist ein Linienflug? Linienfl\u00fcge werden programmgem\u00e4\u00df und unabh\u00e4ngig von einer<\/p>\n","protected":false},"author":3,"featured_media":0,"parent":6051,"menu_order":0,"comment_status":"closed","ping_status":"closed","template":"","meta":{"footnotes":""},"class_list":["post-6925","page","type-page","status-publish"],"_links":{"self":[{"href":"https:\/\/www.sonnenklar.tv\/blog\/wp-json\/wp\/v2\/pages\/6925","targetHints":{"allow":["GET"]}}],"collection":[{"href":"https:\/\/www.sonnenklar.tv\/blog\/wp-json\/wp\/v2\/pages"}],"about":[{"href":"https:\/\/www.sonnenklar.tv\/blog\/wp-json\/wp\/v2\/types\/page"}],"author":[{"embeddable":true,"href":"https:\/\/www.sonnenklar.tv\/blog\/wp-json\/wp\/v2\/users\/3"}],"replies":[{"embeddable":true,"href":"https:\/\/www.sonnenklar.tv\/blog\/wp-json\/wp\/v2\/comments?post=6925"}],"version-history":[{"count":18,"href":"https:\/\/www.sonnenklar.tv\/blog\/wp-json\/wp\/v2\/pages\/6925\/revisions"}],"predecessor-version":[{"id":37590,"href":"https:\/\/www.sonnenklar.tv\/blog\/wp-json\/wp\/v2\/pages\/6925\/revisions\/37590"}],"up":[{"embeddable":true,"href":"https:\/\/www.sonnenklar.tv\/blog\/wp-json\/wp\/v2\/pages\/6051"}],"wp:attachment":[{"href":"https:\/\/www.sonnenklar.tv\/blog\/wp-json\/wp\/v2\/media?parent=6925"}],"curies":[{"name":"wp","href":"https:\/\/api.w.org\/{rel}","templated":true}]}}