{"id":6881,"date":"2018-06-05T15:38:51","date_gmt":"2018-06-05T13:38:51","guid":{"rendered":"https:\/\/www.sonnenklar.tv\/blog\/?page_id=6881"},"modified":"2025-12-12T15:58:37","modified_gmt":"2025-12-12T14:58:37","slug":"suite-bedeutung","status":"publish","type":"page","link":"https:\/\/www.sonnenklar.tv\/blog\/reiselexikon\/suite-bedeutung\/","title":{"rendered":"Was ist eine Suite?"},"content":{"rendered":"\n<p><strong>In vielen Hotels findet man neben den regul\u00e4ren Zimmern auch Suiten, bei denen Komfort und Preis stark variieren. Die verschiedenen Suiten wie beispielsweise Junior Suite, Royal Suite oder Pr\u00e4sidentensuite haben jeweils ganz bestimmte Merkmale, in denen sie sich unterscheiden.<\/strong><\/p>\n\n\n\n<hr class=\"wp-block-separator has-css-opacity\"\/>\n\n\n\n<p><strong>Inhaltsverzeichnis<\/strong><\/p>\n\n\n\n<ul class=\"wp-block-list\">\n<li><a href=\"#suite-bedeutung\">Was bedeutet Suite?<\/a><\/li>\n\n\n\n<li><a href=\"#suite-arten\">Welche Arten von Suiten gibt es?<\/a><\/li>\n\n\n\n<li><a href=\"#junior-suite\">Was ist eine Junior Suite?<\/a><\/li>\n\n\n\n<li><a href=\"#komfort-suite\">Was ist eine Komfort Suite?<\/a><\/li>\n\n\n\n<li><a href=\"#superior-suite\">Was ist eine Superior Suite?<\/a><\/li>\n\n\n\n<li><a href=\"#executive-suite\">Was ist eine Executive Suite?<\/a><\/li>\n\n\n\n<li><a href=\"#panorama-suite\">Was ist eine Panorama Suite?<\/a><\/li>\n\n\n\n<li><a href=\"#royal-suite\">Was ist eine Royal Suite?<\/a><\/li>\n\n\n\n<li><a href=\"#praesidentensuite\">Was ist eine Pr\u00e4sidentensuite?<\/a><\/li>\n\n\n\n<li><a href=\"#suite-hotel\">Was ist ein Suite-Hotel?<\/a><\/li>\n<\/ul>\n\n\n\n<hr class=\"wp-block-separator has-css-opacity\"\/>\n\n\n\n<h2 class=\"wp-block-heading\"><a name=\"suite-bedeutung\"><\/a>Was bedeutet Suite?<\/h2>\n\n\n\n<p>Der Begriff \u201e<em>Suite<\/em>\u201c (franz\u00f6sisch; \u201e<em>Folge<\/em>\u201c oder \u201e<em>Fortsetzung<\/em>\u201c) hat auch im Franz\u00f6sischen die gleiche Bedeutung wie in Deutsch und meint eine bestimmte Zimmerkategorie eines Hotels. Der Ursprung des Begriffs findet sich in der Architektur aus der Zeit des franz\u00f6sischen Barock, als in den Schl\u00f6ssern f\u00fcr G\u00e4ste und Familien R\u00e4ume geschaffen wurden, die bestimmte Funktionen erf\u00fcllten.<\/p>\n\n\n\n<p>Der Deutsche Tourismusverband definiert eine Suite als eine Unterkunft, die separate und verbundene Wohn- und Schlafr\u00e4ume beinhaltet. Die R\u00e4ume sollen zum Schlafen, Wohnen und Arbeiten genutzt werden k\u00f6nnen, gr\u00f6\u00dfere Suiten k\u00f6nnen au\u00dferdem \u00fcber weitere Zimmer wie K\u00fcche, Arbeitszimmer oder gar eine Sauna verf\u00fcgen. Zur komfortablen Ausstattung geh\u00f6ren weiterhin eine Klimaanlage, ein qualitativ hochwertiges Bett sowie ein gro\u00dfes Badezimmer. Und auch der Flachbildfernseher darf nat\u00fcrlich nicht fehlen.<\/p>\n\n\n\n<h2 class=\"wp-block-heading\"><a name=\"suite-arten\"><\/a>Welche Arten von Suiten gibt es?<\/h2>\n\n\n\n<p>Zwar definieren die verschiedenen Hotels ihre Suiten nach ihrem eigenem Ma\u00dfstab, doch m\u00fcssen bestimmte Kriterien immer erf\u00fcllt sein. Beispielsweise muss eine Suite etwas gr\u00f6\u00dfer als ein Zimmer sein, Sitzbereich und Bett sind visuell abgetrennt und sie muss immer einen gehobenen Standard aufweisen. Das hei\u00dft, sie ist h\u00f6herwertiger als die regul\u00e4ren Hotelzimmer ausgestattet.<\/p>\n\n\n\n<p><strong>Da sich Suiten auch untereinander unterscheiden k\u00f6nnen, erhalten sie verschiedene Bezeichnungen wie:<\/strong><\/p>\n\n\n\n<ul class=\"wp-block-list\">\n<li>Junior Suite<\/li>\n\n\n\n<li>Komfort Suite<\/li>\n\n\n\n<li>Superior Suite<\/li>\n\n\n\n<li>Executive Suite<\/li>\n\n\n\n<li>Panorama Suite<\/li>\n\n\n\n<li>Royal Suite<\/li>\n\n\n\n<li>Pr\u00e4sidentensuite<\/li>\n<\/ul>\n\n\n\n<p>Auch nach unterschiedlichen Themen k\u00f6nnen sie benannt sein, zum Beispiel nach einer bestimmten Epoche, einem Stil oder Material. Besonders in h\u00f6herklassigen Hotels findet man Suiten, doch bieten auch immer mehr Mittelklasse-Hotels sogenannte Junior Suiten an. Diese sind eigentlich keine richtigen Suiten, gehen aber in Bezug auf ihre Ausstattung in dieselbe Richtung.<\/p>\n\n\n\n<p><a href=\"https:\/\/www.sonnenklar.tv\/promo\/suites.html\">Die besten Suites auf sonnenklar.TV<\/a>.<\/p>\n\n\n\n<h2 class=\"wp-block-heading\"><a name=\"junior-suite\"><\/a>Was ist eine Junior Suite?<\/h2>\n\n\n\n<p>Sie ist die gehobene Zimmerkategorie eines Hotels und zeichnet sich durch mehr Platz sowie eine zus\u00e4tzliche Sitzm\u00f6glichkeit wie eine Couch oder einen Sessel aus. Die Junior Suite verf\u00fcgt oft \u00fcber ein h\u00f6herwertiges Bett, eine Minibar, Kaffeemaschine, einen Schreibtischstuhl und Fernseher, eine Badewanne, einen Safe sowie eine sch\u00f6ne Aussicht aus dem Fenster. Von einer Suite unterscheidet sie sich dadurch, dass sie lediglich aus einem gr\u00f6\u00dferen Raum sowie Badezimmer mit WC besteht und nicht wie in der Suite Bett und Sitzbereich visuell voneinander abgetrennt sind.<\/p>\n\n\n\n<h2 class=\"wp-block-heading\"><a name=\"komfort-suite\"><\/a>Was ist eine Komfort Suite?<\/h2>\n\n\n\n<p>Die Komfort Suite ist die n\u00e4chsth\u00f6here Stufe nach der Junior Suite, und zwar eine klassische Suite mit Schlaf- und Wohnraum sowie einem Badezimmer, das sich zum Beispiel durch eine Badewanne oder Regendusche auszeichnet. Die Raumgr\u00f6\u00dfe einer Komfort Suite betr\u00e4gt durchschnittlich 50 bis 60 Quadratmeter.<\/p>\n\n\n\n<figure class=\"wp-block-image size-large\"><a href=\"https:\/\/www.sonnenklar.tv\/blog\/wp-content\/uploads\/2025\/02\/suite-1.jpg\"><img fetchpriority=\"high\" decoding=\"async\" width=\"880\" height=\"450\" src=\"https:\/\/www.sonnenklar.tv\/blog\/wp-content\/uploads\/2025\/02\/suite-1.jpg\" alt=\"Suite Bedeutung\" class=\"wp-image-34557\" srcset=\"https:\/\/www.sonnenklar.tv\/blog\/wp-content\/uploads\/2025\/02\/suite-1.jpg 880w, https:\/\/www.sonnenklar.tv\/blog\/wp-content\/uploads\/2025\/02\/suite-1-800x409.jpg 800w, https:\/\/www.sonnenklar.tv\/blog\/wp-content\/uploads\/2025\/02\/suite-1-120x61.jpg 120w, https:\/\/www.sonnenklar.tv\/blog\/wp-content\/uploads\/2025\/02\/suite-1-90x46.jpg 90w, https:\/\/www.sonnenklar.tv\/blog\/wp-content\/uploads\/2025\/02\/suite-1-320x164.jpg 320w, https:\/\/www.sonnenklar.tv\/blog\/wp-content\/uploads\/2025\/02\/suite-1-560x286.jpg 560w\" sizes=\"(max-width: 880px) 100vw, 880px\" \/><\/a><figcaption class=\"wp-element-caption\">Was ist eine Suite?<\/figcaption><\/figure>\n\n\n\n<h2 class=\"wp-block-heading\"><a name=\"superior-suite\"><\/a>Was ist eine Superior Suite?<\/h2>\n\n\n\n<p>In vielen Vier-Sterne-Hotels (laut Landeskategorie) ist die Superior Suite oft die h\u00f6chste Kategorie. Superior Suiten sind ger\u00e4umiger als Komfort Suiten und auch die Ausstattung ist noch h\u00f6herwertiger. Zum Beispiel geh\u00f6ren dazu ein gro\u00dfer Fernseher, Stereoanlage, ein gro\u00dfes Bad, ein Balkon, ein begehbarer Kleiderschrank und eine Kamin. Die Durchschnittsgr\u00f6\u00dfe der Superior Suite ist ungef\u00e4hr 60 bis 90 Quadratmeter.<\/p>\n\n\n\n<h2 class=\"wp-block-heading\"><a name=\"executive-suite\"><\/a>Was ist eine Executive Suite?<\/h2>\n\n\n\n<p>Die Executive Suite (\u00fcbersetzt \u201cChefetage\u201d) kommt besonders in Luxushotels vor und ist in ihrer Ausstattung auf Gesch\u00e4ftsleute ausgerichtet. Hierzu geh\u00f6ren ein bequemer Schreibtisch und eine Sitzecke f\u00fcr G\u00e4ste oder Konferenzen.<\/p>\n\n\n\n<h2 class=\"wp-block-heading\"><a name=\"panorama-suite\"><\/a>Was ist eine Panorama Suite?<\/h2>\n\n\n\n<p>Hat die Suite gro\u00dfe Fensterfl\u00e4chen zu bieten, die dem Gast eine tolle Aussicht erm\u00f6glichen, spricht man von einer Panorama Suite. Diese befindet sich logischerweise meist in den h\u00f6heren Stockwerken des Hotels. In l\u00e4ndlichen Gegenden oder in den Bergen haben Panorama Suiten normalerweise hohe Fenster sowie einen gro\u00dfen Balkon, von dem aus sich die Aussicht perfekt genie\u00dfen l\u00e4sst. Die Gr\u00f6\u00dfe einer Panorama Suite f\u00e4llt je nach Hotel und dessen Lage sehr unterschiedlich aus und kann zwischen 40 und 100 Quadratmetern betragen.<\/p>\n\n\n\n<h2 class=\"wp-block-heading\"><a name=\"royal-suite\"><\/a>Was ist eine Royal Suite?<\/h2>\n\n\n\n<p>Diese Suite-Kategorie steht f\u00fcr besonderen Prunk und Luxus und kann auch schon mal die komplette Gr\u00f6\u00dfe einer ganzen Etage einnehmen. Neben einem komfortablen Schlafzimmer mit Kingsize-Bett findet man hier auch ein gro\u00dfes Wohnzimmer mit luxuri\u00f6sen Couches und Tischen, eine K\u00fcche, ein Esszimmer sowie einen Wellnessraum mit Badewanne oder Whirlpool, manchmal sogar eine eigene Sauna. Hinzu kommen noch ein gro\u00dfer Balkon bzw. eine Terrasse mit atemberaubender Aussicht. Doch damit ist es noch lange nicht genug: Den G\u00e4sten einer Royal Suite steht au\u00dferdem eine Rund-um-die-Uhr-Bedienung zur Verf\u00fcgung.<\/p>\n\n\n\n<p>Die durchschnittliche Gr\u00f6\u00dfe dieser Luxus-Suite umfasst zirka 1000 bis 2000 Quadratmeter, wobei die M\u00f6glichkeit besteht, auch noch die benachbarten Suiten mitzuverbinden, zum Beispiel f\u00fcr Kinder, Personal oder weitere G\u00e4ste.<\/p>\n\n\n\n<p>Ein Whirlpool im Hotelzimmer? Kein Problem! <a href=\"https:\/\/www.sonnenklar.tv\/promo\/hotelzimmer-mit-whirlpool.html\">Hier sind unsere Top Angebote f\u00fcr Hotelzimmer mit Whirlpool<\/a>.<\/p>\n\n\n\n<h2 class=\"wp-block-heading\"><a name=\"praesidentensuite\"><\/a>Was ist eine Pr\u00e4sidentensuite?<\/h2>\n\n\n\n<p>Hier kommt die K\u00f6nigsklasse: Die Pr\u00e4sidentensuite ist die gr\u00f6\u00dfte und luxuri\u00f6seste Kategorie, in der man eine Suite buchen kann. Man findet sie ausschlie\u00dflich in F\u00fcnf-Sterne-Hotels (laut Landeskategorie). Nicht nur durch ihre riesige Fl\u00e4che stechen Pr\u00e4sidentensuiten hervor, sondern auch durch den schier grenzenlosen Komfort, der ihren G\u00e4sten zur Verf\u00fcgung steht. Hierzu geh\u00f6ren zum Beispiel ein eigener Butler, ein Pool und Whirlpool, eine eigene Sauna und manchmal auch ein Klavier.<\/p>\n\n\n\n<p>Wie die Royal Suite kann auch die Pr\u00e4sidentensuite mit noch weiteren Suiten verbunden sein, damit auch das Personal m\u00f6glichst nahe untergebracht werden kann. Der Name \u201ePr\u00e4sidentensuite\u201c geht \u00fcbrigens auf die amerikanischen Pr\u00e4sidenten zur\u00fcck, welche auf ihren Reisen meist die gr\u00f6\u00dfte Suite eines Hotels in Anspruch nahmen.<\/p>\n\n\n\n<h2 class=\"wp-block-heading\"><a name=\"suite-hotel\"><\/a>Was ist ein Suite-Hotel?<\/h2>\n\n\n\n<p>Suite-Hotels sind Hotels, die ausschlie\u00dflich Suiten anbieten. In Deutschland kann man beim Begriff Suite-Hotel von besonderem Komfort ausgehen, der den eines regul\u00e4ren Hotelzimmers ganz deutlich \u00fcbersteigt.<\/p>\n\n\n\n<p>Anders sieht es oft im Ausland aus, wo der Standard mancher Suite-Hotels deutlich bescheidener gehalten wird. Zwar bestehen die Suiten wie in der Definition verlangt aus zumindest gro\u00dfen R\u00e4umen, doch k\u00f6nnen Komfort und Annehmlichkeiten stark vom deutschen Standard abweichen. Der Vorteil hierbei ist aber, dass auch der Preis deutlich geringer ausf\u00e4llt und oftmals den Preisen f\u00fcr Apartment-Hotels oder Ferienwohnungen gleichkommt.<\/p>\n\n\n\n<h3 class=\"wp-block-heading\">Mehr zum Thema Unterkunft:<\/h3>\n\n\n\n<p><a href=\"https:\/\/www.sonnenklar.tv\/blog\/reiselexikon\/was-bedeuten-hotelsterne\/\">Hotelsterne<\/a>\u00a0 \u00a0 <a href=\"https:\/\/www.sonnenklar.tv\/blog\/reiselexikon\/hotel-abkuerzungen-bedeutung\/\">Hotelabk\u00fcrzungen<\/a>\u00a0\u00a0\u00a0\u00a0<a href=\"https:\/\/www.sonnenklar.tv\/blog\/reiselexikon\/bed-and-breakfast-bedeutung\/\">Bed &amp; Breakfast<\/a>\u00a0 \u00a0 <a href=\"https:\/\/www.sonnenklar.tv\/blog\/reiselexikon\/bungalow-bedeutung\/\">Bungalow<\/a>\u00a0 \u00a0 <a href=\"https:\/\/www.sonnenklar.tv\/blog\/reiselexikon\/finca-bedeutung\/\">Finca<\/a>\u00a0 \u00a0 <a href=\"https:\/\/www.sonnenklar.tv\/blog\/reiselexikon\/chalet-bedeutung\/\">Chalet<\/a>\u00a0 \u00a0\u00a0<a href=\"https:\/\/www.sonnenklar.tv\/blog\/reiselexikon\/riad-bedeutung\/\">Riad<\/a>\u00a0 \u00a0 <a href=\"https:\/\/www.sonnenklar.tv\/blog\/reiselexikon\/hostel-bedeutung\/\">Hostel<\/a>\u00a0 \u00a0 <a href=\"https:\/\/www.sonnenklar.tv\/blog\/reiselexikon\/erwachsenenhotel-bedeutung\/\">Erwachsenenhotel<\/a>\u00a0 \u00a0 <a href=\"https:\/\/www.sonnenklar.tv\/blog\/reiselexikon\/aparthotel-bedeutung\/\">Aparthotel<\/a>\u00a0 \u00a0 <a href=\"https:\/\/www.sonnenklar.tv\/blog\/reiselexikon\/vital-hotel-bedeutung\/\">Vital Hotel<\/a>\u00a0 \u00a0\u00a0<a href=\"https:\/\/www.sonnenklar.tv\/blog\/reiselexikon\/glueckshotel-bedeutung\/\">Gl\u00fcckshotel<\/a>\u00a0 \u00a0 <a href=\"https:\/\/www.sonnenklar.tv\/blog\/reiselexikon\/resort-bedeutung\/\">Resort<\/a>\u00a0 \u00a0 <a href=\"https:\/\/www.sonnenklar.tv\/blog\/reiselexikon\/mobilheim-bedeutung\/\">Mobilheim<\/a>\u00a0 \u00a0 <a href=\"https:\/\/www.sonnenklar.tv\/blog\/reiselexikon\/pension-hotel-bedeutung\/\">Pension<\/a>\u00a0 \u00a0 <a href=\"https:\/\/www.sonnenklar.tv\/blog\/reiselexikon\/hotel-garni-bedeutung\/\">Hotel Garni<\/a>\u00a0 \u00a0\u00a0<a href=\"https:\/\/www.sonnenklar.tv\/blog\/reiselexikon\/doppelzimmer-bedeutung\/\">Doppelzimmer<\/a>\u00a0 \u00a0\u00a0<a href=\"https:\/\/www.sonnenklar.tv\/blog\/reiselexikon\/familienzimmer-bedeutung\/\">Familienzimmer<\/a>\u00a0 \u00a0 <a href=\"https:\/\/www.sonnenklar.tv\/blog\/reiselexikon\/sparzimmer-bedeutung\/\">Sparzimmer<\/a>\u00a0 \u00a0 <a href=\"https:\/\/www.sonnenklar.tv\/blog\/reiselexikon\/boutique-hotel-bedeutung\/\">Boutique Hotel<\/a>\u00a0\u00a0\u00a0 <a href=\"https:\/\/www.sonnenklar.tv\/blog\/reiselexikon\/biohotel-bedeutung\/\">Biohotel<\/a>\u00a0 \u00a0 <a href=\"https:\/\/www.sonnenklar.tv\/blog\/reiselexikon\/studio-apartment-bedeutung\/\">Studio Apartment<\/a> \u00a0 \u00a0 <a href=\"https:\/\/www.sonnenklar.tv\/blog\/reiselexikon\/kabine-bedeutung\/\">Kabine<\/a>\u00a0 \u00a0 <a href=\"https:\/\/www.sonnenklar.tv\/blog\/reiselexikon\/superiorzimmer-bedeutung\/\">Superiorzimmer<\/a>\u00a0 \u00a0 <a href=\"https:\/\/www.sonnenklar.tv\/blog\/boardinghouse-bedeutung\/\">Boardinghouse<\/a>\u00a0 \u00a0 <a href=\"https:\/\/www.sonnenklar.tv\/blog\/reiselexikon\/ryokan-bedeutung\/\">Ryokan<\/a><\/p>\n\n\n\n<p><a href=\"https:\/\/www.sonnenklar.tv\/blog\/reiselexikon\/\">&lt;&lt; Zur\u00fcck zum Reiselexikon<\/a><\/p>\n","protected":false},"excerpt":{"rendered":"<p>In vielen Hotels findet man neben den regul\u00e4ren Zimmern auch Suiten, bei denen Komfort und Preis stark variieren. Die verschiedenen Suiten wie beispielsweise Junior Suite, Royal Suite oder Pr\u00e4sidentensuite haben jeweils ganz bestimmte Merkmale, in denen sie sich unterscheiden. Inhaltsverzeichnis Was bedeutet Suite? Der Begriff \u201eSuite\u201c (franz\u00f6sisch; \u201eFolge\u201c oder \u201eFortsetzung\u201c) hat auch im Franz\u00f6sischen die<\/p>\n","protected":false},"author":3,"featured_media":0,"parent":6051,"menu_order":0,"comment_status":"closed","ping_status":"closed","template":"","meta":{"footnotes":""},"class_list":["post-6881","page","type-page","status-publish"],"_links":{"self":[{"href":"https:\/\/www.sonnenklar.tv\/blog\/wp-json\/wp\/v2\/pages\/6881","targetHints":{"allow":["GET"]}}],"collection":[{"href":"https:\/\/www.sonnenklar.tv\/blog\/wp-json\/wp\/v2\/pages"}],"about":[{"href":"https:\/\/www.sonnenklar.tv\/blog\/wp-json\/wp\/v2\/types\/page"}],"author":[{"embeddable":true,"href":"https:\/\/www.sonnenklar.tv\/blog\/wp-json\/wp\/v2\/users\/3"}],"replies":[{"embeddable":true,"href":"https:\/\/www.sonnenklar.tv\/blog\/wp-json\/wp\/v2\/comments?post=6881"}],"version-history":[{"count":28,"href":"https:\/\/www.sonnenklar.tv\/blog\/wp-json\/wp\/v2\/pages\/6881\/revisions"}],"predecessor-version":[{"id":37605,"href":"https:\/\/www.sonnenklar.tv\/blog\/wp-json\/wp\/v2\/pages\/6881\/revisions\/37605"}],"up":[{"embeddable":true,"href":"https:\/\/www.sonnenklar.tv\/blog\/wp-json\/wp\/v2\/pages\/6051"}],"wp:attachment":[{"href":"https:\/\/www.sonnenklar.tv\/blog\/wp-json\/wp\/v2\/media?parent=6881"}],"curies":[{"name":"wp","href":"https:\/\/api.w.org\/{rel}","templated":true}]}}