{"id":6871,"date":"2018-06-05T14:16:15","date_gmt":"2018-06-05T12:16:15","guid":{"rendered":"https:\/\/www.sonnenklar.tv\/blog\/?page_id=6871"},"modified":"2025-12-12T15:45:53","modified_gmt":"2025-12-12T14:45:53","slug":"kinderfestpreis-bedeutung","status":"publish","type":"page","link":"https:\/\/www.sonnenklar.tv\/blog\/reiselexikon\/kinderfestpreis-bedeutung\/","title":{"rendered":"Was ist Kinderfestpreis?"},"content":{"rendered":"\n<p><strong>Urlaub mit der ganzen Familie bedeutet Spa\u00df und Entspannung, doch auch gleichzeitig eine gro\u00dfe finanzielle Belastung. G\u00fcnstige Familienurlaube sind dennoch dank des sogenannten Kinderfestpreises m\u00f6glich. Die spezielle Erm\u00e4\u00dfigung wird bei vielen Pauschalreisen im In- und Ausland angeboten. Allerdings ist der Kinderfestpreis an bestimmte Voraussetzungen gebunden, wodurch er nicht immer in Anspruch genommen werden kann.<\/strong><\/p>\n\n\n\n<hr class=\"wp-block-separator has-css-opacity\"\/>\n\n\n\n<p><strong>Inhaltsverzeichnis<\/strong><\/p>\n\n\n\n<ul class=\"wp-block-list\">\n<li><a href=\"#kinderfestpreis-bedeutung\">Was ist der Kinderfestpreis?<\/a><\/li>\n\n\n\n<li><a href=\"#kinderfestpreis-vorteile-nachteile\">Was sind die Vor- und Nachteile des Kinderfestpreises?<\/a><\/li>\n\n\n\n<li><a href=\"#kinderfestpreis-nutzen\">Kinderfestpreis in Anspruch zu nehmen<\/a><\/li>\n<\/ul>\n\n\n\n<hr class=\"wp-block-separator has-css-opacity\"\/>\n\n\n\n<h2 class=\"wp-block-heading\"><a name=\"kinderfestpreis-bedeutung\"><\/a>Was ist der Kinderfestpreis?<\/h2>\n\n\n\n<p>Der Kinderfestpreis ist eine spezielle Erm\u00e4\u00dfigung bei Familienurlauben, welche die Urlaubskosten deutlich sinkt. Die Erm\u00e4\u00dfigung gilt ausschlie\u00dflich f\u00fcr Kinder, welche gemeinsam mit ihren Eltern oder einem anderen Erwachsenen Urlaub machen. Der Reiserabatt kommt vor allem bei ausgew\u00e4hlten <a href=\"https:\/\/www.sonnenklar.tv\/blog\/reiselexikon\/pauschalreise-bedeutung\/\" target=\"_blank\" rel=\"noopener\">Pauschalreisen<\/a> zum Einsatz. Die Reiseveranstalter erm\u00f6glichen Eltern, die Reisekosten f\u00fcr ihre Kinder gering zu halten, indem diese nicht den Gesamtreisepreis zahlen m\u00fcssen.<\/p>\n\n\n\n<p>Die Verg\u00fcnstigungen werden vor allem bei gemeinsamen Fl\u00fcgen oder bei den Unterk\u00fcnften angewendet. Auch eine Kombination aus beiden F\u00e4llen ist je nach Reiseveranstalter m\u00f6glich. Beispielsweise schl\u00e4ft das Kind im Zimmer der Eltern, sodass kein gesondertes Zimmer ben\u00f6tigt wird und folglich die Unterkunftsgeb\u00fchren geringer ausfallen.<\/p>\n\n\n\n<p>Der Kinderfestpreis beschr\u00e4nkt sich nicht auf eine bestimmte Art von Reise oder eine Urlaubsregion. Dennoch wird er nicht das gesamte Jahr \u00fcber angeboten. Somit m\u00fcssen Eltern auf bestimmte Pauschalreisen in bestimmte Ziell\u00e4nder bzw. Regionen oder auf Reisen innerhalb eines bestimmten Zeitraumes zur\u00fcckgreifen, wenn sie den Kinderfestpreis nutzen m\u00f6chten. Dennoch ist die Kinderrrm\u00e4\u00dfigung an festgelegte Voraussetzungen wie etwa das Alter der Kinder und die Anzahl an mitreisenden Erwachsenen gebunden. Folglich l\u00e4sst sich der Kinderfestpreis nicht immer in Anspruch nehmen, wenn die Voraussetzungen nicht erf\u00fcllt werden.<\/p>\n\n\n\n<h2 class=\"wp-block-heading\"><a name=\"kinderfestpreis-vorteile-nachteile\"><\/a>Was sind die Vor- und Nachteile des Kinderfestpreises?<\/h2>\n\n\n\n<p>Der gro\u00dfe Vorteil des Kinderfestpreises besteht im Kostenersparnis. Da die Kindererm\u00e4\u00dfigung vor allem Rabatte beim Flug oder bei der Unterkunft bringen, k\u00f6nnen Eltern viel Geld im Familienurlaub sparen und dennoch mit der gesamten Familie verreisen. Der Kinderfestpreis gilt immer bei Pauschalreisen im In- und Ausland, wodurch kosteng\u00fcnstig die Lieblingsurlaubsorte besucht werden k\u00f6nnen.<\/p>\n\n\n\n<p>W\u00e4hrend beim Transport meist eigene Sitzpl\u00e4tze zur Verf\u00fcgung gestellt werden, bieten viele Unterk\u00fcnfte die M\u00f6glichkeit, das Kind im Zimmer der Eltern unterzubringen. Dies bedeutet, dass das Kind zum Beispiel im Bett der Eltern oder in einem Beistellbett schl\u00e4ft.<\/p>\n\n\n\n<figure class=\"wp-block-image size-large\"><a href=\"https:\/\/www.sonnenklar.tv\/blog\/wp-content\/uploads\/2025\/02\/kinderfestpreis-1.jpg\"><img fetchpriority=\"high\" decoding=\"async\" width=\"880\" height=\"450\" src=\"https:\/\/www.sonnenklar.tv\/blog\/wp-content\/uploads\/2025\/02\/kinderfestpreis-1.jpg\" alt=\"Kinderfestpreis\" class=\"wp-image-34504\" srcset=\"https:\/\/www.sonnenklar.tv\/blog\/wp-content\/uploads\/2025\/02\/kinderfestpreis-1.jpg 880w, https:\/\/www.sonnenklar.tv\/blog\/wp-content\/uploads\/2025\/02\/kinderfestpreis-1-800x409.jpg 800w, https:\/\/www.sonnenklar.tv\/blog\/wp-content\/uploads\/2025\/02\/kinderfestpreis-1-120x61.jpg 120w, https:\/\/www.sonnenklar.tv\/blog\/wp-content\/uploads\/2025\/02\/kinderfestpreis-1-90x46.jpg 90w, https:\/\/www.sonnenklar.tv\/blog\/wp-content\/uploads\/2025\/02\/kinderfestpreis-1-320x164.jpg 320w, https:\/\/www.sonnenklar.tv\/blog\/wp-content\/uploads\/2025\/02\/kinderfestpreis-1-560x286.jpg 560w\" sizes=\"(max-width: 880px) 100vw, 880px\" \/><\/a><figcaption class=\"wp-element-caption\">Was bedeutet Kinderfestpreis?<\/figcaption><\/figure>\n\n\n\n<p><strong>Der Kinderfestpreis besitzt zugleich wesentliche Nachteile:<\/strong><\/p>\n\n\n\n<ul class=\"wp-block-list\">\n<li>Das Alter der Kinder<\/li>\n\n\n\n<li>Die Anzahl an mitreisenden Erwachsenen<\/li>\n\n\n\n<li>Die Reiseart<\/li>\n\n\n\n<li>Weitere Buchungen f\u00fcr Verpflegung und Freizeitprogramme<\/li>\n<\/ul>\n\n\n\n<p>Der Kinderfestpreis jedoch gilt meist nur f\u00fcr Anreise und bzw. oder Unterkunft. Verpflegung und Freizeitangebote f\u00fcr die Kinder m\u00fcssen h\u00e4ufig extra gebucht und gezahlt werden, da sie von der Kindererm\u00e4\u00dfigung nicht betroffen sind. Somit sparen die Eltern zwar Geld beim Flug oder bei den \u00dcbernachtungen, m\u00fcssen dennoch zugleich Geld f\u00fcr Essen und Unterhaltung ausgeben. Auch der Zeitraum, in welchen die Rabatte zug\u00e4nglich sind, unterscheiden sich.<\/p>\n\n\n\n<p>Da der Kinderfestpreis nur bei Pauschalreisen gilt, m\u00fcssen Eltern in der Regel bestimmte Reisen in eine ausgew\u00e4hlte Region zu einem festgelegten Zeitraum buchen, um den Rabatt in Anspruch zu nehmen. Somit f\u00e4llt die Reiseplanung weniger spontan und flexibel aus.<\/p>\n\n\n\n<p><a href=\"https:\/\/www.sonnenklar.tv\/promo\/familienurlaub-ostsee.html?utm_source=kinderfestpreis&amp;utm_medium=textlink&amp;utm_campaign=lexikon\">Jetzt die besten Urlaubsangebote an der Ostsee sichern<\/a><\/p>\n\n\n\n<p>Ebenfalls besitzt das Alter des Kindes sowie die Anzahl an erwachsenen Reiseteilnehmern deutlichen Einfluss auf die Erm\u00e4\u00dfigung. Der Kinderfestpreis gilt ausschlie\u00dflich f\u00fcr Kinder bis zu einem festgelegten Alter, sodass ihn Jugendliche und junge Erwachsene nicht in Anspruch nehmen k\u00f6nnen. Viele Reiseveranstalter beschr\u00e4nken sich auf den Kinderfestpreis f\u00fcr Kinder zwischen drei und f\u00fcnf Jahren, wobei diese h\u00e4ufig kostenfrei reisen, sowie acht bis zw\u00f6lf Jahren, welche von den Verg\u00fcnstigungen profitieren.<\/p>\n\n\n\n<p>In seltenen F\u00e4llen k\u00f6nnen Jugendliche bis achtzehn Jahre von Rabatten profitieren, insofern sie mit ihren Eltern verreisen. Pro Kind wird ein mitreisender Erwachsener ben\u00f6tigt, sodass eine Familie mit zwei Kindern mit zwei Erwachsenen verreisen muss.<\/p>\n\n\n\n<h2 class=\"wp-block-heading\"><a name=\"kinderfestpreis-nutzen\"><\/a>Kinderfestpreis in Anspruch zu nehmen<\/h2>\n\n\n\n<p>Der Kinderfestpreis wird exklusiv bei bestimmten Reisen angeboten. Viele Reiseveranstalter f\u00fchren Familienreisen mit der Erm\u00e4\u00dfigung, welche entweder online oder in einem Reiseb\u00fcro gebucht werden k\u00f6nnen. Je nach Reise wird die Anreise und bzw. oder die Unterkunft verbilligt. Welche Verg\u00fcnstigungen angeboten werden, vermerken die Reiseveranstalter gesondert in ihrem Programm.<\/p>\n\n\n\n<p>Die Eltern bzw. erwachsenen Mitreisenden sind an die festgelegten Angebote gebunden, sodass sie sich nicht mit anderen Reisen kombinieren lassen. Manche Reiseveranstalter bieten zugleich die Chance, eigene Reisepauschalangebote zu erstellen, welche den Kinderfestpreis enthalten.<\/p>\n\n\n\n<div class=\"wp-block-buttons is-horizontal is-content-justification-center is-layout-flex wp-container-core-buttons-is-layout-499968f5 wp-block-buttons-is-layout-flex\">\n<div class=\"wp-block-button\"><a class=\"wp-block-button__link wp-element-button\" href=\"https:\/\/www.sonnenklar.tv\/tv-specials\/familienurlaub.html\" target=\"_blank\" rel=\"noreferrer noopener\">Familienurlaub &#8211; zu den angeboten<\/a><\/div>\n<\/div>\n\n\n\n<h3 class=\"wp-block-heading\">Mehr zum Thema Rabatte:<\/h3>\n\n\n\n<p><a href=\"https:\/\/www.sonnenklar.tv\/blog\/reiselexikon\/fruehbucherrabatt-bedeutung\/\">Fr\u00fchbucherrabatt<\/a>\u00a0 \u00a0 <a href=\"https:\/\/www.sonnenklar.tv\/blog\/reiselexikon\/duty-free-bedeutung\/\">Duty-free<\/a><\/p>\n\n\n\n<p><a href=\"https:\/\/www.sonnenklar.tv\/blog\/reiselexikon\/\">&lt;&lt; Zur\u00fcck zum Reiselexikon<\/a><\/p>\n","protected":false},"excerpt":{"rendered":"<p>Urlaub mit der ganzen Familie bedeutet Spa\u00df und Entspannung, doch auch gleichzeitig eine gro\u00dfe finanzielle Belastung. G\u00fcnstige Familienurlaube sind dennoch dank des sogenannten Kinderfestpreises m\u00f6glich. Die spezielle Erm\u00e4\u00dfigung wird bei vielen Pauschalreisen im In- und Ausland angeboten. Allerdings ist der Kinderfestpreis an bestimmte Voraussetzungen gebunden, wodurch er nicht immer in Anspruch genommen werden kann. Inhaltsverzeichnis<\/p>\n","protected":false},"author":3,"featured_media":0,"parent":6051,"menu_order":0,"comment_status":"closed","ping_status":"closed","template":"","meta":{"footnotes":""},"class_list":["post-6871","page","type-page","status-publish"],"_links":{"self":[{"href":"https:\/\/www.sonnenklar.tv\/blog\/wp-json\/wp\/v2\/pages\/6871","targetHints":{"allow":["GET"]}}],"collection":[{"href":"https:\/\/www.sonnenklar.tv\/blog\/wp-json\/wp\/v2\/pages"}],"about":[{"href":"https:\/\/www.sonnenklar.tv\/blog\/wp-json\/wp\/v2\/types\/page"}],"author":[{"embeddable":true,"href":"https:\/\/www.sonnenklar.tv\/blog\/wp-json\/wp\/v2\/users\/3"}],"replies":[{"embeddable":true,"href":"https:\/\/www.sonnenklar.tv\/blog\/wp-json\/wp\/v2\/comments?post=6871"}],"version-history":[{"count":10,"href":"https:\/\/www.sonnenklar.tv\/blog\/wp-json\/wp\/v2\/pages\/6871\/revisions"}],"predecessor-version":[{"id":37585,"href":"https:\/\/www.sonnenklar.tv\/blog\/wp-json\/wp\/v2\/pages\/6871\/revisions\/37585"}],"up":[{"embeddable":true,"href":"https:\/\/www.sonnenklar.tv\/blog\/wp-json\/wp\/v2\/pages\/6051"}],"wp:attachment":[{"href":"https:\/\/www.sonnenklar.tv\/blog\/wp-json\/wp\/v2\/media?parent=6871"}],"curies":[{"name":"wp","href":"https:\/\/api.w.org\/{rel}","templated":true}]}}