{"id":6857,"date":"2018-06-05T13:40:04","date_gmt":"2018-06-05T11:40:04","guid":{"rendered":"https:\/\/www.sonnenklar.tv\/blog\/?page_id=6857"},"modified":"2025-12-12T16:06:33","modified_gmt":"2025-12-12T15:06:33","slug":"was-ist-eine-mautgebuehr","status":"publish","type":"page","link":"https:\/\/www.sonnenklar.tv\/blog\/reiselexikon\/was-ist-eine-mautgebuehr\/","title":{"rendered":"Was ist eine Mautgeb\u00fchr?"},"content":{"rendered":"\n<p><strong>Gerade im Sommer sind Millionen von Urlauber mit ihrem PKW auf den Weg in s\u00fcdlich gelegene Ferienziele. Vor dem Reisebeginn ist es jedoch ratsam, sich mit den Mautregelungen, die in den jeweiligen L\u00e4ndern gelten, vertraut zu machen. Denn f\u00fcr das Befahren von Stra\u00dfen, Tunnel, Br\u00fccken und Autobahnen werden in den meisten europ\u00e4ischen L\u00e4ndern Geb\u00fchren erhoben, die sogenannte Mautpflicht.&nbsp;Ein Gro\u00dfteil der Einnahmen aus der PKW Maut wird zur finanziellen Absicherung von Projekten zur Stra\u00dfeninstandhaltung genutzt, eine wichtige Investition, um die Sicherheit des Stra\u00dfennetzes in dem jeweiligen europ\u00e4ischen Land zu gew\u00e4hrleisten.<\/strong><\/p>\n\n\n\n<hr class=\"wp-block-separator has-css-opacity\"\/>\n\n\n\n<p><strong>Inhaltsverzeichnis<\/strong><\/p>\n\n\n\n<ul class=\"wp-block-list\">\n<li><a href=\"#maut-bedeutung\">Was ist eine Mautgeb\u00fchr f\u00fcr PKW&#8217;s?<\/a><\/li>\n\n\n\n<li><a href=\"#mautpflicht\">Gilt die PKW Mautpflicht f\u00fcr alle in Europa?<\/a><\/li>\n\n\n\n<li><a href=\"#maut-kategorien\">Mautgeb\u00fchren: Welche Kategorien gibt es?<\/a><\/li>\n\n\n\n<li><a href=\"#klebevignetten\">Klebevignetten<\/a><\/li>\n\n\n\n<li><a href=\"#kurzzeitvignetten\">Kurzzeitvignetten<\/a><\/li>\n\n\n\n<li><a href=\"#jahresvignetten\">Jahresvignetten<\/a><\/li>\n\n\n\n<li><a href=\"#maut-in-europa\">Mautgeb\u00fchren in Europa: Wo muss ich die Maut bezahlen?<\/a><\/li>\n<\/ul>\n\n\n\n<hr class=\"wp-block-separator has-css-opacity\"\/>\n\n\n\n<h2 class=\"wp-block-heading\"><a name=\"maut-bedeutung\"><\/a>Was ist eine Mautgeb\u00fchr f\u00fcr PKW&#8217;s?<\/h2>\n\n\n\n<p>Das etwas seltsam klingende Wort Maut hat seinen Ursprung im Altdeutschen und bedeutet im eigentlichen Sinne \u201eWegzoll\u201c, eine bereits im Mittelalter eingef\u00fchrte Abgabe von Stra\u00dfen- und Wegenutzungsentgeld, das sich sogar auf den Gebrauch von Wasserwegen und Br\u00fccken sowie auf den Durchgang von Stadttoren bezog. Heutzutage wird mit der Einf\u00fchrung der PKW Mautpflicht in Deutschland ebenso eine Nutzungsgeb\u00fchr f\u00fcr das Befahren des gesamten Stra\u00dfennetzes verlangt.<\/p>\n\n\n\n<p>Deutsche Autofahrer sind durch diese neue Regelung kaum zus\u00e4tzlich finanziell belastet. Doch welche Mautregelungen bestehen f\u00fcr sie in den anderen europ\u00e4ischen L\u00e4ndern? Ist die Berechnung der Kosten f\u00fcr Kurzzeit- oder Langzeitvignetten europaweit einheitlich?<\/p>\n\n\n\n<figure class=\"wp-block-image size-large\"><a href=\"https:\/\/www.sonnenklar.tv\/blog\/wp-content\/uploads\/2025\/02\/mautstelle-1.jpg\"><img fetchpriority=\"high\" decoding=\"async\" width=\"880\" height=\"450\" src=\"https:\/\/www.sonnenklar.tv\/blog\/wp-content\/uploads\/2025\/02\/mautstelle-1.jpg\" alt=\"Mautstelle\" class=\"wp-image-34521\" srcset=\"https:\/\/www.sonnenklar.tv\/blog\/wp-content\/uploads\/2025\/02\/mautstelle-1.jpg 880w, https:\/\/www.sonnenklar.tv\/blog\/wp-content\/uploads\/2025\/02\/mautstelle-1-800x409.jpg 800w, https:\/\/www.sonnenklar.tv\/blog\/wp-content\/uploads\/2025\/02\/mautstelle-1-120x61.jpg 120w, https:\/\/www.sonnenklar.tv\/blog\/wp-content\/uploads\/2025\/02\/mautstelle-1-90x46.jpg 90w, https:\/\/www.sonnenklar.tv\/blog\/wp-content\/uploads\/2025\/02\/mautstelle-1-320x164.jpg 320w, https:\/\/www.sonnenklar.tv\/blog\/wp-content\/uploads\/2025\/02\/mautstelle-1-560x286.jpg 560w\" sizes=\"(max-width: 880px) 100vw, 880px\" \/><\/a><figcaption class=\"wp-element-caption\">Was ist eine Mautgeb\u00fchr?<\/figcaption><\/figure>\n\n\n\n<h2 class=\"wp-block-heading\"><a name=\"mautpflicht\"><\/a>Gilt die PKW Mautpflicht f\u00fcr alle in Europa?<\/h2>\n\n\n\n<p>Nicht in jedem europ\u00e4ischen Land m\u00fcssen PKW Fahrer mit einer Mautpflicht f\u00fcr die Nutzung von Autobahnen oder des Stra\u00dfensystems rechnen. Zu den mautfreien L\u00e4ndern z\u00e4hlen Finnland, Island, Gro\u00dfbritannien, Estland, Moldawien, die Ukraine, Bosnien-Herzegovina, Monaco, Zypern und Luxemburg. Aber auch in diesen Staaten existieren Ausnahmen, so dass spezielle, ortsgebundene Mautgeb\u00fchren, wie eine Innenstadt-, Tunnel- oder Br\u00fcckenmaut, erhoben werden k\u00f6nnen.<\/p>\n\n\n\n<p>Generell gilt, dass in L\u00e4ndern mit einer Mautpflicht die jeweiligen Mautbestimmungen f\u00fcr alle PKWs zutreffen. Eine einheitliche europaweite PKW Mautbetragsh\u00f6he gib es nicht. Es ist demnach jedem Land selbst \u00fcberlassen, die H\u00f6he der Mautpflicht festzusetzen. In einigen L\u00e4ndern, wie zum Beispiel in \u00d6sterreich, werden EU Richtlinien gem\u00e4\u00df Gratis Vignetten auch an behinderte PKW Inhaber aus dem Ausland vergeben.<\/p>\n\n\n\n<h2 class=\"wp-block-heading\"><a name=\"maut-kategorien\"><\/a>Mautgeb\u00fchren: Welche Kategorien gibt es?<\/h2>\n\n\n\n<p>Mautgeb\u00fchren werden in vielen europ\u00e4ischen L\u00e4ndern als digitale Vignette eingel\u00f6st und k\u00f6nnen problemlos online erstanden werden, was elektronisch gesteuerte Kontrollvorg\u00e4nge wesentlich erleichtert. Dabei sollte auf die G\u00fcltigkeit geachtet werden, denn besonders in \u00d6sterreich werden digitale Vignetten fr\u00fchestens am 18. Tag nach der Bestellung einer Vignette anerkannt.<\/p>\n\n\n\n<h3 class=\"wp-block-heading\"><a name=\"klebevignetten\"><\/a>Klebevignetten<\/h3>\n\n\n\n<p>Klebevignetten sind zwar in Deutschland nicht \u00fcblich, werden hingegen in \u00d6sterreich und in der Schweiz verwendet und m\u00fcssen gut erkennbar innen an der oberen PKW Windschutzscheibe angebracht werden.<\/p>\n\n\n\n<h3 class=\"wp-block-heading\"><a name=\"kurzzeitvignetten\"><\/a>Kurzzeitvignetten<\/h3>\n\n\n\n<p>Kurzzeitvignetten sind in vielen europ\u00e4ischen L\u00e4ndern f\u00fcr eine Aufenthaltsdauer von 10 Tagen bis zu 2 Monaten g\u00fcltig. Die Betragsh\u00f6he ist auch in \u00d6sterreich in unterschiedliche Kategorien eingeteilt, denen zufolge f\u00fcr Fahrzeuge mit gr\u00f6\u00dferem Schadstoffaussto\u00df ein h\u00f6herer Mautbetrag gezahlt werden muss als f\u00fcr umweltfreundliche PKWs. Auf diese Weise soll der Kauf von \u00f6kologisch konzipierten Autos effektiv gef\u00f6rdert werden.<\/p>\n\n\n\n<h3 class=\"wp-block-heading\"><a name=\"jahresvignetten\"><\/a>Jahresvignetten<\/h3>\n\n\n\n<p>Jahresvignetten gelten in der Regel f\u00fcr 14 Monate (von Anfang Dezember des jeweiligen Jahres bis Ende Januar im Anschluss an das Vignettenjahr).<\/p>\n\n\n\n<p><a href=\"https:\/\/www.sonnenklar.tv\/eigenanreise.html?utm_source=mautgebuehr&amp;utm_medium=textlink&amp;utm_campaign=lexikon\">Die besten sonnenklar.TV Angebote f\u00fcr den Urlaub mit eigener Anreise<\/a>.\u00a0<\/p>\n\n\n\n<h2 class=\"wp-block-heading\"><a name=\"maut-in-europa\"><\/a>Mautgeb\u00fchren in Europa: Wo muss ich die Maut bezahlen?<\/h2>\n\n\n\n<p>In den meisten europ\u00e4ischen L\u00e4ndern gilt eine generelle oder teilweise Mautpflicht, die je nach Land entweder streckenbezogen oder allgemein erhoben wird.<\/p>\n\n\n\n<p>Entfernungsabh\u00e4ngige Mautgeb\u00fchren gelten in europ\u00e4ischen L\u00e4ndern wie Gro\u00dfbritannien, Norwegen, Mazedonien, Spanien, Portugal, Kroatien, Irland, Italien, Griechenland, Wei\u00dfrussland, der T\u00fcrkei und Serbien. Auch in Frankreich und Polen werden Mautgeb\u00fchren je nach Streckenabschnitt an den daf\u00fcr zust\u00e4ndigen Mautstellen Automaten entlang der Autobahn gezahlt. In Polen existiert eine elektronische Mauterkennung. Alternativ dazu k\u00f6nnen optimal organisierte PKW Reisende das gute Landstra\u00dfennetz in Frankreich oder Polen nutzen, um kostensparend in diesen L\u00e4ndern an ihr Reiseziel zu gelangen. Sondermautgeb\u00fchren werden in Frankreich unter anderem f\u00fcr die Nutzung des Mont Blanc Tunnels erhoben.<\/p>\n\n\n\n<p>In Italien existiert ein \u00e4hnliches Mautsystem f\u00fcr Autobahnen, wobei italienische Schnellstra\u00dfen ohne zus\u00e4tzliche Mautgeb\u00fchren befahren werden. Mautpflichtige Stra\u00dfen sind dort mit einem gr\u00fcnen Schild gekennzeichnet, mautfreie hingegen mit einem blauen Schild. Am Brenner Pass zwischen \u00d6sterrreich und Italien m\u00fcssen PKW Fahrer mit einer Sondermaut rechnen. In den s\u00fcdlichen Regionen Italiens hingegen gibt es bis zu 900 km Autobahn Streckenabschnitte, die f\u00fcr PKWs mautfrei sind.<\/p>\n\n\n\n<p><strong>Aktuelle Vignettengeb\u00fchren f\u00fcr 7 &#8211; 10 Tage \/ 1 Monat \/ 1 Jahr:<\/strong><\/p>\n\n\n\n<ul class=\"wp-block-list\">\n<li><strong>Tschechien:<\/strong> 13,00 Euro \/ 18,00 Euro \/ Jahresvignette: 61,00 Euro<\/li>\n\n\n\n<li><strong>Slowakei:<\/strong> 10,00 Euro \/ 14,00 Euro \/ Jahresvignette: 50,oo Euro<\/li>\n\n\n\n<li><strong>Ungarn:<\/strong> 9,60 Euro \/ 15,40 Euro \/ Jahresvignette: 138,80 Euro<\/li>\n\n\n\n<li><strong>Slowenien:<\/strong> 15,00 Euro \/ 30,00 Euro \/ Jahresvignette: 110,00 Euro<\/li>\n\n\n\n<li><strong>Rum\u00e4nien:<\/strong> 3,00 Euro \/ 7,00 Euro \/ Jahresvignette: 28,00 Euro<\/li>\n\n\n\n<li><strong>Bulgarien:<\/strong> 8,00 Euro \/ 15,00 Euro \/ Jahresvignette: 50,00 Euro<\/li>\n\n\n\n<li><strong>\u00d6sterreich:<\/strong> 9,00 Euro \/ 26,00 Euro \/ Jahresvignette: 87,30 Euro<\/li>\n\n\n\n<li><strong>Schweiz:<\/strong> -\/- Jahresvignette: 35,75 Euro<\/li>\n<\/ul>\n\n\n\n<p>Zus\u00e4tzliche Sondermauten fallen in der Schweiz, in \u00d6sterreich, Italien sowie in den skandinavischen L\u00e4ndern an und betreffen das Befahren von P\u00e4ssen, Br\u00fccken und Tunnel. Kurzzeit- oder Jahresvignetten k\u00f6nnen im Ausland an den meisten Grenz\u00fcberg\u00e4ngen, Post\u00e4mtern und \u00e4hnlichen Amtseinrichtungen erstanden werden.<\/p>\n\n\n\n<h3 class=\"wp-block-heading\">Mehr zum Thema Geb\u00fchren:<\/h3>\n\n\n\n<p><a href=\"https:\/\/www.sonnenklar.tv\/blog\/reiselexikon\/einzelzimmerzuschlag-bedeutung\/\">Einzelzimmerzuschlag<\/a>\u00a0 \u00a0 <a href=\"https:\/\/www.sonnenklar.tv\/blog\/reiselexikon\/fremdwaehrungsgebuehren-bedeutung\/\">Fremdw\u00e4hrungsgeb\u00fchren<\/a>\u00a0 \u00a0 <a href=\"https:\/\/www.sonnenklar.tv\/blog\/reiselexikon\/was-ist-eine-kurtaxe\/\">Kurtaxe<\/a>\u00a0 \u00a0 <a href=\"https:\/\/www.sonnenklar.tv\/blog\/reiselexikon\/was-sind-stornogebuehren\/\">Stornogeb\u00fchren<\/a>\u00a0 \u00a0 <a href=\"https:\/\/www.sonnenklar.tv\/blog\/reiselexikon\/treibstoffzuschlag-bedeutung\/\">Treibstoffzuschlag<\/a><\/p>\n\n\n\n<p><a href=\"https:\/\/www.sonnenklar.tv\/blog\/reiselexikon\/\">&lt;&lt; Zur\u00fcck zum Reiselexikon<\/a><\/p>\n","protected":false},"excerpt":{"rendered":"<p>Gerade im Sommer sind Millionen von Urlauber mit ihrem PKW auf den Weg in s\u00fcdlich gelegene Ferienziele. Vor dem Reisebeginn ist es jedoch ratsam, sich mit den Mautregelungen, die in den jeweiligen L\u00e4ndern gelten, vertraut zu machen. Denn f\u00fcr das Befahren von Stra\u00dfen, Tunnel, Br\u00fccken und Autobahnen werden in den meisten europ\u00e4ischen L\u00e4ndern Geb\u00fchren erhoben,<\/p>\n","protected":false},"author":3,"featured_media":0,"parent":6051,"menu_order":0,"comment_status":"closed","ping_status":"closed","template":"","meta":{"footnotes":""},"class_list":["post-6857","page","type-page","status-publish"],"_links":{"self":[{"href":"https:\/\/www.sonnenklar.tv\/blog\/wp-json\/wp\/v2\/pages\/6857","targetHints":{"allow":["GET"]}}],"collection":[{"href":"https:\/\/www.sonnenklar.tv\/blog\/wp-json\/wp\/v2\/pages"}],"about":[{"href":"https:\/\/www.sonnenklar.tv\/blog\/wp-json\/wp\/v2\/types\/page"}],"author":[{"embeddable":true,"href":"https:\/\/www.sonnenklar.tv\/blog\/wp-json\/wp\/v2\/users\/3"}],"replies":[{"embeddable":true,"href":"https:\/\/www.sonnenklar.tv\/blog\/wp-json\/wp\/v2\/comments?post=6857"}],"version-history":[{"count":13,"href":"https:\/\/www.sonnenklar.tv\/blog\/wp-json\/wp\/v2\/pages\/6857\/revisions"}],"predecessor-version":[{"id":37618,"href":"https:\/\/www.sonnenklar.tv\/blog\/wp-json\/wp\/v2\/pages\/6857\/revisions\/37618"}],"up":[{"embeddable":true,"href":"https:\/\/www.sonnenklar.tv\/blog\/wp-json\/wp\/v2\/pages\/6051"}],"wp:attachment":[{"href":"https:\/\/www.sonnenklar.tv\/blog\/wp-json\/wp\/v2\/media?parent=6857"}],"curies":[{"name":"wp","href":"https:\/\/api.w.org\/{rel}","templated":true}]}}