{"id":6835,"date":"2018-06-05T11:56:57","date_gmt":"2018-06-05T09:56:57","guid":{"rendered":"https:\/\/www.sonnenklar.tv\/blog\/?page_id=6835"},"modified":"2025-12-12T15:30:46","modified_gmt":"2025-12-12T14:30:46","slug":"bungalow-bedeutung","status":"publish","type":"page","link":"https:\/\/www.sonnenklar.tv\/blog\/reiselexikon\/bungalow-bedeutung\/","title":{"rendered":"Was ist ein Bungalow?"},"content":{"rendered":"\n<p><strong>Im Gegensatz zu einem Appartement oder einer Ferienwohnung stehen Bungalows in der Regel alleine und sind nicht innerhalb eines Geb\u00e4udes oder Geb\u00e4udekomplexes angeordnet. Ferienwohnungen befinden sich oft mit anderen Wohnungen innerhalb eines mehrgeschossigen Bauwerks. Genauso sind mehrere Appartements innerhalb eines Geb\u00e4udes angeordnet.<\/strong><\/p>\n\n\n\n<hr class=\"wp-block-separator has-css-opacity\"\/>\n\n\n\n<p><strong>Inhaltsverzeichnis<\/strong><\/p>\n\n\n\n<ul class=\"wp-block-list\">\n<li><a href=\"#bungalow-bedeutung\">Was ist eigentlich ein Bungalow genau?<\/a><\/li>\n\n\n\n<li><a href=\"#bungalow-vorteile\">Welche Vorteile bieten Bungalows?<\/a><\/li>\n\n\n\n<li><a href=\"#bungalow-mieten\">Was ist beim Mieten eines Bungalows noch zu beachten?<\/a><\/li>\n\n\n\n<li><a href=\"#bungalow-urlaub\">Wo ist Bungalowurlaub besonders beliebt?<\/a><\/li>\n<\/ul>\n\n\n\n<hr class=\"wp-block-separator has-css-opacity\"\/>\n\n\n\n<h2 class=\"wp-block-heading\"><a name=\"bungalow-bedeutung\"><\/a>Was ist eigentlich ein Bungalow genau?<\/h2>\n\n\n\n<p>Nach seinem Ursprung ist ein Bungalow ein frei stehendes Haus mit Flachdach oder einer anderen Form, das nur \u00fcber ein einziges Geschoss verf\u00fcgt. Seinen Ursprung hat der Bungalow im Englischen und bedeutet &#8222;Bengalisches&#8220;. Die H\u00e4user der in Indien gelegenen Provinz Bengalen wurden f\u00fcr die damaligen britischen Besatzer zur Inspiration. Diese bauten \u00e4hnliche Geb\u00e4ude, die sie als Landsitz oder Ferienhaus nutzten. Deshalb wird noch heute die bodennahe Architektur der Bungalows f\u00fcr Ferienh\u00e4user genutzt.<\/p>\n\n\n\n<p>Wie die fr\u00fcheren bengalischen H\u00e4user sind auch die heutigen Geb\u00e4ude eingeschossig und besitzen h\u00e4ufig eine breite Veranda. Allerdings ist die Bauweise heutiger Bungalows sehr unterschiedlich. In \u00d6sterreich oder der Schweiz handelt es sich um klassische Almh\u00fctten und an der Nordsee teilweise sogar um Geb\u00e4ude mit Reetdach.<\/p>\n\n\n\n<h2 class=\"wp-block-heading\"><a name=\"bungalow-vorteile\"><\/a>Welche Vorteile bieten Bungalows?<\/h2>\n\n\n\n<p>Bungalows zeichnen sich durch ihre ebenerdige Bauweise aus. In ihnen befinden sich keine Treppen. Die Grundrisse sind meistens rechteckig oder quadratisch und optisch haben die Geb\u00e4ude eine flache Erscheinung. Hinzu kommen besondere Dachformen wie ein Flach-, Walm- oder Satteldach. Bungalows erm\u00f6glichen Urlaubern ein barrierefreies Wohnen und eignen sich gut f\u00fcr \u00e4ltere Menschen mit Einschr\u00e4nkungen in ihrer Bewegung, aber auch f\u00fcr Rollstuhlfahrer. Durch ihre breite Fl\u00e4che bieten sie f\u00fcr Urlauber vielf\u00e4ltige M\u00f6glichkeiten und kurze Wege. Familien mit Kleinkindern k\u00f6nnen ihre Spr\u00f6sslinge besser im Blick behalten. Ferienbungalows bieten jedoch auch individuelle R\u00fcckzugsm\u00f6glichkeiten.<\/p>\n\n\n\n<figure class=\"wp-block-image size-large\"><a href=\"https:\/\/www.sonnenklar.tv\/blog\/wp-content\/uploads\/2025\/02\/bungalows-1.jpg\"><img fetchpriority=\"high\" decoding=\"async\" width=\"880\" height=\"450\" src=\"https:\/\/www.sonnenklar.tv\/blog\/wp-content\/uploads\/2025\/02\/bungalows-1.jpg\" alt=\"Bungalows\" class=\"wp-image-34500\" srcset=\"https:\/\/www.sonnenklar.tv\/blog\/wp-content\/uploads\/2025\/02\/bungalows-1.jpg 880w, https:\/\/www.sonnenklar.tv\/blog\/wp-content\/uploads\/2025\/02\/bungalows-1-800x409.jpg 800w, https:\/\/www.sonnenklar.tv\/blog\/wp-content\/uploads\/2025\/02\/bungalows-1-120x61.jpg 120w, https:\/\/www.sonnenklar.tv\/blog\/wp-content\/uploads\/2025\/02\/bungalows-1-90x46.jpg 90w, https:\/\/www.sonnenklar.tv\/blog\/wp-content\/uploads\/2025\/02\/bungalows-1-320x164.jpg 320w, https:\/\/www.sonnenklar.tv\/blog\/wp-content\/uploads\/2025\/02\/bungalows-1-560x286.jpg 560w\" sizes=\"(max-width: 880px) 100vw, 880px\" \/><\/a><figcaption class=\"wp-element-caption\">Was sind Bungalows eigentlich?<\/figcaption><\/figure>\n\n\n\n<p>Diese Geb\u00e4ude sind oft in Ferienanlagen anzufinden und sind eine gute Alternative zum Zelten. Einerseits gew\u00e4hrt die Form Privatsph\u00e4re, welche sich an individuellen Bed\u00fcrfnissen orientiert. Andererseits liegen Bungalows oft beieinander und sorgen f\u00fcr eine nachbarschaftliche Atmosph\u00e4re mit anderen Urlaubern.<\/p>\n\n\n\n<p>In den sch\u00f6nsten Wasserbungalows wohnt ihr auf den <a href=\"https:\/\/www.sonnenklar.tv\/promo\/urlaub-malediven.html\">Malediven<\/a>.<\/p>\n\n\n\n<h2 class=\"wp-block-heading\"><a name=\"bungalow-mieten\"><\/a>Was ist beim Mieten eines Bungalows noch zu beachten?<\/h2>\n\n\n\n<p>Diese Geb\u00e4udeart bietet f\u00fcr viele Urlauber viele M\u00f6glichkeiten. Je nach Wunsch k\u00f6nnen abgeschiedene H\u00e4user oder Unterk\u00fcnfte innerhalb einer Ferienanlage gebucht werden. Allerdings fordert eine schwere Erreichbarkeit h\u00f6here Kosten f\u00fcr Verpflegung und Anfahrt. Jedoch k\u00f6nnen abgelegene Bungalows mehr Ruhe bieten als welche, die sich innerhalb einer Ferienanlage befinden. Wer einen Bungalow anmieten will, sollte auf die Ausstattung achten.<\/p>\n\n\n\n<p>Es gibt Varianten mit einer voll ausgestatteten K\u00fcche, einschlie\u00dflich K\u00fchlschrank und Geschirrsp\u00fcler. Manchmal befindet sich um das Haus herum, sogar eine Grillm\u00f6glichkeit. Wer nicht selbst sein Essen zubereiten m\u00f6chte, muss einplanen, dass Kosten f\u00fcr Restaurants hinzukommen. Manchmal fallen jedoch noch Nebenkosten an, wodurch Entgelte f\u00fcr Strom und Heizung den Preis noch weiter erh\u00f6hen k\u00f6nnen.<\/p>\n\n\n\n<p><a href=\"https:\/\/www.sonnenklar.tv\/promo\/ferienhaus-mit-pool.html\">Jetzt die besten Bungalows und Ferienh\u00e4user mit Pool finden und unkompliziert buchen.<\/a><\/p>\n\n\n\n<h2 class=\"wp-block-heading\"><a name=\"bungalow-urlaub\"><\/a>Wo ist Bungalowurlaub besonders beliebt?<\/h2>\n\n\n\n<p>Bungalows k\u00f6nnen in allen Regionen Deutschlands und Europas angemietet werden. Viele Ferienparks befinden sich an Nord- oder Ostsee und k\u00f6nnen mit einem Strandurlaub verbunden werden. Andere wiederum sind im Gebirge und erm\u00f6glichen, die Bergwelt zu entdecken. Bungalows sind in allen Regionen im Sommer als auch im Winter verf\u00fcgbar.<\/p>\n\n\n\n<p>Bungalows bieten hervorragende Startm\u00f6glichkeiten f\u00fcr Ausfl\u00fcge, durch die die verschiedenen Regionen Deutschlands und Europas entdeckt werden k\u00f6nnen. Typisch sind Gegenden wie R\u00fcgen, Sylt, die Mecklenburgische Seenplatte, der Schwarzwald, das Alpenvorland oder der Bodensee. Im Ausland gibt es viele Urlaubsdomizile in den Niederlanden, Frankreich, Spanien, D\u00e4nemark, \u00d6sterreich, der Schweiz oder in Tschechien. Je nach Vorlieben und Interessen bieten Ferienparks Bet\u00e4tigungsm\u00f6glichkeiten am Meer, an Seen aber auch im Winter. Viele Parks sind mit Restaurants, Spa\u00df- oder Erlebnisb\u00e4dern und Au\u00dfenanlagen ausgestattet, die einen vielf\u00e4ltigen Urlaub erm\u00f6glichen.<\/p>\n\n\n\n<div class=\"wp-block-buttons is-horizontal is-content-justification-center is-layout-flex wp-container-core-buttons-is-layout-499968f5 wp-block-buttons-is-layout-flex\">\n<div class=\"wp-block-button\"><a class=\"wp-block-button__link wp-element-button\" href=\"https:\/\/www.sonnenklar.tv\" target=\"_blank\" rel=\"noreferrer noopener\">zu den urlaubsangeboten<\/a><\/div>\n<\/div>\n\n\n\n<h3 class=\"wp-block-heading\">Mehr zum Thema Unterkunft:<\/h3>\n\n\n\n<p><a href=\"https:\/\/www.sonnenklar.tv\/blog\/reiselexikon\/was-bedeuten-hotelsterne\/\">Hotelsterne<\/a>\u00a0 \u00a0 <a href=\"https:\/\/www.sonnenklar.tv\/blog\/reiselexikon\/hotel-abkuerzungen-bedeutung\/\">Hotelabk\u00fcrzungen<\/a>\u00a0\u00a0\u00a0\u00a0<a href=\"https:\/\/www.sonnenklar.tv\/blog\/reiselexikon\/bed-and-breakfast-bedeutung\/\">Bed &amp; Breakfast<\/a>\u00a0 \u00a0 <a href=\"https:\/\/www.sonnenklar.tv\/blog\/reiselexikon\/biohotel-bedeutung\/\">Biohotel<\/a>\u00a0 \u00a0 <a href=\"https:\/\/www.sonnenklar.tv\/blog\/reiselexikon\/finca-bedeutung\/\">Finca<\/a>\u00a0 \u00a0 <a href=\"https:\/\/www.sonnenklar.tv\/blog\/reiselexikon\/chalet-bedeutung\/\">Chalet<\/a>\u00a0 \u00a0\u00a0<a href=\"https:\/\/www.sonnenklar.tv\/blog\/reiselexikon\/riad-bedeutung\/\">Riad<\/a>\u00a0 \u00a0 <a href=\"https:\/\/www.sonnenklar.tv\/blog\/reiselexikon\/hostel-bedeutung\/\">Hostel<\/a>\u00a0 \u00a0 <a href=\"https:\/\/www.sonnenklar.tv\/blog\/reiselexikon\/erwachsenenhotel-bedeutung\/\">Erwachsenenhotel<\/a>\u00a0 \u00a0 <a href=\"https:\/\/www.sonnenklar.tv\/blog\/reiselexikon\/aparthotel-bedeutung\/\">Aparthotel<\/a>\u00a0 \u00a0 <a href=\"https:\/\/www.sonnenklar.tv\/blog\/reiselexikon\/vital-hotel-bedeutung\/\">Vital Hotel<\/a>\u00a0 \u00a0\u00a0<a href=\"https:\/\/www.sonnenklar.tv\/blog\/reiselexikon\/glueckshotel-bedeutung\/\">Gl\u00fcckshotel<\/a>\u00a0 \u00a0 <a href=\"https:\/\/www.sonnenklar.tv\/blog\/reiselexikon\/resort-bedeutung\/\">Resort<\/a>\u00a0 \u00a0 <a href=\"https:\/\/www.sonnenklar.tv\/blog\/reiselexikon\/mobilheim-bedeutung\/\">Mobilheim<\/a>\u00a0 \u00a0 <a href=\"https:\/\/www.sonnenklar.tv\/blog\/reiselexikon\/pension-hotel-bedeutung\/\">Pension<\/a>\u00a0 \u00a0 <a href=\"https:\/\/www.sonnenklar.tv\/blog\/reiselexikon\/hotel-garni-bedeutung\/\">Hotel Garni<\/a>\u00a0 \u00a0\u00a0<a href=\"https:\/\/www.sonnenklar.tv\/blog\/reiselexikon\/doppelzimmer-bedeutung\/\">Doppelzimmer<\/a>\u00a0 \u00a0\u00a0<a href=\"https:\/\/www.sonnenklar.tv\/blog\/reiselexikon\/familienzimmer-bedeutung\/\">Familienzimmer<\/a>\u00a0 \u00a0 <a href=\"https:\/\/www.sonnenklar.tv\/blog\/reiselexikon\/sparzimmer-bedeutung\/\">Sparzimmer<\/a>\u00a0 \u00a0 <a href=\"https:\/\/www.sonnenklar.tv\/blog\/reiselexikon\/boutique-hotel-bedeutung\/\">Boutique Hotel<\/a>\u00a0\u00a0\u00a0 <a href=\"https:\/\/www.sonnenklar.tv\/blog\/reiselexikon\/suite-bedeutung\/\">Suite<\/a>\u00a0 \u00a0 <a href=\"https:\/\/www.sonnenklar.tv\/blog\/reiselexikon\/studio-apartment-bedeutung\/\">Studio Apartment<\/a> \u00a0 \u00a0 <a href=\"https:\/\/www.sonnenklar.tv\/blog\/reiselexikon\/kabine-bedeutung\/\">Kabine<\/a>\u00a0 \u00a0 <a href=\"https:\/\/www.sonnenklar.tv\/blog\/reiselexikon\/superiorzimmer-bedeutung\/\">Superiorzimmer<\/a>\u00a0 \u00a0 <a href=\"https:\/\/www.sonnenklar.tv\/blog\/boardinghouse-bedeutung\/\">Boardinghouse<\/a>\u00a0 \u00a0 <a href=\"https:\/\/www.sonnenklar.tv\/blog\/reiselexikon\/ryokan-bedeutung\/\">Ryokan<\/a><\/p>\n\n\n\n<p><a href=\"https:\/\/www.sonnenklar.tv\/blog\/reiselexikon\/\">&lt;&lt; Zur\u00fcck zum Reiselexikon<\/a><\/p>\n","protected":false},"excerpt":{"rendered":"<p>Im Gegensatz zu einem Appartement oder einer Ferienwohnung stehen Bungalows in der Regel alleine und sind nicht innerhalb eines Geb\u00e4udes oder Geb\u00e4udekomplexes angeordnet. Ferienwohnungen befinden sich oft mit anderen Wohnungen innerhalb eines mehrgeschossigen Bauwerks. Genauso sind mehrere Appartements innerhalb eines Geb\u00e4udes angeordnet. Inhaltsverzeichnis Was ist eigentlich ein Bungalow genau? Nach seinem Ursprung ist ein Bungalow<\/p>\n","protected":false},"author":3,"featured_media":0,"parent":6051,"menu_order":0,"comment_status":"closed","ping_status":"closed","template":"","meta":{"footnotes":""},"class_list":["post-6835","page","type-page","status-publish"],"_links":{"self":[{"href":"https:\/\/www.sonnenklar.tv\/blog\/wp-json\/wp\/v2\/pages\/6835","targetHints":{"allow":["GET"]}}],"collection":[{"href":"https:\/\/www.sonnenklar.tv\/blog\/wp-json\/wp\/v2\/pages"}],"about":[{"href":"https:\/\/www.sonnenklar.tv\/blog\/wp-json\/wp\/v2\/types\/page"}],"author":[{"embeddable":true,"href":"https:\/\/www.sonnenklar.tv\/blog\/wp-json\/wp\/v2\/users\/3"}],"replies":[{"embeddable":true,"href":"https:\/\/www.sonnenklar.tv\/blog\/wp-json\/wp\/v2\/comments?post=6835"}],"version-history":[{"count":28,"href":"https:\/\/www.sonnenklar.tv\/blog\/wp-json\/wp\/v2\/pages\/6835\/revisions"}],"predecessor-version":[{"id":37562,"href":"https:\/\/www.sonnenklar.tv\/blog\/wp-json\/wp\/v2\/pages\/6835\/revisions\/37562"}],"up":[{"embeddable":true,"href":"https:\/\/www.sonnenklar.tv\/blog\/wp-json\/wp\/v2\/pages\/6051"}],"wp:attachment":[{"href":"https:\/\/www.sonnenklar.tv\/blog\/wp-json\/wp\/v2\/media?parent=6835"}],"curies":[{"name":"wp","href":"https:\/\/api.w.org\/{rel}","templated":true}]}}