{"id":6698,"date":"2018-05-29T15:28:51","date_gmt":"2018-05-29T13:28:51","guid":{"rendered":"https:\/\/www.sonnenklar.tv\/blog\/?page_id=6698"},"modified":"2025-12-12T15:41:06","modified_gmt":"2025-12-12T14:41:06","slug":"fruehbucherrabatt-bedeutung","status":"publish","type":"page","link":"https:\/\/www.sonnenklar.tv\/blog\/reiselexikon\/fruehbucherrabatt-bedeutung\/","title":{"rendered":"Was ist ein Fr\u00fchbucherrabatt?"},"content":{"rendered":"\n<p><strong>Viele Menschen \u00fcberlegen bereits im Herbst, welches Urlaubsziel im n\u00e4chsten Jahr infrage kommt. Sobald die ersten Urlaubskataloge erscheinen, kann die Auswahl entsprechender Urlaubsziele und Hotels beginnen. Viele Reiseunternehmen bieten ihren Kunden einen Fr\u00fchbucherrabatt an. Doch was bedeutet dieser Rabatt eigentlich?<\/strong><\/p>\n\n\n\n<hr class=\"wp-block-separator has-css-opacity\"\/>\n\n\n\n<p><strong>Inhaltsverzeichnis<\/strong><\/p>\n\n\n\n<ul class=\"wp-block-list\">\n<li><a href=\"#sparen-mit-fruehbucherrabatt\">Spart ihr wirklich durch Fr\u00fchbucherrabatt?<\/a><\/li>\n\n\n\n<li><a href=\"#fruehbucherrabatt-lohnt-sich\">F\u00fcr wen lohnt sich eine fr\u00fchzeitige Buchung?<\/a><\/li>\n\n\n\n<li><a href=\"#fruehbucherrabatt-vorteile\">Welche Vorteile bietet ein Fr\u00fchbucherrabatt?<\/a><\/li>\n\n\n\n<li><a href=\"#fruehbucherrabatt-nachteile\">Nachteile einer fr\u00fchen Urlaubsbuchung<\/a><\/li>\n\n\n\n<li><a href=\"#fruehbucherrabatt-lohnt-sich-nicht\">F\u00fcr wen lohnt sich eine Reise mit Fr\u00fchbucherrabatt nicht?<\/a><\/li>\n<\/ul>\n\n\n\n<hr class=\"wp-block-separator has-css-opacity\"\/>\n\n\n\n<h2 class=\"wp-block-heading\"><a name=\"sparen-mit-fruehbucherrabatt\"><\/a>Spart ihr wirklich durch Fr\u00fchbucherrabatt?<\/h2>\n\n\n\n<p>Je fr\u00fcher und je mehr Kunden buchen, umso einfacher kann ein Reiseveranstalter seine Angebote f\u00fcr das ganze Jahr planen. Durch eine fr\u00fchzeitige Kalkulation und Planung mit Fluggesellschaften und Hotels ist es den Veranstaltern m\u00f6glich, ihren Kunden einen Nachlass in Form eines Fr\u00fchbucherrabatts zu gew\u00e4hren. Dabei sind Rabatte bis zu 40 Prozent und mehr m\u00f6glich. Die entsprechenden Angebote werden ca. vier bis sechs Monate vor der eigentlichen Urlaubssaison von den Veranstaltern eingestellt. Wenn ihr ein besonderes Ziel im Auge habt und einen Fr\u00fchbucherrabatt nutzen wollt, dann schaut am besten regelm\u00e4\u00dfig nach entsprechenden Angeboten, damit ihr keine Schn\u00e4ppchen verpasst.<\/p>\n\n\n\n<h2 class=\"wp-block-heading\"><a name=\"fruehbucherrabatt-lohnt-sich\"><\/a>F\u00fcr wen lohnt sich eine fr\u00fchzeitige Buchung?<\/h2>\n\n\n\n<p>Wer seinen Urlaub in einem ganz bestimmten Ort verbringen m\u00f6chte oder ein besonderes Hotel bevorzugt, sollte sich am besten schon fr\u00fchzeitig f\u00fcr eine Buchung entscheiden. Denn wer sich schon einige Monate vor der Reise festlegt, wird oft mit einem Fr\u00fchbucherrabatt belohnt und erzielt so einen besonders g\u00fcnstigen Preis f\u00fcr die n\u00e4chste Urlaubsreise. Gerade Familien mit Kindern, die durch die Schulferien an gewisse Reisezeiten gebunden sind, k\u00f6nnen durch eine zeitige Buchung von diesem Rabatt profitieren. Denn in den Sommerferien sind die Preise f\u00fcr Urlaubsreisen leider oft besonders hoch.<\/p>\n\n\n\n<p>Auch Arbeitnehmer, die sich nach den Betriebsferien richten m\u00fcssen, haben bei der Urlaubszeit keine gro\u00dfe Wahlm\u00f6glichkeit. Hier kann sich eine fr\u00fchzeitige Buchung ebenfalls lohnen, um durch Rabatte wenigstens in den Genuss einer g\u00fcnstigen Reise zu kommen. Der Abschluss einer Reiser\u00fccktrittskostenversicherung ist in jedem Fall ratsam. Erst recht, wenn eine Reise schon viele Monate im Voraus gebucht wird.<\/p>\n\n\n\n<h2 class=\"wp-block-heading\"><a name=\"fruehbucherrabatt-vorteile\"><\/a>Welche Vorteile bietet ein Fr\u00fchbucherrabatt?<\/h2>\n\n\n\n<p>Wenn ihr den Urlaub schon fr\u00fchzeitig bucht, k\u00f6nnt ihr nicht nur beim Preis sparen, sondern noch von weiteren Vorteilen profitieren:<\/p>\n\n\n\n<ul class=\"wp-block-list\">\n<li>viele Hotels sind zu diesem Zeitpunkt noch nicht ausgebucht<\/li>\n\n\n\n<li>bestimmte Zimmerkategorien (Meerblick, Zimmer mit Verbindungst\u00fcre, Doppelzimmer als Einzelzimmer etc.) k\u00f6nnen noch ber\u00fccksichtigt werden<\/li>\n\n\n\n<li>Abflugtag und Abflugzeiten sind oft noch frei w\u00e4hlbar<\/li>\n\n\n\n<li>verschiedene Abflugh\u00e4fen stehen noch zur Verf\u00fcgung<\/li>\n<\/ul>\n\n\n\n<figure class=\"wp-block-image size-large\"><a href=\"https:\/\/www.sonnenklar.tv\/blog\/wp-content\/uploads\/2025\/02\/fruehbucherrabatt-1.jpg\"><img fetchpriority=\"high\" decoding=\"async\" width=\"880\" height=\"450\" src=\"https:\/\/www.sonnenklar.tv\/blog\/wp-content\/uploads\/2025\/02\/fruehbucherrabatt-1.jpg\" alt=\"Fr\u00fchbucherrabatt: Frau mit Bikini und Sonnenhut sitzt am Hotelpool\" class=\"wp-image-34484\" srcset=\"https:\/\/www.sonnenklar.tv\/blog\/wp-content\/uploads\/2025\/02\/fruehbucherrabatt-1.jpg 880w, https:\/\/www.sonnenklar.tv\/blog\/wp-content\/uploads\/2025\/02\/fruehbucherrabatt-1-800x409.jpg 800w, https:\/\/www.sonnenklar.tv\/blog\/wp-content\/uploads\/2025\/02\/fruehbucherrabatt-1-120x61.jpg 120w, https:\/\/www.sonnenklar.tv\/blog\/wp-content\/uploads\/2025\/02\/fruehbucherrabatt-1-90x46.jpg 90w, https:\/\/www.sonnenklar.tv\/blog\/wp-content\/uploads\/2025\/02\/fruehbucherrabatt-1-320x164.jpg 320w, https:\/\/www.sonnenklar.tv\/blog\/wp-content\/uploads\/2025\/02\/fruehbucherrabatt-1-560x286.jpg 560w\" sizes=\"(max-width: 880px) 100vw, 880px\" \/><\/a><\/figure>\n\n\n\n<h2 class=\"wp-block-heading\"><a name=\"fruehbucherrabatt-nachteile\"><\/a>Nachteile einer fr\u00fchen Urlaubsbuchung<\/h2>\n\n\n\n<p>Eine fr\u00fchzeitige Buchung bietet aber nicht nur Vorteile. Reduziert der Reiseveranstalter zum Beispiel die Preise noch weiter nach unten, so werdet ihr nach eurer Buchung nicht mehr in den Genuss dieser Preisreduzierung kommen.<\/p>\n\n\n\n<p>Famili\u00e4re oder pers\u00f6nliche Gegebenheiten k\u00f6nnten sich nach Buchung der Urlaubsreise \u00e4ndern und ggf. den Abbruch der Reise n\u00f6tig machen. In diesem Fall werden oft hohe Stornogeb\u00fchren f\u00e4llig. Eine Reiser\u00fccktrittskostenversicherung tritt nur in ganz bestimmten F\u00e4llen in Kraft und deckt nicht alle Risiken ab. Wer eine Reise schon sehr fr\u00fch bucht, muss nat\u00fcrlich auch immer mit besonderen Ereignissen am Urlaubsort rechnen, die nicht vorhersehbar sind. Zum Beispiel Naturkatastrophen oder \u00e4hnliche Ereignisse. Wollt ihr den Urlaub in diesem Fall stornieren, so seid ihr ggf. auf die Kulanz des Reiseveranstalters oder Reiseb\u00fcros angewiesen.<\/p>\n\n\n\n<h2 class=\"wp-block-heading\"><a name=\"fruehbucherrabatt-lohnt-sich-nicht\"><\/a>F\u00fcr wen lohnt sich eine Reise mit Fr\u00fchbucherrabatt nicht?<\/h2>\n\n\n\n<p>Der Fr\u00fchbucherrabatt wird \u00fcberwiegend bei Buchungen von Pauschalreisen in Anspruch genommen. Plant ihr dagegen eine individuelle Reise, dann wird es eher schwierig, Fr\u00fchbucherpreise zu bekommen. Denn bei einer individuellen Reise gibt es einfach zu viele einzelne Bausteine, die zusammengestellt und gebucht werden m\u00fcssen.<\/p>\n\n\n\n<div class=\"wp-block-buttons is-horizontal is-content-justification-center is-layout-flex wp-container-core-buttons-is-layout-499968f5 wp-block-buttons-is-layout-flex\">\n<div class=\"wp-block-button\"><a class=\"wp-block-button__link wp-element-button\" href=\"https:\/\/www.sonnenklar.tv\/neujahrsspecial.html\" target=\"_blank\" rel=\"noreferrer noopener\">Fr\u00fchbucher Urlaub &#8211;  zu den angeboten<\/a><\/div>\n<\/div>\n\n\n\n<h3 class=\"wp-block-heading\">Mehr zum Thema Rabatte:<\/h3>\n\n\n\n<p><a href=\"https:\/\/www.sonnenklar.tv\/blog\/reiselexikon\/kinderfestpreis-bedeutung\/\">Kinderfestpreis<\/a>\u00a0 \u00a0 <a href=\"https:\/\/www.sonnenklar.tv\/blog\/reiselexikon\/duty-free-bedeutung\/\">Duty-free<\/a><\/p>\n\n\n\n<p><a href=\"https:\/\/www.sonnenklar.tv\/blog\/reiselexikon\/\">&lt;&lt; Zur\u00fcck zum Reiselexikon<\/a><\/p>\n","protected":false},"excerpt":{"rendered":"<p>Viele Menschen \u00fcberlegen bereits im Herbst, welches Urlaubsziel im n\u00e4chsten Jahr infrage kommt. Sobald die ersten Urlaubskataloge erscheinen, kann die Auswahl entsprechender Urlaubsziele und Hotels beginnen. Viele Reiseunternehmen bieten ihren Kunden einen Fr\u00fchbucherrabatt an. Doch was bedeutet dieser Rabatt eigentlich? Inhaltsverzeichnis Spart ihr wirklich durch Fr\u00fchbucherrabatt? Je fr\u00fcher und je mehr Kunden buchen, umso einfacher<\/p>\n","protected":false},"author":3,"featured_media":0,"parent":6051,"menu_order":0,"comment_status":"closed","ping_status":"closed","template":"","meta":{"footnotes":""},"class_list":["post-6698","page","type-page","status-publish"],"_links":{"self":[{"href":"https:\/\/www.sonnenklar.tv\/blog\/wp-json\/wp\/v2\/pages\/6698","targetHints":{"allow":["GET"]}}],"collection":[{"href":"https:\/\/www.sonnenklar.tv\/blog\/wp-json\/wp\/v2\/pages"}],"about":[{"href":"https:\/\/www.sonnenklar.tv\/blog\/wp-json\/wp\/v2\/types\/page"}],"author":[{"embeddable":true,"href":"https:\/\/www.sonnenklar.tv\/blog\/wp-json\/wp\/v2\/users\/3"}],"replies":[{"embeddable":true,"href":"https:\/\/www.sonnenklar.tv\/blog\/wp-json\/wp\/v2\/comments?post=6698"}],"version-history":[{"count":15,"href":"https:\/\/www.sonnenklar.tv\/blog\/wp-json\/wp\/v2\/pages\/6698\/revisions"}],"predecessor-version":[{"id":37577,"href":"https:\/\/www.sonnenklar.tv\/blog\/wp-json\/wp\/v2\/pages\/6698\/revisions\/37577"}],"up":[{"embeddable":true,"href":"https:\/\/www.sonnenklar.tv\/blog\/wp-json\/wp\/v2\/pages\/6051"}],"wp:attachment":[{"href":"https:\/\/www.sonnenklar.tv\/blog\/wp-json\/wp\/v2\/media?parent=6698"}],"curies":[{"name":"wp","href":"https:\/\/api.w.org\/{rel}","templated":true}]}}