{"id":6687,"date":"2018-05-29T14:37:33","date_gmt":"2018-05-29T12:37:33","guid":{"rendered":"https:\/\/www.sonnenklar.tv\/blog\/?page_id=6687"},"modified":"2025-12-12T15:26:04","modified_gmt":"2025-12-12T14:26:04","slug":"bed-and-breakfast-bedeutung","status":"publish","type":"page","link":"https:\/\/www.sonnenklar.tv\/blog\/reiselexikon\/bed-and-breakfast-bedeutung\/","title":{"rendered":"Was ist Bed and Breakfast eigentlich?"},"content":{"rendered":"\n<p><strong>Ein Bed and Breakfast ist eine sch\u00f6ne M\u00f6glichkeit, in Deutschland oder einem anderen Land Urlaub zu machen. Falls ihr diese spezielle Unterkunft noch nicht kennt, hier ein paar Informationen, was euch dort erwartet.<\/strong><\/p>\n\n\n\n<hr class=\"wp-block-separator has-css-opacity\"\/>\n\n\n\n<p><strong>Inhaltsverzeichnis<\/strong><\/p>\n\n\n\n<ul class=\"wp-block-list\">\n<li><a href=\"#b-and-b-bedeutung\">Was ist ein Bed and Breakfast genau?<\/a><\/li>\n\n\n\n<li><a href=\"#unterschied-b-and-b-hotel\">Was ist der Unterschied zwischen einem Bed and Breakfast und einem Hotel?<\/a><\/li>\n\n\n\n<li><a href=\"#b-and-b-vorteile\">Welche Vorteile hat ein Bed and Breakfast?<\/a><\/li>\n\n\n\n<li><a href=\"#b-and-b-nachteile\">Welche Nachteile hat ein Bed and Breakfast?<\/a><\/li>\n\n\n\n<li><a href=\"#wo-gibt-es-b-and-b\">Wo gibt es Bed and Breakfast?<\/a><\/li>\n<\/ul>\n\n\n\n<hr class=\"wp-block-separator has-css-opacity\"\/>\n\n\n\n<h2 class=\"wp-block-heading\"><a name=\"b-and-b-bedeutung\"><\/a>Was ist ein Bed &amp; Breakfast genau?<\/h2>\n\n\n\n<p>Wenn ihr ein Bed and Breakfast, auf Deutsch Bett und Fr\u00fchst\u00fcck bucht, \u00fcbernachtet ihr in einem Privathaus. In ihm leben in der Regel auch die Besitzer, sodass ihr sofort Kontakt zu den Einheimischen habt. Da es sich um private H\u00e4user handelt, stehen f\u00fcr Urlauber meist nur wenige R\u00e4ume oder sogar nur ein einziges Zimmer zur Verf\u00fcgung. Auch das Bad m\u00fcsst ihr euch eventuell mit anderen G\u00e4sten teilen. Dementsprechend herrscht in einem Bed &amp; Breakfast eine fast famili\u00e4re Atmosph\u00e4re. Das Fr\u00fchst\u00fcck bekommt ihr von den Inhabern serviert. Sie k\u00fcmmern sich meist auch um alle anderen Angelegenheiten, denn sie besch\u00e4ftigen nur selten Angestellte.<\/p>\n\n\n\n<figure class=\"wp-block-image size-large\"><a href=\"https:\/\/www.sonnenklar.tv\/blog\/wp-content\/uploads\/2025\/02\/b-and-b-bedeutung-1.jpg\"><img fetchpriority=\"high\" decoding=\"async\" width=\"880\" height=\"450\" src=\"https:\/\/www.sonnenklar.tv\/blog\/wp-content\/uploads\/2025\/02\/b-and-b-bedeutung-1.jpg\" alt=\"Bed &amp; Breakfast Bedeutung\" class=\"wp-image-34498\" srcset=\"https:\/\/www.sonnenklar.tv\/blog\/wp-content\/uploads\/2025\/02\/b-and-b-bedeutung-1.jpg 880w, https:\/\/www.sonnenklar.tv\/blog\/wp-content\/uploads\/2025\/02\/b-and-b-bedeutung-1-800x409.jpg 800w, https:\/\/www.sonnenklar.tv\/blog\/wp-content\/uploads\/2025\/02\/b-and-b-bedeutung-1-120x61.jpg 120w, https:\/\/www.sonnenklar.tv\/blog\/wp-content\/uploads\/2025\/02\/b-and-b-bedeutung-1-90x46.jpg 90w, https:\/\/www.sonnenklar.tv\/blog\/wp-content\/uploads\/2025\/02\/b-and-b-bedeutung-1-320x164.jpg 320w, https:\/\/www.sonnenklar.tv\/blog\/wp-content\/uploads\/2025\/02\/b-and-b-bedeutung-1-560x286.jpg 560w\" sizes=\"(max-width: 880px) 100vw, 880px\" \/><\/a><\/figure>\n\n\n\n<h2 class=\"wp-block-heading\"><a name=\"unterschied-b-and-b-hotel\"><\/a>Was ist der Unterschied zwischen einem Bed and Breakfast und einem Hotel?<\/h2>\n\n\n\n<p>Neben seiner sehr viel geringeren Gr\u00f6\u00dfe unterscheidet sich ein Bed &amp; Breakfast von einem Hotel vor allem dadurch, dass es bestimmte Einrichtungen wie eine Rezeption nicht gibt. Beim Ein- und Auschecken oder wenn ihr Fragen habt, bet\u00e4tigt ihr daher einfach die Klingel oder klopft an die T\u00fcr.<\/p>\n\n\n\n<h2 class=\"wp-block-heading\"><a name=\"b-and-b-vorteile\"><\/a>Welche Vorteile hat ein Bed and Breakfast?<\/h2>\n\n\n\n<p>Der Besitzer eines Bed &amp; Breakfast stammt f\u00fcr gew\u00f6hnlich aus dem Ort, den ihr besucht, und kennt sich bestens aus. Er kann euch interessante Insidertipps geben und euch bei all euren Aktivit\u00e4ten beraten. Falls ihr nicht wisst, was ihr unternehmen k\u00f6nntet, wendet ihr euch daher einfach an den Eigent\u00fcmer. Die meisten Gastgeber unterhalten sich auch ganz gern mit den Urlaubern. Bei diesen Gespr\u00e4chen bekommt ihr einen guten Einblick in die Kultur des jeweiligen Landes. Eine Unterkunft wie B&amp;B hat au\u00dferdem den Vorteil, dass es meist sehr viel g\u00fcnstiger als ein Hotelzimmer ist. Es ist daher eine gute Wahl, wenn ihr eine preiswerte \u00dcbernachtungsm\u00f6glichkeit sucht. Aus diesem Grund ist es auch bei Rucksacktouristen beliebt.<\/p>\n\n\n\n<h2 class=\"wp-block-heading\"><a name=\"b-and-b-nachteile\"><\/a>Welche Nachteile hat ein Bed and Breakfast?<\/h2>\n\n\n\n<p>In einem B&amp;B bekommt ihr kein Mittag- oder Abendessen. Ebenso wenig gibt es dort eine Disco, einen Wellnessbereich oder ein Fitnessstudio. Auch auf andere Serviceleistungen wie Animation, die viele Hotels bieten, und die t\u00e4gliche Reinigung des Zimmers m\u00fcsst ihr in einem B&amp;B verzichten. Euer Bett macht ihr daher selber, wenn ihr dies m\u00f6chtet und sofern ihr l\u00e4nger als eine Nacht bleibt. Bei l\u00e4ngeren Aufenthalten wird der Raum jedoch zwischendurch von den Inhabern gereinigt. Ein weiterer Nachteil k\u00f6nnte sein, dass ihr in einem B&amp;B nur wenige andere Urlauber kennen lernt. Dadurch ist die Chance, neue Freunde zu finden, sehr viel geringer als in einem gro\u00dfen Hotel mit hunderten Zimmern.<\/p>\n\n\n\n<p>Reise nach London geplant? <a href=\"https:\/\/www.sonnenklar.tv\/promo\/bed-breakfast-london.html\">Hier findet ihr gute und g\u00fcnstige Bed &amp; Breakfasts in London<\/a>.<\/p>\n\n\n\n<h3 class=\"wp-block-heading\"><a name=\"wo-gibt-es-b-and-b\"><\/a>Wo gibt es Bed and Breakfast?<\/h3>\n\n\n\n<p>Bed &amp; Breakfast gibt es in Deutschland und vielen anderen L\u00e4ndern wie:<\/p>\n\n\n\n<ul class=\"wp-block-list\">\n<li><a href=\"https:\/\/www.sonnenklar.tv\/promo\/urlaub-grossbritannien.html\">England<\/a><\/li>\n\n\n\n<li><a href=\"https:\/\/www.sonnenklar.tv\/promo\/urlaub-irland.html\">Irland<\/a><\/li>\n\n\n\n<li><a href=\"https:\/\/www.sonnenklar.tv\/promo\/urlaub-schottland.html\">Schottland<\/a><\/li>\n\n\n\n<li><a href=\"https:\/\/www.sonnenklar.tv\/promo\/urlaub-irland.html\">Italien<\/a><\/li>\n<\/ul>\n\n\n\n<p>In all diesen L\u00e4ndern findet ihr sie sowohl in l\u00e4ndlichen Regionen als auch in den St\u00e4dten. Ein B&amp;B k\u00f6nnt ihr vorab oder auch spontan beispielsweise w\u00e4hrend einer Rundreise buchen, indem ihr einfach nach einem freien Zimmer fragt. Diese Variante hat den Vorteil, dass ihr nicht zu einer bestimmten Zeit an einem bestimmten Ort sein m\u00fcsst. In der Hauptsaison kann es allerdings passieren, dass ihr etwas l\u00e4nger suchen m\u00fcsst. Erkundigt euch daher am besten vorher, wann es eng werden k\u00f6nnte. Wenn ihr in einem B&amp;B \u00fcbernachten m\u00f6chtet, solltet ihr au\u00dferdem ausreichend Bargeld mitnehmen, denn EC- und Kreditkarten werden oft nicht akzeptiert.<\/p>\n\n\n\n<div class=\"wp-block-buttons is-horizontal is-content-justification-center is-layout-flex wp-container-core-buttons-is-layout-499968f5 wp-block-buttons-is-layout-flex\">\n<div class=\"wp-block-button\"><a class=\"wp-block-button__link wp-element-button\" href=\"https:\/\/www.sonnenklar.tv\/promo\/bed-breakfast.html\" target=\"_blank\" rel=\"noreferrer noopener\">Bed &amp; Breakfast &#8211; zu den angeboten<\/a><\/div>\n<\/div>\n\n\n\n<h3 class=\"wp-block-heading\">Mehr zum Thema Unterkunft:<\/h3>\n\n\n\n<p><a href=\"https:\/\/www.sonnenklar.tv\/blog\/reiselexikon\/was-bedeuten-hotelsterne\/\">Hotelsterne<\/a>\u00a0 \u00a0 <a href=\"https:\/\/www.sonnenklar.tv\/blog\/reiselexikon\/hotel-abkuerzungen-bedeutung\/\">Hotelabk\u00fcrzungen<\/a>\u00a0\u00a0\u00a0\u00a0<a href=\"https:\/\/www.sonnenklar.tv\/blog\/reiselexikon\/aparthotel-bedeutung\/\">Aparthotel<\/a>\u00a0 \u00a0 <a href=\"https:\/\/www.sonnenklar.tv\/blog\/reiselexikon\/bungalow-bedeutung\/\">Bungalow<\/a>\u00a0 \u00a0 <a href=\"https:\/\/www.sonnenklar.tv\/blog\/reiselexikon\/finca-bedeutung\/\">Finca<\/a>\u00a0 \u00a0 <a href=\"https:\/\/www.sonnenklar.tv\/blog\/reiselexikon\/chalet-bedeutung\/\">Chalet<\/a>\u00a0 \u00a0\u00a0<a href=\"https:\/\/www.sonnenklar.tv\/blog\/reiselexikon\/riad-bedeutung\/\">Riad<\/a>\u00a0 \u00a0 <a href=\"https:\/\/www.sonnenklar.tv\/blog\/reiselexikon\/hostel-bedeutung\/\">Hostel<\/a>\u00a0 \u00a0 <a href=\"https:\/\/www.sonnenklar.tv\/blog\/reiselexikon\/erwachsenenhotel-bedeutung\/\">Erwachsenenhotel<\/a>\u00a0 \u00a0 <a href=\"https:\/\/www.sonnenklar.tv\/blog\/reiselexikon\/biohotel-bedeutung\/\">Biohotel<\/a>\u00a0 \u00a0 <a href=\"https:\/\/www.sonnenklar.tv\/blog\/reiselexikon\/vital-hotel-bedeutung\/\">Vital Hotel<\/a>\u00a0 \u00a0\u00a0<a href=\"https:\/\/www.sonnenklar.tv\/blog\/reiselexikon\/glueckshotel-bedeutung\/\">Gl\u00fcckshotel<\/a>\u00a0 \u00a0 <a href=\"https:\/\/www.sonnenklar.tv\/blog\/reiselexikon\/resort-bedeutung\/\">Resort<\/a>\u00a0 \u00a0 <a href=\"https:\/\/www.sonnenklar.tv\/blog\/reiselexikon\/mobilheim-bedeutung\/\">Mobilheim<\/a>\u00a0 \u00a0 <a href=\"https:\/\/www.sonnenklar.tv\/blog\/reiselexikon\/pension-hotel-bedeutung\/\">Pension<\/a>\u00a0 \u00a0 <a href=\"https:\/\/www.sonnenklar.tv\/blog\/reiselexikon\/hotel-garni-bedeutung\/\">Hotel Garni<\/a>\u00a0 \u00a0\u00a0<a href=\"https:\/\/www.sonnenklar.tv\/blog\/reiselexikon\/doppelzimmer-bedeutung\/\">Doppelzimmer<\/a>\u00a0 \u00a0\u00a0<a href=\"https:\/\/www.sonnenklar.tv\/blog\/reiselexikon\/familienzimmer-bedeutung\/\">Familienzimmer<\/a>\u00a0 \u00a0 <a href=\"https:\/\/www.sonnenklar.tv\/blog\/reiselexikon\/sparzimmer-bedeutung\/\">Sparzimmer<\/a>\u00a0 \u00a0 <a href=\"https:\/\/www.sonnenklar.tv\/blog\/reiselexikon\/boutique-hotel-bedeutung\/\">Boutique Hotel<\/a>\u00a0\u00a0\u00a0 <a href=\"https:\/\/www.sonnenklar.tv\/blog\/reiselexikon\/suite-bedeutung\/\">Suite<\/a>\u00a0 \u00a0 <a href=\"https:\/\/www.sonnenklar.tv\/blog\/reiselexikon\/studio-apartment-bedeutung\/\">Studio Apartment<\/a> \u00a0 \u00a0 <a href=\"https:\/\/www.sonnenklar.tv\/blog\/reiselexikon\/kabine-bedeutung\/\">Kabine<\/a>\u00a0 \u00a0 <a href=\"https:\/\/www.sonnenklar.tv\/blog\/reiselexikon\/superiorzimmer-bedeutung\/\">Superiorzimmer<\/a>\u00a0 \u00a0 <a href=\"https:\/\/www.sonnenklar.tv\/blog\/boardinghouse-bedeutung\/\">Boardinghouse<\/a>\u00a0 \u00a0 <a href=\"https:\/\/www.sonnenklar.tv\/blog\/reiselexikon\/ryokan-bedeutung\/\">Ryokan<\/a><\/p>\n\n\n\n<p><a href=\"https:\/\/www.sonnenklar.tv\/blog\/reiselexikon\/\">&lt;&lt; Zur\u00fcck zum Reiselexikon<\/a><\/p>\n","protected":false},"excerpt":{"rendered":"<p>Ein Bed and Breakfast ist eine sch\u00f6ne M\u00f6glichkeit, in Deutschland oder einem anderen Land Urlaub zu machen. Falls ihr diese spezielle Unterkunft noch nicht kennt, hier ein paar Informationen, was euch dort erwartet. Inhaltsverzeichnis Was ist ein Bed &amp; Breakfast genau? Wenn ihr ein Bed and Breakfast, auf Deutsch Bett und Fr\u00fchst\u00fcck bucht, \u00fcbernachtet ihr<\/p>\n","protected":false},"author":3,"featured_media":0,"parent":6051,"menu_order":0,"comment_status":"closed","ping_status":"closed","template":"","meta":{"footnotes":""},"class_list":["post-6687","page","type-page","status-publish"],"_links":{"self":[{"href":"https:\/\/www.sonnenklar.tv\/blog\/wp-json\/wp\/v2\/pages\/6687","targetHints":{"allow":["GET"]}}],"collection":[{"href":"https:\/\/www.sonnenklar.tv\/blog\/wp-json\/wp\/v2\/pages"}],"about":[{"href":"https:\/\/www.sonnenklar.tv\/blog\/wp-json\/wp\/v2\/types\/page"}],"author":[{"embeddable":true,"href":"https:\/\/www.sonnenklar.tv\/blog\/wp-json\/wp\/v2\/users\/3"}],"replies":[{"embeddable":true,"href":"https:\/\/www.sonnenklar.tv\/blog\/wp-json\/wp\/v2\/comments?post=6687"}],"version-history":[{"count":30,"href":"https:\/\/www.sonnenklar.tv\/blog\/wp-json\/wp\/v2\/pages\/6687\/revisions"}],"predecessor-version":[{"id":37556,"href":"https:\/\/www.sonnenklar.tv\/blog\/wp-json\/wp\/v2\/pages\/6687\/revisions\/37556"}],"up":[{"embeddable":true,"href":"https:\/\/www.sonnenklar.tv\/blog\/wp-json\/wp\/v2\/pages\/6051"}],"wp:attachment":[{"href":"https:\/\/www.sonnenklar.tv\/blog\/wp-json\/wp\/v2\/media?parent=6687"}],"curies":[{"name":"wp","href":"https:\/\/api.w.org\/{rel}","templated":true}]}}