{"id":6680,"date":"2018-05-29T13:45:28","date_gmt":"2018-05-29T11:45:28","guid":{"rendered":"https:\/\/www.sonnenklar.tv\/blog\/?page_id=6680"},"modified":"2025-12-12T15:26:50","modified_gmt":"2025-12-12T14:26:50","slug":"aparthotel-bedeutung","status":"publish","type":"page","link":"https:\/\/www.sonnenklar.tv\/blog\/reiselexikon\/aparthotel-bedeutung\/","title":{"rendered":"Was ist ein Aparthotel?"},"content":{"rendered":"\n<p><strong>Ein sch\u00f6ner und unverge\u00dflicher Urlaub h\u00e4ngt nicht nur vom Urlaubsziel, sondern vor allem auch von einer ansprechenden Unterkunft, in der man sich so ricjtig wohl f\u00fchlt und entspannen kann, ab. Ein Apartmenthotel oder auch k\u00fcrzer Aparthotel genannt, bietet ideale Voraussetzungen f\u00fcr einen gelungenen Urlaub, der allen Mitreisenden gef\u00e4llt.<\/strong><\/p>\n\n\n\n<hr class=\"wp-block-separator has-css-opacity\"\/>\n\n\n\n<p><strong>Inhaltsverzeichnis<\/strong><\/p>\n\n\n\n<ul class=\"wp-block-list\">\n<li><a href=\"#aparthotel-ferienwohnung\">Was ist ein Aparthotel und welche Unterschiede gibt es zu einer Ferienwohnung?<\/a><\/li>\n\n\n\n<li><a href=\"#aparthotel-beinhaltet\">Welche Vor- und Nachteile haben die Aparthotels?<\/a><\/li>\n\n\n\n<li><a href=\"#aparthotel-geeignet\">F\u00fcr wen ist ein Aparthotel geeignet?<\/a><\/li>\n\n\n\n<li><a href=\"#aparthotel-buchung\">Gibt es bei der Buchung eines Aparthotels etwas zu beachten?<\/a><\/li>\n<\/ul>\n\n\n\n<hr class=\"wp-block-separator has-css-opacity\"\/>\n\n\n\n<h2 class=\"wp-block-heading\"><a name=\"aparthotel-ferienwohnung\"><\/a>Was ist ein Aparthotel und welche Unterschiede gibt es zu einer Ferienwohnung?<\/h2>\n\n\n\n<p>Ein Aparthotel ist ein Hotel, dessen Zimmer eigenen kleinen Wohnungen entsprechen. Es gibt Apartments mit einem kombinierten Wohn- und Schlafzimmer oder Apartments mit mehreren Schlafzimmern. Immer besitzen die Wohneinheiten ein eigenen Badezimmer und eine K\u00fcche, in der ihr eure Mahlzeiten selbst zubereiten k\u00f6nnt. Zus\u00e4tzlich stehen euch dort Handt\u00fccher und Bettw\u00e4sche zur Verf\u00fcgung.<\/p>\n\n\n\n<p>Das Apartment wird t\u00e4glich gereinigt und kann, im Gegensatz zu einer Ferienwohnung, auch nur f\u00fcr eine Nacht oder eben l\u00e4nger gebucht werden. Somit ist der Aufenthalt in einem Aparthotel so flexibel, wie in einem Hotel und ihr k\u00f6nnt euren Urlaub ganz nach euren W\u00fcnschen planen. Kein l\u00e4stiges Bettenmachen, Aufr\u00e4umen oder Putzen, wie es in einer Ferienwohnung der Fall w\u00e4re. Ihr genie\u00dft einfach alle Vorz\u00fcge eines Hotelaufenthaltes, ohne auf den zus\u00e4tzlichen Platz, den euch eine Wohnung bietet, zu verzichten.<\/p>\n\n\n\n<h2 class=\"wp-block-heading\"><a name=\"aparthotel-beinhaltet\"><\/a>Welche Vor- und Nachteile haben die Aparthotels?<\/h2>\n\n\n\n<p>Es gibt in jeder Kategorie Aparthotels, von einfach, \u00fcber feriengerecht bis hin zu luxuri\u00f6sen Apartmenthotels. Sowohl in Skigebieten, in Golfanlagen oder in Strandn\u00e4he sind immer mehr Aparthotels zu finden. Die Vorteile sind vor allem die flexible, tageweise Buchung. Ihr k\u00f6nnt an jedem Tag der Woche anreisen und nicht nur am Sonnabend, wie in vielen Ferienwohnungen.<\/p>\n\n\n\n<p>Ihr k\u00f6nnt zu der Uhrzeit anreisen, die am besten in eure Reiseplanung passt. Euch erwartet mehr Platz, als in einem Hotelzimmer und die genau f\u00fcr euch passende Anzahl an Schlafzimmer. Zus\u00e4tzlich werdet ihr mit frischen Handt\u00fcchern und bezogenen Betten willkommen gehei\u00dfen und k\u00f6nnt ab dem ersten Moment euren Aufenthalt genie\u00dfen. Eine Rezeption steht zur Verf\u00fcgung, f\u00fcr ein reibungsloses und unkompliziertes ein- und auschecken.<\/p>\n\n\n\n<p>Oftmals besteht auch die M\u00f6glichkeit ein Restaurant im Aparthotel zu besuchen. Wirkliche Nachteile sind kaum vorhanden. Nur im Vergleich zu einem Luxushotel mit jeglichem Service, wird man im Aparthotel eventuell auf sehr spezielle Serviceangebote verzichten m\u00fcssen.<\/p>\n\n\n\n<figure class=\"wp-block-image size-large\"><a href=\"https:\/\/www.sonnenklar.tv\/blog\/wp-content\/uploads\/2025\/02\/aparthotel-bedeutung-1.jpg\"><img fetchpriority=\"high\" decoding=\"async\" width=\"880\" height=\"450\" src=\"https:\/\/www.sonnenklar.tv\/blog\/wp-content\/uploads\/2025\/02\/aparthotel-bedeutung-1.jpg\" alt=\"Aparthotel Bedeutung\" class=\"wp-image-34579\" srcset=\"https:\/\/www.sonnenklar.tv\/blog\/wp-content\/uploads\/2025\/02\/aparthotel-bedeutung-1.jpg 880w, https:\/\/www.sonnenklar.tv\/blog\/wp-content\/uploads\/2025\/02\/aparthotel-bedeutung-1-800x409.jpg 800w, https:\/\/www.sonnenklar.tv\/blog\/wp-content\/uploads\/2025\/02\/aparthotel-bedeutung-1-120x61.jpg 120w, https:\/\/www.sonnenklar.tv\/blog\/wp-content\/uploads\/2025\/02\/aparthotel-bedeutung-1-90x46.jpg 90w, https:\/\/www.sonnenklar.tv\/blog\/wp-content\/uploads\/2025\/02\/aparthotel-bedeutung-1-320x164.jpg 320w, https:\/\/www.sonnenklar.tv\/blog\/wp-content\/uploads\/2025\/02\/aparthotel-bedeutung-1-560x286.jpg 560w\" sizes=\"(max-width: 880px) 100vw, 880px\" \/><\/a><figcaption class=\"wp-element-caption\">Was ist ein Aparthotel?<\/figcaption><\/figure>\n\n\n\n<h2 class=\"wp-block-heading\"><a name=\"aparthotel-geeignet\"><\/a>F\u00fcr wen ist ein Aparthotel geeignet?<\/h2>\n\n\n\n<p>Ein Aparthotel ist vor allem f\u00fcr euch geeignet, wenn ihr auf einen gewissen Komfort nicht verzichten wollt, aber trotzdem euren Tag flexibel gestalten m\u00f6chtet. Besonders die M\u00f6glichkeit, sich selbst zu verpflegen, erlaubt l\u00e4ngeres Ausschlafen, wenn ihr sp\u00e4t angekommen seid oder sehr fr\u00fches Aufstehen, wenn ihr zeitig in den Tag starten wollt.<\/p>\n\n\n\n<p>Wenn ihr mit euren Kindern reist, werdet ihr die separaten Schlafzimmer zu sch\u00e4tzen wissen und das Gef\u00fchl genie\u00dfen, dass sich trotzdem alle in einem gemeinsamen Bereich aufhalten. So k\u00f6nnt ihr noch gem\u00fctlich ein Glas Wein im Wohnzimmer trinken, w\u00e4hrend die Kleinen sicher in eurer N\u00e4he schlafen. Auch f\u00fcr befreundete Paare, kleine Gruppen und ein P\u00e4rchen sind Aparthotels die perfekte Wahl f\u00fcr einen sch\u00f6nen Urlaub.<\/p>\n\n\n\n<p><a href=\"https:\/\/www.sonnenklar.tv\/promo\/aparthotels.html\">Jetzt die besten Aparthotels finden und unkompliziert buchen.<\/a><\/p>\n\n\n\n<h2 class=\"wp-block-heading\"><a name=\"aparthotel-buchung\"><\/a>Gibt es bei der Buchung eines Aparthotels etwas zu beachten?<\/h2>\n\n\n\n<p>Ihr solltet euch nur Gedanken machen, wie viele Schlafzimmer f\u00fcr euch optimal w\u00e4ren und zu welchen Daten ihr reisen m\u00f6chtet. Sonst ist die Buchung eines Aparthotels genauso unkompliziert, wie die Buchung eines Hotelzimmers. Besonders angenehm ist auch die Anreise. Ihr k\u00f6nnt direkt zu eurem Apartment reisen und vor Ort einchecken. Kein aufwendiger Schriftverkehr vorher, wann und wo ihr einen Schl\u00fcssel abholen sollt.<\/p>\n\n\n\n<h3 class=\"wp-block-heading\">Mehr zum Thema Unterkunft:<\/h3>\n\n\n\n<p><a href=\"https:\/\/www.sonnenklar.tv\/blog\/reiselexikon\/was-bedeuten-hotelsterne\/\">Hotelsterne<\/a>\u00a0 \u00a0 <a href=\"https:\/\/www.sonnenklar.tv\/blog\/reiselexikon\/hotel-abkuerzungen-bedeutung\/\">Hotelabk\u00fcrzungen<\/a>\u00a0\u00a0\u00a0\u00a0<a href=\"https:\/\/www.sonnenklar.tv\/blog\/reiselexikon\/bed-and-breakfast-bedeutung\/\">Bed &amp; Breakfast<\/a>\u00a0 \u00a0 <a href=\"https:\/\/www.sonnenklar.tv\/blog\/reiselexikon\/bungalow-bedeutung\/\">Bungalow<\/a>\u00a0 \u00a0 <a href=\"https:\/\/www.sonnenklar.tv\/blog\/reiselexikon\/finca-bedeutung\/\">Finca<\/a>\u00a0 \u00a0 <a href=\"https:\/\/www.sonnenklar.tv\/blog\/reiselexikon\/chalet-bedeutung\/\">Chalet<\/a>\u00a0 \u00a0\u00a0<a href=\"https:\/\/www.sonnenklar.tv\/blog\/reiselexikon\/riad-bedeutung\/\">Riad<\/a>\u00a0 \u00a0 <a href=\"https:\/\/www.sonnenklar.tv\/blog\/reiselexikon\/hostel-bedeutung\/\">Hostel<\/a>\u00a0 \u00a0 <a href=\"https:\/\/www.sonnenklar.tv\/blog\/reiselexikon\/erwachsenenhotel-bedeutung\/\">Erwachsenenhotel<\/a>\u00a0 \u00a0 <a href=\"https:\/\/www.sonnenklar.tv\/blog\/reiselexikon\/biohotel-bedeutung\/\">Biohotel<\/a>\u00a0 \u00a0 <a href=\"https:\/\/www.sonnenklar.tv\/blog\/reiselexikon\/vital-hotel-bedeutung\/\">Vital Hotel<\/a>\u00a0 \u00a0\u00a0<a href=\"https:\/\/www.sonnenklar.tv\/blog\/reiselexikon\/glueckshotel-bedeutung\/\">Gl\u00fcckshotel<\/a>\u00a0 \u00a0 <a href=\"https:\/\/www.sonnenklar.tv\/blog\/reiselexikon\/resort-bedeutung\/\">Resort<\/a>\u00a0 \u00a0 <a href=\"https:\/\/www.sonnenklar.tv\/blog\/reiselexikon\/mobilheim-bedeutung\/\">Mobilheim<\/a>\u00a0 \u00a0 <a href=\"https:\/\/www.sonnenklar.tv\/blog\/reiselexikon\/pension-hotel-bedeutung\/\">Pension<\/a>\u00a0 \u00a0 <a href=\"https:\/\/www.sonnenklar.tv\/blog\/reiselexikon\/hotel-garni-bedeutung\/\">Hotel Garni<\/a>\u00a0 \u00a0\u00a0<a href=\"https:\/\/www.sonnenklar.tv\/blog\/reiselexikon\/doppelzimmer-bedeutung\/\">Doppelzimmer<\/a>\u00a0 \u00a0\u00a0<a href=\"https:\/\/www.sonnenklar.tv\/blog\/reiselexikon\/familienzimmer-bedeutung\/\">Familienzimmer<\/a>\u00a0 \u00a0 <a href=\"https:\/\/www.sonnenklar.tv\/blog\/reiselexikon\/sparzimmer-bedeutung\/\">Sparzimmer<\/a>\u00a0 \u00a0 <a href=\"https:\/\/www.sonnenklar.tv\/blog\/reiselexikon\/boutique-hotel-bedeutung\/\">Boutique Hotel<\/a>\u00a0\u00a0\u00a0 <a href=\"https:\/\/www.sonnenklar.tv\/blog\/reiselexikon\/suite-bedeutung\/\">Suite<\/a>\u00a0 \u00a0 <a href=\"https:\/\/www.sonnenklar.tv\/blog\/reiselexikon\/studio-apartment-bedeutung\/\">Studio Apartment<\/a> \u00a0 \u00a0 <a href=\"https:\/\/www.sonnenklar.tv\/blog\/reiselexikon\/kabine-bedeutung\/\">Kabine<\/a>\u00a0 \u00a0 <a href=\"https:\/\/www.sonnenklar.tv\/blog\/reiselexikon\/superiorzimmer-bedeutung\/\">Superiorzimmer<\/a>\u00a0 \u00a0 <a href=\"https:\/\/www.sonnenklar.tv\/blog\/boardinghouse-bedeutung\/\">Boardinghouse<\/a>\u00a0 \u00a0 <a href=\"https:\/\/www.sonnenklar.tv\/blog\/reiselexikon\/ryokan-bedeutung\/\">Ryokan<\/a><\/p>\n\n\n\n<p><a href=\"https:\/\/www.sonnenklar.tv\/blog\/reiselexikon\/\">&lt;&lt; Zur\u00fcck zum Reiselexikon<\/a><\/p>\n\n\n\n<div class=\"wp-block-buttons is-horizontal is-content-justification-center is-layout-flex wp-container-core-buttons-is-layout-499968f5 wp-block-buttons-is-layout-flex\">\n<div class=\"wp-block-button\"><a class=\"wp-block-button__link wp-element-button\" href=\"https:\/\/www.sonnenklar.tv\/promo\/aparthotels.html\" target=\"_blank\" rel=\"noreferrer noopener\">Aparthotels &#8211; zu den angeboten<\/a><\/div>\n<\/div>\n","protected":false},"excerpt":{"rendered":"<p>Ein sch\u00f6ner und unverge\u00dflicher Urlaub h\u00e4ngt nicht nur vom Urlaubsziel, sondern vor allem auch von einer ansprechenden Unterkunft, in der man sich so ricjtig wohl f\u00fchlt und entspannen kann, ab. Ein Apartmenthotel oder auch k\u00fcrzer Aparthotel genannt, bietet ideale Voraussetzungen f\u00fcr einen gelungenen Urlaub, der allen Mitreisenden gef\u00e4llt. Inhaltsverzeichnis Was ist ein Aparthotel und welche<\/p>\n","protected":false},"author":3,"featured_media":0,"parent":6051,"menu_order":0,"comment_status":"closed","ping_status":"closed","template":"","meta":{"footnotes":""},"class_list":["post-6680","page","type-page","status-publish"],"_links":{"self":[{"href":"https:\/\/www.sonnenklar.tv\/blog\/wp-json\/wp\/v2\/pages\/6680","targetHints":{"allow":["GET"]}}],"collection":[{"href":"https:\/\/www.sonnenklar.tv\/blog\/wp-json\/wp\/v2\/pages"}],"about":[{"href":"https:\/\/www.sonnenklar.tv\/blog\/wp-json\/wp\/v2\/types\/page"}],"author":[{"embeddable":true,"href":"https:\/\/www.sonnenklar.tv\/blog\/wp-json\/wp\/v2\/users\/3"}],"replies":[{"embeddable":true,"href":"https:\/\/www.sonnenklar.tv\/blog\/wp-json\/wp\/v2\/comments?post=6680"}],"version-history":[{"count":30,"href":"https:\/\/www.sonnenklar.tv\/blog\/wp-json\/wp\/v2\/pages\/6680\/revisions"}],"predecessor-version":[{"id":37557,"href":"https:\/\/www.sonnenklar.tv\/blog\/wp-json\/wp\/v2\/pages\/6680\/revisions\/37557"}],"up":[{"embeddable":true,"href":"https:\/\/www.sonnenklar.tv\/blog\/wp-json\/wp\/v2\/pages\/6051"}],"wp:attachment":[{"href":"https:\/\/www.sonnenklar.tv\/blog\/wp-json\/wp\/v2\/media?parent=6680"}],"curies":[{"name":"wp","href":"https:\/\/api.w.org\/{rel}","templated":true}]}}