{"id":6647,"date":"2018-05-29T11:01:02","date_gmt":"2018-05-29T09:01:02","guid":{"rendered":"https:\/\/www.sonnenklar.tv\/blog\/?page_id=6647"},"modified":"2025-12-12T15:47:56","modified_gmt":"2025-12-12T14:47:56","slug":"last-minute-bedeutung","status":"publish","type":"page","link":"https:\/\/www.sonnenklar.tv\/blog\/reiselexikon\/last-minute-bedeutung\/","title":{"rendered":"Was bedeutet Last Minute Urlaub eigentlich?"},"content":{"rendered":"\n<p><strong>Wenn ihr euch mit der Planung einer Reise besch\u00e4ftigt, taucht unweigerlich irgendwann der Begriff &#8222;Last Minute&#8220; auf. Dass es sich dabei um besonders kurzfristig gebuchte Urlaube handelt, ist klar. Es stellen sich jedoch trotzdem einige Fragen, denn es gibt verschiedene Last Minute Arten. Im Folgenden werden diese verschiedenen Varianten erl\u00e4utert und au\u00dferdem dargestellt, welche Vor- und Nachteile mit Last Minute Reisen verbunden sind und f\u00fcr wen Last Minute Angebote besonders geeignet sind.<\/strong><\/p>\n\n\n\n<hr class=\"wp-block-separator has-css-opacity\"\/>\n\n\n\n<p><strong>Inhaltsverzeichnis<\/strong><\/p>\n\n\n\n<ul class=\"wp-block-list\">\n<li><a href=\"#last-minute-bedeutung\">Wann gilt eine Reise als Last Minute Urlaub?<\/a><\/li>\n\n\n\n<li><a href=\"#super-last-minute-bedeutung\">Was ist Super Last Minute?<\/a><\/li>\n\n\n\n<li><a href=\"#super-last-minute-geeignet\">F\u00fcr wen eignen sich Super Last Minute Angebote?<\/a><\/li>\n\n\n\n<li><a href=\"#last-minute-vorteile\">Welche Vorteile haben Last Minute Reisen?<\/a><\/li>\n\n\n\n<li><a href=\"#last-minute-nachteile\">Welche Nachteile haben Last Minute Reisen?<\/a><\/li>\n\n\n\n<li><a href=\"#last-minute-geeignet\">F\u00fcr wen ist ein Last Minute Urlaub geeignet?<\/a><\/li>\n<\/ul>\n\n\n\n<hr class=\"wp-block-separator has-css-opacity\"\/>\n\n\n\n<h2 class=\"wp-block-heading\"><a name=\"last-minute-bedeutung\"><\/a>Wann gilt eine Reise als Last Minute Urlaub?<\/h2>\n\n\n\n<p>Der Begriff Last Minute geh\u00f6rt mittlerweile fast selbstverst\u00e4ndlich zum deutschen Sprachgebrauch und bezeichnet Reisen, die kurzfristig gebucht werden und deshalb besonders g\u00fcnstig sind. Es gibt jedoch keine verbindliche Regelung dar\u00fcber, wann eine Reise als Last Minute Urlaub gilt. Der Deutsche Reiseverband (DRV) bezeichnet eine Reise dann als Last Minute Angebot, wenn der Antritt der Reise maximal 14 Tage nach der Buchung liegt. Touristen betrachten jedoch Reisen, die einen Monat vor Abflug gebucht werden, ebenfalls noch als Last Minute Urlaub.<\/p>\n\n\n\n<p>Erfunden wurden diese Angebote in den 1980er Jahren von den Airlines, die auf diese Weise Restpl\u00e4tze in ihren Flugzeugen besetzen wollten und deswegen g\u00fcnstige Last Minute Angebote offerierten. Mittlerweile ist eine Last Minute Reise durchaus nicht immer die g\u00fcnstigste Variante der Urlaubsplanung. Fr\u00fchbucherrabatte haben den Last Minute Reisen teilweise den Rang abgelaufen.<\/p>\n\n\n\n<h2 class=\"wp-block-heading\"><a name=\"super-last-minute-bedeutung\"><\/a>Was ist Super Last Minute?<\/h2>\n\n\n\n<p>Wenn ihr ein Super Last Minute Angebot (auch Ultra Last Minute Angebot genannt) wahrnehmen m\u00f6chtet, m\u00fcsst ihr noch flexibler sein, denn bei diesen Reisen liegt der Urlaubsantritt 72 Stunden nach der Buchung. Super Last Minute Angebote sind meist ganz besonders g\u00fcnstig. \u00dcberwiegend sind dies Pauschalreisen, bei denen die Reiseveranstalter ihre Kontingente noch nicht komplett auslasten konnten.<\/p>\n\n\n\n<p>Es geht dabei also tats\u00e4chlich um die letzten freien Pl\u00e4tze, die dann teilweise mit einem Preisnachlass von bis zu 70 Prozent angeboten werden. Super oder Ultra Last Minute ist sozusagen eine nochmalige Steigerung von Last Minute. Eine exakte Definition existiert jedoch nicht. W\u00e4hrend Last Minute Angebote meistens den Zeitraum zwischen zwei und vier Wochen vor Reiseantritt umfassen, existieren Ultra Last Minute Angebote nur wenige Tage vor Beginn der Reise.<\/p>\n\n\n\n<figure class=\"wp-block-image size-large\"><a href=\"https:\/\/www.sonnenklar.tv\/blog\/wp-content\/uploads\/2025\/02\/last-minute-bedeutung-1.jpg\"><img fetchpriority=\"high\" decoding=\"async\" width=\"880\" height=\"450\" src=\"https:\/\/www.sonnenklar.tv\/blog\/wp-content\/uploads\/2025\/02\/last-minute-bedeutung-1.jpg\" alt=\"Last Minute Bedeutung\" class=\"wp-image-34523\" srcset=\"https:\/\/www.sonnenklar.tv\/blog\/wp-content\/uploads\/2025\/02\/last-minute-bedeutung-1.jpg 880w, https:\/\/www.sonnenklar.tv\/blog\/wp-content\/uploads\/2025\/02\/last-minute-bedeutung-1-800x409.jpg 800w, https:\/\/www.sonnenklar.tv\/blog\/wp-content\/uploads\/2025\/02\/last-minute-bedeutung-1-120x61.jpg 120w, https:\/\/www.sonnenklar.tv\/blog\/wp-content\/uploads\/2025\/02\/last-minute-bedeutung-1-90x46.jpg 90w, https:\/\/www.sonnenklar.tv\/blog\/wp-content\/uploads\/2025\/02\/last-minute-bedeutung-1-320x164.jpg 320w, https:\/\/www.sonnenklar.tv\/blog\/wp-content\/uploads\/2025\/02\/last-minute-bedeutung-1-560x286.jpg 560w\" sizes=\"(max-width: 880px) 100vw, 880px\" \/><\/a><figcaption class=\"wp-element-caption\">Was bedeutet Last Minute?<\/figcaption><\/figure>\n\n\n\n<p>Angebote von Super Last Minute sind deutlich g\u00fcnstiger als regul\u00e4re Reisen. H\u00e4ufig werden Pauschalreisen bereits vor Beginn der Saison gebucht oder als &#8222;<a href=\"https:\/\/www.sonnenklar.tv\/blog\/reiselexikon\/fruehbucherrabatt-bedeutung\/\">Fr\u00fchbucher<\/a>&#8220; angeboten. Die Leistungen bei Super Last Minute Schn\u00e4ppchen und schon l\u00e4nger gebuchten Reisen sind jedoch identisch. Allerdings existieren sehr gro\u00dfe Preisunterschiede. Bei Ultra Last Minute werden von den Reiseveranstaltern noch vorhandene Restpl\u00e4tze angeboten, die ansonsten ungenutzt bleiben. Solche Angebote sind folglich auch sehr begrenzt.<\/p>\n\n\n\n<p>H\u00e4ufig werden Super Last Minute Angebote von Reiseanbietern separat in den jeweiligen Buchungssystemen angezeigt. Viele Veranstalter verbinden Hotelrestpl\u00e4tze mit Restkontingenten an Fl\u00fcgen, woraus spezielle Angebote entstehen. Die Reisepreise k\u00f6nnen sich dadurch sehr schnell \u00e4ndern. Oft werden die Preise fast t\u00e4glich neu bestimmt, wodurch gro\u00dfe Schwankungen entstehen k\u00f6nnen.<\/p>\n\n\n\n<p>Braucht ihr dringend einen Urlaub? <a href=\"https:\/\/www.sonnenklar.tv\/promo\/super-last-minute.html\">Dann sind die Super Last Minute Angebote genau richtig f\u00fcr euch<\/a>.<\/p>\n\n\n\n<h3 class=\"wp-block-heading\"><a name=\"super-last-minute-geeignet\"><\/a>F\u00fcr wen eignen sich Super Last Minute Angebote?<\/h3>\n\n\n\n<p>Super Last Minute Angebote erfordern vom Reisenden gro\u00dfe Flexibilit\u00e4t. Die Angebote reichen von Kurzstrecken bis zu Fernreisen. Allerdings ist mit Einschr\u00e4nkungen zu rechnen, da nicht jede Reise f\u00fcr jedes beliebige Datum verf\u00fcgbar ist. Reisewillige sollten bereits vor Buchung alle wichtigen Vorkehrungen getroffen haben. Der Urlaub sollte beim Arbeitgeber eingereicht sein und der Pass sollte sich auf neustem Stand befinden, da keine Zeit mehr bleiben wird, neue Dokumente zu beantragen. Ebenso sollten eventuelle Urlaubseink\u00e4ufe erledigt sein.<\/p>\n\n\n\n<h2 class=\"wp-block-heading\"><a name=\"#last-minute-vorteile\"><\/a>Welche Vorteile haben Last Minute Reisen?<\/h2>\n\n\n\n<p>Last Minute Reisen sind sehr beliebt, denn mit diesen Angeboten sind einige Vorteile verbunden:<\/p>\n\n\n\n<ul class=\"wp-block-list\">\n<li>g\u00fcnstigere Preise<\/li>\n\n\n\n<li>schnelle, spontane Reiseplanung<\/li>\n\n\n\n<li>perfekt f\u00fcr Kurz- und St\u00e4dtereisen geeignet<\/li>\n<\/ul>\n\n\n\n<p>Last Minute Reisen sind durchschnittlich 30 Prozent g\u00fcnstiger und somit echte Schn\u00e4ppchen. Wenn ihr ein Angebot findet, das zeitlich und vom Ziel her euren W\u00fcnschen entspricht, k\u00f6nnt ihr spontan in den Urlaub starten. Besonders f\u00fcr St\u00e4dte- und Kurztrips, die weniger Vorbereitung erfordern, sind Last Minute Angebote deshalb beliebt.<\/p>\n\n\n\n<p><a href=\"https:\/\/www.sonnenklar.tv\/promo\/ultra-last-minute.html?utm_source=last-minute-bedeutung&amp;utm_medium=textlink&amp;utm_campaign=lexikon\">Noch mehr besondere Ultra Last Minute Schn\u00e4ppchen auf sonnenklar.TV<\/a>.<\/p>\n\n\n\n<h2 class=\"wp-block-heading\"><a name=\"last-minute-nachteile\"><\/a>Welche Nachteile haben Last Minute Reisen?<\/h2>\n\n\n\n<p>Mit einer Last Minute Reise k\u00f6nnt ihr zwar Geld sparen, es sind jedoch auch einige Nachteile zu ber\u00fccksichtigen:<\/p>\n\n\n\n<ul class=\"wp-block-list\">\n<li>eingeschr\u00e4nkte Auswahl<\/li>\n\n\n\n<li>wenig Zeit f\u00fcr Reisevorbereitung<\/li>\n\n\n\n<li>kurzfristige Stornierung oder Reiser\u00fccktrittsversicherung oft nicht m\u00f6glich<\/li>\n<\/ul>\n\n\n\n<p>Die geringe Auswahl und damit einhergehend die fehlende Flexibilit\u00e4t sind die gr\u00f6\u00dften Nachteile eines Last Minute Urlaubs. Auch die kurze Zeit f\u00fcr die Urlaubsplanung st\u00f6rt viele Reise-Fans. Sehr oft kann keine Reiser\u00fccktrittsversicherung abgeschlossen werden und kostenlose Stornierungen sind meist ebenfalls nicht m\u00f6glich.<\/p>\n\n\n\n<h2 class=\"wp-block-heading\"><a name=\"last-minute-geeignet\"><\/a>F\u00fcr wen ist ein Last Minute Urlaub geeignet?<\/h2>\n\n\n\n<p>Last Minute Angebote sind f\u00fcr spontane Urlauber geeignet, die keine Lust haben, monatelang \u00fcber Reisekatalogen zu gr\u00fcbeln. Letztlich vertraut ihr bei einer Last Minute Reise ein wenig aufs Gl\u00fcck und darauf, dass die Ziele, die noch zur Auswahl stehen, reizvoll sind. Schwieriger wird es, wenn ihr als Familie mit Kinder verreisen m\u00f6chtet, denn dann ist es nicht so einfach, spontan innerhalb weniger Tage eine Reise zu organisieren.<\/p>\n\n\n\n<p>Au\u00dferdem sind Familien meist von den Ferienzeiten abh\u00e4ngig, was das Angebot an Last Minute Schn\u00e4ppchen deutlich begrenzt. Wenn ihr in weit entfernte exotische L\u00e4nder reisen m\u00f6chtet, sind Last Minute Reisen ebenfalls weniger empfehlenswert, da allein die Vorbereitung mit Impfungen Zeit erfordert und eine derartige Reise au\u00dferdem sorgf\u00e4ltig geplant werden sollte.<\/p>\n\n\n\n<div class=\"wp-block-buttons is-horizontal is-content-justification-center is-layout-flex wp-container-core-buttons-is-layout-499968f5 wp-block-buttons-is-layout-flex\">\n<div class=\"wp-block-button\"><a class=\"wp-block-button__link wp-element-button\" href=\"https:\/\/www.sonnenklar.tv\/last-minute-mehr.html\" target=\"_blank\" rel=\"noreferrer noopener\">last minute urlaub &#8211; angebote<\/a><\/div>\n<\/div>\n\n\n\n<h3 class=\"wp-block-heading\">Mehr zum Thema Reiseart:<\/h3>\n\n\n\n<p><a href=\"https:\/\/www.sonnenklar.tv\/blog\/reiselexikon\/backpacking-bedeutung\/\">Backpacking<\/a> \u00a0\u00a0 <a href=\"https:\/\/www.sonnenklar.tv\/blog\/reiselexikon\/cluburlaub-bedeutung\/\" target=\"_blank\" rel=\"noreferrer noopener\">Cluburlaub<\/a> \u00a0 \u00a0<a href=\"https:\/\/www.sonnenklar.tv\/blog\/reiselexikon\/glamping-bedeutung\/\">Glamping<\/a>\u00a0 \u00a0 <a href=\"https:\/\/www.sonnenklar.tv\/blog\/reiselexikon\/individualreise-bedeutung\/\">Individualreise<\/a>\u00a0 \u00a0 <a href=\"https:\/\/www.sonnenklar.tv\/blog\/reiselexikon\/inselhopping-bedeutung\/\">Inselhopping<\/a>\u00a0 \u00a0 <a href=\"https:\/\/www.sonnenklar.tv\/blog\/reiselexikon\/kreuzfahrt-bedeutung\/\">Kreuzfahrt<\/a>\u00a0 \u00a0 <a href=\"https:\/\/www.sonnenklar.tv\/blog\/reiselexikon\/langzeiturlaub-bedeutung\/\">Langzeiturlaub<\/a>\u00a0 \u00a0\u00a0<a href=\"https:\/\/www.sonnenklar.tv\/blog\/reiselexikon\/pauschalreise-bedeutung\/\">Pauschalreise<\/a>\u00a0 \u00a0 <a href=\"https:\/\/www.sonnenklar.tv\/blog\/reiselexikon\/was-ist-ein-roadtrip\/\">Roadtrip<\/a><\/p>\n\n\n\n<p><a href=\"https:\/\/www.sonnenklar.tv\/blog\/reiselexikon\/\">&lt;&lt; Zur\u00fcck zum Reiselexikon<\/a><\/p>\n","protected":false},"excerpt":{"rendered":"<p>Wenn ihr euch mit der Planung einer Reise besch\u00e4ftigt, taucht unweigerlich irgendwann der Begriff &#8222;Last Minute&#8220; auf. Dass es sich dabei um besonders kurzfristig gebuchte Urlaube handelt, ist klar. Es stellen sich jedoch trotzdem einige Fragen, denn es gibt verschiedene Last Minute Arten. Im Folgenden werden diese verschiedenen Varianten erl\u00e4utert und au\u00dferdem dargestellt, welche Vor-<\/p>\n","protected":false},"author":3,"featured_media":0,"parent":6051,"menu_order":0,"comment_status":"closed","ping_status":"closed","template":"","meta":{"footnotes":""},"class_list":["post-6647","page","type-page","status-publish"],"_links":{"self":[{"href":"https:\/\/www.sonnenklar.tv\/blog\/wp-json\/wp\/v2\/pages\/6647","targetHints":{"allow":["GET"]}}],"collection":[{"href":"https:\/\/www.sonnenklar.tv\/blog\/wp-json\/wp\/v2\/pages"}],"about":[{"href":"https:\/\/www.sonnenklar.tv\/blog\/wp-json\/wp\/v2\/types\/page"}],"author":[{"embeddable":true,"href":"https:\/\/www.sonnenklar.tv\/blog\/wp-json\/wp\/v2\/users\/3"}],"replies":[{"embeddable":true,"href":"https:\/\/www.sonnenklar.tv\/blog\/wp-json\/wp\/v2\/comments?post=6647"}],"version-history":[{"count":20,"href":"https:\/\/www.sonnenklar.tv\/blog\/wp-json\/wp\/v2\/pages\/6647\/revisions"}],"predecessor-version":[{"id":37588,"href":"https:\/\/www.sonnenklar.tv\/blog\/wp-json\/wp\/v2\/pages\/6647\/revisions\/37588"}],"up":[{"embeddable":true,"href":"https:\/\/www.sonnenklar.tv\/blog\/wp-json\/wp\/v2\/pages\/6051"}],"wp:attachment":[{"href":"https:\/\/www.sonnenklar.tv\/blog\/wp-json\/wp\/v2\/media?parent=6647"}],"curies":[{"name":"wp","href":"https:\/\/api.w.org\/{rel}","templated":true}]}}