{"id":6608,"date":"2018-05-28T15:31:37","date_gmt":"2018-05-28T13:31:37","guid":{"rendered":"https:\/\/www.sonnenklar.tv\/blog\/?page_id=6608"},"modified":"2025-12-12T15:38:11","modified_gmt":"2025-12-12T14:38:11","slug":"englisches-fruehstueck-bedeutung","status":"publish","type":"page","link":"https:\/\/www.sonnenklar.tv\/blog\/reiselexikon\/englisches-fruehstueck-bedeutung\/","title":{"rendered":"Was bedeutet englisches Fr\u00fchst\u00fcck?"},"content":{"rendered":"\n<p><strong>\u201eFr\u00fchst\u00fccken wie ein Kaiser, Mittagessen wie ein K\u00f6nig, Abendessen wie ein Bettelmann.\u201c Eigentlich eine deutsche Volksweisheit \u2013 aber wer jemals ein englisches Fr\u00fchst\u00fcck probiert hat, kommt da ins Zweifeln. Wenn ihr das mehr-g\u00e4ngige English Breakfast mit unserem <a href=\"https:\/\/www.sonnenklar.tv\/blog\/reiselexikon\/kontinentales-fruehstueck-bedeutung\/\" target=\"_blank\" rel=\"noopener\">kontinentalen Fr\u00fchst\u00fcck<\/a> vergleicht, belegen die Briten ganz eindeutig den ersten Platz in puncto kaiserlichem Fr\u00fchst\u00fcck.<\/strong><\/p>\n\n\n\n<hr class=\"wp-block-separator has-css-opacity\"\/>\n\n\n\n<p><strong>Inhaltsverzeichnis<\/strong><\/p>\n\n\n\n<ul class=\"wp-block-list\">\n<li><a href=\"#englisches-fruehstueck-bedeutung\">Was ist eigentlich ein English Breakfast?<\/a><\/li>\n\n\n\n<li><a href=\"#englisches-fruehstueck-inhalt\">Woraus besteht ein englisches Fr\u00fchst\u00fcck?<\/a><\/li>\n\n\n\n<li><a href=\"#fruehstueckskategorien\">Fr\u00fchst\u00fcckskategorien in Hotels<\/a><\/li>\n\n\n\n<li><a href=\"#dein-fruehstueck\">Welches Fr\u00fchst\u00fcck passt zu euch?<\/a><\/li>\n<\/ul>\n\n\n\n<hr class=\"wp-block-separator has-css-opacity\"\/>\n\n\n\n<h2 class=\"wp-block-heading\"><a name=\"englisches-fruehstueck-bedeutung\"><\/a>Was ist eigentlich ein English Breakfast?<\/h2>\n\n\n\n<p>Vielleicht liegt es daran, dass England eine Insel ist und so viele Fischer oder Seeleute beherbergt: Bei einem englischen Fr\u00fchst\u00fcck bekommt ihr das Gef\u00fchl, dass euer Gastgeber euch eine solide Basis an Vital- und N\u00e4hrstoffen f\u00fcr bevorstehende Abenteuer mitgeben m\u00f6chte. Mit einem Full English Breakfast im Bauch habt ihr wahrscheinlich den ganzen Tag \u00fcber bis zum Abend keine Lust mehr auf weitere Mahlzeiten.<\/p>\n\n\n\n<p>Das mehrg\u00e4ngige Fr\u00fchst\u00fcck versorgt euch f\u00fcr lange Zeit mit Vitaminen, Proteinen und Kohlehydraten. Urspr\u00fcnglich als Energiedepot f\u00fcr die hart arbeitende Bev\u00f6lkerung gedacht, findet das englische Fr\u00fchst\u00fcck auch bei Urlaubern mit ausgedehntem Sightseeing-Programm und bei Sparf\u00fcchsen mit Halbpension gro\u00dfen Anklang.<\/p>\n\n\n\n<div class=\"wp-block-buttons is-horizontal is-content-justification-center is-layout-flex wp-container-core-buttons-is-layout-499968f5 wp-block-buttons-is-layout-flex\">\n<div class=\"wp-block-button\"><a class=\"wp-block-button__link wp-element-button\" href=\"https:\/\/www.sonnenklar.tv\/promo\/urlaub-grossbritannien.html\" target=\"_blank\" rel=\"noreferrer noopener\">Gro\u00dfbritannien Urlaub &#8211; Angebote<\/a><\/div>\n<\/div>\n\n\n\n<h2 class=\"wp-block-heading\"><a name=\"englisches-fruehstueck-inhalt\"><\/a><a name=\"englisches-fruehstueck-bedeutung\"><\/a>Woraus besteht ein englisches Fr\u00fchst\u00fcck?<\/h2>\n\n\n\n<p>Das English Breakfast beginnt mit einem Vitamin C-Flash aus Orangen- oder Grapefruitsaft. Manchmal wird auch eine halbe Grapefruit mit dem dazugeh\u00f6rigen gezahnten L\u00f6ffel serviert. Danach w\u00e4re traditionell die Reihe an Porridge \u2013 einem unges\u00fc\u00dften Haferbrei, der heutzutage nicht mehr so viele Liebhaber hat. Stattdessen werden euch eher Cornflakes in verschiedenen Varianten angeboten.<\/p>\n\n\n\n<p>Der Hauptgang wird auf einem gro\u00dfen Teller serviert und besteht je nach Region oder Etablissement aus einer individuellen Kombination von Spiegel- oder R\u00fchreiern, gebratenen W\u00fcrstchen oder Fr\u00fchst\u00fccksspeck und gegrillten Tomaten oder Pilzen. In den letzten Jahren erfreuen sich auch die aus den USA stammenden Baked Beans \u2013 gebackene wei\u00dfe Bohnen in Tomatensauce \u2013 einer immer gr\u00f6\u00dfer werdenden Beliebtheit.<\/p>\n\n\n\n<p>Dazu gibt es Toast oder in der Pfanne ger\u00f6stete Brotscheiben. Den Abschluss bildet ein \u201eDessert\u201c aus Toast, Butter und Konfit\u00fcren aus Zitrusfr\u00fcchten. Manchmal wird stattdessen auch Erdbeer-, Kirsch-, oder Aprikosenmarmelade gereicht \u2013 was f\u00fcr Traditionalisten in England einem Stilbruch gleichkommt. Wenn wir schon bei dem Thema \u201eTradition\u201c gelandet sind: Kein Grund zur Panik f\u00fcr Coffee-Addicts. Bei englischem Fr\u00fchst\u00fcck wird mittlerweile ebenso Kaffee wie der traditionelle Fr\u00fchst\u00fcckstee mit Milch serviert. Euch schwirrt der Kopf von den vielen Details? Dann verschafft euch einen schnellen \u00dcberblick.<\/p>\n\n\n\n<figure class=\"wp-block-image size-large\"><a href=\"https:\/\/www.sonnenklar.tv\/blog\/wp-content\/uploads\/2025\/02\/englisches-fruehstueck-1.jpg\"><img fetchpriority=\"high\" decoding=\"async\" width=\"880\" height=\"450\" src=\"https:\/\/www.sonnenklar.tv\/blog\/wp-content\/uploads\/2025\/02\/englisches-fruehstueck-1.jpg\" alt=\"Englisches Fr\u00fchst\u00fcck\" class=\"wp-image-34493\" srcset=\"https:\/\/www.sonnenklar.tv\/blog\/wp-content\/uploads\/2025\/02\/englisches-fruehstueck-1.jpg 880w, https:\/\/www.sonnenklar.tv\/blog\/wp-content\/uploads\/2025\/02\/englisches-fruehstueck-1-800x409.jpg 800w, https:\/\/www.sonnenklar.tv\/blog\/wp-content\/uploads\/2025\/02\/englisches-fruehstueck-1-120x61.jpg 120w, https:\/\/www.sonnenklar.tv\/blog\/wp-content\/uploads\/2025\/02\/englisches-fruehstueck-1-90x46.jpg 90w, https:\/\/www.sonnenklar.tv\/blog\/wp-content\/uploads\/2025\/02\/englisches-fruehstueck-1-320x164.jpg 320w, https:\/\/www.sonnenklar.tv\/blog\/wp-content\/uploads\/2025\/02\/englisches-fruehstueck-1-560x286.jpg 560w\" sizes=\"(max-width: 880px) 100vw, 880px\" \/><\/a><\/figure>\n\n\n\n<p><strong>Englisches Fr\u00fchst\u00fcck beinhaltet:<\/strong><\/p>\n\n\n\n<ul class=\"wp-block-list\">\n<li>O-Saft oder andere Vitaminbombe<\/li>\n\n\n\n<li>Kohlehydrate in Form von Zerealien wie Cornflakes oder Porridge<\/li>\n\n\n\n<li>Proteinreiche warme Hauptmahlzeit<\/li>\n\n\n\n<li>S\u00fc\u00dfer Abschluss per Toast mit Konfit\u00fcre oder Marmelade<\/li>\n\n\n\n<li>Jederzeit Nachschlag von Kaffee oder Tee<\/li>\n<\/ul>\n\n\n\n<p>Lust auf eine England Reise bekommen? Dann lasst euch von unseren Angeboten f\u00fcr <a href=\"https:\/\/www.sonnenklar.tv\/promo\/urlaub-grossbritannien.html\">Urlaub in Gro\u00dfbritannien<\/a> inspirieren!<\/p>\n\n\n\n<h2 class=\"wp-block-heading\"><a name=\"fruehstueckskategorien\"><\/a>Fr\u00fchst\u00fcckskategorien in Hotels<\/h2>\n\n\n\n<p>Im deutschsprachigen Raum gibt es verschiedene Begriffe zur Kategorisierung der Fr\u00fchst\u00fccksangebote.<\/p>\n\n\n\n<p><strong>Laut DIN EN ISO 18513 wird zwischen drei Kategorien unterschieden:<\/strong><\/p>\n\n\n\n<ul class=\"wp-block-list\">\n<li>Einfaches Fr\u00fchst\u00fcck oder Continental Breakfast<\/li>\n\n\n\n<li>Erweitertes Fr\u00fchst\u00fcck<\/li>\n\n\n\n<li>Fr\u00fchst\u00fccksbuffet<\/li>\n<\/ul>\n\n\n\n<p>Ein einfaches Fr\u00fchst\u00fcck oder Continental Breakfast umfasst zumindest ein hei\u00dfes Getr\u00e4nk, Brot, Butter und Konfit\u00fcre oder Marmelade. Bei einem erweiterten Fr\u00fchst\u00fcck bekommt ihr \u2013 zumindest \u2013 ein Hei\u00dfgetr\u00e4nk, einen Fruchtsaft, Obst, Brot und Br\u00f6tchen, Marmelade, Butter, K\u00e4se und Wurst. Damit ein Fr\u00fchst\u00fccksangebot als Fr\u00fchst\u00fccksbuffet bezeichnet werden darf, muss es mehr Komponenten als das erweiterte Fr\u00fchst\u00fcck anbieten. Dazu z\u00e4hlen h\u00e4ufig Eierspeisen, M\u00fcsli, Joghurt, Croissants oder Hefeteilchen.<\/p>\n\n\n\n<p>Ein Sonderfall unter den Fr\u00fchst\u00fccksangeboten ist der Brunch \u2013 die Kombination von Fr\u00fchst\u00fcck und Mittagessen. Brunch wird h\u00e4ufig als Buffet mit einer besonders reichhaltigen Auswahl angerichtet.<\/p>\n\n\n\n<div class=\"wp-block-buttons is-horizontal is-content-justification-center is-layout-flex wp-container-core-buttons-is-layout-499968f5 wp-block-buttons-is-layout-flex\">\n<div class=\"wp-block-button\"><a class=\"wp-block-button__link wp-element-button\" href=\"https:\/\/www.sonnenklar.tv\/promo\/urlaub-london.html\" target=\"_blank\" rel=\"noreferrer noopener\">Hotels in London &#8211; zu den angeboten<\/a><\/div>\n<\/div>\n\n\n\n<h2 class=\"wp-block-heading\"><a name=\"dein-fruehstueck\"><\/a>Welches Fr\u00fchst\u00fcck passt zu euch?<\/h2>\n\n\n\n<p>Fr\u00fchst\u00fccksmuffel, die morgens mit M\u00fch und Not eine Scheibe Toast herunterw\u00fcrgen, sind in jedem Fall mit einem einfachen Fr\u00fchst\u00fcck bestens bedient. Wenn ihr etwas mehr Auswahl am Fr\u00fchst\u00fcckstisch bevorzugt, ist das erweiterte Fr\u00fchst\u00fcck eine gute Option. Das Fr\u00fchst\u00fccksbuffet passt gut zu Feinschmeckern, die gern m\u00f6glichst viele verschiedene K\u00f6stlichkeiten probieren.<\/p>\n\n\n\n<p>F\u00fcr kostenbewusste Reisende ist das Buffet au\u00dferdem eine gute M\u00f6glichkeit, das Mittagessen einzusparen. Dasselbe gilt auch f\u00fcr das englische Fr\u00fchst\u00fcck. Wenn ihr deftiges Essen m\u00f6gt, ist das Full English Breakfast genau das Richtige f\u00fcr euch. Und falls ihr zu den Sp\u00e4taufstehern geh\u00f6rt, ist der Brunch eindeutig das beste Arrangement.<\/p>\n\n\n\n<h3 class=\"wp-block-heading\">Mehr zum Thema Verpflegung:<\/h3>\n\n\n\n<p><a href=\"https:\/\/www.sonnenklar.tv\/blog\/reiselexikon\/all-inclusive-bedeutung\/\">All Inclusive<\/a>\u00a0 \u00a0 <a href=\"https:\/\/www.sonnenklar.tv\/blog\/reiselexikon\/amerikanisches-fruehstueck-bedeutung\/\">Amerikanisches Fr\u00fchst\u00fcck<\/a>\u00a0 \u00a0\u00a0<a href=\"https:\/\/www.sonnenklar.tv\/blog\/reiselexikon\/halbpension-bedeutung\/\">Halbpension<\/a>\u00a0 \u00a0 <a href=\"https:\/\/www.sonnenklar.tv\/blog\/reiselexikon\/kontinentales-fruehstueck-bedeutung\/\">Kontinentales Fr\u00fchst\u00fcck\u00a0<\/a> \u00a0 <a href=\"https:\/\/www.sonnenklar.tv\/blog\/reiselexikon\/vollpension-bedeutung\/\">Vollpension<\/a><\/p>\n\n\n\n<p><a href=\"https:\/\/www.sonnenklar.tv\/blog\/reiselexikon\/\">&lt;&lt; Zur\u00fcck zum Reiselexikon<\/a><\/p>\n","protected":false},"excerpt":{"rendered":"<p>\u201eFr\u00fchst\u00fccken wie ein Kaiser, Mittagessen wie ein K\u00f6nig, Abendessen wie ein Bettelmann.\u201c Eigentlich eine deutsche Volksweisheit \u2013 aber wer jemals ein englisches Fr\u00fchst\u00fcck probiert hat, kommt da ins Zweifeln. Wenn ihr das mehr-g\u00e4ngige English Breakfast mit unserem kontinentalen Fr\u00fchst\u00fcck vergleicht, belegen die Briten ganz eindeutig den ersten Platz in puncto kaiserlichem Fr\u00fchst\u00fcck. Inhaltsverzeichnis Was ist<\/p>\n","protected":false},"author":3,"featured_media":0,"parent":6051,"menu_order":0,"comment_status":"closed","ping_status":"closed","template":"","meta":{"footnotes":""},"class_list":["post-6608","page","type-page","status-publish"],"_links":{"self":[{"href":"https:\/\/www.sonnenklar.tv\/blog\/wp-json\/wp\/v2\/pages\/6608","targetHints":{"allow":["GET"]}}],"collection":[{"href":"https:\/\/www.sonnenklar.tv\/blog\/wp-json\/wp\/v2\/pages"}],"about":[{"href":"https:\/\/www.sonnenklar.tv\/blog\/wp-json\/wp\/v2\/types\/page"}],"author":[{"embeddable":true,"href":"https:\/\/www.sonnenklar.tv\/blog\/wp-json\/wp\/v2\/users\/3"}],"replies":[{"embeddable":true,"href":"https:\/\/www.sonnenklar.tv\/blog\/wp-json\/wp\/v2\/comments?post=6608"}],"version-history":[{"count":13,"href":"https:\/\/www.sonnenklar.tv\/blog\/wp-json\/wp\/v2\/pages\/6608\/revisions"}],"predecessor-version":[{"id":37573,"href":"https:\/\/www.sonnenklar.tv\/blog\/wp-json\/wp\/v2\/pages\/6608\/revisions\/37573"}],"up":[{"embeddable":true,"href":"https:\/\/www.sonnenklar.tv\/blog\/wp-json\/wp\/v2\/pages\/6051"}],"wp:attachment":[{"href":"https:\/\/www.sonnenklar.tv\/blog\/wp-json\/wp\/v2\/media?parent=6608"}],"curies":[{"name":"wp","href":"https:\/\/api.w.org\/{rel}","templated":true}]}}