{"id":6602,"date":"2018-05-28T13:33:29","date_gmt":"2018-05-28T11:33:29","guid":{"rendered":"https:\/\/www.sonnenklar.tv\/blog\/?page_id=6602"},"modified":"2025-12-12T15:23:40","modified_gmt":"2025-12-12T14:23:40","slug":"amerikanisches-fruehstueck-bedeutung","status":"publish","type":"page","link":"https:\/\/www.sonnenklar.tv\/blog\/reiselexikon\/amerikanisches-fruehstueck-bedeutung\/","title":{"rendered":"Was bedeutet amerikanisches Fr\u00fchst\u00fcck?"},"content":{"rendered":"\n<p><strong>Wer sein Fr\u00fchst\u00fcck im Hotel plant, sieht sich h\u00e4ufig mit allerlei Begriffen konfrontiert, die unklar erscheinen. Denn je nach Unterkunft werden unterschiedliche Fr\u00fchst\u00fcckstypen angeboten. Was unter einem amerikanischen Fr\u00fchst\u00fcck zu verstehen ist, erf\u00e4hrt ihr hier.<\/strong><\/p>\n\n\n\n<hr class=\"wp-block-separator has-css-opacity\"\/>\n\n\n\n<p><strong>Inhaltsverzeichnis<\/strong><\/p>\n\n\n\n<ul class=\"wp-block-list\">\n<li><a href=\"#fruehstuecksarten\">Welche Arten von Fr\u00fchst\u00fcck gibt es in den Hotels?<\/a><\/li>\n\n\n\n<li><a href=\"#amerikanisches-fruehstueck-inhalt\">Was beinhaltet das amerikanische Fr\u00fchst\u00fcck genau?<\/a><\/li>\n\n\n\n<li><a href=\"#amerikanisches-fruehstueck-vorteile\">Welche Vorteile hat amerikanisches Fr\u00fchst\u00fcck?<\/a><\/li>\n\n\n\n<li><a href=\"#amerikanisches-fruehstueck-geeignet\">F\u00fcr wen ist amerikanisches Fr\u00fchst\u00fcck geeignet?<\/a><\/li>\n<\/ul>\n\n\n\n<hr class=\"wp-block-separator has-css-opacity\"\/>\n\n\n\n<h2 class=\"wp-block-heading\"><a name=\"fruehstuecksarten\"><\/a>Welche Arten von Fr\u00fchst\u00fcck gibt es in den Hotels?<\/h2>\n\n\n\n<p>\u00dcblicherweise wird in den Hotels unterschieden zwischen dem kontinentalen, dem englischen und amerikanischen sowie dem franz\u00f6sischen Fr\u00fchst\u00fcck. Ein <a href=\"https:\/\/www.sonnenklar.tv\/blog\/reiselexikon\/kontinentales-fruehstueck-bedeutung\/\">kontinentales Fr\u00fchst\u00fcck<\/a> beinhaltet alles, was auch der typische Deutsche vom Fr\u00fchst\u00fcck her kennt. Das hei\u00dft, dieses Fr\u00fchst\u00fcck beinhaltet Brot und\/oder Br\u00f6tchen, Butter, Wurst und K\u00e4se sowie Marmelade oder andere s\u00fc\u00dfe Aufstriche. Dazu kommt oft noch ein gekochtes Ei sowie Kaffee und Tee als Getr\u00e4nke. Das hier Erw\u00e4hnte stellt lediglich das Minimum dar, oft geht das Angebot am Fr\u00fchst\u00fccksbuffet noch dar\u00fcber hinaus.<\/p>\n\n\n\n<div class=\"wp-block-buttons is-horizontal is-content-justification-center is-layout-flex wp-container-core-buttons-is-layout-499968f5 wp-block-buttons-is-layout-flex\">\n<div class=\"wp-block-button\"><a class=\"wp-block-button__link wp-element-button\" href=\"https:\/\/www.sonnenklar.tv\/pauschalreisen-reiseziele\/usa-angebote.html\" target=\"_blank\" rel=\"noreferrer noopener\">Usa reisen &#8211; zu den angeboten<\/a><\/div>\n<\/div>\n\n\n\n<p><a href=\"https:\/\/www.sonnenklar.tv\/blog\/reiselexikon\/englisches-fruehstueck-bedeutung\/\" target=\"_blank\" rel=\"noopener\">Das englische Fr\u00fchst\u00fcck<\/a> bietet Toastbrot, Butter, R\u00fchrei sowie W\u00fcrstchen und Speck, h\u00e4ufig auch Bohnen oder Bratkartoffeln. Die typisch britische Orangenmarmelade kommt je nach Hotel eventuell noch hinzu.<\/p>\n\n\n\n<p><strong>Das amerikanische Fr\u00fchst\u00fcck \u00e4hnelt dem kontinentalen, nur dass hier mehr Wert auf warme Speisen gelegt wird. Hierzu z\u00e4hlen:<\/strong><\/p>\n\n\n\n<ol class=\"wp-block-list\">\n<li>W\u00fcrstchen<\/li>\n\n\n\n<li>gebratene Eier und<\/li>\n\n\n\n<li>Pancakes mit Ahornsirup.<\/li>\n<\/ol>\n\n\n\n<p>Am spartanischsten f\u00fcr unsere Verh\u00e4ltnisse ist das franz\u00f6sische Fr\u00fchst\u00fcck, das auch fast nur in Frankreich gereicht wird. Hier gibt es Croissants, Butter und Marmelade sowie Kaffee (oder h\u00e4ufig auch schon Tee).<\/p>\n\n\n\n<p>Die Details bei den Fr\u00fchst\u00fccksarten werden jedoch von Hotel zu Hotel unterschiedlich gehalten, auch je nach Budget und Koch.<\/p>\n\n\n\n<figure class=\"wp-block-image size-large\"><a href=\"https:\/\/www.sonnenklar.tv\/blog\/wp-content\/uploads\/2025\/02\/amerikanisches-fruehstueck-1.jpg\"><img fetchpriority=\"high\" decoding=\"async\" width=\"880\" height=\"450\" src=\"https:\/\/www.sonnenklar.tv\/blog\/wp-content\/uploads\/2025\/02\/amerikanisches-fruehstueck-1.jpg\" alt=\"Amerikanisches Fr\u00fchst\u00fcck\" class=\"wp-image-34538\" srcset=\"https:\/\/www.sonnenklar.tv\/blog\/wp-content\/uploads\/2025\/02\/amerikanisches-fruehstueck-1.jpg 880w, https:\/\/www.sonnenklar.tv\/blog\/wp-content\/uploads\/2025\/02\/amerikanisches-fruehstueck-1-800x409.jpg 800w, https:\/\/www.sonnenklar.tv\/blog\/wp-content\/uploads\/2025\/02\/amerikanisches-fruehstueck-1-120x61.jpg 120w, https:\/\/www.sonnenklar.tv\/blog\/wp-content\/uploads\/2025\/02\/amerikanisches-fruehstueck-1-90x46.jpg 90w, https:\/\/www.sonnenklar.tv\/blog\/wp-content\/uploads\/2025\/02\/amerikanisches-fruehstueck-1-320x164.jpg 320w, https:\/\/www.sonnenklar.tv\/blog\/wp-content\/uploads\/2025\/02\/amerikanisches-fruehstueck-1-560x286.jpg 560w\" sizes=\"(max-width: 880px) 100vw, 880px\" \/><\/a><figcaption class=\"wp-element-caption\">Was ist ein Amerikanisches Fr\u00fchst\u00fcck?<\/figcaption><\/figure>\n\n\n\n<h2 class=\"wp-block-heading\"><a name=\"amerikanisches-fruehstueck-inhalt\"><\/a>Was beinhaltet das amerikanische Fr\u00fchst\u00fcck genau?<\/h2>\n\n\n\n<p>Ein wirklich traditionelles Fr\u00fchst\u00fcck gibt es in den USA nicht mehr, denn genauso wie hier sieht dieses in jeder Familie und von Region zu Region anders aus. Allerdings stehen auf dem US-Fr\u00fchst\u00fcckstisch typischerweise keine Br\u00f6tchen oder gar Vollkornbrot mit K\u00e4se und Wurst. Der Amerikaner isst morgens gerne warm, z. B. Eier mit Speck, oder kalte Getreideflocken bzw. Cornflakes mit Milch oder Joghurt. So f\u00e4llt das Fr\u00fchst\u00fcck entweder herzhaft und deftig oder s\u00fc\u00df aus. Zum Trinken bevorzugen die Amerikaner Kaffee und gerne auch Orangensaft. Der Kaffee f\u00e4llt schw\u00e4cher aus als hierzulande.<\/p>\n\n\n\n<p>Bei den Eiern gibt es zum Fr\u00fchst\u00fcck unterschiedliche Zubereitungsarten und nicht nur die Auswahl zwischen gekochtem Ei (in den USA unbekannt) und R\u00fchr- bzw. Spiegelei. Das Spiegelei wird entweder ganz normal gebraten oder auf einer Seite k\u00fcrzer oder l\u00e4nger. Speck, Bratkartoffeln oder Hash Browns (aus gebratenen Kartoffelpuffern) d\u00fcrfen als Beilage nicht fehlen. Auch R\u00f6stis sind zum Fr\u00fchst\u00fcck \u00fcblich sowie kleinere gekochte oder gebratene W\u00fcrstchen (mittlerweile in den Hotels fast schon Standard).<\/p>\n\n\n\n<p>Die US-typischen Pancakes sind kleiner und dicker als die deutschen Pfannkuchen. Sie werden mit reichlich Ahornsirup betr\u00e4ufelt. Wahlweise wird auch Obst dazu gereicht. F\u00fcr unsere Verh\u00e4ltnisse ungew\u00f6hnlich ist der French Toast. Dabei handelt es sich um wei\u00dfes Toastbrot, angebraten mit Zimt, Milch und Eiern. Der Geschmack ist dann \u00e4hnlich wie bei den &#8222;armen Rittern&#8220;.<\/p>\n\n\n\n<p>Lust auf eine USA Reise bekommen? Dann lasst euch von unseren Angeboten f\u00fcr <a href=\"https:\/\/www.sonnenklar.tv\/promo\/urlaub-usa.html\">Urlaub in den USA<\/a> inspirieren!<\/p>\n\n\n\n<h2 class=\"wp-block-heading\"><a name=\"amerikanisches-fruehstueck-vorteile\"><\/a>Welche Vorteile hat amerikanisches Fr\u00fchst\u00fcck?<\/h2>\n\n\n\n<p>Das amerikanische Fr\u00fchst\u00fcck ist recht deftig und vor allem warm, so dass das Mittagessen (je nach Fr\u00fchst\u00fcckszeit) danach nicht eilt. Es ist nahrhaft und kalorienreich, denn es gibt Speck, gekochte Bohnen (&#8222;Baked Beans&#8220;) und W\u00fcrstchen. Gerade einmal das Bratei eignet sich f\u00fcr gesundheitsbewusste Reisende. Aber es gibt auch reichlich M\u00fcslivariationen.<\/p>\n\n\n\n<p>Auch Kinder m\u00f6gen h\u00e4ufig die mit Buttermilch zubereiteten Pfannkuchen. Au\u00dferdem ist der dazu gereichte Ahornsirup deutlich ges\u00fcnder als Zucker. Das amerikanische Fr\u00fchst\u00fcck in Hotels hat auch den Vorteil, dass es von vielen Nationalit\u00e4ten akzeptiert wird. Denn die Engl\u00e4nder speisen z. B. \u00e4hnlich. Es hat sich daher in vielen Mittelklassehotels durchgesetzt.<\/p>\n\n\n\n<h2 class=\"wp-block-heading\"><a name=\"amerikanisches-fruehstueck-geeignet\"><\/a>F\u00fcr wen ist amerikanisches Fr\u00fchst\u00fcck geeignet?<\/h2>\n\n\n\n<p>Bei dem amerikanischen Fr\u00fchst\u00fcck kommen Menschen, die es gerne deftig und warm m\u00f6gen, auf ihre Kosten. Durch die Kaloriendichte kann das Mittagessen \u2013 wie nach einem Brunch \u2013 etwas warten. Da unterschiedliche Speisen im Angebot sind, also auch s\u00fc\u00dfe Gerichte, finden aber auch S\u00fc\u00dfm\u00e4uler etwas am amerikanischen Fr\u00fchst\u00fccksbuffet. Sogar Gesundheitsbewusste werden nicht entt\u00e4uscht, denn Haferflocken oder andere Cerealien sowie Joghurt wird ebenso angeboten.<\/p>\n\n\n\n<h3 class=\"wp-block-heading\">Mehr zum Thema Verpflegung:<\/h3>\n\n\n\n<p><a href=\"https:\/\/www.sonnenklar.tv\/blog\/reiselexikon\/all-inclusive-bedeutung\/\">All Inclusive<\/a>\u00a0 \u00a0 <a href=\"https:\/\/www.sonnenklar.tv\/blog\/reiselexikon\/englisches-fruehstueck-bedeutung\/\">Englisches Fr\u00fchst\u00fcck<\/a>\u00a0 \u00a0 <a href=\"https:\/\/www.sonnenklar.tv\/blog\/reiselexikon\/halbpension-bedeutung\/\">Halbpension<\/a>\u00a0 \u00a0 <a href=\"https:\/\/www.sonnenklar.tv\/blog\/reiselexikon\/kontinentales-fruehstueck-bedeutung\/\">Kontinentales Fr\u00fchst\u00fcck<\/a>\u00a0 \u00a0 <a href=\"https:\/\/www.sonnenklar.tv\/blog\/reiselexikon\/vollpension-bedeutung\/\">Vollpension<\/a>\u00a0 \u00a0<\/p>\n\n\n\n<p><a href=\"https:\/\/www.sonnenklar.tv\/blog\/reiselexikon\/\">&lt;&lt; Zur\u00fcck zum Reiselexikon<\/a><\/p>\n","protected":false},"excerpt":{"rendered":"<p>Wer sein Fr\u00fchst\u00fcck im Hotel plant, sieht sich h\u00e4ufig mit allerlei Begriffen konfrontiert, die unklar erscheinen. Denn je nach Unterkunft werden unterschiedliche Fr\u00fchst\u00fcckstypen angeboten. Was unter einem amerikanischen Fr\u00fchst\u00fcck zu verstehen ist, erf\u00e4hrt ihr hier. Inhaltsverzeichnis Welche Arten von Fr\u00fchst\u00fcck gibt es in den Hotels? \u00dcblicherweise wird in den Hotels unterschieden zwischen dem kontinentalen, dem<\/p>\n","protected":false},"author":3,"featured_media":0,"parent":6051,"menu_order":0,"comment_status":"closed","ping_status":"closed","template":"","meta":{"footnotes":""},"class_list":["post-6602","page","type-page","status-publish"],"_links":{"self":[{"href":"https:\/\/www.sonnenklar.tv\/blog\/wp-json\/wp\/v2\/pages\/6602","targetHints":{"allow":["GET"]}}],"collection":[{"href":"https:\/\/www.sonnenklar.tv\/blog\/wp-json\/wp\/v2\/pages"}],"about":[{"href":"https:\/\/www.sonnenklar.tv\/blog\/wp-json\/wp\/v2\/types\/page"}],"author":[{"embeddable":true,"href":"https:\/\/www.sonnenklar.tv\/blog\/wp-json\/wp\/v2\/users\/3"}],"replies":[{"embeddable":true,"href":"https:\/\/www.sonnenklar.tv\/blog\/wp-json\/wp\/v2\/comments?post=6602"}],"version-history":[{"count":18,"href":"https:\/\/www.sonnenklar.tv\/blog\/wp-json\/wp\/v2\/pages\/6602\/revisions"}],"predecessor-version":[{"id":37554,"href":"https:\/\/www.sonnenklar.tv\/blog\/wp-json\/wp\/v2\/pages\/6602\/revisions\/37554"}],"up":[{"embeddable":true,"href":"https:\/\/www.sonnenklar.tv\/blog\/wp-json\/wp\/v2\/pages\/6051"}],"wp:attachment":[{"href":"https:\/\/www.sonnenklar.tv\/blog\/wp-json\/wp\/v2\/media?parent=6602"}],"curies":[{"name":"wp","href":"https:\/\/api.w.org\/{rel}","templated":true}]}}