{"id":6578,"date":"2018-05-25T18:32:51","date_gmt":"2018-05-25T16:32:51","guid":{"rendered":"https:\/\/www.sonnenklar.tv\/blog\/?page_id=6578"},"modified":"2025-12-12T16:05:15","modified_gmt":"2025-12-12T15:05:15","slug":"was-ist-eine-kurtaxe","status":"publish","type":"page","link":"https:\/\/www.sonnenklar.tv\/blog\/reiselexikon\/was-ist-eine-kurtaxe\/","title":{"rendered":"Was ist eine Kurtaxe und wof\u00fcr wird sie erhoben?"},"content":{"rendered":"\n<p><strong>Die Kurtaxe ist keine neue Erfindung&nbsp;\u2013 im Schwarzwaldst\u00e4dtchen Baden-Baden zahlten G\u00e4ste bereits im Jahre 1507 eine Kurtaxe. Ob Tegernsee, Bodensee, die nordfriesischen Inseln oder die traditionsreichen Ostseeb\u00e4der, \u00fcberall zahlen G\u00e4ste eine Kurtaxe. Wir erkl\u00e4ren, warum ihr eine Kurtaxe zahlen m\u00fcsst.<\/strong><\/p>\n\n\n\n<hr class=\"wp-block-separator has-css-opacity\"\/>\n\n\n\n<p><strong>Inhaltsverzeichnis<\/strong><\/p>\n\n\n\n<ul class=\"wp-block-list\">\n<li><a href=\"#was-ist-eine-kurtaxe\">Was genau ist eine Kurtaxe?<\/a><\/li>\n\n\n\n<li><a href=\"#wie-hoch-ist-die-kurtaxe\">Wie wird die H\u00f6he der Abgabe festgelegt?<\/a><\/li>\n\n\n\n<li><a href=\"#kurtaxe-pflicht\">F\u00fcr wen ist eine Kurtaxe verpflichtend?<\/a><\/li>\n\n\n\n<li><a href=\"#was-finanziert-kurtaxe\">Was wird mit dem Geld finanziert?<\/a><\/li>\n\n\n\n<li><a href=\"#unkosten\">Die Kurtaxe deckt nur ein Drittel der Unkosten<\/a><\/li>\n<\/ul>\n\n\n\n<hr class=\"wp-block-separator has-css-opacity\"\/>\n\n\n\n<h2 class=\"wp-block-heading\"><a name=\"was-ist-eine-kurtaxe\"><\/a>Was genau ist eine Kurtaxe?<\/h2>\n\n\n\n<p>Zur Finanzierung touristischer Angebote und einer angepassten Infrastruktur erhebt ein Kurort die Kurtaxe. Die Abgabe \u00e4hnelt einer Steuer und wird in Erholungsorten verlangt, die der Gesundheit des Gastes zutr\u00e4glich sind. Sie dient auch dazu, den Charakter des Ortes zu erhalten und verschafft dem Gast zahlreiche Annehmlichkeiten \u00fcber den reinen Kurbetrieb hinaus.&nbsp;Die H\u00f6he der Kurtaxe variiert von Ort zu Ort.&nbsp;Jeder, der in der Gemeinde \u00fcbernachtet und kein Einwohner ist, zahlt die Abgabe.&nbsp;Dabei ist es egal, ob der Gast gesch\u00e4ftlich oder privat unterwegs ist.<\/p>\n\n\n\n<h2 class=\"wp-block-heading\"><a name=\"wie-hoch-ist-die-kurtaxe\"><\/a>Wie wird die H\u00f6he der Abgabe festgelegt?<\/h2>\n\n\n\n<p>Eine Kurtaxe d\u00fcrfen nur staatlich anerkannte Kur- und Erholungsorte erheben, doch f\u00fcr Sachsen, Baden-W\u00fcrttemberg, Hessen und Schleswig-Holstein gelten Ausnahmen. Die Kurtaxe ist eine \u00f6ffentlich-rechtliche und zweckgebundene Abgabe. Gerade in diesem Punkt unterscheidet sich von einer Steuer. Da die Ausgestaltung der Kurtaxe L\u00e4ndersache ist, weicht sie von Region zu Region ab. Die Gemeinden legen Zeitr\u00e4ume und Staffelungen selbst fest. Die Angemessenheit des Geldbetrages muss nach dem Deutschen Heilb\u00e4derverband schl\u00fcssig und nachvollziehbar dargelegt werden.<\/p>\n\n\n\n<figure class=\"wp-block-image size-large\"><a href=\"https:\/\/www.sonnenklar.tv\/blog\/wp-content\/uploads\/2025\/02\/kurtaxe-1.jpg\"><img fetchpriority=\"high\" decoding=\"async\" width=\"880\" height=\"450\" src=\"https:\/\/www.sonnenklar.tv\/blog\/wp-content\/uploads\/2025\/02\/kurtaxe-1.jpg\" alt=\"Kurtaxe Bedeutung\" class=\"wp-image-34608\" srcset=\"https:\/\/www.sonnenklar.tv\/blog\/wp-content\/uploads\/2025\/02\/kurtaxe-1.jpg 880w, https:\/\/www.sonnenklar.tv\/blog\/wp-content\/uploads\/2025\/02\/kurtaxe-1-800x409.jpg 800w, https:\/\/www.sonnenklar.tv\/blog\/wp-content\/uploads\/2025\/02\/kurtaxe-1-120x61.jpg 120w, https:\/\/www.sonnenklar.tv\/blog\/wp-content\/uploads\/2025\/02\/kurtaxe-1-90x46.jpg 90w, https:\/\/www.sonnenklar.tv\/blog\/wp-content\/uploads\/2025\/02\/kurtaxe-1-320x164.jpg 320w, https:\/\/www.sonnenklar.tv\/blog\/wp-content\/uploads\/2025\/02\/kurtaxe-1-560x286.jpg 560w\" sizes=\"(max-width: 880px) 100vw, 880px\" \/><\/a><figcaption class=\"wp-element-caption\">Was ist eine Kurtaxe?<\/figcaption><\/figure>\n\n\n\n<h2 class=\"wp-block-heading\"><a name=\"kurtaxe-pflicht\"><\/a>F\u00fcr wen ist eine Kurtaxe verpflichtend?<\/h2>\n\n\n\n<p>Die Feriensteuer gilt f\u00fcr alle Erwachsenen und Jugendliche ab 14 oder 16 Jahren vom Tag der Anreise bis zum Abreisetag. Als Hundebesitzer m\u00fcsst ihr in einigen Gemeinden auch eine Abgabe f\u00fcr euer Tier bezahlen. F\u00fcr Kinder unter 14 Jahren wird in der Regel keine Kurtaxe erhoben, doch es gibt Ausnahmen. Die Preise variieren und sind auf den ostfriesischen Inseln, in Bayern und Baden-Baden am h\u00f6chsten. Im Ostseebad K\u00fchlungsborn zahlen Kinder bis 18 Jahre keine Kurtaxe. Erwachsene G\u00e4ste haben zudem das Privileg, ihre Kurkarte auch in einigen Nachbarb\u00e4dern in Mecklenburg-Vorpommern nutzen zu k\u00f6nnen. F\u00fcr Erwachsene werden hier vom 1. Mai bis 30. September zwei Euro pro Tag f\u00e4llig, in der Wintersaison die H\u00e4lfte. Sch\u00fcler, Studenten, Azubis, Zivildienstleistende, Grundwehrdienstleistende und Schwerbehinderte zahlen 60 %. Auf der Insel Langeoog dagegen m\u00fcssen Eltern bereits f\u00fcr Kinder ab sechs Jahren 2,10 \u20ac pro \u00dcbernachtung berappen. Trotzdem macht es wenig Sinn, den <a href=\"https:\/\/www.sonnenklar.tv\/blog\/reiselexikon\/was-ist-ein-kurort\/\" target=\"_blank\" rel=\"noopener\">Kurort<\/a> nach H\u00f6he der Kurtaxe zu w\u00e4hlen, denn summa summarum ist es nur ein kleiner Betrag, der sich am Schluss zu den Urlaubskosten addiert.<\/p>\n\n\n\n<h2 class=\"wp-block-heading\"><a name=\"was-finanziert-kurtaxe\"><\/a>Was wird mit dem Geld finanziert?<\/h2>\n\n\n\n<p>Zahlreiche Leistungen, die zur Attraktivit\u00e4t des Ferienortes beitragen, sind mit \u00dcbernachtungskosten f\u00fcr Hotels oder Eintrittsgeb\u00fchren nicht abgedeckt. Diese kommen ausschlie\u00dflich den Betreibern und nicht der Gemeinde zugute. Doch die muss f\u00fcr saubere Str\u00e4nde und eine bequeme Infrastruktur sorgen. Die Gemeinden richten Wander- und Fahrradwege ein, unterhalten Parks und kostenlose Sanit\u00e4ranlagen in \u00f6ffentlichen Bereichen. F\u00fcr deren Finanzierung wird die Kurtaxe erhoben. Kurorte verwenden das Geld auch f\u00fcr Erholungseinrichtungen, die kostenlose Nutzung des \u00f6ffentlichen Nahverkehrs, Ausstellungen und kostenlose Kinderbetreuung.<\/p>\n\n\n\n<p><strong>Das wird mit der Kurtaxe finanziert:<\/strong><\/p>\n\n\n\n<ul class=\"wp-block-list\">\n<li>Kostenlose Busse und Bahnen<\/li>\n\n\n\n<li>Kinderbetreuungsangebote<\/li>\n\n\n\n<li>M\u00fcllbeseitigung am Strand<\/li>\n\n\n\n<li>Kurkonzerte<\/li>\n\n\n\n<li>Wander- und Radwege<\/li>\n\n\n\n<li>Schwimmb\u00e4der<\/li>\n<\/ul>\n\n\n\n<p><a href=\"https:\/\/www.sonnenklar.tv\/promo\/last-minute-ostsee.html?utm_source=kurtaxe-bedeutung&amp;utm_medium=textlink&amp;utm_campaign=lexikon\">Die besten Last Minute Angebote f\u00fcr die Ostsee<\/a>.<\/p>\n\n\n\n<h2 class=\"wp-block-heading\"><a name=\"unkosten\"><\/a>Die Kurtaxe deckt nur ein Drittel der Unkosten<\/h2>\n\n\n\n<p>An manchen Str\u00e4nden der Ostsee muss man als Tagesgast ein Ticket l\u00f6sen, das der Kurtaxe gleichkommt. Personal der Kurverwaltung \u00fcberpr\u00fcft regelm\u00e4\u00dfig, ob die Strandbesucher ein Ticket erworben haben. \u00dcbernachtungsg\u00e4ste bekommen ihr Tagesticket vom Vermieter. Trotzdem decken die Einnahmen nur einen Bruchteil der Unkosten ab. F\u00fcr die Top-Qualit\u00e4t ihrer Str\u00e4nde geben die Ostseeb\u00e4der Ahlbeck und Heringsdorf und Bansin beispielsweise 600.000 Euro im Jahr aus, unter anderem auch f\u00fcr die M\u00fcllbeseitigung. F\u00fcr kulturelle Veranstaltungen investiert man hier gut 1,5 Millionen Euro. Ohne die Kurtaxe w\u00e4ren Orte weniger attraktiv, manches Angebot m\u00fcsste sogar komplett entfallen und die G\u00e4stezahlen gingen zur\u00fcck. Auf den Touristik-Informationsseiten der jeweiligen Gemeinden erfahrt ihr, wie hoch die Kurtaxe ist und meist auch, wof\u00fcr sie aufgewendet wird.<\/p>\n\n\n\n<h3 class=\"wp-block-heading\">Mehr zum Thema Geb\u00fchren:<\/h3>\n\n\n\n<p><a href=\"https:\/\/www.sonnenklar.tv\/blog\/reiselexikon\/einzelzimmerzuschlag-bedeutung\/\">Einzelzimmerzuschlag<\/a>\u00a0 \u00a0 <a href=\"https:\/\/www.sonnenklar.tv\/blog\/reiselexikon\/fremdwaehrungsgebuehren-bedeutung\/\">Fremdw\u00e4hrungsgeb\u00fchren<\/a>\u00a0 \u00a0 <a href=\"https:\/\/www.sonnenklar.tv\/blog\/reiselexikon\/was-ist-eine-mautgebuehr\/\">Mautgeb\u00fchr<\/a>\u00a0 \u00a0 <a href=\"https:\/\/www.sonnenklar.tv\/blog\/reiselexikon\/was-sind-stornogebuehren\/\">Stornogeb\u00fchren<\/a>\u00a0 \u00a0 <a href=\"https:\/\/www.sonnenklar.tv\/blog\/reiselexikon\/treibstoffzuschlag-bedeutung\/\">Treibstoffzuschlag<\/a><\/p>\n\n\n\n<p><a href=\"https:\/\/www.sonnenklar.tv\/blog\/reiselexikon\/\">&lt;&lt; Zur\u00fcck zum Reiselexikon<\/a><\/p>\n","protected":false},"excerpt":{"rendered":"<p>Die Kurtaxe ist keine neue Erfindung&nbsp;\u2013 im Schwarzwaldst\u00e4dtchen Baden-Baden zahlten G\u00e4ste bereits im Jahre 1507 eine Kurtaxe. Ob Tegernsee, Bodensee, die nordfriesischen Inseln oder die traditionsreichen Ostseeb\u00e4der, \u00fcberall zahlen G\u00e4ste eine Kurtaxe. Wir erkl\u00e4ren, warum ihr eine Kurtaxe zahlen m\u00fcsst. Inhaltsverzeichnis Was genau ist eine Kurtaxe? Zur Finanzierung touristischer Angebote und einer angepassten Infrastruktur erhebt<\/p>\n","protected":false},"author":3,"featured_media":0,"parent":6051,"menu_order":0,"comment_status":"closed","ping_status":"closed","template":"","meta":{"footnotes":""},"class_list":["post-6578","page","type-page","status-publish"],"_links":{"self":[{"href":"https:\/\/www.sonnenklar.tv\/blog\/wp-json\/wp\/v2\/pages\/6578","targetHints":{"allow":["GET"]}}],"collection":[{"href":"https:\/\/www.sonnenklar.tv\/blog\/wp-json\/wp\/v2\/pages"}],"about":[{"href":"https:\/\/www.sonnenklar.tv\/blog\/wp-json\/wp\/v2\/types\/page"}],"author":[{"embeddable":true,"href":"https:\/\/www.sonnenklar.tv\/blog\/wp-json\/wp\/v2\/users\/3"}],"replies":[{"embeddable":true,"href":"https:\/\/www.sonnenklar.tv\/blog\/wp-json\/wp\/v2\/comments?post=6578"}],"version-history":[{"count":21,"href":"https:\/\/www.sonnenklar.tv\/blog\/wp-json\/wp\/v2\/pages\/6578\/revisions"}],"predecessor-version":[{"id":37616,"href":"https:\/\/www.sonnenklar.tv\/blog\/wp-json\/wp\/v2\/pages\/6578\/revisions\/37616"}],"up":[{"embeddable":true,"href":"https:\/\/www.sonnenklar.tv\/blog\/wp-json\/wp\/v2\/pages\/6051"}],"wp:attachment":[{"href":"https:\/\/www.sonnenklar.tv\/blog\/wp-json\/wp\/v2\/media?parent=6578"}],"curies":[{"name":"wp","href":"https:\/\/api.w.org\/{rel}","templated":true}]}}