{"id":6561,"date":"2018-05-25T17:22:20","date_gmt":"2018-05-25T15:22:20","guid":{"rendered":"https:\/\/www.sonnenklar.tv\/blog\/?page_id=6561"},"modified":"2025-12-12T16:01:34","modified_gmt":"2025-12-12T15:01:34","slug":"was-bedeuten-hotelsterne","status":"publish","type":"page","link":"https:\/\/www.sonnenklar.tv\/blog\/reiselexikon\/was-bedeuten-hotelsterne\/","title":{"rendered":"Was bedeuten Hotelsterne?"},"content":{"rendered":"\n<p><strong>Hotelsterne stellen eine Klassifizierung von Hotels in Hinsicht auf ihre Ausstattungsmerkmale und Dienstleistungen dar. Dazu sind die Hotels in f\u00fcnf bis sieben Kategorien eingeteilt. Interessant zu wissen: Es gibt keine einheitliche, internationale Zertifizierung. Die Hotelsterne sind als Qualit\u00e4tsmerkmal allm\u00e4hlich im 19. Jahrhundert eingef\u00fchrt worden, zuerst vom Reisef\u00fchrer Baedeker. Der Guide Michelin hat ab 1926 Hotels mit Sternen bewertet, die es heute auch noch gibt und die von den Hotels auch gern als Werbemittel eingesetzt werden.<\/strong><\/p>\n\n\n\n<hr class=\"wp-block-separator has-css-opacity\"\/>\n\n\n\n<p><strong>Inhaltsverzeichnis<\/strong><\/p>\n\n\n\n<ul class=\"wp-block-list\">\n<li><a href=\"#hotelklassifizierungen\">Welche Hotelklassifizierungen gibt es?<\/a><\/li>\n\n\n\n<li><a href=\"#hotelsterne-kriterien\">Welche Kriterien haben die Hotelsterne?<\/a><\/li>\n\n\n\n<li><a href=\"#hotelsterne-international\">Welche Hotelklassifizierungen gibt es international?<\/a><\/li>\n\n\n\n<li><a href=\"#hotelsterne-unterschiede\">Wie unterscheiden sich die Hotelklassifizierungen?<\/a><\/li>\n\n\n\n<li><a href=\"#hotelsterne-deutschland\">Bedeutung der Hotelsterne in Deutschland<\/a><\/li>\n\n\n\n<li><a href=\"#hotelsterne-spanien\">Bedeutung der Hotelsterne in Spanien<\/a><\/li>\n\n\n\n<li><a href=\"#hotelsterne-griechenland\">Bedeutung der Hotelsterne in Griechenland<\/a><\/li>\n\n\n\n<li><a href=\"#hotelsterne-aegypten\">Bedeutung der Hotelsterne in \u00c4gypten<\/a><\/li>\n\n\n\n<li><a href=\"#hotelsterne-italien\">Bedeutung der Hotelsterne in Italien<\/a><\/li>\n\n\n\n<li><a href=\"#hotelsterne-tuerkei\">Bedeutung der Hotelsterne in der T\u00fcrkei<\/a><\/li>\n<\/ul>\n\n\n\n<hr class=\"wp-block-separator has-css-opacity\"\/>\n\n\n\n<h2 class=\"wp-block-heading\"><a name=\"hotelklassifizierungen\"><\/a>Welche Hotelklassifizierungen gibt es?<\/h2>\n\n\n\n<p>Es gibt international keine verbindlichen Standards, aber \u00fcberwiegend hat sich ein <strong>Bewertungssystem mit f\u00fcnf Sternen<\/strong> durchgesetzt, in dem die Hotels mit f\u00fcnf Sternen als absolute Luxushotels eingeordnet sind. Abweichend davon weisen manche Systeme sieben Sterne aus, so dass dann die Hotels mit sieben Sternen die oberste Landeskategorie bilden.<\/p>\n\n\n\n<h2 class=\"wp-block-heading\"><a name=\"hotelsterne-kriterien\"><\/a>Welche Kriterien haben die Hotelsterne?<\/h2>\n\n\n\n<p>\u00dcblich sind Hotelsterne in f\u00fcnf Landeskategorien, wobei auch Hotels mit einem Stern schon zahlreiche Kriterien, wie einen Farbfernseher auf dem Zimmer erf\u00fcllen m\u00fcssen, sie gelten als Standardhotels. Die Kategorie mit zwei Sternen laut Landeskategorie gilt als Budgetkategorie und hebt sich nur gering von denen mit einem Stern ab. Hotels mit drei Sternen laut Landeskategorie haben eine l\u00e4ngere Verf\u00fcgbarkeit der Rezeption und vor allem zus\u00e4tzliche Services bei der Hygiene und W\u00e4sche sowie eine Hotellobby. Bei Hotels mit vier Sternen laut Landeskategorie geh\u00f6ren Sessel zur Zimmerausstattung und das Fr\u00fchst\u00fcck wird auf Wunsch auf dem Zimmer serviert. Hotels mit f\u00fcnf Sternen laut Landeskategorie erf\u00fcllen in Hinsicht auf Service und Ausstattung die h\u00f6chsten denkbaren Standards.<\/p>\n\n\n\n<h2 class=\"wp-block-heading\"><a name=\"hotelsterne-international\"><\/a>Welche Hotelklassifizierungen gibt es international?<\/h2>\n\n\n\n<p>\u00dcblich sind ein bis f\u00fcnf Sterne, teilweise auch bis zu sieben Sterne, um besonders au\u00dfergew\u00f6hnliche Luxushotels noch weiter herauszuheben.<\/p>\n\n\n\n<h2 class=\"wp-block-heading\"><a name=\"hotelsterne-unterschiede\"><\/a>Wie unterscheiden sich die Hotelklassifizierungen?<\/h2>\n\n\n\n<p>Es gibt keine international \u00fcbergreifenden Standards, der wesentliche Unterschied, ist, dass die Bewertungen von unterschiedlichen Bewertungsstellen vorgenommen werden. Dies kann ein nationaler Verband oder auch ein Reisef\u00fchrer wie der Guide Michelin sein, dessen Sterne viele Hotels mit Stolz ausweisen und als Auszeichnung empfinden. Es gibt auch keine Pflicht f\u00fcr Hotels, die jeweiligen Bewerter direkt mit den Sternen zu nennen.<\/p>\n\n\n\n<figure class=\"wp-block-image size-large\"><a href=\"https:\/\/www.sonnenklar.tv\/blog\/wp-content\/uploads\/2025\/02\/hotelsterne-bedeutung-1.jpg\"><img fetchpriority=\"high\" decoding=\"async\" width=\"880\" height=\"450\" src=\"https:\/\/www.sonnenklar.tv\/blog\/wp-content\/uploads\/2025\/02\/hotelsterne-bedeutung-1.jpg\" alt=\"Hotelsterne Bedeutung\" class=\"wp-image-34519\" srcset=\"https:\/\/www.sonnenklar.tv\/blog\/wp-content\/uploads\/2025\/02\/hotelsterne-bedeutung-1.jpg 880w, https:\/\/www.sonnenklar.tv\/blog\/wp-content\/uploads\/2025\/02\/hotelsterne-bedeutung-1-800x409.jpg 800w, https:\/\/www.sonnenklar.tv\/blog\/wp-content\/uploads\/2025\/02\/hotelsterne-bedeutung-1-120x61.jpg 120w, https:\/\/www.sonnenklar.tv\/blog\/wp-content\/uploads\/2025\/02\/hotelsterne-bedeutung-1-90x46.jpg 90w, https:\/\/www.sonnenklar.tv\/blog\/wp-content\/uploads\/2025\/02\/hotelsterne-bedeutung-1-320x164.jpg 320w, https:\/\/www.sonnenklar.tv\/blog\/wp-content\/uploads\/2025\/02\/hotelsterne-bedeutung-1-560x286.jpg 560w\" sizes=\"(max-width: 880px) 100vw, 880px\" \/><\/a><figcaption class=\"wp-element-caption\">Was bedeuten Hotelsterne?<\/figcaption><\/figure>\n\n\n\n<h3 class=\"wp-block-heading\"><a name=\"hotelsterne-deutschland\"><\/a>Bedeutung der Hotelsterne in Deutschland<\/h3>\n\n\n\n<p>In Deutschland werden die Sterne vom Deutschen Hotel- und Gastst\u00e4ttenverband (DEHOGA) nach einem System vergeben, das 1996 eingef\u00fchrt wurde.<\/p>\n\n\n\n<p><strong>Hotel mit einem Stern \u2013 Standardhotel:<\/strong><\/p>\n\n\n\n<ul class=\"wp-block-list\">\n<li>Dusche und WC oder Bad und WC<\/li>\n\n\n\n<li>Farbfernseher<\/li>\n\n\n\n<li>Bett, Tisch und Stuhl sind vorhanden<\/li>\n\n\n\n<li>Handt\u00fccher und Seife oder Duschgel<\/li>\n\n\n\n<li>Telefon im Hotel vorhanden<\/li>\n\n\n\n<li>Fr\u00fchst\u00fcck und Getr\u00e4nke sind verf\u00fcgbar<\/li>\n\n\n\n<li>M\u00f6glichkeit zur Gep\u00e4ckaufbewahrung<\/li>\n<\/ul>\n\n\n\n<p><strong>Zwei Sterne Hotel \u2013 Budgethotel:<\/strong><\/p>\n\n\n\n<ul class=\"wp-block-list\">\n<li>Zus\u00e4tzliches Fr\u00fchst\u00fccksbuffet<\/li>\n\n\n\n<li>Leselampe<\/li>\n\n\n\n<li>Zahlung mit Karte m\u00f6glich<\/li>\n\n\n\n<li>Verf\u00fcgbarkeit von Internet und Hygieneartikeln<\/li>\n<\/ul>\n\n\n\n<p>Lust auf einen Luxusurlaub f\u00fcr wenig Geld ? <a href=\"https:\/\/www.sonnenklar.tv\/promo\/5-sterne-hotels.html\">Hier findet ihr die g\u00fcnstigsten Luxushotels<\/a>.<\/p>\n\n\n\n<p><strong>Drei Sterne Hotel \u2013 Mittelklasse Hotel:<\/strong><\/p>\n\n\n\n<ul class=\"wp-block-list\">\n<li>Die Rezeption ist 14 Stunden besetzt und durchgehend telefonisch erreichbar, die Rezeptionisten sprechen Deutsch und Englisch<\/li>\n\n\n\n<li>Lobby mit Sitzm\u00f6beln<\/li>\n\n\n\n<li>Telefon auf dem Zimmer<\/li>\n\n\n\n<li>F\u00f6n, Papiert\u00fccher<\/li>\n\n\n\n<li>Spiegel und Kofferablage<\/li>\n\n\n\n<li>Auf Wunsch wird N\u00e4hzeug und Schuhputzzeug zur Verf\u00fcgung gestellt, der Gast kann seine W\u00e4sche waschen und B\u00fcgeln lassen<\/li>\n\n\n\n<li>Auf Wunsch zus\u00e4tzliche Kissen und Decken<\/li>\n<\/ul>\n\n\n\n<p><strong>Vier Sterne Hotel \u2013 Komforthotel:<\/strong><\/p>\n\n\n\n<ul class=\"wp-block-list\">\n<li>Hier gibt es eine Hotelbar und eine Lobby mit Bedienung<\/li>\n\n\n\n<li>Die Rezeption ist mindestens 16 Stunden lang ge\u00f6ffnet und telefonisch st\u00e4ndig erreichbar.<\/li>\n\n\n\n<li>Fr\u00fchst\u00fcck wird als Buffet oder auf dem Zimmer serviert<\/li>\n\n\n\n<li>Minibar und Getr\u00e4nke sind verf\u00fcgbar<\/li>\n\n\n\n<li>Die Zimmer verf\u00fcgen \u00fcber Sessel oder Couch<\/li>\n\n\n\n<li>Beheizbares Badezimmer mit Kosmetikartikeln, Bademantel steht zur Verf\u00fcgung<\/li>\n<\/ul>\n\n\n\n<p><strong>F\u00fcnf Sterne Hotel \u2013 Luxushotel:<\/strong><\/p>\n\n\n\n<ul class=\"wp-block-list\">\n<li>Diese Kategorie ist nach dem DEHOGA-System die h\u00f6chste und bietet eine st\u00e4ndig besetzte Rezeption<\/li>\n\n\n\n<li>Eine Lobby mit Sesseln und Bedienung<\/li>\n\n\n\n<li>Das Essen wird auf Bestellung jederzeit auf dem Zimmer serviert<\/li>\n\n\n\n<li>Zahlreiches Personal, wie Concierge, Pagen, Zimmerm\u00e4dchen steht zur Verf\u00fcgung<\/li>\n\n\n\n<li>Zimmersafe und Hygieneartikel in Flakons<\/li>\n\n\n\n<li>Internetger\u00e4t auf Wunsch im Zimmer vorhanden<\/li>\n\n\n\n<li>Kleidung wird innerhalb einer Stunde geb\u00fcgelt und Schuhe werden geputzt<\/li>\n\n\n\n<li>Das Zimmer wird im Rahmen des Turndownservices f\u00fcr die Nacht vorbereitet<\/li>\n<\/ul>\n\n\n\n<p><a href=\"https:\/\/www.sonnenklar.tv\/promo\/luxusreisen.html\">Luxusreisen im \u00dcberblick auf sonnenklar.TV<\/a>.<\/p>\n\n\n\n<h3 class=\"wp-block-heading\"><a name=\"hotelsterne-spanien\"><\/a>Bedeutung der Hotelsterne in Spanien<\/h3>\n\n\n\n<p>Die spanische Klassifizierung ist schon seit vielen Jahren nicht ver\u00e4ndert worden. Hier nehmen die Regionen die Bewertung nach jeweils eigenen Regeln vor. Zwei Sterne entsprechen mindestens 14 Quadratmetern. Drei Sterne bieten Bad und WC, ab vier Sternen gibt es eine Klimaanlage. Anders bewertet werden Strandhotels, kenntlich am Zeichen \u201eH\u201c vor den Hotelsternen. Hier sind die Standards etwas niedriger.<\/p>\n\n\n\n<h3 class=\"wp-block-heading\"><a name=\"hotelsterne-griechenland\"><\/a>Bedeutung der Hotelsterne in Griechenland<\/h3>\n\n\n\n<p>In Griechenland wurde die Bewertung in j\u00fcngster Zeit strenger geregelt. Bislang sind aber noch die alten Bewertungen in Kraft, die von A bis E gehen, wobei A einem deutschen Hotel mit vier Sternen entspricht. Zudem gibt es H\u00e4user mit L f\u00fcr Luxus, was dem deutschen Standard von f\u00fcnf Sternen entspricht. Ab der Kategorie B sind Bad, WC, Fernseher, K\u00fchlschrank und Telefon auf dem Zimmer vorhanden.<\/p>\n\n\n\n<h3 class=\"wp-block-heading\"><a name=\"hotelsterne-aegypten\"><\/a>Bedeutung der Hotelsterne in \u00c4gypten<\/h3>\n\n\n\n<p>Die Hotelsterne in \u00c4gypten gelten im internationalen Vergleich als nicht sehr aussagekr\u00e4ftig und in den Qualit\u00e4tsstufen niedriger als in Europa. Die Hotels, die in Deutschland buchbar sind, erf\u00fcllen jedoch alle einen gewissen Mindeststandard. Die Reiseveranstalter verwenden hier ihre eigenen Bewertungssysteme. Empfehlenswert ist es, mindestens ein Hotel mit vier Sternen zu buchen.<\/p>\n\n\n\n<h3 class=\"wp-block-heading\"><a name=\"hotelsterne-italien\"><\/a>Bedeutung der Hotelsterne in Italien<\/h3>\n\n\n\n<p>In Italien bewerten die Regionen die Hotels innerhalb des Gesetzesrahmens nach eigenen Kriterien. Ab drei Sternen darf man einen ordentlichen Mittelklassestandard erwarten, der eine Zimmergr\u00f6\u00dfe von mindestens 15 Quadratmeter, Telefon auf dem Zimmer, Gep\u00e4cktr\u00e4ger und Wechsel der W\u00e4sche alle vier Tage beinhaltet. Der Standard in S\u00fcdtirol ist dagegen etwas niedriger, hier darf ein Merkmal der Kategorie fehlen.<\/p>\n\n\n\n<h3 class=\"wp-block-heading\"><a name=\"hotelsterne-tuerkei\"><\/a>Bedeutung der Hotelsterne in der T\u00fcrkei<\/h3>\n\n\n\n<p>Die Hotelbewertungen in der T\u00fcrkei entsprechen nicht dem deutschen Standard. Hotels werden in Kategorien A bis E eingestuft. Im Vergleich zu Deutschland kann man das Qualit\u00e4tsniveau als ein bis zwei Sterne tiefer einstufen.<\/p>\n\n\n\n<div class=\"wp-block-buttons is-horizontal is-content-justification-center is-layout-flex wp-container-core-buttons-is-layout-499968f5 wp-block-buttons-is-layout-flex\">\n<div class=\"wp-block-button\"><a class=\"wp-block-button__link wp-element-button\" href=\"https:\/\/www.sonnenklar.tv\/hotel.html\" target=\"_blank\" rel=\"noreferrer noopener\">zu den hotelangeboten<\/a><\/div>\n<\/div>\n\n\n\n<h3 class=\"wp-block-heading\">Mehr zum Thema Unterkunft:<\/h3>\n\n\n\n<p><a href=\"https:\/\/www.sonnenklar.tv\/blog\/reiselexikon\/biohotel-bedeutung\/\">Biohotel<\/a>\u00a0 \u00a0 <a href=\"https:\/\/www.sonnenklar.tv\/blog\/reiselexikon\/hotel-abkuerzungen-bedeutung\/\">Hotelabk\u00fcrzungen<\/a>\u00a0\u00a0\u00a0\u00a0<a href=\"https:\/\/www.sonnenklar.tv\/blog\/reiselexikon\/bed-and-breakfast-bedeutung\/\">Bed &amp; Breakfast<\/a>\u00a0 \u00a0 <a href=\"https:\/\/www.sonnenklar.tv\/blog\/reiselexikon\/bungalow-bedeutung\/\">Bungalow<\/a>\u00a0 \u00a0 <a href=\"https:\/\/www.sonnenklar.tv\/blog\/reiselexikon\/finca-bedeutung\/\">Finca<\/a>\u00a0 \u00a0 <a href=\"https:\/\/www.sonnenklar.tv\/blog\/reiselexikon\/chalet-bedeutung\/\">Chalet<\/a>\u00a0 \u00a0\u00a0<a href=\"https:\/\/www.sonnenklar.tv\/blog\/reiselexikon\/riad-bedeutung\/\">Riad<\/a>\u00a0 \u00a0 <a href=\"https:\/\/www.sonnenklar.tv\/blog\/reiselexikon\/hostel-bedeutung\/\">Hostel<\/a>\u00a0 \u00a0 <a href=\"https:\/\/www.sonnenklar.tv\/blog\/reiselexikon\/erwachsenenhotel-bedeutung\/\">Erwachsenenhotel<\/a>\u00a0 \u00a0 <a href=\"https:\/\/www.sonnenklar.tv\/blog\/reiselexikon\/aparthotel-bedeutung\/\">Aparthotel<\/a>\u00a0 \u00a0 <a href=\"https:\/\/www.sonnenklar.tv\/blog\/reiselexikon\/vital-hotel-bedeutung\/\">Vital Hotel<\/a>\u00a0 \u00a0\u00a0<a href=\"https:\/\/www.sonnenklar.tv\/blog\/reiselexikon\/glueckshotel-bedeutung\/\">Gl\u00fcckshotel<\/a>\u00a0 \u00a0 <a href=\"https:\/\/www.sonnenklar.tv\/blog\/reiselexikon\/resort-bedeutung\/\">Resort<\/a>\u00a0 \u00a0 <a href=\"https:\/\/www.sonnenklar.tv\/blog\/reiselexikon\/mobilheim-bedeutung\/\">Mobilheim<\/a>\u00a0 \u00a0 <a href=\"https:\/\/www.sonnenklar.tv\/blog\/reiselexikon\/pension-hotel-bedeutung\/\">Pension<\/a>\u00a0 \u00a0 <a href=\"https:\/\/www.sonnenklar.tv\/blog\/reiselexikon\/hotel-garni-bedeutung\/\">Hotel Garni<\/a>\u00a0 \u00a0\u00a0<a href=\"https:\/\/www.sonnenklar.tv\/blog\/reiselexikon\/doppelzimmer-bedeutung\/\">Doppelzimmer<\/a>\u00a0 \u00a0\u00a0<a href=\"https:\/\/www.sonnenklar.tv\/blog\/reiselexikon\/familienzimmer-bedeutung\/\">Familienzimmer<\/a>\u00a0 \u00a0 <a href=\"https:\/\/www.sonnenklar.tv\/blog\/reiselexikon\/sparzimmer-bedeutung\/\">Sparzimmer<\/a>\u00a0 \u00a0 <a href=\"https:\/\/www.sonnenklar.tv\/blog\/reiselexikon\/boutique-hotel-bedeutung\/\">Boutique Hotel<\/a>\u00a0\u00a0\u00a0 <a href=\"https:\/\/www.sonnenklar.tv\/blog\/reiselexikon\/suite-bedeutung\/\">Suite<\/a>\u00a0 \u00a0 <a href=\"https:\/\/www.sonnenklar.tv\/blog\/reiselexikon\/studio-apartment-bedeutung\/\">Studio Apartment<\/a> \u00a0 \u00a0 <a href=\"https:\/\/www.sonnenklar.tv\/blog\/reiselexikon\/kabine-bedeutung\/\">Kabine<\/a>\u00a0 \u00a0 <a href=\"https:\/\/www.sonnenklar.tv\/blog\/reiselexikon\/superiorzimmer-bedeutung\/\">Superiorzimmer<\/a>\u00a0 \u00a0 <a href=\"https:\/\/www.sonnenklar.tv\/blog\/boardinghouse-bedeutung\/\">Boardinghouse<\/a>\u00a0 \u00a0 <a href=\"https:\/\/www.sonnenklar.tv\/blog\/reiselexikon\/ryokan-bedeutung\/\">Ryokan<\/a><\/p>\n\n\n\n<p><a href=\"https:\/\/www.sonnenklar.tv\/blog\/reiselexikon\/\">&lt;&lt; Zur\u00fcck zum Reiselexikon<\/a><\/p>\n","protected":false},"excerpt":{"rendered":"<p>Hotelsterne stellen eine Klassifizierung von Hotels in Hinsicht auf ihre Ausstattungsmerkmale und Dienstleistungen dar. Dazu sind die Hotels in f\u00fcnf bis sieben Kategorien eingeteilt. Interessant zu wissen: Es gibt keine einheitliche, internationale Zertifizierung. Die Hotelsterne sind als Qualit\u00e4tsmerkmal allm\u00e4hlich im 19. Jahrhundert eingef\u00fchrt worden, zuerst vom Reisef\u00fchrer Baedeker. Der Guide Michelin hat ab 1926 Hotels<\/p>\n","protected":false},"author":3,"featured_media":0,"parent":6051,"menu_order":0,"comment_status":"closed","ping_status":"closed","template":"","meta":{"footnotes":""},"class_list":["post-6561","page","type-page","status-publish"],"_links":{"self":[{"href":"https:\/\/www.sonnenklar.tv\/blog\/wp-json\/wp\/v2\/pages\/6561","targetHints":{"allow":["GET"]}}],"collection":[{"href":"https:\/\/www.sonnenklar.tv\/blog\/wp-json\/wp\/v2\/pages"}],"about":[{"href":"https:\/\/www.sonnenklar.tv\/blog\/wp-json\/wp\/v2\/types\/page"}],"author":[{"embeddable":true,"href":"https:\/\/www.sonnenklar.tv\/blog\/wp-json\/wp\/v2\/users\/3"}],"replies":[{"embeddable":true,"href":"https:\/\/www.sonnenklar.tv\/blog\/wp-json\/wp\/v2\/comments?post=6561"}],"version-history":[{"count":43,"href":"https:\/\/www.sonnenklar.tv\/blog\/wp-json\/wp\/v2\/pages\/6561\/revisions"}],"predecessor-version":[{"id":37610,"href":"https:\/\/www.sonnenklar.tv\/blog\/wp-json\/wp\/v2\/pages\/6561\/revisions\/37610"}],"up":[{"embeddable":true,"href":"https:\/\/www.sonnenklar.tv\/blog\/wp-json\/wp\/v2\/pages\/6051"}],"wp:attachment":[{"href":"https:\/\/www.sonnenklar.tv\/blog\/wp-json\/wp\/v2\/media?parent=6561"}],"curies":[{"name":"wp","href":"https:\/\/api.w.org\/{rel}","templated":true}]}}