{"id":6370,"date":"2018-05-16T11:01:09","date_gmt":"2018-05-16T09:01:09","guid":{"rendered":"https:\/\/www.sonnenklar.tv\/blog\/?page_id=6370"},"modified":"2025-12-12T15:48:31","modified_gmt":"2025-12-12T14:48:31","slug":"mobilheim-bedeutung","status":"publish","type":"page","link":"https:\/\/www.sonnenklar.tv\/blog\/reiselexikon\/mobilheim-bedeutung\/","title":{"rendered":"Was ist ein Mobilheim?"},"content":{"rendered":"\n<p><strong>Der Urlaub r\u00fcckt n\u00e4her und es stellt sich die Frage, welches Ferienziel und Unterkunft dieses Jahr infrage kommt. Wird wieder ein Hotel oder eine nette kleine Pension gebucht, oder wollt Ihr Euren n\u00e4chsten Sommerurlaub einmal in einem Mobilheim verbringen?<\/strong><\/p>\n\n\n\n<hr class=\"wp-block-separator has-css-opacity\"\/>\n\n\n\n<p><strong>Inhaltsverzeichnis<\/strong><\/p>\n\n\n\n<ul class=\"wp-block-list\">\n<li><a href=\"#mobilheim-bedeutung\">Aber was genau ist eigentlich ein Mobilheim?<\/a><\/li>\n\n\n\n<li><a href=\"#mobilheim-arten\">Welche Mobilheim Arten gibt es?<\/a><\/li>\n\n\n\n<li><a href=\"#mobilheim-vorteile-nachteile\">Vorteile und Nachteile eines Mobilheims<\/a><\/li>\n\n\n\n<li><a href=\"#mobilheim-geeignet\">F\u00fcr wen ist ein Mobilheim geeignet?<\/a><\/li>\n\n\n\n<li><a href=\"#mobilheim-nicht-geeignet\">F\u00fcr wen ist ein Mobilheim nicht geeignet?<\/a><\/li>\n\n\n\n<li><a href=\"#mobilheim-info\">Was muss man beim Mobilheim beachten?<\/a><\/li>\n<\/ul>\n\n\n\n<hr class=\"wp-block-separator has-css-opacity\"\/>\n\n\n\n<h2 class=\"wp-block-heading\"><a name=\"mobilheim-bedeutung\"><\/a>Aber was genau ist eigentlich ein Mobilheim?<\/h2>\n\n\n\n<p>Obwohl es der Name eigentlich vermuten lassen sollte &#8211; Mobilheime sind nicht wirklich mobil, denn sie haben nicht die n\u00f6tige Stra\u00dfenzulassung. Wenn so ein mobiles Wohnhaus von einem Ort zum anderen transportiert werden soll, so muss es auf jeden Fall mit einem Schwertransporter oder Lkw bewegt werden. Den klassischen Campingplatz verbinden viele Urlauber noch mit Zelten und Sanit\u00e4rgeb\u00e4uden. Doch bereits seit vielen Jahrzehnten gesellen sich immer mehr Wohnwagen und Wohnmobile dazu.<\/p>\n\n\n\n<p>Wer keinen eigenen Wohnwagen oder Wohnmobil besitzt, sich in einem einfachen Zelt aber auch nicht mehr wirklich wohlf\u00fchlt, kann trotzdem das besondere Flair eines Campingurlaubs genie\u00dfen. Denn auf vielen Pl\u00e4tzen besteht die M\u00f6glichkeit, ein Mobilheim anzumieten. Wer seinen Urlaub in einem Mobilheim verbringt, wird die gem\u00fctliche Atmosph\u00e4re eines Campingplatzes mit den Annehmlichkeiten und dem Komfort eines normalen Hotelzimmers miteinander verbinden.<\/p>\n\n\n\n<h2 class=\"wp-block-heading\"><a name=\"mobilheim-arten\"><\/a>Welche Mobilheim Arten gibt es?<\/h2>\n\n\n\n<p>Ein Mobilheim l\u00e4sst sich fast schon mit einem kleinen Ferienh\u00e4uschen vergleichen. Je nach Anbieter unterscheiden sie sich in Form, Farbe oder Gr\u00f6\u00dfe.&nbsp;Auf einem Campingplatz stehen immer verschiedene Typen eines Mobilheims zur Verf\u00fcgung. Dabei ist es eigentlich egal, ob ein Paar alleine verreist oder eine Familie mit Kindern seinen Urlaub in einem mobilen Heim verbringen m\u00f6chte. Die Einrichtung wird ganz nach dem Bedarf und der Anzahl der einzelnen Personen gew\u00e4hlt. Denn Eltern mit Kindern ben\u00f6tigen nat\u00fcrlich zwei oder mehr Schlafr\u00e4ume.<\/p>\n\n\n\n<p>Das klassische Mobilheim verf\u00fcgt zu seinen Schlafr\u00e4umen zus\u00e4tzlich \u00fcber einen Wohn- und Essbereich, eine gut ausgestattete K\u00fcche und \u00fcber ein oder zwei B\u00e4der. Wer m\u00f6chte, nutzt das eigene Bad und braucht nicht extra zum Sanit\u00e4rgeb\u00e4ude zu gehen. Vor jedem Mobilheim ist ausreichend Platz, um Tisch und St\u00fchle aufzustellen. Die individuelle Ausstattung eines Mobilheimes ist unterschiedlich. Pers\u00f6nliche W\u00fcnsche sollten daher vor einer Buchung genau gekl\u00e4rt werden.<\/p>\n\n\n\n<figure class=\"wp-block-image size-large\"><a href=\"https:\/\/www.sonnenklar.tv\/blog\/wp-content\/uploads\/2025\/02\/suite-1.jpg\"><img fetchpriority=\"high\" decoding=\"async\" width=\"880\" height=\"450\" src=\"https:\/\/www.sonnenklar.tv\/blog\/wp-content\/uploads\/2025\/02\/suite-1.jpg\" alt=\"Suite Bedeutung\" class=\"wp-image-34557\" srcset=\"https:\/\/www.sonnenklar.tv\/blog\/wp-content\/uploads\/2025\/02\/suite-1.jpg 880w, https:\/\/www.sonnenklar.tv\/blog\/wp-content\/uploads\/2025\/02\/suite-1-800x409.jpg 800w, https:\/\/www.sonnenklar.tv\/blog\/wp-content\/uploads\/2025\/02\/suite-1-120x61.jpg 120w, https:\/\/www.sonnenklar.tv\/blog\/wp-content\/uploads\/2025\/02\/suite-1-90x46.jpg 90w, https:\/\/www.sonnenklar.tv\/blog\/wp-content\/uploads\/2025\/02\/suite-1-320x164.jpg 320w, https:\/\/www.sonnenklar.tv\/blog\/wp-content\/uploads\/2025\/02\/suite-1-560x286.jpg 560w\" sizes=\"(max-width: 880px) 100vw, 880px\" \/><\/a><figcaption class=\"wp-element-caption\">Was ist eine Suite?<\/figcaption><\/figure>\n\n\n\n<h2 class=\"wp-block-heading\"><a name=\"mobilheim-vorteile-nachteile\"><\/a>Vorteile und Nachteile eines Mobilheims<\/h2>\n\n\n\n<p>Wer seinen Urlaub in einem Mobilheim verbringt, genie\u00dft die gleiche Freiheit und den Aufenthalt in der Natur wie ein Camper in seinem Zelt. Doch ein Urlaub im Zelt kommt nicht f\u00fcr jeden infrage. Gr\u00fcnde hierf\u00fcr k\u00f6nnen mangelnder Platz sein, aber auch die fehlende Bequemlichkeit. Ein gem\u00fctliches Bett ist f\u00fcr viele Urlauber eine wichtige Voraussetzung f\u00fcr gute Erholung. Zudem ist das mobile Heim mit Strom und Wasseranschl\u00fcssen sowie sanit\u00e4ren Anlagen ausgestattet, sodass niemand in der Nacht das Sanit\u00e4rgeb\u00e4ude aufsuchen muss.<\/p>\n\n\n\n<p><strong>Die Vorteile eines Mobilheims:<\/strong><\/p>\n\n\n\n<ul class=\"wp-block-list\">\n<li>Privatsph\u00e4re<\/li>\n\n\n\n<li>Gem\u00fctlichkeit<\/li>\n\n\n\n<li>Komfort<\/li>\n\n\n\n<li>gro\u00dfes Platzangebot<\/li>\n<\/ul>\n\n\n\n<p>Wer sich f\u00fcr einen Urlaub in einem Mobilheim entschieden hat, wird kaum Nachteile finden. Nat\u00fcrlich muss man sich dar\u00fcber im Klaren sein, das es Unterschiede zu einem Hotelaufenthalt gibt. Reinigung und das Bettenmachen muss in Eigenregie \u00fcbernommen werden. Und das Buffet mit dem fertig eingedeckten Tisch fehlt ebenfalls.<\/p>\n\n\n\n<h3 class=\"wp-block-heading\"><a name=\"mobilheim-geeignet\"><\/a>F\u00fcr wen ist ein Mobilheim geeignet?<\/h3>\n\n\n\n<p>Ein Mobilheim Urlaub ist f\u00fcr Leute geeignet, die es eher leger m\u00f6gen und sich gerne in der Natur und im Freien aufhalten.<\/p>\n\n\n\n<h3 class=\"wp-block-heading\"><a name=\"mobilheim-nicht-geeignet\"><\/a>F\u00fcr wen ist ein Mobilheim nicht geeignet?<\/h3>\n\n\n\n<p>Urlauber, die sich gerne rundum verw\u00f6hnen und bedienen lassen m\u00f6chten, werden mit einem Urlaub im Mobilheim vielleicht nicht ganz gl\u00fccklich werden.<\/p>\n\n\n\n<h2 class=\"wp-block-heading\"><a name=\"mobilheim-info\"><\/a>Was muss man beim Mobilheim beachten?<\/h2>\n\n\n\n<p>Wer seinen Urlaub im Mobilheim bucht, sollte vorab f\u00fcr ihn wichtige Dinge kl\u00e4ren:<\/p>\n\n\n\n<ul class=\"wp-block-list\">\n<li>Wie sieht der Standort aus, wo genau steht das Mobilheim?<\/li>\n\n\n\n<li>Welche Gr\u00f6\u00dfe hat das mobile Heim?<\/li>\n\n\n\n<li>Wie viele Schlafm\u00f6glichkeiten gibt es?<\/li>\n\n\n\n<li>Wie ist die K\u00fcche eingerichtet, was sollte ggf. noch mitgebracht werden?<\/li>\n\n\n\n<li>Sind Handt\u00fccher oder Bettw\u00e4sche vorhanden?<\/li>\n\n\n\n<li>Sind Tische und St\u00fchle f\u00fcr den Au\u00dfenbereich vorhanden?<\/li>\n\n\n\n<li>Ist ein zus\u00e4tzlicher Stellplatz f\u00fcr Fahrzeuge vorhanden?<\/li>\n\n\n\n<li>Befindet sich ein Lebensmittelgesch\u00e4ft\/Arzt auf dem Platz oder in der N\u00e4he?<\/li>\n\n\n\n<li>Muss eine Endreinigung vorgenommen werden?<\/li>\n<\/ul>\n\n\n\n<div class=\"wp-block-buttons is-horizontal is-content-justification-center is-layout-flex wp-container-core-buttons-is-layout-499968f5 wp-block-buttons-is-layout-flex\">\n<div class=\"wp-block-button\"><a class=\"wp-block-button__link wp-element-button\" href=\"https:\/\/www.sonnenklar.tv\/camper.html\" target=\"_blank\" rel=\"noreferrer noopener\">zu den Camper-Angeboten<\/a><\/div>\n<\/div>\n\n\n\n<h3 class=\"wp-block-heading\">Mehr zum Thema Unterkunft:<\/h3>\n\n\n\n<p><a href=\"https:\/\/www.sonnenklar.tv\/blog\/reiselexikon\/was-bedeuten-hotelsterne\/\">Hotelsterne<\/a>\u00a0 \u00a0 <a href=\"https:\/\/www.sonnenklar.tv\/blog\/reiselexikon\/hotel-abkuerzungen-bedeutung\/\">Hotelabk\u00fcrzungen<\/a>\u00a0\u00a0\u00a0\u00a0<a href=\"https:\/\/www.sonnenklar.tv\/blog\/reiselexikon\/bed-and-breakfast-bedeutung\/\">Bed &amp; Breakfast<\/a>\u00a0 \u00a0 <a href=\"https:\/\/www.sonnenklar.tv\/blog\/reiselexikon\/bungalow-bedeutung\/\">Bungalow<\/a>\u00a0 \u00a0 <a href=\"https:\/\/www.sonnenklar.tv\/blog\/reiselexikon\/finca-bedeutung\/\">Finca<\/a>\u00a0 \u00a0 <a href=\"https:\/\/www.sonnenklar.tv\/blog\/reiselexikon\/chalet-bedeutung\/\">Chalet<\/a>\u00a0 \u00a0\u00a0<a href=\"https:\/\/www.sonnenklar.tv\/blog\/reiselexikon\/riad-bedeutung\/\">Riad<\/a>\u00a0 \u00a0 <a href=\"https:\/\/www.sonnenklar.tv\/blog\/reiselexikon\/hostel-bedeutung\/\">Hostel<\/a>\u00a0 \u00a0 <a href=\"https:\/\/www.sonnenklar.tv\/blog\/reiselexikon\/erwachsenenhotel-bedeutung\/\">Erwachsenenhotel<\/a>\u00a0 \u00a0 <a href=\"https:\/\/www.sonnenklar.tv\/blog\/reiselexikon\/aparthotel-bedeutung\/\">Aparthotel<\/a>\u00a0 \u00a0 <a href=\"https:\/\/www.sonnenklar.tv\/blog\/reiselexikon\/vital-hotel-bedeutung\/\">Vital Hotel<\/a>\u00a0 \u00a0\u00a0<a href=\"https:\/\/www.sonnenklar.tv\/blog\/reiselexikon\/glueckshotel-bedeutung\/\">Gl\u00fcckshotel<\/a>\u00a0 \u00a0 <a href=\"https:\/\/www.sonnenklar.tv\/blog\/reiselexikon\/resort-bedeutung\/\">Resort<\/a>\u00a0 \u00a0 <a href=\"https:\/\/www.sonnenklar.tv\/blog\/reiselexikon\/biohotel-bedeutung\/\">Biohotel<\/a>\u00a0 \u00a0 <a href=\"https:\/\/www.sonnenklar.tv\/blog\/reiselexikon\/pension-hotel-bedeutung\/\">Pension<\/a>\u00a0 \u00a0 <a href=\"https:\/\/www.sonnenklar.tv\/blog\/reiselexikon\/hotel-garni-bedeutung\/\">Hotel Garni<\/a>\u00a0 \u00a0\u00a0<a href=\"https:\/\/www.sonnenklar.tv\/blog\/reiselexikon\/doppelzimmer-bedeutung\/\">Doppelzimmer<\/a>\u00a0 \u00a0\u00a0<a href=\"https:\/\/www.sonnenklar.tv\/blog\/reiselexikon\/familienzimmer-bedeutung\/\">Familienzimmer<\/a>\u00a0 \u00a0 <a href=\"https:\/\/www.sonnenklar.tv\/blog\/reiselexikon\/sparzimmer-bedeutung\/\">Sparzimmer<\/a>\u00a0 \u00a0 <a href=\"https:\/\/www.sonnenklar.tv\/blog\/reiselexikon\/boutique-hotel-bedeutung\/\">Boutique Hotel<\/a>\u00a0\u00a0\u00a0 <a href=\"https:\/\/www.sonnenklar.tv\/blog\/reiselexikon\/suite-bedeutung\/\">Suite<\/a>\u00a0 \u00a0 <a href=\"https:\/\/www.sonnenklar.tv\/blog\/reiselexikon\/studio-apartment-bedeutung\/\">Studio Apartment<\/a> \u00a0 \u00a0 <a href=\"https:\/\/www.sonnenklar.tv\/blog\/reiselexikon\/kabine-bedeutung\/\">Kabine<\/a>\u00a0 \u00a0 <a href=\"https:\/\/www.sonnenklar.tv\/blog\/reiselexikon\/superiorzimmer-bedeutung\/\">Superiorzimmer<\/a>\u00a0 \u00a0 <a href=\"https:\/\/www.sonnenklar.tv\/blog\/boardinghouse-bedeutung\/\">Boardinghouse<\/a>\u00a0 \u00a0 <a href=\"https:\/\/www.sonnenklar.tv\/blog\/reiselexikon\/ryokan-bedeutung\/\">Ryokan<\/a><\/p>\n\n\n\n<p><a href=\"https:\/\/www.sonnenklar.tv\/blog\/reiselexikon\/\">&lt;&lt; Zur\u00fcck zum Reiselexikon<\/a><\/p>\n","protected":false},"excerpt":{"rendered":"<p>Der Urlaub r\u00fcckt n\u00e4her und es stellt sich die Frage, welches Ferienziel und Unterkunft dieses Jahr infrage kommt. Wird wieder ein Hotel oder eine nette kleine Pension gebucht, oder wollt Ihr Euren n\u00e4chsten Sommerurlaub einmal in einem Mobilheim verbringen? Inhaltsverzeichnis Aber was genau ist eigentlich ein Mobilheim? Obwohl es der Name eigentlich vermuten lassen sollte<\/p>\n","protected":false},"author":3,"featured_media":0,"parent":6051,"menu_order":0,"comment_status":"closed","ping_status":"closed","template":"","meta":{"footnotes":""},"class_list":["post-6370","page","type-page","status-publish"],"_links":{"self":[{"href":"https:\/\/www.sonnenklar.tv\/blog\/wp-json\/wp\/v2\/pages\/6370","targetHints":{"allow":["GET"]}}],"collection":[{"href":"https:\/\/www.sonnenklar.tv\/blog\/wp-json\/wp\/v2\/pages"}],"about":[{"href":"https:\/\/www.sonnenklar.tv\/blog\/wp-json\/wp\/v2\/types\/page"}],"author":[{"embeddable":true,"href":"https:\/\/www.sonnenklar.tv\/blog\/wp-json\/wp\/v2\/users\/3"}],"replies":[{"embeddable":true,"href":"https:\/\/www.sonnenklar.tv\/blog\/wp-json\/wp\/v2\/comments?post=6370"}],"version-history":[{"count":30,"href":"https:\/\/www.sonnenklar.tv\/blog\/wp-json\/wp\/v2\/pages\/6370\/revisions"}],"predecessor-version":[{"id":37589,"href":"https:\/\/www.sonnenklar.tv\/blog\/wp-json\/wp\/v2\/pages\/6370\/revisions\/37589"}],"up":[{"embeddable":true,"href":"https:\/\/www.sonnenklar.tv\/blog\/wp-json\/wp\/v2\/pages\/6051"}],"wp:attachment":[{"href":"https:\/\/www.sonnenklar.tv\/blog\/wp-json\/wp\/v2\/media?parent=6370"}],"curies":[{"name":"wp","href":"https:\/\/api.w.org\/{rel}","templated":true}]}}