{"id":6340,"date":"2018-05-15T18:04:47","date_gmt":"2018-05-15T16:04:47","guid":{"rendered":"https:\/\/www.sonnenklar.tv\/blog\/?page_id=6340"},"modified":"2025-12-12T15:53:00","modified_gmt":"2025-12-12T14:53:00","slug":"resort-bedeutung","status":"publish","type":"page","link":"https:\/\/www.sonnenklar.tv\/blog\/reiselexikon\/resort-bedeutung\/","title":{"rendered":"Was ist ein Resort?"},"content":{"rendered":"\n<p><strong>Urlaub in einem Resort ist in der Regel ein abwechslungsreiches Vergn\u00fcgen, da in dieser Form von Unterk\u00fcnften mehr als nur Zimmer zur \u00dcbernachtung geboten werden. Resorts zeichnen sich dadurch aus, das ihr in ihnen ein umfangreiches Angebot an verschiedenen Attraktionen vorfindet und die aktive Freizeitgestaltung einen hohen Stellenwert genie\u00dft. Die h\u00e4ufig im Luxussegment angesiedelten Resorts bieten euch neben Einrichtungen zur Entspannung wie Poollandschaften und Wellnessbereichen auch h\u00e4ufig sehr umfassende gastronomische Einrichtungen mit einer gro\u00dfen Auswahl.<\/strong><\/p>\n\n\n\n<hr class=\"wp-block-separator has-css-opacity\"\/>\n\n\n\n<p><strong>Inhaltsverzeichnis<\/strong><\/p>\n\n\n\n<ul class=\"wp-block-list\">\n<li><a href=\"#resort-bedeutung\">Was ist ein Resort genau?<\/a><\/li>\n\n\n\n<li><a href=\"#resort-hotel-unterschied\">Resort oder Hotel\u00a0\u2013 was ist der Unterschied?<\/a><\/li>\n\n\n\n<li><a href=\"#resort-vorteile\">F\u00fcr wen ist ein Resort geeignet?<\/a><\/li>\n\n\n\n<li><a href=\"#resort-nachteile\">F\u00fcr wen ist ein Resort nicht geeignet?<\/a><\/li>\n\n\n\n<li><a href=\"#resort-wahl\">Die Wahl des richtigen Resorts sollte gut \u00fcberlegt sein<\/a><\/li>\n<\/ul>\n\n\n\n<hr class=\"wp-block-separator has-css-opacity\"\/>\n\n\n\n<h2 class=\"wp-block-heading\"><a name=\"resort-bedeutung\"><\/a>Was ist ein Resort genau?<\/h2>\n\n\n\n<p>Charakteristisch f\u00fcr viele Resorts sind sehr weitl\u00e4ufige Anlagen mit aufwendig angelegten G\u00e4rten, in denen die Zimmer h\u00e4ufig in vielen eher kleinen Wohneinheiten untergebracht sind, die auf dem ganzen Gel\u00e4nde liegen. Viele Resorts widmen sich auch einem bestimmten Schwerpunkt und sind so gestaltet, dass gewisse Aktivit\u00e4ten oder Zielgruppen eindeutig im Mittelpunkt stehen.<\/p>\n\n\n\n<p><strong>Einige Beispiele f\u00fcr verschiedene Arten von Resorts sind zum Beispiel:<\/strong><\/p>\n\n\n\n<ul class=\"wp-block-list\">\n<li>Wellnessresorts<\/li>\n\n\n\n<li>Sportresorts<\/li>\n\n\n\n<li>Erwachsenenresorts<\/li>\n\n\n\n<li>Familienresorts<\/li>\n\n\n\n<li>Luxusresorts<\/li>\n<\/ul>\n\n\n\n<h2 class=\"wp-block-heading\"><a name=\"resort-hotel-unterschied\"><\/a>Resort oder Hotel&nbsp;\u2013 was ist der Unterschied?<\/h2>\n\n\n\n<p>Im Gegensatz zu einem Hotel bietet ein Resort nicht nur mehr Unterhaltung, sondern ist meistens auch etwas au\u00dferhalb von St\u00e4dten in einem f\u00fcr sich abgeschlossenen Bereich gelegen. In der Regel bietet ein Resort eine durch Pflanzen und andere Elemente gestaltete Anlage, die je nach Region und Lage des Resorts h\u00e4ufig \u00fcber einen eigenen Zugang zu landschaftlich reizvollen Orten der Umgebung, wie zum Beispiel zu einem Strand verf\u00fcgt. Resorts zeichnen sich anders als Hotels meistens dadurch aus, dass sie durch ihre Gestaltung und ihr Angebot Urlaub und Entspannung in den Vordergrund stellen, was dazu f\u00fchrt, dass Ihr Gesch\u00e4ftsreisende selten in Resorts antreffen werdet. Des Weiteren k\u00f6nnt ihr in einem Resort meistens sogenannte <a href=\"https:\/\/www.sonnenklar.tv\/blog\/reiselexikon\/all-inclusive-bedeutung\/\" target=\"_blank\" rel=\"noopener\">All Inclusive<\/a> Konzepte in Anspruch nehmen, die eine Verpflegung w\u00e4hrend des gesamten Aufenthalts inklusive Getr\u00e4nken beinhalten.<\/p>\n\n\n\n<p><strong>Normalerweise sind in den g\u00e4ngigsten All Inclusive Angeboten folgende Speisen und Getr\u00e4nke enthalten:<\/strong><\/p>\n\n\n\n<ul class=\"wp-block-list\">\n<li>Fr\u00fchst\u00fcck in Buffetform<\/li>\n\n\n\n<li>Mittagessen in Buffetform<\/li>\n\n\n\n<li>Abendessen in Buffetform<\/li>\n\n\n\n<li>Snacks am Tag und am Abend<\/li>\n\n\n\n<li>Alkoholfreie und alkoholische Getr\u00e4nke<\/li>\n<\/ul>\n\n\n\n<h2 class=\"wp-block-heading\"><a name=\"resort-vorteile\"><\/a>F\u00fcr wen ist ein Resort geeignet?<\/h2>\n\n\n\n<p>Insbesondere wenn ihr in erster Linie ausspannen m\u00f6chtet und viel Wert auf Entspannung und Unterhaltung legt, ist ein Resort als Urlaubsdomizil empfehlenswert. Resorts befinden sich h\u00e4ufig auch an landschaftlich reizvollen Orten und bieten durch eine gewisse Abgeschiedenheit alles, was ihr f\u00fcr einen erholsamen Urlaub braucht direkt vor Ort. Wenn ihr also wenig Wert auf eine allzu zentrale Lage und Land und Leute eures Reiseziels legt, ist ein Resort eine praktische Alternative zu Hotels, in denen ihr euch noch selbstst\u00e4ndig um Unterhaltung und vielleicht auch Verpflegung k\u00fcmmern m\u00fcsst. Insbesondere die permanente Verf\u00fcgbarkeit von Speisen und Getr\u00e4nken ist sehr praktisch und erm\u00f6glicht es euch den Urlaub in Ruhe zu genie\u00dfen.<\/p>\n\n\n\n<figure class=\"wp-block-image size-large\"><a href=\"https:\/\/www.sonnenklar.tv\/blog\/wp-content\/uploads\/2025\/02\/resort-bedeutung-1.jpg\"><img fetchpriority=\"high\" decoding=\"async\" width=\"880\" height=\"450\" src=\"https:\/\/www.sonnenklar.tv\/blog\/wp-content\/uploads\/2025\/02\/resort-bedeutung-1.jpg\" alt=\"Resort Bedeutung\" class=\"wp-image-34588\" srcset=\"https:\/\/www.sonnenklar.tv\/blog\/wp-content\/uploads\/2025\/02\/resort-bedeutung-1.jpg 880w, https:\/\/www.sonnenklar.tv\/blog\/wp-content\/uploads\/2025\/02\/resort-bedeutung-1-800x409.jpg 800w, https:\/\/www.sonnenklar.tv\/blog\/wp-content\/uploads\/2025\/02\/resort-bedeutung-1-120x61.jpg 120w, https:\/\/www.sonnenklar.tv\/blog\/wp-content\/uploads\/2025\/02\/resort-bedeutung-1-90x46.jpg 90w, https:\/\/www.sonnenklar.tv\/blog\/wp-content\/uploads\/2025\/02\/resort-bedeutung-1-320x164.jpg 320w, https:\/\/www.sonnenklar.tv\/blog\/wp-content\/uploads\/2025\/02\/resort-bedeutung-1-560x286.jpg 560w\" sizes=\"(max-width: 880px) 100vw, 880px\" \/><\/a><figcaption class=\"wp-element-caption\">Was ist ein Resort?<\/figcaption><\/figure>\n\n\n\n<p>Wenn Luxus und Unterhaltung f\u00fcr euch sehr wichtige Kriterien f\u00fcr einen gelungenen Urlaub sind, werdet Ihr euch in einem Resort sehr wohlf\u00fchlen und viel Spa\u00df haben. Auch wenn euer Hauptaugenmerk auf bestimmten Aktivit\u00e4ten liegt, denen ihr im Urlaub nachgehen m\u00f6chtet, ist ein Resort, das genau auf diese Aktivit\u00e4ten spezialisiert ist eine gute Wahl.<\/p>\n\n\n\n<h2 class=\"wp-block-heading\"><a name=\"resort-nachteile\"><\/a>F\u00fcr wen ist ein Resort nicht geeignet?<\/h2>\n\n\n\n<p>Wenn ihr aber viel Wert auf Individualit\u00e4t legt und Abwechslung f\u00fcr euch einen hohen Stellenwert hat, ist ein Resort vielleicht nicht immer das richtige f\u00fcr euch. Denn aufgrund der ihnen zugrunde liegenden Konzepte, sind Resorts oft f\u00fcr sehr viele G\u00e4ste ausgelegt, was der Ruhe manchmal eher nicht f\u00f6rderlich ist. Des Weiteren sind viele Resorts durch Ihre Lage recht abgeschottet, was zwar zur Sicherheit beitr\u00e4gt, aber gleichzeitig auch bedeutet, das ihr mit der Kultur und Bev\u00f6lkerung des Reiselandes nicht so einfach in Kontakt kommt.<\/p>\n\n\n\n<p><a href=\"https:\/\/www.sonnenklar.tv\/promo\/biohotels.html\">Jetzt die besten Reiseziele f\u00fcr Pauschalreisen finden und unkompliziert luxuri\u00f6se Resorts buchen.<\/a><\/p>\n\n\n\n<h2 class=\"wp-block-heading\"><a name=\"resort-wahl\"><\/a>Die Wahl des richtigen Resorts sollte gut \u00fcberlegt sein<\/h2>\n\n\n\n<p>Je nach euren individuellen Vorlieben solltet ihr euch im Vorfeld der Buchung eines Resorts gut informieren, ob das gew\u00e4hlte Resort alle gew\u00fcnschten Kriterien erf\u00fcllt. Neben der Lage und Erreichbarkeit, die im Hinblick auf eure Vorhaben an eurem Urlaubsort wichtig sind, ist vor allem zu pr\u00fcfen, ob das Angebot in beispielsweise einem Sportresort oder Wellnessresort euren Vorstellungen entspricht und ob die Einrichtung und Gestaltung des Resorts euren Geschmack trifft.<\/p>\n\n\n\n<div class=\"wp-block-buttons is-horizontal is-content-justification-center is-layout-flex wp-container-core-buttons-is-layout-499968f5 wp-block-buttons-is-layout-flex\">\n<div class=\"wp-block-button\"><a class=\"wp-block-button__link wp-element-button\" href=\"https:\/\/www.sonnenklar.tv\" target=\"_blank\" rel=\"noreferrer noopener\">zu den urlaubsangeboten<\/a><\/div>\n<\/div>\n\n\n\n<h3 class=\"wp-block-heading\">Mehr zum Thema Unterkunft:<\/h3>\n\n\n\n<p><a href=\"https:\/\/www.sonnenklar.tv\/blog\/reiselexikon\/was-bedeuten-hotelsterne\/\">Hotelsterne<\/a>\u00a0 \u00a0 <a href=\"https:\/\/www.sonnenklar.tv\/blog\/reiselexikon\/hotel-abkuerzungen-bedeutung\/\">Hotelabk\u00fcrzungen<\/a>\u00a0\u00a0\u00a0\u00a0<a href=\"https:\/\/www.sonnenklar.tv\/blog\/reiselexikon\/bed-and-breakfast-bedeutung\/\">Bed &amp; Breakfast<\/a>\u00a0 \u00a0 <a href=\"https:\/\/www.sonnenklar.tv\/blog\/reiselexikon\/bungalow-bedeutung\/\">Bungalow<\/a>\u00a0 \u00a0 <a href=\"https:\/\/www.sonnenklar.tv\/blog\/reiselexikon\/finca-bedeutung\/\">Finca<\/a>\u00a0 \u00a0 <a href=\"https:\/\/www.sonnenklar.tv\/blog\/reiselexikon\/chalet-bedeutung\/\">Chalet<\/a>\u00a0 \u00a0\u00a0<a href=\"https:\/\/www.sonnenklar.tv\/blog\/reiselexikon\/riad-bedeutung\/\">Riad<\/a>\u00a0 \u00a0 <a href=\"https:\/\/www.sonnenklar.tv\/blog\/reiselexikon\/hostel-bedeutung\/\">Hostel<\/a>\u00a0 \u00a0 <a href=\"https:\/\/www.sonnenklar.tv\/blog\/reiselexikon\/erwachsenenhotel-bedeutung\/\">Erwachsenenhotel<\/a>\u00a0 \u00a0 <a href=\"https:\/\/www.sonnenklar.tv\/blog\/reiselexikon\/aparthotel-bedeutung\/\">Aparthotel<\/a>\u00a0 \u00a0 <a href=\"https:\/\/www.sonnenklar.tv\/blog\/reiselexikon\/vital-hotel-bedeutung\/\">Vital Hotel<\/a>\u00a0 \u00a0\u00a0<a href=\"https:\/\/www.sonnenklar.tv\/blog\/reiselexikon\/glueckshotel-bedeutung\/\">Gl\u00fcckshotel<\/a>\u00a0 \u00a0 <a href=\"https:\/\/www.sonnenklar.tv\/blog\/reiselexikon\/biohotel-bedeutung\/\">Biohotel<\/a>\u00a0 \u00a0 <a href=\"https:\/\/www.sonnenklar.tv\/blog\/reiselexikon\/mobilheim-bedeutung\/\">Mobilheim<\/a>\u00a0 \u00a0 <a href=\"https:\/\/www.sonnenklar.tv\/blog\/reiselexikon\/pension-hotel-bedeutung\/\">Pension<\/a>\u00a0 \u00a0 <a href=\"https:\/\/www.sonnenklar.tv\/blog\/reiselexikon\/hotel-garni-bedeutung\/\">Hotel Garni<\/a>\u00a0 \u00a0\u00a0<a href=\"https:\/\/www.sonnenklar.tv\/blog\/reiselexikon\/doppelzimmer-bedeutung\/\">Doppelzimmer<\/a>\u00a0 \u00a0\u00a0<a href=\"https:\/\/www.sonnenklar.tv\/blog\/reiselexikon\/familienzimmer-bedeutung\/\">Familienzimmer<\/a>\u00a0 \u00a0 <a href=\"https:\/\/www.sonnenklar.tv\/blog\/reiselexikon\/sparzimmer-bedeutung\/\">Sparzimmer<\/a>\u00a0 \u00a0 <a href=\"https:\/\/www.sonnenklar.tv\/blog\/reiselexikon\/boutique-hotel-bedeutung\/\">Boutique Hotel<\/a>\u00a0\u00a0\u00a0 <a href=\"https:\/\/www.sonnenklar.tv\/blog\/reiselexikon\/suite-bedeutung\/\">Suite<\/a>\u00a0 \u00a0 <a href=\"https:\/\/www.sonnenklar.tv\/blog\/reiselexikon\/studio-apartment-bedeutung\/\">Studio Apartment<\/a> \u00a0 \u00a0 <a href=\"https:\/\/www.sonnenklar.tv\/blog\/reiselexikon\/kabine-bedeutung\/\">Kabine<\/a>\u00a0 \u00a0 <a href=\"https:\/\/www.sonnenklar.tv\/blog\/reiselexikon\/superiorzimmer-bedeutung\/\">Superiorzimmer<\/a>\u00a0 \u00a0 <a href=\"https:\/\/www.sonnenklar.tv\/blog\/boardinghouse-bedeutung\/\">Boardinghouse<\/a>\u00a0 \u00a0 <a href=\"https:\/\/www.sonnenklar.tv\/blog\/reiselexikon\/ryokan-bedeutung\/\">Ryokan<\/a><\/p>\n\n\n\n<p><a href=\"https:\/\/www.sonnenklar.tv\/blog\/reiselexikon\/\">&lt;&lt; Zur\u00fcck zum Reiselexikon<\/a><\/p>\n","protected":false},"excerpt":{"rendered":"<p>Urlaub in einem Resort ist in der Regel ein abwechslungsreiches Vergn\u00fcgen, da in dieser Form von Unterk\u00fcnften mehr als nur Zimmer zur \u00dcbernachtung geboten werden. Resorts zeichnen sich dadurch aus, das ihr in ihnen ein umfangreiches Angebot an verschiedenen Attraktionen vorfindet und die aktive Freizeitgestaltung einen hohen Stellenwert genie\u00dft. Die h\u00e4ufig im Luxussegment angesiedelten Resorts<\/p>\n","protected":false},"author":3,"featured_media":0,"parent":6051,"menu_order":0,"comment_status":"closed","ping_status":"closed","template":"","meta":{"footnotes":""},"class_list":["post-6340","page","type-page","status-publish"],"_links":{"self":[{"href":"https:\/\/www.sonnenklar.tv\/blog\/wp-json\/wp\/v2\/pages\/6340","targetHints":{"allow":["GET"]}}],"collection":[{"href":"https:\/\/www.sonnenklar.tv\/blog\/wp-json\/wp\/v2\/pages"}],"about":[{"href":"https:\/\/www.sonnenklar.tv\/blog\/wp-json\/wp\/v2\/types\/page"}],"author":[{"embeddable":true,"href":"https:\/\/www.sonnenklar.tv\/blog\/wp-json\/wp\/v2\/users\/3"}],"replies":[{"embeddable":true,"href":"https:\/\/www.sonnenklar.tv\/blog\/wp-json\/wp\/v2\/comments?post=6340"}],"version-history":[{"count":33,"href":"https:\/\/www.sonnenklar.tv\/blog\/wp-json\/wp\/v2\/pages\/6340\/revisions"}],"predecessor-version":[{"id":37596,"href":"https:\/\/www.sonnenklar.tv\/blog\/wp-json\/wp\/v2\/pages\/6340\/revisions\/37596"}],"up":[{"embeddable":true,"href":"https:\/\/www.sonnenklar.tv\/blog\/wp-json\/wp\/v2\/pages\/6051"}],"wp:attachment":[{"href":"https:\/\/www.sonnenklar.tv\/blog\/wp-json\/wp\/v2\/media?parent=6340"}],"curies":[{"name":"wp","href":"https:\/\/api.w.org\/{rel}","templated":true}]}}