{"id":6311,"date":"2018-05-15T17:16:01","date_gmt":"2018-05-15T15:16:01","guid":{"rendered":"https:\/\/www.sonnenklar.tv\/blog\/?page_id=6311"},"modified":"2025-12-12T15:39:35","modified_gmt":"2025-12-12T14:39:35","slug":"familienzimmer-bedeutung","status":"publish","type":"page","link":"https:\/\/www.sonnenklar.tv\/blog\/reiselexikon\/familienzimmer-bedeutung\/","title":{"rendered":"Was bedeutet ein Familienzimmer eigentlich?"},"content":{"rendered":"\n<p><strong>Das Reisen mit Kindern geh\u00f6rt zum regul\u00e4ren Urlaubsprogramm und Aufenthalte in attraktiven Hotels sind ein besonderes Highlight f\u00fcr alle Beteiligten. Ganz klar, dass eine Familie mit j\u00fcngeren Kindern diese unvergessliche Zeit gemeinsam in einer gro\u00dfz\u00fcgig eingerichteten R\u00e4umlichkeit verbringen m\u00f6chte. Was aber sind die Besonderheiten einer solchen Unterkunftsoption? Und welche Ausstattungsmerkmale sind markant f\u00fcr ein ideales Familienzimmer?<\/strong><\/p>\n\n\n\n<hr class=\"wp-block-separator has-css-opacity\"\/>\n\n\n\n<p><strong>Inhaltsverzeichnis<\/strong><\/p>\n\n\n\n<ul class=\"wp-block-list\">\n<li><a href=\"#familienzimmer-bedeutung\">Was ist ein Familienzimmer?<\/a><\/li>\n\n\n\n<li><a href=\"#familienzimmer-ausstattung\">Familienzimmer: Welche Ausstattungskriterien erf\u00fcllen sie?<\/a><\/li>\n\n\n\n<li><a href=\"#familienzimmer-vorzuege\">Wesentliche Vorz\u00fcge eines Familienzimmers<\/a><\/li>\n\n\n\n<li><a href=\"#familienzimmer-sicherheit\">Sicherheit in kinderfreundlichen Hotels mit Familienzimmer<\/a><\/li>\n\n\n\n<li><a href=\"#familienurlaub\">Unbeschwerter Familienurlaub in Familienhotels<\/a><\/li>\n<\/ul>\n\n\n\n<hr class=\"wp-block-separator has-css-opacity\"\/>\n\n\n\n<h2 class=\"wp-block-heading\"><a name=\"familienzimmer-bedeutung\"><\/a>Was ist ein Familienzimmer?<\/h2>\n\n\n\n<p>Dem Deutschen Tourismusverband zufolge handelt es sich bei einem Familienzimmer um eine Hotelr\u00e4umlichkeit, das optimale Schlafm\u00f6glichkeiten f\u00fcr mindestens drei Personen bietet. Zwei dieser Schlafgelegenheiten sollten bequem von Erwachsenen genutzt werden k\u00f6nnen. Zahlreiche Hotels folgen dem Trend der Zeit und offerieren ihren gro\u00dfen und kleinen G\u00e4sten eine Reihe von komfortablen Familienzimmern, die fest im st\u00e4ndigen Zimmerangebot integriert sind.<\/p>\n\n\n\n<div class=\"wp-block-buttons is-horizontal is-content-justification-center is-layout-flex wp-container-core-buttons-is-layout-499968f5 wp-block-buttons-is-layout-flex\">\n<div class=\"wp-block-button\"><a class=\"wp-block-button__link wp-element-button\" href=\"https:\/\/www.sonnenklar.tv\/tv-specials\/familienurlaub.html\" target=\"_blank\" rel=\"noreferrer noopener\">Familienhotels &#8211; zu den angeboten<\/a><\/div>\n<\/div>\n\n\n\n<h2 class=\"wp-block-heading\"><a name=\"familienzimmer-ausstattung\"><\/a>Familienzimmer: Welche Ausstattungskriterien erf\u00fcllen sie?<\/h2>\n\n\n\n<p>Ob Bed &amp; Breakfast oder Luxushotel, engagierte Hoteliers und motivierte Hotelangestellte sind immer in der Lage, aus einem ger\u00e4umigen Doppelzimmer oder einer Suite ein bequemes und komfortables Familienzimmer zu zaubern. Familienzimmer sind die smarte L\u00f6sung, wenn es darum geht, kinder- und familienfreundliche Unterk\u00fcnfte zu bieten, um das Thema Wohnen im Urlaub mit Kindern so interesssant, unbeschwert und komfortabel wie m\u00f6glich zu gestalten.<\/p>\n\n\n\n<p>Ausgestattet sind Familienzimmer mit den regul\u00e4ren Ausr\u00fcstungsmerkmalen des jeweiligen Hotels. Besonders gro\u00dfe Doppelbettzimmer werden dabei mit zus\u00e4tzlichen, gem\u00fctlichen Schlafgelegenheiten aufger\u00fcstet. Qualitativ hochwertige Schlafsofas oder Aufstellbetten sind bequeme Optionen und tragen zu einer modernen und behaglichen Schlaflandschaft im Familienzimmer bei. F\u00fcr Babys und Kleinkinder werden vom Hotel entsprechende Gitterbetten zur Verf\u00fcgung gestellt.<\/p>\n\n\n\n<p>Eine weiteres Familienzimmerkonzept bildet die aus zwei komfortabel eingerichteten Doppelzimmern bestehende Variante, wobei das Gemeinsamkeitsgef\u00fchl der Familie dank einer praktischen Verbindungst\u00fcr gew\u00e4hrleistet wird.<\/p>\n\n\n\n<h3 class=\"wp-block-heading\"><a name=\"familienzimmer-vorzuege\"><\/a>Wesentliche Vorz\u00fcge eines Familienzimmers<\/h3>\n\n\n\n<p>Die Vorteile eines gro\u00dfz\u00fcgig eingerichteten Familienzimmers liegen auf der Hand, und wer oft mit seinen Kindern verreist, wei\u00df sie wohl zu sch\u00e4tzen. Au\u00dfer den zus\u00e4tzlichen, angemessenen Schlafgelegenheiten sollte besonders viel Wert auf den Gem\u00fctlichkeitsfaktor gelegt werden. Schlie\u00dflich sollten sich vor allem Kinder in der ungewohnten Umgebung wohl f\u00fchlen. Optimale Familienzimmer sind mit kleinen Spielnischen und kinderfreundlichen Schlafbereichen versehen. Von weiterem Vorteil ist eine kindgerechte Gestaltung des Badezimmers, wobei f\u00fcr Babys solch unentbehrliche Einrichtungsgegenst\u00e4nde wie Wickeltisch und Kinderlaufstall nicht fehlen d\u00fcrfen.<\/p>\n\n\n\n<figure class=\"wp-block-image size-large\"><a href=\"https:\/\/www.sonnenklar.tv\/blog\/wp-content\/uploads\/2025\/02\/familienzimmer-bedeutung-1.jpg\"><img fetchpriority=\"high\" decoding=\"async\" width=\"880\" height=\"450\" src=\"https:\/\/www.sonnenklar.tv\/blog\/wp-content\/uploads\/2025\/02\/familienzimmer-bedeutung-1.jpg\" alt=\"Familienzimmer Bedeutung\" class=\"wp-image-34568\" srcset=\"https:\/\/www.sonnenklar.tv\/blog\/wp-content\/uploads\/2025\/02\/familienzimmer-bedeutung-1.jpg 880w, https:\/\/www.sonnenklar.tv\/blog\/wp-content\/uploads\/2025\/02\/familienzimmer-bedeutung-1-800x409.jpg 800w, https:\/\/www.sonnenklar.tv\/blog\/wp-content\/uploads\/2025\/02\/familienzimmer-bedeutung-1-120x61.jpg 120w, https:\/\/www.sonnenklar.tv\/blog\/wp-content\/uploads\/2025\/02\/familienzimmer-bedeutung-1-90x46.jpg 90w, https:\/\/www.sonnenklar.tv\/blog\/wp-content\/uploads\/2025\/02\/familienzimmer-bedeutung-1-320x164.jpg 320w, https:\/\/www.sonnenklar.tv\/blog\/wp-content\/uploads\/2025\/02\/familienzimmer-bedeutung-1-560x286.jpg 560w\" sizes=\"(max-width: 880px) 100vw, 880px\" \/><\/a><figcaption class=\"wp-element-caption\">Was ist ein Familienzimmer?<\/figcaption><\/figure>\n\n\n\n<p><strong>Gibt es eine gleichwertige Alternative zum Familienzimmer?<\/strong> Familienkonzipierte Appartements bieten eine erweiterte L\u00f6sung, die aufgrund einer n\u00fctzlich strukturierten Einrichtung zum Beispiel gen\u00fcgend M\u00f6glichkeiten zum Gebrauch von vorhandenen K\u00fcchenausstattungen bietet. Auch hier trennt die vorhandenen Schlafzimmer lediglich eine Verbindungst\u00fcr.<\/p>\n\n\n\n<h2 class=\"wp-block-heading\"><a name=\"familienzimmer-sicherheit\"><\/a>Sicherheit in kinderfreundlichen Hotels mit Familienzimmer<\/h2>\n\n\n\n<p>Das Thema Sicherheit ist gerade in familienkonzipierten Unterk\u00fcnften besonders relevant. T\u00dcV gepr\u00fcfte elektrische Ger\u00e4te, Kantenschutz, zus\u00e4tzliche Gel\u00e4nder- und Br\u00fcstungsschutzma\u00dfnahmen, Sicherheitssteckdosen oder T\u00fcrstopper geh\u00f6ren zu den Standardausr\u00fcstungen eines jeden Familienhotels. Auf diese Weise haben Eltern die Gewissheit, dass ihre Kinder sich gefahrenlos in den R\u00e4umlichkeiten bewegen k\u00f6nnen. Auch Kinderschwimmbecken und Babypools werden nur unter strenger Einhaltung von Sicherheitsvorschriften betrieben. Die angegliederten Kinderspielpl\u00e4tze werden regelm\u00e4\u00dfig auf ihre Sicherheit hin kontrolliert, so dass Kinder dort bedenkenlos viel Spielspa\u00df erleben k\u00f6nnen. Wohl besch\u00fctzt, unbefangen und munter k\u00f6nnen die j\u00fcngsten Hotelg\u00e4ste somit ihren Hotelaufenthalt genie\u00dfen.<\/p>\n\n\n\n<div class=\"wp-block-buttons is-horizontal is-content-justification-center is-layout-flex wp-container-core-buttons-is-layout-499968f5 wp-block-buttons-is-layout-flex\">\n<div class=\"wp-block-button\"><a class=\"wp-block-button__link wp-element-button\" href=\"https:\/\/www.sonnenklar.tv\/tv-specials\/familienurlaub.html\" target=\"_blank\" rel=\"noreferrer noopener\">Familienhotels &#8211; angebote<\/a><\/div>\n\n\n\n<div class=\"wp-block-button\"><a class=\"wp-block-button__link wp-element-button\" href=\"https:\/\/www.sonnenklar.tv\/ferienwohnungen.html\" target=\"_blank\" rel=\"noreferrer noopener\">Ferienwohnungen &#8211; angebote<\/a><\/div>\n<\/div>\n\n\n\n<h2 class=\"wp-block-heading\"><a name=\"familienurlaub\"><\/a>Unbeschwerter Familienurlaub in Familienhotels<\/h2>\n\n\n\n<p>Zu den exklusiven Leistungen erstklassiger Familienhotels geh\u00f6ren au\u00dferdem Unterhaltungsprogramme f\u00fcr Familien und extra Spielr\u00e4ume f\u00fcr Kinder. Dazu z\u00e4hlen kindgem\u00e4\u00dfe Einrichtungen, wie Mal- und Bastelstuben, Miniclubs, Kinderb\u00fcchereien oder Tischtennis R\u00e4ume. Somit ist f\u00fcr Unterhaltung und eine altersgerechte Kinderbetreuung gesorgt, auch wenn Eltern mal etwas separat unternehmen m\u00f6chten. Ein beliebtes Glanzlicht f\u00fcr G\u00e4ste jeden Alters sind Vergn\u00fcgungsschwimmbecken, die mit Kinderbecken ausgestattet sind, so dass auch die Kleinen auf ihre Kosten kommen k\u00f6nnen.<\/p>\n\n\n\n<p>In qualitativ hochwertigen Familienhotels erwartet die kleinen Hotelg\u00e4ste eine Reihe von speziellen Sonderangeboten und Serviceleistungen. Dazu geh\u00f6ren kindgerechte, leckere und bunte Mahlzeiten, w\u00e4hrend sie bei Fr\u00fchst\u00fccksbuffets oftmals Getr\u00e4nke oder Kuchen unbeschr\u00e4nkt und kostenlos genie\u00dfen k\u00f6nnen. Schlie\u00dflich bieten gut organisierte Familienunterk\u00fcnfte ihren G\u00e4sten gleich bei ihrer Ankunft an der Rezeption eine \u00dcbersicht zu lokalen Angeboten mit faszinierenden Aktivit\u00e4ten f\u00fcr Kinder und Familienunternehmungen.<\/p>\n\n\n\n<p>Ein Aufenthalt in einem der gesch\u00e4tzten und vorbildhaft gef\u00fchrten Familienhotels sollte gut geplant werden. Familienzimmer sind \u00e4u\u00dferst beliebt, weshalb es ratsam ist, rechtzeitig Buchungen vorzunehmen.<\/p>\n\n\n\n<div class=\"wp-block-buttons is-horizontal is-content-justification-center is-layout-flex wp-container-core-buttons-is-layout-499968f5 wp-block-buttons-is-layout-flex\">\n<div class=\"wp-block-button\"><a class=\"wp-block-button__link wp-element-button\" href=\"https:\/\/www.sonnenklar.tv\/promo\/kurzurlaub\/kurzurlaub-mit-kindern.html\" target=\"_blank\" rel=\"noreferrer noopener\">Kurzurlaub mit kindern &#8211; angebote<\/a><\/div>\n<\/div>\n\n\n\n<h3 class=\"wp-block-heading\">Mehr zum Thema Unterkunft:<\/h3>\n\n\n\n<p><a href=\"https:\/\/www.sonnenklar.tv\/blog\/reiselexikon\/was-bedeuten-hotelsterne\/\">Hotelsterne<\/a>\u00a0 \u00a0 <a href=\"https:\/\/www.sonnenklar.tv\/blog\/reiselexikon\/hotel-abkuerzungen-bedeutung\/\">Hotelabk\u00fcrzungen<\/a>\u00a0\u00a0\u00a0\u00a0<a href=\"https:\/\/www.sonnenklar.tv\/blog\/reiselexikon\/bed-and-breakfast-bedeutung\/\">Bed &amp; Breakfast<\/a>\u00a0 \u00a0 <a href=\"https:\/\/www.sonnenklar.tv\/blog\/reiselexikon\/bungalow-bedeutung\/\">Bungalow<\/a>\u00a0 \u00a0 <a href=\"https:\/\/www.sonnenklar.tv\/blog\/reiselexikon\/finca-bedeutung\/\">Finca<\/a>\u00a0 \u00a0 <a href=\"https:\/\/www.sonnenklar.tv\/blog\/reiselexikon\/chalet-bedeutung\/\">Chalet<\/a>\u00a0 \u00a0\u00a0<a href=\"https:\/\/www.sonnenklar.tv\/blog\/reiselexikon\/riad-bedeutung\/\">Riad<\/a>\u00a0 \u00a0 <a href=\"https:\/\/www.sonnenklar.tv\/blog\/reiselexikon\/hostel-bedeutung\/\">Hostel<\/a>\u00a0 \u00a0 <a href=\"https:\/\/www.sonnenklar.tv\/blog\/reiselexikon\/erwachsenenhotel-bedeutung\/\">Erwachsenenhotel<\/a>\u00a0 \u00a0 <a href=\"https:\/\/www.sonnenklar.tv\/blog\/reiselexikon\/aparthotel-bedeutung\/\">Aparthotel<\/a>\u00a0 \u00a0 <a href=\"https:\/\/www.sonnenklar.tv\/blog\/reiselexikon\/vital-hotel-bedeutung\/\">Vital Hotel<\/a>\u00a0 \u00a0\u00a0<a href=\"https:\/\/www.sonnenklar.tv\/blog\/reiselexikon\/glueckshotel-bedeutung\/\">Gl\u00fcckshotel<\/a>\u00a0 \u00a0 <a href=\"https:\/\/www.sonnenklar.tv\/blog\/reiselexikon\/resort-bedeutung\/\">Resort<\/a>\u00a0 \u00a0 <a href=\"https:\/\/www.sonnenklar.tv\/blog\/reiselexikon\/mobilheim-bedeutung\/\">Mobilheim<\/a>\u00a0 \u00a0 <a href=\"https:\/\/www.sonnenklar.tv\/blog\/reiselexikon\/pension-hotel-bedeutung\/\">Pension<\/a>\u00a0 \u00a0 <a href=\"https:\/\/www.sonnenklar.tv\/blog\/reiselexikon\/hotel-garni-bedeutung\/\">Hotel Garni<\/a>\u00a0 \u00a0\u00a0<a href=\"https:\/\/www.sonnenklar.tv\/blog\/reiselexikon\/doppelzimmer-bedeutung\/\">Doppelzimmer<\/a>\u00a0 \u00a0\u00a0<a href=\"https:\/\/www.sonnenklar.tv\/blog\/reiselexikon\/biohotel-bedeutung\/\">Biohotel<\/a>\u00a0 \u00a0 <a href=\"https:\/\/www.sonnenklar.tv\/blog\/reiselexikon\/sparzimmer-bedeutung\/\">Sparzimmer<\/a>\u00a0 \u00a0 <a href=\"https:\/\/www.sonnenklar.tv\/blog\/reiselexikon\/boutique-hotel-bedeutung\/\">Boutique Hotel<\/a>\u00a0\u00a0\u00a0 <a href=\"https:\/\/www.sonnenklar.tv\/blog\/reiselexikon\/suite-bedeutung\/\">Suite<\/a>\u00a0 \u00a0 <a href=\"https:\/\/www.sonnenklar.tv\/blog\/reiselexikon\/studio-apartment-bedeutung\/\">Studio Apartment<\/a> \u00a0 \u00a0 <a href=\"https:\/\/www.sonnenklar.tv\/blog\/reiselexikon\/kabine-bedeutung\/\">Kabine<\/a>\u00a0 \u00a0 <a href=\"https:\/\/www.sonnenklar.tv\/blog\/reiselexikon\/superiorzimmer-bedeutung\/\">Superiorzimmer<\/a>\u00a0 \u00a0 <a href=\"https:\/\/www.sonnenklar.tv\/blog\/boardinghouse-bedeutung\/\">Boardinghouse<\/a>\u00a0 \u00a0 <a href=\"https:\/\/www.sonnenklar.tv\/blog\/reiselexikon\/ryokan-bedeutung\/\">Ryokan<\/a><\/p>\n\n\n\n<p><a href=\"https:\/\/www.sonnenklar.tv\/blog\/reiselexikon\/\">&lt;&lt; Zur\u00fcck zum Reiselexikon<\/a><\/p>\n","protected":false},"excerpt":{"rendered":"<p>Das Reisen mit Kindern geh\u00f6rt zum regul\u00e4ren Urlaubsprogramm und Aufenthalte in attraktiven Hotels sind ein besonderes Highlight f\u00fcr alle Beteiligten. Ganz klar, dass eine Familie mit j\u00fcngeren Kindern diese unvergessliche Zeit gemeinsam in einer gro\u00dfz\u00fcgig eingerichteten R\u00e4umlichkeit verbringen m\u00f6chte. Was aber sind die Besonderheiten einer solchen Unterkunftsoption? Und welche Ausstattungsmerkmale sind markant f\u00fcr ein ideales<\/p>\n","protected":false},"author":3,"featured_media":0,"parent":6051,"menu_order":0,"comment_status":"closed","ping_status":"closed","template":"","meta":{"footnotes":""},"class_list":["post-6311","page","type-page","status-publish"],"_links":{"self":[{"href":"https:\/\/www.sonnenklar.tv\/blog\/wp-json\/wp\/v2\/pages\/6311","targetHints":{"allow":["GET"]}}],"collection":[{"href":"https:\/\/www.sonnenklar.tv\/blog\/wp-json\/wp\/v2\/pages"}],"about":[{"href":"https:\/\/www.sonnenklar.tv\/blog\/wp-json\/wp\/v2\/types\/page"}],"author":[{"embeddable":true,"href":"https:\/\/www.sonnenklar.tv\/blog\/wp-json\/wp\/v2\/users\/3"}],"replies":[{"embeddable":true,"href":"https:\/\/www.sonnenklar.tv\/blog\/wp-json\/wp\/v2\/comments?post=6311"}],"version-history":[{"count":39,"href":"https:\/\/www.sonnenklar.tv\/blog\/wp-json\/wp\/v2\/pages\/6311\/revisions"}],"predecessor-version":[{"id":37575,"href":"https:\/\/www.sonnenklar.tv\/blog\/wp-json\/wp\/v2\/pages\/6311\/revisions\/37575"}],"up":[{"embeddable":true,"href":"https:\/\/www.sonnenklar.tv\/blog\/wp-json\/wp\/v2\/pages\/6051"}],"wp:attachment":[{"href":"https:\/\/www.sonnenklar.tv\/blog\/wp-json\/wp\/v2\/media?parent=6311"}],"curies":[{"name":"wp","href":"https:\/\/api.w.org\/{rel}","templated":true}]}}