{"id":6297,"date":"2018-05-15T15:45:01","date_gmt":"2018-05-15T13:45:01","guid":{"rendered":"https:\/\/www.sonnenklar.tv\/blog\/?page_id=6297"},"modified":"2025-12-12T15:42:46","modified_gmt":"2025-12-12T14:42:46","slug":"glueckshotel-bedeutung","status":"publish","type":"page","link":"https:\/\/www.sonnenklar.tv\/blog\/reiselexikon\/glueckshotel-bedeutung\/","title":{"rendered":"Was ist ein Gl\u00fcckshotel?"},"content":{"rendered":"\n<p><strong>Ihr m\u00f6chtet bei eurer n\u00e4chsten Urlaubsreise so richtig sparen? Dann sind die sogenannten Gl\u00fcckshotels, auch als Roulette oder Bingo Hotels bekannt, die richtige Wahl f\u00fcr Euch! Doch was verbirgt sich hinter dieser Idee, die immer beliebter wird? Das Prinzip ist denkbar einfach: Ihr w\u00e4hlt eure gew\u00fcnschte Urlaubsdestination und die Verpflegungsleistung. In welchem Hotel Ihr dann aber untergebracht werdet, erfahrt Ihr erst bei eurer Ankunft am Urlaubsort. Klingt doch ganz spannend, oder? F\u00fcr die Reiseveranstalter ist dieses Konzept sinnvoll, da so die Auslastung der einzelnen H\u00e4user viel besser gesteuert werden kann.<\/strong><\/p>\n\n\n\n<hr class=\"wp-block-separator has-css-opacity\"\/>\n\n\n\n<p><strong>Inhaltsverzeichnis<\/strong><\/p>\n\n\n\n<ul class=\"wp-block-list\">\n<li><a href=\"#glueckshotelarten\">Welche Gl\u00fcckshotel Arten gibt es?<\/a><\/li>\n\n\n\n<li><a href=\"#glueckshotel-reiseziele\">In welchen Urlaubsl\u00e4ndern k\u00f6nnen Roulette gebucht werden?<\/a><\/li>\n\n\n\n<li><a href=\"#glueckshotel-buchung\">Wie l\u00e4uft eine Buchung der Gl\u00fcckshotels genau ab?<\/a><\/li>\n\n\n\n<li><a href=\"#glueckshotel-vorteile\">F\u00fcr wen sind Gl\u00fccksreisen geeignet?<\/a><\/li>\n<\/ul>\n\n\n\n<hr class=\"wp-block-separator has-css-opacity\"\/>\n\n\n\n<h2 class=\"wp-block-heading\"><a name=\"glueckshotelarten\"><\/a>Welche Gl\u00fcckshotel Arten gibt es?<\/h2>\n\n\n\n<p>Wenn ihr euch f\u00fcr dieses Angebot entscheidet, m\u00fcsst ihr keine Angst haben, dass ihr in einer zwielichtigen Herberge untergebracht seid. Vielmehr handelt es sich bei den Gl\u00fcckshotels um sehr gute 3-Sterne (laut Landeskategorie), h\u00e4ufig sogar um 4- oder 5-Sterne-Hotels (ebenfalls laut Landeskategorie). So ganz ins Ungewisse wird man dann aber doch nicht geschickt, denn die meisten Anbieter listen die Auswahl Ihrer Gl\u00fcckshotels in einem Katalog auf. So k\u00f6nnt ihr euch vor der Reise bereits einen \u00dcberblick verschaffen. Die Roulette Hotels kann man mittlerweile bei zahlreichen bekannten Urlaubsanbietern und -vermittlern buchen.<\/p>\n\n\n\n<h2 class=\"wp-block-heading\"><a name=\"glueckshotel-reiseziele\"><\/a>In welchen Urlaubsl\u00e4ndern k\u00f6nnen Roulette gebucht werden?<\/h2>\n\n\n\n<p><strong>Positiv:<\/strong> Das Angebot an den Gl\u00fcckshotels wird von Jahr zu Jahr gr\u00f6\u00dfer, sicher ist auch euer Lieblingsland dabei. Die meisten Roulette Hotels findet man in den beliebtesten Destinationen, die von Pauschalurlaubern gebucht werden, also:<\/p>\n\n\n\n<ul class=\"wp-block-list\">\n<li>Baleareninseln wie Mallorca, Menorca und Ibiza<\/li>\n\n\n\n<li>T\u00fcrkei<\/li>\n\n\n\n<li>Kanarische Inseln: Teneriffa, Gran Canaria und Lanzarote<\/li>\n\n\n\n<li>Spanisches Festland<\/li>\n\n\n\n<li>Italien<\/li>\n\n\n\n<li>Marokko<\/li>\n<\/ul>\n\n\n\n<p>Sogar in Dubai gibt es mittlerweile Gl\u00fcckshotels. Wenn es euch nicht ganz so weit in die Ferne zieht, k\u00f6nnt ihr die Vorteile eines Bingo Hotels auch in Deutschland nutzen, denn sogar hier gibt es das beliebte Konzept. Egal ob im Harz, an der Ostsee, in der Eifel oder in den Alpen &#8211; auch das Angebot an Gl\u00fcckshotels in Deutschland w\u00e4chst stetig.<\/p>\n\n\n\n<h2 class=\"wp-block-heading\"><a name=\"glueckshotel-buchung\"><\/a>Wie l\u00e4uft eine Buchung der Gl\u00fcckshotels genau ab?<\/h2>\n\n\n\n<p>Zun\u00e4chst solltet ihr wissen, dass ihr nicht die Katze im Sack kauft. Nat\u00fcrlich k\u00f6nnt ihr entscheiden, wo die n\u00e4chste Reise hingehen soll. Auch die Art der Verpflegung bleibt nicht dem Zufall \u00fcberlassen. M\u00f6chtet ihr einen Strandurlaub verleben? Dann wird euch der Reiseveranstalter sicher nicht in die verschneiten Berge schicken. Tats\u00e4chlich werdet ihr in einem Hotel am Ort eurer Wahl untergebracht und erh\u00e4lt mit etwas Gl\u00fcck sogar ein Upgrade auf die n\u00e4chsth\u00f6here Zimmerkategorie.<\/p>\n\n\n\n<figure class=\"wp-block-image size-large\"><a href=\"https:\/\/www.sonnenklar.tv\/blog\/wp-content\/uploads\/2025\/02\/glueckshotel-1.jpg\"><img fetchpriority=\"high\" decoding=\"async\" width=\"880\" height=\"450\" src=\"https:\/\/www.sonnenklar.tv\/blog\/wp-content\/uploads\/2025\/02\/glueckshotel-1.jpg\" alt=\"Gl\u00fcckshotel\" class=\"wp-image-34525\" srcset=\"https:\/\/www.sonnenklar.tv\/blog\/wp-content\/uploads\/2025\/02\/glueckshotel-1.jpg 880w, https:\/\/www.sonnenklar.tv\/blog\/wp-content\/uploads\/2025\/02\/glueckshotel-1-800x409.jpg 800w, https:\/\/www.sonnenklar.tv\/blog\/wp-content\/uploads\/2025\/02\/glueckshotel-1-120x61.jpg 120w, https:\/\/www.sonnenklar.tv\/blog\/wp-content\/uploads\/2025\/02\/glueckshotel-1-90x46.jpg 90w, https:\/\/www.sonnenklar.tv\/blog\/wp-content\/uploads\/2025\/02\/glueckshotel-1-320x164.jpg 320w, https:\/\/www.sonnenklar.tv\/blog\/wp-content\/uploads\/2025\/02\/glueckshotel-1-560x286.jpg 560w\" sizes=\"(max-width: 880px) 100vw, 880px\" \/><\/a><figcaption class=\"wp-element-caption\">Was ist ein Gl\u00fcckshotel?<\/figcaption><\/figure>\n\n\n\n<p>Auf der Seite der Reiseanbieter sind die Gl\u00fcckshotels meist in einer separaten Kategorie aufgef\u00fchrt. Neben dem gew\u00fcnschten Urlaubsort k\u00f6nnt ihr euch selbstverst\u00e4ndlich auch den Abflughafen und den Zimmertyp ausw\u00e4hlen. Meist seht ihr auch bereits eine \u00dcbersicht \u00fcber alle verf\u00fcgbaren Gl\u00fcckshotels in der jeweiligen Destination. Nicht selten passiert es, dass man so f\u00fcr kleines Geld in einem exklusiven 5-Sterne Hotel (laut Landeskategorie) untergebracht ist, welches man normalerweise nie gebucht h\u00e4tte. Zugegeben, ein wenig Gl\u00fcck geh\u00f6rt schon dazu.<\/p>\n\n\n\n<h2 class=\"wp-block-heading\"><a name=\"glueckshotel-vorteile\"><\/a>F\u00fcr wen sind Gl\u00fccksreisen geeignet?<\/h2>\n\n\n\n<p>Gl\u00fccksreisen sind f\u00fcr alle geeignet, die sich gerne \u00fcberraschen lassen und recht flexibel sind. Sparf\u00fcchse kommen bei dieser Art der Reise auf alle F\u00e4lle auf ihre Kosten. Wenn ihr hingegen euren Urlaub lieber minuti\u00f6s plant, ist dieser &#8222;Sechser im Lotto&#8220; f\u00fcr euch wohl nicht das Richtige. Gl\u00fcckshotels werden in der Regel eher von jungen Leuten gebucht, die einem spontanen Urlaub aufgeschlossen gegen\u00fcberstehen.<\/p>\n\n\n\n<p>Auch Singles findet man h\u00e4ufig in den Select Hotels. Alles in allem handelt es sich also um eine Art der Sparreisen, mit denen man eigentlich nicht viel falsch machen kann. Profitiert auch ihr von den Buchungsl\u00fccken und lasst euch zu einem spontanen Urlaub \u00fcberreden!<\/p>\n\n\n\n<div class=\"wp-block-buttons is-horizontal is-content-justification-center is-layout-flex wp-container-core-buttons-is-layout-499968f5 wp-block-buttons-is-layout-flex\">\n<div class=\"wp-block-button\"><a class=\"wp-block-button__link wp-element-button\" href=\"https:\/\/www.sonnenklar.tv\" target=\"_blank\" rel=\"noreferrer noopener\">zu den urlaubsangeboten<\/a><\/div>\n<\/div>\n\n\n\n<h3 class=\"wp-block-heading\">Mehr zum Thema Unterkunft:<\/h3>\n\n\n\n<p><a href=\"https:\/\/www.sonnenklar.tv\/blog\/reiselexikon\/was-bedeuten-hotelsterne\/\">Hotelsterne<\/a>\u00a0 \u00a0 <a href=\"https:\/\/www.sonnenklar.tv\/blog\/reiselexikon\/hotel-abkuerzungen-bedeutung\/\">Hotelabk\u00fcrzungen<\/a>\u00a0\u00a0\u00a0\u00a0<a href=\"https:\/\/www.sonnenklar.tv\/blog\/reiselexikon\/bed-and-breakfast-bedeutung\/\">Bed &amp; Breakfast<\/a>\u00a0 \u00a0 <a href=\"https:\/\/www.sonnenklar.tv\/blog\/reiselexikon\/bungalow-bedeutung\/\">Bungalow<\/a>\u00a0 \u00a0 <a href=\"https:\/\/www.sonnenklar.tv\/blog\/reiselexikon\/finca-bedeutung\/\">Finca<\/a>\u00a0 \u00a0 <a href=\"https:\/\/www.sonnenklar.tv\/blog\/reiselexikon\/chalet-bedeutung\/\">Chalet<\/a>\u00a0 \u00a0\u00a0<a href=\"https:\/\/www.sonnenklar.tv\/blog\/reiselexikon\/riad-bedeutung\/\">Riad<\/a>\u00a0 \u00a0 <a href=\"https:\/\/www.sonnenklar.tv\/blog\/reiselexikon\/hostel-bedeutung\/\">Hostel<\/a>\u00a0 \u00a0 <a href=\"https:\/\/www.sonnenklar.tv\/blog\/reiselexikon\/erwachsenenhotel-bedeutung\/\">Erwachsenenhotel<\/a>\u00a0 \u00a0 <a href=\"https:\/\/www.sonnenklar.tv\/blog\/reiselexikon\/aparthotel-bedeutung\/\">Aparthotel<\/a>\u00a0 \u00a0 <a href=\"https:\/\/www.sonnenklar.tv\/blog\/reiselexikon\/vital-hotel-bedeutung\/\">Vital Hotel<\/a>\u00a0 \u00a0\u00a0<a href=\"https:\/\/www.sonnenklar.tv\/blog\/reiselexikon\/biohotel-bedeutung\/\">Biohotel<\/a>\u00a0 \u00a0 <a href=\"https:\/\/www.sonnenklar.tv\/blog\/reiselexikon\/resort-bedeutung\/\">Resort<\/a>\u00a0 \u00a0 <a href=\"https:\/\/www.sonnenklar.tv\/blog\/reiselexikon\/mobilheim-bedeutung\/\">Mobilheim<\/a>\u00a0 \u00a0 <a href=\"https:\/\/www.sonnenklar.tv\/blog\/reiselexikon\/pension-hotel-bedeutung\/\">Pension<\/a>\u00a0 \u00a0 <a href=\"https:\/\/www.sonnenklar.tv\/blog\/reiselexikon\/hotel-garni-bedeutung\/\">Hotel Garni<\/a>\u00a0 \u00a0\u00a0<a href=\"https:\/\/www.sonnenklar.tv\/blog\/reiselexikon\/doppelzimmer-bedeutung\/\">Doppelzimmer<\/a>\u00a0 \u00a0\u00a0<a href=\"https:\/\/www.sonnenklar.tv\/blog\/reiselexikon\/familienzimmer-bedeutung\/\">Familienzimmer<\/a>\u00a0 \u00a0 <a href=\"https:\/\/www.sonnenklar.tv\/blog\/reiselexikon\/sparzimmer-bedeutung\/\">Sparzimmer<\/a>\u00a0 \u00a0 <a href=\"https:\/\/www.sonnenklar.tv\/blog\/reiselexikon\/boutique-hotel-bedeutung\/\">Boutique Hotel<\/a>\u00a0\u00a0\u00a0 <a href=\"https:\/\/www.sonnenklar.tv\/blog\/reiselexikon\/suite-bedeutung\/\">Suite<\/a>\u00a0 \u00a0 <a href=\"https:\/\/www.sonnenklar.tv\/blog\/reiselexikon\/studio-apartment-bedeutung\/\">Studio Apartment<\/a> \u00a0 \u00a0 <a href=\"https:\/\/www.sonnenklar.tv\/blog\/reiselexikon\/kabine-bedeutung\/\">Kabine<\/a>\u00a0 \u00a0 <a href=\"https:\/\/www.sonnenklar.tv\/blog\/reiselexikon\/superiorzimmer-bedeutung\/\">Superiorzimmer<\/a>\u00a0 \u00a0 <a href=\"https:\/\/www.sonnenklar.tv\/blog\/boardinghouse-bedeutung\/\">Boardinghouse<\/a>\u00a0 \u00a0 <a href=\"https:\/\/www.sonnenklar.tv\/blog\/reiselexikon\/ryokan-bedeutung\/\">Ryokan<\/a><\/p>\n\n\n\n<p><a href=\"https:\/\/www.sonnenklar.tv\/blog\/reiselexikon\/\">&lt;&lt; Zur\u00fcck zum Reiselexikon<\/a><\/p>\n","protected":false},"excerpt":{"rendered":"<p>Ihr m\u00f6chtet bei eurer n\u00e4chsten Urlaubsreise so richtig sparen? Dann sind die sogenannten Gl\u00fcckshotels, auch als Roulette oder Bingo Hotels bekannt, die richtige Wahl f\u00fcr Euch! Doch was verbirgt sich hinter dieser Idee, die immer beliebter wird? Das Prinzip ist denkbar einfach: Ihr w\u00e4hlt eure gew\u00fcnschte Urlaubsdestination und die Verpflegungsleistung. In welchem Hotel Ihr dann<\/p>\n","protected":false},"author":3,"featured_media":0,"parent":6051,"menu_order":0,"comment_status":"closed","ping_status":"closed","template":"","meta":{"footnotes":""},"class_list":["post-6297","page","type-page","status-publish"],"_links":{"self":[{"href":"https:\/\/www.sonnenklar.tv\/blog\/wp-json\/wp\/v2\/pages\/6297","targetHints":{"allow":["GET"]}}],"collection":[{"href":"https:\/\/www.sonnenklar.tv\/blog\/wp-json\/wp\/v2\/pages"}],"about":[{"href":"https:\/\/www.sonnenklar.tv\/blog\/wp-json\/wp\/v2\/types\/page"}],"author":[{"embeddable":true,"href":"https:\/\/www.sonnenklar.tv\/blog\/wp-json\/wp\/v2\/users\/3"}],"replies":[{"embeddable":true,"href":"https:\/\/www.sonnenklar.tv\/blog\/wp-json\/wp\/v2\/comments?post=6297"}],"version-history":[{"count":32,"href":"https:\/\/www.sonnenklar.tv\/blog\/wp-json\/wp\/v2\/pages\/6297\/revisions"}],"predecessor-version":[{"id":37580,"href":"https:\/\/www.sonnenklar.tv\/blog\/wp-json\/wp\/v2\/pages\/6297\/revisions\/37580"}],"up":[{"embeddable":true,"href":"https:\/\/www.sonnenklar.tv\/blog\/wp-json\/wp\/v2\/pages\/6051"}],"wp:attachment":[{"href":"https:\/\/www.sonnenklar.tv\/blog\/wp-json\/wp\/v2\/media?parent=6297"}],"curies":[{"name":"wp","href":"https:\/\/api.w.org\/{rel}","templated":true}]}}