{"id":6261,"date":"2018-05-15T14:14:22","date_gmt":"2018-05-15T12:14:22","guid":{"rendered":"https:\/\/www.sonnenklar.tv\/blog\/?page_id=6261"},"modified":"2025-12-12T15:51:25","modified_gmt":"2025-12-12T14:51:25","slug":"pauschalreise-bedeutung","status":"publish","type":"page","link":"https:\/\/www.sonnenklar.tv\/blog\/reiselexikon\/pauschalreise-bedeutung\/","title":{"rendered":"Was ist eine Pauschalreise eigentlich?"},"content":{"rendered":"\n<p><strong>Pauschalreisen werden von Reiseveranstaltern angeboten, die mehrere unterschiedliche Leistungen deiner Reise zu einem Paket schn\u00fcren und dieses dann zu einem Gesamtpreis verkaufen. Bereits wenn zwei Hauptleistungen einer Reise als Paket angeboten werden, handelt es sich um eine Pauschalreise. Um eine Pauschalreise anbieten zu d\u00fcrfen m\u00fcssen sich Reiseveranstalter dem europ\u00e4ischen Reiserecht f\u00fcgen, das dich rechtlich als Reisender sch\u00fctzt.<\/strong><\/p>\n\n\n\n<hr class=\"wp-block-separator has-css-opacity\"\/>\n\n\n\n<p><strong>Inhaltsverzeichnis<\/strong><\/p>\n\n\n\n<ul class=\"wp-block-list\">\n<li><a href=\"#pauschalreise-inhalt\">Was beinhaltet eine Pauschalreise?<\/a><\/li>\n\n\n\n<li><a href=\"#pauschalreise-all-inclusive\">Pauschalreise und All Inclusive Leistungen\u00a0\u2013 wo ist der Unterschied?<\/a><\/li>\n\n\n\n<li><a href=\"#pauschalreise-vorteile\">Was sind die Vorteile einer Pauschalreise?<\/a><\/li>\n\n\n\n<li><a href=\"#pauschalreise-nachteile\">Was sind die Nachteile einer Pauschalreise?<\/a><\/li>\n<\/ul>\n\n\n\n<hr class=\"wp-block-separator has-css-opacity\"\/>\n\n\n\n<h2 class=\"wp-block-heading\"><a name=\"pauschalreise-inhalt\"><\/a>Was beinhaltet eine Pauschalreise?<\/h2>\n\n\n\n<p>\u00dcblicherweise werden zumindest die An- und Abreise sowie die \u00dcbernachtungen inklusive des Fr\u00fchst\u00fccks in eine Pauschale eingebunden. Die Inhalte lassen sich durch die Hinzunahme der <a href=\"https:\/\/www.sonnenklar.tv\/blog\/reiselexikon\/halbpension-bedeutung\/\" target=\"_blank\" rel=\"noopener noreferrer\">Halbpension<\/a>, <a href=\"https:\/\/www.sonnenklar.tv\/blog\/reiselexikon\/vollpension-bedeutung\/\" target=\"_blank\" rel=\"noopener noreferrer\">Vollpension<\/a> oder aber <a href=\"https:\/\/www.sonnenklar.tv\/blog\/reiselexikon\/all-inclusive-bedeutung\/\" target=\"_blank\" rel=\"noopener noreferrer\">All Inclusive<\/a> Leistungen erg\u00e4nzen. Zus\u00e4tzliche Bausteine eines Paketes k\u00f6nnen Programmpunkte wie F\u00fchrungen, Eintrittsgelder oder Aktivprogramme sein. Gef\u00fchrte Gruppenreisen enthalten neben der Reise mit dem Bus oft Programmpunkte wie Besichtigungen, Eintrittskarten zu Sport- oder Kulturveranstaltungen, Museen oder Freizeiteinrichtungen sowie Verpflegungsleistungen.<\/p>\n\n\n\n<h2 class=\"wp-block-heading\"><a name=\"pauschalreise-all-inclusive\"><\/a>Pauschalreise und All Inclusive Leistungen&nbsp;\u2013 wo ist der Unterschied?<\/h2>\n\n\n\n<p>Pauschalreise bedeutet nicht immer All inclusive Reise und umgekehrt ist eine All inclusive Reise nicht immer eine Pauschalreise. Vielmehr ist das All Inclusive Angebot als reine Leistung des Hotels ein Baustein einer pauschalen Angebot-Paketes eines Reiseveranstalters oder unabh\u00e4ngig im Hotel zu buchen.<\/p>\n\n\n\n<p>Die All Inclusive Leistungen beziehen sich zun\u00e4chst auf die Verpflegung, die das Hotel erbringt. Sie sind umf\u00e4nglicher als eine Vollpension. Neben mindestens drei Mahlzeiten sind je nach Umfang des Angebotes Snacks als Zwischenmahlzeiten, Eis, Kuchen, Kalt- und Hei\u00dfgetr\u00e4nke im Preis enthalten. Die Angebote k\u00f6nnen zeitlich oder hinsichtlich der Art der zum Ausschank kommenden Getr\u00e4nke eingeschr\u00e4nkt sein. Beispielsweise enthalten Angebote der Variante All Inclusive Light Freigetr\u00e4nke nur zu Mahlzeiten oder nur bis zu einer definierten Abendstunde.<\/p>\n\n\n\n<p>Bei dem einschr\u00e4nkenden Zusatz \u201elokale Getr\u00e4nke\u201c beschr\u00e4nkt sich der Ausschank auf Getr\u00e4nke, die in der Region oder dem Reiseland produziert werden. Das Gegenteil zu der leichten Version sind All Inclusive Ultra Angebote. Sie enthalten ein umfassenderes und weitestgehend uneingeschr\u00e4nktes Speisen- und Getr\u00e4nkeangebot. Zus\u00e4tzlich beinhaltet All Inclusive Ultra oft weitere hoteleigene Dienstleistungen wie beispielsweise im Wellness- oder Beautybereich.<\/p>\n\n\n\n<figure class=\"wp-block-image size-large\"><a href=\"https:\/\/www.sonnenklar.tv\/blog\/wp-content\/uploads\/2025\/02\/pauschalreise-bedeutung-1.jpg\"><img fetchpriority=\"high\" decoding=\"async\" width=\"880\" height=\"450\" src=\"https:\/\/www.sonnenklar.tv\/blog\/wp-content\/uploads\/2025\/02\/pauschalreise-bedeutung-1.jpg\" alt=\"Pauschalreise Bedeutung\" class=\"wp-image-34590\" srcset=\"https:\/\/www.sonnenklar.tv\/blog\/wp-content\/uploads\/2025\/02\/pauschalreise-bedeutung-1.jpg 880w, https:\/\/www.sonnenklar.tv\/blog\/wp-content\/uploads\/2025\/02\/pauschalreise-bedeutung-1-800x409.jpg 800w, https:\/\/www.sonnenklar.tv\/blog\/wp-content\/uploads\/2025\/02\/pauschalreise-bedeutung-1-120x61.jpg 120w, https:\/\/www.sonnenklar.tv\/blog\/wp-content\/uploads\/2025\/02\/pauschalreise-bedeutung-1-90x46.jpg 90w, https:\/\/www.sonnenklar.tv\/blog\/wp-content\/uploads\/2025\/02\/pauschalreise-bedeutung-1-320x164.jpg 320w, https:\/\/www.sonnenklar.tv\/blog\/wp-content\/uploads\/2025\/02\/pauschalreise-bedeutung-1-560x286.jpg 560w\" sizes=\"(max-width: 880px) 100vw, 880px\" \/><\/a><figcaption class=\"wp-element-caption\">Pauschalreise Bedeutung<\/figcaption><\/figure>\n\n\n\n<h2 class=\"wp-block-heading\"><a name=\"pauschalreise-vorteile\"><\/a>Was sind die Vorteile einer Pauschalreise?<\/h2>\n\n\n\n<p>Mit der Buchung einer Pauschalreise legst Du die Organisation Deiner Reise in die H\u00e4nde eines professionellen Reiseveranstalters, der sich vor Ort auskennt und \u00fcber das notwendige Know How verf\u00fcgt. Mit einem Reisevertrag eines Reiseveranstalters in der Tasche hast Du auch rechtlich einige Vorteile. Durch den gesetzlich vorgeschriebenen Reisesicherungsschein bist du als Urlauber f\u00fcr den Fall einer Insolvenz abgesichert. Auch kommst du unter Umst\u00e4nden in den Genuss einer Reisepreisminderung, sollten die Reiseleistungen nicht dem Angebot entsprechen.<\/p>\n\n\n\n<p>Ein gro\u00dfer Vorteil liegt in der Verf\u00fcgbarkeit von Reiseleitern und Ansprechpartnern vor Ort oder aber in Form einer Service-Hotline. Du erh\u00e4ltst auch im fremdsprachigen Ausland bei Fragen Rat und bei Reklamationen oder Problemen Hilfe. Du hast zudem bei Reisem\u00e4ngeln nur einen Ansprechpartner, der sich dann f\u00fcr Dich um alle Regelungen k\u00fcmmert.<\/p>\n\n\n\n<p>Bei Pauschalreisen bieten viele Reiseveranstalter die M\u00f6glichkeit, Bausteine nach individuellen Interessen und Vorlieben zu variieren \u2013 angefangen \u00fcber Ausstattungskriterien des Hotels \u00fcber die Verpflegung bis zu weiteren Servicepunkten wie der Buchung eines Mietwagens. So lassen sich unerwartete \u00dcberraschungen im Urlaub weitestgehend ausschlie\u00dfen.<\/p>\n\n\n\n<p>Unsere Empfehlung: <a href=\"https:\/\/www.sonnenklar.tv\/pauschalreisen-reiseziele.html\">die besten Reiseziele f\u00fcr Pauschalreisen<\/a>.<\/p>\n\n\n\n<h2 class=\"wp-block-heading\"><a name=\"pauschalreise-nachteile\"><\/a>Was sind die Nachteile einer Pauschalreise?<\/h2>\n\n\n\n<p>Je mehr Leistungsbausteine eine Pauschalreise enth\u00e4lt, umso genauer ist der Ablauf deines Urlaubs festgelegt und umso weniger Freiraum bleibt dir f\u00fcr die eigene Gestaltung. Dabei sind die Kosten f\u00fcr einen einzelnen Baustein des Programmes egal ob er genutzt wird oder auch nicht, nicht erkennbar. Der Besuch eines Restaurants, einer angesagten Bar oder Discothek ist zu \u00fcberdenken, wenn doch in gebuchten All Inclusive-Leistungen Speisen und Getr\u00e4nke im Hotel bereits bezahlt sind.<\/p>\n\n\n\n<p>F\u00fcr Individualisten oder Abenteurer, die auf eigene Faust Neues entdecken und vor Ort unabh\u00e4ngig sein m\u00f6chten, ist die Planung, Auswahl und Buchung der einzelnen Komponenten sinnvoll. Sie setzt allerdings entsprechende Kenntnisse und nicht zuletzt verf\u00fcgbare Zeit f\u00fcr die Suche und Planung voraus. Ein guter Kompromiss ist sorgf\u00e4ltige Auswahl und Reduzierung der pauschal gebuchten Leistungen wie zum Beispiel die Flug, Hotel und Mietwagen.<\/p>\n\n\n\n<h3 class=\"wp-block-heading\">Mehr zum Thema Reiseart:<\/h3>\n\n\n\n<p><a href=\"https:\/\/www.sonnenklar.tv\/blog\/reiselexikon\/backpacking-bedeutung\/\">Backpacking<\/a> \u00a0\u00a0 <a href=\"https:\/\/www.sonnenklar.tv\/blog\/reiselexikon\/cluburlaub-bedeutung\/\" target=\"_blank\" rel=\"noreferrer noopener\">Cluburlaub<\/a> \u00a0 \u00a0<a href=\"https:\/\/www.sonnenklar.tv\/blog\/reiselexikon\/glamping-bedeutung\/\">Glamping<\/a>\u00a0 \u00a0 <a href=\"https:\/\/www.sonnenklar.tv\/blog\/reiselexikon\/individualreise-bedeutung\/\">Individualreise<\/a>\u00a0 \u00a0 <a href=\"https:\/\/www.sonnenklar.tv\/blog\/reiselexikon\/inselhopping-bedeutung\/\">Inselhopping<\/a>\u00a0 \u00a0 <a href=\"https:\/\/www.sonnenklar.tv\/blog\/reiselexikon\/kreuzfahrt-bedeutung\/\">Kreuzfahrt<\/a>\u00a0 \u00a0 <a href=\"https:\/\/www.sonnenklar.tv\/blog\/reiselexikon\/langzeiturlaub-bedeutung\/\">Langzeiturlaub<\/a>\u00a0 \u00a0 <a href=\"https:\/\/www.sonnenklar.tv\/blog\/reiselexikon\/last-minute-bedeutung\/\">Last Minute<\/a>\u00a0 \u00a0\u00a0<a href=\"https:\/\/www.sonnenklar.tv\/blog\/reiselexikon\/was-ist-ein-roadtrip\/\">Roadtrip<\/a><\/p>\n\n\n\n<p><a href=\"https:\/\/www.sonnenklar.tv\/blog\/reiselexikon\/\">&lt;&lt; Zur\u00fcck zum Reiselexikon<\/a><\/p>\n","protected":false},"excerpt":{"rendered":"<p>Pauschalreisen werden von Reiseveranstaltern angeboten, die mehrere unterschiedliche Leistungen deiner Reise zu einem Paket schn\u00fcren und dieses dann zu einem Gesamtpreis verkaufen. Bereits wenn zwei Hauptleistungen einer Reise als Paket angeboten werden, handelt es sich um eine Pauschalreise. Um eine Pauschalreise anbieten zu d\u00fcrfen m\u00fcssen sich Reiseveranstalter dem europ\u00e4ischen Reiserecht f\u00fcgen, das dich rechtlich als<\/p>\n","protected":false},"author":3,"featured_media":0,"parent":6051,"menu_order":0,"comment_status":"closed","ping_status":"closed","template":"","meta":{"footnotes":""},"class_list":["post-6261","page","type-page","status-publish"],"_links":{"self":[{"href":"https:\/\/www.sonnenklar.tv\/blog\/wp-json\/wp\/v2\/pages\/6261","targetHints":{"allow":["GET"]}}],"collection":[{"href":"https:\/\/www.sonnenklar.tv\/blog\/wp-json\/wp\/v2\/pages"}],"about":[{"href":"https:\/\/www.sonnenklar.tv\/blog\/wp-json\/wp\/v2\/types\/page"}],"author":[{"embeddable":true,"href":"https:\/\/www.sonnenklar.tv\/blog\/wp-json\/wp\/v2\/users\/3"}],"replies":[{"embeddable":true,"href":"https:\/\/www.sonnenklar.tv\/blog\/wp-json\/wp\/v2\/comments?post=6261"}],"version-history":[{"count":33,"href":"https:\/\/www.sonnenklar.tv\/blog\/wp-json\/wp\/v2\/pages\/6261\/revisions"}],"predecessor-version":[{"id":37593,"href":"https:\/\/www.sonnenklar.tv\/blog\/wp-json\/wp\/v2\/pages\/6261\/revisions\/37593"}],"up":[{"embeddable":true,"href":"https:\/\/www.sonnenklar.tv\/blog\/wp-json\/wp\/v2\/pages\/6051"}],"wp:attachment":[{"href":"https:\/\/www.sonnenklar.tv\/blog\/wp-json\/wp\/v2\/media?parent=6261"}],"curies":[{"name":"wp","href":"https:\/\/api.w.org\/{rel}","templated":true}]}}