{"id":6236,"date":"2018-05-15T10:45:15","date_gmt":"2018-05-15T08:45:15","guid":{"rendered":"https:\/\/www.sonnenklar.tv\/blog\/?page_id=6236"},"modified":"2025-12-12T16:00:43","modified_gmt":"2025-12-12T15:00:43","slug":"vollpension-bedeutung","status":"publish","type":"page","link":"https:\/\/www.sonnenklar.tv\/blog\/reiselexikon\/vollpension-bedeutung\/","title":{"rendered":"Was bedeutet Vollpension eigentlich?"},"content":{"rendered":"\n<p><strong>Unter dem Begriff Vollpension, der in deutschsprachigen Hotelbeschreibungen oftmals mit VP abgek\u00fcrzt wird, versteht man eine der Verpflegungsarten, die in der Urlaubsunterkunft angeboten wird. Der entsprechende englische Begriff hierf\u00fcr hei\u00dft \u201eFull Board\u201c. Eine Vollpension umfasst drei Mahlzeiten am Tag: au\u00dfer dem Fr\u00fchst\u00fcck werden im Hotel dann sowohl ein Mittagessen als auch ein Abendessen offeriert und sind im \u00dcbernachtungspreis enthalten. Die Getr\u00e4nke zu diesen Mahlzeiten sind grunds\u00e4tzlich nicht inkludiert und m\u00fcssen separat gezahlt werden. In den meisten F\u00e4llen trifft das allerdings nicht auf Kaffee und Tee, manchmal auch Wasser und Saft zum Fr\u00fchst\u00fcck zu. Im Allgemeinen werden diese Getr\u00e4nke von den Hotels gratis angeboten. <\/strong><\/p>\n\n\n\n<hr class=\"wp-block-separator has-css-opacity\"\/>\n\n\n\n<p><strong>Inhaltsverzeichnis<\/strong><\/p>\n\n\n\n<ul class=\"wp-block-list\">\n<li><a href=\"#vollpension-bedeutung\">Was genau beinhaltet Vollpension?<\/a><\/li>\n\n\n\n<li><a href=\"#vollpension-plus-bedeutung\">Was versteht man unter Vollpension plus?<\/a><\/li>\n\n\n\n<li><a href=\"#unterschied-vollpension-all-inclusive\">Worin besteht der Unterschied zwischen Vollpension und All Inclusive?<\/a><\/li>\n\n\n\n<li><a href=\"#vollpension-vorteile\">F\u00fcr wen eignet sich Vollpension?<\/a><\/li>\n\n\n\n<li><a href=\"#vollpension-nachteile\">F\u00fcr wen ist Vollpension nicht geeignet?<\/a><\/li>\n<\/ul>\n\n\n\n<hr class=\"wp-block-separator has-css-opacity\"\/>\n\n\n\n<h2 class=\"wp-block-heading\"><a name=\"vollpension-bedeutung\"><\/a>Was genau beinhaltet Vollpension?<\/h2>\n\n\n\n<p>Vollpension beinhaltet drei Mahlzeiten am Tag, manchmal beinhaltet das Angebot auch diverse Getr\u00e4nke. Beim Fr\u00fchst\u00fcck wird zwischen dem Kontinentalen und dem Amerikanischen Fr\u00fchst\u00fcck unterschieden. Das sogenannte Amerikanische Fr\u00fchst\u00fcck ist wesentlich umfangreicher und beinhaltet eine gro\u00dfe Vielfalt an kalten und warmen Speisen. Au\u00dfer den Klassikern wie Honig, Marmelade, K\u00e4se und Wurst geh\u00f6ren hier meistens auch verschiedene Eierspeisen, gebratener Speck, Pfannkuchen und vieles mehr zum Angebot. Ob die Mahlzeiten in Buffetform oder als Men\u00fc mit Bedienung eingenommen werden, ist in der Regel aus der Katalogbeschreibung ersichtlich. In den meisten gr\u00f6\u00dferen Hotelanlagen haben sich in den letzten Jahren Buffets zu s\u00e4mtlichen Mahlzeiten durchgesetzt.<\/p>\n\n\n\n<h2 class=\"wp-block-heading\"><a name=\"vollpension-plus-bedeutung\"><\/a>Was versteht man unter Vollpension plus?<\/h2>\n\n\n\n<p>F\u00fcr den Ausdruck Vollpension plus gibt es keine einheitliche, gesetzliche Definition. Das Plus bezeichnet eine, vom Hotel zus\u00e4tzlich zur normalen VP angebotene Leistung. In manchen Unterk\u00fcnften wird darunter verstanden, dass zum Beispiel die Getr\u00e4nke w\u00e4hrend des Mittags- und Abendessens inklusive sind, in anderen Hotels kann damit gemeint sein, dass man sich zwischen den Essenszeiten mit einem kleinen Snack, einem Erfrischungsgetr\u00e4nk oder vielleicht auch Kaffee oder Kuchen versorgen kann. Was Vollpension plus im konkreten Fall tats\u00e4chlich bedeutet, entnimmt der Urlauber am besten vorab dem Reisekatalog. Hier sollte auch darauf geachtet werden, dass manchmal lediglich bestimmte Getr\u00e4nke kostenlos angeboten werden. Hierbei handelt es sich eventuell nur um Erfrischungs- oder nur um bestimmte einheimische alkoholische Getr\u00e4nke.<\/p>\n\n\n\n<h2 class=\"wp-block-heading\"><a name=\"unterschied-vollpension-all-inclusive\"><\/a>Worin besteht der Unterschied zwischen Vollpension und All Inclusive?<\/h2>\n\n\n\n<p>Die Leistungen bei einer <a href=\"https:\/\/www.sonnenklar.tv\/tv-specials\/all-inclusive.html\">All Inclusive<\/a> Buchung sind noch umfangreicher als bei einem Aufenthalt mit Vollpension. Hier sind die Getr\u00e4nke zu den Mahlzeiten auf jeden Fall im Reisepreis enthalten. Viele der Anlagen, die All Inclusive anbieten, verf\u00fcgen zus\u00e4tzlich \u00fcber Strand- oder Poolbars, an denen sich die G\u00e4ste auch zwischendurch mit so vielen Getr\u00e4nken versorgen k\u00f6nnen, wie Sie w\u00fcnschen. Hierbei sind oft auch Cocktails, mit und ohne Alkohol und s\u00fc\u00dfe oder herzhafte Zwischenmahlzeiten sehr beliebt.<\/p>\n\n\n\n<figure class=\"wp-block-image size-large\"><a href=\"https:\/\/www.sonnenklar.tv\/blog\/wp-content\/uploads\/2025\/02\/vollpension-bedeutung-1.jpg\"><img fetchpriority=\"high\" decoding=\"async\" width=\"880\" height=\"450\" src=\"https:\/\/www.sonnenklar.tv\/blog\/wp-content\/uploads\/2025\/02\/vollpension-bedeutung-1.jpg\" alt=\"Was bedeutet Vollpension?\" class=\"wp-image-34502\" srcset=\"https:\/\/www.sonnenklar.tv\/blog\/wp-content\/uploads\/2025\/02\/vollpension-bedeutung-1.jpg 880w, https:\/\/www.sonnenklar.tv\/blog\/wp-content\/uploads\/2025\/02\/vollpension-bedeutung-1-800x409.jpg 800w, https:\/\/www.sonnenklar.tv\/blog\/wp-content\/uploads\/2025\/02\/vollpension-bedeutung-1-120x61.jpg 120w, https:\/\/www.sonnenklar.tv\/blog\/wp-content\/uploads\/2025\/02\/vollpension-bedeutung-1-90x46.jpg 90w, https:\/\/www.sonnenklar.tv\/blog\/wp-content\/uploads\/2025\/02\/vollpension-bedeutung-1-320x164.jpg 320w, https:\/\/www.sonnenklar.tv\/blog\/wp-content\/uploads\/2025\/02\/vollpension-bedeutung-1-560x286.jpg 560w\" sizes=\"(max-width: 880px) 100vw, 880px\" \/><\/a><\/figure>\n\n\n\n<p>Zus\u00e4tzlich geh\u00f6rt zu dieser Unterbringungsform auch fast immer ein unterhaltsames Sport- und Animationsprogramm, so dass viele Urlauber gar nicht den Wunsch versp\u00fcren, ihre Hotelanlage zu verlassen. All Inclusive ist besonders bei Familien mit Kindern sehr beliebt, da vor Ort kaum Nebenkosten zum urspr\u00fcnglich gezahlten Reisepreis hinzukommen.<\/p>\n\n\n\n<h2 class=\"wp-block-heading\"><a name=\"vollpension-vorteile\"><\/a>F\u00fcr wen eignet sich Vollpension?<\/h2>\n\n\n\n<p>Ein Urlaub mit Vollpension-Verpflegung eignet sich besonders f\u00fcr G\u00e4ste, die auch im Urlaub Wert darauflegen, die Regelm\u00e4\u00dfigkeit von drei Mahlzeiten pro Tag beizubehalten. Eltern, die m\u00f6chten, dass ihre Kinder den von zuhause gewohnten Rhythmus aufrechterhalten oder wissen, dass die Kleinen zwischendurch h\u00e4ufig Hunger haben, werden die Vorteile von VP sch\u00e4tzen. Wer es genie\u00dft, sich mittags und abends kulinarisch verw\u00f6hnen zu lassen ohne sich um die Essenszubereitung k\u00fcmmern zu m\u00fcssen, sollte \u00fcber Vollpension nachdenken.<\/p>\n\n\n\n<p>Oft ist der Preisunterschied zwischen Halb- und Vollpension relativ gering. Viele G\u00e4ste empfinden es als angenehm, das Hotel nicht verlassen zu m\u00fcssen, um andere Restaurants aufzusuchen. Vollpension eignet sich besonders dann, wenn es in der unmittelbaren N\u00e4he der Unterkunft keine Lokale gibt und weite Wege zur\u00fcckgelegt werden m\u00fcssen, um eine Taverne zu finden.<\/p>\n\n\n\n<h2 class=\"wp-block-heading\"><a name=\"vollpension-nachteile\"><\/a>F\u00fcr wen ist Vollpension nicht geeignet?<\/h2>\n\n\n\n<p>F\u00fcr unternehmungslustige Urlauber, die tags\u00fcber gerne unterwegs sind, eignet sich die Vollpensions-Verpflegung nicht. In diesem Fall sollte sich lieber f\u00fcr <a href=\"https:\/\/www.sonnenklar.tv\/blog\/reiselexikon\/halbpension-bedeutung\/\">Halbpension<\/a> entschieden werden. Wem ein ausgiebiges Fr\u00fchst\u00fcck reicht, um den ganzen Tag zu \u00fcberstehen, ben\u00f6tigt kein zus\u00e4tzliches Mittagessen. Gleiches gilt f\u00fcr Reisende, die gerne authentische, lokale Spezialit\u00e4ten probieren und in Kontakt mit den Einheimischen kommen.<\/p>\n\n\n\n<div class=\"wp-block-buttons is-horizontal is-content-justification-center is-layout-flex wp-container-core-buttons-is-layout-499968f5 wp-block-buttons-is-layout-flex\">\n<div class=\"wp-block-button\"><a class=\"wp-block-button__link wp-element-button\" href=\"https:\/\/www.sonnenklar.tv\/tv-specials\/all-inclusive.html\" target=\"_blank\" rel=\"noreferrer noopener\">All inclusive urlaub &#8211; zu den angeboten<\/a><\/div>\n<\/div>\n\n\n\n<h3 class=\"wp-block-heading\">Mehr zum Thema Verpflegung:<\/h3>\n\n\n\n<p><a href=\"https:\/\/www.sonnenklar.tv\/blog\/reiselexikon\/all-inclusive-bedeutung\/\">All inclusive<\/a>\u00a0 \u00a0 <a href=\"https:\/\/www.sonnenklar.tv\/blog\/reiselexikon\/amerikanisches-fruehstueck-bedeutung\/\">Amerikanisches Fr\u00fchst\u00fcck<\/a>\u00a0 \u00a0 <a href=\"https:\/\/www.sonnenklar.tv\/blog\/reiselexikon\/englisches-fruehstueck-bedeutung\/\">Englisches Fr\u00fchst\u00fcck<\/a>\u00a0 \u00a0 <a href=\"https:\/\/www.sonnenklar.tv\/blog\/reiselexikon\/halbpension-bedeutung\/\">Halbpension<\/a>\u00a0 \u00a0 <a href=\"https:\/\/www.sonnenklar.tv\/blog\/reiselexikon\/kontinentales-fruehstueck-bedeutung\/\">Kontinentales Fr\u00fchst\u00fcck<\/a><\/p>\n\n\n\n<p><a href=\"https:\/\/www.sonnenklar.tv\/blog\/reiselexikon\/\">&lt;&lt; Zur\u00fcck zum Reiselexikon<\/a><\/p>\n","protected":false},"excerpt":{"rendered":"<p>Unter dem Begriff Vollpension, der in deutschsprachigen Hotelbeschreibungen oftmals mit VP abgek\u00fcrzt wird, versteht man eine der Verpflegungsarten, die in der Urlaubsunterkunft angeboten wird. Der entsprechende englische Begriff hierf\u00fcr hei\u00dft \u201eFull Board\u201c. Eine Vollpension umfasst drei Mahlzeiten am Tag: au\u00dfer dem Fr\u00fchst\u00fcck werden im Hotel dann sowohl ein Mittagessen als auch ein Abendessen offeriert und<\/p>\n","protected":false},"author":3,"featured_media":0,"parent":6051,"menu_order":0,"comment_status":"closed","ping_status":"closed","template":"","meta":{"footnotes":""},"class_list":["post-6236","page","type-page","status-publish"],"_links":{"self":[{"href":"https:\/\/www.sonnenklar.tv\/blog\/wp-json\/wp\/v2\/pages\/6236","targetHints":{"allow":["GET"]}}],"collection":[{"href":"https:\/\/www.sonnenklar.tv\/blog\/wp-json\/wp\/v2\/pages"}],"about":[{"href":"https:\/\/www.sonnenklar.tv\/blog\/wp-json\/wp\/v2\/types\/page"}],"author":[{"embeddable":true,"href":"https:\/\/www.sonnenklar.tv\/blog\/wp-json\/wp\/v2\/users\/3"}],"replies":[{"embeddable":true,"href":"https:\/\/www.sonnenklar.tv\/blog\/wp-json\/wp\/v2\/comments?post=6236"}],"version-history":[{"count":21,"href":"https:\/\/www.sonnenklar.tv\/blog\/wp-json\/wp\/v2\/pages\/6236\/revisions"}],"predecessor-version":[{"id":37609,"href":"https:\/\/www.sonnenklar.tv\/blog\/wp-json\/wp\/v2\/pages\/6236\/revisions\/37609"}],"up":[{"embeddable":true,"href":"https:\/\/www.sonnenklar.tv\/blog\/wp-json\/wp\/v2\/pages\/6051"}],"wp:attachment":[{"href":"https:\/\/www.sonnenklar.tv\/blog\/wp-json\/wp\/v2\/media?parent=6236"}],"curies":[{"name":"wp","href":"https:\/\/api.w.org\/{rel}","templated":true}]}}