{"id":6209,"date":"2018-05-15T09:18:59","date_gmt":"2018-05-15T07:18:59","guid":{"rendered":"https:\/\/www.sonnenklar.tv\/blog\/?page_id=6209"},"modified":"2026-01-06T09:18:36","modified_gmt":"2026-01-06T08:18:36","slug":"halbpension-bedeutung","status":"publish","type":"page","link":"https:\/\/www.sonnenklar.tv\/blog\/reiselexikon\/halbpension-bedeutung\/","title":{"rendered":"Was bedeutet Halbpension?"},"content":{"rendered":"\n<p><strong>Halbpension ist eine von mehreren Verpflegungsarten, die in Hotels angeboten werden. Auf dem deutschsprachigen Reisemarkt wird diese oft mit HP abgek\u00fcrzt, bei internationalen Beschreibungen findet man das englische Wort \u201ehalf-board\u201c. Halbpension bedeutet, dass in den \u00dcbernachtungspreis bereits zwei Mahlzeiten inkludiert sind. Hierbei handelt es sich zum einen um das Fr\u00fchst\u00fcck und zum anderen um eine weitere warme Mahlzeit. Diese wird heutzutage in den meisten Ferienhotels abends angeboten. In manchen H\u00e4usern ist allerdings alternativ das Mittagessen im Paket enthalten.&nbsp;<\/strong><\/p>\n\n\n\n<hr class=\"wp-block-separator has-css-opacity\"\/>\n\n\n\n<p><strong>Inhaltsverzeichnis<\/strong><\/p>\n\n\n\n<ul class=\"wp-block-list\">\n<li><a href=\"#halbpension-bedeutung\">Was bedeutet Halbpension genau?<\/a><\/li>\n\n\n\n<li><a href=\"#halbpension-plus-bedeutung\">Was bedeutet Halbpension plus?<\/a><\/li>\n\n\n\n<li><a href=\"#halbpension-vorteile\">F\u00fcr wen lohnt sich eine Buchung mit Halbpension?<\/a><\/li>\n\n\n\n<li><a href=\"#halbpension-nachteile\">F\u00fcr wen ist Halbpension nicht geeignet?<\/a><\/li>\n\n\n\n<li><a href=\"#weitere-verpflegungsarten\">Welche anderen Verpflegungsarten gibt es noch?<\/a><\/li>\n<\/ul>\n\n\n\n<hr class=\"wp-block-separator has-css-opacity\"\/>\n\n\n\n<h2 class=\"wp-block-heading\"><a name=\"halbpension-bedeutung\"><\/a>Was bedeutet Halbpension genau?<\/h2>\n\n\n\n<p>In der Regel beginnt die HP-Verpflegung am Anreisetag mit dem Abendessen und endet am Abreisetag mit dem Fr\u00fchst\u00fcck. Die gebuchte Verpflegungsart gilt f\u00fcr die gesamte Dauer des Hotelaufenthaltes und kann entweder in Buffetform angeboten werden oder als eine am Tisch servierte Mahlzeit.<\/p>\n\n\n\n<p>In gro\u00dfen Hotelanlagen mit vielen G\u00e4sten hat sich mittlerweile die Buffetform zu allen Essenszeiten durchgesetzt, w\u00e4hrend man in kleinen Pensionen oder in speziellen Hotelrestaurants manchmal auch am Platz bedient wird. Die Hotelbeschreibungen in den Reisekatalogen geben dar\u00fcber detailliert Auskunft.<\/p>\n\n\n\n<div class=\"wp-block-buttons is-horizontal is-content-justification-center is-layout-flex wp-container-core-buttons-is-layout-499968f5 wp-block-buttons-is-layout-flex\">\n<div class=\"wp-block-button\"><a class=\"wp-block-button__link wp-element-button\" href=\"https:\/\/www.sonnenklar.tv\/\" target=\"_blank\" rel=\"noreferrer noopener\">zu den Urlaubsangeboten<\/a><\/div>\n<\/div>\n\n\n\n<p>Manchmal ist auch zu lesen, dass das Abendessen \u201e<em>\u00e0 la carte<\/em>\u201c eingenommen wird. Dieses bedeutet, dass der Gast aus verschiedenen Gerichten der Speisekarte selber ausw\u00e4hlen kann. Beim Fr\u00fchst\u00fcck unterscheidet man zwischen dem \u201eKontinentalen Fr\u00fchst\u00fcck\u201c, welches mindestens Brot, Butter, Honig und Marmelade beinhaltet und dem \u201eAmerikanischen Fr\u00fchst\u00fcck\u201c. Bei diesem wird ein umfangreicheres Angebot aus kalten und warmen Speisen pr\u00e4sentiert. Zur Auswahl stehen meistens auch W\u00fcrstchen, gebratener Speck und Eier in verschiedenen Zubereitungsformen.<\/p>\n\n\n\n<p>Kaffee und Tee sind beim Fr\u00fchst\u00fcck grunds\u00e4tzlich im Preis enthalten. Oft ist es auch m\u00f6glich, Kakao, Saft und Wasser zu erhalten. Bei der Hauptmahlzeit m\u00fcssen die Getr\u00e4nke extra bezahlt werden wenn in der Beschreibung nicht ausdr\u00fccklich auf das Gegenteil hingewiesen wird.<\/p>\n\n\n\n<h2 class=\"wp-block-heading\"><a name=\"halbpension-plus-bedeutung\"><\/a>Was bedeutet Halbpension plus?<\/h2>\n\n\n\n<p>In den letzten Jahren ist eine weitere Form der Halbpension, n\u00e4mlich das sogenannte HP plus entstanden. Hierbei handelt es sich um eine Erweiterung der HP, die aber nicht allgemein definiert ist. In manchen Hotels versteht man darunter, dass die Getr\u00e4nke beim Abendessen bereits inkludiert sind, in anderen F\u00e4llen werden unter dieser Bezeichnung tags\u00fcber kleine Snacks oder Kaffee und Kuchen zur Nachmittagszeit angeboten. Welche Leistungen das Plus in der jeweiligen Unterkunft genau bedeutet, ist in der Hotelbeschreibung oder in der Buchungsbest\u00e4tigung ausgewiesen.<\/p>\n\n\n\n<figure class=\"wp-block-image size-large\"><a href=\"https:\/\/www.sonnenklar.tv\/blog\/wp-content\/uploads\/2025\/02\/halbpension-bdeutung-1.jpg\"><img fetchpriority=\"high\" decoding=\"async\" width=\"880\" height=\"450\" src=\"https:\/\/www.sonnenklar.tv\/blog\/wp-content\/uploads\/2025\/02\/halbpension-bdeutung-1.jpg\" alt=\"Halbpension Bedeutung\" class=\"wp-image-34601\" srcset=\"https:\/\/www.sonnenklar.tv\/blog\/wp-content\/uploads\/2025\/02\/halbpension-bdeutung-1.jpg 880w, https:\/\/www.sonnenklar.tv\/blog\/wp-content\/uploads\/2025\/02\/halbpension-bdeutung-1-800x409.jpg 800w, https:\/\/www.sonnenklar.tv\/blog\/wp-content\/uploads\/2025\/02\/halbpension-bdeutung-1-120x61.jpg 120w, https:\/\/www.sonnenklar.tv\/blog\/wp-content\/uploads\/2025\/02\/halbpension-bdeutung-1-90x46.jpg 90w, https:\/\/www.sonnenklar.tv\/blog\/wp-content\/uploads\/2025\/02\/halbpension-bdeutung-1-320x164.jpg 320w, https:\/\/www.sonnenklar.tv\/blog\/wp-content\/uploads\/2025\/02\/halbpension-bdeutung-1-560x286.jpg 560w\" sizes=\"(max-width: 880px) 100vw, 880px\" \/><\/a><figcaption class=\"wp-element-caption\">Was bedeutet Halbpension?<\/figcaption><\/figure>\n\n\n\n<h2 class=\"wp-block-heading\"><a name=\"halbpension-vorteile\"><\/a>F\u00fcr wen lohnt sich eine Buchung mit Halbpension?<\/h2>\n\n\n\n<p>Der Preisunterschied zwischen einer Pauschalreise mit Halbpension und einem Aufenthalt nur mit Fr\u00fchst\u00fcck ist h\u00e4ufig so gering, dass es insgesamt finanziell g\u00fcnstiger ist, die HP mit zubuchen, anstatt t\u00e4glich ausw\u00e4rts zu essen. Wenn man sich morgens in aller Ruhe mit einem leckeren Fr\u00fchst\u00fcck gest\u00e4rkt hat und dann seinen Tag mit Baden oder Besichtigungen verbringt, ist es f\u00fcr viele Urlauber angenehm, abends das Hotel nicht noch einmal verlassen zu m\u00fcssen.<\/p>\n\n\n\n<p>In manchen F\u00e4llen liegt die Unterkunft auch au\u00dferhalb eines Ortes und der Weg zu den n\u00e4chsten Restaurants ist lang und umst\u00e4ndlich, so dass vielleicht sogar ein Auto ben\u00f6tigt wird. In diesem Fall muss der Fahrer auf Wein oder Bier zum Essen verzichten, w\u00e4hrend er beim Speisen im Hotel nicht auf seinen Promillepegel achten muss. In den meisten Hotelanlagen bieten die Buffets am Abend eine riesige Auswahl an den verschiedensten Vorspeisen, Hauptgerichten und Desserts. So kann jeder mehrere Leckereien probieren, w\u00e4hrend in einer Taverne im Normalfall nur ein Gericht pro Person bestellt wird.<\/p>\n\n\n\n<h2 class=\"wp-block-heading\"><a name=\"halbpension-nachteile\"><\/a>F\u00fcr wen ist Halbpension nicht geeignet?<\/h2>\n\n\n\n<p>F\u00fcr Urlauber, die w\u00e4hrend der sch\u00f6nsten Zeit des Jahres gerne in einheimischen Lokalen essen und in Kontakt mit der Bev\u00f6lkerung kommen, empfiehlt es sich eher, eine Pauschalreise nur mit Fr\u00fchst\u00fcck zu buchen. Dabei sollte aber in der Unterkunftsbeschreibung auf die Angabe der Entfernung zu den n\u00e4chsten Restaurants geachtet werden. Praktisch und bequem ist es nat\u00fcrlich, wenn sich diese in unmittelbarer N\u00e4he befinden. Auch G\u00e4ste, die sich gerne tags\u00fcber in eine spontan entdeckte Strandtaverne setzen, werden ohne Halbpension besser zurechtkommen.<\/p>\n\n\n\n<h2 class=\"wp-block-heading\"><a name=\"weitere-verpflegungsarten\"><\/a>Welche anderen Verpflegungsarten gibt es noch?<\/h2>\n\n\n\n<p><a href=\"https:\/\/www.sonnenklar.tv\/blog\/reiselexikon\/vollpension-bedeutung\/\" target=\"_blank\" rel=\"noopener\">Vollpension<\/a> ist eine Verpflegungsform, bei der zus\u00e4tzlich noch eine weitere warme Mahlzeit zur Mittagszeit angeboten wird \u2013 auch in diesem Fall sind die Getr\u00e4nke, sofern nicht explizit angegeben, extra zu zahlen. F\u00fcr Familien mit Kindern ist zu \u00fcberlegen, ob sich eventuell die Buchung einer sogenannten <a href=\"https:\/\/www.sonnenklar.tv\/tv-specials\/all-inclusive.html\">All Inclusive Reise<\/a> lohnt. Ihr gro\u00dfer Vorteil besteht darin, dass die Nebenkosten vor Ort relativ gering ausfallen. In den <a href=\"https:\/\/www.sonnenklar.tv\/blog\/reiselexikon\/all-inclusive-bedeutung\/\">All Inclusive<\/a>-Anlagen k\u00f6nnen die G\u00e4ste fast rund um die Uhr essen und trinken. Welche Speisen und Getr\u00e4nke genau gratis sind, l\u00e4sst sich vorab aus der Hotelbeschreibung entnehmen.<\/p>\n\n\n\n<h3 class=\"wp-block-heading\">Mehr zum Thema Verpflegung:<\/h3>\n\n\n\n<p><a href=\"https:\/\/www.sonnenklar.tv\/blog\/reiselexikon\/all-inclusive-bedeutung\/\">All Inclusive\u00a0<\/a> \u00a0 <a href=\"https:\/\/www.sonnenklar.tv\/blog\/reiselexikon\/amerikanisches-fruehstueck-bedeutung\/\">Amerikanisches Fr\u00fchst\u00fcck<\/a>\u00a0 \u00a0\u00a0<a href=\"https:\/\/www.sonnenklar.tv\/blog\/reiselexikon\/englisches-fruehstueck-bedeutung\/\">Englisches Fr\u00fchst\u00fcck<\/a>\u00a0 \u00a0 <a href=\"https:\/\/www.sonnenklar.tv\/blog\/reiselexikon\/kontinentales-fruehstueck-bedeutung\/\">Kontinentales Fr\u00fchst\u00fcck<\/a>\u00a0 \u00a0 <a href=\"https:\/\/www.sonnenklar.tv\/blog\/reiselexikon\/vollpension-bedeutung\/\">Vollpension<\/a><\/p>\n\n\n\n<p><a href=\"https:\/\/www.sonnenklar.tv\/blog\/reiselexikon\/\">&lt;&lt; Zur\u00fcck zum Reiselexikon<\/a><\/p>\n","protected":false},"excerpt":{"rendered":"<p>Halbpension ist eine von mehreren Verpflegungsarten, die in Hotels angeboten werden. Auf dem deutschsprachigen Reisemarkt wird diese oft mit HP abgek\u00fcrzt, bei internationalen Beschreibungen findet man das englische Wort \u201ehalf-board\u201c. Halbpension bedeutet, dass in den \u00dcbernachtungspreis bereits zwei Mahlzeiten inkludiert sind. Hierbei handelt es sich zum einen um das Fr\u00fchst\u00fcck und zum anderen um eine<\/p>\n","protected":false},"author":3,"featured_media":0,"parent":6051,"menu_order":0,"comment_status":"closed","ping_status":"closed","template":"","meta":{"footnotes":""},"class_list":["post-6209","page","type-page","status-publish"],"_links":{"self":[{"href":"https:\/\/www.sonnenklar.tv\/blog\/wp-json\/wp\/v2\/pages\/6209","targetHints":{"allow":["GET"]}}],"collection":[{"href":"https:\/\/www.sonnenklar.tv\/blog\/wp-json\/wp\/v2\/pages"}],"about":[{"href":"https:\/\/www.sonnenklar.tv\/blog\/wp-json\/wp\/v2\/types\/page"}],"author":[{"embeddable":true,"href":"https:\/\/www.sonnenklar.tv\/blog\/wp-json\/wp\/v2\/users\/3"}],"replies":[{"embeddable":true,"href":"https:\/\/www.sonnenklar.tv\/blog\/wp-json\/wp\/v2\/comments?post=6209"}],"version-history":[{"count":28,"href":"https:\/\/www.sonnenklar.tv\/blog\/wp-json\/wp\/v2\/pages\/6209\/revisions"}],"predecessor-version":[{"id":37751,"href":"https:\/\/www.sonnenklar.tv\/blog\/wp-json\/wp\/v2\/pages\/6209\/revisions\/37751"}],"up":[{"embeddable":true,"href":"https:\/\/www.sonnenklar.tv\/blog\/wp-json\/wp\/v2\/pages\/6051"}],"wp:attachment":[{"href":"https:\/\/www.sonnenklar.tv\/blog\/wp-json\/wp\/v2\/media?parent=6209"}],"curies":[{"name":"wp","href":"https:\/\/api.w.org\/{rel}","templated":true}]}}