{"id":6195,"date":"2018-05-11T19:04:16","date_gmt":"2018-05-11T17:04:16","guid":{"rendered":"https:\/\/www.sonnenklar.tv\/blog\/?page_id=6195"},"modified":"2025-12-12T15:38:59","modified_gmt":"2025-12-12T14:38:59","slug":"erwachsenenhotel-bedeutung","status":"publish","type":"page","link":"https:\/\/www.sonnenklar.tv\/blog\/reiselexikon\/erwachsenenhotel-bedeutung\/","title":{"rendered":"Was ist ein Erwachsenenhotel? Wir erkl\u00e4ren die Bedeutung!"},"content":{"rendered":"\n<p><strong>M\u00f6chtet ihr dem Stress des Alltags einmal entfliehen und einen kinderfreien Urlaub verleben? Dann solltet ihr ein Erwachsenenhotel buchen, denn in diesem wird ein besonders gro\u00dfer Wert auf Wellnessangebote gelegt. Zudem sind diese Hotels ausschlie\u00dflich f\u00fcr G\u00e4ste ab einem Alter von 16 beziehungsweise 18 Jahren bestimmt, so dass du deinen Urlaub ganz in Ruhe genie\u00dfen kannst.<\/strong><\/p>\n\n\n\n<hr class=\"wp-block-separator has-css-opacity\"\/>\n\n\n\n<p><strong>Inhaltsverzeichnis<\/strong><\/p>\n\n\n\n<ul class=\"wp-block-list\">\n<li><a href=\"#erwachsenenhotel-bedeutung\">Adults only Hotels &#8211; Was zeichnet diese aus und macht sie so besonders??<\/a><\/li>\n\n\n\n<li><a href=\"#erwachsenenhotel-finden\">Wo gibt es Erwachsenenhotels?<\/a><\/li>\n\n\n\n<li><a href=\"#erwachsenenhotel-vorteile-nachteile\">Die Vor- und Nachteile der Adults Only Hotels<\/a><\/li>\n\n\n\n<li><a href=\"#erwachsenenhotel-fazit\">Fazit<\/a><\/li>\n<\/ul>\n\n\n\n<hr class=\"wp-block-separator has-css-opacity\"\/>\n\n\n\n<h2 class=\"wp-block-heading\"><a name=\"erwachsenenhotel-bedeutung\"><\/a>Adults only Hotels &#8211; Was zeichnet diese aus und macht sie so besonders?<\/h2>\n\n\n\n<p>Hotels f\u00fcr Erwachsene sind jedoch nicht nur deshalb so besonders, weil du kein lautes Kindergeschrei bef\u00fcrchten musst, auch das Angebot an sportlichen Aktivit\u00e4ten und Wellness ist h\u00e4ufig umfangreicher als in anderen Unterk\u00fcnften. Meist handelt es sich bei den Erwachsenenhotels um exklusive 4- oder 5-Sterne-Unterk\u00fcnfte (laut Landeskategorie), zumindest aber um Anwesen der gehobenen Mittelklasse.<\/p>\n\n\n\n<p>Im Gegensatz zum Erwachsenenhotel haben sich die kinderfreundlichen Hotels wie beispielsweise die zahlreichen Familotels in Deutschland ganz auf die Bed\u00fcrfnisse von Familien mit Kindern spezialisiert. Eine hervorragende Kinderbetreuung und ausreichend Spiel- und R\u00fcckzugsm\u00f6glichkeiten f\u00fcr die kleinen G\u00e4ste stehen hier im Mittelpunkt.<\/p>\n\n\n\n<div class=\"wp-block-buttons is-horizontal is-content-justification-center is-layout-flex wp-container-core-buttons-is-layout-499968f5 wp-block-buttons-is-layout-flex\">\n<div class=\"wp-block-button\"><a class=\"wp-block-button__link wp-element-button\" href=\"https:\/\/www.sonnenklar.tv\/promo\/urlaub-ohne-kinder.html\" target=\"_blank\" rel=\"noreferrer noopener\">erwachsenenhotels &#8211; angebote<\/a><\/div>\n<\/div>\n\n\n\n<h2 class=\"wp-block-heading\"><a name=\"erwachsenenhotel-finden\"><\/a>Wo gibt es Erwachsenenhotels?<\/h2>\n\n\n\n<p>Die sogenannten Adults only Hotels findest du mittlerweile rund um den Globus verteilt, vornehmlich nat\u00fcrlich in sonnenverw\u00f6hnten Regionen wie den Balearen, den Kanaren, der Karibik oder in Mexiko. Selbst in Deutschland sprie\u00dfen immer mehr Hotels aus dem Boden, die nur den Erwachsenen vorbehalten sind. Momentan gibt es deutschlandweit etwa 35 Hotels, die sich als Erwachsenenhotels bezeichnen.<\/p>\n\n\n\n<p>Hier solltest du jedoch beachten, dass in einigen dieser Unterk\u00fcnfte lediglich Kleinkinder nicht gestattet sind; gr\u00f6\u00dfere Kinder ab einem Alter von zw\u00f6lf Jahren d\u00fcrfen in zahlreichen dieser Anwesen \u00fcbernachten. Leider gibt es bei den meisten Buchungsseiten keinen speziellen Filter, welchen man nutzen kann, um gezielt nach einem kinderfreien Hotel zu suchen. Lediglich in der Hotelbeschreibung wird dann darauf hingewiesen, dass es sich um ein reines Erwachsenenhotel handelt.<\/p>\n\n\n\n<p><a href=\"https:\/\/www.sonnenklar.tv\/promo\/urlaub-ohne-kinder.html\">Jetzt die besten Erwachsenenhotels finden und unkompliziert buchen.<\/a><\/p>\n\n\n\n<h2 class=\"wp-block-heading\"><a name=\"erwachsenenhotel-vorteile-nachteile\"><\/a>Die Vor- und Nachteile der Adults Only Hotels<\/h2>\n\n\n\n<p>Die Vorz\u00fcge eines Erwachsenenhotels liegen auf der Hand: Kein Rumgetobe von Kindern w\u00e4hrend des Fr\u00fchst\u00fccks und kein permanentes Babygeschrei am Pool; stattdessen zahlreiche Wellness- und <a href=\"https:\/\/www.sonnenklar.tv\/blog\/reiselexikon\/was-bedeutet-spa\/\" target=\"_blank\" rel=\"noopener\">Spa<\/a>-Angebote und eine erlesene Kulinarik. Du musst kein Kinderhasser sein, um deinen Urlaub in einem Erwachsenenhotel zu buchen, ganz im Gegenteil: Ein Gro\u00dfteil der Urlauber, die hier ihre Ferien verbringen, sind Eltern, die sich einfach einmal eine Auszeit g\u00f6nnen m\u00f6chten. Nat\u00fcrlich rufen die Erwachsenenhotels stets auch Kritiker auf den Plan.<\/p>\n\n\n\n<p>Einige b\u00f6se Zungen behaupten sogar, dass diese Art der Hotels kinderfeindlich ist. Dies ist absolut nicht der Fall, denn Erwachsenenhotels richten sich einfach nur an eine andere Zielgruppe als an die Familie mit Kindern. Immerhin gibt es ja auch Hotels speziell f\u00fcr Biker oder f\u00fcr Hundebesitzer. Nicht verwechseln solltest du die Wellness Erwachsenenhotels mit jenen Unterk\u00fcnften, die sich speziell an Singles und partyw\u00fctige Urlauber richten. FKK-, Single- oder Partyhotels sind f\u00fcr dich jedoch nicht geeignet, wenn du Ruhe und Entspannung suchst. Vielmehr geht es in diesen um Party, Flirten und das Treffen von Gleichgesinnten.<\/p>\n\n\n\n<figure class=\"wp-block-image size-large\"><a href=\"https:\/\/www.sonnenklar.tv\/blog\/wp-content\/uploads\/2025\/02\/erwachsenenhotel-bedeutung-1.jpg\"><img fetchpriority=\"high\" decoding=\"async\" width=\"880\" height=\"450\" src=\"https:\/\/www.sonnenklar.tv\/blog\/wp-content\/uploads\/2025\/02\/erwachsenenhotel-bedeutung-1.jpg\" alt=\"Erwachsenenhotel\" class=\"wp-image-34603\" srcset=\"https:\/\/www.sonnenklar.tv\/blog\/wp-content\/uploads\/2025\/02\/erwachsenenhotel-bedeutung-1.jpg 880w, https:\/\/www.sonnenklar.tv\/blog\/wp-content\/uploads\/2025\/02\/erwachsenenhotel-bedeutung-1-800x409.jpg 800w, https:\/\/www.sonnenklar.tv\/blog\/wp-content\/uploads\/2025\/02\/erwachsenenhotel-bedeutung-1-120x61.jpg 120w, https:\/\/www.sonnenklar.tv\/blog\/wp-content\/uploads\/2025\/02\/erwachsenenhotel-bedeutung-1-90x46.jpg 90w, https:\/\/www.sonnenklar.tv\/blog\/wp-content\/uploads\/2025\/02\/erwachsenenhotel-bedeutung-1-320x164.jpg 320w, https:\/\/www.sonnenklar.tv\/blog\/wp-content\/uploads\/2025\/02\/erwachsenenhotel-bedeutung-1-560x286.jpg 560w\" sizes=\"(max-width: 880px) 100vw, 880px\" \/><\/a><figcaption class=\"wp-element-caption\">Was ist ein Erwachsenenhotel?<\/figcaption><\/figure>\n\n\n\n<p><strong>Die meisten Hotels ab 18 aber legen gesteigerten Wert auf Ruhe und Entspannung und bieten dir folgende Vorz\u00fcge:<\/strong><\/p>\n\n\n\n<ul class=\"wp-block-list\">\n<li>Zeit zu Zweit f\u00fcr dich und deinen Partner: Lass deine Beziehung neu aufleben!<\/li>\n\n\n\n<li>besondere Services wie Candle Light Dinner oder Sportangebote<\/li>\n\n\n\n<li>diverse Wellnessangebote wie Massagen und andere K\u00f6rperanwendungen<\/li>\n\n\n\n<li>Erholung pur ohne Kindergeschrei und Animationsprogramm<\/li>\n<\/ul>\n\n\n\n<h2 class=\"wp-block-heading\"><a name=\"erwachsenenhotel-fazit\"><\/a>Fazit<\/h2>\n\n\n\n<p>Erwachsenenhotels sind nicht umsonst voll im Trend, denn sie bieten dir den perfekten Urlaub zu Zweit. Nicht nur f\u00fcr frisch verliebte P\u00e4rchen eignen sich diese Anwesen daher hervorragend, sondern auch f\u00fcr die kleine Auszeit zwischendurch. Nat\u00fcrlich sind diese Hotels nicht ausschlie\u00dflich P\u00e4rchen vorbehalten, auch wenn du mit der besten Freundin, der Mutter oder in einer kleinen Gruppe verreisen m\u00f6chtest, bist du hier nat\u00fcrlich gerne gesehener Gast.<\/p>\n\n\n\n<div class=\"wp-block-buttons is-horizontal is-content-justification-center is-layout-flex wp-container-core-buttons-is-layout-499968f5 wp-block-buttons-is-layout-flex\">\n<div class=\"wp-block-button\"><a class=\"wp-block-button__link wp-element-button\" href=\"https:\/\/www.sonnenklar.tv\/promo\/urlaub-ohne-kinder.html\" target=\"_blank\" rel=\"noreferrer noopener\">erwachsenenhotels &#8211; angebote<\/a><\/div>\n<\/div>\n\n\n\n<h3 class=\"wp-block-heading\">Mehr zum Thema Unterkunft:<\/h3>\n\n\n\n<p><a href=\"https:\/\/www.sonnenklar.tv\/blog\/reiselexikon\/was-bedeuten-hotelsterne\/\">Hotelsterne<\/a>\u00a0 \u00a0 <a href=\"https:\/\/www.sonnenklar.tv\/blog\/reiselexikon\/hotel-abkuerzungen-bedeutung\/\">Hotelabk\u00fcrzungen<\/a>\u00a0\u00a0\u00a0\u00a0<a href=\"https:\/\/www.sonnenklar.tv\/blog\/reiselexikon\/bed-and-breakfast-bedeutung\/\">Bed &amp; Breakfast<\/a>\u00a0 \u00a0 <a href=\"https:\/\/www.sonnenklar.tv\/blog\/reiselexikon\/bungalow-bedeutung\/\">Bungalow<\/a>\u00a0 \u00a0 <a href=\"https:\/\/www.sonnenklar.tv\/blog\/reiselexikon\/finca-bedeutung\/\">Finca<\/a>\u00a0 \u00a0 <a href=\"https:\/\/www.sonnenklar.tv\/blog\/reiselexikon\/chalet-bedeutung\/\">Chalet<\/a>\u00a0 \u00a0\u00a0<a href=\"https:\/\/www.sonnenklar.tv\/blog\/reiselexikon\/riad-bedeutung\/\">Riad<\/a>\u00a0 \u00a0 <a href=\"https:\/\/www.sonnenklar.tv\/blog\/reiselexikon\/hostel-bedeutung\/\">Hostel<\/a>\u00a0 \u00a0 <a href=\"https:\/\/www.sonnenklar.tv\/blog\/reiselexikon\/biohotel-bedeutung\/\">Biohotel<\/a>\u00a0 \u00a0 <a href=\"https:\/\/www.sonnenklar.tv\/blog\/reiselexikon\/aparthotel-bedeutung\/\">Aparthotel<\/a>\u00a0 \u00a0 <a href=\"https:\/\/www.sonnenklar.tv\/blog\/reiselexikon\/vital-hotel-bedeutung\/\">Vital Hotel<\/a>\u00a0 \u00a0\u00a0<a href=\"https:\/\/www.sonnenklar.tv\/blog\/reiselexikon\/glueckshotel-bedeutung\/\">Gl\u00fcckshotel<\/a>\u00a0 \u00a0 <a href=\"https:\/\/www.sonnenklar.tv\/blog\/reiselexikon\/resort-bedeutung\/\">Resort<\/a>\u00a0 \u00a0 <a href=\"https:\/\/www.sonnenklar.tv\/blog\/reiselexikon\/mobilheim-bedeutung\/\">Mobilheim<\/a>\u00a0 \u00a0 <a href=\"https:\/\/www.sonnenklar.tv\/blog\/reiselexikon\/pension-hotel-bedeutung\/\">Pension<\/a>\u00a0 \u00a0 <a href=\"https:\/\/www.sonnenklar.tv\/blog\/reiselexikon\/hotel-garni-bedeutung\/\">Hotel Garni<\/a>\u00a0 \u00a0\u00a0<a href=\"https:\/\/www.sonnenklar.tv\/blog\/reiselexikon\/doppelzimmer-bedeutung\/\">Doppelzimmer<\/a>\u00a0 \u00a0\u00a0<a href=\"https:\/\/www.sonnenklar.tv\/blog\/reiselexikon\/familienzimmer-bedeutung\/\">Familienzimmer<\/a>\u00a0 \u00a0 <a href=\"https:\/\/www.sonnenklar.tv\/blog\/reiselexikon\/sparzimmer-bedeutung\/\">Sparzimmer<\/a>\u00a0 \u00a0 <a href=\"https:\/\/www.sonnenklar.tv\/blog\/reiselexikon\/boutique-hotel-bedeutung\/\">Boutique Hotel<\/a>\u00a0\u00a0\u00a0 <a href=\"https:\/\/www.sonnenklar.tv\/blog\/reiselexikon\/suite-bedeutung\/\">Suite<\/a>\u00a0 \u00a0 <a href=\"https:\/\/www.sonnenklar.tv\/blog\/reiselexikon\/studio-apartment-bedeutung\/\">Studio Apartment<\/a> \u00a0 \u00a0 <a href=\"https:\/\/www.sonnenklar.tv\/blog\/reiselexikon\/kabine-bedeutung\/\">Kabine<\/a>\u00a0 \u00a0 <a href=\"https:\/\/www.sonnenklar.tv\/blog\/reiselexikon\/superiorzimmer-bedeutung\/\">Superiorzimmer<\/a>\u00a0 \u00a0 <a href=\"https:\/\/www.sonnenklar.tv\/blog\/boardinghouse-bedeutung\/\">Boardinghouse<\/a>\u00a0 \u00a0 <a href=\"https:\/\/www.sonnenklar.tv\/blog\/reiselexikon\/ryokan-bedeutung\/\">Ryokan<\/a><\/p>\n\n\n\n<p><a href=\"https:\/\/www.sonnenklar.tv\/blog\/reiselexikon\/\">&lt;&lt; Zur\u00fcck zum Reiselexikon<\/a><\/p>\n","protected":false},"excerpt":{"rendered":"<p>M\u00f6chtet ihr dem Stress des Alltags einmal entfliehen und einen kinderfreien Urlaub verleben? Dann solltet ihr ein Erwachsenenhotel buchen, denn in diesem wird ein besonders gro\u00dfer Wert auf Wellnessangebote gelegt. Zudem sind diese Hotels ausschlie\u00dflich f\u00fcr G\u00e4ste ab einem Alter von 16 beziehungsweise 18 Jahren bestimmt, so dass du deinen Urlaub ganz in Ruhe genie\u00dfen<\/p>\n","protected":false},"author":3,"featured_media":0,"parent":6051,"menu_order":0,"comment_status":"closed","ping_status":"closed","template":"","meta":{"footnotes":""},"class_list":["post-6195","page","type-page","status-publish"],"_links":{"self":[{"href":"https:\/\/www.sonnenklar.tv\/blog\/wp-json\/wp\/v2\/pages\/6195","targetHints":{"allow":["GET"]}}],"collection":[{"href":"https:\/\/www.sonnenklar.tv\/blog\/wp-json\/wp\/v2\/pages"}],"about":[{"href":"https:\/\/www.sonnenklar.tv\/blog\/wp-json\/wp\/v2\/types\/page"}],"author":[{"embeddable":true,"href":"https:\/\/www.sonnenklar.tv\/blog\/wp-json\/wp\/v2\/users\/3"}],"replies":[{"embeddable":true,"href":"https:\/\/www.sonnenklar.tv\/blog\/wp-json\/wp\/v2\/comments?post=6195"}],"version-history":[{"count":41,"href":"https:\/\/www.sonnenklar.tv\/blog\/wp-json\/wp\/v2\/pages\/6195\/revisions"}],"predecessor-version":[{"id":37574,"href":"https:\/\/www.sonnenklar.tv\/blog\/wp-json\/wp\/v2\/pages\/6195\/revisions\/37574"}],"up":[{"embeddable":true,"href":"https:\/\/www.sonnenklar.tv\/blog\/wp-json\/wp\/v2\/pages\/6051"}],"wp:attachment":[{"href":"https:\/\/www.sonnenklar.tv\/blog\/wp-json\/wp\/v2\/media?parent=6195"}],"curies":[{"name":"wp","href":"https:\/\/api.w.org\/{rel}","templated":true}]}}