{"id":25204,"date":"2023-08-22T13:29:11","date_gmt":"2023-08-22T12:29:11","guid":{"rendered":"https:\/\/www.sonnenklar.tv\/blog\/?page_id=25204"},"modified":"2025-12-12T16:15:15","modified_gmt":"2025-12-12T15:15:15","slug":"e-ticket-bedeutung","status":"publish","type":"page","link":"https:\/\/www.sonnenklar.tv\/blog\/reiselexikon\/e-ticket-bedeutung\/","title":{"rendered":"Was ist ein E-Ticket?"},"content":{"rendered":"<p><strong>Mit dem stetigen Fortschritt der Technik wandelt sich auch die Art, wie wir reisen. Vieles l\u00e4uft mittlerweile digital ab und w\u00e4hrend ihr fr\u00fcher noch verschiedenste Unterlagen einstecken musstet, reicht heute oftmals das Smartphone. Ma\u00dfgeblich dazu beigetragen hat die Einf\u00fchrung des E-Tickets. Wir verraten euch, was genau es damit auf sich hat und warum ihr dadurch mit leichterem Gep\u00e4ck reisen k\u00f6nnt.<\/strong><\/p>\n<hr \/>\n<p><strong>Inhaltsverzeichnis<\/strong><\/p>\n<ul>\n<li style=\"list-style-type: none;\">\n<ul>\n<li style=\"list-style-type: none;\">\n<ul>\n<li><a href=\"#e-ticket-bedeutung\">Was ist ein E-Ticket?<\/a><\/li>\n<li><a href=\"#e-ticket-funktion\">Wie funktioniert das E-Ticket? <\/a><\/li>\n<li><a href=\"#e-ticket-daten\">Welche Daten stehen im E-Ticket?<\/a><\/li>\n<li><a href=\"#e-ticket-vorteile\">Welche Vorteile bietet das E-Ticket? <\/a><\/li>\n<li><a href=\"#e-ticket-ausdruck\">Kann man E-Tickets ausdrucken?<\/a><\/li>\n<\/ul>\n<\/li>\n<\/ul>\n<\/li>\n<\/ul>\n<hr \/>\n<h2><a name=\"e-ticket-bedeutung\"><\/a>Was ist ein E-Ticket?<\/h2>\n<p>Bei einem E-Ticket (auch Etix genannt) handelt es sich um ein elektronisches Ticket, das seit dem 1. Juni 2008 euer Flugticket in Papierform ersetzt. Grunds\u00e4tzlich erf\u00fcllt es \u00e4hnliche Funktionen wie das gedruckte Ticket und ist nach wie vor der Beweis daf\u00fcr, dass ihr einen Anspruch auf Bef\u00f6rderung habt. Es handelt sich jedoch nicht mehr um ein Blatt Papier, sondern ist elektronisch abgespeichert. Die meisten Fluggesellschaften haben das Papierticket komplett abgeschafft, teilweise k\u00f6nnt ihr es euch gegen einen Aufpreis per Post zuschicken lassen.<\/p>\n<h2><a name=\"e-ticket-funktion\"><\/a>Wie funktioniert das E-Ticket?<\/h2>\n<p>An euer E-Ticket zu gelangen, ist ganz einfach. Habt ihr euren Flug gebucht, erhaltet ihr unmittelbar im Anschluss eine Buchungsbest\u00e4tigung per E-Mail mit dem elektronischen Ticket, bezeichnet als \u201eItinerary\u201c oder \u201eTicket Receipt\u201c. Dort ist euer Buchungscode vermerkt, der als Referenz f\u00fcr das Ticket gilt. Mit diesem Code sind eure Daten im System der Fluggesellschaft gespeichert. Nur ihr k\u00f6nnt ihn in Verbindung mit eurem Personalausweis, dem Reisepass oder teilweise auch mit der bei der Buchung eingesetzten Kreditkarte oder eurer Vielfliegerkarte nutzen. Wie es nach Erhalt der E-Mail weitergeht, unterscheidet sich von Airline zu Airline. In einigen F\u00e4llen m\u00fcsst ihr das elektronische Ticket nun ausdrucken, in anderen F\u00e4llen auf ein mobiles Endger\u00e4t runterladen. Beim Check-in legt ihr euer Ausweisdokument vor und erhaltet eure Bordkarte. Bei einigen Fluggesellschaften dient das E-Ticket sogar als Boarding Pass, mit dem ihr euch direkt zum Gate begeben k\u00f6nnt. Wie genau ihr mit dem E-Ticket umzugehen habt, wird in der E-Mail, mit dem es euch zugesendet wurde, erl\u00e4utert. Wichtig ist in jedem Fall, dass ihr eure Ausweisdokumente stets bei euch tragt, denn nur so kann euch das elektronische Ticket korrekt zugeordnet werden.<\/p>\n<h2><a name=\"e-ticket-daten\"><\/a>Welche Daten stehen im E-Ticket?<\/h2>\n<p>Auf dem E-Ticket sind alle wichtigen Angaben zum Passagier und dem gebuchten Flug vorhanden. Das erkennt ihr vielleicht nicht auf den ersten Blick, denn manche der Infos sind mit Abk\u00fcrzungen oder Codes, die elektronisch ausgelesen werden, verschl\u00fcsselt.<\/p>\n<p>Folgende Daten sind unter anderem auf dem E-Ticket zu finden:<\/p>\n<ul>\n<li>Ticketnummer<\/li>\n<li>Buchungscode (auch Passenger Name Record (PNR)<\/li>\n<li>Ort und Datum der Ticketausstellung<\/li>\n<li>Destination<\/li>\n<li>Anrede, Vor- und Nachname sowie Geburtsdatum des Fluggastes<\/li>\n<li>Streckenf\u00fchrung<\/li>\n<li>Abflugdatum- und -uhrzeit<\/li>\n<li>Fluggesellschaft<\/li>\n<li>Flugnummer<\/li>\n<li>G\u00fcltigkeit<\/li>\n<li>Flugpreis<\/li>\n<li>Freigep\u00e4ck<\/li>\n<li>Zahlungsweise<\/li>\n<\/ul>\n<p>Die Daten werden noch f\u00fcr einige Zeit nach dem Ende eures Flugs aufbewahrt und dienen bei eventuellen Nachfragen oder Beschwerden als Informationsquelle.<\/p>\n<figure id=\"attachment_24180\" aria-describedby=\"caption-attachment-24180\" style=\"width: 880px\" class=\"wp-caption aligncenter\"><a href=\"https:\/\/www.sonnenklar.tv\/blog\/wp-content\/uploads\/2023\/06\/GettyImages-1413760758.jpg\"><img fetchpriority=\"high\" decoding=\"async\" class=\"wp-image-24180 size-full\" src=\"https:\/\/www.sonnenklar.tv\/blog\/wp-content\/uploads\/2023\/06\/GettyImages-1413760758.jpg\" alt=\"E-Ticket auf dem Telefon\" width=\"880\" height=\"450\" srcset=\"https:\/\/www.sonnenklar.tv\/blog\/wp-content\/uploads\/2023\/06\/GettyImages-1413760758.jpg 880w, https:\/\/www.sonnenklar.tv\/blog\/wp-content\/uploads\/2023\/06\/GettyImages-1413760758-300x153.jpg 300w, https:\/\/www.sonnenklar.tv\/blog\/wp-content\/uploads\/2023\/06\/GettyImages-1413760758-768x393.jpg 768w\" sizes=\"(max-width: 880px) 100vw, 880px\" \/><\/a><figcaption id=\"caption-attachment-24180\" class=\"wp-caption-text\">Im E-Ticket sind s\u00e4mtliche erforderliche Daten f\u00fcr eure Flugreise hinterlegt<\/figcaption><\/figure>\n<h2><a name=\"e-ticket-vorteile\"><\/a>Welche Vorteile bietet das E-Ticket?<\/h2>\n<p>Der Hauptgrund, warum die International Air Transport Association (IATA) das elektronische Ticket verpflichtend eingef\u00fchrt hat, war das Anliegen, die Kosten der Airlines durch Druck- und Papiereinsparungen zu senken. Tats\u00e4chlich bringen E-Tickets jedoch noch weitere Vorz\u00fcge mit sich: Sie beschleunigen den Reservierungs- und Check-in Vorgang, sind praktisch und sicher.<\/p>\n<p><strong>Die Vorteile von E-Tickets im \u00dcberblick:<\/strong><\/p>\n<ul>\n<li>Kurzfristige Buchungen und \u00c4nderungen: Die Tickets werden direkt nach Buchung per Mail zugestellt, weshalb Flug(um)buchungen noch bis kurz vor Abflug m\u00f6glich sind.<\/li>\n<li>Zeitersparnis beim Check-in: Die Passagierdaten liegen \u00fcber den Buchungscode direkt im System der Fluggesellschaft vor, was ein sofortiges Einchecken erm\u00f6glicht.<\/li>\n<li>Sicherheit: Der Buchungscode ist nur in Verbindung mit dem Personalausweis oder dem Reisepass nutzbar und damit vor Diebst\u00e4hlen gesichert.<\/li>\n<li>Praktikabilit\u00e4t: Ein Verlieren oder Vergessen des Tickets ist nicht m\u00f6glich.<\/li>\n<li>Ortsungebundener Zugriff: Es kann weltweit auf die Buchung zugegriffen und Informationen aktualisiert werden.<\/li>\n<li>Umweltfreundlich: Durch das Wegfallen des Ausdrucks wird Papier eingespart.<\/li>\n<\/ul>\n<p>Bei den meisten Fluggesellschaften k\u00f6nnt ihr mit dem Buchungscode zudem bequem vorab online oder an einem Automaten am Flughafen einchecken, was den Check-in Prozess effizienter gestaltet. Oftmals l\u00e4sst sich dabei zudem direkt ein Sitzplatz ausw\u00e4hlen und Gep\u00e4ckanh\u00e4nger am Automaten selbst ausdrucken. Schlangestehen am Check-in- oder Gep\u00e4ckschalter geh\u00f6rt damit der Vergangenheit an.<\/p>\n<p>Die Vorteile von elektronischen Tickets haben mittlerweile auch andere Verkehrsunternehmen erkannt. Bei einigen Fernbusanbietern und auch bei der Deutschen Bahn wird vermehrt auf digitale Fahrscheine gesetzt. So dient entweder der Buchungscode als Fahrschein, ihr erhaltet ein Online-Ticket, das ihr ausdrucken oder auf dem Smartphone vorzeigen k\u00f6nnt oder das Ticket wird direkt in der App des jeweiligen Anbieters gespeichert.<\/p>\n<h2><a name=\"e-ticket-ausdruck\"><\/a>Kann man E-Tickets ausdrucken?<\/h2>\n<p>Grunds\u00e4tzlich handelt es sich bei einem E-Ticket nicht um ein einzelnes Blatt zum Ausdrucken, sondern um elektronisch abgespeicherte Informationen. Bei manchen Airlines ist ein Ausdruck f\u00fcr den Check-in jedoch notwendig. Ist dies der Fall, steht das in der Best\u00e4tigungsmail.<\/p>\n<p>Zu empfehlen ist das Ausdrucken eines elektronischen Tickets zudem, wenn ihr mit unterschiedlichen Airlines unterwegs seid. Denn der Datenaustausch zwischen den unterschiedlichen Fluglinien, das sogenannte \u201eE-Interlining\u201c, ist bislang nur bedingt m\u00f6glich. Au\u00dferdem ist das E-Ticket nicht in allen L\u00e4ndern so verbreitet wie in Deutschland. Informiert euch daher vor dem R\u00fcckflug \u00fcber das Vorgehen in eurem Zielland. Fliegt ihr in ein Land, in dem ihr bereits bei Einreise ein R\u00fcckflugticket vorweisen m\u00fcsst, solltet ihr das sogar schon vor dem Hinflug tun, falls das Ticket als Nachweis nur in Papierform akzeptiert wird.<\/p>\n<p><a href=\"https:\/\/www.sonnenklar.tv\/promo\/flugreisen.html\">Jetzt die besten Flugreisen finden und unkompliziert buchen!<\/a><a style=\"font-size: inherit;\" name=\"esta-was-beachten\"><\/a><\/p>\n<h3>Mehr zum Thema Dokumente:<\/h3>\n<p><a href=\"https:\/\/www.sonnenklar.tv\/blog\/reiselexikon\/esta-bedeutung\/\">ESTA<\/a>\u00a0 \u00a0\u00a0<a href=\"https:\/\/www.sonnenklar.tv\/blog\/reiselexikon\/was-ist-ein-visum\/\">Visum<\/a>\u00a0 \u00a0 <a href=\"https:\/\/www.sonnenklar.tv\/blog\/reiselexikon\/voucher-bedeutung\/\">Voucher<\/a><\/p>\n<p><a href=\"https:\/\/www.sonnenklar.tv\/blog\/reiselexikon\/\">&lt;&lt; Zur\u00fcck zum Reiselexikon<\/a><\/p>\n","protected":false},"excerpt":{"rendered":"<p>Mit dem stetigen Fortschritt der Technik wandelt sich auch die Art, wie wir reisen. Vieles l\u00e4uft mittlerweile digital ab und w\u00e4hrend ihr fr\u00fcher noch verschiedenste Unterlagen einstecken musstet, reicht heute oftmals das Smartphone. Ma\u00dfgeblich dazu beigetragen hat die Einf\u00fchrung des E-Tickets. Wir verraten euch, was genau es damit auf sich hat und warum ihr dadurch<\/p>\n","protected":false},"author":3,"featured_media":0,"parent":6051,"menu_order":0,"comment_status":"closed","ping_status":"closed","template":"","meta":{"footnotes":""},"class_list":["post-25204","page","type-page","status-publish"],"_links":{"self":[{"href":"https:\/\/www.sonnenklar.tv\/blog\/wp-json\/wp\/v2\/pages\/25204","targetHints":{"allow":["GET"]}}],"collection":[{"href":"https:\/\/www.sonnenklar.tv\/blog\/wp-json\/wp\/v2\/pages"}],"about":[{"href":"https:\/\/www.sonnenklar.tv\/blog\/wp-json\/wp\/v2\/types\/page"}],"author":[{"embeddable":true,"href":"https:\/\/www.sonnenklar.tv\/blog\/wp-json\/wp\/v2\/users\/3"}],"replies":[{"embeddable":true,"href":"https:\/\/www.sonnenklar.tv\/blog\/wp-json\/wp\/v2\/comments?post=25204"}],"version-history":[{"count":7,"href":"https:\/\/www.sonnenklar.tv\/blog\/wp-json\/wp\/v2\/pages\/25204\/revisions"}],"predecessor-version":[{"id":37633,"href":"https:\/\/www.sonnenklar.tv\/blog\/wp-json\/wp\/v2\/pages\/25204\/revisions\/37633"}],"up":[{"embeddable":true,"href":"https:\/\/www.sonnenklar.tv\/blog\/wp-json\/wp\/v2\/pages\/6051"}],"wp:attachment":[{"href":"https:\/\/www.sonnenklar.tv\/blog\/wp-json\/wp\/v2\/media?parent=25204"}],"curies":[{"name":"wp","href":"https:\/\/api.w.org\/{rel}","templated":true}]}}