{"id":24477,"date":"2023-06-20T13:52:03","date_gmt":"2023-06-20T12:52:03","guid":{"rendered":"https:\/\/www.sonnenklar.tv\/blog\/?page_id=24477"},"modified":"2025-12-12T16:12:55","modified_gmt":"2025-12-12T15:12:55","slug":"individualreise-bedeutung","status":"publish","type":"page","link":"https:\/\/www.sonnenklar.tv\/blog\/reiselexikon\/individualreise-bedeutung\/","title":{"rendered":"Was ist eine Individualreise?"},"content":{"rendered":"\n<p><strong>Individualreisen klingen nach Abenteuer, Spa\u00df und viel Freiheit. Kein Wunder, dass diese Reiseart besonders beliebt bei Backpackern und Reisenden ist, die Land und Leute am liebsten im Alleingang erkunden. Doch es gibt auch ein paar Dinge, die ihr bei der Planung ber\u00fccksichtigen m\u00fcsst. Wir haben f\u00fcr euch Vor- und Nachteile sowie hilfreiche Tipps f\u00fcr eure Individualreise zusammengetragen.<\/strong><\/p>\n\n\n\n<hr class=\"wp-block-separator has-css-opacity\"\/>\n\n\n\n<p><strong>Inhaltsverzeichnis<\/strong><\/p>\n\n\n\n<ul class=\"wp-block-list\">\n<li><a href=\"#individualreise-bedeutung\">Was ist eine Individualreise?<\/a><\/li>\n\n\n\n<li><a href=\"#individualreise-bausteine\">Welche Bausteine gibt es bei Individualreisen?<\/a><\/li>\n\n\n\n<li><a href=\"#individualreise-vorteile\">Welche Vorteile haben Individualreisen?<\/a><\/li>\n\n\n\n<li><a href=\"#individualreise-nachteile\">Welche Nachteile haben Individualreisen?<\/a><\/li>\n\n\n\n<li><a href=\"#individualreise-unterschiede\">Was ist der Unterschied zwischen Individualreisen und anderen Reisearten?<\/a><\/li>\n\n\n\n<li><a href=\"#individualreise-was-beachten\">Was ist bei der Buchung einer Individualreise zu beachten?<\/a><\/li>\n<\/ul>\n\n\n\n<hr class=\"wp-block-separator has-css-opacity\"\/>\n\n\n\n<h2 class=\"wp-block-heading\"><a name=\"individualreise-bedeutung\"><\/a>Was ist eine Individualreise?<\/h2>\n\n\n\n<p>Unter dem Begriff Individualreise versteht man eine Reise, bei der die Reisenden die Buchung aller Leistungen wie Hin- und R\u00fcckreise, Unterkunft und Transport selbst in die Hand nehmen. Dabei orientieren sie sich bei der Planung nach ihren individuellen W\u00fcnschen und sind ganz frei bei der Bestimmung von Zeitraum, Reiseziel und Ausfl\u00fcgen. Die Leistungen k\u00f6nnen entweder vorab gebucht werden oder auch erst spontan vor Ort.<\/p>\n\n\n\n<h2 class=\"wp-block-heading\"><a name=\"individualreise-bausteine\"><\/a>Welche Bausteine gibt es bei Individualreisen?<\/h2>\n\n\n\n<p>Bausteine bezeichnen die einzelnen Komponenten, die eine gelungene Individualreise beinhaltet. Es gilt: Je facettenreicher ihr euren Urlaub gestaltet, desto mehr Bausteine gibt es. Von der Hin- bis zur Abreise ergeben sich standardm\u00e4\u00dfig folgende Bausteine:<\/p>\n\n\n\n<ul class=\"wp-block-list\">\n<li>Hin- und R\u00fcckreise (Fl\u00fcge, Zug-, Bustickets etc.)<\/li>\n\n\n\n<li>Unterbringung (Hotelzimmer, Ferienwohnung, Pensionen, Campingpl\u00e4tze etc.)<\/li>\n\n\n\n<li>Transportmittel (Mietwagen, Leihfahrrad, Tickets f\u00fcr \u00f6ffentliche Verkehrsmittel)<\/li>\n\n\n\n<li>Verpflegung<\/li>\n\n\n\n<li>Ausfl\u00fcge und Touren (Reservierungen, Tickets)<\/li>\n<\/ul>\n\n\n\n<h2 class=\"wp-block-heading\"><a name=\"individualreise-vorteile\"><\/a>Welche Vorteile haben Individualreisen?<\/h2>\n\n\n\n<p>Anders als bei einem vorgegebenen Reisepaket bietet sich der Vorteil, bei einer Individualreise auf all eure Vorstellungen exklusiv einzugehen. Daraus ergeben sich nicht nur freiere Entscheidungsm\u00f6glichkeiten, die ihr auch noch am Reiseort treffen k\u00f6nnt, sondern ihr seid w\u00e4hrend eures Aufenthalts weitaus flexibler. So k\u00f6nnt ihr einfach selbst bestimmen, wie lange ihr an einem Ort verweilt und wie ihr eure Zeit einteilt. Ein weiteres Plus einer Individualreise ist, dass au\u00dfergew\u00f6hnlichere und entlegenere Ziele bereist werden k\u00f6nnen, die f\u00fcr ein geb\u00fcndeltes Angebot zu ausgefallen erscheinen und vom Standardprogramm abweichen. Au\u00dferdem habt ihr bei eigener Planung die M\u00f6glichkeit, viele verschiedene Angebote zu vergleichen und daraus das g\u00fcnstigste Paket zusammenzustellen. Ihr liebt kleine Abenteuer, spontane Erlebnisse und abwechslungsreiche Aktivit\u00e4ten? Dann ist eine Individualreise das richtige Reisekonzept f\u00fcr euch.<\/p>\n\n\n<div class=\"wp-block-image\">\n<figure class=\"aligncenter\"><a href=\"https:\/\/www.sonnenklar.tv\/blog\/wp-content\/uploads\/2022\/10\/GettyImages-1355604965_kl.jpg\"><img fetchpriority=\"high\" decoding=\"async\" width=\"880\" height=\"450\" src=\"https:\/\/www.sonnenklar.tv\/blog\/wp-content\/uploads\/2022\/10\/GettyImages-1355604965_kl.jpg\" alt=\"Frau steht auf einem Berg und schaut in den Sonnenuntergang\" class=\"wp-image-21479\" srcset=\"https:\/\/www.sonnenklar.tv\/blog\/wp-content\/uploads\/2022\/10\/GettyImages-1355604965_kl.jpg 880w, https:\/\/www.sonnenklar.tv\/blog\/wp-content\/uploads\/2022\/10\/GettyImages-1355604965_kl-300x153.jpg 300w, https:\/\/www.sonnenklar.tv\/blog\/wp-content\/uploads\/2022\/10\/GettyImages-1355604965_kl-768x393.jpg 768w\" sizes=\"(max-width: 880px) 100vw, 880px\" \/><\/a><figcaption class=\"wp-element-caption\">Bei Individualreisen k\u00f6nnt ihr euren Urlaub frei gestalten<\/figcaption><\/figure>\n<\/div>\n\n\n<h2 class=\"wp-block-heading\"><a name=\"individualreise-nachteile\"><\/a>Welche Nachteile haben Individualreisen?<\/h2>\n\n\n\n<p>Eine Individualreise bringt zwar viel Gestaltungsfreiheit mit sich, die Planung ist aber auch mit einem gewissen Organisations- und Zeitaufwand verbunden. Denn die Buchung und Bezahlung der verschiedenen Bausteine erfolgt nicht bei einem Anbieter, sondern meistens habt ihr f\u00fcr jede einzelne Leistung einen anderen Ansprechpartner. Dies kann bei einzelnen Ausf\u00e4llen (zum Beispiel: Zugausfall) zu Schwierigkeiten f\u00fchren, da die restliche Reiseplanung auch davon betroffen sein kann und in eigener Verantwortung umorganisiert werden muss. Insgesamt sind die Reisevorbereitungen nicht so sorglos wie bei einem Urlaub, bei dem sich ein zentraler Veranstalter um alles k\u00fcmmert.<\/p>\n\n\n\n<h2 class=\"wp-block-heading\"><a name=\"individualreise-unterschiede\"><\/a>Was ist der Unterschied zwischen Individualreisen und anderen Reisearten?<\/h2>\n\n\n\n<p>F\u00fcr jeden Reisetyp gibt es das passende Reisemodell, wir zeigen euch die wichtigsten Unterschiede zwischen Pauschal-, Baustein- und Individualreise.<\/p>\n\n\n\n<p>Im Gegensatz zu einer Individualreise ist die Pauschalreise weniger aufwendig in der Planung, denn die Organisation wird vom Reiseveranstalter \u00fcbernommen und umfasst mindestens zwei Reiseleistungen zu einem Gesamtpreis. Bei einer Individualreise werden die einzelnen Leistungen in der Regel unabh\u00e4ngig voneinander gebucht und bezahlt. Auch die Preisgestaltung eurer Reise ist bei einer Pauschalreise kalkulierbarer, da gro\u00dfe Bereiche wie Unterbringung oder Verpflegung bei einem All-inclusive-Angebot schon abgedeckt sind. Au\u00dferdem seid ihr als Pauschalreisende bei Flugausf\u00e4llen, Hotelm\u00e4ngel und anderen Problemen auf der sicheren Seite, da ihr unter dem Schutz des Reisevertragsrechts steht und \u00fcber den Veranstalter versichert seid. Entscheidet ihr euch f\u00fcr eine Individualreise, schlie\u00dft ihr eigenverantwortlich Vertr\u00e4ge ab und m\u00fcsst im Falle eines Ausfalls oder einer Beschwerde selbst den Betreiber wie Fluggesellschaft oder Hotelanbieter kontaktieren und euer Recht durchsetzen. Daf\u00fcr k\u00f6nnt ihr bei einer individuellen Reise frei entscheiden, wo, wann und wie ihr euren Aufenthalt gestaltet und seid nicht so sehr am Reiseangebot gebunden wie Pauschalreisende. Eine Mischform, die beide Reisearten miteinander verkn\u00fcpft sind Bausteinreisen. Reiseb\u00fcros und Reiseveranstalter bieten Reisenden die M\u00f6glichkeit, ein individuelles Paket aus verschiedenen Optionen zusammenzustellen. Der Kunde gibt seine pers\u00f6nlichen W\u00fcnsche an und bekommt anschlie\u00dfend ein individuell konfiguriertes Angebot. Allerdings ist diese Reiseart durch den Mehraufwand kostspieliger und es gibt bislang keine konforme Regelung, wie Reisende bei einer Bausteinreise abgesichert sind. Dies ist jeweils individuell festgelegt, je nachdem, ob die Bausteinreise als Pauschalreise oder Individualreise im Vertrag definiert wird.<\/p>\n\n\n\n<p>Du bevorzugst eine bequemere Reiseplanung? Dann entdecke unsere <a href=\"https:\/\/www.sonnenklar.tv\/promo\/pauschalreiseangebote.html\">Pauschalreise-Angebote<\/a> und <a href=\"https:\/\/www.sonnenklar.tv\/tv-specials\/all-inclusive.html\">All Inclusive Pakete<\/a>!<\/p>\n\n\n\n<h2 class=\"wp-block-heading\"><a name=\"individualreise-was-beachten\"><\/a>Was ist bei der Buchung einer Individualreise zu beachten?<\/h2>\n\n\n\n<p>Eine Individualreise ist mit einer hohen Eigenverantwortung und einer guten Selbstorganisation verbunden. Wir geben euch ein paar Tipps an die Hand, worauf ihr bei der Planung eurer Reise achten solltet:<\/p>\n\n\n\n<ul class=\"wp-block-list\">\n<li>Achtet bei der Planung eures individuellen Abenteuers darauf, dass alle Leistungen aufeinander abgestimmt sind, d. h., dass ihr unkompliziert vom Flughafen oder vom Bahnhof zu eurer Unterkunft gelangt und dass eure Ausflugsziele durch eine vorteilhafte Anbindung gut zu erreichen sind.<\/li>\n\n\n\n<li>Falls ein Problemfall eintritt, solltet ihr gut abgesichert sein. Informiert euch bereits bei der Buchung bei dem jeweiligen Anbieter \u00fcber die Regelung im Falle eines Leistungsausfalls.<\/li>\n\n\n\n<li>Schlie\u00dft wichtige Reiseversicherungen ab und sch\u00fctzt euch somit vor teuren Geb\u00fchren, wenn ihr im Urlaub erkrankt oder eine Reise kurzfristig nicht antreten k\u00f6nnt. Dazu z\u00e4hlt die Auslandskrankenversicherung und die Reiser\u00fccktrittsversicherung als essenzielle Risikovorsorge.<\/li>\n\n\n\n<li>Erstellt euch einen ausf\u00fchrlichen Reiseplan mit Kosten\u00fcbersicht, Angaben zu Reiseverbindungen und Kontaktdaten mit allen Ansprechpartnern. Somit habt ihr alle obligatorischen Informationen zu jeder Zeit griffbereit.<\/li>\n<\/ul>\n\n\n\n<h3 class=\"wp-block-heading\">Mehr zum Thema Reiseart:<\/h3>\n\n\n\n<p><a href=\"https:\/\/www.sonnenklar.tv\/blog\/reiselexikon\/backpacking-bedeutung\/\">Backpacking<\/a> \u00a0\u00a0 <a href=\"https:\/\/www.sonnenklar.tv\/blog\/reiselexikon\/cluburlaub-bedeutung\/\" target=\"_blank\" rel=\"noreferrer noopener\">Cluburlaub<\/a> \u00a0 \u00a0<a href=\"https:\/\/www.sonnenklar.tv\/blog\/reiselexikon\/glamping-bedeutung\/\">Glamping<\/a>\u00a0 \u00a0\u00a0<a href=\"https:\/\/www.sonnenklar.tv\/blog\/reiselexikon\/inselhopping-bedeutung\/\">Inselhopping<\/a>\u00a0 \u00a0 <a href=\"https:\/\/www.sonnenklar.tv\/blog\/reiselexikon\/kreuzfahrt-bedeutung\/\">Kreuzfahrt<\/a>\u00a0 \u00a0 <a href=\"https:\/\/www.sonnenklar.tv\/blog\/reiselexikon\/langzeiturlaub-bedeutung\/\">Langzeiturlaub<\/a>\u00a0 \u00a0 <a href=\"https:\/\/www.sonnenklar.tv\/blog\/reiselexikon\/last-minute-bedeutung\/\">Last Minute<\/a>\u00a0 \u00a0 <a href=\"https:\/\/www.sonnenklar.tv\/blog\/reiselexikon\/pauschalreise-bedeutung\/\">Pauschalreise<\/a>\u00a0 \u00a0 <a href=\"https:\/\/www.sonnenklar.tv\/blog\/reiselexikon\/was-ist-ein-roadtrip\/\">Roadtrip<\/a><\/p>\n\n\n\n<p><a href=\"https:\/\/www.sonnenklar.tv\/blog\/reiselexikon\/\">&lt;&lt; Zur\u00fcck zum Reiselexikon<\/a><\/p>\n","protected":false},"excerpt":{"rendered":"<p>Individualreisen klingen nach Abenteuer, Spa\u00df und viel Freiheit. Kein Wunder, dass diese Reiseart besonders beliebt bei Backpackern und Reisenden ist, die Land und Leute am liebsten im Alleingang erkunden. Doch es gibt auch ein paar Dinge, die ihr bei der Planung ber\u00fccksichtigen m\u00fcsst. Wir haben f\u00fcr euch Vor- und Nachteile sowie hilfreiche Tipps f\u00fcr eure<\/p>\n","protected":false},"author":3,"featured_media":0,"parent":6051,"menu_order":0,"comment_status":"closed","ping_status":"closed","template":"","meta":{"footnotes":""},"class_list":["post-24477","page","type-page","status-publish"],"_links":{"self":[{"href":"https:\/\/www.sonnenklar.tv\/blog\/wp-json\/wp\/v2\/pages\/24477","targetHints":{"allow":["GET"]}}],"collection":[{"href":"https:\/\/www.sonnenklar.tv\/blog\/wp-json\/wp\/v2\/pages"}],"about":[{"href":"https:\/\/www.sonnenklar.tv\/blog\/wp-json\/wp\/v2\/types\/page"}],"author":[{"embeddable":true,"href":"https:\/\/www.sonnenklar.tv\/blog\/wp-json\/wp\/v2\/users\/3"}],"replies":[{"embeddable":true,"href":"https:\/\/www.sonnenklar.tv\/blog\/wp-json\/wp\/v2\/comments?post=24477"}],"version-history":[{"count":6,"href":"https:\/\/www.sonnenklar.tv\/blog\/wp-json\/wp\/v2\/pages\/24477\/revisions"}],"predecessor-version":[{"id":37629,"href":"https:\/\/www.sonnenklar.tv\/blog\/wp-json\/wp\/v2\/pages\/24477\/revisions\/37629"}],"up":[{"embeddable":true,"href":"https:\/\/www.sonnenklar.tv\/blog\/wp-json\/wp\/v2\/pages\/6051"}],"wp:attachment":[{"href":"https:\/\/www.sonnenklar.tv\/blog\/wp-json\/wp\/v2\/media?parent=24477"}],"curies":[{"name":"wp","href":"https:\/\/api.w.org\/{rel}","templated":true}]}}