{"id":24245,"date":"2023-06-15T14:44:50","date_gmt":"2023-06-15T13:44:50","guid":{"rendered":"https:\/\/www.sonnenklar.tv\/blog\/?page_id=24245"},"modified":"2025-12-12T16:14:44","modified_gmt":"2025-12-12T15:14:44","slug":"esta-bedeutung","status":"publish","type":"page","link":"https:\/\/www.sonnenklar.tv\/blog\/reiselexikon\/esta-bedeutung\/","title":{"rendered":"Was ist ESTA?"},"content":{"rendered":"<p><strong>Wer schon einmal in die USA eingereist ist, kennt die oft langwierige Prozedur bei der Einreise. Fr\u00fcher verteilte das Kabinenpersonal gegen Ende des Fluges gr\u00fcne Zettel mit dem Titel Visa Waiver Program, auf dem man diverse Fragen beantworten musste. Ab Januar 2009 wurden diese durch das Electronic System for Travel Authorization, kurz ESTA, ersetzt: Es erm\u00f6glicht Reisenden aus L\u00e4ndern, die am Visa Waiver Program teilnehmen, die einfache Einreise in die USA.<\/strong><\/p>\n<hr \/>\n<p><strong>Inhaltsverzeichnis<\/strong><\/p>\n<ul>\n<li style=\"list-style-type: none;\">\n<ul>\n<li><a href=\"#esta-bedeutung\">F\u00fcr was braucht man ein ESTA?<\/a><\/li>\n<li><a href=\"#esta-inhalt\">Was beinhaltet ein ESTA?<\/a><\/li>\n<li><a href=\"#esta-kosten\">Wie viel kostet ein ESTA?<\/a><\/li>\n<li><a href=\"#esta-gueltigkeit\">Wie lange ist ein ESTA g\u00fcltig?<\/a><\/li>\n<li><a href=\"#esta-antrag\">Wie wird ein ESTA beantragt?<\/a><\/li>\n<li><a href=\"#esta-visa\">Was ist der Unterschied zwischen ESTA und VISA?<\/a><\/li>\n<li><a href=\"#esta-was-beachten\">Was ist beim ESTA zu beachten?<\/a><\/li>\n<\/ul>\n<\/li>\n<\/ul>\n<hr \/>\n<h2><a name=\"esta-bedeutung\"><\/a>F\u00fcr was braucht man ein ESTA?<\/h2>\n<p>Das ESTA-Formular ben\u00f6tigen Reisende, die aus einem Land kommen, das ein Visa-Waiver-Abkommen mit den USA geschlossen hat, und die somit 90 Tage lang in die USA einreisen d\u00fcrfen, ohne ein Visum zu beantragen. Ihr braucht das ESTA \u00fcbrigens auch, wenn ihr die USA nur f\u00fcr einen Transit in ein anderes Land betretet. Zum Beispiel, wenn ihr \u00fcber die USA nach Australien fliegen wollt. Bis Oktober 2022 konnte man das ESTA umgehen, indem man \u00fcber den Landweg, also \u00fcber Kanada oder Mexiko, in die USA einreiste. Das ist nun nicht mehr m\u00f6glich und auch f\u00fcr diese F\u00e4lle m\u00fcsst ihr das ESTA-Formular ausf\u00fcllen und rechtzeitig an die US-Beh\u00f6rden \u00fcbermitteln.<\/p>\n<h2><a name=\"esta-inhalt\"><\/a>Was beinhaltet ein ESTA?<\/h2>\n<p>ESTA erlaubt euch nach der Genehmigung durch die US-Beh\u00f6rden, f\u00fcr die Dauer von zwei Jahren so oft in die USA einzureisen, wie ihr wollt. Allerdings muss euer Pass auch f\u00fcr die gesamte Dauer g\u00fcltig sein und keiner eurer Aufenthalte in diesem Zeitraum darf l\u00e4nger als 90 Tage sein. Der Antrag, den ihr online rechtzeitig vor eurer Reise an das US-Ministerium f\u00fcr Innere Sicherheit (Homeland Security) schicken m\u00fcsst, wird dort unter anderem mit Fahndungslisten abgeglichen und ihr werdet einmal durchleuchtet.<\/p>\n<h2><a name=\"esta-kosten\"><\/a>Wie viel kostet ein ESTA?<\/h2>\n<p>Wenn ihr ESTA \u00fcber die <a href=\"https:\/\/esta.cbp.dhs.gov\/\" target=\"_blank\" rel=\"noopener\">offizielle Webseite<\/a> beantragt, liegen die Kosten derzeit (Stand: Juni 2023) bei etwa 21,00 US-Dollar. Die k\u00f6nnt ihr mit eurer Kreditkarte oder \u00fcber PayPal bezahlen. Es gibt im Internet viele Agenturen, die euch Hilfe bei der Beantragung von ESTA anbieten. Die machen das nat\u00fcrlich nicht umsonst und verlangen von euch dann eine zus\u00e4tzliche Bearbeitungsgeb\u00fchr. Die k\u00f6nnt ihr euch in den meisten F\u00e4llen sparen: Die offizielle Webseite ist in vielen Sprachen, darunter auch Deutsch, verf\u00fcgbar und erkl\u00e4rt euch eure Fragen sogar mit einem How-To-Video. Mit den ESTA-Geb\u00fchren werden unter anderem Marketingma\u00dfnahmen des US-amerikanischen Fremdenverkehrsamts finanziert.<\/p>\n<h2><a name=\"esta-gueltigkeit\"><\/a>Wie lange ist ein ESTA g\u00fcltig?<\/h2>\n<p>Euer ESTA ist bis zu zwei Jahre g\u00fcltig. Vorausgesetzt, euer Reisepass auch. Denn ESTA gilt nur in Verbindung mit einem g\u00fcltigen Reisepass. Euer Personalausweis gen\u00fcgt nicht zur Beantragung von ESTA. Die G\u00fcltigkeit kann auch von den US-Beh\u00f6rden verk\u00fcrzt werden. Daf\u00fcr m\u00fcsstet ihr aber im Land ziemlich groben Unfug anstellen. Im Zeitraum, in dem euer ESTA g\u00fcltig ist, d\u00fcrft ihr aber so oft ihr wollt in die USA einreisen, so lange euer jeweiliger Aufenthalt nicht l\u00e4nger als 90Tage dauert.<\/p>\n<h2><a name=\"esta-antrag\"><\/a>Wie wird ein ESTA beantragt?<\/h2>\n<p>Die Beantragung von ESTA erfolgt ausschlie\u00dflich digital. Dazu geht ihr am besten auf die <a href=\"https:\/\/esta.cbp.dhs.gov\/\" target=\"_blank\" rel=\"noopener\">offizielle Webseite<\/a>. Inzwischen ist diese auch als App f\u00fcr Android und iOS verf\u00fcgbar, sodass ihr den Antrag bequem von eurer Couch aus stellen k\u00f6nnt. Der Antrag ist sp\u00e4testens bis 72 Stunden vor der Einreise zu stellen. Das Ausf\u00fcllen dauert etwa 20 Minuten und die Genehmigung oder Ablehnung wird in der Regel zeitnah, oft innerhalb von Sekunden nach dem Abschicken, erteilt. Den Antrag k\u00f6nnen \u00fcbrigens auch Familienmitglieder oder auch die Mitarbeiter eures Vertrauens in eurem Reiseb\u00fcro f\u00fcr euch stellen.<\/p>\n<h2><a name=\"esta-visa\"><\/a>Was ist der Unterschied zwischen ESTA und VISA?<\/h2>\n<p>Der gro\u00dfe Unterschied ist zun\u00e4chst einmal das einfache Verfahren. Wie bereits erw\u00e4hnt stellt ihr den ESTA-Antrag bequem von zu Hause aus. Um ein Visum f\u00fcr die USA zu bekommen, m\u00fcsst ihr in das n\u00e4chstgelegene Konsulat in eurem Heimatland und den Antrag pers\u00f6nlich stellen. Daf\u00fcr hat ein Visum oft den Vorteil einer l\u00e4ngeren G\u00fcltigkeit. Ein Visum f\u00fcr die USA braucht ihr zum Beispiel dann, wenn ihr den USA studieren oder arbeiten wollt. ESTA erh\u00e4lt also im Prinzip jeder; ein Visum nur, wenn es einen triftigen Grund daf\u00fcr gibt und ihr nachweist, dass ihr die finanziellen Mittel habt, um einen l\u00e4ngeren Aufenthalt in den USA auch ohne staatliche Hilfe zu \u00fcberstehen.<\/p>\n<p><a href=\"https:\/\/www.sonnenklar.tv\/promo\/urlaub-usa.html\">Jetzt die besten Angebote f\u00fcr Urlaub in den USA finden und unkompliziert buchen.<\/a><\/p>\n<h2><a name=\"esta-was-beachten\"><\/a>Was ist beim ESTA zu beachten?<\/h2>\n<p>Bevor ihr den Antrag stellt, solltet ihr euch vergewissern, dass euer Reisepass g\u00fcltig und biometrisch ist. Ihr werdet bei der Stellung des Antrags teils sehr pers\u00f6nliche Dinge gefragt, auch diese solltet ihr wahrheitsgetreu beantworten. Ihr m\u00fcsst auch zumindest eure erste geplante Adresse in den USA angeben. Das muss aber nicht sofort bei Antragstellung gemacht werden, sondern kann zu einem sp\u00e4teren Zeitpunkt in eurem pers\u00f6nlichen Bereich unter eurer Registriernummer erfolgen. Selbst wenn ihr zu einem Business-Meeting in die USA fliegt, gebt ihr nicht die Adresse der Firma an, sondern die Adresse eures Hotels. Eine ESTA-Genehmigung ist \u00fcbrigens nicht zwingend euer Ticket zur Einreise. Diese Erlaubnis erteilt euch der Officer, der euch bei der Immigration \u00fcberpr\u00fcft. Allerdings kommt es extrem selten vor, dass diese Officer jemanden, der ein ESTA hat, zur\u00fcckweisen und nicht einreisen lassen.<\/p>\n<h3>Mehr zum Thema Dokumente:<\/h3>\n<p><a href=\"https:\/\/www.sonnenklar.tv\/blog\/reiselexikon\/e-ticket-bedeutung\/\">E-Ticket<\/a>\u00a0 \u00a0 <a href=\"https:\/\/www.sonnenklar.tv\/blog\/reiselexikon\/was-ist-ein-visum\/\">Visum<\/a>\u00a0 \u00a0 <a href=\"https:\/\/www.sonnenklar.tv\/blog\/reiselexikon\/voucher-bedeutung\/\">Voucher<\/a><\/p>\n<p><a href=\"https:\/\/www.sonnenklar.tv\/blog\/reiselexikon\/\">&lt;&lt; Zur\u00fcck zum Reiselexikon<\/a><\/p>\n","protected":false},"excerpt":{"rendered":"<p>Wer schon einmal in die USA eingereist ist, kennt die oft langwierige Prozedur bei der Einreise. Fr\u00fcher verteilte das Kabinenpersonal gegen Ende des Fluges gr\u00fcne Zettel mit dem Titel Visa Waiver Program, auf dem man diverse Fragen beantworten musste. Ab Januar 2009 wurden diese durch das Electronic System for Travel Authorization, kurz ESTA, ersetzt: Es<\/p>\n","protected":false},"author":3,"featured_media":0,"parent":6051,"menu_order":0,"comment_status":"closed","ping_status":"closed","template":"","meta":{"footnotes":""},"class_list":["post-24245","page","type-page","status-publish"],"_links":{"self":[{"href":"https:\/\/www.sonnenklar.tv\/blog\/wp-json\/wp\/v2\/pages\/24245","targetHints":{"allow":["GET"]}}],"collection":[{"href":"https:\/\/www.sonnenklar.tv\/blog\/wp-json\/wp\/v2\/pages"}],"about":[{"href":"https:\/\/www.sonnenklar.tv\/blog\/wp-json\/wp\/v2\/types\/page"}],"author":[{"embeddable":true,"href":"https:\/\/www.sonnenklar.tv\/blog\/wp-json\/wp\/v2\/users\/3"}],"replies":[{"embeddable":true,"href":"https:\/\/www.sonnenklar.tv\/blog\/wp-json\/wp\/v2\/comments?post=24245"}],"version-history":[{"count":6,"href":"https:\/\/www.sonnenklar.tv\/blog\/wp-json\/wp\/v2\/pages\/24245\/revisions"}],"predecessor-version":[{"id":37632,"href":"https:\/\/www.sonnenklar.tv\/blog\/wp-json\/wp\/v2\/pages\/24245\/revisions\/37632"}],"up":[{"embeddable":true,"href":"https:\/\/www.sonnenklar.tv\/blog\/wp-json\/wp\/v2\/pages\/6051"}],"wp:attachment":[{"href":"https:\/\/www.sonnenklar.tv\/blog\/wp-json\/wp\/v2\/media?parent=24245"}],"curies":[{"name":"wp","href":"https:\/\/api.w.org\/{rel}","templated":true}]}}